{"id":5512,"date":"2025-02-03T14:19:47","date_gmt":"2025-02-03T13:19:47","guid":{"rendered":"https:\/\/akatsukianime.com\/?post_type=product&#038;p=5512"},"modified":"2026-03-15T20:30:13","modified_gmt":"2026-03-15T19:30:13","slug":"figura-gojo-satoru-luminasta-jujutsu-kaisen-kaigyoku-gyokusetsu-strong-duo","status":"publish","type":"product","link":"https:\/\/akatsukianime.com\/en\/product\/figura-gojo-satoru-luminasta-jujutsu-kaisen-kaigyoku-gyokusetsu-strong-duo\/","title":{"rendered":"Figure Gojo Satoru Luminasta Jujutsu Kaisen Kaigyoku\/Gyokusetsu (Strong Duo)"},"content":{"rendered":"<p><strong>Product Description:<\/strong><\/p>\n<p>Satoru Gojo is one of the main protagonists of <em>Jujutsu Kaisen<\/em>. As a special grade sorcerer and master in the <em>Tokyo Metropolitan Curse Technical College<\/em>, is considered one of the most powerful thanks to his cursed technique <em>Limitless<\/em>His immense power has made him the target of numerous curses that seek to eliminate him.<\/p>\n<p>The figure line <em>Luminast<\/em> Sega presents Satoru Gojo with his appearance as a high school student, inspired by the upcoming season <em>Kaigyoku\/Gyokusetsu<\/em> from the anime.<\/p>\n<p><strong>Product Features:<\/strong><\/p>\n<ul>\n<li>Approximately 20cm high (20cm)<\/li>\n<li>Made of plastic<\/li>\n<li>Based on <em>Jujutsu Kaisen<\/em><\/li>\n<li>Part of the series <em>Luminast<\/em><\/li>\n<li>Highly detailed<\/li>\n<li>Non-articulated figure<\/li>\n<\/ul>\n<p><strong>Box contents:<\/strong><\/p>\n<ul>\n<li>Satoru Gojo Luminasta figure<\/li>\n<\/ul>","protected":false},"excerpt":{"rendered":"<p>Descripci\u00f3n del producto: Satoru Gojo es uno de los protagonistas principales de Jujutsu Kaisen. Como hechicero de grado especial y<\/p>","protected":false},"featured_media":5513,"template":"","meta":[],"product_cat":[92,101,65,61,48],"product_tag":[324,218,325,171],"class_list":{"0":"post-5512","1":"product","2":"type-product","3":"status-publish","4":"has-post-thumbnail","6":"product_cat-fabricante","7":"product_cat-elige-sega-goods-sega-goods","8":"product_cat-figuras","9":"product_cat-novedades","10":"product_cat-jujutsu-kaisen","11":"product_tag-gojo","12":"product_tag-luminasta","13":"product_tag-satoru","14":"product_tag-sega","16":"first","17":"instock","18":"sold-individually","19":"taxable","20":"shipping-taxable","21":"purchasable","22":"product-type-simple"},"yoast_head":"<!-- This site is optimized with the Yoast SEO plugin v24.2 - https:\/\/yoast.com\/wordpress\/plugins\/seo\/ -->\n<title>Figura Gojo Satoru Luminasta Jujutsu Kaisen Kaigyoku\/Gyokusetsu (Strong Duo) - Akatsuki anime store<\/title>\n<meta name=\"description\" content=\"Figura Luminasta de Satoru Gojo de Jujutsu Kaisen, basada en su juventud, con un dise\u00f1o detallado. \u00a1A\u00f1\u00e1dela a tu colecci\u00f3n!\" \/>\n<meta name=\"robots\" content=\"index, follow, max-snippet:-1, max-image-preview:large, max-video-preview:-1\" \/>\n<link rel=\"canonical\" href=\"https:\/\/akatsukianime.com\/en\/product\/figura-gojo-satoru-luminasta-jujutsu-kaisen-kaigyoku-gyokusetsu-strong-duo\/\" \/>\n<meta property=\"og:locale\" content=\"en_US\" \/>\n<meta property=\"og:type\" content=\"article\" \/>\n<meta property=\"og:title\" content=\"Figura Gojo Satoru Luminasta Jujutsu Kaisen Kaigyoku\/Gyokusetsu (Strong Duo) - Akatsuki anime store\" \/>\n<meta property=\"og:description\" content=\"Figura Luminasta de Satoru Gojo de Jujutsu Kaisen, basada en su juventud, con un dise\u00f1o detallado. \u00a1A\u00f1\u00e1dela a tu colecci\u00f3n!\" \/>\n<meta property=\"og:url\" content=\"https:\/\/akatsukianime.com\/en\/product\/figura-gojo-satoru-luminasta-jujutsu-kaisen-kaigyoku-gyokusetsu-strong-duo\/\" \/>\n<meta property=\"og:site_name\" content=\"Akatsuki anime store\" \/>\n<meta property=\"article:modified_time\" content=\"2026-03-15T19:30:13+00:00\" \/>\n<meta property=\"og:image\" content=\"https:\/\/akatsukianime.com\/wp-content\/uploads\/2025\/02\/Jujutsu-Kaisen-Kaigyoku_Gyokusetsu-Luminasta-Satoru-Gojo-Strong-Duo-Figure.jpg\" \/>\n\t<meta property=\"og:image:width\" content=\"1000\" \/>\n\t<meta property=\"og:image:height\" content=\"1000\" \/>\n\t<meta property=\"og:image:type\" content=\"image\/jpeg\" \/>\n<meta name=\"twitter:card\" content=\"summary_large_image\" \/>\n<meta name=\"twitter:label1\" content=\"Est. reading time\" \/>\n\t<meta name=\"twitter:data1\" content=\"1 minute\" \/>\n<script type=\"application\/ld+json\" class=\"yoast-schema-graph\">{\"@context\":\"https:\/\/schema.org\",\"@graph\":[{\"@type\":[\"WebPage\",\"ItemPage\"],\"@id\":\"https:\/\/akatsukianime.com\/product\/figura-gojo-satoru-luminasta-jujutsu-kaisen-kaigyoku-gyokusetsu-strong-duo\/\",\"url\":\"https:\/\/akatsukianime.com\/product\/figura-gojo-satoru-luminasta-jujutsu-kaisen-kaigyoku-gyokusetsu-strong-duo\/\",\"name\":\"Figura Gojo Satoru Luminasta Jujutsu Kaisen Kaigyoku\/Gyokusetsu (Strong Duo) - Akatsuki anime store\",\"isPartOf\":{\"@id\":\"https:\/\/akatsukianime.com\/#website\"},\"primaryImageOfPage\":{\"@id\":\"https:\/\/akatsukianime.com\/product\/figura-gojo-satoru-luminasta-jujutsu-kaisen-kaigyoku-gyokusetsu-strong-duo\/#primaryimage\"},\"image\":{\"@id\":\"https:\/\/akatsukianime.com\/product\/figura-gojo-satoru-luminasta-jujutsu-kaisen-kaigyoku-gyokusetsu-strong-duo\/#primaryimage\"},\"thumbnailUrl\":\"https:\/\/akatsukianime.com\/wp-content\/uploads\/2025\/02\/Jujutsu-Kaisen-Kaigyoku_Gyokusetsu-Luminasta-Satoru-Gojo-Strong-Duo-Figure.jpg\",\"datePublished\":\"2025-02-03T13:19:47+00:00\",\"dateModified\":\"2026-03-15T19:30:13+00:00\",\"description\":\"Figura Luminasta de Satoru Gojo de Jujutsu Kaisen, basada en su juventud, con un dise\u00f1o detallado. \u00a1A\u00f1\u00e1dela a tu colecci\u00f3n!\",\"breadcrumb\":{\"@id\":\"https:\/\/akatsukianime.com\/product\/figura-gojo-satoru-luminasta-jujutsu-kaisen-kaigyoku-gyokusetsu-strong-duo\/#breadcrumb\"},\"inLanguage\":\"en-US\",\"potentialAction\":[{\"@type\":\"ReadAction\",\"target\":[\"https:\/\/akatsukianime.com\/product\/figura-gojo-satoru-luminasta-jujutsu-kaisen-kaigyoku-gyokusetsu-strong-duo\/\"]}]},{\"@type\":\"ImageObject\",\"inLanguage\":\"en-US\",\"@id\":\"https:\/\/akatsukianime.com\/product\/figura-gojo-satoru-luminasta-jujutsu-kaisen-kaigyoku-gyokusetsu-strong-duo\/#primaryimage\",\"url\":\"https:\/\/akatsukianime.com\/wp-content\/uploads\/2025\/02\/Jujutsu-Kaisen-Kaigyoku_Gyokusetsu-Luminasta-Satoru-Gojo-Strong-Duo-Figure.jpg\",\"contentUrl\":\"https:\/\/akatsukianime.com\/wp-content\/uploads\/2025\/02\/Jujutsu-Kaisen-Kaigyoku_Gyokusetsu-Luminasta-Satoru-Gojo-Strong-Duo-Figure.jpg\",\"width\":1000,\"height\":1000,\"caption\":\"Figura Luminasta Satoru Gojo\"},{\"@type\":\"BreadcrumbList\",\"@id\":\"https:\/\/akatsukianime.com\/product\/figura-gojo-satoru-luminasta-jujutsu-kaisen-kaigyoku-gyokusetsu-strong-duo\/#breadcrumb\",\"itemListElement\":[{\"@type\":\"ListItem\",\"position\":1,\"name\":\"Portada\",\"item\":\"https:\/\/akatsukianime.com\/\"},{\"@type\":\"ListItem\",\"position\":2,\"name\":\"Tienda\",\"item\":\"https:\/\/akatsukianime.com\/tienda\/\"},{\"@type\":\"ListItem\",\"position\":3,\"name\":\"Figura Gojo Satoru Luminasta Jujutsu Kaisen Kaigyoku\/Gyokusetsu (Strong Duo)\"}]},{\"@type\":\"WebSite\",\"@id\":\"https:\/\/akatsukianime.com\/#website\",\"url\":\"https:\/\/akatsukianime.com\/\",\"name\":\"Akatsuki anime store\",\"description\":\"\",\"potentialAction\":[{\"@type\":\"SearchAction\",\"target\":{\"@type\":\"EntryPoint\",\"urlTemplate\":\"https:\/\/akatsukianime.com\/?s={search_term_string}\"},\"query-input\":{\"@type\":\"PropertyValueSpecification\",\"valueRequired\":true,\"valueName\":\"search_term_string\"}}],\"inLanguage\":\"en-US\"}]}<\/script>\n<!-- \/ Yoast SEO plugin. -->","yoast_head_json":{"title":"Figura Gojo Satoru Luminasta Jujutsu Kaisen Kaigyoku\/Gyokusetsu (Strong Duo) - Akatsuki anime store","description":"Figura Luminasta de Satoru Gojo de Jujutsu Kaisen, basada en su juventud, con un dise\u00f1o detallado. \u00a1A\u00f1\u00e1dela a tu colecci\u00f3n!","robots":{"index":"index","follow":"follow","max-snippet":"max-snippet:-1","max-image-preview":"max-image-preview:large","max-video-preview":"max-video-preview:-1"},"canonical":"https:\/\/akatsukianime.com\/en\/product\/figura-gojo-satoru-luminasta-jujutsu-kaisen-kaigyoku-gyokusetsu-strong-duo\/","og_locale":"en_US","og_type":"article","og_title":"Figura Gojo Satoru Luminasta Jujutsu Kaisen Kaigyoku\/Gyokusetsu (Strong Duo) - Akatsuki anime store","og_description":"Figura Luminasta de Satoru Gojo de Jujutsu Kaisen, basada en su juventud, con un dise\u00f1o detallado. \u00a1A\u00f1\u00e1dela a tu colecci\u00f3n!","og_url":"https:\/\/akatsukianime.com\/en\/product\/figura-gojo-satoru-luminasta-jujutsu-kaisen-kaigyoku-gyokusetsu-strong-duo\/","og_site_name":"Akatsuki anime store","article_modified_time":"2026-03-15T19:30:13+00:00","og_image":[{"width":1000,"height":1000,"url":"https:\/\/akatsukianime.com\/wp-content\/uploads\/2025\/02\/Jujutsu-Kaisen-Kaigyoku_Gyokusetsu-Luminasta-Satoru-Gojo-Strong-Duo-Figure.jpg","type":"image\/jpeg"}],"twitter_card":"summary_large_image","twitter_misc":{"Est. reading time":"1 minute"},"schema":{"@context":"https:\/\/schema.org","@graph":[{"@type":["WebPage","ItemPage"],"@id":"https:\/\/akatsukianime.com\/product\/figura-gojo-satoru-luminasta-jujutsu-kaisen-kaigyoku-gyokusetsu-strong-duo\/","url":"https:\/\/akatsukianime.com\/product\/figura-gojo-satoru-luminasta-jujutsu-kaisen-kaigyoku-gyokusetsu-strong-duo\/","name":"Figura Gojo Satoru Luminasta Jujutsu Kaisen Kaigyoku\/Gyokusetsu (Strong Duo) - Akatsuki anime store","isPartOf":{"@id":"https:\/\/akatsukianime.com\/#website"},"primaryImageOfPage":{"@id":"https:\/\/akatsukianime.com\/product\/figura-gojo-satoru-luminasta-jujutsu-kaisen-kaigyoku-gyokusetsu-strong-duo\/#primaryimage"},"image":{"@id":"https:\/\/akatsukianime.com\/product\/figura-gojo-satoru-luminasta-jujutsu-kaisen-kaigyoku-gyokusetsu-strong-duo\/#primaryimage"},"thumbnailUrl":"https:\/\/akatsukianime.com\/wp-content\/uploads\/2025\/02\/Jujutsu-Kaisen-Kaigyoku_Gyokusetsu-Luminasta-Satoru-Gojo-Strong-Duo-Figure.jpg","datePublished":"2025-02-03T13:19:47+00:00","dateModified":"2026-03-15T19:30:13+00:00","description":"Figura Luminasta de Satoru Gojo de Jujutsu Kaisen, basada en su juventud, con un dise\u00f1o detallado. \u00a1A\u00f1\u00e1dela a tu colecci\u00f3n!","breadcrumb":{"@id":"https:\/\/akatsukianime.com\/product\/figura-gojo-satoru-luminasta-jujutsu-kaisen-kaigyoku-gyokusetsu-strong-duo\/#breadcrumb"},"inLanguage":"en-US","potentialAction":[{"@type":"ReadAction","target":["https:\/\/akatsukianime.com\/product\/figura-gojo-satoru-luminasta-jujutsu-kaisen-kaigyoku-gyokusetsu-strong-duo\/"]}]},{"@type":"ImageObject","inLanguage":"en-US","@id":"https:\/\/akatsukianime.com\/product\/figura-gojo-satoru-luminasta-jujutsu-kaisen-kaigyoku-gyokusetsu-strong-duo\/#primaryimage","url":"https:\/\/akatsukianime.com\/wp-content\/uploads\/2025\/02\/Jujutsu-Kaisen-Kaigyoku_Gyokusetsu-Luminasta-Satoru-Gojo-Strong-Duo-Figure.jpg","contentUrl":"https:\/\/akatsukianime.com\/wp-content\/uploads\/2025\/02\/Jujutsu-Kaisen-Kaigyoku_Gyokusetsu-Luminasta-Satoru-Gojo-Strong-Duo-Figure.jpg","width":1000,"height":1000,"caption":"Figura Luminasta Satoru Gojo"},{"@type":"BreadcrumbList","@id":"https:\/\/akatsukianime.com\/product\/figura-gojo-satoru-luminasta-jujutsu-kaisen-kaigyoku-gyokusetsu-strong-duo\/#breadcrumb","itemListElement":[{"@type":"ListItem","position":1,"name":"Portada","item":"https:\/\/akatsukianime.com\/"},{"@type":"ListItem","position":2,"name":"Tienda","item":"https:\/\/akatsukianime.com\/tienda\/"},{"@type":"ListItem","position":3,"name":"Figura Gojo Satoru Luminasta Jujutsu Kaisen Kaigyoku\/Gyokusetsu (Strong Duo)"}]},{"@type":"WebSite","@id":"https:\/\/akatsukianime.com\/#website","url":"https:\/\/akatsukianime.com\/","name":"Akatsuki anime store","description":"","potentialAction":[{"@type":"SearchAction","target":{"@type":"EntryPoint","urlTemplate":"https:\/\/akatsukianime.com\/?s={search_term_string}"},"query-input":{"@type":"PropertyValueSpecification","valueRequired":true,"valueName":"search_term_string"}}],"inLanguage":"en-US"}]}},"jetpack_sharing_enabled":true,"_links":{"self":[{"href":"https:\/\/akatsukianime.com\/en\/wp-json\/wp\/v2\/product\/5512","targetHints":{"allow":["GET"]}}],"collection":[{"href":"https:\/\/akatsukianime.com\/en\/wp-json\/wp\/v2\/product"}],"about":[{"href":"https:\/\/akatsukianime.com\/en\/wp-json\/wp\/v2\/types\/product"}],"version-history":[{"count":2,"href":"https:\/\/akatsukianime.com\/en\/wp-json\/wp\/v2\/product\/5512\/revisions"}],"predecessor-version":[{"id":8243,"href":"https:\/\/akatsukianime.com\/en\/wp-json\/wp\/v2\/product\/5512\/revisions\/8243"}],"wp:featuredmedia":[{"embeddable":true,"href":"https:\/\/akatsukianime.com\/en\/wp-json\/wp\/v2\/media\/5513"}],"wp:attachment":[{"href":"https:\/\/akatsukianime.com\/en\/wp-json\/wp\/v2\/media?parent=5512"}],"wp:term":[{"taxonomy":"product_cat","embeddable":true,"href":"https:\/\/akatsukianime.com\/en\/wp-json\/wp\/v2\/product_cat?post=5512"},{"taxonomy":"product_tag","embeddable":true,"href":"https:\/\/akatsukianime.com\/en\/wp-json\/wp\/v2\/product_tag?post=5512"}],"curies":[{"name":"wp","href":"https:\/\/api.w.org\/{rel}","templated":true}]}}