{"id":5556,"date":"2025-02-06T18:41:34","date_gmt":"2025-02-06T17:41:34","guid":{"rendered":"https:\/\/akatsukianime.com\/?post_type=product&#038;p=5556"},"modified":"2025-05-23T13:04:08","modified_gmt":"2025-05-23T11:04:08","slug":"figura-fern-noodle-stopper-frieren-beyond-journeys-end","status":"publish","type":"product","link":"https:\/\/akatsukianime.com\/en\/product\/figura-fern-noodle-stopper-frieren-beyond-journeys-end\/","title":{"rendered":"Fern Noodle Stopper Frieren Figure: Beyond Journey&#039;s End"},"content":{"rendered":"<p><strong>Product Description:<\/strong><\/p>\n<p>FuRyu proudly presents a new figure from its popular series <em>Noodle Stopper<\/em>: <em>Fern<\/em>, of <em>Frieren: Beyond Journey&#039;s End<\/em>. Dressed in her classic attire, this figure combines detailed design with unique functionality. Don&#039;t miss the chance to add her to your collection!<\/p>\n<p>The figures <em>Noodle Stopper<\/em> They are designed to hold the lid of your instant ramen while it cooks, offering a perfect combination of utility and style.<\/p>\n<p><strong>Product Features:<\/strong><\/p>\n<ul>\n<li>16 cm high<\/li>\n<li>Made of ATBC-PVC<\/li>\n<li>Based on the anime <em>Frieren: Beyond Journey&#039;s End<\/em><\/li>\n<li>Part of the series <em>Noodle Stopper Figure<\/em><\/li>\n<li>Highly detailed<\/li>\n<li>Non-articulated figure<\/li>\n<\/ul>\n<p><strong>Box contents:<\/strong><\/p>\n<ul>\n<li>Fern Noodle Stopper Figure<\/li>\n<\/ul>","protected":false},"excerpt":{"rendered":"<p>Descripci\u00f3n del producto: FuRyu presenta con orgullo una nueva figura de su popular serie Noodle Stopper: Fern, de Frieren: Beyond<\/p>","protected":false},"featured_media":5557,"template":"","meta":[],"product_cat":[327,97,65,61,62],"product_tag":[328,239,329,304],"class_list":{"0":"post-5556","1":"product","2":"type-product","3":"status-publish","4":"has-post-thumbnail","6":"product_cat-sousou-no-frieren","7":"product_cat-furyu","8":"product_cat-figuras","9":"product_cat-novedades","10":"product_cat-ofertas","11":"product_tag-fern","12":"product_tag-furyu","13":"product_tag-noodle-stopper","14":"product_tag-sousou-no-frieren","16":"first","17":"instock","18":"sale","19":"sold-individually","20":"taxable","21":"shipping-taxable","22":"purchasable","23":"product-type-simple"},"yoast_head":"<!-- This site is optimized with the Yoast SEO plugin v24.2 - https:\/\/yoast.com\/wordpress\/plugins\/seo\/ -->\n<title>Figura Fern Noodle Stopper Frieren: Beyond Journey&#039;s End - Akatsuki anime store<\/title>\n<meta name=\"description\" content=\"Figura de Fern de Frieren: Beyond Journey\u2019s End, parte de la serie Noodle Stopper de FuRyu. Dise\u00f1o detallado con funci\u00f3n pr\u00e1ctica. \u00a1Agr\u00e9gala a tu colecci\u00f3n!\" \/>\n<meta name=\"robots\" content=\"index, follow, max-snippet:-1, max-image-preview:large, max-video-preview:-1\" \/>\n<link rel=\"canonical\" href=\"https:\/\/akatsukianime.com\/en\/product\/figura-fern-noodle-stopper-frieren-beyond-journeys-end\/\" \/>\n<meta property=\"og:locale\" content=\"en_US\" \/>\n<meta property=\"og:type\" content=\"article\" \/>\n<meta property=\"og:title\" content=\"Figura Fern Noodle Stopper Frieren: Beyond Journey&#039;s End - Akatsuki anime store\" \/>\n<meta property=\"og:description\" content=\"Figura de Fern de Frieren: Beyond Journey\u2019s End, parte de la serie Noodle Stopper de FuRyu. Dise\u00f1o detallado con funci\u00f3n pr\u00e1ctica. \u00a1Agr\u00e9gala a tu colecci\u00f3n!\" \/>\n<meta property=\"og:url\" content=\"https:\/\/akatsukianime.com\/en\/product\/figura-fern-noodle-stopper-frieren-beyond-journeys-end\/\" \/>\n<meta property=\"og:site_name\" content=\"Akatsuki anime store\" \/>\n<meta property=\"article:modified_time\" content=\"2025-05-23T11:04:08+00:00\" \/>\n<meta property=\"og:image\" content=\"https:\/\/akatsukianime.com\/wp-content\/uploads\/2025\/02\/Frieren-Beyond-Journeys-End-Noodle-Stopper-Estatua-PVC-Fern.jpg\" \/>\n\t<meta property=\"og:image:width\" content=\"1000\" \/>\n\t<meta property=\"og:image:height\" content=\"1000\" \/>\n\t<meta property=\"og:image:type\" content=\"image\/jpeg\" \/>\n<meta name=\"twitter:card\" content=\"summary_large_image\" \/>\n<meta name=\"twitter:label1\" content=\"Est. reading time\" \/>\n\t<meta name=\"twitter:data1\" content=\"1 minute\" \/>\n<script type=\"application\/ld+json\" class=\"yoast-schema-graph\">{\"@context\":\"https:\/\/schema.org\",\"@graph\":[{\"@type\":[\"WebPage\",\"ItemPage\"],\"@id\":\"https:\/\/akatsukianime.com\/product\/figura-fern-noodle-stopper-frieren-beyond-journeys-end\/\",\"url\":\"https:\/\/akatsukianime.com\/product\/figura-fern-noodle-stopper-frieren-beyond-journeys-end\/\",\"name\":\"Figura Fern Noodle Stopper Frieren: Beyond Journey's End - Akatsuki anime store\",\"isPartOf\":{\"@id\":\"https:\/\/akatsukianime.com\/#website\"},\"primaryImageOfPage\":{\"@id\":\"https:\/\/akatsukianime.com\/product\/figura-fern-noodle-stopper-frieren-beyond-journeys-end\/#primaryimage\"},\"image\":{\"@id\":\"https:\/\/akatsukianime.com\/product\/figura-fern-noodle-stopper-frieren-beyond-journeys-end\/#primaryimage\"},\"thumbnailUrl\":\"https:\/\/akatsukianime.com\/wp-content\/uploads\/2025\/02\/Frieren-Beyond-Journeys-End-Noodle-Stopper-Estatua-PVC-Fern.jpg\",\"datePublished\":\"2025-02-06T17:41:34+00:00\",\"dateModified\":\"2025-05-23T11:04:08+00:00\",\"description\":\"Figura de Fern de Frieren: Beyond Journey\u2019s End, parte de la serie Noodle Stopper de FuRyu. Dise\u00f1o detallado con funci\u00f3n pr\u00e1ctica. \u00a1Agr\u00e9gala a tu colecci\u00f3n!\",\"breadcrumb\":{\"@id\":\"https:\/\/akatsukianime.com\/product\/figura-fern-noodle-stopper-frieren-beyond-journeys-end\/#breadcrumb\"},\"inLanguage\":\"en-US\",\"potentialAction\":[{\"@type\":\"ReadAction\",\"target\":[\"https:\/\/akatsukianime.com\/product\/figura-fern-noodle-stopper-frieren-beyond-journeys-end\/\"]}]},{\"@type\":\"ImageObject\",\"inLanguage\":\"en-US\",\"@id\":\"https:\/\/akatsukianime.com\/product\/figura-fern-noodle-stopper-frieren-beyond-journeys-end\/#primaryimage\",\"url\":\"https:\/\/akatsukianime.com\/wp-content\/uploads\/2025\/02\/Frieren-Beyond-Journeys-End-Noodle-Stopper-Estatua-PVC-Fern.jpg\",\"contentUrl\":\"https:\/\/akatsukianime.com\/wp-content\/uploads\/2025\/02\/Frieren-Beyond-Journeys-End-Noodle-Stopper-Estatua-PVC-Fern.jpg\",\"width\":1000,\"height\":1000,\"caption\":\"Figura Fern Noodle Stopper\"},{\"@type\":\"BreadcrumbList\",\"@id\":\"https:\/\/akatsukianime.com\/product\/figura-fern-noodle-stopper-frieren-beyond-journeys-end\/#breadcrumb\",\"itemListElement\":[{\"@type\":\"ListItem\",\"position\":1,\"name\":\"Portada\",\"item\":\"https:\/\/akatsukianime.com\/\"},{\"@type\":\"ListItem\",\"position\":2,\"name\":\"Tienda\",\"item\":\"https:\/\/akatsukianime.com\/tienda\/\"},{\"@type\":\"ListItem\",\"position\":3,\"name\":\"Figura Fern Noodle Stopper Frieren: Beyond Journey&#8217;s End\"}]},{\"@type\":\"WebSite\",\"@id\":\"https:\/\/akatsukianime.com\/#website\",\"url\":\"https:\/\/akatsukianime.com\/\",\"name\":\"Akatsuki anime store\",\"description\":\"\",\"potentialAction\":[{\"@type\":\"SearchAction\",\"target\":{\"@type\":\"EntryPoint\",\"urlTemplate\":\"https:\/\/akatsukianime.com\/?s={search_term_string}\"},\"query-input\":{\"@type\":\"PropertyValueSpecification\",\"valueRequired\":true,\"valueName\":\"search_term_string\"}}],\"inLanguage\":\"en-US\"}]}<\/script>\n<!-- \/ Yoast SEO plugin. -->","yoast_head_json":{"title":"Figura Fern Noodle Stopper Frieren: Beyond Journey's End - Akatsuki anime store","description":"Figura de Fern de Frieren: Beyond Journey\u2019s End, parte de la serie Noodle Stopper de FuRyu. Dise\u00f1o detallado con funci\u00f3n pr\u00e1ctica. \u00a1Agr\u00e9gala a tu colecci\u00f3n!","robots":{"index":"index","follow":"follow","max-snippet":"max-snippet:-1","max-image-preview":"max-image-preview:large","max-video-preview":"max-video-preview:-1"},"canonical":"https:\/\/akatsukianime.com\/en\/product\/figura-fern-noodle-stopper-frieren-beyond-journeys-end\/","og_locale":"en_US","og_type":"article","og_title":"Figura Fern Noodle Stopper Frieren: Beyond Journey's End - Akatsuki anime store","og_description":"Figura de Fern de Frieren: Beyond Journey\u2019s End, parte de la serie Noodle Stopper de FuRyu. Dise\u00f1o detallado con funci\u00f3n pr\u00e1ctica. \u00a1Agr\u00e9gala a tu colecci\u00f3n!","og_url":"https:\/\/akatsukianime.com\/en\/product\/figura-fern-noodle-stopper-frieren-beyond-journeys-end\/","og_site_name":"Akatsuki anime store","article_modified_time":"2025-05-23T11:04:08+00:00","og_image":[{"width":1000,"height":1000,"url":"https:\/\/akatsukianime.com\/wp-content\/uploads\/2025\/02\/Frieren-Beyond-Journeys-End-Noodle-Stopper-Estatua-PVC-Fern.jpg","type":"image\/jpeg"}],"twitter_card":"summary_large_image","twitter_misc":{"Est. reading time":"1 minute"},"schema":{"@context":"https:\/\/schema.org","@graph":[{"@type":["WebPage","ItemPage"],"@id":"https:\/\/akatsukianime.com\/product\/figura-fern-noodle-stopper-frieren-beyond-journeys-end\/","url":"https:\/\/akatsukianime.com\/product\/figura-fern-noodle-stopper-frieren-beyond-journeys-end\/","name":"Figura Fern Noodle Stopper Frieren: Beyond Journey's End - Akatsuki anime store","isPartOf":{"@id":"https:\/\/akatsukianime.com\/#website"},"primaryImageOfPage":{"@id":"https:\/\/akatsukianime.com\/product\/figura-fern-noodle-stopper-frieren-beyond-journeys-end\/#primaryimage"},"image":{"@id":"https:\/\/akatsukianime.com\/product\/figura-fern-noodle-stopper-frieren-beyond-journeys-end\/#primaryimage"},"thumbnailUrl":"https:\/\/akatsukianime.com\/wp-content\/uploads\/2025\/02\/Frieren-Beyond-Journeys-End-Noodle-Stopper-Estatua-PVC-Fern.jpg","datePublished":"2025-02-06T17:41:34+00:00","dateModified":"2025-05-23T11:04:08+00:00","description":"Figura de Fern de Frieren: Beyond Journey\u2019s End, parte de la serie Noodle Stopper de FuRyu. Dise\u00f1o detallado con funci\u00f3n pr\u00e1ctica. \u00a1Agr\u00e9gala a tu colecci\u00f3n!","breadcrumb":{"@id":"https:\/\/akatsukianime.com\/product\/figura-fern-noodle-stopper-frieren-beyond-journeys-end\/#breadcrumb"},"inLanguage":"en-US","potentialAction":[{"@type":"ReadAction","target":["https:\/\/akatsukianime.com\/product\/figura-fern-noodle-stopper-frieren-beyond-journeys-end\/"]}]},{"@type":"ImageObject","inLanguage":"en-US","@id":"https:\/\/akatsukianime.com\/product\/figura-fern-noodle-stopper-frieren-beyond-journeys-end\/#primaryimage","url":"https:\/\/akatsukianime.com\/wp-content\/uploads\/2025\/02\/Frieren-Beyond-Journeys-End-Noodle-Stopper-Estatua-PVC-Fern.jpg","contentUrl":"https:\/\/akatsukianime.com\/wp-content\/uploads\/2025\/02\/Frieren-Beyond-Journeys-End-Noodle-Stopper-Estatua-PVC-Fern.jpg","width":1000,"height":1000,"caption":"Figura Fern Noodle Stopper"},{"@type":"BreadcrumbList","@id":"https:\/\/akatsukianime.com\/product\/figura-fern-noodle-stopper-frieren-beyond-journeys-end\/#breadcrumb","itemListElement":[{"@type":"ListItem","position":1,"name":"Portada","item":"https:\/\/akatsukianime.com\/"},{"@type":"ListItem","position":2,"name":"Tienda","item":"https:\/\/akatsukianime.com\/tienda\/"},{"@type":"ListItem","position":3,"name":"Figura Fern Noodle Stopper Frieren: Beyond Journey&#8217;s End"}]},{"@type":"WebSite","@id":"https:\/\/akatsukianime.com\/#website","url":"https:\/\/akatsukianime.com\/","name":"Akatsuki anime store","description":"","potentialAction":[{"@type":"SearchAction","target":{"@type":"EntryPoint","urlTemplate":"https:\/\/akatsukianime.com\/?s={search_term_string}"},"query-input":{"@type":"PropertyValueSpecification","valueRequired":true,"valueName":"search_term_string"}}],"inLanguage":"en-US"}]}},"jetpack_sharing_enabled":true,"_links":{"self":[{"href":"https:\/\/akatsukianime.com\/en\/wp-json\/wp\/v2\/product\/5556","targetHints":{"allow":["GET"]}}],"collection":[{"href":"https:\/\/akatsukianime.com\/en\/wp-json\/wp\/v2\/product"}],"about":[{"href":"https:\/\/akatsukianime.com\/en\/wp-json\/wp\/v2\/types\/product"}],"version-history":[{"count":2,"href":"https:\/\/akatsukianime.com\/en\/wp-json\/wp\/v2\/product\/5556\/revisions"}],"predecessor-version":[{"id":5564,"href":"https:\/\/akatsukianime.com\/en\/wp-json\/wp\/v2\/product\/5556\/revisions\/5564"}],"wp:featuredmedia":[{"embeddable":true,"href":"https:\/\/akatsukianime.com\/en\/wp-json\/wp\/v2\/media\/5557"}],"wp:attachment":[{"href":"https:\/\/akatsukianime.com\/en\/wp-json\/wp\/v2\/media?parent=5556"}],"wp:term":[{"taxonomy":"product_cat","embeddable":true,"href":"https:\/\/akatsukianime.com\/en\/wp-json\/wp\/v2\/product_cat?post=5556"},{"taxonomy":"product_tag","embeddable":true,"href":"https:\/\/akatsukianime.com\/en\/wp-json\/wp\/v2\/product_tag?post=5556"}],"curies":[{"name":"wp","href":"https:\/\/api.w.org\/{rel}","templated":true}]}}