{"id":5580,"date":"2025-02-13T17:48:00","date_gmt":"2025-02-13T16:48:00","guid":{"rendered":"https:\/\/akatsukianime.com\/?post_type=product&#038;p=5580"},"modified":"2026-01-21T18:53:32","modified_gmt":"2026-01-21T17:53:32","slug":"figura-kenshin-himura-luminasta-rurouni-kenshin","status":"publish","type":"product","link":"https:\/\/akatsukianime.com\/en\/product\/figura-kenshin-himura-luminasta-rurouni-kenshin\/","title":{"rendered":"Kenshin Himura Luminasta Rurouni Kenshin Figure"},"content":{"rendered":"<p data-start=\"0\" data-end=\"31\"><strong data-start=\"0\" data-end=\"29\">Product Description:<\/strong><\/p>\n<p data-start=\"33\" data-end=\"402\">From the popular anime <em data-start=\"56\" data-end=\"73\">Rurouni Kenshin<\/em> the figure arrives <em data-start=\"90\" data-end=\"116\">Luminast Kenshin Himura<\/em> from Sega. Standing nearly 6 inches tall, this impressive figure captures Kenshin in a dynamic battle pose, with his sword at the ready and flame effects at his feet as he unleashes a powerful battle cry. A must-have for fans of the legendary swordsman!<\/p>\n<p data-start=\"404\" data-end=\"439\"><strong data-start=\"404\" data-end=\"437\">Product Features:<\/strong><\/p>\n<ul data-start=\"440\" data-end=\"629\">\n<li data-start=\"440\" data-end=\"472\">15cm high<\/li>\n<li data-start=\"473\" data-end=\"494\">Made of plastic<\/li>\n<li data-start=\"495\" data-end=\"535\">Based on the anime <em data-start=\"516\" data-end=\"533\">Rurouni Kenshin<\/em><\/li>\n<li data-start=\"536\" data-end=\"580\">Part of the line of figures <em data-start=\"567\" data-end=\"578\">Luminast<\/em><\/li>\n<li data-start=\"581\" data-end=\"604\">Highly detailed<\/li>\n<li data-start=\"605\" data-end=\"629\">Non-articulated figure<\/li>\n<\/ul>\n<p data-start=\"631\" data-end=\"658\"><strong data-start=\"631\" data-end=\"656\">Box contents:<\/strong><\/p>\n<ul data-start=\"659\" data-end=\"687\">\n<li data-start=\"659\" data-end=\"687\">Kenshin Himura figure<\/li>\n<\/ul>","protected":false},"excerpt":{"rendered":"<p>Descripci\u00f3n del producto: Desde el popular anime Rurouni Kenshin llega la figura Luminasta Kenshin Himura de Sega. Con una altura<\/p>","protected":false},"featured_media":5582,"template":"","meta":[],"product_cat":[92,101,65,61,60],"product_tag":[331,330,218,171],"class_list":{"0":"post-5580","1":"product","2":"type-product","3":"status-publish","4":"has-post-thumbnail","6":"product_cat-fabricante","7":"product_cat-elige-sega-goods-sega-goods","8":"product_cat-figuras","9":"product_cat-novedades","10":"product_cat-otros","11":"product_tag-himura","12":"product_tag-kenshin","13":"product_tag-luminasta","14":"product_tag-sega","16":"first","17":"instock","18":"taxable","19":"shipping-taxable","20":"purchasable","21":"product-type-simple"},"yoast_head":"<!-- This site is optimized with the Yoast SEO plugin v24.2 - https:\/\/yoast.com\/wordpress\/plugins\/seo\/ -->\n<title>Figura Kenshin Himura Luminasta Rurouni Kenshin - Akatsuki anime store<\/title>\n<meta name=\"description\" content=\"Figura de Kenshin Himura de Rurouni Kenshin en una \u00e9pica pose con efectos de llamas. Parte de la serie Luminasta de Sega. \u00a1A\u00f1\u00e1dela a tu colecci\u00f3n!\" \/>\n<meta name=\"robots\" content=\"index, follow, max-snippet:-1, max-image-preview:large, max-video-preview:-1\" \/>\n<link rel=\"canonical\" href=\"https:\/\/akatsukianime.com\/en\/product\/figura-kenshin-himura-luminasta-rurouni-kenshin\/\" \/>\n<meta property=\"og:locale\" content=\"en_US\" \/>\n<meta property=\"og:type\" content=\"article\" \/>\n<meta property=\"og:title\" content=\"Figura Kenshin Himura Luminasta Rurouni Kenshin - Akatsuki anime store\" \/>\n<meta property=\"og:description\" content=\"Figura de Kenshin Himura de Rurouni Kenshin en una \u00e9pica pose con efectos de llamas. Parte de la serie Luminasta de Sega. \u00a1A\u00f1\u00e1dela a tu colecci\u00f3n!\" \/>\n<meta property=\"og:url\" content=\"https:\/\/akatsukianime.com\/en\/product\/figura-kenshin-himura-luminasta-rurouni-kenshin\/\" \/>\n<meta property=\"og:site_name\" content=\"Akatsuki anime store\" \/>\n<meta property=\"article:modified_time\" content=\"2026-01-21T17:53:32+00:00\" \/>\n<meta property=\"og:image\" content=\"https:\/\/akatsukianime.com\/wp-content\/uploads\/2025\/02\/Rurouni-Kenshin-Meiji-Swordsman-Romantic-Story-Luminasta-Kenshin-Himura.jpg\" \/>\n\t<meta property=\"og:image:width\" content=\"1000\" \/>\n\t<meta property=\"og:image:height\" content=\"1000\" \/>\n\t<meta property=\"og:image:type\" content=\"image\/jpeg\" \/>\n<meta name=\"twitter:card\" content=\"summary_large_image\" \/>\n<meta name=\"twitter:label1\" content=\"Est. reading time\" \/>\n\t<meta name=\"twitter:data1\" content=\"1 minute\" \/>\n<script type=\"application\/ld+json\" class=\"yoast-schema-graph\">{\"@context\":\"https:\/\/schema.org\",\"@graph\":[{\"@type\":[\"WebPage\",\"ItemPage\"],\"@id\":\"https:\/\/akatsukianime.com\/product\/figura-kenshin-himura-luminasta-rurouni-kenshin\/\",\"url\":\"https:\/\/akatsukianime.com\/product\/figura-kenshin-himura-luminasta-rurouni-kenshin\/\",\"name\":\"Figura Kenshin Himura Luminasta Rurouni Kenshin - Akatsuki anime store\",\"isPartOf\":{\"@id\":\"https:\/\/akatsukianime.com\/#website\"},\"primaryImageOfPage\":{\"@id\":\"https:\/\/akatsukianime.com\/product\/figura-kenshin-himura-luminasta-rurouni-kenshin\/#primaryimage\"},\"image\":{\"@id\":\"https:\/\/akatsukianime.com\/product\/figura-kenshin-himura-luminasta-rurouni-kenshin\/#primaryimage\"},\"thumbnailUrl\":\"https:\/\/akatsukianime.com\/wp-content\/uploads\/2025\/02\/Rurouni-Kenshin-Meiji-Swordsman-Romantic-Story-Luminasta-Kenshin-Himura.jpg\",\"datePublished\":\"2025-02-13T16:48:00+00:00\",\"dateModified\":\"2026-01-21T17:53:32+00:00\",\"description\":\"Figura de Kenshin Himura de Rurouni Kenshin en una \u00e9pica pose con efectos de llamas. Parte de la serie Luminasta de Sega. \u00a1A\u00f1\u00e1dela a tu colecci\u00f3n!\",\"breadcrumb\":{\"@id\":\"https:\/\/akatsukianime.com\/product\/figura-kenshin-himura-luminasta-rurouni-kenshin\/#breadcrumb\"},\"inLanguage\":\"en-US\",\"potentialAction\":[{\"@type\":\"ReadAction\",\"target\":[\"https:\/\/akatsukianime.com\/product\/figura-kenshin-himura-luminasta-rurouni-kenshin\/\"]}]},{\"@type\":\"ImageObject\",\"inLanguage\":\"en-US\",\"@id\":\"https:\/\/akatsukianime.com\/product\/figura-kenshin-himura-luminasta-rurouni-kenshin\/#primaryimage\",\"url\":\"https:\/\/akatsukianime.com\/wp-content\/uploads\/2025\/02\/Rurouni-Kenshin-Meiji-Swordsman-Romantic-Story-Luminasta-Kenshin-Himura.jpg\",\"contentUrl\":\"https:\/\/akatsukianime.com\/wp-content\/uploads\/2025\/02\/Rurouni-Kenshin-Meiji-Swordsman-Romantic-Story-Luminasta-Kenshin-Himura.jpg\",\"width\":1000,\"height\":1000,\"caption\":\"Kenshin Himura figura Luminasta\"},{\"@type\":\"BreadcrumbList\",\"@id\":\"https:\/\/akatsukianime.com\/product\/figura-kenshin-himura-luminasta-rurouni-kenshin\/#breadcrumb\",\"itemListElement\":[{\"@type\":\"ListItem\",\"position\":1,\"name\":\"Portada\",\"item\":\"https:\/\/akatsukianime.com\/\"},{\"@type\":\"ListItem\",\"position\":2,\"name\":\"Tienda\",\"item\":\"https:\/\/akatsukianime.com\/tienda\/\"},{\"@type\":\"ListItem\",\"position\":3,\"name\":\"Figura Kenshin Himura Luminasta Rurouni Kenshin\"}]},{\"@type\":\"WebSite\",\"@id\":\"https:\/\/akatsukianime.com\/#website\",\"url\":\"https:\/\/akatsukianime.com\/\",\"name\":\"Akatsuki anime store\",\"description\":\"\",\"potentialAction\":[{\"@type\":\"SearchAction\",\"target\":{\"@type\":\"EntryPoint\",\"urlTemplate\":\"https:\/\/akatsukianime.com\/?s={search_term_string}\"},\"query-input\":{\"@type\":\"PropertyValueSpecification\",\"valueRequired\":true,\"valueName\":\"search_term_string\"}}],\"inLanguage\":\"en-US\"}]}<\/script>\n<!-- \/ Yoast SEO plugin. -->","yoast_head_json":{"title":"Figura Kenshin Himura Luminasta Rurouni Kenshin - Akatsuki anime store","description":"Figura de Kenshin Himura de Rurouni Kenshin en una \u00e9pica pose con efectos de llamas. Parte de la serie Luminasta de Sega. \u00a1A\u00f1\u00e1dela a tu colecci\u00f3n!","robots":{"index":"index","follow":"follow","max-snippet":"max-snippet:-1","max-image-preview":"max-image-preview:large","max-video-preview":"max-video-preview:-1"},"canonical":"https:\/\/akatsukianime.com\/en\/product\/figura-kenshin-himura-luminasta-rurouni-kenshin\/","og_locale":"en_US","og_type":"article","og_title":"Figura Kenshin Himura Luminasta Rurouni Kenshin - Akatsuki anime store","og_description":"Figura de Kenshin Himura de Rurouni Kenshin en una \u00e9pica pose con efectos de llamas. Parte de la serie Luminasta de Sega. \u00a1A\u00f1\u00e1dela a tu colecci\u00f3n!","og_url":"https:\/\/akatsukianime.com\/en\/product\/figura-kenshin-himura-luminasta-rurouni-kenshin\/","og_site_name":"Akatsuki anime store","article_modified_time":"2026-01-21T17:53:32+00:00","og_image":[{"width":1000,"height":1000,"url":"https:\/\/akatsukianime.com\/wp-content\/uploads\/2025\/02\/Rurouni-Kenshin-Meiji-Swordsman-Romantic-Story-Luminasta-Kenshin-Himura.jpg","type":"image\/jpeg"}],"twitter_card":"summary_large_image","twitter_misc":{"Est. reading time":"1 minute"},"schema":{"@context":"https:\/\/schema.org","@graph":[{"@type":["WebPage","ItemPage"],"@id":"https:\/\/akatsukianime.com\/product\/figura-kenshin-himura-luminasta-rurouni-kenshin\/","url":"https:\/\/akatsukianime.com\/product\/figura-kenshin-himura-luminasta-rurouni-kenshin\/","name":"Figura Kenshin Himura Luminasta Rurouni Kenshin - Akatsuki anime store","isPartOf":{"@id":"https:\/\/akatsukianime.com\/#website"},"primaryImageOfPage":{"@id":"https:\/\/akatsukianime.com\/product\/figura-kenshin-himura-luminasta-rurouni-kenshin\/#primaryimage"},"image":{"@id":"https:\/\/akatsukianime.com\/product\/figura-kenshin-himura-luminasta-rurouni-kenshin\/#primaryimage"},"thumbnailUrl":"https:\/\/akatsukianime.com\/wp-content\/uploads\/2025\/02\/Rurouni-Kenshin-Meiji-Swordsman-Romantic-Story-Luminasta-Kenshin-Himura.jpg","datePublished":"2025-02-13T16:48:00+00:00","dateModified":"2026-01-21T17:53:32+00:00","description":"Figura de Kenshin Himura de Rurouni Kenshin en una \u00e9pica pose con efectos de llamas. Parte de la serie Luminasta de Sega. \u00a1A\u00f1\u00e1dela a tu colecci\u00f3n!","breadcrumb":{"@id":"https:\/\/akatsukianime.com\/product\/figura-kenshin-himura-luminasta-rurouni-kenshin\/#breadcrumb"},"inLanguage":"en-US","potentialAction":[{"@type":"ReadAction","target":["https:\/\/akatsukianime.com\/product\/figura-kenshin-himura-luminasta-rurouni-kenshin\/"]}]},{"@type":"ImageObject","inLanguage":"en-US","@id":"https:\/\/akatsukianime.com\/product\/figura-kenshin-himura-luminasta-rurouni-kenshin\/#primaryimage","url":"https:\/\/akatsukianime.com\/wp-content\/uploads\/2025\/02\/Rurouni-Kenshin-Meiji-Swordsman-Romantic-Story-Luminasta-Kenshin-Himura.jpg","contentUrl":"https:\/\/akatsukianime.com\/wp-content\/uploads\/2025\/02\/Rurouni-Kenshin-Meiji-Swordsman-Romantic-Story-Luminasta-Kenshin-Himura.jpg","width":1000,"height":1000,"caption":"Kenshin Himura figura Luminasta"},{"@type":"BreadcrumbList","@id":"https:\/\/akatsukianime.com\/product\/figura-kenshin-himura-luminasta-rurouni-kenshin\/#breadcrumb","itemListElement":[{"@type":"ListItem","position":1,"name":"Portada","item":"https:\/\/akatsukianime.com\/"},{"@type":"ListItem","position":2,"name":"Tienda","item":"https:\/\/akatsukianime.com\/tienda\/"},{"@type":"ListItem","position":3,"name":"Figura Kenshin Himura Luminasta Rurouni Kenshin"}]},{"@type":"WebSite","@id":"https:\/\/akatsukianime.com\/#website","url":"https:\/\/akatsukianime.com\/","name":"Akatsuki anime store","description":"","potentialAction":[{"@type":"SearchAction","target":{"@type":"EntryPoint","urlTemplate":"https:\/\/akatsukianime.com\/?s={search_term_string}"},"query-input":{"@type":"PropertyValueSpecification","valueRequired":true,"valueName":"search_term_string"}}],"inLanguage":"en-US"}]}},"jetpack_sharing_enabled":true,"_links":{"self":[{"href":"https:\/\/akatsukianime.com\/en\/wp-json\/wp\/v2\/product\/5580","targetHints":{"allow":["GET"]}}],"collection":[{"href":"https:\/\/akatsukianime.com\/en\/wp-json\/wp\/v2\/product"}],"about":[{"href":"https:\/\/akatsukianime.com\/en\/wp-json\/wp\/v2\/types\/product"}],"version-history":[{"count":2,"href":"https:\/\/akatsukianime.com\/en\/wp-json\/wp\/v2\/product\/5580\/revisions"}],"predecessor-version":[{"id":7103,"href":"https:\/\/akatsukianime.com\/en\/wp-json\/wp\/v2\/product\/5580\/revisions\/7103"}],"wp:featuredmedia":[{"embeddable":true,"href":"https:\/\/akatsukianime.com\/en\/wp-json\/wp\/v2\/media\/5582"}],"wp:attachment":[{"href":"https:\/\/akatsukianime.com\/en\/wp-json\/wp\/v2\/media?parent=5580"}],"wp:term":[{"taxonomy":"product_cat","embeddable":true,"href":"https:\/\/akatsukianime.com\/en\/wp-json\/wp\/v2\/product_cat?post=5580"},{"taxonomy":"product_tag","embeddable":true,"href":"https:\/\/akatsukianime.com\/en\/wp-json\/wp\/v2\/product_tag?post=5580"}],"curies":[{"name":"wp","href":"https:\/\/api.w.org\/{rel}","templated":true}]}}