{"id":5900,"date":"2025-05-29T18:36:00","date_gmt":"2025-05-29T16:36:00","guid":{"rendered":"https:\/\/akatsukianime.com\/?post_type=product&#038;p=5900"},"modified":"2025-12-18T00:52:42","modified_gmt":"2025-12-17T23:52:42","slug":"figura-dragon-ball-z-s-h-figuarts-medical-machine","status":"publish","type":"product","link":"https:\/\/akatsukianime.com\/en\/product\/figura-dragon-ball-z-s-h-figuarts-medical-machine\/","title":{"rendered":"Dragon Ball Z Figure SHFiguarts Medical Machine"},"content":{"rendered":"<p data-start=\"100\" data-end=\"131\"><strong data-start=\"100\" data-end=\"129\">Product Description:<\/strong><\/p>\n<p data-start=\"133\" data-end=\"424\">Relive one of the most memorable scenes from <em data-start=\"178\" data-end=\"193\">Dragon Ball Z<\/em> with the classic medical machine <strong data-start=\"227\" data-end=\"243\">SHFiguarts<\/strong>This incredible collector&#039;s item, with an approximate length of <strong data-start=\"311\" data-end=\"322\">13.5 cm<\/strong>, allows you to recreate the moment when Goku recovers after his intense battle, just like in the anime!<\/p>\n<p data-start=\"426\" data-end=\"727\">The design is full of details, including <strong data-start=\"471\" data-end=\"497\">sequential LED lights<\/strong> that simulate the bubbling effect of the restorative fluid. Head pieces and facial expressions are also included. <strong data-start=\"617\" data-end=\"702\">Compatible with the SHFiguarts Son Goku figure \u2013 A Saiyan Raised on Earth<\/strong> (sold separately).<\/p>\n<p data-start=\"729\" data-end=\"861\">Ideal for recreating scenes with <strong data-start=\"764\" data-end=\"809\">Vegeta in his old combat uniform<\/strong> or any other figure from the SHFiguarts line.<\/p>\n<p data-start=\"863\" data-end=\"957\"><strong data-start=\"863\" data-end=\"957\">A must-have addition for any Dragon Ball Z fan and discerning collector!<\/strong><\/p>\n<hr data-start=\"959\" data-end=\"962\" \/>\n<p data-start=\"964\" data-end=\"999\"><strong data-start=\"964\" data-end=\"997\">Product Features:<\/strong><\/p>\n<ul data-start=\"1000\" data-end=\"1151\">\n<li data-start=\"1000\" data-end=\"1027\">\n<p data-start=\"1002\" data-end=\"1027\">Approx. 13.5 cm long<\/p>\n<\/li>\n<li data-start=\"1028\" data-end=\"1053\">\n<p data-start=\"1030\" data-end=\"1053\">Made of plastic<\/p>\n<\/li>\n<li data-start=\"1054\" data-end=\"1092\">\n<p data-start=\"1056\" data-end=\"1092\">Based on the anime <em data-start=\"1075\" data-end=\"1090\">Dragon Ball Z<\/em><\/p>\n<\/li>\n<li data-start=\"1093\" data-end=\"1127\">\n<p data-start=\"1095\" data-end=\"1127\">Part of the SHFiguarts line<\/p>\n<\/li>\n<li data-start=\"1128\" data-end=\"1151\">\n<p data-start=\"1130\" data-end=\"1151\">Highly detailed<\/p>\n<\/li>\n<\/ul>\n<hr data-start=\"1153\" data-end=\"1156\" \/>\n<p data-start=\"1158\" data-end=\"1185\"><strong data-start=\"1158\" data-end=\"1183\">Box contents:<\/strong><\/p>\n<ul data-start=\"1186\" data-end=\"1361\">\n<li data-start=\"1186\" data-end=\"1204\">\n<p data-start=\"1188\" data-end=\"1204\">Medical machine<\/p>\n<\/li>\n<li data-start=\"1205\" data-end=\"1223\">\n<p data-start=\"1207\" data-end=\"1223\">Set of tubes<\/p>\n<\/li>\n<li data-start=\"1224\" data-end=\"1284\">\n<p data-start=\"1226\" data-end=\"1284\">Extra head for Goku figure (sold separately)<\/p>\n<\/li>\n<li data-start=\"1285\" data-end=\"1361\">\n<p data-start=\"1287\" data-end=\"1361\">Additional facial expression parts for Goku (sold separately)<\/p>\n<\/li>\n<\/ul>","protected":false},"excerpt":{"rendered":"<p>Descripci\u00f3n del producto: \u00a1Revive una de las escenas m\u00e1s memorables de Dragon Ball Z con la m\u00e1quina m\u00e9dica (medical Machine)<\/p>","protected":false},"featured_media":5909,"template":"","meta":[],"product_cat":[275,91,65,61,62,44],"product_tag":[117,124,351,123,85],"class_list":{"0":"post-5900","1":"product","2":"type-product","3":"status-publish","4":"has-post-thumbnail","6":"product_cat-s-h-figuarts","7":"product_cat-tamashii-nations","8":"product_cat-figuras","9":"product_cat-novedades","10":"product_cat-ofertas","11":"product_cat-dragon-ball","12":"product_tag-dragon-ball-z","13":"product_tag-goku","14":"product_tag-medical-machine","15":"product_tag-sh-figuarts","16":"product_tag-tamashii-nations","18":"first","19":"instock","20":"sale","21":"sold-individually","22":"taxable","23":"shipping-taxable","24":"purchasable","25":"product-type-simple"},"yoast_head":"<!-- This site is optimized with the Yoast SEO plugin v24.2 - https:\/\/yoast.com\/wordpress\/plugins\/seo\/ -->\n<title>Figura Dragon Ball Z S.H.Figuarts Medical Machine - Akatsuki anime store<\/title>\n<meta name=\"description\" content=\"\u00a1Recrea la recuperaci\u00f3n \u00e9pica de Goku con esta Medical Machine de Dragon Ball Z de S.H.Figuarts, con luces LED y piezas extra para tu figura!\" \/>\n<meta name=\"robots\" content=\"index, follow, max-snippet:-1, max-image-preview:large, max-video-preview:-1\" \/>\n<link rel=\"canonical\" href=\"https:\/\/akatsukianime.com\/en\/product\/figura-dragon-ball-z-s-h-figuarts-medical-machine\/\" \/>\n<meta property=\"og:locale\" content=\"en_US\" \/>\n<meta property=\"og:type\" content=\"article\" \/>\n<meta property=\"og:title\" content=\"Figura Dragon Ball Z S.H.Figuarts Medical Machine - Akatsuki anime store\" \/>\n<meta property=\"og:description\" content=\"\u00a1Recrea la recuperaci\u00f3n \u00e9pica de Goku con esta Medical Machine de Dragon Ball Z de S.H.Figuarts, con luces LED y piezas extra para tu figura!\" \/>\n<meta property=\"og:url\" content=\"https:\/\/akatsukianime.com\/en\/product\/figura-dragon-ball-z-s-h-figuarts-medical-machine\/\" \/>\n<meta property=\"og:site_name\" content=\"Akatsuki anime store\" \/>\n<meta property=\"article:modified_time\" content=\"2025-12-17T23:52:42+00:00\" \/>\n<meta property=\"og:image\" content=\"https:\/\/akatsukianime.com\/wp-content\/uploads\/2025\/05\/Figura-Dragon-Ball-Z-S.H.Figuarts-Medical-Machine.jpg\" \/>\n\t<meta property=\"og:image:width\" content=\"1000\" \/>\n\t<meta property=\"og:image:height\" content=\"1000\" \/>\n\t<meta property=\"og:image:type\" content=\"image\/jpeg\" \/>\n<meta name=\"twitter:card\" content=\"summary_large_image\" \/>\n<meta name=\"twitter:label1\" content=\"Est. reading time\" \/>\n\t<meta name=\"twitter:data1\" content=\"2 minutes\" \/>\n<script type=\"application\/ld+json\" class=\"yoast-schema-graph\">{\"@context\":\"https:\/\/schema.org\",\"@graph\":[{\"@type\":[\"WebPage\",\"ItemPage\"],\"@id\":\"https:\/\/akatsukianime.com\/product\/figura-dragon-ball-z-s-h-figuarts-medical-machine\/\",\"url\":\"https:\/\/akatsukianime.com\/product\/figura-dragon-ball-z-s-h-figuarts-medical-machine\/\",\"name\":\"Figura Dragon Ball Z S.H.Figuarts Medical Machine - Akatsuki anime store\",\"isPartOf\":{\"@id\":\"https:\/\/akatsukianime.com\/#website\"},\"primaryImageOfPage\":{\"@id\":\"https:\/\/akatsukianime.com\/product\/figura-dragon-ball-z-s-h-figuarts-medical-machine\/#primaryimage\"},\"image\":{\"@id\":\"https:\/\/akatsukianime.com\/product\/figura-dragon-ball-z-s-h-figuarts-medical-machine\/#primaryimage\"},\"thumbnailUrl\":\"https:\/\/akatsukianime.com\/wp-content\/uploads\/2025\/05\/Figura-Dragon-Ball-Z-S.H.Figuarts-Medical-Machine.jpg\",\"datePublished\":\"2025-05-29T16:36:00+00:00\",\"dateModified\":\"2025-12-17T23:52:42+00:00\",\"description\":\"\u00a1Recrea la recuperaci\u00f3n \u00e9pica de Goku con esta Medical Machine de Dragon Ball Z de S.H.Figuarts, con luces LED y piezas extra para tu figura!\",\"breadcrumb\":{\"@id\":\"https:\/\/akatsukianime.com\/product\/figura-dragon-ball-z-s-h-figuarts-medical-machine\/#breadcrumb\"},\"inLanguage\":\"en-US\",\"potentialAction\":[{\"@type\":\"ReadAction\",\"target\":[\"https:\/\/akatsukianime.com\/product\/figura-dragon-ball-z-s-h-figuarts-medical-machine\/\"]}]},{\"@type\":\"ImageObject\",\"inLanguage\":\"en-US\",\"@id\":\"https:\/\/akatsukianime.com\/product\/figura-dragon-ball-z-s-h-figuarts-medical-machine\/#primaryimage\",\"url\":\"https:\/\/akatsukianime.com\/wp-content\/uploads\/2025\/05\/Figura-Dragon-Ball-Z-S.H.Figuarts-Medical-Machine.jpg\",\"contentUrl\":\"https:\/\/akatsukianime.com\/wp-content\/uploads\/2025\/05\/Figura-Dragon-Ball-Z-S.H.Figuarts-Medical-Machine.jpg\",\"width\":1000,\"height\":1000,\"caption\":\"Figura Dragon Ball Z S.H.Figuarts Medical Machine\"},{\"@type\":\"BreadcrumbList\",\"@id\":\"https:\/\/akatsukianime.com\/product\/figura-dragon-ball-z-s-h-figuarts-medical-machine\/#breadcrumb\",\"itemListElement\":[{\"@type\":\"ListItem\",\"position\":1,\"name\":\"Portada\",\"item\":\"https:\/\/akatsukianime.com\/\"},{\"@type\":\"ListItem\",\"position\":2,\"name\":\"Tienda\",\"item\":\"https:\/\/akatsukianime.com\/tienda\/\"},{\"@type\":\"ListItem\",\"position\":3,\"name\":\"Figura Dragon Ball Z S.H.Figuarts Medical Machine\"}]},{\"@type\":\"WebSite\",\"@id\":\"https:\/\/akatsukianime.com\/#website\",\"url\":\"https:\/\/akatsukianime.com\/\",\"name\":\"Akatsuki anime store\",\"description\":\"\",\"potentialAction\":[{\"@type\":\"SearchAction\",\"target\":{\"@type\":\"EntryPoint\",\"urlTemplate\":\"https:\/\/akatsukianime.com\/?s={search_term_string}\"},\"query-input\":{\"@type\":\"PropertyValueSpecification\",\"valueRequired\":true,\"valueName\":\"search_term_string\"}}],\"inLanguage\":\"en-US\"}]}<\/script>\n<!-- \/ Yoast SEO plugin. -->","yoast_head_json":{"title":"Figura Dragon Ball Z S.H.Figuarts Medical Machine - Akatsuki anime store","description":"\u00a1Recrea la recuperaci\u00f3n \u00e9pica de Goku con esta Medical Machine de Dragon Ball Z de S.H.Figuarts, con luces LED y piezas extra para tu figura!","robots":{"index":"index","follow":"follow","max-snippet":"max-snippet:-1","max-image-preview":"max-image-preview:large","max-video-preview":"max-video-preview:-1"},"canonical":"https:\/\/akatsukianime.com\/en\/product\/figura-dragon-ball-z-s-h-figuarts-medical-machine\/","og_locale":"en_US","og_type":"article","og_title":"Figura Dragon Ball Z S.H.Figuarts Medical Machine - Akatsuki anime store","og_description":"\u00a1Recrea la recuperaci\u00f3n \u00e9pica de Goku con esta Medical Machine de Dragon Ball Z de S.H.Figuarts, con luces LED y piezas extra para tu figura!","og_url":"https:\/\/akatsukianime.com\/en\/product\/figura-dragon-ball-z-s-h-figuarts-medical-machine\/","og_site_name":"Akatsuki anime store","article_modified_time":"2025-12-17T23:52:42+00:00","og_image":[{"width":1000,"height":1000,"url":"https:\/\/akatsukianime.com\/wp-content\/uploads\/2025\/05\/Figura-Dragon-Ball-Z-S.H.Figuarts-Medical-Machine.jpg","type":"image\/jpeg"}],"twitter_card":"summary_large_image","twitter_misc":{"Est. reading time":"2 minutes"},"schema":{"@context":"https:\/\/schema.org","@graph":[{"@type":["WebPage","ItemPage"],"@id":"https:\/\/akatsukianime.com\/product\/figura-dragon-ball-z-s-h-figuarts-medical-machine\/","url":"https:\/\/akatsukianime.com\/product\/figura-dragon-ball-z-s-h-figuarts-medical-machine\/","name":"Figura Dragon Ball Z S.H.Figuarts Medical Machine - Akatsuki anime store","isPartOf":{"@id":"https:\/\/akatsukianime.com\/#website"},"primaryImageOfPage":{"@id":"https:\/\/akatsukianime.com\/product\/figura-dragon-ball-z-s-h-figuarts-medical-machine\/#primaryimage"},"image":{"@id":"https:\/\/akatsukianime.com\/product\/figura-dragon-ball-z-s-h-figuarts-medical-machine\/#primaryimage"},"thumbnailUrl":"https:\/\/akatsukianime.com\/wp-content\/uploads\/2025\/05\/Figura-Dragon-Ball-Z-S.H.Figuarts-Medical-Machine.jpg","datePublished":"2025-05-29T16:36:00+00:00","dateModified":"2025-12-17T23:52:42+00:00","description":"\u00a1Recrea la recuperaci\u00f3n \u00e9pica de Goku con esta Medical Machine de Dragon Ball Z de S.H.Figuarts, con luces LED y piezas extra para tu figura!","breadcrumb":{"@id":"https:\/\/akatsukianime.com\/product\/figura-dragon-ball-z-s-h-figuarts-medical-machine\/#breadcrumb"},"inLanguage":"en-US","potentialAction":[{"@type":"ReadAction","target":["https:\/\/akatsukianime.com\/product\/figura-dragon-ball-z-s-h-figuarts-medical-machine\/"]}]},{"@type":"ImageObject","inLanguage":"en-US","@id":"https:\/\/akatsukianime.com\/product\/figura-dragon-ball-z-s-h-figuarts-medical-machine\/#primaryimage","url":"https:\/\/akatsukianime.com\/wp-content\/uploads\/2025\/05\/Figura-Dragon-Ball-Z-S.H.Figuarts-Medical-Machine.jpg","contentUrl":"https:\/\/akatsukianime.com\/wp-content\/uploads\/2025\/05\/Figura-Dragon-Ball-Z-S.H.Figuarts-Medical-Machine.jpg","width":1000,"height":1000,"caption":"Figura Dragon Ball Z S.H.Figuarts Medical Machine"},{"@type":"BreadcrumbList","@id":"https:\/\/akatsukianime.com\/product\/figura-dragon-ball-z-s-h-figuarts-medical-machine\/#breadcrumb","itemListElement":[{"@type":"ListItem","position":1,"name":"Portada","item":"https:\/\/akatsukianime.com\/"},{"@type":"ListItem","position":2,"name":"Tienda","item":"https:\/\/akatsukianime.com\/tienda\/"},{"@type":"ListItem","position":3,"name":"Figura Dragon Ball Z S.H.Figuarts Medical Machine"}]},{"@type":"WebSite","@id":"https:\/\/akatsukianime.com\/#website","url":"https:\/\/akatsukianime.com\/","name":"Akatsuki anime store","description":"","potentialAction":[{"@type":"SearchAction","target":{"@type":"EntryPoint","urlTemplate":"https:\/\/akatsukianime.com\/?s={search_term_string}"},"query-input":{"@type":"PropertyValueSpecification","valueRequired":true,"valueName":"search_term_string"}}],"inLanguage":"en-US"}]}},"jetpack_sharing_enabled":true,"_links":{"self":[{"href":"https:\/\/akatsukianime.com\/en\/wp-json\/wp\/v2\/product\/5900","targetHints":{"allow":["GET"]}}],"collection":[{"href":"https:\/\/akatsukianime.com\/en\/wp-json\/wp\/v2\/product"}],"about":[{"href":"https:\/\/akatsukianime.com\/en\/wp-json\/wp\/v2\/types\/product"}],"version-history":[{"count":1,"href":"https:\/\/akatsukianime.com\/en\/wp-json\/wp\/v2\/product\/5900\/revisions"}],"predecessor-version":[{"id":5911,"href":"https:\/\/akatsukianime.com\/en\/wp-json\/wp\/v2\/product\/5900\/revisions\/5911"}],"wp:featuredmedia":[{"embeddable":true,"href":"https:\/\/akatsukianime.com\/en\/wp-json\/wp\/v2\/media\/5909"}],"wp:attachment":[{"href":"https:\/\/akatsukianime.com\/en\/wp-json\/wp\/v2\/media?parent=5900"}],"wp:term":[{"taxonomy":"product_cat","embeddable":true,"href":"https:\/\/akatsukianime.com\/en\/wp-json\/wp\/v2\/product_cat?post=5900"},{"taxonomy":"product_tag","embeddable":true,"href":"https:\/\/akatsukianime.com\/en\/wp-json\/wp\/v2\/product_tag?post=5900"}],"curies":[{"name":"wp","href":"https:\/\/api.w.org\/{rel}","templated":true}]}}