{"id":6046,"date":"2025-07-02T19:25:37","date_gmt":"2025-07-02T17:25:37","guid":{"rendered":"https:\/\/akatsukianime.com\/?post_type=product&#038;p=6046"},"modified":"2026-02-14T16:39:48","modified_gmt":"2026-02-14T15:39:48","slug":"figura-jujutsu-kaisen-hidden-inventory-premature-death-figurizm-satoru-gojo","status":"publish","type":"product","link":"https:\/\/akatsukianime.com\/en\/product\/figura-jujutsu-kaisen-hidden-inventory-premature-death-figurizm-satoru-gojo\/","title":{"rendered":"Figure Jujutsu Kaisen Hidden Inventory Premature Death FiGURiZM Satoru Gojo"},"content":{"rendered":"<h3 data-start=\"232\" data-end=\"273\">\u2728 <strong data-start=\"238\" data-end=\"273\">Product Description:<\/strong><\/h3>\n<p data-start=\"275\" data-end=\"514\">The most powerful sorcerer from Jujutsu Kaisen bursts into your collection! Sega presents this impressive action figure. <strong data-start=\"388\" data-end=\"403\">Satoru Gojo<\/strong> in full use of his devastating technique <strong data-start=\"443\" data-end=\"481\">Cursed Technique Reversal: Red<\/strong>, part of the line <strong data-start=\"501\" data-end=\"513\">FiGURiZM<\/strong>.<\/p>\n<p data-start=\"516\" data-end=\"774\">Captured suspended in the air, upside down and surrounded by power, this 24cm Gojo perfectly captures the energy and style of the anime. A must-have display piece for any fan of the most feared blue-eyed sorcerer in the supernatural world.<\/p>\n<h3 data-start=\"781\" data-end=\"821\">\ud83d\udd27 <strong data-start=\"788\" data-end=\"821\">Product Features:<\/strong><\/h3>\n<ul data-start=\"823\" data-end=\"1003\">\n<li data-start=\"823\" data-end=\"856\">\n<p data-start=\"825\" data-end=\"856\">Height: 24 cm (9.45 inches)<\/p>\n<\/li>\n<li data-start=\"857\" data-end=\"879\">\n<p data-start=\"859\" data-end=\"879\">Material: Plastic<\/p>\n<\/li>\n<li data-start=\"880\" data-end=\"919\">\n<p data-start=\"882\" data-end=\"919\">Based on the anime <em data-start=\"901\" data-end=\"917\">Jujutsu Kaisen<\/em><\/p>\n<\/li>\n<li data-start=\"920\" data-end=\"943\">\n<p data-start=\"922\" data-end=\"943\">Line: <strong data-start=\"929\" data-end=\"941\">FiGURiZM<\/strong><\/p>\n<\/li>\n<li data-start=\"944\" data-end=\"968\">\n<p data-start=\"946\" data-end=\"968\">Non-articulated figure<\/p>\n<\/li>\n<li data-start=\"969\" data-end=\"1003\">\n<p data-start=\"971\" data-end=\"1003\">Impressive level of detail<\/p>\n<\/li>\n<\/ul>\n<h3 data-start=\"1010\" data-end=\"1042\">\ud83d\udce6 <strong data-start=\"1017\" data-end=\"1042\">Box contents:<\/strong><\/h3>\n<ul data-start=\"1044\" data-end=\"1088\">\n<li data-start=\"1044\" data-end=\"1088\">\n<p data-start=\"1046\" data-end=\"1088\">1 figure of <strong data-start=\"1058\" data-end=\"1073\">Satoru Gojo<\/strong> (Red Technique)<\/p>\n<\/li>\n<\/ul>","protected":false},"excerpt":{"rendered":"<p>\u2728 Product Description: The most powerful sorcerer from Jujutsu Kaisen bursts into your collection! Sega presents this impressive figure<\/p>","protected":false},"featured_media":6047,"template":"","meta":[],"product_cat":[101,65,61,48],"product_tag":[337,324,200,325,171],"class_list":{"0":"post-6046","1":"product","2":"type-product","3":"status-publish","4":"has-post-thumbnail","6":"product_cat-elige-sega-goods-sega-goods","7":"product_cat-figuras","8":"product_cat-novedades","9":"product_cat-jujutsu-kaisen","10":"product_tag-figura","11":"product_tag-gojo","12":"product_tag-jujutsu-kaisen","13":"product_tag-satoru","14":"product_tag-sega","16":"first","17":"instock","18":"sold-individually","19":"taxable","20":"shipping-taxable","21":"purchasable","22":"product-type-simple"},"yoast_head":"<!-- This site is optimized with the Yoast SEO plugin v24.2 - https:\/\/yoast.com\/wordpress\/plugins\/seo\/ -->\n<title>Figura Jujutsu Kaisen Hidden Inventory Premature Death FiGURiZM Satoru Gojo - Akatsuki anime store<\/title>\n<meta name=\"description\" content=\"Llega esta FiGURiZM de Satoru Gojo con pose a\u00e9rea \u00e9pica lanzando su t\u00e9cnica maldita ROJA. Detalles premium con una altura de 24cm. \u00a1\u00bfTe la vas a perder?\" \/>\n<meta name=\"robots\" content=\"index, follow, max-snippet:-1, max-image-preview:large, max-video-preview:-1\" \/>\n<link rel=\"canonical\" href=\"https:\/\/akatsukianime.com\/en\/product\/figura-jujutsu-kaisen-hidden-inventory-premature-death-figurizm-satoru-gojo\/\" \/>\n<meta property=\"og:locale\" content=\"en_US\" \/>\n<meta property=\"og:type\" content=\"article\" \/>\n<meta property=\"og:title\" content=\"Figura Jujutsu Kaisen Hidden Inventory Premature Death FiGURiZM Satoru Gojo - Akatsuki anime store\" \/>\n<meta property=\"og:description\" content=\"Llega esta FiGURiZM de Satoru Gojo con pose a\u00e9rea \u00e9pica lanzando su t\u00e9cnica maldita ROJA. Detalles premium con una altura de 24cm. \u00a1\u00bfTe la vas a perder?\" \/>\n<meta property=\"og:url\" content=\"https:\/\/akatsukianime.com\/en\/product\/figura-jujutsu-kaisen-hidden-inventory-premature-death-figurizm-satoru-gojo\/\" \/>\n<meta property=\"og:site_name\" content=\"Akatsuki anime store\" \/>\n<meta property=\"article:modified_time\" content=\"2026-02-14T15:39:48+00:00\" \/>\n<meta property=\"og:image\" content=\"https:\/\/akatsukianime.com\/wp-content\/uploads\/2025\/07\/Figura-Jujutsu-Kaisen-Hidden-Inventory-Premature-Death-FiGURiZM-Satoru-Gojo.jpg\" \/>\n\t<meta property=\"og:image:width\" content=\"1000\" \/>\n\t<meta property=\"og:image:height\" content=\"1000\" \/>\n\t<meta property=\"og:image:type\" content=\"image\/jpeg\" \/>\n<meta name=\"twitter:card\" content=\"summary_large_image\" \/>\n<meta name=\"twitter:label1\" content=\"Est. reading time\" \/>\n\t<meta name=\"twitter:data1\" content=\"1 minute\" \/>\n<script type=\"application\/ld+json\" class=\"yoast-schema-graph\">{\"@context\":\"https:\/\/schema.org\",\"@graph\":[{\"@type\":[\"WebPage\",\"ItemPage\"],\"@id\":\"https:\/\/akatsukianime.com\/product\/figura-jujutsu-kaisen-hidden-inventory-premature-death-figurizm-satoru-gojo\/\",\"url\":\"https:\/\/akatsukianime.com\/product\/figura-jujutsu-kaisen-hidden-inventory-premature-death-figurizm-satoru-gojo\/\",\"name\":\"Figura Jujutsu Kaisen Hidden Inventory Premature Death FiGURiZM Satoru Gojo - Akatsuki anime store\",\"isPartOf\":{\"@id\":\"https:\/\/akatsukianime.com\/#website\"},\"primaryImageOfPage\":{\"@id\":\"https:\/\/akatsukianime.com\/product\/figura-jujutsu-kaisen-hidden-inventory-premature-death-figurizm-satoru-gojo\/#primaryimage\"},\"image\":{\"@id\":\"https:\/\/akatsukianime.com\/product\/figura-jujutsu-kaisen-hidden-inventory-premature-death-figurizm-satoru-gojo\/#primaryimage\"},\"thumbnailUrl\":\"https:\/\/akatsukianime.com\/wp-content\/uploads\/2025\/07\/Figura-Jujutsu-Kaisen-Hidden-Inventory-Premature-Death-FiGURiZM-Satoru-Gojo.jpg\",\"datePublished\":\"2025-07-02T17:25:37+00:00\",\"dateModified\":\"2026-02-14T15:39:48+00:00\",\"description\":\"Llega esta FiGURiZM de Satoru Gojo con pose a\u00e9rea \u00e9pica lanzando su t\u00e9cnica maldita ROJA. Detalles premium con una altura de 24cm. \u00a1\u00bfTe la vas a perder?\",\"breadcrumb\":{\"@id\":\"https:\/\/akatsukianime.com\/product\/figura-jujutsu-kaisen-hidden-inventory-premature-death-figurizm-satoru-gojo\/#breadcrumb\"},\"inLanguage\":\"en-US\",\"potentialAction\":[{\"@type\":\"ReadAction\",\"target\":[\"https:\/\/akatsukianime.com\/product\/figura-jujutsu-kaisen-hidden-inventory-premature-death-figurizm-satoru-gojo\/\"]}]},{\"@type\":\"ImageObject\",\"inLanguage\":\"en-US\",\"@id\":\"https:\/\/akatsukianime.com\/product\/figura-jujutsu-kaisen-hidden-inventory-premature-death-figurizm-satoru-gojo\/#primaryimage\",\"url\":\"https:\/\/akatsukianime.com\/wp-content\/uploads\/2025\/07\/Figura-Jujutsu-Kaisen-Hidden-Inventory-Premature-Death-FiGURiZM-Satoru-Gojo.jpg\",\"contentUrl\":\"https:\/\/akatsukianime.com\/wp-content\/uploads\/2025\/07\/Figura-Jujutsu-Kaisen-Hidden-Inventory-Premature-Death-FiGURiZM-Satoru-Gojo.jpg\",\"width\":1000,\"height\":1000,\"caption\":\"Figura Jujutsu Kaisen Hidden Inventory Premature Death FiGURiZM Satoru Gojo\"},{\"@type\":\"BreadcrumbList\",\"@id\":\"https:\/\/akatsukianime.com\/product\/figura-jujutsu-kaisen-hidden-inventory-premature-death-figurizm-satoru-gojo\/#breadcrumb\",\"itemListElement\":[{\"@type\":\"ListItem\",\"position\":1,\"name\":\"Portada\",\"item\":\"https:\/\/akatsukianime.com\/\"},{\"@type\":\"ListItem\",\"position\":2,\"name\":\"Tienda\",\"item\":\"https:\/\/akatsukianime.com\/tienda\/\"},{\"@type\":\"ListItem\",\"position\":3,\"name\":\"Figura Jujutsu Kaisen Hidden Inventory Premature Death FiGURiZM Satoru Gojo\"}]},{\"@type\":\"WebSite\",\"@id\":\"https:\/\/akatsukianime.com\/#website\",\"url\":\"https:\/\/akatsukianime.com\/\",\"name\":\"Akatsuki anime store\",\"description\":\"\",\"potentialAction\":[{\"@type\":\"SearchAction\",\"target\":{\"@type\":\"EntryPoint\",\"urlTemplate\":\"https:\/\/akatsukianime.com\/?s={search_term_string}\"},\"query-input\":{\"@type\":\"PropertyValueSpecification\",\"valueRequired\":true,\"valueName\":\"search_term_string\"}}],\"inLanguage\":\"en-US\"}]}<\/script>\n<!-- \/ Yoast SEO plugin. -->","yoast_head_json":{"title":"Figura Jujutsu Kaisen Hidden Inventory Premature Death FiGURiZM Satoru Gojo - Akatsuki anime store","description":"Llega esta FiGURiZM de Satoru Gojo con pose a\u00e9rea \u00e9pica lanzando su t\u00e9cnica maldita ROJA. Detalles premium con una altura de 24cm. \u00a1\u00bfTe la vas a perder?","robots":{"index":"index","follow":"follow","max-snippet":"max-snippet:-1","max-image-preview":"max-image-preview:large","max-video-preview":"max-video-preview:-1"},"canonical":"https:\/\/akatsukianime.com\/en\/product\/figura-jujutsu-kaisen-hidden-inventory-premature-death-figurizm-satoru-gojo\/","og_locale":"en_US","og_type":"article","og_title":"Figura Jujutsu Kaisen Hidden Inventory Premature Death FiGURiZM Satoru Gojo - Akatsuki anime store","og_description":"Llega esta FiGURiZM de Satoru Gojo con pose a\u00e9rea \u00e9pica lanzando su t\u00e9cnica maldita ROJA. Detalles premium con una altura de 24cm. \u00a1\u00bfTe la vas a perder?","og_url":"https:\/\/akatsukianime.com\/en\/product\/figura-jujutsu-kaisen-hidden-inventory-premature-death-figurizm-satoru-gojo\/","og_site_name":"Akatsuki anime store","article_modified_time":"2026-02-14T15:39:48+00:00","og_image":[{"width":1000,"height":1000,"url":"https:\/\/akatsukianime.com\/wp-content\/uploads\/2025\/07\/Figura-Jujutsu-Kaisen-Hidden-Inventory-Premature-Death-FiGURiZM-Satoru-Gojo.jpg","type":"image\/jpeg"}],"twitter_card":"summary_large_image","twitter_misc":{"Est. reading time":"1 minute"},"schema":{"@context":"https:\/\/schema.org","@graph":[{"@type":["WebPage","ItemPage"],"@id":"https:\/\/akatsukianime.com\/product\/figura-jujutsu-kaisen-hidden-inventory-premature-death-figurizm-satoru-gojo\/","url":"https:\/\/akatsukianime.com\/product\/figura-jujutsu-kaisen-hidden-inventory-premature-death-figurizm-satoru-gojo\/","name":"Figura Jujutsu Kaisen Hidden Inventory Premature Death FiGURiZM Satoru Gojo - Akatsuki anime store","isPartOf":{"@id":"https:\/\/akatsukianime.com\/#website"},"primaryImageOfPage":{"@id":"https:\/\/akatsukianime.com\/product\/figura-jujutsu-kaisen-hidden-inventory-premature-death-figurizm-satoru-gojo\/#primaryimage"},"image":{"@id":"https:\/\/akatsukianime.com\/product\/figura-jujutsu-kaisen-hidden-inventory-premature-death-figurizm-satoru-gojo\/#primaryimage"},"thumbnailUrl":"https:\/\/akatsukianime.com\/wp-content\/uploads\/2025\/07\/Figura-Jujutsu-Kaisen-Hidden-Inventory-Premature-Death-FiGURiZM-Satoru-Gojo.jpg","datePublished":"2025-07-02T17:25:37+00:00","dateModified":"2026-02-14T15:39:48+00:00","description":"Llega esta FiGURiZM de Satoru Gojo con pose a\u00e9rea \u00e9pica lanzando su t\u00e9cnica maldita ROJA. Detalles premium con una altura de 24cm. \u00a1\u00bfTe la vas a perder?","breadcrumb":{"@id":"https:\/\/akatsukianime.com\/product\/figura-jujutsu-kaisen-hidden-inventory-premature-death-figurizm-satoru-gojo\/#breadcrumb"},"inLanguage":"en-US","potentialAction":[{"@type":"ReadAction","target":["https:\/\/akatsukianime.com\/product\/figura-jujutsu-kaisen-hidden-inventory-premature-death-figurizm-satoru-gojo\/"]}]},{"@type":"ImageObject","inLanguage":"en-US","@id":"https:\/\/akatsukianime.com\/product\/figura-jujutsu-kaisen-hidden-inventory-premature-death-figurizm-satoru-gojo\/#primaryimage","url":"https:\/\/akatsukianime.com\/wp-content\/uploads\/2025\/07\/Figura-Jujutsu-Kaisen-Hidden-Inventory-Premature-Death-FiGURiZM-Satoru-Gojo.jpg","contentUrl":"https:\/\/akatsukianime.com\/wp-content\/uploads\/2025\/07\/Figura-Jujutsu-Kaisen-Hidden-Inventory-Premature-Death-FiGURiZM-Satoru-Gojo.jpg","width":1000,"height":1000,"caption":"Figura Jujutsu Kaisen Hidden Inventory Premature Death FiGURiZM Satoru Gojo"},{"@type":"BreadcrumbList","@id":"https:\/\/akatsukianime.com\/product\/figura-jujutsu-kaisen-hidden-inventory-premature-death-figurizm-satoru-gojo\/#breadcrumb","itemListElement":[{"@type":"ListItem","position":1,"name":"Portada","item":"https:\/\/akatsukianime.com\/"},{"@type":"ListItem","position":2,"name":"Tienda","item":"https:\/\/akatsukianime.com\/tienda\/"},{"@type":"ListItem","position":3,"name":"Figura Jujutsu Kaisen Hidden Inventory Premature Death FiGURiZM Satoru Gojo"}]},{"@type":"WebSite","@id":"https:\/\/akatsukianime.com\/#website","url":"https:\/\/akatsukianime.com\/","name":"Akatsuki anime store","description":"","potentialAction":[{"@type":"SearchAction","target":{"@type":"EntryPoint","urlTemplate":"https:\/\/akatsukianime.com\/?s={search_term_string}"},"query-input":{"@type":"PropertyValueSpecification","valueRequired":true,"valueName":"search_term_string"}}],"inLanguage":"en-US"}]}},"jetpack_sharing_enabled":true,"_links":{"self":[{"href":"https:\/\/akatsukianime.com\/en\/wp-json\/wp\/v2\/product\/6046","targetHints":{"allow":["GET"]}}],"collection":[{"href":"https:\/\/akatsukianime.com\/en\/wp-json\/wp\/v2\/product"}],"about":[{"href":"https:\/\/akatsukianime.com\/en\/wp-json\/wp\/v2\/types\/product"}],"version-history":[{"count":2,"href":"https:\/\/akatsukianime.com\/en\/wp-json\/wp\/v2\/product\/6046\/revisions"}],"predecessor-version":[{"id":6131,"href":"https:\/\/akatsukianime.com\/en\/wp-json\/wp\/v2\/product\/6046\/revisions\/6131"}],"wp:featuredmedia":[{"embeddable":true,"href":"https:\/\/akatsukianime.com\/en\/wp-json\/wp\/v2\/media\/6047"}],"wp:attachment":[{"href":"https:\/\/akatsukianime.com\/en\/wp-json\/wp\/v2\/media?parent=6046"}],"wp:term":[{"taxonomy":"product_cat","embeddable":true,"href":"https:\/\/akatsukianime.com\/en\/wp-json\/wp\/v2\/product_cat?post=6046"},{"taxonomy":"product_tag","embeddable":true,"href":"https:\/\/akatsukianime.com\/en\/wp-json\/wp\/v2\/product_tag?post=6046"}],"curies":[{"name":"wp","href":"https:\/\/api.w.org\/{rel}","templated":true}]}}