{"id":6169,"date":"2025-08-05T18:24:02","date_gmt":"2025-08-05T16:24:02","guid":{"rendered":"https:\/\/akatsukianime.com\/?post_type=product&#038;p=6169"},"modified":"2026-01-24T20:26:56","modified_gmt":"2026-01-24T19:26:56","slug":"figura-okarun-dressta-transformed-dandadan","status":"publish","type":"product","link":"https:\/\/akatsukianime.com\/en\/product\/figura-okarun-dressta-transformed-dandadan\/","title":{"rendered":"Okarun Dressta Transformed Figure \u2013 Dandadan"},"content":{"rendered":"<h3 data-start=\"220\" data-end=\"256\">\u2728 Product description<\/h3>\n<p data-start=\"258\" data-end=\"610\">\u00a1Revive la intensidad de <em data-start=\"283\" data-end=\"293\">Dandadan<\/em> with the figure <strong data-start=\"308\" data-end=\"340\">Dressta Okarun (Transformed)<\/strong> de Taito! Esta impresionante pieza de m\u00e1s de 23\u202fcm captura a Okarun en su forma transformada, corriendo a toda velocidad sobre una base con tem\u00e1tica de azotea. Cada detalle, desde la pose din\u00e1mica hasta la expresi\u00f3n determinada, transmite toda la energ\u00eda de la serie.<\/p>\n<p data-start=\"612\" data-end=\"760\">Perfecta para coleccionistas y fans del anime, esta figura no articulada destaca por su fidelidad al dise\u00f1o original y su acabado de alta calidad.<\/p>\n<h3 data-start=\"767\" data-end=\"802\">\ud83d\udccf Product Features<\/h3>\n<ul data-start=\"804\" data-end=\"988\">\n<li data-start=\"804\" data-end=\"848\">\n<p data-start=\"806\" data-end=\"848\">Altura aproximada: 23\u202fcm (9.05\u202fpulgadas)<\/p>\n<\/li>\n<li data-start=\"849\" data-end=\"871\">\n<p data-start=\"851\" data-end=\"871\">Material: Plastic<\/p>\n<\/li>\n<li data-start=\"872\" data-end=\"905\">\n<p data-start=\"874\" data-end=\"905\">Based on the anime <em data-start=\"893\" data-end=\"903\">Dandadan<\/em><\/p>\n<\/li>\n<li data-start=\"906\" data-end=\"939\">\n<p data-start=\"908\" data-end=\"939\">Part of the series <strong data-start=\"926\" data-end=\"937\">Dressta<\/strong><\/p>\n<\/li>\n<li data-start=\"940\" data-end=\"970\">\n<p data-start=\"942\" data-end=\"970\">Figura altamente detallada<\/p>\n<\/li>\n<li data-start=\"971\" data-end=\"988\">\n<p data-start=\"973\" data-end=\"988\">Not articulated<\/p>\n<\/li>\n<\/ul>\n<h3 data-start=\"995\" data-end=\"1022\">\ud83d\udce6 Box contents<\/h3>\n<ul data-start=\"1024\" data-end=\"1059\">\n<li data-start=\"1024\" data-end=\"1059\">\n<p data-start=\"1026\" data-end=\"1059\">Figure <strong data-start=\"1033\" data-end=\"1057\">Okarun (Transformed)<\/strong><\/p>\n<\/li>\n<\/ul>","protected":false},"excerpt":{"rendered":"<p>\u2728 Descripci\u00f3n del producto \u00a1Revive la intensidad de Dandadan con la figura Dressta Okarun (Transformed) de Taito! Esta impresionante pieza<\/p>","protected":false},"featured_media":6175,"template":"","meta":[],"product_cat":[354,102,65,61],"product_tag":[333,369,334,370],"class_list":{"0":"post-6169","1":"product","2":"type-product","3":"status-publish","4":"has-post-thumbnail","6":"product_cat-dandadan","7":"product_cat-taito","8":"product_cat-figuras","9":"product_cat-novedades","10":"product_tag-dandadan","11":"product_tag-dressta","12":"product_tag-okarun","13":"product_tag-trasformed","15":"first","16":"instock","17":"sold-individually","18":"taxable","19":"shipping-taxable","20":"purchasable","21":"product-type-simple"},"yoast_head":"<!-- This site is optimized with the Yoast SEO plugin v24.2 - https:\/\/yoast.com\/wordpress\/plugins\/seo\/ -->\n<title>Figura Okarun Dressta Transformed \u2013 Dandadan - Akatsuki anime store<\/title>\n<meta name=\"description\" content=\"Figura Okarun Dressta Transformed de 23\u202fcm basada en Dandadan. Detalles din\u00e1micos y base tem\u00e1tica. \u00a1C\u00f3mprala y completa tu colecci\u00f3n!\" \/>\n<meta name=\"robots\" content=\"index, follow, max-snippet:-1, max-image-preview:large, max-video-preview:-1\" \/>\n<link rel=\"canonical\" href=\"https:\/\/akatsukianime.com\/en\/product\/figura-okarun-dressta-transformed-dandadan\/\" \/>\n<meta property=\"og:locale\" content=\"en_US\" \/>\n<meta property=\"og:type\" content=\"article\" \/>\n<meta property=\"og:title\" content=\"Figura Okarun Dressta Transformed \u2013 Dandadan - Akatsuki anime store\" \/>\n<meta property=\"og:description\" content=\"Figura Okarun Dressta Transformed de 23\u202fcm basada en Dandadan. Detalles din\u00e1micos y base tem\u00e1tica. \u00a1C\u00f3mprala y completa tu colecci\u00f3n!\" \/>\n<meta property=\"og:url\" content=\"https:\/\/akatsukianime.com\/en\/product\/figura-okarun-dressta-transformed-dandadan\/\" \/>\n<meta property=\"og:site_name\" content=\"Akatsuki anime store\" \/>\n<meta property=\"article:modified_time\" content=\"2026-01-24T19:26:56+00:00\" \/>\n<meta property=\"og:image\" content=\"https:\/\/akatsukianime.com\/wp-content\/uploads\/2025\/08\/Figura-Okarun-Dressta-Transformed-\u2013-Dandadan.jpg\" \/>\n\t<meta property=\"og:image:width\" content=\"1000\" \/>\n\t<meta property=\"og:image:height\" content=\"1000\" \/>\n\t<meta property=\"og:image:type\" content=\"image\/jpeg\" \/>\n<meta name=\"twitter:card\" content=\"summary_large_image\" \/>\n<meta name=\"twitter:label1\" content=\"Est. reading time\" \/>\n\t<meta name=\"twitter:data1\" content=\"1 minute\" \/>\n<script type=\"application\/ld+json\" class=\"yoast-schema-graph\">{\"@context\":\"https:\/\/schema.org\",\"@graph\":[{\"@type\":[\"WebPage\",\"ItemPage\"],\"@id\":\"https:\/\/akatsukianime.com\/product\/figura-okarun-dressta-transformed-dandadan\/\",\"url\":\"https:\/\/akatsukianime.com\/product\/figura-okarun-dressta-transformed-dandadan\/\",\"name\":\"Figura Okarun Dressta Transformed \u2013 Dandadan - Akatsuki anime store\",\"isPartOf\":{\"@id\":\"https:\/\/akatsukianime.com\/#website\"},\"primaryImageOfPage\":{\"@id\":\"https:\/\/akatsukianime.com\/product\/figura-okarun-dressta-transformed-dandadan\/#primaryimage\"},\"image\":{\"@id\":\"https:\/\/akatsukianime.com\/product\/figura-okarun-dressta-transformed-dandadan\/#primaryimage\"},\"thumbnailUrl\":\"https:\/\/akatsukianime.com\/wp-content\/uploads\/2025\/08\/Figura-Okarun-Dressta-Transformed-\u2013-Dandadan.jpg\",\"datePublished\":\"2025-08-05T16:24:02+00:00\",\"dateModified\":\"2026-01-24T19:26:56+00:00\",\"description\":\"Figura Okarun Dressta Transformed de 23\u202fcm basada en Dandadan. Detalles din\u00e1micos y base tem\u00e1tica. \u00a1C\u00f3mprala y completa tu colecci\u00f3n!\",\"breadcrumb\":{\"@id\":\"https:\/\/akatsukianime.com\/product\/figura-okarun-dressta-transformed-dandadan\/#breadcrumb\"},\"inLanguage\":\"en-US\",\"potentialAction\":[{\"@type\":\"ReadAction\",\"target\":[\"https:\/\/akatsukianime.com\/product\/figura-okarun-dressta-transformed-dandadan\/\"]}]},{\"@type\":\"ImageObject\",\"inLanguage\":\"en-US\",\"@id\":\"https:\/\/akatsukianime.com\/product\/figura-okarun-dressta-transformed-dandadan\/#primaryimage\",\"url\":\"https:\/\/akatsukianime.com\/wp-content\/uploads\/2025\/08\/Figura-Okarun-Dressta-Transformed-\u2013-Dandadan.jpg\",\"contentUrl\":\"https:\/\/akatsukianime.com\/wp-content\/uploads\/2025\/08\/Figura-Okarun-Dressta-Transformed-\u2013-Dandadan.jpg\",\"width\":1000,\"height\":1000,\"caption\":\"Figura Okarun Dressta Transformed \u2013 Dandadan\"},{\"@type\":\"BreadcrumbList\",\"@id\":\"https:\/\/akatsukianime.com\/product\/figura-okarun-dressta-transformed-dandadan\/#breadcrumb\",\"itemListElement\":[{\"@type\":\"ListItem\",\"position\":1,\"name\":\"Portada\",\"item\":\"https:\/\/akatsukianime.com\/\"},{\"@type\":\"ListItem\",\"position\":2,\"name\":\"Tienda\",\"item\":\"https:\/\/akatsukianime.com\/tienda\/\"},{\"@type\":\"ListItem\",\"position\":3,\"name\":\"Figura Okarun Dressta Transformed \u2013 Dandadan\"}]},{\"@type\":\"WebSite\",\"@id\":\"https:\/\/akatsukianime.com\/#website\",\"url\":\"https:\/\/akatsukianime.com\/\",\"name\":\"Akatsuki anime store\",\"description\":\"\",\"potentialAction\":[{\"@type\":\"SearchAction\",\"target\":{\"@type\":\"EntryPoint\",\"urlTemplate\":\"https:\/\/akatsukianime.com\/?s={search_term_string}\"},\"query-input\":{\"@type\":\"PropertyValueSpecification\",\"valueRequired\":true,\"valueName\":\"search_term_string\"}}],\"inLanguage\":\"en-US\"}]}<\/script>\n<!-- \/ Yoast SEO plugin. -->","yoast_head_json":{"title":"Figura Okarun Dressta Transformed \u2013 Dandadan - Akatsuki anime store","description":"Figura Okarun Dressta Transformed de 23\u202fcm basada en Dandadan. Detalles din\u00e1micos y base tem\u00e1tica. \u00a1C\u00f3mprala y completa tu colecci\u00f3n!","robots":{"index":"index","follow":"follow","max-snippet":"max-snippet:-1","max-image-preview":"max-image-preview:large","max-video-preview":"max-video-preview:-1"},"canonical":"https:\/\/akatsukianime.com\/en\/product\/figura-okarun-dressta-transformed-dandadan\/","og_locale":"en_US","og_type":"article","og_title":"Figura Okarun Dressta Transformed \u2013 Dandadan - Akatsuki anime store","og_description":"Figura Okarun Dressta Transformed de 23\u202fcm basada en Dandadan. Detalles din\u00e1micos y base tem\u00e1tica. \u00a1C\u00f3mprala y completa tu colecci\u00f3n!","og_url":"https:\/\/akatsukianime.com\/en\/product\/figura-okarun-dressta-transformed-dandadan\/","og_site_name":"Akatsuki anime store","article_modified_time":"2026-01-24T19:26:56+00:00","og_image":[{"width":1000,"height":1000,"url":"https:\/\/akatsukianime.com\/wp-content\/uploads\/2025\/08\/Figura-Okarun-Dressta-Transformed-\u2013-Dandadan.jpg","type":"image\/jpeg"}],"twitter_card":"summary_large_image","twitter_misc":{"Est. reading time":"1 minute"},"schema":{"@context":"https:\/\/schema.org","@graph":[{"@type":["WebPage","ItemPage"],"@id":"https:\/\/akatsukianime.com\/product\/figura-okarun-dressta-transformed-dandadan\/","url":"https:\/\/akatsukianime.com\/product\/figura-okarun-dressta-transformed-dandadan\/","name":"Figura Okarun Dressta Transformed \u2013 Dandadan - Akatsuki anime store","isPartOf":{"@id":"https:\/\/akatsukianime.com\/#website"},"primaryImageOfPage":{"@id":"https:\/\/akatsukianime.com\/product\/figura-okarun-dressta-transformed-dandadan\/#primaryimage"},"image":{"@id":"https:\/\/akatsukianime.com\/product\/figura-okarun-dressta-transformed-dandadan\/#primaryimage"},"thumbnailUrl":"https:\/\/akatsukianime.com\/wp-content\/uploads\/2025\/08\/Figura-Okarun-Dressta-Transformed-\u2013-Dandadan.jpg","datePublished":"2025-08-05T16:24:02+00:00","dateModified":"2026-01-24T19:26:56+00:00","description":"Figura Okarun Dressta Transformed de 23\u202fcm basada en Dandadan. Detalles din\u00e1micos y base tem\u00e1tica. \u00a1C\u00f3mprala y completa tu colecci\u00f3n!","breadcrumb":{"@id":"https:\/\/akatsukianime.com\/product\/figura-okarun-dressta-transformed-dandadan\/#breadcrumb"},"inLanguage":"en-US","potentialAction":[{"@type":"ReadAction","target":["https:\/\/akatsukianime.com\/product\/figura-okarun-dressta-transformed-dandadan\/"]}]},{"@type":"ImageObject","inLanguage":"en-US","@id":"https:\/\/akatsukianime.com\/product\/figura-okarun-dressta-transformed-dandadan\/#primaryimage","url":"https:\/\/akatsukianime.com\/wp-content\/uploads\/2025\/08\/Figura-Okarun-Dressta-Transformed-\u2013-Dandadan.jpg","contentUrl":"https:\/\/akatsukianime.com\/wp-content\/uploads\/2025\/08\/Figura-Okarun-Dressta-Transformed-\u2013-Dandadan.jpg","width":1000,"height":1000,"caption":"Figura Okarun Dressta Transformed \u2013 Dandadan"},{"@type":"BreadcrumbList","@id":"https:\/\/akatsukianime.com\/product\/figura-okarun-dressta-transformed-dandadan\/#breadcrumb","itemListElement":[{"@type":"ListItem","position":1,"name":"Portada","item":"https:\/\/akatsukianime.com\/"},{"@type":"ListItem","position":2,"name":"Tienda","item":"https:\/\/akatsukianime.com\/tienda\/"},{"@type":"ListItem","position":3,"name":"Figura Okarun Dressta Transformed \u2013 Dandadan"}]},{"@type":"WebSite","@id":"https:\/\/akatsukianime.com\/#website","url":"https:\/\/akatsukianime.com\/","name":"Akatsuki anime store","description":"","potentialAction":[{"@type":"SearchAction","target":{"@type":"EntryPoint","urlTemplate":"https:\/\/akatsukianime.com\/?s={search_term_string}"},"query-input":{"@type":"PropertyValueSpecification","valueRequired":true,"valueName":"search_term_string"}}],"inLanguage":"en-US"}]}},"jetpack_sharing_enabled":true,"_links":{"self":[{"href":"https:\/\/akatsukianime.com\/en\/wp-json\/wp\/v2\/product\/6169","targetHints":{"allow":["GET"]}}],"collection":[{"href":"https:\/\/akatsukianime.com\/en\/wp-json\/wp\/v2\/product"}],"about":[{"href":"https:\/\/akatsukianime.com\/en\/wp-json\/wp\/v2\/types\/product"}],"version-history":[{"count":1,"href":"https:\/\/akatsukianime.com\/en\/wp-json\/wp\/v2\/product\/6169\/revisions"}],"predecessor-version":[{"id":6170,"href":"https:\/\/akatsukianime.com\/en\/wp-json\/wp\/v2\/product\/6169\/revisions\/6170"}],"wp:featuredmedia":[{"embeddable":true,"href":"https:\/\/akatsukianime.com\/en\/wp-json\/wp\/v2\/media\/6175"}],"wp:attachment":[{"href":"https:\/\/akatsukianime.com\/en\/wp-json\/wp\/v2\/media?parent=6169"}],"wp:term":[{"taxonomy":"product_cat","embeddable":true,"href":"https:\/\/akatsukianime.com\/en\/wp-json\/wp\/v2\/product_cat?post=6169"},{"taxonomy":"product_tag","embeddable":true,"href":"https:\/\/akatsukianime.com\/en\/wp-json\/wp\/v2\/product_tag?post=6169"}],"curies":[{"name":"wp","href":"https:\/\/api.w.org\/{rel}","templated":true}]}}