{"id":6239,"date":"2025-09-22T17:01:38","date_gmt":"2025-09-22T15:01:38","guid":{"rendered":"https:\/\/akatsukianime.com\/?post_type=product&#038;p=6239"},"modified":"2025-09-22T17:01:57","modified_gmt":"2025-09-22T15:01:57","slug":"hggq-1-144-gquuuuuux-model-kit-gunpla","status":"publish","type":"product","link":"https:\/\/akatsukianime.com\/en\/product\/hggq-1-144-gquuuuuux-model-kit-gunpla\/","title":{"rendered":"HGGQ 1\/144 GQuuuuuuX MODEL KIT Gunpla"},"content":{"rendered":"<p data-start=\"153\" data-end=\"383\"><strong data-start=\"153\" data-end=\"181\">Product Description<\/strong><br data-start=\"181\" data-end=\"184\" \/>\u00a1Prep\u00e1rate para la acci\u00f3n con el impresionante Gunpla GQuuuuuuX de <em data-start=\"251\" data-end=\"271\">Mobile Suit Gundam<\/em>! Este kit a escala 1\/144 de Bandai captura toda la intensidad del nuevo anime <em data-start=\"350\" data-end=\"380\">Mobile Suit Gundam GQuuuuuuX<\/em>.<\/p>\n<p data-start=\"385\" data-end=\"653\">Una vez ensamblado, este Gunpla alcanza un nivel de articulaci\u00f3n extraordinario, permiti\u00e9ndote recrear poses din\u00e1micas y batallas ic\u00f3nicas. El set incluye piezas intercambiables, armas emblem\u00e1ticas y accesorios que elevan la experiencia de construcci\u00f3n y exhibici\u00f3n.<\/p>\n<p data-start=\"655\" data-end=\"918\">Con acabado de alta calidad en ABS y PVC, este modelo de la l\u00ednea <em data-start=\"721\" data-end=\"733\">High Grade<\/em> es ideal tanto para constructores novatos como para coleccionistas veteranos. A\u00f1ade al poderoso <strong data-start=\"830\" data-end=\"843\">GQuuuuuuX<\/strong> a tu colecci\u00f3n y revive la grandeza del universo Gundam en cada detalle.<\/p>\n<p data-start=\"719\" data-end=\"753\"><strong data-start=\"719\" data-end=\"751\">Product Features<\/strong><\/p>\n<ul data-start=\"754\" data-end=\"1013\">\n<li data-start=\"754\" data-end=\"770\">\n<p data-start=\"756\" data-end=\"770\">Scale 1\/144<\/p>\n<\/li>\n<li data-start=\"771\" data-end=\"812\">\n<p data-start=\"773\" data-end=\"812\">Made of high quality plastic<\/p>\n<\/li>\n<li data-start=\"813\" data-end=\"866\">\n<p data-start=\"815\" data-end=\"866\">Based on the anime <em data-start=\"834\" data-end=\"864\">Mobile Suit Gundam GQuuuuuuX<\/em><\/p>\n<\/li>\n<li data-start=\"867\" data-end=\"895\">\n<p data-start=\"869\" data-end=\"895\">Parte de la l\u00ednea Gunpla<\/p>\n<\/li>\n<li data-start=\"896\" data-end=\"945\">\n<p data-start=\"898\" data-end=\"945\">Multiple joints for dynamic poses<\/p>\n<\/li>\n<li data-start=\"946\" data-end=\"989\">\n<p data-start=\"948\" data-end=\"989\">Incluye accesorios y piezas adicionales<\/p>\n<\/li>\n<li data-start=\"990\" data-end=\"1013\">\n<p data-start=\"992\" data-end=\"1013\">Requiere ensamblaje<\/p>\n<\/li>\n<\/ul>\n<hr data-start=\"1015\" data-end=\"1018\" \/>\n<p data-start=\"1020\" data-end=\"1046\"><strong data-start=\"1020\" data-end=\"1044\">Box contents<\/strong><\/p>\n<ul data-start=\"1047\" data-end=\"1145\">\n<li data-start=\"1047\" data-end=\"1085\">\n<p data-start=\"1049\" data-end=\"1085\">Piezas para ensamblar el GQuuuuuuX<\/p>\n<\/li>\n<li data-start=\"1086\" data-end=\"1116\">\n<p data-start=\"1088\" data-end=\"1116\">Accesorios intercambiables<\/p>\n<\/li>\n<li data-start=\"1117\" data-end=\"1145\">\n<p data-start=\"1119\" data-end=\"1145\">Instrucciones de montaje<\/p>\n<\/li>\n<\/ul>","protected":false},"excerpt":{"rendered":"<p>Descripci\u00f3n del Producto\u00a1Prep\u00e1rate para la acci\u00f3n con el impresionante Gunpla GQuuuuuuX de Mobile Suit Gundam! Este kit a escala 1\/144<\/p>","protected":false},"featured_media":6241,"template":"","meta":[],"product_cat":[94,66,180,61,56],"product_tag":[116,372,109,319,371],"class_list":{"0":"post-6239","1":"product","2":"type-product","3":"status-publish","4":"has-post-thumbnail","6":"product_cat-bandai-hobby-site","7":"product_cat-model-kit","8":"product_cat-3-high-grade-1-144","9":"product_cat-novedades","10":"product_cat-gundam","11":"product_tag-1-144","12":"product_tag-gquuuuuux","13":"product_tag-gundam","14":"product_tag-gunpla","15":"product_tag-hg","17":"first","18":"instock","19":"sold-individually","20":"taxable","21":"shipping-taxable","22":"purchasable","23":"product-type-simple"},"yoast_head":"<!-- This site is optimized with the Yoast SEO plugin v24.2 - https:\/\/yoast.com\/wordpress\/plugins\/seo\/ -->\n<title>HGGQ 1\/144 GQuuuuuuX MODEL KIT Gunpla - Akatsuki anime store<\/title>\n<meta name=\"description\" content=\"\u00a1Construye al imponente GQuuuuuuX! Model kit a escala 1\/144 de Bandai, con gran articulaci\u00f3n y accesorios para poses \u00e9picas.\" \/>\n<meta name=\"robots\" content=\"index, follow, max-snippet:-1, max-image-preview:large, max-video-preview:-1\" \/>\n<link rel=\"canonical\" href=\"https:\/\/akatsukianime.com\/en\/product\/hggq-1-144-gquuuuuux-model-kit-gunpla\/\" \/>\n<meta property=\"og:locale\" content=\"en_US\" \/>\n<meta property=\"og:type\" content=\"article\" \/>\n<meta property=\"og:title\" content=\"HGGQ 1\/144 GQuuuuuuX MODEL KIT Gunpla - Akatsuki anime store\" \/>\n<meta property=\"og:description\" content=\"\u00a1Construye al imponente GQuuuuuuX! Model kit a escala 1\/144 de Bandai, con gran articulaci\u00f3n y accesorios para poses \u00e9picas.\" \/>\n<meta property=\"og:url\" content=\"https:\/\/akatsukianime.com\/en\/product\/hggq-1-144-gquuuuuux-model-kit-gunpla\/\" \/>\n<meta property=\"og:site_name\" content=\"Akatsuki anime store\" \/>\n<meta property=\"article:modified_time\" content=\"2025-09-22T15:01:57+00:00\" \/>\n<meta property=\"og:image\" content=\"https:\/\/akatsukianime.com\/wp-content\/uploads\/2025\/09\/HGGQ-1144-GQuuuuuuX-MODEL-KIT.jpg\" \/>\n\t<meta property=\"og:image:width\" content=\"1000\" \/>\n\t<meta property=\"og:image:height\" content=\"1000\" \/>\n\t<meta property=\"og:image:type\" content=\"image\/jpeg\" \/>\n<meta name=\"twitter:card\" content=\"summary_large_image\" \/>\n<meta name=\"twitter:label1\" content=\"Est. reading time\" \/>\n\t<meta name=\"twitter:data1\" content=\"1 minute\" \/>\n<script type=\"application\/ld+json\" class=\"yoast-schema-graph\">{\"@context\":\"https:\/\/schema.org\",\"@graph\":[{\"@type\":[\"WebPage\",\"ItemPage\"],\"@id\":\"https:\/\/akatsukianime.com\/product\/hggq-1-144-gquuuuuux-model-kit-gunpla\/\",\"url\":\"https:\/\/akatsukianime.com\/product\/hggq-1-144-gquuuuuux-model-kit-gunpla\/\",\"name\":\"HGGQ 1\/144 GQuuuuuuX MODEL KIT Gunpla - Akatsuki anime store\",\"isPartOf\":{\"@id\":\"https:\/\/akatsukianime.com\/#website\"},\"primaryImageOfPage\":{\"@id\":\"https:\/\/akatsukianime.com\/product\/hggq-1-144-gquuuuuux-model-kit-gunpla\/#primaryimage\"},\"image\":{\"@id\":\"https:\/\/akatsukianime.com\/product\/hggq-1-144-gquuuuuux-model-kit-gunpla\/#primaryimage\"},\"thumbnailUrl\":\"https:\/\/akatsukianime.com\/wp-content\/uploads\/2025\/09\/HGGQ-1144-GQuuuuuuX-MODEL-KIT.jpg\",\"datePublished\":\"2025-09-22T15:01:38+00:00\",\"dateModified\":\"2025-09-22T15:01:57+00:00\",\"description\":\"\u00a1Construye al imponente GQuuuuuuX! Model kit a escala 1\/144 de Bandai, con gran articulaci\u00f3n y accesorios para poses \u00e9picas.\",\"breadcrumb\":{\"@id\":\"https:\/\/akatsukianime.com\/product\/hggq-1-144-gquuuuuux-model-kit-gunpla\/#breadcrumb\"},\"inLanguage\":\"en-US\",\"potentialAction\":[{\"@type\":\"ReadAction\",\"target\":[\"https:\/\/akatsukianime.com\/product\/hggq-1-144-gquuuuuux-model-kit-gunpla\/\"]}]},{\"@type\":\"ImageObject\",\"inLanguage\":\"en-US\",\"@id\":\"https:\/\/akatsukianime.com\/product\/hggq-1-144-gquuuuuux-model-kit-gunpla\/#primaryimage\",\"url\":\"https:\/\/akatsukianime.com\/wp-content\/uploads\/2025\/09\/HGGQ-1144-GQuuuuuuX-MODEL-KIT.jpg\",\"contentUrl\":\"https:\/\/akatsukianime.com\/wp-content\/uploads\/2025\/09\/HGGQ-1144-GQuuuuuuX-MODEL-KIT.jpg\",\"width\":1000,\"height\":1000,\"caption\":\"HGGQ 1\/144 GQuuuuuuX MODEL KIT\"},{\"@type\":\"BreadcrumbList\",\"@id\":\"https:\/\/akatsukianime.com\/product\/hggq-1-144-gquuuuuux-model-kit-gunpla\/#breadcrumb\",\"itemListElement\":[{\"@type\":\"ListItem\",\"position\":1,\"name\":\"Portada\",\"item\":\"https:\/\/akatsukianime.com\/\"},{\"@type\":\"ListItem\",\"position\":2,\"name\":\"Tienda\",\"item\":\"https:\/\/akatsukianime.com\/tienda\/\"},{\"@type\":\"ListItem\",\"position\":3,\"name\":\"HGGQ 1\/144 GQuuuuuuX MODEL KIT Gunpla\"}]},{\"@type\":\"WebSite\",\"@id\":\"https:\/\/akatsukianime.com\/#website\",\"url\":\"https:\/\/akatsukianime.com\/\",\"name\":\"Akatsuki anime store\",\"description\":\"\",\"potentialAction\":[{\"@type\":\"SearchAction\",\"target\":{\"@type\":\"EntryPoint\",\"urlTemplate\":\"https:\/\/akatsukianime.com\/?s={search_term_string}\"},\"query-input\":{\"@type\":\"PropertyValueSpecification\",\"valueRequired\":true,\"valueName\":\"search_term_string\"}}],\"inLanguage\":\"en-US\"}]}<\/script>\n<!-- \/ Yoast SEO plugin. -->","yoast_head_json":{"title":"HGGQ 1\/144 GQuuuuuuX MODEL KIT Gunpla - Akatsuki anime store","description":"\u00a1Construye al imponente GQuuuuuuX! Model kit a escala 1\/144 de Bandai, con gran articulaci\u00f3n y accesorios para poses \u00e9picas.","robots":{"index":"index","follow":"follow","max-snippet":"max-snippet:-1","max-image-preview":"max-image-preview:large","max-video-preview":"max-video-preview:-1"},"canonical":"https:\/\/akatsukianime.com\/en\/product\/hggq-1-144-gquuuuuux-model-kit-gunpla\/","og_locale":"en_US","og_type":"article","og_title":"HGGQ 1\/144 GQuuuuuuX MODEL KIT Gunpla - Akatsuki anime store","og_description":"\u00a1Construye al imponente GQuuuuuuX! Model kit a escala 1\/144 de Bandai, con gran articulaci\u00f3n y accesorios para poses \u00e9picas.","og_url":"https:\/\/akatsukianime.com\/en\/product\/hggq-1-144-gquuuuuux-model-kit-gunpla\/","og_site_name":"Akatsuki anime store","article_modified_time":"2025-09-22T15:01:57+00:00","og_image":[{"width":1000,"height":1000,"url":"https:\/\/akatsukianime.com\/wp-content\/uploads\/2025\/09\/HGGQ-1144-GQuuuuuuX-MODEL-KIT.jpg","type":"image\/jpeg"}],"twitter_card":"summary_large_image","twitter_misc":{"Est. reading time":"1 minute"},"schema":{"@context":"https:\/\/schema.org","@graph":[{"@type":["WebPage","ItemPage"],"@id":"https:\/\/akatsukianime.com\/product\/hggq-1-144-gquuuuuux-model-kit-gunpla\/","url":"https:\/\/akatsukianime.com\/product\/hggq-1-144-gquuuuuux-model-kit-gunpla\/","name":"HGGQ 1\/144 GQuuuuuuX MODEL KIT Gunpla - Akatsuki anime store","isPartOf":{"@id":"https:\/\/akatsukianime.com\/#website"},"primaryImageOfPage":{"@id":"https:\/\/akatsukianime.com\/product\/hggq-1-144-gquuuuuux-model-kit-gunpla\/#primaryimage"},"image":{"@id":"https:\/\/akatsukianime.com\/product\/hggq-1-144-gquuuuuux-model-kit-gunpla\/#primaryimage"},"thumbnailUrl":"https:\/\/akatsukianime.com\/wp-content\/uploads\/2025\/09\/HGGQ-1144-GQuuuuuuX-MODEL-KIT.jpg","datePublished":"2025-09-22T15:01:38+00:00","dateModified":"2025-09-22T15:01:57+00:00","description":"\u00a1Construye al imponente GQuuuuuuX! Model kit a escala 1\/144 de Bandai, con gran articulaci\u00f3n y accesorios para poses \u00e9picas.","breadcrumb":{"@id":"https:\/\/akatsukianime.com\/product\/hggq-1-144-gquuuuuux-model-kit-gunpla\/#breadcrumb"},"inLanguage":"en-US","potentialAction":[{"@type":"ReadAction","target":["https:\/\/akatsukianime.com\/product\/hggq-1-144-gquuuuuux-model-kit-gunpla\/"]}]},{"@type":"ImageObject","inLanguage":"en-US","@id":"https:\/\/akatsukianime.com\/product\/hggq-1-144-gquuuuuux-model-kit-gunpla\/#primaryimage","url":"https:\/\/akatsukianime.com\/wp-content\/uploads\/2025\/09\/HGGQ-1144-GQuuuuuuX-MODEL-KIT.jpg","contentUrl":"https:\/\/akatsukianime.com\/wp-content\/uploads\/2025\/09\/HGGQ-1144-GQuuuuuuX-MODEL-KIT.jpg","width":1000,"height":1000,"caption":"HGGQ 1\/144 GQuuuuuuX MODEL KIT"},{"@type":"BreadcrumbList","@id":"https:\/\/akatsukianime.com\/product\/hggq-1-144-gquuuuuux-model-kit-gunpla\/#breadcrumb","itemListElement":[{"@type":"ListItem","position":1,"name":"Portada","item":"https:\/\/akatsukianime.com\/"},{"@type":"ListItem","position":2,"name":"Tienda","item":"https:\/\/akatsukianime.com\/tienda\/"},{"@type":"ListItem","position":3,"name":"HGGQ 1\/144 GQuuuuuuX MODEL KIT Gunpla"}]},{"@type":"WebSite","@id":"https:\/\/akatsukianime.com\/#website","url":"https:\/\/akatsukianime.com\/","name":"Akatsuki anime store","description":"","potentialAction":[{"@type":"SearchAction","target":{"@type":"EntryPoint","urlTemplate":"https:\/\/akatsukianime.com\/?s={search_term_string}"},"query-input":{"@type":"PropertyValueSpecification","valueRequired":true,"valueName":"search_term_string"}}],"inLanguage":"en-US"}]}},"jetpack_sharing_enabled":true,"_links":{"self":[{"href":"https:\/\/akatsukianime.com\/en\/wp-json\/wp\/v2\/product\/6239","targetHints":{"allow":["GET"]}}],"collection":[{"href":"https:\/\/akatsukianime.com\/en\/wp-json\/wp\/v2\/product"}],"about":[{"href":"https:\/\/akatsukianime.com\/en\/wp-json\/wp\/v2\/types\/product"}],"version-history":[{"count":1,"href":"https:\/\/akatsukianime.com\/en\/wp-json\/wp\/v2\/product\/6239\/revisions"}],"predecessor-version":[{"id":6249,"href":"https:\/\/akatsukianime.com\/en\/wp-json\/wp\/v2\/product\/6239\/revisions\/6249"}],"wp:featuredmedia":[{"embeddable":true,"href":"https:\/\/akatsukianime.com\/en\/wp-json\/wp\/v2\/media\/6241"}],"wp:attachment":[{"href":"https:\/\/akatsukianime.com\/en\/wp-json\/wp\/v2\/media?parent=6239"}],"wp:term":[{"taxonomy":"product_cat","embeddable":true,"href":"https:\/\/akatsukianime.com\/en\/wp-json\/wp\/v2\/product_cat?post=6239"},{"taxonomy":"product_tag","embeddable":true,"href":"https:\/\/akatsukianime.com\/en\/wp-json\/wp\/v2\/product_tag?post=6239"}],"curies":[{"name":"wp","href":"https:\/\/api.w.org\/{rel}","templated":true}]}}