{"id":6261,"date":"2025-09-23T12:39:27","date_gmt":"2025-09-23T10:39:27","guid":{"rendered":"https:\/\/akatsukianime.com\/?post_type=product&#038;p=6261"},"modified":"2025-09-23T12:52:03","modified_gmt":"2025-09-23T10:52:03","slug":"figura-obanai-iguro-hashira-training-arc-xross-link","status":"publish","type":"product","link":"https:\/\/akatsukianime.com\/en\/product\/figura-obanai-iguro-hashira-training-arc-xross-link\/","title":{"rendered":"Figura Obanai Iguro (Hashira Training Arc) Xross Link"},"content":{"rendered":"<p data-start=\"100\" data-end=\"570\"><strong data-start=\"100\" data-end=\"128\">Product description<\/strong><br data-start=\"128\" data-end=\"131\" \/>\u00a1Obanai Iguro llega a la colecci\u00f3n <strong data-start=\"166\" data-end=\"180\">Xross Link<\/strong> de Sega! Inspirado en el aclamado anime <em data-start=\"221\" data-end=\"253\">Demon Slayer: Kimetsu no Yaiba<\/em>, este impresionante <strong data-start=\"274\" data-end=\"301\">Pilar de la Serpiente<\/strong> se presenta en una pose de batalla din\u00e1mica, preparado para desatar su furia contra los demonios. Con m\u00e1s de 14 cm de altura, la figura captura con gran detalle la intensidad y elegancia de Obanai, convirti\u00e9ndola en una pieza indispensable para los fans de la serie.<\/p>\n<p data-start=\"572\" data-end=\"672\">No dejes pasar la oportunidad de a\u00f1adir al pilar de <strong data-start=\"615\" data-end=\"636\">serpiente<\/strong>\u00a0to your collection of <em data-start=\"655\" data-end=\"669\">Demon Slayer<\/em>.<\/p>\n<p data-start=\"674\" data-end=\"740\"><em data-start=\"674\" data-end=\"738\">(Otras figuras mostradas no incluidas, se venden por separado)<\/em><\/p>\n<p data-start=\"747\" data-end=\"781\"><strong data-start=\"747\" data-end=\"779\">Product Features<\/strong><\/p>\n<ul data-start=\"782\" data-end=\"984\">\n<li data-start=\"782\" data-end=\"822\">\n<p data-start=\"784\" data-end=\"822\">Mide aproximadamente 14 cm de altura<\/p>\n<\/li>\n<li data-start=\"823\" data-end=\"849\">\n<p data-start=\"825\" data-end=\"849\">Made of ABS and PVC<\/p>\n<\/li>\n<li data-start=\"850\" data-end=\"905\">\n<p data-start=\"852\" data-end=\"905\">Based on the anime <em data-start=\"871\" data-end=\"903\">Demon Slayer: Kimetsu no Yaiba<\/em><\/p>\n<\/li>\n<li data-start=\"906\" data-end=\"942\">\n<p data-start=\"908\" data-end=\"942\">Part of the series <strong data-start=\"926\" data-end=\"940\">Xross Link<\/strong><\/p>\n<\/li>\n<li data-start=\"943\" data-end=\"966\">\n<p data-start=\"945\" data-end=\"966\">Highly detailed<\/p>\n<\/li>\n<li data-start=\"967\" data-end=\"984\">\n<p data-start=\"969\" data-end=\"984\">Not articulated<\/p>\n<\/li>\n<\/ul>\n<p data-start=\"991\" data-end=\"1017\"><strong data-start=\"991\" data-end=\"1015\">Box contents<\/strong><\/p>\n<ul data-start=\"1018\" data-end=\"1048\">\n<li data-start=\"1018\" data-end=\"1048\">\n<p data-start=\"1020\" data-end=\"1048\">Figure of <strong data-start=\"1030\" data-end=\"1046\">Obanai Iguro<\/strong><\/p>\n<\/li>\n<\/ul>","protected":false},"excerpt":{"rendered":"<p>Descripci\u00f3n del producto\u00a1Obanai Iguro llega a la colecci\u00f3n Xross Link de Sega! Inspirado en el aclamado anime Demon Slayer: Kimetsu<\/p>","protected":false},"featured_media":6266,"template":"","meta":[],"product_cat":[101,61,46],"product_tag":[376,375,153,374,171],"class_list":{"0":"post-6261","1":"product","2":"type-product","3":"status-publish","4":"has-post-thumbnail","6":"product_cat-elige-sega-goods-sega-goods","7":"product_cat-novedades","8":"product_cat-kimetsu-no-yaiba","9":"product_tag-hashira","10":"product_tag-iguro","11":"product_tag-kimetsu-no-yaiba","12":"product_tag-obanai","13":"product_tag-sega","15":"first","16":"instock","17":"sold-individually","18":"taxable","19":"shipping-taxable","20":"purchasable","21":"product-type-simple"},"yoast_head":"<!-- This site is optimized with the Yoast SEO plugin v24.2 - https:\/\/yoast.com\/wordpress\/plugins\/seo\/ -->\n<title>Figura Obanai Iguro (Hashira Training Arc) Xross Link - Akatsuki anime store<\/title>\n<meta name=\"description\" content=\"Obanai Iguro llega a la serie Xross Link de Sega. Una figura de Demon Slayer llena de detalle y acci\u00f3n para fans del Hashira de la Serpiente.\" \/>\n<meta name=\"robots\" content=\"index, follow, max-snippet:-1, max-image-preview:large, max-video-preview:-1\" \/>\n<link rel=\"canonical\" href=\"https:\/\/akatsukianime.com\/en\/product\/figura-obanai-iguro-hashira-training-arc-xross-link\/\" \/>\n<meta property=\"og:locale\" content=\"en_US\" \/>\n<meta property=\"og:type\" content=\"article\" \/>\n<meta property=\"og:title\" content=\"Figura Obanai Iguro (Hashira Training Arc) Xross Link - Akatsuki anime store\" \/>\n<meta property=\"og:description\" content=\"Obanai Iguro llega a la serie Xross Link de Sega. Una figura de Demon Slayer llena de detalle y acci\u00f3n para fans del Hashira de la Serpiente.\" \/>\n<meta property=\"og:url\" content=\"https:\/\/akatsukianime.com\/en\/product\/figura-obanai-iguro-hashira-training-arc-xross-link\/\" \/>\n<meta property=\"og:site_name\" content=\"Akatsuki anime store\" \/>\n<meta property=\"article:modified_time\" content=\"2025-09-23T10:52:03+00:00\" \/>\n<meta property=\"og:image\" content=\"https:\/\/akatsukianime.com\/wp-content\/uploads\/2025\/09\/Figura-Obanai-Iguro-Hashira-Training-Arc-Xross-Link.jpg\" \/>\n\t<meta property=\"og:image:width\" content=\"1000\" \/>\n\t<meta property=\"og:image:height\" content=\"1000\" \/>\n\t<meta property=\"og:image:type\" content=\"image\/jpeg\" \/>\n<meta name=\"twitter:card\" content=\"summary_large_image\" \/>\n<meta name=\"twitter:label1\" content=\"Est. reading time\" \/>\n\t<meta name=\"twitter:data1\" content=\"1 minute\" \/>\n<script type=\"application\/ld+json\" class=\"yoast-schema-graph\">{\"@context\":\"https:\/\/schema.org\",\"@graph\":[{\"@type\":[\"WebPage\",\"ItemPage\"],\"@id\":\"https:\/\/akatsukianime.com\/product\/figura-obanai-iguro-hashira-training-arc-xross-link\/\",\"url\":\"https:\/\/akatsukianime.com\/product\/figura-obanai-iguro-hashira-training-arc-xross-link\/\",\"name\":\"Figura Obanai Iguro (Hashira Training Arc) Xross Link - Akatsuki anime store\",\"isPartOf\":{\"@id\":\"https:\/\/akatsukianime.com\/#website\"},\"primaryImageOfPage\":{\"@id\":\"https:\/\/akatsukianime.com\/product\/figura-obanai-iguro-hashira-training-arc-xross-link\/#primaryimage\"},\"image\":{\"@id\":\"https:\/\/akatsukianime.com\/product\/figura-obanai-iguro-hashira-training-arc-xross-link\/#primaryimage\"},\"thumbnailUrl\":\"https:\/\/akatsukianime.com\/wp-content\/uploads\/2025\/09\/Figura-Obanai-Iguro-Hashira-Training-Arc-Xross-Link.jpg\",\"datePublished\":\"2025-09-23T10:39:27+00:00\",\"dateModified\":\"2025-09-23T10:52:03+00:00\",\"description\":\"Obanai Iguro llega a la serie Xross Link de Sega. Una figura de Demon Slayer llena de detalle y acci\u00f3n para fans del Hashira de la Serpiente.\",\"breadcrumb\":{\"@id\":\"https:\/\/akatsukianime.com\/product\/figura-obanai-iguro-hashira-training-arc-xross-link\/#breadcrumb\"},\"inLanguage\":\"en-US\",\"potentialAction\":[{\"@type\":\"ReadAction\",\"target\":[\"https:\/\/akatsukianime.com\/product\/figura-obanai-iguro-hashira-training-arc-xross-link\/\"]}]},{\"@type\":\"ImageObject\",\"inLanguage\":\"en-US\",\"@id\":\"https:\/\/akatsukianime.com\/product\/figura-obanai-iguro-hashira-training-arc-xross-link\/#primaryimage\",\"url\":\"https:\/\/akatsukianime.com\/wp-content\/uploads\/2025\/09\/Figura-Obanai-Iguro-Hashira-Training-Arc-Xross-Link.jpg\",\"contentUrl\":\"https:\/\/akatsukianime.com\/wp-content\/uploads\/2025\/09\/Figura-Obanai-Iguro-Hashira-Training-Arc-Xross-Link.jpg\",\"width\":1000,\"height\":1000,\"caption\":\"Figura Obanai Iguro (Hashira Training Arc) Xross Link\"},{\"@type\":\"BreadcrumbList\",\"@id\":\"https:\/\/akatsukianime.com\/product\/figura-obanai-iguro-hashira-training-arc-xross-link\/#breadcrumb\",\"itemListElement\":[{\"@type\":\"ListItem\",\"position\":1,\"name\":\"Portada\",\"item\":\"https:\/\/akatsukianime.com\/\"},{\"@type\":\"ListItem\",\"position\":2,\"name\":\"Tienda\",\"item\":\"https:\/\/akatsukianime.com\/tienda\/\"},{\"@type\":\"ListItem\",\"position\":3,\"name\":\"Figura Obanai Iguro (Hashira Training Arc) Xross Link\"}]},{\"@type\":\"WebSite\",\"@id\":\"https:\/\/akatsukianime.com\/#website\",\"url\":\"https:\/\/akatsukianime.com\/\",\"name\":\"Akatsuki anime store\",\"description\":\"\",\"potentialAction\":[{\"@type\":\"SearchAction\",\"target\":{\"@type\":\"EntryPoint\",\"urlTemplate\":\"https:\/\/akatsukianime.com\/?s={search_term_string}\"},\"query-input\":{\"@type\":\"PropertyValueSpecification\",\"valueRequired\":true,\"valueName\":\"search_term_string\"}}],\"inLanguage\":\"en-US\"}]}<\/script>\n<!-- \/ Yoast SEO plugin. -->","yoast_head_json":{"title":"Figura Obanai Iguro (Hashira Training Arc) Xross Link - Akatsuki anime store","description":"Obanai Iguro llega a la serie Xross Link de Sega. Una figura de Demon Slayer llena de detalle y acci\u00f3n para fans del Hashira de la Serpiente.","robots":{"index":"index","follow":"follow","max-snippet":"max-snippet:-1","max-image-preview":"max-image-preview:large","max-video-preview":"max-video-preview:-1"},"canonical":"https:\/\/akatsukianime.com\/en\/product\/figura-obanai-iguro-hashira-training-arc-xross-link\/","og_locale":"en_US","og_type":"article","og_title":"Figura Obanai Iguro (Hashira Training Arc) Xross Link - Akatsuki anime store","og_description":"Obanai Iguro llega a la serie Xross Link de Sega. Una figura de Demon Slayer llena de detalle y acci\u00f3n para fans del Hashira de la Serpiente.","og_url":"https:\/\/akatsukianime.com\/en\/product\/figura-obanai-iguro-hashira-training-arc-xross-link\/","og_site_name":"Akatsuki anime store","article_modified_time":"2025-09-23T10:52:03+00:00","og_image":[{"width":1000,"height":1000,"url":"https:\/\/akatsukianime.com\/wp-content\/uploads\/2025\/09\/Figura-Obanai-Iguro-Hashira-Training-Arc-Xross-Link.jpg","type":"image\/jpeg"}],"twitter_card":"summary_large_image","twitter_misc":{"Est. reading time":"1 minute"},"schema":{"@context":"https:\/\/schema.org","@graph":[{"@type":["WebPage","ItemPage"],"@id":"https:\/\/akatsukianime.com\/product\/figura-obanai-iguro-hashira-training-arc-xross-link\/","url":"https:\/\/akatsukianime.com\/product\/figura-obanai-iguro-hashira-training-arc-xross-link\/","name":"Figura Obanai Iguro (Hashira Training Arc) Xross Link - Akatsuki anime store","isPartOf":{"@id":"https:\/\/akatsukianime.com\/#website"},"primaryImageOfPage":{"@id":"https:\/\/akatsukianime.com\/product\/figura-obanai-iguro-hashira-training-arc-xross-link\/#primaryimage"},"image":{"@id":"https:\/\/akatsukianime.com\/product\/figura-obanai-iguro-hashira-training-arc-xross-link\/#primaryimage"},"thumbnailUrl":"https:\/\/akatsukianime.com\/wp-content\/uploads\/2025\/09\/Figura-Obanai-Iguro-Hashira-Training-Arc-Xross-Link.jpg","datePublished":"2025-09-23T10:39:27+00:00","dateModified":"2025-09-23T10:52:03+00:00","description":"Obanai Iguro llega a la serie Xross Link de Sega. Una figura de Demon Slayer llena de detalle y acci\u00f3n para fans del Hashira de la Serpiente.","breadcrumb":{"@id":"https:\/\/akatsukianime.com\/product\/figura-obanai-iguro-hashira-training-arc-xross-link\/#breadcrumb"},"inLanguage":"en-US","potentialAction":[{"@type":"ReadAction","target":["https:\/\/akatsukianime.com\/product\/figura-obanai-iguro-hashira-training-arc-xross-link\/"]}]},{"@type":"ImageObject","inLanguage":"en-US","@id":"https:\/\/akatsukianime.com\/product\/figura-obanai-iguro-hashira-training-arc-xross-link\/#primaryimage","url":"https:\/\/akatsukianime.com\/wp-content\/uploads\/2025\/09\/Figura-Obanai-Iguro-Hashira-Training-Arc-Xross-Link.jpg","contentUrl":"https:\/\/akatsukianime.com\/wp-content\/uploads\/2025\/09\/Figura-Obanai-Iguro-Hashira-Training-Arc-Xross-Link.jpg","width":1000,"height":1000,"caption":"Figura Obanai Iguro (Hashira Training Arc) Xross Link"},{"@type":"BreadcrumbList","@id":"https:\/\/akatsukianime.com\/product\/figura-obanai-iguro-hashira-training-arc-xross-link\/#breadcrumb","itemListElement":[{"@type":"ListItem","position":1,"name":"Portada","item":"https:\/\/akatsukianime.com\/"},{"@type":"ListItem","position":2,"name":"Tienda","item":"https:\/\/akatsukianime.com\/tienda\/"},{"@type":"ListItem","position":3,"name":"Figura Obanai Iguro (Hashira Training Arc) Xross Link"}]},{"@type":"WebSite","@id":"https:\/\/akatsukianime.com\/#website","url":"https:\/\/akatsukianime.com\/","name":"Akatsuki anime store","description":"","potentialAction":[{"@type":"SearchAction","target":{"@type":"EntryPoint","urlTemplate":"https:\/\/akatsukianime.com\/?s={search_term_string}"},"query-input":{"@type":"PropertyValueSpecification","valueRequired":true,"valueName":"search_term_string"}}],"inLanguage":"en-US"}]}},"jetpack_sharing_enabled":true,"_links":{"self":[{"href":"https:\/\/akatsukianime.com\/en\/wp-json\/wp\/v2\/product\/6261","targetHints":{"allow":["GET"]}}],"collection":[{"href":"https:\/\/akatsukianime.com\/en\/wp-json\/wp\/v2\/product"}],"about":[{"href":"https:\/\/akatsukianime.com\/en\/wp-json\/wp\/v2\/types\/product"}],"version-history":[{"count":1,"href":"https:\/\/akatsukianime.com\/en\/wp-json\/wp\/v2\/product\/6261\/revisions"}],"predecessor-version":[{"id":6272,"href":"https:\/\/akatsukianime.com\/en\/wp-json\/wp\/v2\/product\/6261\/revisions\/6272"}],"wp:featuredmedia":[{"embeddable":true,"href":"https:\/\/akatsukianime.com\/en\/wp-json\/wp\/v2\/media\/6266"}],"wp:attachment":[{"href":"https:\/\/akatsukianime.com\/en\/wp-json\/wp\/v2\/media?parent=6261"}],"wp:term":[{"taxonomy":"product_cat","embeddable":true,"href":"https:\/\/akatsukianime.com\/en\/wp-json\/wp\/v2\/product_cat?post=6261"},{"taxonomy":"product_tag","embeddable":true,"href":"https:\/\/akatsukianime.com\/en\/wp-json\/wp\/v2\/product_tag?post=6261"}],"curies":[{"name":"wp","href":"https:\/\/api.w.org\/{rel}","templated":true}]}}