{"id":6273,"date":"2025-09-23T12:51:22","date_gmt":"2025-09-23T10:51:22","guid":{"rendered":"https:\/\/akatsukianime.com\/?post_type=product&#038;p=6273"},"modified":"2026-01-13T19:18:05","modified_gmt":"2026-01-13T18:18:05","slug":"figura-tokito-muichiro-hashira-training-arc-xross-link","status":"publish","type":"product","link":"https:\/\/akatsukianime.com\/en\/product\/figura-tokito-muichiro-hashira-training-arc-xross-link\/","title":{"rendered":"Figura Tokito Muichiro (Hashira Training Arc) Xross Link"},"content":{"rendered":"<p data-start=\"82\" data-end=\"538\"><strong data-start=\"82\" data-end=\"110\">Product description<\/strong><br data-start=\"110\" data-end=\"113\" \/>\u00a1Muichiro Tokito se une a la colecci\u00f3n <strong data-start=\"152\" data-end=\"166\">Xross Link<\/strong> de Sega! Inspirado en el aclamado anime <em data-start=\"207\" data-end=\"239\">Demon Slayer: Kimetsu no Yaiba<\/em>, este impresionante <strong data-start=\"260\" data-end=\"284\">Hashira de la Niebla<\/strong> se presenta en una din\u00e1mica pose de batalla, listo para enfrentarse a los demonios. Con unos 11 cm de altura, la figura captura a la perfecci\u00f3n la elegancia y serenidad de Muichiro, convirti\u00e9ndola en una pieza imprescindible para todo fan de la serie.<\/p>\n<p data-start=\"540\" data-end=\"641\">No dejes pasar la oportunidad de a\u00f1adir al <strong data-start=\"583\" data-end=\"605\">Pilar de la Niebla<\/strong> to your collection of <em data-start=\"624\" data-end=\"638\">Demon Slayer<\/em>.<\/p>\n<p data-start=\"643\" data-end=\"709\"><em data-start=\"643\" data-end=\"707\">(Otras figuras mostradas no incluidas, se venden por separado)<\/em><\/p>\n<hr data-start=\"711\" data-end=\"714\" \/>\n<p data-start=\"716\" data-end=\"750\"><strong data-start=\"716\" data-end=\"748\">Product Features<\/strong><\/p>\n<ul data-start=\"751\" data-end=\"953\">\n<li data-start=\"751\" data-end=\"791\">\n<p data-start=\"753\" data-end=\"791\">Mide aproximadamente 11 cm de altura<\/p>\n<\/li>\n<li data-start=\"792\" data-end=\"818\">\n<p data-start=\"794\" data-end=\"818\">Made of ABS and PVC<\/p>\n<\/li>\n<li data-start=\"819\" data-end=\"874\">\n<p data-start=\"821\" data-end=\"874\">Based on the anime <em data-start=\"840\" data-end=\"872\">Demon Slayer: Kimetsu no Yaiba<\/em><\/p>\n<\/li>\n<li data-start=\"875\" data-end=\"911\">\n<p data-start=\"877\" data-end=\"911\">Part of the series <strong data-start=\"895\" data-end=\"909\">Xross Link<\/strong><\/p>\n<\/li>\n<li data-start=\"912\" data-end=\"935\">\n<p data-start=\"914\" data-end=\"935\">Highly detailed<\/p>\n<\/li>\n<li data-start=\"936\" data-end=\"953\">\n<p data-start=\"938\" data-end=\"953\">Not articulated<\/p>\n<\/li>\n<\/ul>\n<hr data-start=\"955\" data-end=\"958\" \/>\n<p data-start=\"960\" data-end=\"986\"><strong data-start=\"960\" data-end=\"984\">Box contents<\/strong><\/p>\n<ul data-start=\"987\" data-end=\"1020\">\n<li data-start=\"987\" data-end=\"1020\">\n<p data-start=\"989\" data-end=\"1020\">Figure of <strong data-start=\"999\" data-end=\"1018\">Muichiro Tokito<\/strong><\/p>\n<\/li>\n<\/ul>","protected":false},"excerpt":{"rendered":"<p>Descripci\u00f3n del producto\u00a1Muichiro Tokito se une a la colecci\u00f3n Xross Link de Sega! Inspirado en el aclamado anime Demon Slayer:<\/p>","protected":false},"featured_media":6274,"template":"","meta":[],"product_cat":[101,61,46],"product_tag":[376,153,377,171,378],"class_list":{"0":"post-6273","1":"product","2":"type-product","3":"status-publish","4":"has-post-thumbnail","6":"product_cat-elige-sega-goods-sega-goods","7":"product_cat-novedades","8":"product_cat-kimetsu-no-yaiba","9":"product_tag-hashira","10":"product_tag-kimetsu-no-yaiba","11":"product_tag-muichiro","12":"product_tag-sega","13":"product_tag-tokito","15":"first","16":"outofstock","17":"sold-individually","18":"taxable","19":"shipping-taxable","20":"purchasable","21":"product-type-simple"},"yoast_head":"<!-- This site is optimized with the Yoast SEO plugin v24.2 - https:\/\/yoast.com\/wordpress\/plugins\/seo\/ -->\n<title>Figura Tokito Muichiro (Hashira Training Arc) Xross Link - Akatsuki anime store<\/title>\n<meta name=\"description\" content=\"Muichiro Tokito llega a la serie Xross Link de Sega. Una figura de Demon Slayer llena de detalle del poderoso Hashira de la Niebla.\" \/>\n<meta name=\"robots\" content=\"index, follow, max-snippet:-1, max-image-preview:large, max-video-preview:-1\" \/>\n<link rel=\"canonical\" href=\"https:\/\/akatsukianime.com\/en\/product\/figura-tokito-muichiro-hashira-training-arc-xross-link\/\" \/>\n<meta property=\"og:locale\" content=\"en_US\" \/>\n<meta property=\"og:type\" content=\"article\" \/>\n<meta property=\"og:title\" content=\"Figura Tokito Muichiro (Hashira Training Arc) Xross Link - Akatsuki anime store\" \/>\n<meta property=\"og:description\" content=\"Muichiro Tokito llega a la serie Xross Link de Sega. Una figura de Demon Slayer llena de detalle del poderoso Hashira de la Niebla.\" \/>\n<meta property=\"og:url\" content=\"https:\/\/akatsukianime.com\/en\/product\/figura-tokito-muichiro-hashira-training-arc-xross-link\/\" \/>\n<meta property=\"og:site_name\" content=\"Akatsuki anime store\" \/>\n<meta property=\"article:modified_time\" content=\"2026-01-13T18:18:05+00:00\" \/>\n<meta property=\"og:image\" content=\"https:\/\/akatsukianime.com\/wp-content\/uploads\/2025\/09\/Figura-Tokito-Muichiro-Hashira-Training-Arc-Xross-Link.jpg\" \/>\n\t<meta property=\"og:image:width\" content=\"1000\" \/>\n\t<meta property=\"og:image:height\" content=\"1000\" \/>\n\t<meta property=\"og:image:type\" content=\"image\/jpeg\" \/>\n<meta name=\"twitter:card\" content=\"summary_large_image\" \/>\n<meta name=\"twitter:label1\" content=\"Est. reading time\" \/>\n\t<meta name=\"twitter:data1\" content=\"1 minute\" \/>\n<script type=\"application\/ld+json\" class=\"yoast-schema-graph\">{\"@context\":\"https:\/\/schema.org\",\"@graph\":[{\"@type\":[\"WebPage\",\"ItemPage\"],\"@id\":\"https:\/\/akatsukianime.com\/product\/figura-tokito-muichiro-hashira-training-arc-xross-link\/\",\"url\":\"https:\/\/akatsukianime.com\/product\/figura-tokito-muichiro-hashira-training-arc-xross-link\/\",\"name\":\"Figura Tokito Muichiro (Hashira Training Arc) Xross Link - Akatsuki anime store\",\"isPartOf\":{\"@id\":\"https:\/\/akatsukianime.com\/#website\"},\"primaryImageOfPage\":{\"@id\":\"https:\/\/akatsukianime.com\/product\/figura-tokito-muichiro-hashira-training-arc-xross-link\/#primaryimage\"},\"image\":{\"@id\":\"https:\/\/akatsukianime.com\/product\/figura-tokito-muichiro-hashira-training-arc-xross-link\/#primaryimage\"},\"thumbnailUrl\":\"https:\/\/akatsukianime.com\/wp-content\/uploads\/2025\/09\/Figura-Tokito-Muichiro-Hashira-Training-Arc-Xross-Link.jpg\",\"datePublished\":\"2025-09-23T10:51:22+00:00\",\"dateModified\":\"2026-01-13T18:18:05+00:00\",\"description\":\"Muichiro Tokito llega a la serie Xross Link de Sega. Una figura de Demon Slayer llena de detalle del poderoso Hashira de la Niebla.\",\"breadcrumb\":{\"@id\":\"https:\/\/akatsukianime.com\/product\/figura-tokito-muichiro-hashira-training-arc-xross-link\/#breadcrumb\"},\"inLanguage\":\"en-US\",\"potentialAction\":[{\"@type\":\"ReadAction\",\"target\":[\"https:\/\/akatsukianime.com\/product\/figura-tokito-muichiro-hashira-training-arc-xross-link\/\"]}]},{\"@type\":\"ImageObject\",\"inLanguage\":\"en-US\",\"@id\":\"https:\/\/akatsukianime.com\/product\/figura-tokito-muichiro-hashira-training-arc-xross-link\/#primaryimage\",\"url\":\"https:\/\/akatsukianime.com\/wp-content\/uploads\/2025\/09\/Figura-Tokito-Muichiro-Hashira-Training-Arc-Xross-Link.jpg\",\"contentUrl\":\"https:\/\/akatsukianime.com\/wp-content\/uploads\/2025\/09\/Figura-Tokito-Muichiro-Hashira-Training-Arc-Xross-Link.jpg\",\"width\":1000,\"height\":1000,\"caption\":\"Figura Tokito Muichiro (Hashira Training Arc) Xross Link\"},{\"@type\":\"BreadcrumbList\",\"@id\":\"https:\/\/akatsukianime.com\/product\/figura-tokito-muichiro-hashira-training-arc-xross-link\/#breadcrumb\",\"itemListElement\":[{\"@type\":\"ListItem\",\"position\":1,\"name\":\"Portada\",\"item\":\"https:\/\/akatsukianime.com\/\"},{\"@type\":\"ListItem\",\"position\":2,\"name\":\"Tienda\",\"item\":\"https:\/\/akatsukianime.com\/tienda\/\"},{\"@type\":\"ListItem\",\"position\":3,\"name\":\"Figura Tokito Muichiro (Hashira Training Arc) Xross Link\"}]},{\"@type\":\"WebSite\",\"@id\":\"https:\/\/akatsukianime.com\/#website\",\"url\":\"https:\/\/akatsukianime.com\/\",\"name\":\"Akatsuki anime store\",\"description\":\"\",\"potentialAction\":[{\"@type\":\"SearchAction\",\"target\":{\"@type\":\"EntryPoint\",\"urlTemplate\":\"https:\/\/akatsukianime.com\/?s={search_term_string}\"},\"query-input\":{\"@type\":\"PropertyValueSpecification\",\"valueRequired\":true,\"valueName\":\"search_term_string\"}}],\"inLanguage\":\"en-US\"}]}<\/script>\n<!-- \/ Yoast SEO plugin. -->","yoast_head_json":{"title":"Figura Tokito Muichiro (Hashira Training Arc) Xross Link - Akatsuki anime store","description":"Muichiro Tokito llega a la serie Xross Link de Sega. Una figura de Demon Slayer llena de detalle del poderoso Hashira de la Niebla.","robots":{"index":"index","follow":"follow","max-snippet":"max-snippet:-1","max-image-preview":"max-image-preview:large","max-video-preview":"max-video-preview:-1"},"canonical":"https:\/\/akatsukianime.com\/en\/product\/figura-tokito-muichiro-hashira-training-arc-xross-link\/","og_locale":"en_US","og_type":"article","og_title":"Figura Tokito Muichiro (Hashira Training Arc) Xross Link - Akatsuki anime store","og_description":"Muichiro Tokito llega a la serie Xross Link de Sega. Una figura de Demon Slayer llena de detalle del poderoso Hashira de la Niebla.","og_url":"https:\/\/akatsukianime.com\/en\/product\/figura-tokito-muichiro-hashira-training-arc-xross-link\/","og_site_name":"Akatsuki anime store","article_modified_time":"2026-01-13T18:18:05+00:00","og_image":[{"width":1000,"height":1000,"url":"https:\/\/akatsukianime.com\/wp-content\/uploads\/2025\/09\/Figura-Tokito-Muichiro-Hashira-Training-Arc-Xross-Link.jpg","type":"image\/jpeg"}],"twitter_card":"summary_large_image","twitter_misc":{"Est. reading time":"1 minute"},"schema":{"@context":"https:\/\/schema.org","@graph":[{"@type":["WebPage","ItemPage"],"@id":"https:\/\/akatsukianime.com\/product\/figura-tokito-muichiro-hashira-training-arc-xross-link\/","url":"https:\/\/akatsukianime.com\/product\/figura-tokito-muichiro-hashira-training-arc-xross-link\/","name":"Figura Tokito Muichiro (Hashira Training Arc) Xross Link - Akatsuki anime store","isPartOf":{"@id":"https:\/\/akatsukianime.com\/#website"},"primaryImageOfPage":{"@id":"https:\/\/akatsukianime.com\/product\/figura-tokito-muichiro-hashira-training-arc-xross-link\/#primaryimage"},"image":{"@id":"https:\/\/akatsukianime.com\/product\/figura-tokito-muichiro-hashira-training-arc-xross-link\/#primaryimage"},"thumbnailUrl":"https:\/\/akatsukianime.com\/wp-content\/uploads\/2025\/09\/Figura-Tokito-Muichiro-Hashira-Training-Arc-Xross-Link.jpg","datePublished":"2025-09-23T10:51:22+00:00","dateModified":"2026-01-13T18:18:05+00:00","description":"Muichiro Tokito llega a la serie Xross Link de Sega. Una figura de Demon Slayer llena de detalle del poderoso Hashira de la Niebla.","breadcrumb":{"@id":"https:\/\/akatsukianime.com\/product\/figura-tokito-muichiro-hashira-training-arc-xross-link\/#breadcrumb"},"inLanguage":"en-US","potentialAction":[{"@type":"ReadAction","target":["https:\/\/akatsukianime.com\/product\/figura-tokito-muichiro-hashira-training-arc-xross-link\/"]}]},{"@type":"ImageObject","inLanguage":"en-US","@id":"https:\/\/akatsukianime.com\/product\/figura-tokito-muichiro-hashira-training-arc-xross-link\/#primaryimage","url":"https:\/\/akatsukianime.com\/wp-content\/uploads\/2025\/09\/Figura-Tokito-Muichiro-Hashira-Training-Arc-Xross-Link.jpg","contentUrl":"https:\/\/akatsukianime.com\/wp-content\/uploads\/2025\/09\/Figura-Tokito-Muichiro-Hashira-Training-Arc-Xross-Link.jpg","width":1000,"height":1000,"caption":"Figura Tokito Muichiro (Hashira Training Arc) Xross Link"},{"@type":"BreadcrumbList","@id":"https:\/\/akatsukianime.com\/product\/figura-tokito-muichiro-hashira-training-arc-xross-link\/#breadcrumb","itemListElement":[{"@type":"ListItem","position":1,"name":"Portada","item":"https:\/\/akatsukianime.com\/"},{"@type":"ListItem","position":2,"name":"Tienda","item":"https:\/\/akatsukianime.com\/tienda\/"},{"@type":"ListItem","position":3,"name":"Figura Tokito Muichiro (Hashira Training Arc) Xross Link"}]},{"@type":"WebSite","@id":"https:\/\/akatsukianime.com\/#website","url":"https:\/\/akatsukianime.com\/","name":"Akatsuki anime store","description":"","potentialAction":[{"@type":"SearchAction","target":{"@type":"EntryPoint","urlTemplate":"https:\/\/akatsukianime.com\/?s={search_term_string}"},"query-input":{"@type":"PropertyValueSpecification","valueRequired":true,"valueName":"search_term_string"}}],"inLanguage":"en-US"}]}},"jetpack_sharing_enabled":true,"_links":{"self":[{"href":"https:\/\/akatsukianime.com\/en\/wp-json\/wp\/v2\/product\/6273","targetHints":{"allow":["GET"]}}],"collection":[{"href":"https:\/\/akatsukianime.com\/en\/wp-json\/wp\/v2\/product"}],"about":[{"href":"https:\/\/akatsukianime.com\/en\/wp-json\/wp\/v2\/types\/product"}],"version-history":[{"count":1,"href":"https:\/\/akatsukianime.com\/en\/wp-json\/wp\/v2\/product\/6273\/revisions"}],"predecessor-version":[{"id":6284,"href":"https:\/\/akatsukianime.com\/en\/wp-json\/wp\/v2\/product\/6273\/revisions\/6284"}],"wp:featuredmedia":[{"embeddable":true,"href":"https:\/\/akatsukianime.com\/en\/wp-json\/wp\/v2\/media\/6274"}],"wp:attachment":[{"href":"https:\/\/akatsukianime.com\/en\/wp-json\/wp\/v2\/media?parent=6273"}],"wp:term":[{"taxonomy":"product_cat","embeddable":true,"href":"https:\/\/akatsukianime.com\/en\/wp-json\/wp\/v2\/product_cat?post=6273"},{"taxonomy":"product_tag","embeddable":true,"href":"https:\/\/akatsukianime.com\/en\/wp-json\/wp\/v2\/product_tag?post=6273"}],"curies":[{"name":"wp","href":"https:\/\/api.w.org\/{rel}","templated":true}]}}