{"id":6285,"date":"2025-09-23T12:59:59","date_gmt":"2025-09-23T10:59:59","guid":{"rendered":"https:\/\/akatsukianime.com\/?post_type=product&#038;p=6285"},"modified":"2025-09-23T12:59:59","modified_gmt":"2025-09-23T10:59:59","slug":"figura-sanemi-shinazugawa-hashira-training-arc-xross-link","status":"publish","type":"product","link":"https:\/\/akatsukianime.com\/en\/product\/figura-sanemi-shinazugawa-hashira-training-arc-xross-link\/","title":{"rendered":"Sanemi Shinazugawa Figure (Hashira Training Arc) Xross Link"},"content":{"rendered":"<p data-start=\"75\" data-end=\"546\"><strong data-start=\"75\" data-end=\"103\">Product description<\/strong><br data-start=\"103\" data-end=\"106\" \/>\u00a1Sanemi Shinazugawa se une a la colecci\u00f3n <strong data-start=\"148\" data-end=\"162\">Xross Link<\/strong> de Sega! Inspirado en el exitoso anime <em data-start=\"202\" data-end=\"234\">Demon Slayer: Kimetsu no Yaiba<\/em>, este impresionante <strong data-start=\"255\" data-end=\"277\">Hashira del Viento<\/strong> se presenta en una intensa pose de batalla, mostrando toda su ferocidad y car\u00e1cter indomable. Con una altura de 12 cm, esta figura captura a la perfecci\u00f3n la fuerza y determinaci\u00f3n de Sanemi, convirti\u00e9ndose en una pieza imprescindible para los seguidores de la saga.<\/p>\n<p data-start=\"548\" data-end=\"655\">A\u00f1ade al poderoso <strong data-start=\"566\" data-end=\"586\">Pilar del Viento<\/strong> to your collection of <em data-start=\"605\" data-end=\"619\">Demon Slayer<\/em> y revive las batallas m\u00e1s \u00e9picas.<\/p>\n<p data-start=\"657\" data-end=\"723\"><em data-start=\"657\" data-end=\"721\">(Otras figuras mostradas no incluidas, se venden por separado)<\/em><\/p>\n<hr data-start=\"725\" data-end=\"728\" \/>\n<p data-start=\"730\" data-end=\"764\"><strong data-start=\"730\" data-end=\"762\">Product Features<\/strong><\/p>\n<ul data-start=\"765\" data-end=\"967\">\n<li data-start=\"765\" data-end=\"805\">\n<p data-start=\"767\" data-end=\"805\">Mide aproximadamente 12 cm de altura<\/p>\n<\/li>\n<li data-start=\"806\" data-end=\"832\">\n<p data-start=\"808\" data-end=\"832\">Made of ABS and PVC<\/p>\n<\/li>\n<li data-start=\"833\" data-end=\"888\">\n<p data-start=\"835\" data-end=\"888\">Based on the anime <em data-start=\"854\" data-end=\"886\">Demon Slayer: Kimetsu no Yaiba<\/em><\/p>\n<\/li>\n<li data-start=\"889\" data-end=\"925\">\n<p data-start=\"891\" data-end=\"925\">Part of the series <strong data-start=\"909\" data-end=\"923\">Xross Link<\/strong><\/p>\n<\/li>\n<li data-start=\"926\" data-end=\"949\">\n<p data-start=\"928\" data-end=\"949\">Highly detailed<\/p>\n<\/li>\n<li data-start=\"950\" data-end=\"967\">\n<p data-start=\"952\" data-end=\"967\">Not articulated<\/p>\n<\/li>\n<\/ul>\n<hr data-start=\"969\" data-end=\"972\" \/>\n<p data-start=\"974\" data-end=\"1000\"><strong data-start=\"974\" data-end=\"998\">Box contents<\/strong><\/p>\n<ul data-start=\"1001\" data-end=\"1037\">\n<li data-start=\"1001\" data-end=\"1037\">\n<p data-start=\"1003\" data-end=\"1037\">Figure of <strong data-start=\"1013\" data-end=\"1035\">Sanemi Shinazugawa<\/strong><\/p>\n<\/li>\n<\/ul>","protected":false},"excerpt":{"rendered":"<p>Descripci\u00f3n del producto\u00a1Sanemi Shinazugawa se une a la colecci\u00f3n Xross Link de Sega! Inspirado en el exitoso anime Demon Slayer:<\/p>","protected":false},"featured_media":6286,"template":"","meta":[],"product_cat":[101,65,61,46],"product_tag":[376,153,379,171,380],"class_list":{"0":"post-6285","1":"product","2":"type-product","3":"status-publish","4":"has-post-thumbnail","6":"product_cat-elige-sega-goods-sega-goods","7":"product_cat-figuras","8":"product_cat-novedades","9":"product_cat-kimetsu-no-yaiba","10":"product_tag-hashira","11":"product_tag-kimetsu-no-yaiba","12":"product_tag-sanemi","13":"product_tag-sega","14":"product_tag-shinazugawa","16":"first","17":"instock","18":"sold-individually","19":"taxable","20":"shipping-taxable","21":"purchasable","22":"product-type-simple"},"yoast_head":"<!-- This site is optimized with the Yoast SEO plugin v24.2 - https:\/\/yoast.com\/wordpress\/plugins\/seo\/ -->\n<title>Figura Sanemi Shinazugawa (Hashira Training Arc) Xross Link - Akatsuki anime store<\/title>\n<meta name=\"description\" content=\"Sanemi Shinazugawa llega a la serie Xross Link de Sega. Una figura de Demon Slayer que refleja la ferocidad del Hashira del Viento.\" \/>\n<meta name=\"robots\" content=\"index, follow, max-snippet:-1, max-image-preview:large, max-video-preview:-1\" \/>\n<link rel=\"canonical\" href=\"https:\/\/akatsukianime.com\/en\/product\/figura-sanemi-shinazugawa-hashira-training-arc-xross-link\/\" \/>\n<meta property=\"og:locale\" content=\"en_US\" \/>\n<meta property=\"og:type\" content=\"article\" \/>\n<meta property=\"og:title\" content=\"Figura Sanemi Shinazugawa (Hashira Training Arc) Xross Link - Akatsuki anime store\" \/>\n<meta property=\"og:description\" content=\"Sanemi Shinazugawa llega a la serie Xross Link de Sega. Una figura de Demon Slayer que refleja la ferocidad del Hashira del Viento.\" \/>\n<meta property=\"og:url\" content=\"https:\/\/akatsukianime.com\/en\/product\/figura-sanemi-shinazugawa-hashira-training-arc-xross-link\/\" \/>\n<meta property=\"og:site_name\" content=\"Akatsuki anime store\" \/>\n<meta property=\"og:image\" content=\"https:\/\/akatsukianime.com\/wp-content\/uploads\/2025\/09\/Figura-Sanemi-Shinazugawa-Hashira-Training-Arc-Xross-Link.jpg\" \/>\n\t<meta property=\"og:image:width\" content=\"1000\" \/>\n\t<meta property=\"og:image:height\" content=\"1000\" \/>\n\t<meta property=\"og:image:type\" content=\"image\/jpeg\" \/>\n<meta name=\"twitter:card\" content=\"summary_large_image\" \/>\n<meta name=\"twitter:label1\" content=\"Est. reading time\" \/>\n\t<meta name=\"twitter:data1\" content=\"1 minute\" \/>\n<script type=\"application\/ld+json\" class=\"yoast-schema-graph\">{\"@context\":\"https:\/\/schema.org\",\"@graph\":[{\"@type\":[\"WebPage\",\"ItemPage\"],\"@id\":\"https:\/\/akatsukianime.com\/product\/figura-sanemi-shinazugawa-hashira-training-arc-xross-link\/\",\"url\":\"https:\/\/akatsukianime.com\/product\/figura-sanemi-shinazugawa-hashira-training-arc-xross-link\/\",\"name\":\"Figura Sanemi Shinazugawa (Hashira Training Arc) Xross Link - Akatsuki anime store\",\"isPartOf\":{\"@id\":\"https:\/\/akatsukianime.com\/#website\"},\"primaryImageOfPage\":{\"@id\":\"https:\/\/akatsukianime.com\/product\/figura-sanemi-shinazugawa-hashira-training-arc-xross-link\/#primaryimage\"},\"image\":{\"@id\":\"https:\/\/akatsukianime.com\/product\/figura-sanemi-shinazugawa-hashira-training-arc-xross-link\/#primaryimage\"},\"thumbnailUrl\":\"https:\/\/akatsukianime.com\/wp-content\/uploads\/2025\/09\/Figura-Sanemi-Shinazugawa-Hashira-Training-Arc-Xross-Link.jpg\",\"datePublished\":\"2025-09-23T10:59:59+00:00\",\"dateModified\":\"2025-09-23T10:59:59+00:00\",\"description\":\"Sanemi Shinazugawa llega a la serie Xross Link de Sega. Una figura de Demon Slayer que refleja la ferocidad del Hashira del Viento.\",\"breadcrumb\":{\"@id\":\"https:\/\/akatsukianime.com\/product\/figura-sanemi-shinazugawa-hashira-training-arc-xross-link\/#breadcrumb\"},\"inLanguage\":\"en-US\",\"potentialAction\":[{\"@type\":\"ReadAction\",\"target\":[\"https:\/\/akatsukianime.com\/product\/figura-sanemi-shinazugawa-hashira-training-arc-xross-link\/\"]}]},{\"@type\":\"ImageObject\",\"inLanguage\":\"en-US\",\"@id\":\"https:\/\/akatsukianime.com\/product\/figura-sanemi-shinazugawa-hashira-training-arc-xross-link\/#primaryimage\",\"url\":\"https:\/\/akatsukianime.com\/wp-content\/uploads\/2025\/09\/Figura-Sanemi-Shinazugawa-Hashira-Training-Arc-Xross-Link.jpg\",\"contentUrl\":\"https:\/\/akatsukianime.com\/wp-content\/uploads\/2025\/09\/Figura-Sanemi-Shinazugawa-Hashira-Training-Arc-Xross-Link.jpg\",\"width\":1000,\"height\":1000,\"caption\":\"Figura Sanemi Shinazugawa (Hashira Training Arc) Xross Link\"},{\"@type\":\"BreadcrumbList\",\"@id\":\"https:\/\/akatsukianime.com\/product\/figura-sanemi-shinazugawa-hashira-training-arc-xross-link\/#breadcrumb\",\"itemListElement\":[{\"@type\":\"ListItem\",\"position\":1,\"name\":\"Portada\",\"item\":\"https:\/\/akatsukianime.com\/\"},{\"@type\":\"ListItem\",\"position\":2,\"name\":\"Tienda\",\"item\":\"https:\/\/akatsukianime.com\/tienda\/\"},{\"@type\":\"ListItem\",\"position\":3,\"name\":\"Figura Sanemi Shinazugawa (Hashira Training Arc) Xross Link\"}]},{\"@type\":\"WebSite\",\"@id\":\"https:\/\/akatsukianime.com\/#website\",\"url\":\"https:\/\/akatsukianime.com\/\",\"name\":\"Akatsuki anime store\",\"description\":\"\",\"potentialAction\":[{\"@type\":\"SearchAction\",\"target\":{\"@type\":\"EntryPoint\",\"urlTemplate\":\"https:\/\/akatsukianime.com\/?s={search_term_string}\"},\"query-input\":{\"@type\":\"PropertyValueSpecification\",\"valueRequired\":true,\"valueName\":\"search_term_string\"}}],\"inLanguage\":\"en-US\"}]}<\/script>\n<!-- \/ Yoast SEO plugin. -->","yoast_head_json":{"title":"Figura Sanemi Shinazugawa (Hashira Training Arc) Xross Link - Akatsuki anime store","description":"Sanemi Shinazugawa llega a la serie Xross Link de Sega. Una figura de Demon Slayer que refleja la ferocidad del Hashira del Viento.","robots":{"index":"index","follow":"follow","max-snippet":"max-snippet:-1","max-image-preview":"max-image-preview:large","max-video-preview":"max-video-preview:-1"},"canonical":"https:\/\/akatsukianime.com\/en\/product\/figura-sanemi-shinazugawa-hashira-training-arc-xross-link\/","og_locale":"en_US","og_type":"article","og_title":"Figura Sanemi Shinazugawa (Hashira Training Arc) Xross Link - Akatsuki anime store","og_description":"Sanemi Shinazugawa llega a la serie Xross Link de Sega. Una figura de Demon Slayer que refleja la ferocidad del Hashira del Viento.","og_url":"https:\/\/akatsukianime.com\/en\/product\/figura-sanemi-shinazugawa-hashira-training-arc-xross-link\/","og_site_name":"Akatsuki anime store","og_image":[{"width":1000,"height":1000,"url":"https:\/\/akatsukianime.com\/wp-content\/uploads\/2025\/09\/Figura-Sanemi-Shinazugawa-Hashira-Training-Arc-Xross-Link.jpg","type":"image\/jpeg"}],"twitter_card":"summary_large_image","twitter_misc":{"Est. reading time":"1 minute"},"schema":{"@context":"https:\/\/schema.org","@graph":[{"@type":["WebPage","ItemPage"],"@id":"https:\/\/akatsukianime.com\/product\/figura-sanemi-shinazugawa-hashira-training-arc-xross-link\/","url":"https:\/\/akatsukianime.com\/product\/figura-sanemi-shinazugawa-hashira-training-arc-xross-link\/","name":"Figura Sanemi Shinazugawa (Hashira Training Arc) Xross Link - Akatsuki anime store","isPartOf":{"@id":"https:\/\/akatsukianime.com\/#website"},"primaryImageOfPage":{"@id":"https:\/\/akatsukianime.com\/product\/figura-sanemi-shinazugawa-hashira-training-arc-xross-link\/#primaryimage"},"image":{"@id":"https:\/\/akatsukianime.com\/product\/figura-sanemi-shinazugawa-hashira-training-arc-xross-link\/#primaryimage"},"thumbnailUrl":"https:\/\/akatsukianime.com\/wp-content\/uploads\/2025\/09\/Figura-Sanemi-Shinazugawa-Hashira-Training-Arc-Xross-Link.jpg","datePublished":"2025-09-23T10:59:59+00:00","dateModified":"2025-09-23T10:59:59+00:00","description":"Sanemi Shinazugawa llega a la serie Xross Link de Sega. Una figura de Demon Slayer que refleja la ferocidad del Hashira del Viento.","breadcrumb":{"@id":"https:\/\/akatsukianime.com\/product\/figura-sanemi-shinazugawa-hashira-training-arc-xross-link\/#breadcrumb"},"inLanguage":"en-US","potentialAction":[{"@type":"ReadAction","target":["https:\/\/akatsukianime.com\/product\/figura-sanemi-shinazugawa-hashira-training-arc-xross-link\/"]}]},{"@type":"ImageObject","inLanguage":"en-US","@id":"https:\/\/akatsukianime.com\/product\/figura-sanemi-shinazugawa-hashira-training-arc-xross-link\/#primaryimage","url":"https:\/\/akatsukianime.com\/wp-content\/uploads\/2025\/09\/Figura-Sanemi-Shinazugawa-Hashira-Training-Arc-Xross-Link.jpg","contentUrl":"https:\/\/akatsukianime.com\/wp-content\/uploads\/2025\/09\/Figura-Sanemi-Shinazugawa-Hashira-Training-Arc-Xross-Link.jpg","width":1000,"height":1000,"caption":"Figura Sanemi Shinazugawa (Hashira Training Arc) Xross Link"},{"@type":"BreadcrumbList","@id":"https:\/\/akatsukianime.com\/product\/figura-sanemi-shinazugawa-hashira-training-arc-xross-link\/#breadcrumb","itemListElement":[{"@type":"ListItem","position":1,"name":"Portada","item":"https:\/\/akatsukianime.com\/"},{"@type":"ListItem","position":2,"name":"Tienda","item":"https:\/\/akatsukianime.com\/tienda\/"},{"@type":"ListItem","position":3,"name":"Figura Sanemi Shinazugawa (Hashira Training Arc) Xross Link"}]},{"@type":"WebSite","@id":"https:\/\/akatsukianime.com\/#website","url":"https:\/\/akatsukianime.com\/","name":"Akatsuki anime store","description":"","potentialAction":[{"@type":"SearchAction","target":{"@type":"EntryPoint","urlTemplate":"https:\/\/akatsukianime.com\/?s={search_term_string}"},"query-input":{"@type":"PropertyValueSpecification","valueRequired":true,"valueName":"search_term_string"}}],"inLanguage":"en-US"}]}},"jetpack_sharing_enabled":true,"_links":{"self":[{"href":"https:\/\/akatsukianime.com\/en\/wp-json\/wp\/v2\/product\/6285","targetHints":{"allow":["GET"]}}],"collection":[{"href":"https:\/\/akatsukianime.com\/en\/wp-json\/wp\/v2\/product"}],"about":[{"href":"https:\/\/akatsukianime.com\/en\/wp-json\/wp\/v2\/types\/product"}],"version-history":[{"count":1,"href":"https:\/\/akatsukianime.com\/en\/wp-json\/wp\/v2\/product\/6285\/revisions"}],"predecessor-version":[{"id":6296,"href":"https:\/\/akatsukianime.com\/en\/wp-json\/wp\/v2\/product\/6285\/revisions\/6296"}],"wp:featuredmedia":[{"embeddable":true,"href":"https:\/\/akatsukianime.com\/en\/wp-json\/wp\/v2\/media\/6286"}],"wp:attachment":[{"href":"https:\/\/akatsukianime.com\/en\/wp-json\/wp\/v2\/media?parent=6285"}],"wp:term":[{"taxonomy":"product_cat","embeddable":true,"href":"https:\/\/akatsukianime.com\/en\/wp-json\/wp\/v2\/product_cat?post=6285"},{"taxonomy":"product_tag","embeddable":true,"href":"https:\/\/akatsukianime.com\/en\/wp-json\/wp\/v2\/product_tag?post=6285"}],"curies":[{"name":"wp","href":"https:\/\/api.w.org\/{rel}","templated":true}]}}