{"id":6320,"date":"2025-09-26T18:04:54","date_gmt":"2025-09-26T16:04:54","guid":{"rendered":"https:\/\/akatsukianime.com\/?post_type=product&#038;p=6320"},"modified":"2025-12-18T00:43:48","modified_gmt":"2025-12-17T23:43:48","slug":"figura-nazuna-nanakusa-call-of-the-night-glitter-glamours-banpresto","status":"publish","type":"product","link":"https:\/\/akatsukianime.com\/en\/product\/figura-nazuna-nanakusa-call-of-the-night-glitter-glamours-banpresto\/","title":{"rendered":"NAZUNA NANAKUSA figure \u2013 CALL OF THE NIGHT GLITTER &amp; GLAMORS -Banpresto"},"content":{"rendered":"<p data-start=\"117\" data-end=\"424\"><strong data-start=\"117\" data-end=\"145\">Product description<\/strong><br data-start=\"145\" data-end=\"148\" \/>\u00a1Nazuna Nanakusa se une a la prestigiosa l\u00ednea <strong data-start=\"195\" data-end=\"217\">Glitter &amp; Glamours<\/strong> de Banpresto! Inspirada en el anime <em data-start=\"254\" data-end=\"273\">Call of the Night<\/em>, esta figura de 22 cm captura toda la esencia cautivadora de Nazuna, con un esculpido detallado y acabados brillantes que resaltan su encanto \u00fanico.<\/p>\n<p data-start=\"426\" data-end=\"679\">La colecci\u00f3n <strong data-start=\"439\" data-end=\"461\">Glitter &amp; Glamours<\/strong> se caracteriza por su meticulosa atenci\u00f3n al detalle, presentando figuras que destacan por su elegancia, belleza y presencia imponente, convirti\u00e9ndose en piezas imprescindibles para los coleccionistas m\u00e1s exigentes.<\/p>\n<p data-start=\"681\" data-end=\"815\">No dejes pasar la oportunidad de a\u00f1adir a <strong data-start=\"723\" data-end=\"742\">Nazuna Nanakusa<\/strong> a tu colecci\u00f3n y darle un toque de distinci\u00f3n a tu vitrina de figuras.<\/p>\n<p data-start=\"822\" data-end=\"856\"><strong data-start=\"822\" data-end=\"854\">Product Features<\/strong><\/p>\n<ul data-start=\"857\" data-end=\"1075\">\n<li data-start=\"857\" data-end=\"902\">\n<p data-start=\"859\" data-end=\"902\">Figura de aproximadamente 22 cm de altura<\/p>\n<\/li>\n<li data-start=\"903\" data-end=\"923\">\n<p data-start=\"905\" data-end=\"923\">Made of PVC<\/p>\n<\/li>\n<li data-start=\"924\" data-end=\"966\">\n<p data-start=\"926\" data-end=\"966\">Based on the anime <em data-start=\"945\" data-end=\"964\">Call of the Night<\/em><\/p>\n<\/li>\n<li data-start=\"967\" data-end=\"1011\">\n<p data-start=\"969\" data-end=\"1011\">Part of the line <strong data-start=\"987\" data-end=\"1009\">Glitter &amp; Glamours<\/strong><\/p>\n<\/li>\n<li data-start=\"1012\" data-end=\"1035\">\n<p data-start=\"1014\" data-end=\"1035\">Highly detailed<\/p>\n<\/li>\n<li data-start=\"1036\" data-end=\"1075\">\n<p data-start=\"1038\" data-end=\"1075\">Producto oficial Banpresto con caja<\/p>\n<\/li>\n<\/ul>\n<p data-start=\"1082\" data-end=\"1108\"><strong data-start=\"1082\" data-end=\"1106\">Box contents<\/strong><\/p>\n<ul data-start=\"1109\" data-end=\"1142\">\n<li data-start=\"1109\" data-end=\"1142\">\n<p data-start=\"1111\" data-end=\"1142\">Figure of <strong data-start=\"1121\" data-end=\"1140\">Nazuna Nanakusa<\/strong><\/p>\n<\/li>\n<\/ul>","protected":false},"excerpt":{"rendered":"<p>Descripci\u00f3n del producto\u00a1Nazuna Nanakusa se une a la prestigiosa l\u00ednea Glitter &amp; Glamours de Banpresto! Inspirada en el anime Call<\/p>","protected":false},"featured_media":6328,"template":"","meta":[],"product_cat":[95,65,60],"product_tag":[157,87,385,384],"class_list":{"0":"post-6320","1":"product","2":"type-product","3":"status-publish","4":"has-post-thumbnail","6":"product_cat-banpresto","7":"product_cat-figuras","8":"product_cat-otros","9":"product_tag-banpresto","10":"product_tag-estatua","11":"product_tag-glitter-glamours","12":"product_tag-nazuna-nanakusa","14":"first","15":"outofstock","16":"sold-individually","17":"taxable","18":"shipping-taxable","19":"purchasable","20":"product-type-simple"},"yoast_head":"<!-- This site is optimized with the Yoast SEO plugin v24.2 - https:\/\/yoast.com\/wordpress\/plugins\/seo\/ -->\n<title>Figura NAZUNA NANAKUSA - CALL OF THE NIGHT GLITTER &amp; GLAMOURS -Banpresto - Akatsuki anime store<\/title>\n<meta name=\"description\" content=\"Banpresto presenta a Nazuna Nanakusa en la l\u00ednea Glitter &amp; Glamours. Una figura de 22 cm llena de belleza y detalles \u00fanicos.\" \/>\n<meta name=\"robots\" content=\"index, follow, max-snippet:-1, max-image-preview:large, max-video-preview:-1\" \/>\n<link rel=\"canonical\" href=\"https:\/\/akatsukianime.com\/en\/product\/figura-nazuna-nanakusa-call-of-the-night-glitter-glamours-banpresto\/\" \/>\n<meta property=\"og:locale\" content=\"en_US\" \/>\n<meta property=\"og:type\" content=\"article\" \/>\n<meta property=\"og:title\" content=\"Figura NAZUNA NANAKUSA - CALL OF THE NIGHT GLITTER &amp; GLAMOURS -Banpresto - Akatsuki anime store\" \/>\n<meta property=\"og:description\" content=\"Banpresto presenta a Nazuna Nanakusa en la l\u00ednea Glitter &amp; Glamours. Una figura de 22 cm llena de belleza y detalles \u00fanicos.\" \/>\n<meta property=\"og:url\" content=\"https:\/\/akatsukianime.com\/en\/product\/figura-nazuna-nanakusa-call-of-the-night-glitter-glamours-banpresto\/\" \/>\n<meta property=\"og:site_name\" content=\"Akatsuki anime store\" \/>\n<meta property=\"article:modified_time\" content=\"2025-12-17T23:43:48+00:00\" \/>\n<meta property=\"og:image\" content=\"https:\/\/akatsukianime.com\/wp-content\/uploads\/2025\/09\/Figura-Nazuna-Nanakusa-Banpresto.jpg\" \/>\n\t<meta property=\"og:image:width\" content=\"1000\" \/>\n\t<meta property=\"og:image:height\" content=\"1000\" \/>\n\t<meta property=\"og:image:type\" content=\"image\/jpeg\" \/>\n<meta name=\"twitter:card\" content=\"summary_large_image\" \/>\n<meta name=\"twitter:label1\" content=\"Est. reading time\" \/>\n\t<meta name=\"twitter:data1\" content=\"1 minute\" \/>\n<script type=\"application\/ld+json\" class=\"yoast-schema-graph\">{\"@context\":\"https:\/\/schema.org\",\"@graph\":[{\"@type\":[\"WebPage\",\"ItemPage\"],\"@id\":\"https:\/\/akatsukianime.com\/product\/figura-nazuna-nanakusa-call-of-the-night-glitter-glamours-banpresto\/\",\"url\":\"https:\/\/akatsukianime.com\/product\/figura-nazuna-nanakusa-call-of-the-night-glitter-glamours-banpresto\/\",\"name\":\"Figura NAZUNA NANAKUSA - CALL OF THE NIGHT GLITTER &amp; GLAMOURS -Banpresto - Akatsuki anime store\",\"isPartOf\":{\"@id\":\"https:\/\/akatsukianime.com\/#website\"},\"primaryImageOfPage\":{\"@id\":\"https:\/\/akatsukianime.com\/product\/figura-nazuna-nanakusa-call-of-the-night-glitter-glamours-banpresto\/#primaryimage\"},\"image\":{\"@id\":\"https:\/\/akatsukianime.com\/product\/figura-nazuna-nanakusa-call-of-the-night-glitter-glamours-banpresto\/#primaryimage\"},\"thumbnailUrl\":\"https:\/\/akatsukianime.com\/wp-content\/uploads\/2025\/09\/Figura-Nazuna-Nanakusa-Banpresto.jpg\",\"datePublished\":\"2025-09-26T16:04:54+00:00\",\"dateModified\":\"2025-12-17T23:43:48+00:00\",\"description\":\"Banpresto presenta a Nazuna Nanakusa en la l\u00ednea Glitter & Glamours. Una figura de 22 cm llena de belleza y detalles \u00fanicos.\",\"breadcrumb\":{\"@id\":\"https:\/\/akatsukianime.com\/product\/figura-nazuna-nanakusa-call-of-the-night-glitter-glamours-banpresto\/#breadcrumb\"},\"inLanguage\":\"en-US\",\"potentialAction\":[{\"@type\":\"ReadAction\",\"target\":[\"https:\/\/akatsukianime.com\/product\/figura-nazuna-nanakusa-call-of-the-night-glitter-glamours-banpresto\/\"]}]},{\"@type\":\"ImageObject\",\"inLanguage\":\"en-US\",\"@id\":\"https:\/\/akatsukianime.com\/product\/figura-nazuna-nanakusa-call-of-the-night-glitter-glamours-banpresto\/#primaryimage\",\"url\":\"https:\/\/akatsukianime.com\/wp-content\/uploads\/2025\/09\/Figura-Nazuna-Nanakusa-Banpresto.jpg\",\"contentUrl\":\"https:\/\/akatsukianime.com\/wp-content\/uploads\/2025\/09\/Figura-Nazuna-Nanakusa-Banpresto.jpg\",\"width\":1000,\"height\":1000,\"caption\":\"Figura NAZUNA NANAKUSA - CALL OF THE NIGHT GLITTER & GLAMOURS -Banpresto\"},{\"@type\":\"BreadcrumbList\",\"@id\":\"https:\/\/akatsukianime.com\/product\/figura-nazuna-nanakusa-call-of-the-night-glitter-glamours-banpresto\/#breadcrumb\",\"itemListElement\":[{\"@type\":\"ListItem\",\"position\":1,\"name\":\"Portada\",\"item\":\"https:\/\/akatsukianime.com\/\"},{\"@type\":\"ListItem\",\"position\":2,\"name\":\"Tienda\",\"item\":\"https:\/\/akatsukianime.com\/tienda\/\"},{\"@type\":\"ListItem\",\"position\":3,\"name\":\"Figura NAZUNA NANAKUSA &#8211; CALL OF THE NIGHT GLITTER &amp; GLAMOURS -Banpresto\"}]},{\"@type\":\"WebSite\",\"@id\":\"https:\/\/akatsukianime.com\/#website\",\"url\":\"https:\/\/akatsukianime.com\/\",\"name\":\"Akatsuki anime store\",\"description\":\"\",\"potentialAction\":[{\"@type\":\"SearchAction\",\"target\":{\"@type\":\"EntryPoint\",\"urlTemplate\":\"https:\/\/akatsukianime.com\/?s={search_term_string}\"},\"query-input\":{\"@type\":\"PropertyValueSpecification\",\"valueRequired\":true,\"valueName\":\"search_term_string\"}}],\"inLanguage\":\"en-US\"}]}<\/script>\n<!-- \/ Yoast SEO plugin. -->","yoast_head_json":{"title":"Figura NAZUNA NANAKUSA - CALL OF THE NIGHT GLITTER &amp; GLAMOURS -Banpresto - Akatsuki anime store","description":"Banpresto presenta a Nazuna Nanakusa en la l\u00ednea Glitter & Glamours. Una figura de 22 cm llena de belleza y detalles \u00fanicos.","robots":{"index":"index","follow":"follow","max-snippet":"max-snippet:-1","max-image-preview":"max-image-preview:large","max-video-preview":"max-video-preview:-1"},"canonical":"https:\/\/akatsukianime.com\/en\/product\/figura-nazuna-nanakusa-call-of-the-night-glitter-glamours-banpresto\/","og_locale":"en_US","og_type":"article","og_title":"Figura NAZUNA NANAKUSA - CALL OF THE NIGHT GLITTER &amp; GLAMOURS -Banpresto - Akatsuki anime store","og_description":"Banpresto presenta a Nazuna Nanakusa en la l\u00ednea Glitter & Glamours. Una figura de 22 cm llena de belleza y detalles \u00fanicos.","og_url":"https:\/\/akatsukianime.com\/en\/product\/figura-nazuna-nanakusa-call-of-the-night-glitter-glamours-banpresto\/","og_site_name":"Akatsuki anime store","article_modified_time":"2025-12-17T23:43:48+00:00","og_image":[{"width":1000,"height":1000,"url":"https:\/\/akatsukianime.com\/wp-content\/uploads\/2025\/09\/Figura-Nazuna-Nanakusa-Banpresto.jpg","type":"image\/jpeg"}],"twitter_card":"summary_large_image","twitter_misc":{"Est. reading time":"1 minute"},"schema":{"@context":"https:\/\/schema.org","@graph":[{"@type":["WebPage","ItemPage"],"@id":"https:\/\/akatsukianime.com\/product\/figura-nazuna-nanakusa-call-of-the-night-glitter-glamours-banpresto\/","url":"https:\/\/akatsukianime.com\/product\/figura-nazuna-nanakusa-call-of-the-night-glitter-glamours-banpresto\/","name":"Figura NAZUNA NANAKUSA - CALL OF THE NIGHT GLITTER &amp; GLAMOURS -Banpresto - Akatsuki anime store","isPartOf":{"@id":"https:\/\/akatsukianime.com\/#website"},"primaryImageOfPage":{"@id":"https:\/\/akatsukianime.com\/product\/figura-nazuna-nanakusa-call-of-the-night-glitter-glamours-banpresto\/#primaryimage"},"image":{"@id":"https:\/\/akatsukianime.com\/product\/figura-nazuna-nanakusa-call-of-the-night-glitter-glamours-banpresto\/#primaryimage"},"thumbnailUrl":"https:\/\/akatsukianime.com\/wp-content\/uploads\/2025\/09\/Figura-Nazuna-Nanakusa-Banpresto.jpg","datePublished":"2025-09-26T16:04:54+00:00","dateModified":"2025-12-17T23:43:48+00:00","description":"Banpresto presenta a Nazuna Nanakusa en la l\u00ednea Glitter & Glamours. Una figura de 22 cm llena de belleza y detalles \u00fanicos.","breadcrumb":{"@id":"https:\/\/akatsukianime.com\/product\/figura-nazuna-nanakusa-call-of-the-night-glitter-glamours-banpresto\/#breadcrumb"},"inLanguage":"en-US","potentialAction":[{"@type":"ReadAction","target":["https:\/\/akatsukianime.com\/product\/figura-nazuna-nanakusa-call-of-the-night-glitter-glamours-banpresto\/"]}]},{"@type":"ImageObject","inLanguage":"en-US","@id":"https:\/\/akatsukianime.com\/product\/figura-nazuna-nanakusa-call-of-the-night-glitter-glamours-banpresto\/#primaryimage","url":"https:\/\/akatsukianime.com\/wp-content\/uploads\/2025\/09\/Figura-Nazuna-Nanakusa-Banpresto.jpg","contentUrl":"https:\/\/akatsukianime.com\/wp-content\/uploads\/2025\/09\/Figura-Nazuna-Nanakusa-Banpresto.jpg","width":1000,"height":1000,"caption":"Figura NAZUNA NANAKUSA - CALL OF THE NIGHT GLITTER & GLAMOURS -Banpresto"},{"@type":"BreadcrumbList","@id":"https:\/\/akatsukianime.com\/product\/figura-nazuna-nanakusa-call-of-the-night-glitter-glamours-banpresto\/#breadcrumb","itemListElement":[{"@type":"ListItem","position":1,"name":"Portada","item":"https:\/\/akatsukianime.com\/"},{"@type":"ListItem","position":2,"name":"Tienda","item":"https:\/\/akatsukianime.com\/tienda\/"},{"@type":"ListItem","position":3,"name":"Figura NAZUNA NANAKUSA &#8211; CALL OF THE NIGHT GLITTER &amp; GLAMOURS -Banpresto"}]},{"@type":"WebSite","@id":"https:\/\/akatsukianime.com\/#website","url":"https:\/\/akatsukianime.com\/","name":"Akatsuki anime store","description":"","potentialAction":[{"@type":"SearchAction","target":{"@type":"EntryPoint","urlTemplate":"https:\/\/akatsukianime.com\/?s={search_term_string}"},"query-input":{"@type":"PropertyValueSpecification","valueRequired":true,"valueName":"search_term_string"}}],"inLanguage":"en-US"}]}},"jetpack_sharing_enabled":true,"_links":{"self":[{"href":"https:\/\/akatsukianime.com\/en\/wp-json\/wp\/v2\/product\/6320","targetHints":{"allow":["GET"]}}],"collection":[{"href":"https:\/\/akatsukianime.com\/en\/wp-json\/wp\/v2\/product"}],"about":[{"href":"https:\/\/akatsukianime.com\/en\/wp-json\/wp\/v2\/types\/product"}],"version-history":[{"count":2,"href":"https:\/\/akatsukianime.com\/en\/wp-json\/wp\/v2\/product\/6320\/revisions"}],"predecessor-version":[{"id":6361,"href":"https:\/\/akatsukianime.com\/en\/wp-json\/wp\/v2\/product\/6320\/revisions\/6361"}],"wp:featuredmedia":[{"embeddable":true,"href":"https:\/\/akatsukianime.com\/en\/wp-json\/wp\/v2\/media\/6328"}],"wp:attachment":[{"href":"https:\/\/akatsukianime.com\/en\/wp-json\/wp\/v2\/media?parent=6320"}],"wp:term":[{"taxonomy":"product_cat","embeddable":true,"href":"https:\/\/akatsukianime.com\/en\/wp-json\/wp\/v2\/product_cat?post=6320"},{"taxonomy":"product_tag","embeddable":true,"href":"https:\/\/akatsukianime.com\/en\/wp-json\/wp\/v2\/product_tag?post=6320"}],"curies":[{"name":"wp","href":"https:\/\/api.w.org\/{rel}","templated":true}]}}