{"id":6409,"date":"2025-09-29T18:21:48","date_gmt":"2025-09-29T16:21:48","guid":{"rendered":"https:\/\/akatsukianime.com\/?post_type=product&#038;p=6409"},"modified":"2026-01-13T11:42:42","modified_gmt":"2026-01-13T10:42:42","slug":"figura-himmel-flower-crown-frieren-beyond-journeys-end-espresto-banpresto","status":"publish","type":"product","link":"https:\/\/akatsukianime.com\/en\/product\/figura-himmel-flower-crown-frieren-beyond-journeys-end-espresto-banpresto\/","title":{"rendered":"Himmel Figure (Flower Crown) Frieren: Beyond Journey&#039;s End Espresto Banpresto"},"content":{"rendered":"<p data-start=\"90\" data-end=\"479\"><strong data-start=\"90\" data-end=\"118\">Product description<\/strong><br data-start=\"118\" data-end=\"121\" \/>\u00a1Banpresto presenta con orgullo una nueva entrega en su aclamada l\u00ednea <strong data-start=\"192\" data-end=\"204\">Espresto<\/strong>: la figura del legendario h\u00e9roe <strong data-start=\"237\" data-end=\"247\">Himmel<\/strong>! Inspirado en el exitoso anime <em data-start=\"279\" data-end=\"310\">Frieren: Beyond Journey&#039;s End<\/em>, Himmel aparece con sus tradicionales t\u00fanicas azules y blancas mientras recibe con ternura una corona de flores puesta en su cabeza por su gran amor secreto, Frieren.<\/p>\n<p data-start=\"481\" data-end=\"775\">Con un esculpido lleno de detalle y un acabado de alta calidad, esta figura captura toda la nobleza y sensibilidad del personaje, convirti\u00e9ndose en una pieza imprescindible para los fans de la serie y coleccionistas de figuras de anime. \u00a1Haz crecer tu colecci\u00f3n y a\u00f1ade a Himmel a tu vitrina!<\/p>\n<p data-start=\"782\" data-end=\"816\"><strong data-start=\"782\" data-end=\"814\">Product Features<\/strong><\/p>\n<ul data-start=\"817\" data-end=\"1003\">\n<li data-start=\"817\" data-end=\"845\">\n<p data-start=\"819\" data-end=\"845\">Altura aproximada: 15 cm<\/p>\n<\/li>\n<li data-start=\"846\" data-end=\"871\">\n<p data-start=\"848\" data-end=\"871\">Made of plastic<\/p>\n<\/li>\n<li data-start=\"872\" data-end=\"926\">\n<p data-start=\"874\" data-end=\"926\">Based on the anime <em data-start=\"893\" data-end=\"924\">Frieren: Beyond Journey&#039;s End<\/em><\/p>\n<\/li>\n<li data-start=\"927\" data-end=\"961\">\n<p data-start=\"929\" data-end=\"961\">Part of the line <strong data-start=\"947\" data-end=\"959\">Espresto<\/strong><\/p>\n<\/li>\n<li data-start=\"962\" data-end=\"985\">\n<p data-start=\"964\" data-end=\"985\">Highly detailed<\/p>\n<\/li>\n<li data-start=\"986\" data-end=\"1003\">\n<p data-start=\"988\" data-end=\"1003\">Not articulated<\/p>\n<\/li>\n<\/ul>\n<p data-start=\"1010\" data-end=\"1036\"><strong data-start=\"1010\" data-end=\"1034\">Box contents<\/strong><\/p>\n<ul data-start=\"1037\" data-end=\"1061\">\n<li data-start=\"1037\" data-end=\"1061\">\n<p data-start=\"1039\" data-end=\"1061\">Figure of <strong data-start=\"1049\" data-end=\"1059\">Himmel<\/strong><\/p>\n<\/li>\n<\/ul>","protected":false},"excerpt":{"rendered":"<p>Descripci\u00f3n del producto\u00a1Banpresto presenta con orgullo una nueva entrega en su aclamada l\u00ednea Espresto: la figura del legendario h\u00e9roe Himmel!<\/p>","protected":false},"featured_media":6417,"template":"","meta":[],"product_cat":[327,95,65,61],"product_tag":[157,87,399,304],"class_list":{"0":"post-6409","1":"product","2":"type-product","3":"status-publish","4":"has-post-thumbnail","6":"product_cat-sousou-no-frieren","7":"product_cat-banpresto","8":"product_cat-figuras","9":"product_cat-novedades","10":"product_tag-banpresto","11":"product_tag-estatua","12":"product_tag-himmel","13":"product_tag-sousou-no-frieren","15":"first","16":"outofstock","17":"sold-individually","18":"taxable","19":"shipping-taxable","20":"purchasable","21":"product-type-simple"},"yoast_head":"<!-- This site is optimized with the Yoast SEO plugin v24.2 - https:\/\/yoast.com\/wordpress\/plugins\/seo\/ -->\n<title>Figura Himmel (Flower Crown) Frieren: Beyond Journey&#039;s End Espresto Banpresto - Akatsuki anime store<\/title>\n<meta name=\"description\" content=\"El h\u00e9roe Himmel de Frieren llega en la l\u00ednea Espresto de Banpresto. Figura de 15 cm con detalles exquisitos para tu colecci\u00f3n.\" \/>\n<meta name=\"robots\" content=\"index, follow, max-snippet:-1, max-image-preview:large, max-video-preview:-1\" \/>\n<link rel=\"canonical\" href=\"https:\/\/akatsukianime.com\/en\/product\/figura-himmel-flower-crown-frieren-beyond-journeys-end-espresto-banpresto\/\" \/>\n<meta property=\"og:locale\" content=\"en_US\" \/>\n<meta property=\"og:type\" content=\"article\" \/>\n<meta property=\"og:title\" content=\"Figura Himmel (Flower Crown) Frieren: Beyond Journey&#039;s End Espresto Banpresto - Akatsuki anime store\" \/>\n<meta property=\"og:description\" content=\"El h\u00e9roe Himmel de Frieren llega en la l\u00ednea Espresto de Banpresto. Figura de 15 cm con detalles exquisitos para tu colecci\u00f3n.\" \/>\n<meta property=\"og:url\" content=\"https:\/\/akatsukianime.com\/en\/product\/figura-himmel-flower-crown-frieren-beyond-journeys-end-espresto-banpresto\/\" \/>\n<meta property=\"og:site_name\" content=\"Akatsuki anime store\" \/>\n<meta property=\"article:modified_time\" content=\"2026-01-13T10:42:42+00:00\" \/>\n<meta property=\"og:image\" content=\"https:\/\/akatsukianime.com\/wp-content\/uploads\/2025\/09\/Figura-Espresto-Banpresto-Himmel.jpg\" \/>\n\t<meta property=\"og:image:width\" content=\"1000\" \/>\n\t<meta property=\"og:image:height\" content=\"1000\" \/>\n\t<meta property=\"og:image:type\" content=\"image\/jpeg\" \/>\n<meta name=\"twitter:card\" content=\"summary_large_image\" \/>\n<meta name=\"twitter:label1\" content=\"Est. reading time\" \/>\n\t<meta name=\"twitter:data1\" content=\"1 minute\" \/>\n<script type=\"application\/ld+json\" class=\"yoast-schema-graph\">{\"@context\":\"https:\/\/schema.org\",\"@graph\":[{\"@type\":[\"WebPage\",\"ItemPage\"],\"@id\":\"https:\/\/akatsukianime.com\/product\/figura-himmel-flower-crown-frieren-beyond-journeys-end-espresto-banpresto\/\",\"url\":\"https:\/\/akatsukianime.com\/product\/figura-himmel-flower-crown-frieren-beyond-journeys-end-espresto-banpresto\/\",\"name\":\"Figura Himmel (Flower Crown) Frieren: Beyond Journey's End Espresto Banpresto - Akatsuki anime store\",\"isPartOf\":{\"@id\":\"https:\/\/akatsukianime.com\/#website\"},\"primaryImageOfPage\":{\"@id\":\"https:\/\/akatsukianime.com\/product\/figura-himmel-flower-crown-frieren-beyond-journeys-end-espresto-banpresto\/#primaryimage\"},\"image\":{\"@id\":\"https:\/\/akatsukianime.com\/product\/figura-himmel-flower-crown-frieren-beyond-journeys-end-espresto-banpresto\/#primaryimage\"},\"thumbnailUrl\":\"https:\/\/akatsukianime.com\/wp-content\/uploads\/2025\/09\/Figura-Espresto-Banpresto-Himmel.jpg\",\"datePublished\":\"2025-09-29T16:21:48+00:00\",\"dateModified\":\"2026-01-13T10:42:42+00:00\",\"description\":\"El h\u00e9roe Himmel de Frieren llega en la l\u00ednea Espresto de Banpresto. Figura de 15 cm con detalles exquisitos para tu colecci\u00f3n.\",\"breadcrumb\":{\"@id\":\"https:\/\/akatsukianime.com\/product\/figura-himmel-flower-crown-frieren-beyond-journeys-end-espresto-banpresto\/#breadcrumb\"},\"inLanguage\":\"en-US\",\"potentialAction\":[{\"@type\":\"ReadAction\",\"target\":[\"https:\/\/akatsukianime.com\/product\/figura-himmel-flower-crown-frieren-beyond-journeys-end-espresto-banpresto\/\"]}]},{\"@type\":\"ImageObject\",\"inLanguage\":\"en-US\",\"@id\":\"https:\/\/akatsukianime.com\/product\/figura-himmel-flower-crown-frieren-beyond-journeys-end-espresto-banpresto\/#primaryimage\",\"url\":\"https:\/\/akatsukianime.com\/wp-content\/uploads\/2025\/09\/Figura-Espresto-Banpresto-Himmel.jpg\",\"contentUrl\":\"https:\/\/akatsukianime.com\/wp-content\/uploads\/2025\/09\/Figura-Espresto-Banpresto-Himmel.jpg\",\"width\":1000,\"height\":1000,\"caption\":\"Figura Espresto Banpresto Himmel\"},{\"@type\":\"BreadcrumbList\",\"@id\":\"https:\/\/akatsukianime.com\/product\/figura-himmel-flower-crown-frieren-beyond-journeys-end-espresto-banpresto\/#breadcrumb\",\"itemListElement\":[{\"@type\":\"ListItem\",\"position\":1,\"name\":\"Portada\",\"item\":\"https:\/\/akatsukianime.com\/\"},{\"@type\":\"ListItem\",\"position\":2,\"name\":\"Tienda\",\"item\":\"https:\/\/akatsukianime.com\/tienda\/\"},{\"@type\":\"ListItem\",\"position\":3,\"name\":\"Figura Himmel (Flower Crown) Frieren: Beyond Journey&#8217;s End Espresto Banpresto\"}]},{\"@type\":\"WebSite\",\"@id\":\"https:\/\/akatsukianime.com\/#website\",\"url\":\"https:\/\/akatsukianime.com\/\",\"name\":\"Akatsuki anime store\",\"description\":\"\",\"potentialAction\":[{\"@type\":\"SearchAction\",\"target\":{\"@type\":\"EntryPoint\",\"urlTemplate\":\"https:\/\/akatsukianime.com\/?s={search_term_string}\"},\"query-input\":{\"@type\":\"PropertyValueSpecification\",\"valueRequired\":true,\"valueName\":\"search_term_string\"}}],\"inLanguage\":\"en-US\"}]}<\/script>\n<!-- \/ Yoast SEO plugin. -->","yoast_head_json":{"title":"Figura Himmel (Flower Crown) Frieren: Beyond Journey's End Espresto Banpresto - Akatsuki anime store","description":"El h\u00e9roe Himmel de Frieren llega en la l\u00ednea Espresto de Banpresto. Figura de 15 cm con detalles exquisitos para tu colecci\u00f3n.","robots":{"index":"index","follow":"follow","max-snippet":"max-snippet:-1","max-image-preview":"max-image-preview:large","max-video-preview":"max-video-preview:-1"},"canonical":"https:\/\/akatsukianime.com\/en\/product\/figura-himmel-flower-crown-frieren-beyond-journeys-end-espresto-banpresto\/","og_locale":"en_US","og_type":"article","og_title":"Figura Himmel (Flower Crown) Frieren: Beyond Journey's End Espresto Banpresto - Akatsuki anime store","og_description":"El h\u00e9roe Himmel de Frieren llega en la l\u00ednea Espresto de Banpresto. Figura de 15 cm con detalles exquisitos para tu colecci\u00f3n.","og_url":"https:\/\/akatsukianime.com\/en\/product\/figura-himmel-flower-crown-frieren-beyond-journeys-end-espresto-banpresto\/","og_site_name":"Akatsuki anime store","article_modified_time":"2026-01-13T10:42:42+00:00","og_image":[{"width":1000,"height":1000,"url":"https:\/\/akatsukianime.com\/wp-content\/uploads\/2025\/09\/Figura-Espresto-Banpresto-Himmel.jpg","type":"image\/jpeg"}],"twitter_card":"summary_large_image","twitter_misc":{"Est. reading time":"1 minute"},"schema":{"@context":"https:\/\/schema.org","@graph":[{"@type":["WebPage","ItemPage"],"@id":"https:\/\/akatsukianime.com\/product\/figura-himmel-flower-crown-frieren-beyond-journeys-end-espresto-banpresto\/","url":"https:\/\/akatsukianime.com\/product\/figura-himmel-flower-crown-frieren-beyond-journeys-end-espresto-banpresto\/","name":"Figura Himmel (Flower Crown) Frieren: Beyond Journey's End Espresto Banpresto - Akatsuki anime store","isPartOf":{"@id":"https:\/\/akatsukianime.com\/#website"},"primaryImageOfPage":{"@id":"https:\/\/akatsukianime.com\/product\/figura-himmel-flower-crown-frieren-beyond-journeys-end-espresto-banpresto\/#primaryimage"},"image":{"@id":"https:\/\/akatsukianime.com\/product\/figura-himmel-flower-crown-frieren-beyond-journeys-end-espresto-banpresto\/#primaryimage"},"thumbnailUrl":"https:\/\/akatsukianime.com\/wp-content\/uploads\/2025\/09\/Figura-Espresto-Banpresto-Himmel.jpg","datePublished":"2025-09-29T16:21:48+00:00","dateModified":"2026-01-13T10:42:42+00:00","description":"El h\u00e9roe Himmel de Frieren llega en la l\u00ednea Espresto de Banpresto. Figura de 15 cm con detalles exquisitos para tu colecci\u00f3n.","breadcrumb":{"@id":"https:\/\/akatsukianime.com\/product\/figura-himmel-flower-crown-frieren-beyond-journeys-end-espresto-banpresto\/#breadcrumb"},"inLanguage":"en-US","potentialAction":[{"@type":"ReadAction","target":["https:\/\/akatsukianime.com\/product\/figura-himmel-flower-crown-frieren-beyond-journeys-end-espresto-banpresto\/"]}]},{"@type":"ImageObject","inLanguage":"en-US","@id":"https:\/\/akatsukianime.com\/product\/figura-himmel-flower-crown-frieren-beyond-journeys-end-espresto-banpresto\/#primaryimage","url":"https:\/\/akatsukianime.com\/wp-content\/uploads\/2025\/09\/Figura-Espresto-Banpresto-Himmel.jpg","contentUrl":"https:\/\/akatsukianime.com\/wp-content\/uploads\/2025\/09\/Figura-Espresto-Banpresto-Himmel.jpg","width":1000,"height":1000,"caption":"Figura Espresto Banpresto Himmel"},{"@type":"BreadcrumbList","@id":"https:\/\/akatsukianime.com\/product\/figura-himmel-flower-crown-frieren-beyond-journeys-end-espresto-banpresto\/#breadcrumb","itemListElement":[{"@type":"ListItem","position":1,"name":"Portada","item":"https:\/\/akatsukianime.com\/"},{"@type":"ListItem","position":2,"name":"Tienda","item":"https:\/\/akatsukianime.com\/tienda\/"},{"@type":"ListItem","position":3,"name":"Figura Himmel (Flower Crown) Frieren: Beyond Journey&#8217;s End Espresto Banpresto"}]},{"@type":"WebSite","@id":"https:\/\/akatsukianime.com\/#website","url":"https:\/\/akatsukianime.com\/","name":"Akatsuki anime store","description":"","potentialAction":[{"@type":"SearchAction","target":{"@type":"EntryPoint","urlTemplate":"https:\/\/akatsukianime.com\/?s={search_term_string}"},"query-input":{"@type":"PropertyValueSpecification","valueRequired":true,"valueName":"search_term_string"}}],"inLanguage":"en-US"}]}},"jetpack_sharing_enabled":true,"_links":{"self":[{"href":"https:\/\/akatsukianime.com\/en\/wp-json\/wp\/v2\/product\/6409","targetHints":{"allow":["GET"]}}],"collection":[{"href":"https:\/\/akatsukianime.com\/en\/wp-json\/wp\/v2\/product"}],"about":[{"href":"https:\/\/akatsukianime.com\/en\/wp-json\/wp\/v2\/types\/product"}],"version-history":[{"count":3,"href":"https:\/\/akatsukianime.com\/en\/wp-json\/wp\/v2\/product\/6409\/revisions"}],"predecessor-version":[{"id":6680,"href":"https:\/\/akatsukianime.com\/en\/wp-json\/wp\/v2\/product\/6409\/revisions\/6680"}],"wp:featuredmedia":[{"embeddable":true,"href":"https:\/\/akatsukianime.com\/en\/wp-json\/wp\/v2\/media\/6417"}],"wp:attachment":[{"href":"https:\/\/akatsukianime.com\/en\/wp-json\/wp\/v2\/media?parent=6409"}],"wp:term":[{"taxonomy":"product_cat","embeddable":true,"href":"https:\/\/akatsukianime.com\/en\/wp-json\/wp\/v2\/product_cat?post=6409"},{"taxonomy":"product_tag","embeddable":true,"href":"https:\/\/akatsukianime.com\/en\/wp-json\/wp\/v2\/product_tag?post=6409"}],"curies":[{"name":"wp","href":"https:\/\/api.w.org\/{rel}","templated":true}]}}