{"id":6457,"date":"2025-10-09T16:26:41","date_gmt":"2025-10-09T14:26:41","guid":{"rendered":"https:\/\/akatsukianime.com\/?post_type=product&#038;p=6457"},"modified":"2026-01-08T11:55:15","modified_gmt":"2026-01-08T10:55:15","slug":"figura-s-h-figuarts-malenia-elden-ring","status":"publish","type":"product","link":"https:\/\/akatsukianime.com\/en\/product\/figura-s-h-figuarts-malenia-elden-ring\/","title":{"rendered":"SHFiguarts Malenia Elden Ring Figure"},"content":{"rendered":"<p data-start=\"132\" data-end=\"232\"><strong data-start=\"132\" data-end=\"160\">Product description<\/strong><br data-start=\"160\" data-end=\"163\" \/><em data-start=\"163\" data-end=\"230\">\u00abI am Malenia, Blade of Miquella, and I have never known defeat.\u00bb<\/em><\/p>\n<p data-start=\"234\" data-end=\"550\">La imponente <strong data-start=\"247\" data-end=\"277\">Malenia, Blade of Miquella<\/strong>, del aclamado videojuego <strong data-start=\"303\" data-end=\"317\">Elden Ring<\/strong>, llega a la l\u00ednea <strong data-start=\"336\" data-end=\"352\">SHFiguarts<\/strong> con un nivel de detalle y articulaci\u00f3n excepcionales. Esta figura de 19 cm captura toda la majestuosidad y ferocidad de la legendaria guerrera, conocida por su duelo inolvidable contra el Sinluz.<\/p>\n<p data-start=\"552\" data-end=\"892\">Fabricada con materiales de alta calidad (ABS, PVC y tela), incluye una amplia variedad de piezas intercambiables, como su ic\u00f3nica espada prot\u00e9sica, para recrear con precisi\u00f3n las escenas m\u00e1s memorables del juego. Su capa incorpora alambres internos que permiten ajustarla din\u00e1micamente, ofreciendo poses realistas y llenas de movimiento.<\/p>\n<p data-start=\"894\" data-end=\"999\">Una pieza imprescindible para los fans de <em data-start=\"936\" data-end=\"948\">Elden Ring<\/em> y coleccionistas de figuras articuladas premium.<\/p>\n<p data-start=\"1006\" data-end=\"1040\"><strong data-start=\"1006\" data-end=\"1038\">Product Features<\/strong><\/p>\n<ul data-start=\"1041\" data-end=\"1262\">\n<li data-start=\"1041\" data-end=\"1069\">\n<p data-start=\"1043\" data-end=\"1069\">Altura aproximada: 19 cm<\/p>\n<\/li>\n<li data-start=\"1070\" data-end=\"1101\">\n<p data-start=\"1072\" data-end=\"1101\">Materials: ABS, PVC and fabric<\/p>\n<\/li>\n<li data-start=\"1102\" data-end=\"1142\">\n<p data-start=\"1104\" data-end=\"1142\">Based on the video game <em data-start=\"1128\" data-end=\"1140\">Elden Ring<\/em><\/p>\n<\/li>\n<li data-start=\"1143\" data-end=\"1188\">\n<p data-start=\"1145\" data-end=\"1188\">Perteneciente a la l\u00ednea <strong data-start=\"1170\" data-end=\"1186\">SHFiguarts<\/strong><\/p>\n<\/li>\n<li data-start=\"1189\" data-end=\"1214\">\n<p data-start=\"1191\" data-end=\"1214\">Fully articulated<\/p>\n<\/li>\n<li data-start=\"1215\" data-end=\"1262\">\n<p data-start=\"1217\" data-end=\"1262\">Includes interchangeable parts and accessories<\/p>\n<\/li>\n<\/ul>\n<p data-start=\"1269\" data-end=\"1295\"><strong data-start=\"1269\" data-end=\"1293\">Box contents<\/strong><\/p>\n<ul data-start=\"1296\" data-end=\"1471\">\n<li data-start=\"1296\" data-end=\"1340\">\n<p data-start=\"1298\" data-end=\"1340\">Figure of <strong data-start=\"1308\" data-end=\"1338\">Malenia, Blade of Miquella<\/strong><\/p>\n<\/li>\n<li data-start=\"1341\" data-end=\"1388\">\n<p data-start=\"1343\" data-end=\"1388\">2 tipos de manos izquierdas intercambiables<\/p>\n<\/li>\n<li data-start=\"1389\" data-end=\"1419\">\n<p data-start=\"1391\" data-end=\"1419\">Partes de espada prot\u00e9sica<\/p>\n<\/li>\n<li data-start=\"1420\" data-end=\"1451\">\n<p data-start=\"1422\" data-end=\"1451\">Parte de falda reemplazable<\/p>\n<\/li>\n<li data-start=\"1452\" data-end=\"1471\">\n<p data-start=\"1454\" data-end=\"1471\">Support base<\/p>\n<\/li>\n<\/ul>","protected":false},"excerpt":{"rendered":"<p>Descripci\u00f3n del producto\u00abI am Malenia, Blade of Miquella, and I have never known defeat.\u00bb La imponente Malenia, Blade of Miquella,<\/p>","protected":false},"featured_media":6461,"template":"","meta":[],"product_cat":[275,91,65,61,60],"product_tag":[400,401,360,85],"class_list":{"0":"post-6457","1":"product","2":"type-product","3":"status-publish","4":"has-post-thumbnail","6":"product_cat-s-h-figuarts","7":"product_cat-tamashii-nations","8":"product_cat-figuras","9":"product_cat-novedades","10":"product_cat-otros","11":"product_tag-elden-ring","12":"product_tag-malenia","13":"product_tag-s-h-figuarts","14":"product_tag-tamashii-nations","16":"first","17":"outofstock","18":"sold-individually","19":"taxable","20":"shipping-taxable","21":"purchasable","22":"product-type-simple"},"yoast_head":"<!-- This site is optimized with the Yoast SEO plugin v24.2 - https:\/\/yoast.com\/wordpress\/plugins\/seo\/ -->\n<title>Figura S.H.Figuarts Malenia Elden Ring - Akatsuki anime store<\/title>\n<meta name=\"description\" content=\"Malenia, Blade of Miquella de Elden Ring, llega a S.H.Figuarts. Figura articulada de 19 cm con detalles y accesorios incre\u00edbles.\" \/>\n<meta name=\"robots\" content=\"index, follow, max-snippet:-1, max-image-preview:large, max-video-preview:-1\" \/>\n<link rel=\"canonical\" href=\"https:\/\/akatsukianime.com\/en\/product\/figura-s-h-figuarts-malenia-elden-ring\/\" \/>\n<meta property=\"og:locale\" content=\"en_US\" \/>\n<meta property=\"og:type\" content=\"article\" \/>\n<meta property=\"og:title\" content=\"Figura S.H.Figuarts Malenia Elden Ring - Akatsuki anime store\" \/>\n<meta property=\"og:description\" content=\"Malenia, Blade of Miquella de Elden Ring, llega a S.H.Figuarts. Figura articulada de 19 cm con detalles y accesorios incre\u00edbles.\" \/>\n<meta property=\"og:url\" content=\"https:\/\/akatsukianime.com\/en\/product\/figura-s-h-figuarts-malenia-elden-ring\/\" \/>\n<meta property=\"og:site_name\" content=\"Akatsuki anime store\" \/>\n<meta property=\"article:modified_time\" content=\"2026-01-08T10:55:15+00:00\" \/>\n<meta property=\"og:image\" content=\"https:\/\/akatsukianime.com\/wp-content\/uploads\/2025\/10\/Figura-S.H.Figuarts-Malenia-Elden-Ring.jpg\" \/>\n\t<meta property=\"og:image:width\" content=\"1000\" \/>\n\t<meta property=\"og:image:height\" content=\"1000\" \/>\n\t<meta property=\"og:image:type\" content=\"image\/jpeg\" \/>\n<meta name=\"twitter:card\" content=\"summary_large_image\" \/>\n<meta name=\"twitter:label1\" content=\"Est. reading time\" \/>\n\t<meta name=\"twitter:data1\" content=\"2 minutes\" \/>\n<script type=\"application\/ld+json\" class=\"yoast-schema-graph\">{\"@context\":\"https:\/\/schema.org\",\"@graph\":[{\"@type\":[\"WebPage\",\"ItemPage\"],\"@id\":\"https:\/\/akatsukianime.com\/product\/figura-s-h-figuarts-malenia-elden-ring\/\",\"url\":\"https:\/\/akatsukianime.com\/product\/figura-s-h-figuarts-malenia-elden-ring\/\",\"name\":\"Figura S.H.Figuarts Malenia Elden Ring - Akatsuki anime store\",\"isPartOf\":{\"@id\":\"https:\/\/akatsukianime.com\/#website\"},\"primaryImageOfPage\":{\"@id\":\"https:\/\/akatsukianime.com\/product\/figura-s-h-figuarts-malenia-elden-ring\/#primaryimage\"},\"image\":{\"@id\":\"https:\/\/akatsukianime.com\/product\/figura-s-h-figuarts-malenia-elden-ring\/#primaryimage\"},\"thumbnailUrl\":\"https:\/\/akatsukianime.com\/wp-content\/uploads\/2025\/10\/Figura-S.H.Figuarts-Malenia-Elden-Ring.jpg\",\"datePublished\":\"2025-10-09T14:26:41+00:00\",\"dateModified\":\"2026-01-08T10:55:15+00:00\",\"description\":\"Malenia, Blade of Miquella de Elden Ring, llega a S.H.Figuarts. Figura articulada de 19 cm con detalles y accesorios incre\u00edbles.\",\"breadcrumb\":{\"@id\":\"https:\/\/akatsukianime.com\/product\/figura-s-h-figuarts-malenia-elden-ring\/#breadcrumb\"},\"inLanguage\":\"en-US\",\"potentialAction\":[{\"@type\":\"ReadAction\",\"target\":[\"https:\/\/akatsukianime.com\/product\/figura-s-h-figuarts-malenia-elden-ring\/\"]}]},{\"@type\":\"ImageObject\",\"inLanguage\":\"en-US\",\"@id\":\"https:\/\/akatsukianime.com\/product\/figura-s-h-figuarts-malenia-elden-ring\/#primaryimage\",\"url\":\"https:\/\/akatsukianime.com\/wp-content\/uploads\/2025\/10\/Figura-S.H.Figuarts-Malenia-Elden-Ring.jpg\",\"contentUrl\":\"https:\/\/akatsukianime.com\/wp-content\/uploads\/2025\/10\/Figura-S.H.Figuarts-Malenia-Elden-Ring.jpg\",\"width\":1000,\"height\":1000,\"caption\":\"Figura S.H.Figuarts Malenia Elden Ring\"},{\"@type\":\"BreadcrumbList\",\"@id\":\"https:\/\/akatsukianime.com\/product\/figura-s-h-figuarts-malenia-elden-ring\/#breadcrumb\",\"itemListElement\":[{\"@type\":\"ListItem\",\"position\":1,\"name\":\"Portada\",\"item\":\"https:\/\/akatsukianime.com\/\"},{\"@type\":\"ListItem\",\"position\":2,\"name\":\"Tienda\",\"item\":\"https:\/\/akatsukianime.com\/tienda\/\"},{\"@type\":\"ListItem\",\"position\":3,\"name\":\"Figura S.H.Figuarts Malenia Elden Ring\"}]},{\"@type\":\"WebSite\",\"@id\":\"https:\/\/akatsukianime.com\/#website\",\"url\":\"https:\/\/akatsukianime.com\/\",\"name\":\"Akatsuki anime store\",\"description\":\"\",\"potentialAction\":[{\"@type\":\"SearchAction\",\"target\":{\"@type\":\"EntryPoint\",\"urlTemplate\":\"https:\/\/akatsukianime.com\/?s={search_term_string}\"},\"query-input\":{\"@type\":\"PropertyValueSpecification\",\"valueRequired\":true,\"valueName\":\"search_term_string\"}}],\"inLanguage\":\"en-US\"}]}<\/script>\n<!-- \/ Yoast SEO plugin. -->","yoast_head_json":{"title":"Figura S.H.Figuarts Malenia Elden Ring - Akatsuki anime store","description":"Malenia, Blade of Miquella de Elden Ring, llega a S.H.Figuarts. Figura articulada de 19 cm con detalles y accesorios incre\u00edbles.","robots":{"index":"index","follow":"follow","max-snippet":"max-snippet:-1","max-image-preview":"max-image-preview:large","max-video-preview":"max-video-preview:-1"},"canonical":"https:\/\/akatsukianime.com\/en\/product\/figura-s-h-figuarts-malenia-elden-ring\/","og_locale":"en_US","og_type":"article","og_title":"Figura S.H.Figuarts Malenia Elden Ring - Akatsuki anime store","og_description":"Malenia, Blade of Miquella de Elden Ring, llega a S.H.Figuarts. Figura articulada de 19 cm con detalles y accesorios incre\u00edbles.","og_url":"https:\/\/akatsukianime.com\/en\/product\/figura-s-h-figuarts-malenia-elden-ring\/","og_site_name":"Akatsuki anime store","article_modified_time":"2026-01-08T10:55:15+00:00","og_image":[{"width":1000,"height":1000,"url":"https:\/\/akatsukianime.com\/wp-content\/uploads\/2025\/10\/Figura-S.H.Figuarts-Malenia-Elden-Ring.jpg","type":"image\/jpeg"}],"twitter_card":"summary_large_image","twitter_misc":{"Est. reading time":"2 minutes"},"schema":{"@context":"https:\/\/schema.org","@graph":[{"@type":["WebPage","ItemPage"],"@id":"https:\/\/akatsukianime.com\/product\/figura-s-h-figuarts-malenia-elden-ring\/","url":"https:\/\/akatsukianime.com\/product\/figura-s-h-figuarts-malenia-elden-ring\/","name":"Figura S.H.Figuarts Malenia Elden Ring - Akatsuki anime store","isPartOf":{"@id":"https:\/\/akatsukianime.com\/#website"},"primaryImageOfPage":{"@id":"https:\/\/akatsukianime.com\/product\/figura-s-h-figuarts-malenia-elden-ring\/#primaryimage"},"image":{"@id":"https:\/\/akatsukianime.com\/product\/figura-s-h-figuarts-malenia-elden-ring\/#primaryimage"},"thumbnailUrl":"https:\/\/akatsukianime.com\/wp-content\/uploads\/2025\/10\/Figura-S.H.Figuarts-Malenia-Elden-Ring.jpg","datePublished":"2025-10-09T14:26:41+00:00","dateModified":"2026-01-08T10:55:15+00:00","description":"Malenia, Blade of Miquella de Elden Ring, llega a S.H.Figuarts. Figura articulada de 19 cm con detalles y accesorios incre\u00edbles.","breadcrumb":{"@id":"https:\/\/akatsukianime.com\/product\/figura-s-h-figuarts-malenia-elden-ring\/#breadcrumb"},"inLanguage":"en-US","potentialAction":[{"@type":"ReadAction","target":["https:\/\/akatsukianime.com\/product\/figura-s-h-figuarts-malenia-elden-ring\/"]}]},{"@type":"ImageObject","inLanguage":"en-US","@id":"https:\/\/akatsukianime.com\/product\/figura-s-h-figuarts-malenia-elden-ring\/#primaryimage","url":"https:\/\/akatsukianime.com\/wp-content\/uploads\/2025\/10\/Figura-S.H.Figuarts-Malenia-Elden-Ring.jpg","contentUrl":"https:\/\/akatsukianime.com\/wp-content\/uploads\/2025\/10\/Figura-S.H.Figuarts-Malenia-Elden-Ring.jpg","width":1000,"height":1000,"caption":"Figura S.H.Figuarts Malenia Elden Ring"},{"@type":"BreadcrumbList","@id":"https:\/\/akatsukianime.com\/product\/figura-s-h-figuarts-malenia-elden-ring\/#breadcrumb","itemListElement":[{"@type":"ListItem","position":1,"name":"Portada","item":"https:\/\/akatsukianime.com\/"},{"@type":"ListItem","position":2,"name":"Tienda","item":"https:\/\/akatsukianime.com\/tienda\/"},{"@type":"ListItem","position":3,"name":"Figura S.H.Figuarts Malenia Elden Ring"}]},{"@type":"WebSite","@id":"https:\/\/akatsukianime.com\/#website","url":"https:\/\/akatsukianime.com\/","name":"Akatsuki anime store","description":"","potentialAction":[{"@type":"SearchAction","target":{"@type":"EntryPoint","urlTemplate":"https:\/\/akatsukianime.com\/?s={search_term_string}"},"query-input":{"@type":"PropertyValueSpecification","valueRequired":true,"valueName":"search_term_string"}}],"inLanguage":"en-US"}]}},"jetpack_sharing_enabled":true,"_links":{"self":[{"href":"https:\/\/akatsukianime.com\/en\/wp-json\/wp\/v2\/product\/6457","targetHints":{"allow":["GET"]}}],"collection":[{"href":"https:\/\/akatsukianime.com\/en\/wp-json\/wp\/v2\/product"}],"about":[{"href":"https:\/\/akatsukianime.com\/en\/wp-json\/wp\/v2\/types\/product"}],"version-history":[{"count":1,"href":"https:\/\/akatsukianime.com\/en\/wp-json\/wp\/v2\/product\/6457\/revisions"}],"predecessor-version":[{"id":6464,"href":"https:\/\/akatsukianime.com\/en\/wp-json\/wp\/v2\/product\/6457\/revisions\/6464"}],"wp:featuredmedia":[{"embeddable":true,"href":"https:\/\/akatsukianime.com\/en\/wp-json\/wp\/v2\/media\/6461"}],"wp:attachment":[{"href":"https:\/\/akatsukianime.com\/en\/wp-json\/wp\/v2\/media?parent=6457"}],"wp:term":[{"taxonomy":"product_cat","embeddable":true,"href":"https:\/\/akatsukianime.com\/en\/wp-json\/wp\/v2\/product_cat?post=6457"},{"taxonomy":"product_tag","embeddable":true,"href":"https:\/\/akatsukianime.com\/en\/wp-json\/wp\/v2\/product_tag?post=6457"}],"curies":[{"name":"wp","href":"https:\/\/api.w.org\/{rel}","templated":true}]}}