{"id":6468,"date":"2025-10-13T18:37:06","date_gmt":"2025-10-13T16:37:06","guid":{"rendered":"https:\/\/akatsukianime.com\/?post_type=product&#038;p=6468"},"modified":"2026-01-24T16:11:52","modified_gmt":"2026-01-24T15:11:52","slug":"figura-goddess-of-victory-nikke-dorothy-nostalgia-noodle-stopper","status":"publish","type":"product","link":"https:\/\/akatsukianime.com\/en\/product\/figura-goddess-of-victory-nikke-dorothy-nostalgia-noodle-stopper\/","title":{"rendered":"Goddess of Victory Figure: Nikke Dorothy Nostalgia Noodle Stopper"},"content":{"rendered":"<p data-start=\"104\" data-end=\"460\"><strong data-start=\"104\" data-end=\"132\">Product description<\/strong><br data-start=\"132\" data-end=\"135\" \/>\u00a1Desde el exitoso videojuego <em data-start=\"164\" data-end=\"191\">Goddess of Victory: Nikke<\/em> llega la encantadora figura <strong data-start=\"220\" data-end=\"243\">Dorothy (Nostalgia)<\/strong> of the line <strong data-start=\"256\" data-end=\"274\">Noodle Stopper<\/strong> creada por FuRyu! Esta figura de 15 cm captura a Dorothy en su inolvidable atuendo <em data-start=\"358\" data-end=\"369\">Nostalgia<\/em>, representada en una pose elegante y llena de carisma, perfecta para los fans del juego.<\/p>\n<p data-start=\"462\" data-end=\"779\">The series <strong data-start=\"471\" data-end=\"489\">Noodle Stopper<\/strong>, desarrollada por FuRyu, combina funcionalidad y estilo: adem\u00e1s de ser una pieza de colecci\u00f3n ideal para exhibir, puede colocarse sobre la tapa de un vaso de ramen instant\u00e1neo para mantenerlo cerrado mientras se prepara. Una fusi\u00f3n perfecta entre dise\u00f1o pr\u00e1ctico y belleza coleccionable.<\/p>\n<p data-start=\"781\" data-end=\"889\">Agrega este encantador homenaje a Dorothy a tu colecci\u00f3n y revive la magia de <em data-start=\"859\" data-end=\"886\">Goddess of Victory: Nikke<\/em>.<\/p>\n<p data-start=\"896\" data-end=\"930\"><strong data-start=\"896\" data-end=\"928\">Product Features<\/strong><\/p>\n<ul data-start=\"931\" data-end=\"1157\">\n<li data-start=\"931\" data-end=\"959\">\n<p data-start=\"933\" data-end=\"959\">Altura aproximada: 15 cm<\/p>\n<\/li>\n<li data-start=\"960\" data-end=\"983\">\n<p data-start=\"962\" data-end=\"983\">Material: ABS and PVC<\/p>\n<\/li>\n<li data-start=\"984\" data-end=\"1039\">\n<p data-start=\"986\" data-end=\"1039\">Based on the video game <em data-start=\"1010\" data-end=\"1037\">Goddess of Victory: Nikke<\/em><\/p>\n<\/li>\n<li data-start=\"1040\" data-end=\"1094\">\n<p data-start=\"1042\" data-end=\"1094\">Perteneciente a la l\u00ednea <strong data-start=\"1067\" data-end=\"1092\">Noodle Stopper Figure<\/strong><\/p>\n<\/li>\n<li data-start=\"1095\" data-end=\"1119\">\n<p data-start=\"1097\" data-end=\"1119\">Non-articulated figure<\/p>\n<\/li>\n<li data-start=\"1120\" data-end=\"1157\">\n<p data-start=\"1122\" data-end=\"1157\">Detallado acabado de alta calidad<\/p>\n<\/li>\n<\/ul>\n<p data-start=\"1164\" data-end=\"1190\"><strong data-start=\"1164\" data-end=\"1188\">Box contents<\/strong><\/p>\n<ul data-start=\"1191\" data-end=\"1228\">\n<li data-start=\"1191\" data-end=\"1228\">\n<p data-start=\"1193\" data-end=\"1228\">Figure of <strong data-start=\"1203\" data-end=\"1226\">Dorothy (Nostalgia)<\/strong><\/p>\n<\/li>\n<\/ul>","protected":false},"excerpt":{"rendered":"<p>Descripci\u00f3n del producto\u00a1Desde el exitoso videojuego Goddess of Victory: Nikke llega la encantadora figura Dorothy (Nostalgia) de la l\u00ednea Noodle<\/p>","protected":false},"featured_media":6474,"template":"","meta":[],"product_cat":[97,65,61,60],"product_tag":[403,87,239,402,404],"class_list":{"0":"post-6468","1":"product","2":"type-product","3":"status-publish","4":"has-post-thumbnail","6":"product_cat-furyu","7":"product_cat-figuras","8":"product_cat-novedades","9":"product_cat-otros","10":"product_tag-dorothy","11":"product_tag-estatua","12":"product_tag-furyu","13":"product_tag-nikke","14":"product_tag-nostalgia","16":"first","17":"instock","18":"sold-individually","19":"taxable","20":"shipping-taxable","21":"purchasable","22":"product-type-simple"},"yoast_head":"<!-- This site is optimized with the Yoast SEO plugin v24.2 - https:\/\/yoast.com\/wordpress\/plugins\/seo\/ -->\n<title>Figura Goddess of Victory: Nikke Dorothy Nostalgia Noodle Stopper - Akatsuki anime store<\/title>\n<meta name=\"description\" content=\"Dorothy (Nostalgia) de Goddess of Victory: Nikke llega en la l\u00ednea Noodle Stopper de FuRyu. \u00a1Funcional, elegante y coleccionable!\" \/>\n<meta name=\"robots\" content=\"index, follow, max-snippet:-1, max-image-preview:large, max-video-preview:-1\" \/>\n<link rel=\"canonical\" href=\"https:\/\/akatsukianime.com\/en\/product\/figura-goddess-of-victory-nikke-dorothy-nostalgia-noodle-stopper\/\" \/>\n<meta property=\"og:locale\" content=\"en_US\" \/>\n<meta property=\"og:type\" content=\"article\" \/>\n<meta property=\"og:title\" content=\"Figura Goddess of Victory: Nikke Dorothy Nostalgia Noodle Stopper - Akatsuki anime store\" \/>\n<meta property=\"og:description\" content=\"Dorothy (Nostalgia) de Goddess of Victory: Nikke llega en la l\u00ednea Noodle Stopper de FuRyu. \u00a1Funcional, elegante y coleccionable!\" \/>\n<meta property=\"og:url\" content=\"https:\/\/akatsukianime.com\/en\/product\/figura-goddess-of-victory-nikke-dorothy-nostalgia-noodle-stopper\/\" \/>\n<meta property=\"og:site_name\" content=\"Akatsuki anime store\" \/>\n<meta property=\"article:modified_time\" content=\"2026-01-24T15:11:52+00:00\" \/>\n<meta property=\"og:image\" content=\"https:\/\/akatsukianime.com\/wp-content\/uploads\/2025\/10\/Figura-Dorothy-Nostalgia-Nikke.jpg\" \/>\n\t<meta property=\"og:image:width\" content=\"1000\" \/>\n\t<meta property=\"og:image:height\" content=\"1000\" \/>\n\t<meta property=\"og:image:type\" content=\"image\/jpeg\" \/>\n<meta name=\"twitter:card\" content=\"summary_large_image\" \/>\n<meta name=\"twitter:label1\" content=\"Est. reading time\" \/>\n\t<meta name=\"twitter:data1\" content=\"1 minute\" \/>\n<script type=\"application\/ld+json\" class=\"yoast-schema-graph\">{\"@context\":\"https:\/\/schema.org\",\"@graph\":[{\"@type\":[\"WebPage\",\"ItemPage\"],\"@id\":\"https:\/\/akatsukianime.com\/product\/figura-goddess-of-victory-nikke-dorothy-nostalgia-noodle-stopper\/\",\"url\":\"https:\/\/akatsukianime.com\/product\/figura-goddess-of-victory-nikke-dorothy-nostalgia-noodle-stopper\/\",\"name\":\"Figura Goddess of Victory: Nikke Dorothy Nostalgia Noodle Stopper - Akatsuki anime store\",\"isPartOf\":{\"@id\":\"https:\/\/akatsukianime.com\/#website\"},\"primaryImageOfPage\":{\"@id\":\"https:\/\/akatsukianime.com\/product\/figura-goddess-of-victory-nikke-dorothy-nostalgia-noodle-stopper\/#primaryimage\"},\"image\":{\"@id\":\"https:\/\/akatsukianime.com\/product\/figura-goddess-of-victory-nikke-dorothy-nostalgia-noodle-stopper\/#primaryimage\"},\"thumbnailUrl\":\"https:\/\/akatsukianime.com\/wp-content\/uploads\/2025\/10\/Figura-Dorothy-Nostalgia-Nikke.jpg\",\"datePublished\":\"2025-10-13T16:37:06+00:00\",\"dateModified\":\"2026-01-24T15:11:52+00:00\",\"description\":\"Dorothy (Nostalgia) de Goddess of Victory: Nikke llega en la l\u00ednea Noodle Stopper de FuRyu. \u00a1Funcional, elegante y coleccionable!\",\"breadcrumb\":{\"@id\":\"https:\/\/akatsukianime.com\/product\/figura-goddess-of-victory-nikke-dorothy-nostalgia-noodle-stopper\/#breadcrumb\"},\"inLanguage\":\"en-US\",\"potentialAction\":[{\"@type\":\"ReadAction\",\"target\":[\"https:\/\/akatsukianime.com\/product\/figura-goddess-of-victory-nikke-dorothy-nostalgia-noodle-stopper\/\"]}]},{\"@type\":\"ImageObject\",\"inLanguage\":\"en-US\",\"@id\":\"https:\/\/akatsukianime.com\/product\/figura-goddess-of-victory-nikke-dorothy-nostalgia-noodle-stopper\/#primaryimage\",\"url\":\"https:\/\/akatsukianime.com\/wp-content\/uploads\/2025\/10\/Figura-Dorothy-Nostalgia-Nikke.jpg\",\"contentUrl\":\"https:\/\/akatsukianime.com\/wp-content\/uploads\/2025\/10\/Figura-Dorothy-Nostalgia-Nikke.jpg\",\"width\":1000,\"height\":1000,\"caption\":\"Figura Dorothy Nostalgia Nikke\"},{\"@type\":\"BreadcrumbList\",\"@id\":\"https:\/\/akatsukianime.com\/product\/figura-goddess-of-victory-nikke-dorothy-nostalgia-noodle-stopper\/#breadcrumb\",\"itemListElement\":[{\"@type\":\"ListItem\",\"position\":1,\"name\":\"Portada\",\"item\":\"https:\/\/akatsukianime.com\/\"},{\"@type\":\"ListItem\",\"position\":2,\"name\":\"Tienda\",\"item\":\"https:\/\/akatsukianime.com\/tienda\/\"},{\"@type\":\"ListItem\",\"position\":3,\"name\":\"Figura Goddess of Victory: Nikke Dorothy Nostalgia Noodle Stopper\"}]},{\"@type\":\"WebSite\",\"@id\":\"https:\/\/akatsukianime.com\/#website\",\"url\":\"https:\/\/akatsukianime.com\/\",\"name\":\"Akatsuki anime store\",\"description\":\"\",\"potentialAction\":[{\"@type\":\"SearchAction\",\"target\":{\"@type\":\"EntryPoint\",\"urlTemplate\":\"https:\/\/akatsukianime.com\/?s={search_term_string}\"},\"query-input\":{\"@type\":\"PropertyValueSpecification\",\"valueRequired\":true,\"valueName\":\"search_term_string\"}}],\"inLanguage\":\"en-US\"}]}<\/script>\n<!-- \/ Yoast SEO plugin. -->","yoast_head_json":{"title":"Figura Goddess of Victory: Nikke Dorothy Nostalgia Noodle Stopper - Akatsuki anime store","description":"Dorothy (Nostalgia) de Goddess of Victory: Nikke llega en la l\u00ednea Noodle Stopper de FuRyu. \u00a1Funcional, elegante y coleccionable!","robots":{"index":"index","follow":"follow","max-snippet":"max-snippet:-1","max-image-preview":"max-image-preview:large","max-video-preview":"max-video-preview:-1"},"canonical":"https:\/\/akatsukianime.com\/en\/product\/figura-goddess-of-victory-nikke-dorothy-nostalgia-noodle-stopper\/","og_locale":"en_US","og_type":"article","og_title":"Figura Goddess of Victory: Nikke Dorothy Nostalgia Noodle Stopper - Akatsuki anime store","og_description":"Dorothy (Nostalgia) de Goddess of Victory: Nikke llega en la l\u00ednea Noodle Stopper de FuRyu. \u00a1Funcional, elegante y coleccionable!","og_url":"https:\/\/akatsukianime.com\/en\/product\/figura-goddess-of-victory-nikke-dorothy-nostalgia-noodle-stopper\/","og_site_name":"Akatsuki anime store","article_modified_time":"2026-01-24T15:11:52+00:00","og_image":[{"width":1000,"height":1000,"url":"https:\/\/akatsukianime.com\/wp-content\/uploads\/2025\/10\/Figura-Dorothy-Nostalgia-Nikke.jpg","type":"image\/jpeg"}],"twitter_card":"summary_large_image","twitter_misc":{"Est. reading time":"1 minute"},"schema":{"@context":"https:\/\/schema.org","@graph":[{"@type":["WebPage","ItemPage"],"@id":"https:\/\/akatsukianime.com\/product\/figura-goddess-of-victory-nikke-dorothy-nostalgia-noodle-stopper\/","url":"https:\/\/akatsukianime.com\/product\/figura-goddess-of-victory-nikke-dorothy-nostalgia-noodle-stopper\/","name":"Figura Goddess of Victory: Nikke Dorothy Nostalgia Noodle Stopper - Akatsuki anime store","isPartOf":{"@id":"https:\/\/akatsukianime.com\/#website"},"primaryImageOfPage":{"@id":"https:\/\/akatsukianime.com\/product\/figura-goddess-of-victory-nikke-dorothy-nostalgia-noodle-stopper\/#primaryimage"},"image":{"@id":"https:\/\/akatsukianime.com\/product\/figura-goddess-of-victory-nikke-dorothy-nostalgia-noodle-stopper\/#primaryimage"},"thumbnailUrl":"https:\/\/akatsukianime.com\/wp-content\/uploads\/2025\/10\/Figura-Dorothy-Nostalgia-Nikke.jpg","datePublished":"2025-10-13T16:37:06+00:00","dateModified":"2026-01-24T15:11:52+00:00","description":"Dorothy (Nostalgia) de Goddess of Victory: Nikke llega en la l\u00ednea Noodle Stopper de FuRyu. \u00a1Funcional, elegante y coleccionable!","breadcrumb":{"@id":"https:\/\/akatsukianime.com\/product\/figura-goddess-of-victory-nikke-dorothy-nostalgia-noodle-stopper\/#breadcrumb"},"inLanguage":"en-US","potentialAction":[{"@type":"ReadAction","target":["https:\/\/akatsukianime.com\/product\/figura-goddess-of-victory-nikke-dorothy-nostalgia-noodle-stopper\/"]}]},{"@type":"ImageObject","inLanguage":"en-US","@id":"https:\/\/akatsukianime.com\/product\/figura-goddess-of-victory-nikke-dorothy-nostalgia-noodle-stopper\/#primaryimage","url":"https:\/\/akatsukianime.com\/wp-content\/uploads\/2025\/10\/Figura-Dorothy-Nostalgia-Nikke.jpg","contentUrl":"https:\/\/akatsukianime.com\/wp-content\/uploads\/2025\/10\/Figura-Dorothy-Nostalgia-Nikke.jpg","width":1000,"height":1000,"caption":"Figura Dorothy Nostalgia Nikke"},{"@type":"BreadcrumbList","@id":"https:\/\/akatsukianime.com\/product\/figura-goddess-of-victory-nikke-dorothy-nostalgia-noodle-stopper\/#breadcrumb","itemListElement":[{"@type":"ListItem","position":1,"name":"Portada","item":"https:\/\/akatsukianime.com\/"},{"@type":"ListItem","position":2,"name":"Tienda","item":"https:\/\/akatsukianime.com\/tienda\/"},{"@type":"ListItem","position":3,"name":"Figura Goddess of Victory: Nikke Dorothy Nostalgia Noodle Stopper"}]},{"@type":"WebSite","@id":"https:\/\/akatsukianime.com\/#website","url":"https:\/\/akatsukianime.com\/","name":"Akatsuki anime store","description":"","potentialAction":[{"@type":"SearchAction","target":{"@type":"EntryPoint","urlTemplate":"https:\/\/akatsukianime.com\/?s={search_term_string}"},"query-input":{"@type":"PropertyValueSpecification","valueRequired":true,"valueName":"search_term_string"}}],"inLanguage":"en-US"}]}},"jetpack_sharing_enabled":true,"_links":{"self":[{"href":"https:\/\/akatsukianime.com\/en\/wp-json\/wp\/v2\/product\/6468","targetHints":{"allow":["GET"]}}],"collection":[{"href":"https:\/\/akatsukianime.com\/en\/wp-json\/wp\/v2\/product"}],"about":[{"href":"https:\/\/akatsukianime.com\/en\/wp-json\/wp\/v2\/types\/product"}],"version-history":[{"count":1,"href":"https:\/\/akatsukianime.com\/en\/wp-json\/wp\/v2\/product\/6468\/revisions"}],"predecessor-version":[{"id":6475,"href":"https:\/\/akatsukianime.com\/en\/wp-json\/wp\/v2\/product\/6468\/revisions\/6475"}],"wp:featuredmedia":[{"embeddable":true,"href":"https:\/\/akatsukianime.com\/en\/wp-json\/wp\/v2\/media\/6474"}],"wp:attachment":[{"href":"https:\/\/akatsukianime.com\/en\/wp-json\/wp\/v2\/media?parent=6468"}],"wp:term":[{"taxonomy":"product_cat","embeddable":true,"href":"https:\/\/akatsukianime.com\/en\/wp-json\/wp\/v2\/product_cat?post=6468"},{"taxonomy":"product_tag","embeddable":true,"href":"https:\/\/akatsukianime.com\/en\/wp-json\/wp\/v2\/product_tag?post=6468"}],"curies":[{"name":"wp","href":"https:\/\/api.w.org\/{rel}","templated":true}]}}