{"id":6734,"date":"2026-01-13T14:59:32","date_gmt":"2026-01-13T13:59:32","guid":{"rendered":"https:\/\/akatsukianime.com\/?post_type=product&#038;p=6734"},"modified":"2026-01-26T16:35:43","modified_gmt":"2026-01-26T15:35:43","slug":"figura-k-on-trio-try-it-azusa-nakano","status":"publish","type":"product","link":"https:\/\/akatsukianime.com\/en\/product\/figura-k-on-trio-try-it-azusa-nakano\/","title":{"rendered":"Figura K-On! Trio-Try-iT Azusa Nakano"},"content":{"rendered":"<h3 data-start=\"0\" data-end=\"34\"><strong data-start=\"4\" data-end=\"32\">Product description<\/strong><\/h3>\n<p data-start=\"35\" data-end=\"453\">FuRyu presenta su innovadora l\u00ednea original <strong data-start=\"79\" data-end=\"94\">Trio-Try-iT<\/strong>, creada para resaltar al m\u00e1ximo el encanto de los personajes mientras desaf\u00eda los est\u00e1ndares tradicionales de tama\u00f1o y pose en figuras coleccionables. El nombre <strong data-start=\"256\" data-end=\"266\">\u201cTrio\u201d<\/strong> representa la combinaci\u00f3n de <strong data-start=\"296\" data-end=\"326\">calidad, tama\u00f1o y modelado<\/strong>, <strong data-start=\"328\" data-end=\"337\">\u201cTry\u201d<\/strong> simboliza el esp\u00edritu de reto con poses y expresiones \u00fanicas, y <strong data-start=\"402\" data-end=\"410\">\u201ciT\u201d<\/strong> hace referencia al producto final en s\u00ed.<\/p>\n<p data-start=\"455\" data-end=\"927\">Desde el entra\u00f1able anime <em data-start=\"481\" data-end=\"488\">K-On!<\/em> the figure arrives <strong data-start=\"505\" data-end=\"533\">Azusa Nakano Trio-Try-iT<\/strong>. Esta pieza destaca por su <strong data-start=\"561\" data-end=\"625\">modelado detallado y una coloraci\u00f3n cuidadosamente trabajada<\/strong>, logrando una representaci\u00f3n fiel y atractiva del personaje. Con una pose natural y llena de personalidad, Azusa transmite todo el carisma que la ha convertido en una favorita de los fans. Una figura imprescindible para coleccionistas de <em data-start=\"864\" data-end=\"871\">K-On!<\/em> y seguidores de las figuras de alta calidad de FuRyu.<\/p>\n<hr data-start=\"929\" data-end=\"932\" \/>\n<h3 data-start=\"934\" data-end=\"972\"><strong data-start=\"938\" data-end=\"970\">Product Features<\/strong><\/h3>\n<ul data-start=\"973\" data-end=\"1167\">\n<li data-start=\"973\" data-end=\"994\">\n<p data-start=\"975\" data-end=\"994\"><strong data-start=\"975\" data-end=\"986\">Height:<\/strong> 21 cm<\/p>\n<\/li>\n<li data-start=\"995\" data-end=\"1021\">\n<p data-start=\"997\" data-end=\"1021\"><strong data-start=\"997\" data-end=\"1010\">Material:<\/strong> Pl\u00e1stico<\/p>\n<\/li>\n<li data-start=\"1022\" data-end=\"1048\">\n<p data-start=\"1024\" data-end=\"1048\"><strong data-start=\"1024\" data-end=\"1038\">Based on:<\/strong> <em data-start=\"1039\" data-end=\"1046\">K-On!<\/em><\/p>\n<\/li>\n<li data-start=\"1049\" data-end=\"1075\">\n<p data-start=\"1051\" data-end=\"1075\"><strong data-start=\"1051\" data-end=\"1061\">Line:<\/strong> Trio-Try-iT<\/p>\n<\/li>\n<li data-start=\"1076\" data-end=\"1101\">\n<p data-start=\"1078\" data-end=\"1101\"><strong data-start=\"1078\" data-end=\"1093\">Fabricante:<\/strong> FuRyu<\/p>\n<\/li>\n<li data-start=\"1102\" data-end=\"1145\">\n<p data-start=\"1104\" data-end=\"1145\"><strong data-start=\"1104\" data-end=\"1143\">Alta calidad de esculpido y pintura<\/strong><\/p>\n<\/li>\n<li data-start=\"1146\" data-end=\"1167\">\n<p data-start=\"1148\" data-end=\"1167\"><strong data-start=\"1148\" data-end=\"1165\">Not articulated<\/strong><\/p>\n<\/li>\n<\/ul>\n<hr data-start=\"1169\" data-end=\"1172\" \/>\n<h3 data-start=\"1174\" data-end=\"1204\"><strong data-start=\"1178\" data-end=\"1202\">Box contents<\/strong><\/h3>\n<ul data-start=\"1205\" data-end=\"1233\">\n<li data-start=\"1205\" data-end=\"1233\">\n<p data-start=\"1207\" data-end=\"1233\">Figure of <strong data-start=\"1217\" data-end=\"1233\">Azusa Nakano<\/strong><\/p>\n<\/li>\n<\/ul>","protected":false},"excerpt":{"rendered":"<p>Descripci\u00f3n del producto FuRyu presenta su innovadora l\u00ednea original Trio-Try-iT, creada para resaltar al m\u00e1ximo el encanto de los personajes<\/p>","protected":false},"featured_media":6735,"template":"","meta":[],"product_cat":[92,97,65,61,60],"product_tag":[410,87,239,409,240],"class_list":{"0":"post-6734","1":"product","2":"type-product","3":"status-publish","4":"has-post-thumbnail","6":"product_cat-fabricante","7":"product_cat-furyu","8":"product_cat-figuras","9":"product_cat-novedades","10":"product_cat-otros","11":"product_tag-azusa-nakano","12":"product_tag-estatua","13":"product_tag-furyu","14":"product_tag-k-on","15":"product_tag-trio-try-it","17":"first","18":"instock","19":"sale","20":"sold-individually","21":"taxable","22":"shipping-taxable","23":"purchasable","24":"product-type-simple"},"yoast_head":"<!-- This site is optimized with the Yoast SEO plugin v24.2 - https:\/\/yoast.com\/wordpress\/plugins\/seo\/ -->\n<title>Figura K-On! Trio-Try-iT Azusa Nakano - Akatsuki anime store<\/title>\n<meta name=\"description\" content=\"\u00a1Ya esta disponible Azusa Nakano Trio-Try-iT de K-On! por FuRyu, 21 cm, gran nivel de detalle y pose \u00fanica para coleccionistas!\" \/>\n<meta name=\"robots\" content=\"index, follow, max-snippet:-1, max-image-preview:large, max-video-preview:-1\" \/>\n<link rel=\"canonical\" href=\"https:\/\/akatsukianime.com\/en\/product\/figura-k-on-trio-try-it-azusa-nakano\/\" \/>\n<meta property=\"og:locale\" content=\"en_US\" \/>\n<meta property=\"og:type\" content=\"article\" \/>\n<meta property=\"og:title\" content=\"Figura K-On! Trio-Try-iT Azusa Nakano - Akatsuki anime store\" \/>\n<meta property=\"og:description\" content=\"\u00a1Ya esta disponible Azusa Nakano Trio-Try-iT de K-On! por FuRyu, 21 cm, gran nivel de detalle y pose \u00fanica para coleccionistas!\" \/>\n<meta property=\"og:url\" content=\"https:\/\/akatsukianime.com\/en\/product\/figura-k-on-trio-try-it-azusa-nakano\/\" \/>\n<meta property=\"og:site_name\" content=\"Akatsuki anime store\" \/>\n<meta property=\"article:modified_time\" content=\"2026-01-26T15:35:43+00:00\" \/>\n<meta property=\"og:image\" content=\"https:\/\/akatsukianime.com\/wp-content\/uploads\/2026\/01\/Figura-K-On-Trio-Try-iT-Azusa-Nakano.jpg\" \/>\n\t<meta property=\"og:image:width\" content=\"1000\" \/>\n\t<meta property=\"og:image:height\" content=\"1000\" \/>\n\t<meta property=\"og:image:type\" content=\"image\/jpeg\" \/>\n<meta name=\"twitter:card\" content=\"summary_large_image\" \/>\n<meta name=\"twitter:label1\" content=\"Est. reading time\" \/>\n\t<meta name=\"twitter:data1\" content=\"1 minute\" \/>\n<script type=\"application\/ld+json\" class=\"yoast-schema-graph\">{\"@context\":\"https:\/\/schema.org\",\"@graph\":[{\"@type\":[\"WebPage\",\"ItemPage\"],\"@id\":\"https:\/\/akatsukianime.com\/product\/figura-k-on-trio-try-it-azusa-nakano\/\",\"url\":\"https:\/\/akatsukianime.com\/product\/figura-k-on-trio-try-it-azusa-nakano\/\",\"name\":\"Figura K-On! Trio-Try-iT Azusa Nakano - Akatsuki anime store\",\"isPartOf\":{\"@id\":\"https:\/\/akatsukianime.com\/#website\"},\"primaryImageOfPage\":{\"@id\":\"https:\/\/akatsukianime.com\/product\/figura-k-on-trio-try-it-azusa-nakano\/#primaryimage\"},\"image\":{\"@id\":\"https:\/\/akatsukianime.com\/product\/figura-k-on-trio-try-it-azusa-nakano\/#primaryimage\"},\"thumbnailUrl\":\"https:\/\/akatsukianime.com\/wp-content\/uploads\/2026\/01\/Figura-K-On-Trio-Try-iT-Azusa-Nakano.jpg\",\"datePublished\":\"2026-01-13T13:59:32+00:00\",\"dateModified\":\"2026-01-26T15:35:43+00:00\",\"description\":\"\u00a1Ya esta disponible Azusa Nakano Trio-Try-iT de K-On! por FuRyu, 21 cm, gran nivel de detalle y pose \u00fanica para coleccionistas!\",\"breadcrumb\":{\"@id\":\"https:\/\/akatsukianime.com\/product\/figura-k-on-trio-try-it-azusa-nakano\/#breadcrumb\"},\"inLanguage\":\"en-US\",\"potentialAction\":[{\"@type\":\"ReadAction\",\"target\":[\"https:\/\/akatsukianime.com\/product\/figura-k-on-trio-try-it-azusa-nakano\/\"]}]},{\"@type\":\"ImageObject\",\"inLanguage\":\"en-US\",\"@id\":\"https:\/\/akatsukianime.com\/product\/figura-k-on-trio-try-it-azusa-nakano\/#primaryimage\",\"url\":\"https:\/\/akatsukianime.com\/wp-content\/uploads\/2026\/01\/Figura-K-On-Trio-Try-iT-Azusa-Nakano.jpg\",\"contentUrl\":\"https:\/\/akatsukianime.com\/wp-content\/uploads\/2026\/01\/Figura-K-On-Trio-Try-iT-Azusa-Nakano.jpg\",\"width\":1000,\"height\":1000,\"caption\":\"Figura K-On! Trio-Try-iT Azusa Nakano\"},{\"@type\":\"BreadcrumbList\",\"@id\":\"https:\/\/akatsukianime.com\/product\/figura-k-on-trio-try-it-azusa-nakano\/#breadcrumb\",\"itemListElement\":[{\"@type\":\"ListItem\",\"position\":1,\"name\":\"Portada\",\"item\":\"https:\/\/akatsukianime.com\/\"},{\"@type\":\"ListItem\",\"position\":2,\"name\":\"Tienda\",\"item\":\"https:\/\/akatsukianime.com\/tienda\/\"},{\"@type\":\"ListItem\",\"position\":3,\"name\":\"Figura K-On! Trio-Try-iT Azusa Nakano\"}]},{\"@type\":\"WebSite\",\"@id\":\"https:\/\/akatsukianime.com\/#website\",\"url\":\"https:\/\/akatsukianime.com\/\",\"name\":\"Akatsuki anime store\",\"description\":\"\",\"potentialAction\":[{\"@type\":\"SearchAction\",\"target\":{\"@type\":\"EntryPoint\",\"urlTemplate\":\"https:\/\/akatsukianime.com\/?s={search_term_string}\"},\"query-input\":{\"@type\":\"PropertyValueSpecification\",\"valueRequired\":true,\"valueName\":\"search_term_string\"}}],\"inLanguage\":\"en-US\"}]}<\/script>\n<!-- \/ Yoast SEO plugin. -->","yoast_head_json":{"title":"Figura K-On! Trio-Try-iT Azusa Nakano - Akatsuki anime store","description":"\u00a1Ya esta disponible Azusa Nakano Trio-Try-iT de K-On! por FuRyu, 21 cm, gran nivel de detalle y pose \u00fanica para coleccionistas!","robots":{"index":"index","follow":"follow","max-snippet":"max-snippet:-1","max-image-preview":"max-image-preview:large","max-video-preview":"max-video-preview:-1"},"canonical":"https:\/\/akatsukianime.com\/en\/product\/figura-k-on-trio-try-it-azusa-nakano\/","og_locale":"en_US","og_type":"article","og_title":"Figura K-On! Trio-Try-iT Azusa Nakano - Akatsuki anime store","og_description":"\u00a1Ya esta disponible Azusa Nakano Trio-Try-iT de K-On! por FuRyu, 21 cm, gran nivel de detalle y pose \u00fanica para coleccionistas!","og_url":"https:\/\/akatsukianime.com\/en\/product\/figura-k-on-trio-try-it-azusa-nakano\/","og_site_name":"Akatsuki anime store","article_modified_time":"2026-01-26T15:35:43+00:00","og_image":[{"width":1000,"height":1000,"url":"https:\/\/akatsukianime.com\/wp-content\/uploads\/2026\/01\/Figura-K-On-Trio-Try-iT-Azusa-Nakano.jpg","type":"image\/jpeg"}],"twitter_card":"summary_large_image","twitter_misc":{"Est. reading time":"1 minute"},"schema":{"@context":"https:\/\/schema.org","@graph":[{"@type":["WebPage","ItemPage"],"@id":"https:\/\/akatsukianime.com\/product\/figura-k-on-trio-try-it-azusa-nakano\/","url":"https:\/\/akatsukianime.com\/product\/figura-k-on-trio-try-it-azusa-nakano\/","name":"Figura K-On! Trio-Try-iT Azusa Nakano - Akatsuki anime store","isPartOf":{"@id":"https:\/\/akatsukianime.com\/#website"},"primaryImageOfPage":{"@id":"https:\/\/akatsukianime.com\/product\/figura-k-on-trio-try-it-azusa-nakano\/#primaryimage"},"image":{"@id":"https:\/\/akatsukianime.com\/product\/figura-k-on-trio-try-it-azusa-nakano\/#primaryimage"},"thumbnailUrl":"https:\/\/akatsukianime.com\/wp-content\/uploads\/2026\/01\/Figura-K-On-Trio-Try-iT-Azusa-Nakano.jpg","datePublished":"2026-01-13T13:59:32+00:00","dateModified":"2026-01-26T15:35:43+00:00","description":"\u00a1Ya esta disponible Azusa Nakano Trio-Try-iT de K-On! por FuRyu, 21 cm, gran nivel de detalle y pose \u00fanica para coleccionistas!","breadcrumb":{"@id":"https:\/\/akatsukianime.com\/product\/figura-k-on-trio-try-it-azusa-nakano\/#breadcrumb"},"inLanguage":"en-US","potentialAction":[{"@type":"ReadAction","target":["https:\/\/akatsukianime.com\/product\/figura-k-on-trio-try-it-azusa-nakano\/"]}]},{"@type":"ImageObject","inLanguage":"en-US","@id":"https:\/\/akatsukianime.com\/product\/figura-k-on-trio-try-it-azusa-nakano\/#primaryimage","url":"https:\/\/akatsukianime.com\/wp-content\/uploads\/2026\/01\/Figura-K-On-Trio-Try-iT-Azusa-Nakano.jpg","contentUrl":"https:\/\/akatsukianime.com\/wp-content\/uploads\/2026\/01\/Figura-K-On-Trio-Try-iT-Azusa-Nakano.jpg","width":1000,"height":1000,"caption":"Figura K-On! Trio-Try-iT Azusa Nakano"},{"@type":"BreadcrumbList","@id":"https:\/\/akatsukianime.com\/product\/figura-k-on-trio-try-it-azusa-nakano\/#breadcrumb","itemListElement":[{"@type":"ListItem","position":1,"name":"Portada","item":"https:\/\/akatsukianime.com\/"},{"@type":"ListItem","position":2,"name":"Tienda","item":"https:\/\/akatsukianime.com\/tienda\/"},{"@type":"ListItem","position":3,"name":"Figura K-On! Trio-Try-iT Azusa Nakano"}]},{"@type":"WebSite","@id":"https:\/\/akatsukianime.com\/#website","url":"https:\/\/akatsukianime.com\/","name":"Akatsuki anime store","description":"","potentialAction":[{"@type":"SearchAction","target":{"@type":"EntryPoint","urlTemplate":"https:\/\/akatsukianime.com\/?s={search_term_string}"},"query-input":{"@type":"PropertyValueSpecification","valueRequired":true,"valueName":"search_term_string"}}],"inLanguage":"en-US"}]}},"jetpack_sharing_enabled":true,"_links":{"self":[{"href":"https:\/\/akatsukianime.com\/en\/wp-json\/wp\/v2\/product\/6734","targetHints":{"allow":["GET"]}}],"collection":[{"href":"https:\/\/akatsukianime.com\/en\/wp-json\/wp\/v2\/product"}],"about":[{"href":"https:\/\/akatsukianime.com\/en\/wp-json\/wp\/v2\/types\/product"}],"version-history":[{"count":1,"href":"https:\/\/akatsukianime.com\/en\/wp-json\/wp\/v2\/product\/6734\/revisions"}],"predecessor-version":[{"id":6747,"href":"https:\/\/akatsukianime.com\/en\/wp-json\/wp\/v2\/product\/6734\/revisions\/6747"}],"wp:featuredmedia":[{"embeddable":true,"href":"https:\/\/akatsukianime.com\/en\/wp-json\/wp\/v2\/media\/6735"}],"wp:attachment":[{"href":"https:\/\/akatsukianime.com\/en\/wp-json\/wp\/v2\/media?parent=6734"}],"wp:term":[{"taxonomy":"product_cat","embeddable":true,"href":"https:\/\/akatsukianime.com\/en\/wp-json\/wp\/v2\/product_cat?post=6734"},{"taxonomy":"product_tag","embeddable":true,"href":"https:\/\/akatsukianime.com\/en\/wp-json\/wp\/v2\/product_tag?post=6734"}],"curies":[{"name":"wp","href":"https:\/\/api.w.org\/{rel}","templated":true}]}}