{"id":6780,"date":"2026-01-13T17:17:40","date_gmt":"2026-01-13T16:17:40","guid":{"rendered":"https:\/\/akatsukianime.com\/?post_type=product&#038;p=6780"},"modified":"2026-03-28T18:20:08","modified_gmt":"2026-03-28T17:20:08","slug":"figura-dandadan-figurizm-okarun-transformed-key-visual-ver","status":"publish","type":"product","link":"https:\/\/akatsukianime.com\/en\/product\/figura-dandadan-figurizm-okarun-transformed-key-visual-ver\/","title":{"rendered":"Figura Dandadan FiGURiZM Okarun Transformed (Key Visual Ver.)"},"content":{"rendered":"<h3 data-start=\"175\" data-end=\"209\"><strong data-start=\"179\" data-end=\"207\">Product description<\/strong><\/h3>\n<p data-start=\"210\" data-end=\"413\">A\u00f1ade a tu colecci\u00f3n una pieza imprescindible del exitoso anime <strong data-start=\"274\" data-end=\"286\">Dandadan<\/strong> con esta espectacular figura de <strong data-start=\"319\" data-end=\"354\">Okarun en su forma transformada<\/strong>, perteneciente a la reconocida l\u00ednea <strong data-start=\"392\" data-end=\"404\">FiGURiZM<\/strong> de Sega.<\/p>\n<p data-start=\"415\" data-end=\"796\">Esta figura captura a la perfecci\u00f3n el poder y la intensidad de Okarun mientras combate fuerzas sobrenaturales, con un esculpido de alta calidad y acabados fieles al dise\u00f1o original del anime. Ideal para exhibici\u00f3n, es una opci\u00f3n perfecta tanto para coleccionistas como para fans que buscan una figura llamativa y de gran presencia. \u00a1Haz tu pedido ahora y no te quedes sin la tuya!<\/p>\n<hr data-start=\"798\" data-end=\"801\" \/>\n<h3 data-start=\"803\" data-end=\"839\"><strong data-start=\"807\" data-end=\"839\">Product Features<\/strong><\/h3>\n<ul data-start=\"840\" data-end=\"1049\">\n<li data-start=\"840\" data-end=\"870\">\n<p data-start=\"842\" data-end=\"870\">Approximate height: <strong data-start=\"861\" data-end=\"870\">25 cm<\/strong><\/p>\n<\/li>\n<li data-start=\"871\" data-end=\"914\">\n<p data-start=\"873\" data-end=\"914\">Fabricada en <strong data-start=\"886\" data-end=\"914\">pl\u00e1stico de alta calidad<\/strong><\/p>\n<\/li>\n<li data-start=\"915\" data-end=\"948\">\n<p data-start=\"917\" data-end=\"948\">Based on the anime <strong data-start=\"936\" data-end=\"948\">Dandadan<\/strong><\/p>\n<\/li>\n<li data-start=\"949\" data-end=\"993\">\n<p data-start=\"951\" data-end=\"993\">Part of the prestigious line <strong data-start=\"981\" data-end=\"993\">FiGURiZM<\/strong><\/p>\n<\/li>\n<li data-start=\"994\" data-end=\"1022\">\n<p data-start=\"996\" data-end=\"1022\">Excelente nivel de detalle<\/p>\n<\/li>\n<li data-start=\"1023\" data-end=\"1049\">\n<p data-start=\"1025\" data-end=\"1049\">Figure <strong data-start=\"1032\" data-end=\"1049\">no articulada<\/strong><\/p>\n<\/li>\n<\/ul>\n<h3 data-start=\"1051\" data-end=\"1079\"><strong data-start=\"1055\" data-end=\"1079\">Box contents<\/strong><\/h3>\n<ul data-start=\"1080\" data-end=\"1115\">\n<li data-start=\"1080\" data-end=\"1115\">\n<p data-start=\"1082\" data-end=\"1115\">Figure of <strong data-start=\"1092\" data-end=\"1115\">Okarun transformado<\/strong><\/p>\n<\/li>\n<\/ul>","protected":false},"excerpt":{"rendered":"<p>Descripci\u00f3n del producto A\u00f1ade a tu colecci\u00f3n una pieza imprescindible del exitoso anime Dandadan con esta espectacular figura de Okarun<\/p>","protected":false},"featured_media":6781,"template":"","meta":[],"product_cat":[354,101,65,61],"product_tag":[333,87,174,334,171],"class_list":{"0":"post-6780","1":"product","2":"type-product","3":"status-publish","4":"has-post-thumbnail","6":"product_cat-dandadan","7":"product_cat-elige-sega-goods-sega-goods","8":"product_cat-figuras","9":"product_cat-novedades","10":"product_tag-dandadan","11":"product_tag-estatua","12":"product_tag-figurizm","13":"product_tag-okarun","14":"product_tag-sega","16":"first","17":"instock","18":"sold-individually","19":"taxable","20":"shipping-taxable","21":"purchasable","22":"product-type-simple"},"yoast_head":"<!-- This site is optimized with the Yoast SEO plugin v24.2 - https:\/\/yoast.com\/wordpress\/plugins\/seo\/ -->\n<title>Figura Dandadan FiGURiZM Okarun Transformed (Key Visual Ver.) - Akatsuki anime store<\/title>\n<meta name=\"description\" content=\"Compra la figura Okarun transformado FiGURiZM de Dandadan. Gran tama\u00f1o, detalles premium y perfecta para exhibir. \u00a1Cons\u00edguela hoy!\" \/>\n<meta name=\"robots\" content=\"index, follow, max-snippet:-1, max-image-preview:large, max-video-preview:-1\" \/>\n<link rel=\"canonical\" href=\"https:\/\/akatsukianime.com\/en\/product\/figura-dandadan-figurizm-okarun-transformed-key-visual-ver\/\" \/>\n<meta property=\"og:locale\" content=\"en_US\" \/>\n<meta property=\"og:type\" content=\"article\" \/>\n<meta property=\"og:title\" content=\"Figura Dandadan FiGURiZM Okarun Transformed (Key Visual Ver.) - Akatsuki anime store\" \/>\n<meta property=\"og:description\" content=\"Compra la figura Okarun transformado FiGURiZM de Dandadan. Gran tama\u00f1o, detalles premium y perfecta para exhibir. \u00a1Cons\u00edguela hoy!\" \/>\n<meta property=\"og:url\" content=\"https:\/\/akatsukianime.com\/en\/product\/figura-dandadan-figurizm-okarun-transformed-key-visual-ver\/\" \/>\n<meta property=\"og:site_name\" content=\"Akatsuki anime store\" \/>\n<meta property=\"article:modified_time\" content=\"2026-03-28T17:20:08+00:00\" \/>\n<meta property=\"og:image\" content=\"https:\/\/akatsukianime.com\/wp-content\/uploads\/2026\/01\/Figura-Dandadan-FiGURiZM-Okarun-Transformed.jpg\" \/>\n\t<meta property=\"og:image:width\" content=\"1000\" \/>\n\t<meta property=\"og:image:height\" content=\"1000\" \/>\n\t<meta property=\"og:image:type\" content=\"image\/jpeg\" \/>\n<meta name=\"twitter:card\" content=\"summary_large_image\" \/>\n<meta name=\"twitter:label1\" content=\"Est. reading time\" \/>\n\t<meta name=\"twitter:data1\" content=\"1 minute\" \/>\n<script type=\"application\/ld+json\" class=\"yoast-schema-graph\">{\"@context\":\"https:\/\/schema.org\",\"@graph\":[{\"@type\":[\"WebPage\",\"ItemPage\"],\"@id\":\"https:\/\/akatsukianime.com\/product\/figura-dandadan-figurizm-okarun-transformed-key-visual-ver\/\",\"url\":\"https:\/\/akatsukianime.com\/product\/figura-dandadan-figurizm-okarun-transformed-key-visual-ver\/\",\"name\":\"Figura Dandadan FiGURiZM Okarun Transformed (Key Visual Ver.) - Akatsuki anime store\",\"isPartOf\":{\"@id\":\"https:\/\/akatsukianime.com\/#website\"},\"primaryImageOfPage\":{\"@id\":\"https:\/\/akatsukianime.com\/product\/figura-dandadan-figurizm-okarun-transformed-key-visual-ver\/#primaryimage\"},\"image\":{\"@id\":\"https:\/\/akatsukianime.com\/product\/figura-dandadan-figurizm-okarun-transformed-key-visual-ver\/#primaryimage\"},\"thumbnailUrl\":\"https:\/\/akatsukianime.com\/wp-content\/uploads\/2026\/01\/Figura-Dandadan-FiGURiZM-Okarun-Transformed.jpg\",\"datePublished\":\"2026-01-13T16:17:40+00:00\",\"dateModified\":\"2026-03-28T17:20:08+00:00\",\"description\":\"Compra la figura Okarun transformado FiGURiZM de Dandadan. Gran tama\u00f1o, detalles premium y perfecta para exhibir. \u00a1Cons\u00edguela hoy!\",\"breadcrumb\":{\"@id\":\"https:\/\/akatsukianime.com\/product\/figura-dandadan-figurizm-okarun-transformed-key-visual-ver\/#breadcrumb\"},\"inLanguage\":\"en-US\",\"potentialAction\":[{\"@type\":\"ReadAction\",\"target\":[\"https:\/\/akatsukianime.com\/product\/figura-dandadan-figurizm-okarun-transformed-key-visual-ver\/\"]}]},{\"@type\":\"ImageObject\",\"inLanguage\":\"en-US\",\"@id\":\"https:\/\/akatsukianime.com\/product\/figura-dandadan-figurizm-okarun-transformed-key-visual-ver\/#primaryimage\",\"url\":\"https:\/\/akatsukianime.com\/wp-content\/uploads\/2026\/01\/Figura-Dandadan-FiGURiZM-Okarun-Transformed.jpg\",\"contentUrl\":\"https:\/\/akatsukianime.com\/wp-content\/uploads\/2026\/01\/Figura-Dandadan-FiGURiZM-Okarun-Transformed.jpg\",\"width\":1000,\"height\":1000,\"caption\":\"Figura Dandadan FiGURiZM Okarun Transformed\"},{\"@type\":\"BreadcrumbList\",\"@id\":\"https:\/\/akatsukianime.com\/product\/figura-dandadan-figurizm-okarun-transformed-key-visual-ver\/#breadcrumb\",\"itemListElement\":[{\"@type\":\"ListItem\",\"position\":1,\"name\":\"Portada\",\"item\":\"https:\/\/akatsukianime.com\/\"},{\"@type\":\"ListItem\",\"position\":2,\"name\":\"Tienda\",\"item\":\"https:\/\/akatsukianime.com\/tienda\/\"},{\"@type\":\"ListItem\",\"position\":3,\"name\":\"Figura Dandadan FiGURiZM Okarun Transformed (Key Visual Ver.)\"}]},{\"@type\":\"WebSite\",\"@id\":\"https:\/\/akatsukianime.com\/#website\",\"url\":\"https:\/\/akatsukianime.com\/\",\"name\":\"Akatsuki anime store\",\"description\":\"\",\"potentialAction\":[{\"@type\":\"SearchAction\",\"target\":{\"@type\":\"EntryPoint\",\"urlTemplate\":\"https:\/\/akatsukianime.com\/?s={search_term_string}\"},\"query-input\":{\"@type\":\"PropertyValueSpecification\",\"valueRequired\":true,\"valueName\":\"search_term_string\"}}],\"inLanguage\":\"en-US\"}]}<\/script>\n<!-- \/ Yoast SEO plugin. -->","yoast_head_json":{"title":"Figura Dandadan FiGURiZM Okarun Transformed (Key Visual Ver.) - Akatsuki anime store","description":"Compra la figura Okarun transformado FiGURiZM de Dandadan. Gran tama\u00f1o, detalles premium y perfecta para exhibir. \u00a1Cons\u00edguela hoy!","robots":{"index":"index","follow":"follow","max-snippet":"max-snippet:-1","max-image-preview":"max-image-preview:large","max-video-preview":"max-video-preview:-1"},"canonical":"https:\/\/akatsukianime.com\/en\/product\/figura-dandadan-figurizm-okarun-transformed-key-visual-ver\/","og_locale":"en_US","og_type":"article","og_title":"Figura Dandadan FiGURiZM Okarun Transformed (Key Visual Ver.) - Akatsuki anime store","og_description":"Compra la figura Okarun transformado FiGURiZM de Dandadan. Gran tama\u00f1o, detalles premium y perfecta para exhibir. \u00a1Cons\u00edguela hoy!","og_url":"https:\/\/akatsukianime.com\/en\/product\/figura-dandadan-figurizm-okarun-transformed-key-visual-ver\/","og_site_name":"Akatsuki anime store","article_modified_time":"2026-03-28T17:20:08+00:00","og_image":[{"width":1000,"height":1000,"url":"https:\/\/akatsukianime.com\/wp-content\/uploads\/2026\/01\/Figura-Dandadan-FiGURiZM-Okarun-Transformed.jpg","type":"image\/jpeg"}],"twitter_card":"summary_large_image","twitter_misc":{"Est. reading time":"1 minute"},"schema":{"@context":"https:\/\/schema.org","@graph":[{"@type":["WebPage","ItemPage"],"@id":"https:\/\/akatsukianime.com\/product\/figura-dandadan-figurizm-okarun-transformed-key-visual-ver\/","url":"https:\/\/akatsukianime.com\/product\/figura-dandadan-figurizm-okarun-transformed-key-visual-ver\/","name":"Figura Dandadan FiGURiZM Okarun Transformed (Key Visual Ver.) - Akatsuki anime store","isPartOf":{"@id":"https:\/\/akatsukianime.com\/#website"},"primaryImageOfPage":{"@id":"https:\/\/akatsukianime.com\/product\/figura-dandadan-figurizm-okarun-transformed-key-visual-ver\/#primaryimage"},"image":{"@id":"https:\/\/akatsukianime.com\/product\/figura-dandadan-figurizm-okarun-transformed-key-visual-ver\/#primaryimage"},"thumbnailUrl":"https:\/\/akatsukianime.com\/wp-content\/uploads\/2026\/01\/Figura-Dandadan-FiGURiZM-Okarun-Transformed.jpg","datePublished":"2026-01-13T16:17:40+00:00","dateModified":"2026-03-28T17:20:08+00:00","description":"Compra la figura Okarun transformado FiGURiZM de Dandadan. Gran tama\u00f1o, detalles premium y perfecta para exhibir. \u00a1Cons\u00edguela hoy!","breadcrumb":{"@id":"https:\/\/akatsukianime.com\/product\/figura-dandadan-figurizm-okarun-transformed-key-visual-ver\/#breadcrumb"},"inLanguage":"en-US","potentialAction":[{"@type":"ReadAction","target":["https:\/\/akatsukianime.com\/product\/figura-dandadan-figurizm-okarun-transformed-key-visual-ver\/"]}]},{"@type":"ImageObject","inLanguage":"en-US","@id":"https:\/\/akatsukianime.com\/product\/figura-dandadan-figurizm-okarun-transformed-key-visual-ver\/#primaryimage","url":"https:\/\/akatsukianime.com\/wp-content\/uploads\/2026\/01\/Figura-Dandadan-FiGURiZM-Okarun-Transformed.jpg","contentUrl":"https:\/\/akatsukianime.com\/wp-content\/uploads\/2026\/01\/Figura-Dandadan-FiGURiZM-Okarun-Transformed.jpg","width":1000,"height":1000,"caption":"Figura Dandadan FiGURiZM Okarun Transformed"},{"@type":"BreadcrumbList","@id":"https:\/\/akatsukianime.com\/product\/figura-dandadan-figurizm-okarun-transformed-key-visual-ver\/#breadcrumb","itemListElement":[{"@type":"ListItem","position":1,"name":"Portada","item":"https:\/\/akatsukianime.com\/"},{"@type":"ListItem","position":2,"name":"Tienda","item":"https:\/\/akatsukianime.com\/tienda\/"},{"@type":"ListItem","position":3,"name":"Figura Dandadan FiGURiZM Okarun Transformed (Key Visual Ver.)"}]},{"@type":"WebSite","@id":"https:\/\/akatsukianime.com\/#website","url":"https:\/\/akatsukianime.com\/","name":"Akatsuki anime store","description":"","potentialAction":[{"@type":"SearchAction","target":{"@type":"EntryPoint","urlTemplate":"https:\/\/akatsukianime.com\/?s={search_term_string}"},"query-input":{"@type":"PropertyValueSpecification","valueRequired":true,"valueName":"search_term_string"}}],"inLanguage":"en-US"}]}},"jetpack_sharing_enabled":true,"_links":{"self":[{"href":"https:\/\/akatsukianime.com\/en\/wp-json\/wp\/v2\/product\/6780","targetHints":{"allow":["GET"]}}],"collection":[{"href":"https:\/\/akatsukianime.com\/en\/wp-json\/wp\/v2\/product"}],"about":[{"href":"https:\/\/akatsukianime.com\/en\/wp-json\/wp\/v2\/types\/product"}],"version-history":[{"count":1,"href":"https:\/\/akatsukianime.com\/en\/wp-json\/wp\/v2\/product\/6780\/revisions"}],"predecessor-version":[{"id":6788,"href":"https:\/\/akatsukianime.com\/en\/wp-json\/wp\/v2\/product\/6780\/revisions\/6788"}],"wp:featuredmedia":[{"embeddable":true,"href":"https:\/\/akatsukianime.com\/en\/wp-json\/wp\/v2\/media\/6781"}],"wp:attachment":[{"href":"https:\/\/akatsukianime.com\/en\/wp-json\/wp\/v2\/media?parent=6780"}],"wp:term":[{"taxonomy":"product_cat","embeddable":true,"href":"https:\/\/akatsukianime.com\/en\/wp-json\/wp\/v2\/product_cat?post=6780"},{"taxonomy":"product_tag","embeddable":true,"href":"https:\/\/akatsukianime.com\/en\/wp-json\/wp\/v2\/product_tag?post=6780"}],"curies":[{"name":"wp","href":"https:\/\/api.w.org\/{rel}","templated":true}]}}