{"id":6808,"date":"2026-01-14T12:46:00","date_gmt":"2026-01-14T11:46:00","guid":{"rendered":"https:\/\/akatsukianime.com\/?post_type=product&#038;p=6808"},"modified":"2026-01-14T12:46:00","modified_gmt":"2026-01-14T11:46:00","slug":"hollow-knight-nendoroid-no-2195-the-knight","status":"publish","type":"product","link":"https:\/\/akatsukianime.com\/en\/product\/hollow-knight-nendoroid-no-2195-the-knight\/","title":{"rendered":"Hollow Knight Nendoroid No.2195 The Knight"},"content":{"rendered":"<h3 data-start=\"188\" data-end=\"222\"><strong data-start=\"192\" data-end=\"220\">Product description<\/strong><\/h3>\n<p data-start=\"223\" data-end=\"252\"><strong data-start=\"223\" data-end=\"252\">Desciende a la oscuridad.<\/strong><\/p>\n<p data-start=\"254\" data-end=\"597\">Desde el aclamado videojuego <strong data-start=\"283\" data-end=\"300\">Hollow Knight<\/strong> llega el esperado relanzamiento del <strong data-start=\"337\" data-end=\"364\">Nendoroid de The Knight<\/strong>. Esta impresionante figura captura a la perfecci\u00f3n la atm\u00f3sfera melanc\u00f3lica y misteriosa del juego, con un nivel de detalle excepcional y m\u00faltiples accesorios que permiten recrear escenas ic\u00f3nicas o dar vida a tus propias aventuras.<\/p>\n<p data-start=\"599\" data-end=\"927\">Incluye capa, aguij\u00f3n (nail), efectos de ataque y un adorable <strong data-start=\"661\" data-end=\"675\">Knightling<\/strong>, ofreciendo una gran variedad de opciones de exhibici\u00f3n gracias a sus puntos de articulaci\u00f3n e intercambiables. Un art\u00edculo imprescindible para fans del videojuego y coleccionistas de Nendoroid. \u00a1Hazlo parte de tu colecci\u00f3n de Hollow Knight hoy mismo!<\/p>\n<hr data-start=\"929\" data-end=\"932\" \/>\n<h3 data-start=\"934\" data-end=\"970\"><strong data-start=\"938\" data-end=\"970\">Product Features<\/strong><\/h3>\n<ul data-start=\"971\" data-end=\"1195\">\n<li data-start=\"971\" data-end=\"1001\">\n<p data-start=\"973\" data-end=\"1001\">Approximate height: <strong data-start=\"992\" data-end=\"1001\">10 cm<\/strong><\/p>\n<\/li>\n<li data-start=\"1002\" data-end=\"1026\">\n<p data-start=\"1004\" data-end=\"1026\">Material: <strong data-start=\"1014\" data-end=\"1026\">Pl\u00e1stico<\/strong><\/p>\n<\/li>\n<li data-start=\"1027\" data-end=\"1070\">\n<p data-start=\"1029\" data-end=\"1070\">Based on the franchise <strong data-start=\"1053\" data-end=\"1070\">Hollow Knight<\/strong><\/p>\n<\/li>\n<li data-start=\"1071\" data-end=\"1093\">\n<p data-start=\"1073\" data-end=\"1093\">Line: <strong data-start=\"1080\" data-end=\"1093\">Nendoroid<\/strong><\/p>\n<\/li>\n<li data-start=\"1094\" data-end=\"1128\">\n<p data-start=\"1096\" data-end=\"1128\">Multiple points of articulation<\/p>\n<\/li>\n<li data-start=\"1129\" data-end=\"1166\">\n<p data-start=\"1131\" data-end=\"1166\">Interchangeable parts and accessories<\/p>\n<\/li>\n<li data-start=\"1167\" data-end=\"1195\">\n<p data-start=\"1169\" data-end=\"1195\">Figura altamente detallada<\/p>\n<\/li>\n<\/ul>\n<h3 data-start=\"1197\" data-end=\"1225\"><strong data-start=\"1201\" data-end=\"1225\">Box contents<\/strong><\/h3>\n<ul data-start=\"1226\" data-end=\"1339\">\n<li data-start=\"1226\" data-end=\"1252\">\n<p data-start=\"1228\" data-end=\"1252\">Figure of <strong data-start=\"1238\" data-end=\"1252\">The Knight<\/strong><\/p>\n<\/li>\n<li data-start=\"1253\" data-end=\"1259\">\n<p data-start=\"1255\" data-end=\"1259\">Layer<\/p>\n<\/li>\n<li data-start=\"1260\" data-end=\"1276\">\n<p data-start=\"1262\" data-end=\"1276\">Aguij\u00f3n (Nail)<\/p>\n<\/li>\n<li data-start=\"1277\" data-end=\"1305\">\n<p data-start=\"1279\" data-end=\"1305\">Piezas de efecto de ataque<\/p>\n<\/li>\n<li data-start=\"1306\" data-end=\"1318\">\n<p data-start=\"1308\" data-end=\"1318\">Knightling<\/p>\n<\/li>\n<li data-start=\"1319\" data-end=\"1339\">\n<p data-start=\"1321\" data-end=\"1339\">Display base<\/p>\n<\/li>\n<\/ul>","protected":false},"excerpt":{"rendered":"<p>Descripci\u00f3n del producto Desciende a la oscuridad. Desde el aclamado videojuego Hollow Knight llega el esperado relanzamiento del Nendoroid de<\/p>","protected":false},"featured_media":6809,"template":"","meta":[],"product_cat":[280,65,61,60],"product_tag":[165,413,414,415],"class_list":{"0":"post-6808","1":"product","2":"type-product","3":"status-publish","4":"has-post-thumbnail","6":"product_cat-nendoroid","7":"product_cat-figuras","8":"product_cat-novedades","9":"product_cat-otros","10":"product_tag-goodsmile-company","11":"product_tag-hollow-knight","12":"product_tag-nendoroid","13":"product_tag-the-knight","15":"first","16":"instock","17":"sold-individually","18":"taxable","19":"shipping-taxable","20":"purchasable","21":"product-type-simple"},"yoast_head":"<!-- This site is optimized with the Yoast SEO plugin v24.2 - https:\/\/yoast.com\/wordpress\/plugins\/seo\/ -->\n<title>Hollow Knight Nendoroid No.2195 The Knight - Akatsuki anime store<\/title>\n<meta name=\"description\" content=\"Nendoroid The Knight de Hollow Knight con accesorios y articulaci\u00f3n. Figura oficial ideal para fans y coleccionistas del videojuego.\" \/>\n<meta name=\"robots\" content=\"index, follow, max-snippet:-1, max-image-preview:large, max-video-preview:-1\" \/>\n<link rel=\"canonical\" href=\"https:\/\/akatsukianime.com\/en\/product\/hollow-knight-nendoroid-no-2195-the-knight\/\" \/>\n<meta property=\"og:locale\" content=\"en_US\" \/>\n<meta property=\"og:type\" content=\"article\" \/>\n<meta property=\"og:title\" content=\"Hollow Knight Nendoroid No.2195 The Knight - Akatsuki anime store\" \/>\n<meta property=\"og:description\" content=\"Nendoroid The Knight de Hollow Knight con accesorios y articulaci\u00f3n. Figura oficial ideal para fans y coleccionistas del videojuego.\" \/>\n<meta property=\"og:url\" content=\"https:\/\/akatsukianime.com\/en\/product\/hollow-knight-nendoroid-no-2195-the-knight\/\" \/>\n<meta property=\"og:site_name\" content=\"Akatsuki anime store\" \/>\n<meta property=\"og:image\" content=\"https:\/\/akatsukianime.com\/wp-content\/uploads\/2026\/01\/figura-nendoroid-hollow-knight.jpg\" \/>\n\t<meta property=\"og:image:width\" content=\"1000\" \/>\n\t<meta property=\"og:image:height\" content=\"1000\" \/>\n\t<meta property=\"og:image:type\" content=\"image\/jpeg\" \/>\n<meta name=\"twitter:card\" content=\"summary_large_image\" \/>\n<meta name=\"twitter:label1\" content=\"Est. reading time\" \/>\n\t<meta name=\"twitter:data1\" content=\"1 minute\" \/>\n<script type=\"application\/ld+json\" class=\"yoast-schema-graph\">{\"@context\":\"https:\/\/schema.org\",\"@graph\":[{\"@type\":[\"WebPage\",\"ItemPage\"],\"@id\":\"https:\/\/akatsukianime.com\/product\/hollow-knight-nendoroid-no-2195-the-knight\/\",\"url\":\"https:\/\/akatsukianime.com\/product\/hollow-knight-nendoroid-no-2195-the-knight\/\",\"name\":\"Hollow Knight Nendoroid No.2195 The Knight - Akatsuki anime store\",\"isPartOf\":{\"@id\":\"https:\/\/akatsukianime.com\/#website\"},\"primaryImageOfPage\":{\"@id\":\"https:\/\/akatsukianime.com\/product\/hollow-knight-nendoroid-no-2195-the-knight\/#primaryimage\"},\"image\":{\"@id\":\"https:\/\/akatsukianime.com\/product\/hollow-knight-nendoroid-no-2195-the-knight\/#primaryimage\"},\"thumbnailUrl\":\"https:\/\/akatsukianime.com\/wp-content\/uploads\/2026\/01\/figura-nendoroid-hollow-knight.jpg\",\"datePublished\":\"2026-01-14T11:46:00+00:00\",\"dateModified\":\"2026-01-14T11:46:00+00:00\",\"description\":\"Nendoroid The Knight de Hollow Knight con accesorios y articulaci\u00f3n. Figura oficial ideal para fans y coleccionistas del videojuego.\",\"breadcrumb\":{\"@id\":\"https:\/\/akatsukianime.com\/product\/hollow-knight-nendoroid-no-2195-the-knight\/#breadcrumb\"},\"inLanguage\":\"en-US\",\"potentialAction\":[{\"@type\":\"ReadAction\",\"target\":[\"https:\/\/akatsukianime.com\/product\/hollow-knight-nendoroid-no-2195-the-knight\/\"]}]},{\"@type\":\"ImageObject\",\"inLanguage\":\"en-US\",\"@id\":\"https:\/\/akatsukianime.com\/product\/hollow-knight-nendoroid-no-2195-the-knight\/#primaryimage\",\"url\":\"https:\/\/akatsukianime.com\/wp-content\/uploads\/2026\/01\/figura-nendoroid-hollow-knight.jpg\",\"contentUrl\":\"https:\/\/akatsukianime.com\/wp-content\/uploads\/2026\/01\/figura-nendoroid-hollow-knight.jpg\",\"width\":1000,\"height\":1000,\"caption\":\"figura nendoroid hollow knight\"},{\"@type\":\"BreadcrumbList\",\"@id\":\"https:\/\/akatsukianime.com\/product\/hollow-knight-nendoroid-no-2195-the-knight\/#breadcrumb\",\"itemListElement\":[{\"@type\":\"ListItem\",\"position\":1,\"name\":\"Portada\",\"item\":\"https:\/\/akatsukianime.com\/\"},{\"@type\":\"ListItem\",\"position\":2,\"name\":\"Tienda\",\"item\":\"https:\/\/akatsukianime.com\/tienda\/\"},{\"@type\":\"ListItem\",\"position\":3,\"name\":\"Hollow Knight Nendoroid No.2195 The Knight\"}]},{\"@type\":\"WebSite\",\"@id\":\"https:\/\/akatsukianime.com\/#website\",\"url\":\"https:\/\/akatsukianime.com\/\",\"name\":\"Akatsuki anime store\",\"description\":\"\",\"potentialAction\":[{\"@type\":\"SearchAction\",\"target\":{\"@type\":\"EntryPoint\",\"urlTemplate\":\"https:\/\/akatsukianime.com\/?s={search_term_string}\"},\"query-input\":{\"@type\":\"PropertyValueSpecification\",\"valueRequired\":true,\"valueName\":\"search_term_string\"}}],\"inLanguage\":\"en-US\"}]}<\/script>\n<!-- \/ Yoast SEO plugin. -->","yoast_head_json":{"title":"Hollow Knight Nendoroid No.2195 The Knight - Akatsuki anime store","description":"Nendoroid The Knight de Hollow Knight con accesorios y articulaci\u00f3n. Figura oficial ideal para fans y coleccionistas del videojuego.","robots":{"index":"index","follow":"follow","max-snippet":"max-snippet:-1","max-image-preview":"max-image-preview:large","max-video-preview":"max-video-preview:-1"},"canonical":"https:\/\/akatsukianime.com\/en\/product\/hollow-knight-nendoroid-no-2195-the-knight\/","og_locale":"en_US","og_type":"article","og_title":"Hollow Knight Nendoroid No.2195 The Knight - Akatsuki anime store","og_description":"Nendoroid The Knight de Hollow Knight con accesorios y articulaci\u00f3n. Figura oficial ideal para fans y coleccionistas del videojuego.","og_url":"https:\/\/akatsukianime.com\/en\/product\/hollow-knight-nendoroid-no-2195-the-knight\/","og_site_name":"Akatsuki anime store","og_image":[{"width":1000,"height":1000,"url":"https:\/\/akatsukianime.com\/wp-content\/uploads\/2026\/01\/figura-nendoroid-hollow-knight.jpg","type":"image\/jpeg"}],"twitter_card":"summary_large_image","twitter_misc":{"Est. reading time":"1 minute"},"schema":{"@context":"https:\/\/schema.org","@graph":[{"@type":["WebPage","ItemPage"],"@id":"https:\/\/akatsukianime.com\/product\/hollow-knight-nendoroid-no-2195-the-knight\/","url":"https:\/\/akatsukianime.com\/product\/hollow-knight-nendoroid-no-2195-the-knight\/","name":"Hollow Knight Nendoroid No.2195 The Knight - Akatsuki anime store","isPartOf":{"@id":"https:\/\/akatsukianime.com\/#website"},"primaryImageOfPage":{"@id":"https:\/\/akatsukianime.com\/product\/hollow-knight-nendoroid-no-2195-the-knight\/#primaryimage"},"image":{"@id":"https:\/\/akatsukianime.com\/product\/hollow-knight-nendoroid-no-2195-the-knight\/#primaryimage"},"thumbnailUrl":"https:\/\/akatsukianime.com\/wp-content\/uploads\/2026\/01\/figura-nendoroid-hollow-knight.jpg","datePublished":"2026-01-14T11:46:00+00:00","dateModified":"2026-01-14T11:46:00+00:00","description":"Nendoroid The Knight de Hollow Knight con accesorios y articulaci\u00f3n. Figura oficial ideal para fans y coleccionistas del videojuego.","breadcrumb":{"@id":"https:\/\/akatsukianime.com\/product\/hollow-knight-nendoroid-no-2195-the-knight\/#breadcrumb"},"inLanguage":"en-US","potentialAction":[{"@type":"ReadAction","target":["https:\/\/akatsukianime.com\/product\/hollow-knight-nendoroid-no-2195-the-knight\/"]}]},{"@type":"ImageObject","inLanguage":"en-US","@id":"https:\/\/akatsukianime.com\/product\/hollow-knight-nendoroid-no-2195-the-knight\/#primaryimage","url":"https:\/\/akatsukianime.com\/wp-content\/uploads\/2026\/01\/figura-nendoroid-hollow-knight.jpg","contentUrl":"https:\/\/akatsukianime.com\/wp-content\/uploads\/2026\/01\/figura-nendoroid-hollow-knight.jpg","width":1000,"height":1000,"caption":"figura nendoroid hollow knight"},{"@type":"BreadcrumbList","@id":"https:\/\/akatsukianime.com\/product\/hollow-knight-nendoroid-no-2195-the-knight\/#breadcrumb","itemListElement":[{"@type":"ListItem","position":1,"name":"Portada","item":"https:\/\/akatsukianime.com\/"},{"@type":"ListItem","position":2,"name":"Tienda","item":"https:\/\/akatsukianime.com\/tienda\/"},{"@type":"ListItem","position":3,"name":"Hollow Knight Nendoroid No.2195 The Knight"}]},{"@type":"WebSite","@id":"https:\/\/akatsukianime.com\/#website","url":"https:\/\/akatsukianime.com\/","name":"Akatsuki anime store","description":"","potentialAction":[{"@type":"SearchAction","target":{"@type":"EntryPoint","urlTemplate":"https:\/\/akatsukianime.com\/?s={search_term_string}"},"query-input":{"@type":"PropertyValueSpecification","valueRequired":true,"valueName":"search_term_string"}}],"inLanguage":"en-US"}]}},"jetpack_sharing_enabled":true,"_links":{"self":[{"href":"https:\/\/akatsukianime.com\/en\/wp-json\/wp\/v2\/product\/6808","targetHints":{"allow":["GET"]}}],"collection":[{"href":"https:\/\/akatsukianime.com\/en\/wp-json\/wp\/v2\/product"}],"about":[{"href":"https:\/\/akatsukianime.com\/en\/wp-json\/wp\/v2\/types\/product"}],"version-history":[{"count":1,"href":"https:\/\/akatsukianime.com\/en\/wp-json\/wp\/v2\/product\/6808\/revisions"}],"predecessor-version":[{"id":6816,"href":"https:\/\/akatsukianime.com\/en\/wp-json\/wp\/v2\/product\/6808\/revisions\/6816"}],"wp:featuredmedia":[{"embeddable":true,"href":"https:\/\/akatsukianime.com\/en\/wp-json\/wp\/v2\/media\/6809"}],"wp:attachment":[{"href":"https:\/\/akatsukianime.com\/en\/wp-json\/wp\/v2\/media?parent=6808"}],"wp:term":[{"taxonomy":"product_cat","embeddable":true,"href":"https:\/\/akatsukianime.com\/en\/wp-json\/wp\/v2\/product_cat?post=6808"},{"taxonomy":"product_tag","embeddable":true,"href":"https:\/\/akatsukianime.com\/en\/wp-json\/wp\/v2\/product_tag?post=6808"}],"curies":[{"name":"wp","href":"https:\/\/api.w.org\/{rel}","templated":true}]}}