{"id":6835,"date":"2026-01-14T17:44:42","date_gmt":"2026-01-14T16:44:42","guid":{"rendered":"https:\/\/akatsukianime.com\/?post_type=product&#038;p=6835"},"modified":"2026-01-14T17:44:43","modified_gmt":"2026-01-14T16:44:43","slug":"banana-fish-nendoroid-no-1077-ash-lynx","status":"publish","type":"product","link":"https:\/\/akatsukianime.com\/en\/product\/banana-fish-nendoroid-no-1077-ash-lynx\/","title":{"rendered":"Banana Fish Nendoroid No.1077 Ash Lynx"},"content":{"rendered":"<h3 data-start=\"163\" data-end=\"197\"><strong data-start=\"167\" data-end=\"195\">Product description<\/strong><\/h3>\n<p data-start=\"198\" data-end=\"244\"><strong data-start=\"198\" data-end=\"244\">\u201cSi \u00e9l no est\u00e1 a salvo, yo no valgo nada.\u201d<\/strong><\/p>\n<p data-start=\"246\" data-end=\"526\">Desde el impactante anime <strong data-start=\"272\" data-end=\"287\">BANANA FISH<\/strong> llega el esperado relanzamiento del <strong data-start=\"324\" data-end=\"349\">Nendoroid de Ash Lynx<\/strong>, el carism\u00e1tico y temido l\u00edder de una banda callejera. Esta figura captura tanto su lado feroz en combate como la faceta m\u00e1s humana que solo muestra a quienes realmente conf\u00eda.<\/p>\n<p data-start=\"528\" data-end=\"930\">Incluye <strong data-start=\"536\" data-end=\"576\">tres placas faciales intercambiables<\/strong>: una expresi\u00f3n est\u00e1ndar, un rostro gritando para escenas de batalla y una sonrisa poco com\u00fan que refleja su lado m\u00e1s \u00edntimo. Adem\u00e1s, cuenta con accesorios ic\u00f3nicos como su colgante, pistola y cuchillo, ideales para recrear momentos intensos del anime o escenas de su vida cotidiana. Un imprescindible para cualquier fan y coleccionista de <em data-start=\"916\" data-end=\"929\">Banana Fish<\/em>.<\/p>\n<hr data-start=\"932\" data-end=\"935\" \/>\n<h3 data-start=\"937\" data-end=\"973\"><strong data-start=\"941\" data-end=\"973\">Product Features<\/strong><\/h3>\n<ul data-start=\"974\" data-end=\"1198\">\n<li data-start=\"974\" data-end=\"1004\">\n<p data-start=\"976\" data-end=\"1004\">Approximate height: <strong data-start=\"995\" data-end=\"1004\">10 cm<\/strong><\/p>\n<\/li>\n<li data-start=\"1005\" data-end=\"1029\">\n<p data-start=\"1007\" data-end=\"1029\">Material: <strong data-start=\"1017\" data-end=\"1029\">Pl\u00e1stico<\/strong><\/p>\n<\/li>\n<li data-start=\"1030\" data-end=\"1066\">\n<p data-start=\"1032\" data-end=\"1066\">Based on the anime <strong data-start=\"1051\" data-end=\"1066\">Banana Fish<\/strong><\/p>\n<\/li>\n<li data-start=\"1067\" data-end=\"1089\">\n<p data-start=\"1069\" data-end=\"1089\">Line: <strong data-start=\"1076\" data-end=\"1089\">Nendoroid<\/strong><\/p>\n<\/li>\n<li data-start=\"1090\" data-end=\"1124\">\n<p data-start=\"1092\" data-end=\"1124\">Multiple points of articulation<\/p>\n<\/li>\n<li data-start=\"1125\" data-end=\"1162\">\n<p data-start=\"1127\" data-end=\"1162\">Partes y accesorios intercambiables<\/p>\n<\/li>\n<li data-start=\"1163\" data-end=\"1198\">\n<p data-start=\"1165\" data-end=\"1198\">Ideal para colecci\u00f3n y exhibici\u00f3n<\/p>\n<\/li>\n<\/ul>\n<h3 data-start=\"1200\" data-end=\"1228\"><strong data-start=\"1204\" data-end=\"1228\">Box contents<\/strong><\/h3>\n<ul data-start=\"1229\" data-end=\"1358\">\n<li data-start=\"1229\" data-end=\"1253\">\n<p data-start=\"1231\" data-end=\"1253\">Figure of <strong data-start=\"1241\" data-end=\"1253\">Ash Lynx<\/strong><\/p>\n<\/li>\n<li data-start=\"1254\" data-end=\"1305\">\n<p data-start=\"1256\" data-end=\"1305\">3 placas faciales (est\u00e1ndar, gritando, sonriente)<\/p>\n<\/li>\n<li data-start=\"1306\" data-end=\"1316\">\n<p data-start=\"1308\" data-end=\"1316\">Colgante<\/p>\n<\/li>\n<li data-start=\"1317\" data-end=\"1326\">\n<p data-start=\"1319\" data-end=\"1326\">Gun<\/p>\n<\/li>\n<li data-start=\"1327\" data-end=\"1337\">\n<p data-start=\"1329\" data-end=\"1337\">Knife<\/p>\n<\/li>\n<li data-start=\"1338\" data-end=\"1358\">\n<p data-start=\"1340\" data-end=\"1358\">Display base<\/p>\n<\/li>\n<\/ul>","protected":false},"excerpt":{"rendered":"<p>Descripci\u00f3n del producto \u201cSi \u00e9l no est\u00e1 a salvo, yo no valgo nada.\u201d Desde el impactante anime BANANA FISH llega<\/p>","protected":false},"featured_media":6837,"template":"","meta":[],"product_cat":[280,98,65,61,60],"product_tag":[419,417,165,414],"class_list":{"0":"post-6835","1":"product","2":"type-product","3":"status-publish","4":"has-post-thumbnail","6":"product_cat-nendoroid","7":"product_cat-good-smile-company","8":"product_cat-figuras","9":"product_cat-novedades","10":"product_cat-otros","11":"product_tag-ash-lynx","12":"product_tag-banana-fish","13":"product_tag-goodsmile-company","14":"product_tag-nendoroid","16":"first","17":"instock","18":"sold-individually","19":"taxable","20":"shipping-taxable","21":"purchasable","22":"product-type-simple"},"yoast_head":"<!-- This site is optimized with the Yoast SEO plugin v24.2 - https:\/\/yoast.com\/wordpress\/plugins\/seo\/ -->\n<title>Banana Fish Nendoroid No.1077 Ash Lynx - Akatsuki anime store<\/title>\n<meta name=\"description\" content=\"Figura Nendoroid Ash Lynx de Banana Fish con rostros y armas intercambiables. Producto oficial ideal para coleccionistas del anime.\" \/>\n<meta name=\"robots\" content=\"index, follow, max-snippet:-1, max-image-preview:large, max-video-preview:-1\" \/>\n<link rel=\"canonical\" href=\"https:\/\/akatsukianime.com\/en\/product\/banana-fish-nendoroid-no-1077-ash-lynx\/\" \/>\n<meta property=\"og:locale\" content=\"en_US\" \/>\n<meta property=\"og:type\" content=\"article\" \/>\n<meta property=\"og:title\" content=\"Banana Fish Nendoroid No.1077 Ash Lynx - Akatsuki anime store\" \/>\n<meta property=\"og:description\" content=\"Figura Nendoroid Ash Lynx de Banana Fish con rostros y armas intercambiables. Producto oficial ideal para coleccionistas del anime.\" \/>\n<meta property=\"og:url\" content=\"https:\/\/akatsukianime.com\/en\/product\/banana-fish-nendoroid-no-1077-ash-lynx\/\" \/>\n<meta property=\"og:site_name\" content=\"Akatsuki anime store\" \/>\n<meta property=\"article:modified_time\" content=\"2026-01-14T16:44:43+00:00\" \/>\n<meta property=\"og:image\" content=\"https:\/\/akatsukianime.com\/wp-content\/uploads\/2026\/01\/Banana-Fish-Nendoroid-Ash.jpg\" \/>\n\t<meta property=\"og:image:width\" content=\"1000\" \/>\n\t<meta property=\"og:image:height\" content=\"1000\" \/>\n\t<meta property=\"og:image:type\" content=\"image\/jpeg\" \/>\n<meta name=\"twitter:card\" content=\"summary_large_image\" \/>\n<meta name=\"twitter:label1\" content=\"Est. reading time\" \/>\n\t<meta name=\"twitter:data1\" content=\"1 minute\" \/>\n<script type=\"application\/ld+json\" class=\"yoast-schema-graph\">{\"@context\":\"https:\/\/schema.org\",\"@graph\":[{\"@type\":[\"WebPage\",\"ItemPage\"],\"@id\":\"https:\/\/akatsukianime.com\/product\/banana-fish-nendoroid-no-1077-ash-lynx\/\",\"url\":\"https:\/\/akatsukianime.com\/product\/banana-fish-nendoroid-no-1077-ash-lynx\/\",\"name\":\"Banana Fish Nendoroid No.1077 Ash Lynx - Akatsuki anime store\",\"isPartOf\":{\"@id\":\"https:\/\/akatsukianime.com\/#website\"},\"primaryImageOfPage\":{\"@id\":\"https:\/\/akatsukianime.com\/product\/banana-fish-nendoroid-no-1077-ash-lynx\/#primaryimage\"},\"image\":{\"@id\":\"https:\/\/akatsukianime.com\/product\/banana-fish-nendoroid-no-1077-ash-lynx\/#primaryimage\"},\"thumbnailUrl\":\"https:\/\/akatsukianime.com\/wp-content\/uploads\/2026\/01\/Banana-Fish-Nendoroid-Ash.jpg\",\"datePublished\":\"2026-01-14T16:44:42+00:00\",\"dateModified\":\"2026-01-14T16:44:43+00:00\",\"description\":\"Figura Nendoroid Ash Lynx de Banana Fish con rostros y armas intercambiables. Producto oficial ideal para coleccionistas del anime.\",\"breadcrumb\":{\"@id\":\"https:\/\/akatsukianime.com\/product\/banana-fish-nendoroid-no-1077-ash-lynx\/#breadcrumb\"},\"inLanguage\":\"en-US\",\"potentialAction\":[{\"@type\":\"ReadAction\",\"target\":[\"https:\/\/akatsukianime.com\/product\/banana-fish-nendoroid-no-1077-ash-lynx\/\"]}]},{\"@type\":\"ImageObject\",\"inLanguage\":\"en-US\",\"@id\":\"https:\/\/akatsukianime.com\/product\/banana-fish-nendoroid-no-1077-ash-lynx\/#primaryimage\",\"url\":\"https:\/\/akatsukianime.com\/wp-content\/uploads\/2026\/01\/Banana-Fish-Nendoroid-Ash.jpg\",\"contentUrl\":\"https:\/\/akatsukianime.com\/wp-content\/uploads\/2026\/01\/Banana-Fish-Nendoroid-Ash.jpg\",\"width\":1000,\"height\":1000,\"caption\":\"nendoroid ash banana fish\"},{\"@type\":\"BreadcrumbList\",\"@id\":\"https:\/\/akatsukianime.com\/product\/banana-fish-nendoroid-no-1077-ash-lynx\/#breadcrumb\",\"itemListElement\":[{\"@type\":\"ListItem\",\"position\":1,\"name\":\"Portada\",\"item\":\"https:\/\/akatsukianime.com\/\"},{\"@type\":\"ListItem\",\"position\":2,\"name\":\"Tienda\",\"item\":\"https:\/\/akatsukianime.com\/tienda\/\"},{\"@type\":\"ListItem\",\"position\":3,\"name\":\"Banana Fish Nendoroid No.1077 Ash Lynx\"}]},{\"@type\":\"WebSite\",\"@id\":\"https:\/\/akatsukianime.com\/#website\",\"url\":\"https:\/\/akatsukianime.com\/\",\"name\":\"Akatsuki anime store\",\"description\":\"\",\"potentialAction\":[{\"@type\":\"SearchAction\",\"target\":{\"@type\":\"EntryPoint\",\"urlTemplate\":\"https:\/\/akatsukianime.com\/?s={search_term_string}\"},\"query-input\":{\"@type\":\"PropertyValueSpecification\",\"valueRequired\":true,\"valueName\":\"search_term_string\"}}],\"inLanguage\":\"en-US\"}]}<\/script>\n<!-- \/ Yoast SEO plugin. -->","yoast_head_json":{"title":"Banana Fish Nendoroid No.1077 Ash Lynx - Akatsuki anime store","description":"Figura Nendoroid Ash Lynx de Banana Fish con rostros y armas intercambiables. Producto oficial ideal para coleccionistas del anime.","robots":{"index":"index","follow":"follow","max-snippet":"max-snippet:-1","max-image-preview":"max-image-preview:large","max-video-preview":"max-video-preview:-1"},"canonical":"https:\/\/akatsukianime.com\/en\/product\/banana-fish-nendoroid-no-1077-ash-lynx\/","og_locale":"en_US","og_type":"article","og_title":"Banana Fish Nendoroid No.1077 Ash Lynx - Akatsuki anime store","og_description":"Figura Nendoroid Ash Lynx de Banana Fish con rostros y armas intercambiables. Producto oficial ideal para coleccionistas del anime.","og_url":"https:\/\/akatsukianime.com\/en\/product\/banana-fish-nendoroid-no-1077-ash-lynx\/","og_site_name":"Akatsuki anime store","article_modified_time":"2026-01-14T16:44:43+00:00","og_image":[{"width":1000,"height":1000,"url":"https:\/\/akatsukianime.com\/wp-content\/uploads\/2026\/01\/Banana-Fish-Nendoroid-Ash.jpg","type":"image\/jpeg"}],"twitter_card":"summary_large_image","twitter_misc":{"Est. reading time":"1 minute"},"schema":{"@context":"https:\/\/schema.org","@graph":[{"@type":["WebPage","ItemPage"],"@id":"https:\/\/akatsukianime.com\/product\/banana-fish-nendoroid-no-1077-ash-lynx\/","url":"https:\/\/akatsukianime.com\/product\/banana-fish-nendoroid-no-1077-ash-lynx\/","name":"Banana Fish Nendoroid No.1077 Ash Lynx - Akatsuki anime store","isPartOf":{"@id":"https:\/\/akatsukianime.com\/#website"},"primaryImageOfPage":{"@id":"https:\/\/akatsukianime.com\/product\/banana-fish-nendoroid-no-1077-ash-lynx\/#primaryimage"},"image":{"@id":"https:\/\/akatsukianime.com\/product\/banana-fish-nendoroid-no-1077-ash-lynx\/#primaryimage"},"thumbnailUrl":"https:\/\/akatsukianime.com\/wp-content\/uploads\/2026\/01\/Banana-Fish-Nendoroid-Ash.jpg","datePublished":"2026-01-14T16:44:42+00:00","dateModified":"2026-01-14T16:44:43+00:00","description":"Figura Nendoroid Ash Lynx de Banana Fish con rostros y armas intercambiables. Producto oficial ideal para coleccionistas del anime.","breadcrumb":{"@id":"https:\/\/akatsukianime.com\/product\/banana-fish-nendoroid-no-1077-ash-lynx\/#breadcrumb"},"inLanguage":"en-US","potentialAction":[{"@type":"ReadAction","target":["https:\/\/akatsukianime.com\/product\/banana-fish-nendoroid-no-1077-ash-lynx\/"]}]},{"@type":"ImageObject","inLanguage":"en-US","@id":"https:\/\/akatsukianime.com\/product\/banana-fish-nendoroid-no-1077-ash-lynx\/#primaryimage","url":"https:\/\/akatsukianime.com\/wp-content\/uploads\/2026\/01\/Banana-Fish-Nendoroid-Ash.jpg","contentUrl":"https:\/\/akatsukianime.com\/wp-content\/uploads\/2026\/01\/Banana-Fish-Nendoroid-Ash.jpg","width":1000,"height":1000,"caption":"nendoroid ash banana fish"},{"@type":"BreadcrumbList","@id":"https:\/\/akatsukianime.com\/product\/banana-fish-nendoroid-no-1077-ash-lynx\/#breadcrumb","itemListElement":[{"@type":"ListItem","position":1,"name":"Portada","item":"https:\/\/akatsukianime.com\/"},{"@type":"ListItem","position":2,"name":"Tienda","item":"https:\/\/akatsukianime.com\/tienda\/"},{"@type":"ListItem","position":3,"name":"Banana Fish Nendoroid No.1077 Ash Lynx"}]},{"@type":"WebSite","@id":"https:\/\/akatsukianime.com\/#website","url":"https:\/\/akatsukianime.com\/","name":"Akatsuki anime store","description":"","potentialAction":[{"@type":"SearchAction","target":{"@type":"EntryPoint","urlTemplate":"https:\/\/akatsukianime.com\/?s={search_term_string}"},"query-input":{"@type":"PropertyValueSpecification","valueRequired":true,"valueName":"search_term_string"}}],"inLanguage":"en-US"}]}},"jetpack_sharing_enabled":true,"_links":{"self":[{"href":"https:\/\/akatsukianime.com\/en\/wp-json\/wp\/v2\/product\/6835","targetHints":{"allow":["GET"]}}],"collection":[{"href":"https:\/\/akatsukianime.com\/en\/wp-json\/wp\/v2\/product"}],"about":[{"href":"https:\/\/akatsukianime.com\/en\/wp-json\/wp\/v2\/types\/product"}],"version-history":[{"count":1,"href":"https:\/\/akatsukianime.com\/en\/wp-json\/wp\/v2\/product\/6835\/revisions"}],"predecessor-version":[{"id":6844,"href":"https:\/\/akatsukianime.com\/en\/wp-json\/wp\/v2\/product\/6835\/revisions\/6844"}],"wp:featuredmedia":[{"embeddable":true,"href":"https:\/\/akatsukianime.com\/en\/wp-json\/wp\/v2\/media\/6837"}],"wp:attachment":[{"href":"https:\/\/akatsukianime.com\/en\/wp-json\/wp\/v2\/media?parent=6835"}],"wp:term":[{"taxonomy":"product_cat","embeddable":true,"href":"https:\/\/akatsukianime.com\/en\/wp-json\/wp\/v2\/product_cat?post=6835"},{"taxonomy":"product_tag","embeddable":true,"href":"https:\/\/akatsukianime.com\/en\/wp-json\/wp\/v2\/product_tag?post=6835"}],"curies":[{"name":"wp","href":"https:\/\/api.w.org\/{rel}","templated":true}]}}