{"id":6845,"date":"2026-01-14T18:12:52","date_gmt":"2026-01-14T17:12:52","guid":{"rendered":"https:\/\/akatsukianime.com\/?post_type=product&#038;p=6845"},"modified":"2026-03-27T17:20:24","modified_gmt":"2026-03-27T16:20:24","slug":"puella-magi-madoka-magica-nendoroid-no-285-ultimate-madoka","status":"publish","type":"product","link":"https:\/\/akatsukianime.com\/en\/product\/puella-magi-madoka-magica-nendoroid-no-285-ultimate-madoka\/","title":{"rendered":"Puella Magi Madoka Magica Nendoroid No.285 Ultimate Madoka"},"content":{"rendered":"<h3 data-start=\"162\" data-end=\"196\"><strong data-start=\"166\" data-end=\"194\">Product description<\/strong><\/h3>\n<p data-start=\"197\" data-end=\"253\">\u2728 <strong data-start=\"199\" data-end=\"251\">\u00a1La armon\u00eda definitiva entre ternura y valent\u00eda!<\/strong> \u2728<\/p>\n<p data-start=\"255\" data-end=\"553\">From the acclaimed anime <strong data-start=\"279\" data-end=\"308\">Puella Magi Madoka Magica<\/strong> llega el <strong data-start=\"318\" data-end=\"350\">Nendoroid de Ultimate Madoka<\/strong>, la forma suprema que Madoka Kaname alcanza tras luchar a trav\u00e9s de innumerables l\u00edneas temporales. Esta figura representa la esperanza absoluta, combinando delicadeza visual con un poderoso simbolismo.<\/p>\n<p data-start=\"555\" data-end=\"854\">Incluye <strong data-start=\"563\" data-end=\"598\">dos expresiones intercambiables<\/strong>: una sonrisa serena y un rostro decidido que transmite determinaci\u00f3n y esperanza. Adem\u00e1s, se incluyen su <strong data-start=\"704\" data-end=\"721\">arco y flecha<\/strong>, junto con los <strong data-start=\"737\" data-end=\"757\">s\u00edmbolos m\u00e1gicos<\/strong> que aparecen a sus pies al disparar, permiti\u00e9ndote recrear su ic\u00f3nica pose lista para el ataque.<\/p>\n<p data-start=\"856\" data-end=\"1117\">Como parte de la l\u00ednea Nendoroid, esta figura presenta un dise\u00f1o <strong data-start=\"921\" data-end=\"939\">chibi adorable<\/strong>, m\u00faltiples puntos de articulaci\u00f3n y piezas intercambiables que facilitan la creaci\u00f3n de diferentes poses. Perfecta tanto para exhibici\u00f3n como para coleccionistas fans del anime.<\/p>\n<hr data-start=\"1119\" data-end=\"1122\" \/>\n<h3 data-start=\"1124\" data-end=\"1160\"><strong data-start=\"1128\" data-end=\"1160\">Product Features<\/strong><\/h3>\n<ul data-start=\"1161\" data-end=\"1403\">\n<li data-start=\"1161\" data-end=\"1191\">\n<p data-start=\"1163\" data-end=\"1191\">Approximate height: <strong data-start=\"1182\" data-end=\"1191\">10 cm<\/strong><\/p>\n<\/li>\n<li data-start=\"1192\" data-end=\"1216\">\n<p data-start=\"1194\" data-end=\"1216\">Material: <strong data-start=\"1204\" data-end=\"1216\">Pl\u00e1stico<\/strong><\/p>\n<\/li>\n<li data-start=\"1217\" data-end=\"1267\">\n<p data-start=\"1219\" data-end=\"1267\">Based on the anime <strong data-start=\"1238\" data-end=\"1267\">Puella Magi Madoka Magica<\/strong><\/p>\n<\/li>\n<li data-start=\"1268\" data-end=\"1290\">\n<p data-start=\"1270\" data-end=\"1290\">Line: <strong data-start=\"1277\" data-end=\"1290\">Nendoroid<\/strong><\/p>\n<\/li>\n<li data-start=\"1291\" data-end=\"1325\">\n<p data-start=\"1293\" data-end=\"1325\">Multiple points of articulation<\/p>\n<\/li>\n<li data-start=\"1326\" data-end=\"1363\">\n<p data-start=\"1328\" data-end=\"1363\">Interchangeable parts and accessories<\/p>\n<\/li>\n<li data-start=\"1364\" data-end=\"1403\">\n<p data-start=\"1366\" data-end=\"1403\">Dise\u00f1o compacto ideal para exhibici\u00f3n<\/p>\n<\/li>\n<\/ul>\n<h3 data-start=\"1405\" data-end=\"1433\"><strong data-start=\"1409\" data-end=\"1433\">Box contents<\/strong><\/h3>\n<ul data-start=\"1434\" data-end=\"1572\">\n<li data-start=\"1434\" data-end=\"1462\">\n<p data-start=\"1436\" data-end=\"1462\">Figure <strong data-start=\"1443\" data-end=\"1462\">Ultimate Madoka<\/strong><\/p>\n<\/li>\n<li data-start=\"1463\" data-end=\"1489\">\n<p data-start=\"1465\" data-end=\"1489\">Placa facial alternativa<\/p>\n<\/li>\n<li data-start=\"1490\" data-end=\"1511\">\n<p data-start=\"1492\" data-end=\"1511\">Brazos alternativos<\/p>\n<\/li>\n<li data-start=\"1512\" data-end=\"1535\">\n<p data-start=\"1514\" data-end=\"1535\">Interchangeable hands<\/p>\n<\/li>\n<li data-start=\"1536\" data-end=\"1542\">\n<p data-start=\"1538\" data-end=\"1542\">Arco<\/p>\n<\/li>\n<li data-start=\"1543\" data-end=\"1551\">\n<p data-start=\"1545\" data-end=\"1551\">Flecha<\/p>\n<\/li>\n<li data-start=\"1552\" data-end=\"1572\">\n<p data-start=\"1554\" data-end=\"1572\">Display base<\/p>\n<\/li>\n<\/ul>","protected":false},"excerpt":{"rendered":"<p>Descripci\u00f3n del producto \u2728 \u00a1La armon\u00eda definitiva entre ternura y valent\u00eda! \u2728 Desde el aclamado anime Puella Magi Madoka Magica<\/p>","protected":false},"featured_media":6846,"template":"","meta":[],"product_cat":[280,98,65,61,60],"product_tag":[165,420,414,421],"class_list":{"0":"post-6845","1":"product","2":"type-product","3":"status-publish","4":"has-post-thumbnail","6":"product_cat-nendoroid","7":"product_cat-good-smile-company","8":"product_cat-figuras","9":"product_cat-novedades","10":"product_cat-otros","11":"product_tag-goodsmile-company","12":"product_tag-madoka-magica","13":"product_tag-nendoroid","14":"product_tag-ultimate-madoka","16":"first","17":"outofstock","18":"sold-individually","19":"taxable","20":"shipping-taxable","21":"purchasable","22":"product-type-simple"},"yoast_head":"<!-- This site is optimized with the Yoast SEO plugin v24.2 - https:\/\/yoast.com\/wordpress\/plugins\/seo\/ -->\n<title>Puella Magi Madoka Magica Nendoroid No.285 Ultimate Madoka - Akatsuki anime store<\/title>\n<meta name=\"description\" content=\"Figura Nendoroid Ultimate Madoka de Puella Magi Madoka Magica con arco, flecha y rostros intercambiables. Ideal para coleccionistas.\" \/>\n<meta name=\"robots\" content=\"index, follow, max-snippet:-1, max-image-preview:large, max-video-preview:-1\" \/>\n<link rel=\"canonical\" href=\"https:\/\/akatsukianime.com\/en\/product\/puella-magi-madoka-magica-nendoroid-no-285-ultimate-madoka\/\" \/>\n<meta property=\"og:locale\" content=\"en_US\" \/>\n<meta property=\"og:type\" content=\"article\" \/>\n<meta property=\"og:title\" content=\"Puella Magi Madoka Magica Nendoroid No.285 Ultimate Madoka - Akatsuki anime store\" \/>\n<meta property=\"og:description\" content=\"Figura Nendoroid Ultimate Madoka de Puella Magi Madoka Magica con arco, flecha y rostros intercambiables. Ideal para coleccionistas.\" \/>\n<meta property=\"og:url\" content=\"https:\/\/akatsukianime.com\/en\/product\/puella-magi-madoka-magica-nendoroid-no-285-ultimate-madoka\/\" \/>\n<meta property=\"og:site_name\" content=\"Akatsuki anime store\" \/>\n<meta property=\"article:modified_time\" content=\"2026-03-27T16:20:24+00:00\" \/>\n<meta property=\"og:image\" content=\"https:\/\/akatsukianime.com\/wp-content\/uploads\/2026\/01\/Ultimate-Madoka-nendoroid-figura.jpg\" \/>\n\t<meta property=\"og:image:width\" content=\"1000\" \/>\n\t<meta property=\"og:image:height\" content=\"1000\" \/>\n\t<meta property=\"og:image:type\" content=\"image\/jpeg\" \/>\n<meta name=\"twitter:card\" content=\"summary_large_image\" \/>\n<meta name=\"twitter:label1\" content=\"Est. reading time\" \/>\n\t<meta name=\"twitter:data1\" content=\"2 minutes\" \/>\n<script type=\"application\/ld+json\" class=\"yoast-schema-graph\">{\"@context\":\"https:\/\/schema.org\",\"@graph\":[{\"@type\":[\"WebPage\",\"ItemPage\"],\"@id\":\"https:\/\/akatsukianime.com\/product\/puella-magi-madoka-magica-nendoroid-no-285-ultimate-madoka\/\",\"url\":\"https:\/\/akatsukianime.com\/product\/puella-magi-madoka-magica-nendoroid-no-285-ultimate-madoka\/\",\"name\":\"Puella Magi Madoka Magica Nendoroid No.285 Ultimate Madoka - Akatsuki anime store\",\"isPartOf\":{\"@id\":\"https:\/\/akatsukianime.com\/#website\"},\"primaryImageOfPage\":{\"@id\":\"https:\/\/akatsukianime.com\/product\/puella-magi-madoka-magica-nendoroid-no-285-ultimate-madoka\/#primaryimage\"},\"image\":{\"@id\":\"https:\/\/akatsukianime.com\/product\/puella-magi-madoka-magica-nendoroid-no-285-ultimate-madoka\/#primaryimage\"},\"thumbnailUrl\":\"https:\/\/akatsukianime.com\/wp-content\/uploads\/2026\/01\/Ultimate-Madoka-nendoroid-figura.jpg\",\"datePublished\":\"2026-01-14T17:12:52+00:00\",\"dateModified\":\"2026-03-27T16:20:24+00:00\",\"description\":\"Figura Nendoroid Ultimate Madoka de Puella Magi Madoka Magica con arco, flecha y rostros intercambiables. Ideal para coleccionistas.\",\"breadcrumb\":{\"@id\":\"https:\/\/akatsukianime.com\/product\/puella-magi-madoka-magica-nendoroid-no-285-ultimate-madoka\/#breadcrumb\"},\"inLanguage\":\"en-US\",\"potentialAction\":[{\"@type\":\"ReadAction\",\"target\":[\"https:\/\/akatsukianime.com\/product\/puella-magi-madoka-magica-nendoroid-no-285-ultimate-madoka\/\"]}]},{\"@type\":\"ImageObject\",\"inLanguage\":\"en-US\",\"@id\":\"https:\/\/akatsukianime.com\/product\/puella-magi-madoka-magica-nendoroid-no-285-ultimate-madoka\/#primaryimage\",\"url\":\"https:\/\/akatsukianime.com\/wp-content\/uploads\/2026\/01\/Ultimate-Madoka-nendoroid-figura.jpg\",\"contentUrl\":\"https:\/\/akatsukianime.com\/wp-content\/uploads\/2026\/01\/Ultimate-Madoka-nendoroid-figura.jpg\",\"width\":1000,\"height\":1000,\"caption\":\"Ultimate Madoka nendoroid figura\"},{\"@type\":\"BreadcrumbList\",\"@id\":\"https:\/\/akatsukianime.com\/product\/puella-magi-madoka-magica-nendoroid-no-285-ultimate-madoka\/#breadcrumb\",\"itemListElement\":[{\"@type\":\"ListItem\",\"position\":1,\"name\":\"Portada\",\"item\":\"https:\/\/akatsukianime.com\/\"},{\"@type\":\"ListItem\",\"position\":2,\"name\":\"Tienda\",\"item\":\"https:\/\/akatsukianime.com\/tienda\/\"},{\"@type\":\"ListItem\",\"position\":3,\"name\":\"Puella Magi Madoka Magica Nendoroid No.285 Ultimate Madoka\"}]},{\"@type\":\"WebSite\",\"@id\":\"https:\/\/akatsukianime.com\/#website\",\"url\":\"https:\/\/akatsukianime.com\/\",\"name\":\"Akatsuki anime store\",\"description\":\"\",\"potentialAction\":[{\"@type\":\"SearchAction\",\"target\":{\"@type\":\"EntryPoint\",\"urlTemplate\":\"https:\/\/akatsukianime.com\/?s={search_term_string}\"},\"query-input\":{\"@type\":\"PropertyValueSpecification\",\"valueRequired\":true,\"valueName\":\"search_term_string\"}}],\"inLanguage\":\"en-US\"}]}<\/script>\n<!-- \/ Yoast SEO plugin. -->","yoast_head_json":{"title":"Puella Magi Madoka Magica Nendoroid No.285 Ultimate Madoka - Akatsuki anime store","description":"Figura Nendoroid Ultimate Madoka de Puella Magi Madoka Magica con arco, flecha y rostros intercambiables. Ideal para coleccionistas.","robots":{"index":"index","follow":"follow","max-snippet":"max-snippet:-1","max-image-preview":"max-image-preview:large","max-video-preview":"max-video-preview:-1"},"canonical":"https:\/\/akatsukianime.com\/en\/product\/puella-magi-madoka-magica-nendoroid-no-285-ultimate-madoka\/","og_locale":"en_US","og_type":"article","og_title":"Puella Magi Madoka Magica Nendoroid No.285 Ultimate Madoka - Akatsuki anime store","og_description":"Figura Nendoroid Ultimate Madoka de Puella Magi Madoka Magica con arco, flecha y rostros intercambiables. Ideal para coleccionistas.","og_url":"https:\/\/akatsukianime.com\/en\/product\/puella-magi-madoka-magica-nendoroid-no-285-ultimate-madoka\/","og_site_name":"Akatsuki anime store","article_modified_time":"2026-03-27T16:20:24+00:00","og_image":[{"width":1000,"height":1000,"url":"https:\/\/akatsukianime.com\/wp-content\/uploads\/2026\/01\/Ultimate-Madoka-nendoroid-figura.jpg","type":"image\/jpeg"}],"twitter_card":"summary_large_image","twitter_misc":{"Est. reading time":"2 minutes"},"schema":{"@context":"https:\/\/schema.org","@graph":[{"@type":["WebPage","ItemPage"],"@id":"https:\/\/akatsukianime.com\/product\/puella-magi-madoka-magica-nendoroid-no-285-ultimate-madoka\/","url":"https:\/\/akatsukianime.com\/product\/puella-magi-madoka-magica-nendoroid-no-285-ultimate-madoka\/","name":"Puella Magi Madoka Magica Nendoroid No.285 Ultimate Madoka - Akatsuki anime store","isPartOf":{"@id":"https:\/\/akatsukianime.com\/#website"},"primaryImageOfPage":{"@id":"https:\/\/akatsukianime.com\/product\/puella-magi-madoka-magica-nendoroid-no-285-ultimate-madoka\/#primaryimage"},"image":{"@id":"https:\/\/akatsukianime.com\/product\/puella-magi-madoka-magica-nendoroid-no-285-ultimate-madoka\/#primaryimage"},"thumbnailUrl":"https:\/\/akatsukianime.com\/wp-content\/uploads\/2026\/01\/Ultimate-Madoka-nendoroid-figura.jpg","datePublished":"2026-01-14T17:12:52+00:00","dateModified":"2026-03-27T16:20:24+00:00","description":"Figura Nendoroid Ultimate Madoka de Puella Magi Madoka Magica con arco, flecha y rostros intercambiables. Ideal para coleccionistas.","breadcrumb":{"@id":"https:\/\/akatsukianime.com\/product\/puella-magi-madoka-magica-nendoroid-no-285-ultimate-madoka\/#breadcrumb"},"inLanguage":"en-US","potentialAction":[{"@type":"ReadAction","target":["https:\/\/akatsukianime.com\/product\/puella-magi-madoka-magica-nendoroid-no-285-ultimate-madoka\/"]}]},{"@type":"ImageObject","inLanguage":"en-US","@id":"https:\/\/akatsukianime.com\/product\/puella-magi-madoka-magica-nendoroid-no-285-ultimate-madoka\/#primaryimage","url":"https:\/\/akatsukianime.com\/wp-content\/uploads\/2026\/01\/Ultimate-Madoka-nendoroid-figura.jpg","contentUrl":"https:\/\/akatsukianime.com\/wp-content\/uploads\/2026\/01\/Ultimate-Madoka-nendoroid-figura.jpg","width":1000,"height":1000,"caption":"Ultimate Madoka nendoroid figura"},{"@type":"BreadcrumbList","@id":"https:\/\/akatsukianime.com\/product\/puella-magi-madoka-magica-nendoroid-no-285-ultimate-madoka\/#breadcrumb","itemListElement":[{"@type":"ListItem","position":1,"name":"Portada","item":"https:\/\/akatsukianime.com\/"},{"@type":"ListItem","position":2,"name":"Tienda","item":"https:\/\/akatsukianime.com\/tienda\/"},{"@type":"ListItem","position":3,"name":"Puella Magi Madoka Magica Nendoroid No.285 Ultimate Madoka"}]},{"@type":"WebSite","@id":"https:\/\/akatsukianime.com\/#website","url":"https:\/\/akatsukianime.com\/","name":"Akatsuki anime store","description":"","potentialAction":[{"@type":"SearchAction","target":{"@type":"EntryPoint","urlTemplate":"https:\/\/akatsukianime.com\/?s={search_term_string}"},"query-input":{"@type":"PropertyValueSpecification","valueRequired":true,"valueName":"search_term_string"}}],"inLanguage":"en-US"}]}},"jetpack_sharing_enabled":true,"_links":{"self":[{"href":"https:\/\/akatsukianime.com\/en\/wp-json\/wp\/v2\/product\/6845","targetHints":{"allow":["GET"]}}],"collection":[{"href":"https:\/\/akatsukianime.com\/en\/wp-json\/wp\/v2\/product"}],"about":[{"href":"https:\/\/akatsukianime.com\/en\/wp-json\/wp\/v2\/types\/product"}],"version-history":[{"count":1,"href":"https:\/\/akatsukianime.com\/en\/wp-json\/wp\/v2\/product\/6845\/revisions"}],"predecessor-version":[{"id":6852,"href":"https:\/\/akatsukianime.com\/en\/wp-json\/wp\/v2\/product\/6845\/revisions\/6852"}],"wp:featuredmedia":[{"embeddable":true,"href":"https:\/\/akatsukianime.com\/en\/wp-json\/wp\/v2\/media\/6846"}],"wp:attachment":[{"href":"https:\/\/akatsukianime.com\/en\/wp-json\/wp\/v2\/media?parent=6845"}],"wp:term":[{"taxonomy":"product_cat","embeddable":true,"href":"https:\/\/akatsukianime.com\/en\/wp-json\/wp\/v2\/product_cat?post=6845"},{"taxonomy":"product_tag","embeddable":true,"href":"https:\/\/akatsukianime.com\/en\/wp-json\/wp\/v2\/product_tag?post=6845"}],"curies":[{"name":"wp","href":"https:\/\/api.w.org\/{rel}","templated":true}]}}