{"id":6855,"date":"2026-01-14T18:21:25","date_gmt":"2026-01-14T17:21:25","guid":{"rendered":"https:\/\/akatsukianime.com\/?post_type=product&#038;p=6855"},"modified":"2026-01-14T18:21:26","modified_gmt":"2026-01-14T17:21:26","slug":"sk8-the-infinity-nendoroid-no-2782-joe","status":"publish","type":"product","link":"https:\/\/akatsukianime.com\/en\/product\/sk8-the-infinity-nendoroid-no-2782-joe\/","title":{"rendered":"SK8 the Infinity Nendoroid No.2782 Joe"},"content":{"rendered":"<h3 data-start=\"163\" data-end=\"197\"><strong data-start=\"167\" data-end=\"195\">Product description<\/strong><\/h3>\n<p data-start=\"198\" data-end=\"271\">\ud83d\udef9\ud83d\udd25 <strong data-start=\"203\" data-end=\"266\">\u201cSer intenso es mi lema\u2026 tanto patinando como coqueteando.\u201d<\/strong> \ud83d\udd25\ud83d\udef9<\/p>\n<p data-start=\"273\" data-end=\"578\">From the anime <strong data-start=\"288\" data-end=\"308\">SK8 the Infinity<\/strong> llega el carism\u00e1tico y poderoso <strong data-start=\"341\" data-end=\"361\">Nendoroid de Joe<\/strong>, uno de los skaters m\u00e1s imponentes y elegantes del circuito. Esta figura captura a la perfecci\u00f3n su personalidad arrolladora, combinando fuerza, estilo y actitud en un formato compacto ideal para cualquier colecci\u00f3n.<\/p>\n<p data-start=\"580\" data-end=\"901\">El Nendoroid incluye <strong data-start=\"601\" data-end=\"641\">tres placas faciales intercambiables<\/strong>: una expresi\u00f3n sonriente, un gui\u00f1o coqueto y un rostro enfadado para recrear escenas llenas de acci\u00f3n y car\u00e1cter. Adem\u00e1s, cuenta con <strong data-start=\"775\" data-end=\"801\">accesorios adicionales<\/strong>, como su skateboard, que permiten crear m\u00faltiples poses din\u00e1micas y exhibiciones llenas de energ\u00eda.<\/p>\n<p data-start=\"903\" data-end=\"1103\">Gracias a sus <strong data-start=\"917\" data-end=\"953\">m\u00faltiples puntos de articulaci\u00f3n<\/strong> y su dise\u00f1o chibi caracter\u00edstico, esta figura es perfecta tanto para exhibici\u00f3n como para fans que disfrutan personalizando sus personajes favoritos.<\/p>\n<hr data-start=\"1105\" data-end=\"1108\" \/>\n<h3 data-start=\"1110\" data-end=\"1146\"><strong data-start=\"1114\" data-end=\"1146\">Product Features<\/strong><\/h3>\n<ul data-start=\"1147\" data-end=\"1384\">\n<li data-start=\"1147\" data-end=\"1177\">\n<p data-start=\"1149\" data-end=\"1177\">Approximate height: <strong data-start=\"1168\" data-end=\"1177\">10 cm<\/strong><\/p>\n<\/li>\n<li data-start=\"1178\" data-end=\"1202\">\n<p data-start=\"1180\" data-end=\"1202\">Material: <strong data-start=\"1190\" data-end=\"1202\">Pl\u00e1stico<\/strong><\/p>\n<\/li>\n<li data-start=\"1203\" data-end=\"1244\">\n<p data-start=\"1205\" data-end=\"1244\">Based on the anime <strong data-start=\"1224\" data-end=\"1244\">SK8 the Infinity<\/strong><\/p>\n<\/li>\n<li data-start=\"1245\" data-end=\"1267\">\n<p data-start=\"1247\" data-end=\"1267\">Line: <strong data-start=\"1254\" data-end=\"1267\">Nendoroid<\/strong><\/p>\n<\/li>\n<li data-start=\"1268\" data-end=\"1302\">\n<p data-start=\"1270\" data-end=\"1302\">Multiple points of articulation<\/p>\n<\/li>\n<li data-start=\"1303\" data-end=\"1340\">\n<p data-start=\"1305\" data-end=\"1340\">Interchangeable parts and accessories<\/p>\n<\/li>\n<li data-start=\"1341\" data-end=\"1384\">\n<p data-start=\"1343\" data-end=\"1384\">Dise\u00f1o compacto y altamente coleccionable<\/p>\n<\/li>\n<\/ul>\n<h3 data-start=\"1386\" data-end=\"1414\"><strong data-start=\"1390\" data-end=\"1414\">Box contents<\/strong><\/h3>\n<ul data-start=\"1415\" data-end=\"1529\">\n<li data-start=\"1415\" data-end=\"1431\">\n<p data-start=\"1417\" data-end=\"1431\">Figure <strong data-start=\"1424\" data-end=\"1431\">Joe<\/strong><\/p>\n<\/li>\n<li data-start=\"1432\" data-end=\"1495\">\n<p data-start=\"1434\" data-end=\"1452\">3 placas faciales:<\/p>\n<ul data-start=\"1455\" data-end=\"1495\">\n<li data-start=\"1455\" data-end=\"1468\">\n<p data-start=\"1457\" data-end=\"1468\">Sonriente<\/p>\n<\/li>\n<li data-start=\"1471\" data-end=\"1480\">\n<p data-start=\"1473\" data-end=\"1480\">Gui\u00f1o<\/p>\n<\/li>\n<li data-start=\"1483\" data-end=\"1495\">\n<p data-start=\"1485\" data-end=\"1495\">Enfadado<\/p>\n<\/li>\n<\/ul>\n<\/li>\n<li data-start=\"1496\" data-end=\"1508\">\n<p data-start=\"1498\" data-end=\"1508\">Skateboard<\/p>\n<\/li>\n<li data-start=\"1509\" data-end=\"1529\">\n<p data-start=\"1511\" data-end=\"1529\">Display base<\/p>\n<\/li>\n<\/ul>","protected":false},"excerpt":{"rendered":"<p>Descripci\u00f3n del producto \ud83d\udef9\ud83d\udd25 \u201cSer intenso es mi lema\u2026 tanto patinando como coqueteando.\u201d \ud83d\udd25\ud83d\udef9 Desde el anime SK8 the Infinity<\/p>","protected":false},"featured_media":6856,"template":"","meta":[],"product_cat":[280,98,65,61,60],"product_tag":[165,423,414,422],"class_list":{"0":"post-6855","1":"product","2":"type-product","3":"status-publish","4":"has-post-thumbnail","6":"product_cat-nendoroid","7":"product_cat-good-smile-company","8":"product_cat-figuras","9":"product_cat-novedades","10":"product_cat-otros","11":"product_tag-goodsmile-company","12":"product_tag-joe","13":"product_tag-nendoroid","14":"product_tag-sk8","16":"first","17":"instock","18":"sold-individually","19":"taxable","20":"shipping-taxable","21":"purchasable","22":"product-type-simple"},"yoast_head":"<!-- This site is optimized with the Yoast SEO plugin v24.2 - https:\/\/yoast.com\/wordpress\/plugins\/seo\/ -->\n<title>SK8 the Infinity Nendoroid No.2782 Joe - Akatsuki anime store<\/title>\n<meta name=\"description\" content=\"Figura Nendoroid Joe de SK8 the Infinity con rostros intercambiables y skateboard. Imprescindible para fans y coleccionistas.\" \/>\n<meta name=\"robots\" content=\"index, follow, max-snippet:-1, max-image-preview:large, max-video-preview:-1\" \/>\n<link rel=\"canonical\" href=\"https:\/\/akatsukianime.com\/en\/product\/sk8-the-infinity-nendoroid-no-2782-joe\/\" \/>\n<meta property=\"og:locale\" content=\"en_US\" \/>\n<meta property=\"og:type\" content=\"article\" \/>\n<meta property=\"og:title\" content=\"SK8 the Infinity Nendoroid No.2782 Joe - Akatsuki anime store\" \/>\n<meta property=\"og:description\" content=\"Figura Nendoroid Joe de SK8 the Infinity con rostros intercambiables y skateboard. Imprescindible para fans y coleccionistas.\" \/>\n<meta property=\"og:url\" content=\"https:\/\/akatsukianime.com\/en\/product\/sk8-the-infinity-nendoroid-no-2782-joe\/\" \/>\n<meta property=\"og:site_name\" content=\"Akatsuki anime store\" \/>\n<meta property=\"article:modified_time\" content=\"2026-01-14T17:21:26+00:00\" \/>\n<meta property=\"og:image\" content=\"https:\/\/akatsukianime.com\/wp-content\/uploads\/2026\/01\/Figura-Joe-SK8-nendoroid.jpg\" \/>\n\t<meta property=\"og:image:width\" content=\"1000\" \/>\n\t<meta property=\"og:image:height\" content=\"1000\" \/>\n\t<meta property=\"og:image:type\" content=\"image\/jpeg\" \/>\n<meta name=\"twitter:card\" content=\"summary_large_image\" \/>\n<meta name=\"twitter:label1\" content=\"Est. reading time\" \/>\n\t<meta name=\"twitter:data1\" content=\"2 minutes\" \/>\n<script type=\"application\/ld+json\" class=\"yoast-schema-graph\">{\"@context\":\"https:\/\/schema.org\",\"@graph\":[{\"@type\":[\"WebPage\",\"ItemPage\"],\"@id\":\"https:\/\/akatsukianime.com\/product\/sk8-the-infinity-nendoroid-no-2782-joe\/\",\"url\":\"https:\/\/akatsukianime.com\/product\/sk8-the-infinity-nendoroid-no-2782-joe\/\",\"name\":\"SK8 the Infinity Nendoroid No.2782 Joe - Akatsuki anime store\",\"isPartOf\":{\"@id\":\"https:\/\/akatsukianime.com\/#website\"},\"primaryImageOfPage\":{\"@id\":\"https:\/\/akatsukianime.com\/product\/sk8-the-infinity-nendoroid-no-2782-joe\/#primaryimage\"},\"image\":{\"@id\":\"https:\/\/akatsukianime.com\/product\/sk8-the-infinity-nendoroid-no-2782-joe\/#primaryimage\"},\"thumbnailUrl\":\"https:\/\/akatsukianime.com\/wp-content\/uploads\/2026\/01\/Figura-Joe-SK8-nendoroid.jpg\",\"datePublished\":\"2026-01-14T17:21:25+00:00\",\"dateModified\":\"2026-01-14T17:21:26+00:00\",\"description\":\"Figura Nendoroid Joe de SK8 the Infinity con rostros intercambiables y skateboard. Imprescindible para fans y coleccionistas.\",\"breadcrumb\":{\"@id\":\"https:\/\/akatsukianime.com\/product\/sk8-the-infinity-nendoroid-no-2782-joe\/#breadcrumb\"},\"inLanguage\":\"en-US\",\"potentialAction\":[{\"@type\":\"ReadAction\",\"target\":[\"https:\/\/akatsukianime.com\/product\/sk8-the-infinity-nendoroid-no-2782-joe\/\"]}]},{\"@type\":\"ImageObject\",\"inLanguage\":\"en-US\",\"@id\":\"https:\/\/akatsukianime.com\/product\/sk8-the-infinity-nendoroid-no-2782-joe\/#primaryimage\",\"url\":\"https:\/\/akatsukianime.com\/wp-content\/uploads\/2026\/01\/Figura-Joe-SK8-nendoroid.jpg\",\"contentUrl\":\"https:\/\/akatsukianime.com\/wp-content\/uploads\/2026\/01\/Figura-Joe-SK8-nendoroid.jpg\",\"width\":1000,\"height\":1000,\"caption\":\"nendoroid joe sk8 infinity\"},{\"@type\":\"BreadcrumbList\",\"@id\":\"https:\/\/akatsukianime.com\/product\/sk8-the-infinity-nendoroid-no-2782-joe\/#breadcrumb\",\"itemListElement\":[{\"@type\":\"ListItem\",\"position\":1,\"name\":\"Portada\",\"item\":\"https:\/\/akatsukianime.com\/\"},{\"@type\":\"ListItem\",\"position\":2,\"name\":\"Tienda\",\"item\":\"https:\/\/akatsukianime.com\/tienda\/\"},{\"@type\":\"ListItem\",\"position\":3,\"name\":\"SK8 the Infinity Nendoroid No.2782 Joe\"}]},{\"@type\":\"WebSite\",\"@id\":\"https:\/\/akatsukianime.com\/#website\",\"url\":\"https:\/\/akatsukianime.com\/\",\"name\":\"Akatsuki anime store\",\"description\":\"\",\"potentialAction\":[{\"@type\":\"SearchAction\",\"target\":{\"@type\":\"EntryPoint\",\"urlTemplate\":\"https:\/\/akatsukianime.com\/?s={search_term_string}\"},\"query-input\":{\"@type\":\"PropertyValueSpecification\",\"valueRequired\":true,\"valueName\":\"search_term_string\"}}],\"inLanguage\":\"en-US\"}]}<\/script>\n<!-- \/ Yoast SEO plugin. -->","yoast_head_json":{"title":"SK8 the Infinity Nendoroid No.2782 Joe - Akatsuki anime store","description":"Figura Nendoroid Joe de SK8 the Infinity con rostros intercambiables y skateboard. Imprescindible para fans y coleccionistas.","robots":{"index":"index","follow":"follow","max-snippet":"max-snippet:-1","max-image-preview":"max-image-preview:large","max-video-preview":"max-video-preview:-1"},"canonical":"https:\/\/akatsukianime.com\/en\/product\/sk8-the-infinity-nendoroid-no-2782-joe\/","og_locale":"en_US","og_type":"article","og_title":"SK8 the Infinity Nendoroid No.2782 Joe - Akatsuki anime store","og_description":"Figura Nendoroid Joe de SK8 the Infinity con rostros intercambiables y skateboard. Imprescindible para fans y coleccionistas.","og_url":"https:\/\/akatsukianime.com\/en\/product\/sk8-the-infinity-nendoroid-no-2782-joe\/","og_site_name":"Akatsuki anime store","article_modified_time":"2026-01-14T17:21:26+00:00","og_image":[{"width":1000,"height":1000,"url":"https:\/\/akatsukianime.com\/wp-content\/uploads\/2026\/01\/Figura-Joe-SK8-nendoroid.jpg","type":"image\/jpeg"}],"twitter_card":"summary_large_image","twitter_misc":{"Est. reading time":"2 minutes"},"schema":{"@context":"https:\/\/schema.org","@graph":[{"@type":["WebPage","ItemPage"],"@id":"https:\/\/akatsukianime.com\/product\/sk8-the-infinity-nendoroid-no-2782-joe\/","url":"https:\/\/akatsukianime.com\/product\/sk8-the-infinity-nendoroid-no-2782-joe\/","name":"SK8 the Infinity Nendoroid No.2782 Joe - Akatsuki anime store","isPartOf":{"@id":"https:\/\/akatsukianime.com\/#website"},"primaryImageOfPage":{"@id":"https:\/\/akatsukianime.com\/product\/sk8-the-infinity-nendoroid-no-2782-joe\/#primaryimage"},"image":{"@id":"https:\/\/akatsukianime.com\/product\/sk8-the-infinity-nendoroid-no-2782-joe\/#primaryimage"},"thumbnailUrl":"https:\/\/akatsukianime.com\/wp-content\/uploads\/2026\/01\/Figura-Joe-SK8-nendoroid.jpg","datePublished":"2026-01-14T17:21:25+00:00","dateModified":"2026-01-14T17:21:26+00:00","description":"Figura Nendoroid Joe de SK8 the Infinity con rostros intercambiables y skateboard. Imprescindible para fans y coleccionistas.","breadcrumb":{"@id":"https:\/\/akatsukianime.com\/product\/sk8-the-infinity-nendoroid-no-2782-joe\/#breadcrumb"},"inLanguage":"en-US","potentialAction":[{"@type":"ReadAction","target":["https:\/\/akatsukianime.com\/product\/sk8-the-infinity-nendoroid-no-2782-joe\/"]}]},{"@type":"ImageObject","inLanguage":"en-US","@id":"https:\/\/akatsukianime.com\/product\/sk8-the-infinity-nendoroid-no-2782-joe\/#primaryimage","url":"https:\/\/akatsukianime.com\/wp-content\/uploads\/2026\/01\/Figura-Joe-SK8-nendoroid.jpg","contentUrl":"https:\/\/akatsukianime.com\/wp-content\/uploads\/2026\/01\/Figura-Joe-SK8-nendoroid.jpg","width":1000,"height":1000,"caption":"nendoroid joe sk8 infinity"},{"@type":"BreadcrumbList","@id":"https:\/\/akatsukianime.com\/product\/sk8-the-infinity-nendoroid-no-2782-joe\/#breadcrumb","itemListElement":[{"@type":"ListItem","position":1,"name":"Portada","item":"https:\/\/akatsukianime.com\/"},{"@type":"ListItem","position":2,"name":"Tienda","item":"https:\/\/akatsukianime.com\/tienda\/"},{"@type":"ListItem","position":3,"name":"SK8 the Infinity Nendoroid No.2782 Joe"}]},{"@type":"WebSite","@id":"https:\/\/akatsukianime.com\/#website","url":"https:\/\/akatsukianime.com\/","name":"Akatsuki anime store","description":"","potentialAction":[{"@type":"SearchAction","target":{"@type":"EntryPoint","urlTemplate":"https:\/\/akatsukianime.com\/?s={search_term_string}"},"query-input":{"@type":"PropertyValueSpecification","valueRequired":true,"valueName":"search_term_string"}}],"inLanguage":"en-US"}]}},"jetpack_sharing_enabled":true,"_links":{"self":[{"href":"https:\/\/akatsukianime.com\/en\/wp-json\/wp\/v2\/product\/6855","targetHints":{"allow":["GET"]}}],"collection":[{"href":"https:\/\/akatsukianime.com\/en\/wp-json\/wp\/v2\/product"}],"about":[{"href":"https:\/\/akatsukianime.com\/en\/wp-json\/wp\/v2\/types\/product"}],"version-history":[{"count":1,"href":"https:\/\/akatsukianime.com\/en\/wp-json\/wp\/v2\/product\/6855\/revisions"}],"predecessor-version":[{"id":6864,"href":"https:\/\/akatsukianime.com\/en\/wp-json\/wp\/v2\/product\/6855\/revisions\/6864"}],"wp:featuredmedia":[{"embeddable":true,"href":"https:\/\/akatsukianime.com\/en\/wp-json\/wp\/v2\/media\/6856"}],"wp:attachment":[{"href":"https:\/\/akatsukianime.com\/en\/wp-json\/wp\/v2\/media?parent=6855"}],"wp:term":[{"taxonomy":"product_cat","embeddable":true,"href":"https:\/\/akatsukianime.com\/en\/wp-json\/wp\/v2\/product_cat?post=6855"},{"taxonomy":"product_tag","embeddable":true,"href":"https:\/\/akatsukianime.com\/en\/wp-json\/wp\/v2\/product_tag?post=6855"}],"curies":[{"name":"wp","href":"https:\/\/api.w.org\/{rel}","templated":true}]}}