{"id":6876,"date":"2026-01-14T18:50:59","date_gmt":"2026-01-14T17:50:59","guid":{"rendered":"https:\/\/akatsukianime.com\/?post_type=product&#038;p=6876"},"modified":"2026-01-14T18:51:00","modified_gmt":"2026-01-14T17:51:00","slug":"genshin-impact-nendoroid-no-2660-raiden-shogun","status":"publish","type":"product","link":"https:\/\/akatsukianime.com\/en\/product\/genshin-impact-nendoroid-no-2660-raiden-shogun\/","title":{"rendered":"Genshin Impact Nendoroid No.2660 Raiden Shogun"},"content":{"rendered":"<h3 data-start=\"162\" data-end=\"196\"><strong data-start=\"166\" data-end=\"194\">Product description<\/strong><\/h3>\n<p data-start=\"197\" data-end=\"265\">\u26a1 <strong data-start=\"199\" data-end=\"261\">\u00abRechaza lo ef\u00edmero. Permanece en la eternidad inmutable.\u00bb<\/strong> \u26a1<\/p>\n<p data-start=\"267\" data-end=\"561\">Desde el exitoso videojuego <strong data-start=\"295\" data-end=\"313\">Genshin Impact<\/strong> The majestic arrives <strong data-start=\"334\" data-end=\"364\">Nendoroid de Raiden Shogun<\/strong>, la imponente Arconte Electro y gobernante de Inazuma. Esta figura captura a la perfecci\u00f3n su elegancia, poder y serenidad, convirti\u00e9ndose en una pieza imprescindible para cualquier fan del juego.<\/p>\n<p data-start=\"563\" data-end=\"928\">Incluye <strong data-start=\"571\" data-end=\"611\">tres placas faciales intercambiables<\/strong> \u2014una expresi\u00f3n serena, una mirada sorprendida y una sonrisa suave\u2014 que permiten representar distintos aspectos de su personalidad. Adem\u00e1s, cuenta con <strong data-start=\"762\" data-end=\"789\">accesorios emblem\u00e1ticos<\/strong> como sus armas <strong data-start=\"805\" data-end=\"821\">Musou Isshin<\/strong> and <strong data-start=\"824\" data-end=\"847\">Engulfing Lightning<\/strong>, as\u00ed como su caracter\u00edstico <strong data-start=\"876\" data-end=\"890\">dango milk<\/strong>, ideal para recrear escenas ic\u00f3nicas.<\/p>\n<p data-start=\"930\" data-end=\"1241\">La figura tambi\u00e9n incorpora piezas especiales para recrear su espectacular <strong data-start=\"1005\" data-end=\"1047\">Habilidad Definitiva (Elemental Burst)<\/strong>, ofreciendo m\u00faltiples opciones de pose gracias a su dise\u00f1o articulado. No dejes que esta deidad de la eternidad falte en tu vitrina y a\u00f1ade a Raiden Shogun a tu colecci\u00f3n de <strong data-start=\"1222\" data-end=\"1240\">Genshin Impact<\/strong>.<\/p>\n<hr data-start=\"1243\" data-end=\"1246\" \/>\n<h3 data-start=\"1248\" data-end=\"1284\"><strong data-start=\"1252\" data-end=\"1284\">Product Features<\/strong><\/h3>\n<ul data-start=\"1285\" data-end=\"1517\">\n<li data-start=\"1285\" data-end=\"1315\">\n<p data-start=\"1287\" data-end=\"1315\">Approximate height: <strong data-start=\"1306\" data-end=\"1315\">10 cm<\/strong><\/p>\n<\/li>\n<li data-start=\"1316\" data-end=\"1340\">\n<p data-start=\"1318\" data-end=\"1340\">Material: <strong data-start=\"1328\" data-end=\"1340\">Pl\u00e1stico<\/strong><\/p>\n<\/li>\n<li data-start=\"1341\" data-end=\"1385\">\n<p data-start=\"1343\" data-end=\"1385\">Based on the video game <strong data-start=\"1367\" data-end=\"1385\">Genshin Impact<\/strong><\/p>\n<\/li>\n<li data-start=\"1386\" data-end=\"1408\">\n<p data-start=\"1388\" data-end=\"1408\">Line: <strong data-start=\"1395\" data-end=\"1408\">Nendoroid<\/strong><\/p>\n<\/li>\n<li data-start=\"1409\" data-end=\"1443\">\n<p data-start=\"1411\" data-end=\"1443\">Multiple points of articulation<\/p>\n<\/li>\n<li data-start=\"1444\" data-end=\"1481\">\n<p data-start=\"1446\" data-end=\"1481\">Interchangeable parts and accessories<\/p>\n<\/li>\n<li data-start=\"1482\" data-end=\"1517\">\n<p data-start=\"1484\" data-end=\"1517\">Ideal para exhibici\u00f3n y colecci\u00f3n<\/p>\n<\/li>\n<\/ul>\n<h3 data-start=\"1519\" data-end=\"1547\"><strong data-start=\"1523\" data-end=\"1547\">Box contents<\/strong><\/h3>\n<ul data-start=\"1548\" data-end=\"1747\">\n<li data-start=\"1548\" data-end=\"1574\">\n<p data-start=\"1550\" data-end=\"1574\">Figure <strong data-start=\"1557\" data-end=\"1574\">Raiden Shogun<\/strong><\/p>\n<\/li>\n<li data-start=\"1575\" data-end=\"1642\">\n<p data-start=\"1577\" data-end=\"1595\">3 placas faciales:<\/p>\n<ul data-start=\"1598\" data-end=\"1642\">\n<li data-start=\"1598\" data-end=\"1608\">\n<p data-start=\"1600\" data-end=\"1608\">Serena<\/p>\n<\/li>\n<li data-start=\"1611\" data-end=\"1626\">\n<p data-start=\"1613\" data-end=\"1626\">Sorprendida<\/p>\n<\/li>\n<li data-start=\"1629\" data-end=\"1642\">\n<p data-start=\"1631\" data-end=\"1642\">Sonriente<\/p>\n<\/li>\n<\/ul>\n<\/li>\n<li data-start=\"1643\" data-end=\"1664\">\n<p data-start=\"1645\" data-end=\"1664\">Brazos alternativos<\/p>\n<\/li>\n<li data-start=\"1665\" data-end=\"1683\">\n<p data-start=\"1667\" data-end=\"1683\"><strong data-start=\"1667\" data-end=\"1683\">Musou Isshin<\/strong><\/p>\n<\/li>\n<li data-start=\"1684\" data-end=\"1709\">\n<p data-start=\"1686\" data-end=\"1709\"><strong data-start=\"1686\" data-end=\"1709\">Engulfing Lightning<\/strong><\/p>\n<\/li>\n<li data-start=\"1710\" data-end=\"1726\">\n<p data-start=\"1712\" data-end=\"1726\"><strong data-start=\"1712\" data-end=\"1726\">Dango milk<\/strong><\/p>\n<\/li>\n<li data-start=\"1727\" data-end=\"1747\">\n<p data-start=\"1729\" data-end=\"1747\">Display base<\/p>\n<\/li>\n<\/ul>\n<p data-start=\"1892\" data-end=\"2019\">","protected":false},"excerpt":{"rendered":"<p>Descripci\u00f3n del producto \u26a1 \u00abRechaza lo ef\u00edmero. Permanece en la eternidad inmutable.\u00bb \u26a1 Desde el exitoso videojuego Genshin Impact llega<\/p>","protected":false},"featured_media":6877,"template":"","meta":[],"product_cat":[280,98,65,61,54],"product_tag":[149,165,414,425],"class_list":{"0":"post-6876","1":"product","2":"type-product","3":"status-publish","4":"has-post-thumbnail","6":"product_cat-nendoroid","7":"product_cat-good-smile-company","8":"product_cat-figuras","9":"product_cat-novedades","10":"product_cat-genshin-impact","11":"product_tag-genshin-impact","12":"product_tag-goodsmile-company","13":"product_tag-nendoroid","14":"product_tag-raiden-shogun","16":"first","17":"instock","18":"sold-individually","19":"taxable","20":"shipping-taxable","21":"purchasable","22":"product-type-simple"},"yoast_head":"<!-- This site is optimized with the Yoast SEO plugin v24.2 - https:\/\/yoast.com\/wordpress\/plugins\/seo\/ -->\n<title>Genshin Impact Nendoroid No.2660 Raiden Shogun - Akatsuki anime store<\/title>\n<meta name=\"description\" content=\"Consigue la figura Nendoroid Raiden Shogun de Genshin Impact con armas y accesorios. Detalle premium ideal para coleccionistas.\" \/>\n<meta name=\"robots\" content=\"index, follow, max-snippet:-1, max-image-preview:large, max-video-preview:-1\" \/>\n<link rel=\"canonical\" href=\"https:\/\/akatsukianime.com\/en\/product\/genshin-impact-nendoroid-no-2660-raiden-shogun\/\" \/>\n<meta property=\"og:locale\" content=\"en_US\" \/>\n<meta property=\"og:type\" content=\"article\" \/>\n<meta property=\"og:title\" content=\"Genshin Impact Nendoroid No.2660 Raiden Shogun - Akatsuki anime store\" \/>\n<meta property=\"og:description\" content=\"Consigue la figura Nendoroid Raiden Shogun de Genshin Impact con armas y accesorios. Detalle premium ideal para coleccionistas.\" \/>\n<meta property=\"og:url\" content=\"https:\/\/akatsukianime.com\/en\/product\/genshin-impact-nendoroid-no-2660-raiden-shogun\/\" \/>\n<meta property=\"og:site_name\" content=\"Akatsuki anime store\" \/>\n<meta property=\"article:modified_time\" content=\"2026-01-14T17:51:00+00:00\" \/>\n<meta property=\"og:image\" content=\"https:\/\/akatsukianime.com\/wp-content\/uploads\/2026\/01\/Nendoroid-Raiden-Shogun-Genshin.jpg\" \/>\n\t<meta property=\"og:image:width\" content=\"1000\" \/>\n\t<meta property=\"og:image:height\" content=\"1000\" \/>\n\t<meta property=\"og:image:type\" content=\"image\/jpeg\" \/>\n<meta name=\"twitter:card\" content=\"summary_large_image\" \/>\n<meta name=\"twitter:label1\" content=\"Est. reading time\" \/>\n\t<meta name=\"twitter:data1\" content=\"2 minutes\" \/>\n<script type=\"application\/ld+json\" class=\"yoast-schema-graph\">{\"@context\":\"https:\/\/schema.org\",\"@graph\":[{\"@type\":[\"WebPage\",\"ItemPage\"],\"@id\":\"https:\/\/akatsukianime.com\/product\/genshin-impact-nendoroid-no-2660-raiden-shogun\/\",\"url\":\"https:\/\/akatsukianime.com\/product\/genshin-impact-nendoroid-no-2660-raiden-shogun\/\",\"name\":\"Genshin Impact Nendoroid No.2660 Raiden Shogun - Akatsuki anime store\",\"isPartOf\":{\"@id\":\"https:\/\/akatsukianime.com\/#website\"},\"primaryImageOfPage\":{\"@id\":\"https:\/\/akatsukianime.com\/product\/genshin-impact-nendoroid-no-2660-raiden-shogun\/#primaryimage\"},\"image\":{\"@id\":\"https:\/\/akatsukianime.com\/product\/genshin-impact-nendoroid-no-2660-raiden-shogun\/#primaryimage\"},\"thumbnailUrl\":\"https:\/\/akatsukianime.com\/wp-content\/uploads\/2026\/01\/Nendoroid-Raiden-Shogun-Genshin.jpg\",\"datePublished\":\"2026-01-14T17:50:59+00:00\",\"dateModified\":\"2026-01-14T17:51:00+00:00\",\"description\":\"Consigue la figura Nendoroid Raiden Shogun de Genshin Impact con armas y accesorios. Detalle premium ideal para coleccionistas.\",\"breadcrumb\":{\"@id\":\"https:\/\/akatsukianime.com\/product\/genshin-impact-nendoroid-no-2660-raiden-shogun\/#breadcrumb\"},\"inLanguage\":\"en-US\",\"potentialAction\":[{\"@type\":\"ReadAction\",\"target\":[\"https:\/\/akatsukianime.com\/product\/genshin-impact-nendoroid-no-2660-raiden-shogun\/\"]}]},{\"@type\":\"ImageObject\",\"inLanguage\":\"en-US\",\"@id\":\"https:\/\/akatsukianime.com\/product\/genshin-impact-nendoroid-no-2660-raiden-shogun\/#primaryimage\",\"url\":\"https:\/\/akatsukianime.com\/wp-content\/uploads\/2026\/01\/Nendoroid-Raiden-Shogun-Genshin.jpg\",\"contentUrl\":\"https:\/\/akatsukianime.com\/wp-content\/uploads\/2026\/01\/Nendoroid-Raiden-Shogun-Genshin.jpg\",\"width\":1000,\"height\":1000,\"caption\":\"Nendoroid Raiden Shogun Genshin\"},{\"@type\":\"BreadcrumbList\",\"@id\":\"https:\/\/akatsukianime.com\/product\/genshin-impact-nendoroid-no-2660-raiden-shogun\/#breadcrumb\",\"itemListElement\":[{\"@type\":\"ListItem\",\"position\":1,\"name\":\"Portada\",\"item\":\"https:\/\/akatsukianime.com\/\"},{\"@type\":\"ListItem\",\"position\":2,\"name\":\"Tienda\",\"item\":\"https:\/\/akatsukianime.com\/tienda\/\"},{\"@type\":\"ListItem\",\"position\":3,\"name\":\"Genshin Impact Nendoroid No.2660 Raiden Shogun\"}]},{\"@type\":\"WebSite\",\"@id\":\"https:\/\/akatsukianime.com\/#website\",\"url\":\"https:\/\/akatsukianime.com\/\",\"name\":\"Akatsuki anime store\",\"description\":\"\",\"potentialAction\":[{\"@type\":\"SearchAction\",\"target\":{\"@type\":\"EntryPoint\",\"urlTemplate\":\"https:\/\/akatsukianime.com\/?s={search_term_string}\"},\"query-input\":{\"@type\":\"PropertyValueSpecification\",\"valueRequired\":true,\"valueName\":\"search_term_string\"}}],\"inLanguage\":\"en-US\"}]}<\/script>\n<!-- \/ Yoast SEO plugin. -->","yoast_head_json":{"title":"Genshin Impact Nendoroid No.2660 Raiden Shogun - Akatsuki anime store","description":"Consigue la figura Nendoroid Raiden Shogun de Genshin Impact con armas y accesorios. Detalle premium ideal para coleccionistas.","robots":{"index":"index","follow":"follow","max-snippet":"max-snippet:-1","max-image-preview":"max-image-preview:large","max-video-preview":"max-video-preview:-1"},"canonical":"https:\/\/akatsukianime.com\/en\/product\/genshin-impact-nendoroid-no-2660-raiden-shogun\/","og_locale":"en_US","og_type":"article","og_title":"Genshin Impact Nendoroid No.2660 Raiden Shogun - Akatsuki anime store","og_description":"Consigue la figura Nendoroid Raiden Shogun de Genshin Impact con armas y accesorios. Detalle premium ideal para coleccionistas.","og_url":"https:\/\/akatsukianime.com\/en\/product\/genshin-impact-nendoroid-no-2660-raiden-shogun\/","og_site_name":"Akatsuki anime store","article_modified_time":"2026-01-14T17:51:00+00:00","og_image":[{"width":1000,"height":1000,"url":"https:\/\/akatsukianime.com\/wp-content\/uploads\/2026\/01\/Nendoroid-Raiden-Shogun-Genshin.jpg","type":"image\/jpeg"}],"twitter_card":"summary_large_image","twitter_misc":{"Est. reading time":"2 minutes"},"schema":{"@context":"https:\/\/schema.org","@graph":[{"@type":["WebPage","ItemPage"],"@id":"https:\/\/akatsukianime.com\/product\/genshin-impact-nendoroid-no-2660-raiden-shogun\/","url":"https:\/\/akatsukianime.com\/product\/genshin-impact-nendoroid-no-2660-raiden-shogun\/","name":"Genshin Impact Nendoroid No.2660 Raiden Shogun - Akatsuki anime store","isPartOf":{"@id":"https:\/\/akatsukianime.com\/#website"},"primaryImageOfPage":{"@id":"https:\/\/akatsukianime.com\/product\/genshin-impact-nendoroid-no-2660-raiden-shogun\/#primaryimage"},"image":{"@id":"https:\/\/akatsukianime.com\/product\/genshin-impact-nendoroid-no-2660-raiden-shogun\/#primaryimage"},"thumbnailUrl":"https:\/\/akatsukianime.com\/wp-content\/uploads\/2026\/01\/Nendoroid-Raiden-Shogun-Genshin.jpg","datePublished":"2026-01-14T17:50:59+00:00","dateModified":"2026-01-14T17:51:00+00:00","description":"Consigue la figura Nendoroid Raiden Shogun de Genshin Impact con armas y accesorios. Detalle premium ideal para coleccionistas.","breadcrumb":{"@id":"https:\/\/akatsukianime.com\/product\/genshin-impact-nendoroid-no-2660-raiden-shogun\/#breadcrumb"},"inLanguage":"en-US","potentialAction":[{"@type":"ReadAction","target":["https:\/\/akatsukianime.com\/product\/genshin-impact-nendoroid-no-2660-raiden-shogun\/"]}]},{"@type":"ImageObject","inLanguage":"en-US","@id":"https:\/\/akatsukianime.com\/product\/genshin-impact-nendoroid-no-2660-raiden-shogun\/#primaryimage","url":"https:\/\/akatsukianime.com\/wp-content\/uploads\/2026\/01\/Nendoroid-Raiden-Shogun-Genshin.jpg","contentUrl":"https:\/\/akatsukianime.com\/wp-content\/uploads\/2026\/01\/Nendoroid-Raiden-Shogun-Genshin.jpg","width":1000,"height":1000,"caption":"Nendoroid Raiden Shogun Genshin"},{"@type":"BreadcrumbList","@id":"https:\/\/akatsukianime.com\/product\/genshin-impact-nendoroid-no-2660-raiden-shogun\/#breadcrumb","itemListElement":[{"@type":"ListItem","position":1,"name":"Portada","item":"https:\/\/akatsukianime.com\/"},{"@type":"ListItem","position":2,"name":"Tienda","item":"https:\/\/akatsukianime.com\/tienda\/"},{"@type":"ListItem","position":3,"name":"Genshin Impact Nendoroid No.2660 Raiden Shogun"}]},{"@type":"WebSite","@id":"https:\/\/akatsukianime.com\/#website","url":"https:\/\/akatsukianime.com\/","name":"Akatsuki anime store","description":"","potentialAction":[{"@type":"SearchAction","target":{"@type":"EntryPoint","urlTemplate":"https:\/\/akatsukianime.com\/?s={search_term_string}"},"query-input":{"@type":"PropertyValueSpecification","valueRequired":true,"valueName":"search_term_string"}}],"inLanguage":"en-US"}]}},"jetpack_sharing_enabled":true,"_links":{"self":[{"href":"https:\/\/akatsukianime.com\/en\/wp-json\/wp\/v2\/product\/6876","targetHints":{"allow":["GET"]}}],"collection":[{"href":"https:\/\/akatsukianime.com\/en\/wp-json\/wp\/v2\/product"}],"about":[{"href":"https:\/\/akatsukianime.com\/en\/wp-json\/wp\/v2\/types\/product"}],"version-history":[{"count":1,"href":"https:\/\/akatsukianime.com\/en\/wp-json\/wp\/v2\/product\/6876\/revisions"}],"predecessor-version":[{"id":6888,"href":"https:\/\/akatsukianime.com\/en\/wp-json\/wp\/v2\/product\/6876\/revisions\/6888"}],"wp:featuredmedia":[{"embeddable":true,"href":"https:\/\/akatsukianime.com\/en\/wp-json\/wp\/v2\/media\/6877"}],"wp:attachment":[{"href":"https:\/\/akatsukianime.com\/en\/wp-json\/wp\/v2\/media?parent=6876"}],"wp:term":[{"taxonomy":"product_cat","embeddable":true,"href":"https:\/\/akatsukianime.com\/en\/wp-json\/wp\/v2\/product_cat?post=6876"},{"taxonomy":"product_tag","embeddable":true,"href":"https:\/\/akatsukianime.com\/en\/wp-json\/wp\/v2\/product_tag?post=6876"}],"curies":[{"name":"wp","href":"https:\/\/api.w.org\/{rel}","templated":true}]}}