{"id":6889,"date":"2026-01-14T19:02:49","date_gmt":"2026-01-14T18:02:49","guid":{"rendered":"https:\/\/akatsukianime.com\/?post_type=product&#038;p=6889"},"modified":"2026-01-14T19:03:24","modified_gmt":"2026-01-14T18:03:24","slug":"genshin-impact-nendoroid-no-2582-zhongli","status":"publish","type":"product","link":"https:\/\/akatsukianime.com\/en\/product\/genshin-impact-nendoroid-no-2582-zhongli\/","title":{"rendered":"Genshin Impact Nendoroid No.2582 Zhongli"},"content":{"rendered":"<h3 data-start=\"163\" data-end=\"197\"><strong data-start=\"167\" data-end=\"195\">Product description<\/strong><\/h3>\n<p data-start=\"198\" data-end=\"315\"><strong data-start=\"201\" data-end=\"310\">\u00abEl vino de osmanthus sabe igual que lo recuerdo\u2026 pero \u00bfd\u00f3nde est\u00e1n aquellos que compart\u00edan esa memoria?\u00bb<\/strong><\/p>\n<p data-start=\"317\" data-end=\"660\">Desde el aclamado videojuego <strong data-start=\"346\" data-end=\"364\">Genshin Impact<\/strong> llega el <strong data-start=\"374\" data-end=\"398\">Nendoroid de Zhongli<\/strong>, el refinado consultor de la <strong data-start=\"428\" data-end=\"451\">Funeraria Wangsheng<\/strong> y verdadera encarnaci\u00f3n del <strong data-start=\"480\" data-end=\"495\">Arconte Geo<\/strong>. Esta figura captura su elegancia atemporal, sabidur\u00eda ancestral y serenidad, convirti\u00e9ndose en una pieza esencial para cualquier coleccionista del universo Teyvat.<\/p>\n<p data-start=\"662\" data-end=\"1042\">El Nendoroid incluye <strong data-start=\"683\" data-end=\"723\">tres placas faciales intercambiables<\/strong> \u2014una expresi\u00f3n est\u00e1ndar, una mirada contemplativa y una sonrisa calmada\u2014 que reflejan las distintas facetas de Zhongli. Adem\u00e1s, incorpora <strong data-start=\"862\" data-end=\"885\">accesorios ic\u00f3nicos<\/strong> como su lanza <strong data-start=\"900\" data-end=\"921\">Vortex Vanquisher<\/strong>, la <strong data-start=\"926\" data-end=\"936\">Exuvia<\/strong>, el devastador <strong data-start=\"952\" data-end=\"969\">Planet Befall<\/strong> y una caja de regalo, ideales para recrear escenas memorables del juego.<\/p>\n<p data-start=\"1044\" data-end=\"1288\">Gracias a su <strong data-start=\"1057\" data-end=\"1078\">dise\u00f1o articulado<\/strong> y al caracter\u00edstico estilo Nendoroid, esta figura permite una gran variedad de poses din\u00e1micas y exhibiciones elegantes. No pierdas la oportunidad de a\u00f1adir al Arconte Geo a tu colecci\u00f3n de <strong data-start=\"1269\" data-end=\"1287\">Genshin Impact<\/strong>.<\/p>\n<hr data-start=\"1290\" data-end=\"1293\" \/>\n<h3 data-start=\"1295\" data-end=\"1331\"><strong data-start=\"1299\" data-end=\"1331\">Product Features<\/strong><\/h3>\n<ul data-start=\"1332\" data-end=\"1564\">\n<li data-start=\"1332\" data-end=\"1362\">\n<p data-start=\"1334\" data-end=\"1362\">Approximate height: <strong data-start=\"1353\" data-end=\"1362\">10 cm<\/strong><\/p>\n<\/li>\n<li data-start=\"1363\" data-end=\"1387\">\n<p data-start=\"1365\" data-end=\"1387\">Material: <strong data-start=\"1375\" data-end=\"1387\">Pl\u00e1stico<\/strong><\/p>\n<\/li>\n<li data-start=\"1388\" data-end=\"1432\">\n<p data-start=\"1390\" data-end=\"1432\">Basado en el videojuego <strong data-start=\"1414\" data-end=\"1432\">Genshin Impact<\/strong><\/p>\n<\/li>\n<li data-start=\"1433\" data-end=\"1455\">\n<p data-start=\"1435\" data-end=\"1455\">Line: <strong data-start=\"1442\" data-end=\"1455\">Nendoroid<\/strong><\/p>\n<\/li>\n<li data-start=\"1456\" data-end=\"1490\">\n<p data-start=\"1458\" data-end=\"1490\">Multiple points of articulation<\/p>\n<\/li>\n<li data-start=\"1491\" data-end=\"1528\">\n<p data-start=\"1493\" data-end=\"1528\">Interchangeable parts and accessories<\/p>\n<\/li>\n<li data-start=\"1529\" data-end=\"1564\">\n<p data-start=\"1531\" data-end=\"1564\">Ideal para exhibici\u00f3n y colecci\u00f3n<\/p>\n<\/li>\n<\/ul>\n<h3 data-start=\"1566\" data-end=\"1594\"><strong data-start=\"1570\" data-end=\"1594\">Box contents<\/strong><\/h3>\n<ul data-start=\"1595\" data-end=\"1782\">\n<li data-start=\"1595\" data-end=\"1615\">\n<p data-start=\"1597\" data-end=\"1615\">Figure <strong data-start=\"1604\" data-end=\"1615\">Zhongli<\/strong><\/p>\n<\/li>\n<li data-start=\"1616\" data-end=\"1687\">\n<p data-start=\"1618\" data-end=\"1636\">3 placas faciales:<\/p>\n<ul data-start=\"1639\" data-end=\"1687\">\n<li data-start=\"1639\" data-end=\"1651\">\n<p data-start=\"1641\" data-end=\"1651\">Est\u00e1ndar<\/p>\n<\/li>\n<li data-start=\"1654\" data-end=\"1671\">\n<p data-start=\"1656\" data-end=\"1671\">Contemplativa<\/p>\n<\/li>\n<li data-start=\"1674\" data-end=\"1687\">\n<p data-start=\"1676\" data-end=\"1687\">Sonriente<\/p>\n<\/li>\n<\/ul>\n<\/li>\n<li data-start=\"1688\" data-end=\"1711\">\n<p data-start=\"1690\" data-end=\"1711\"><strong data-start=\"1690\" data-end=\"1711\">Vortex Vanquisher<\/strong><\/p>\n<\/li>\n<li data-start=\"1712\" data-end=\"1724\">\n<p data-start=\"1714\" data-end=\"1724\"><strong data-start=\"1714\" data-end=\"1724\">Exuvia<\/strong><\/p>\n<\/li>\n<li data-start=\"1725\" data-end=\"1744\">\n<p data-start=\"1727\" data-end=\"1744\"><strong data-start=\"1727\" data-end=\"1744\">Planet Befall<\/strong><\/p>\n<\/li>\n<li data-start=\"1745\" data-end=\"1761\">\n<p data-start=\"1747\" data-end=\"1761\">Caja de regalo<\/p>\n<\/li>\n<li data-start=\"1762\" data-end=\"1782\">\n<p data-start=\"1764\" data-end=\"1782\">Display base<\/p>\n<\/li>\n<\/ul>\n<h3 data-start=\"1870\" data-end=\"1927\"><\/h3>","protected":false},"excerpt":{"rendered":"<p>Descripci\u00f3n del producto \u00abEl vino de osmanthus sabe igual que lo recuerdo\u2026 pero \u00bfd\u00f3nde est\u00e1n aquellos que compart\u00edan esa memoria?\u00bb<\/p>","protected":false},"featured_media":6898,"template":"","meta":[],"product_cat":[280,98,65,61,54],"product_tag":[149,165,414,426],"class_list":{"0":"post-6889","1":"product","2":"type-product","3":"status-publish","4":"has-post-thumbnail","6":"product_cat-nendoroid","7":"product_cat-good-smile-company","8":"product_cat-figuras","9":"product_cat-novedades","10":"product_cat-genshin-impact","11":"product_tag-genshin-impact","12":"product_tag-goodsmile-company","13":"product_tag-nendoroid","14":"product_tag-zhong-li","16":"first","17":"instock","18":"sold-individually","19":"taxable","20":"shipping-taxable","21":"purchasable","22":"product-type-simple"},"yoast_head":"<!-- This site is optimized with the Yoast SEO plugin v24.2 - https:\/\/yoast.com\/wordpress\/plugins\/seo\/ -->\n<title>Genshin Impact Nendoroid No.2582 Zhongli - Akatsuki anime store<\/title>\n<meta name=\"description\" content=\"Figura Nendoroid Zhongli de Genshin Impact con accesorios ic\u00f3nicos y gran detalle. Imprescindible para fans y coleccionistas.\" \/>\n<meta name=\"robots\" content=\"index, follow, max-snippet:-1, max-image-preview:large, max-video-preview:-1\" \/>\n<link rel=\"canonical\" href=\"https:\/\/akatsukianime.com\/en\/product\/genshin-impact-nendoroid-no-2582-zhongli\/\" \/>\n<meta property=\"og:locale\" content=\"en_US\" \/>\n<meta property=\"og:type\" content=\"article\" \/>\n<meta property=\"og:title\" content=\"Genshin Impact Nendoroid No.2582 Zhongli - Akatsuki anime store\" \/>\n<meta property=\"og:description\" content=\"Figura Nendoroid Zhongli de Genshin Impact con accesorios ic\u00f3nicos y gran detalle. Imprescindible para fans y coleccionistas.\" \/>\n<meta property=\"og:url\" content=\"https:\/\/akatsukianime.com\/en\/product\/genshin-impact-nendoroid-no-2582-zhongli\/\" \/>\n<meta property=\"og:site_name\" content=\"Akatsuki anime store\" \/>\n<meta property=\"article:modified_time\" content=\"2026-01-14T18:03:24+00:00\" \/>\n<meta property=\"og:image\" content=\"https:\/\/akatsukianime.com\/wp-content\/uploads\/2026\/01\/nendoroid-zhongli-genshin-impact.jpg\" \/>\n\t<meta property=\"og:image:width\" content=\"1000\" \/>\n\t<meta property=\"og:image:height\" content=\"1000\" \/>\n\t<meta property=\"og:image:type\" content=\"image\/jpeg\" \/>\n<meta name=\"twitter:card\" content=\"summary_large_image\" \/>\n<meta name=\"twitter:label1\" content=\"Est. reading time\" \/>\n\t<meta name=\"twitter:data1\" content=\"2 minutes\" \/>\n<script type=\"application\/ld+json\" class=\"yoast-schema-graph\">{\"@context\":\"https:\/\/schema.org\",\"@graph\":[{\"@type\":[\"WebPage\",\"ItemPage\"],\"@id\":\"https:\/\/akatsukianime.com\/product\/genshin-impact-nendoroid-no-2582-zhongli\/\",\"url\":\"https:\/\/akatsukianime.com\/product\/genshin-impact-nendoroid-no-2582-zhongli\/\",\"name\":\"Genshin Impact Nendoroid No.2582 Zhongli - Akatsuki anime store\",\"isPartOf\":{\"@id\":\"https:\/\/akatsukianime.com\/#website\"},\"primaryImageOfPage\":{\"@id\":\"https:\/\/akatsukianime.com\/product\/genshin-impact-nendoroid-no-2582-zhongli\/#primaryimage\"},\"image\":{\"@id\":\"https:\/\/akatsukianime.com\/product\/genshin-impact-nendoroid-no-2582-zhongli\/#primaryimage\"},\"thumbnailUrl\":\"https:\/\/akatsukianime.com\/wp-content\/uploads\/2026\/01\/nendoroid-zhongli-genshin-impact.jpg\",\"datePublished\":\"2026-01-14T18:02:49+00:00\",\"dateModified\":\"2026-01-14T18:03:24+00:00\",\"description\":\"Figura Nendoroid Zhongli de Genshin Impact con accesorios ic\u00f3nicos y gran detalle. Imprescindible para fans y coleccionistas.\",\"breadcrumb\":{\"@id\":\"https:\/\/akatsukianime.com\/product\/genshin-impact-nendoroid-no-2582-zhongli\/#breadcrumb\"},\"inLanguage\":\"en-US\",\"potentialAction\":[{\"@type\":\"ReadAction\",\"target\":[\"https:\/\/akatsukianime.com\/product\/genshin-impact-nendoroid-no-2582-zhongli\/\"]}]},{\"@type\":\"ImageObject\",\"inLanguage\":\"en-US\",\"@id\":\"https:\/\/akatsukianime.com\/product\/genshin-impact-nendoroid-no-2582-zhongli\/#primaryimage\",\"url\":\"https:\/\/akatsukianime.com\/wp-content\/uploads\/2026\/01\/nendoroid-zhongli-genshin-impact.jpg\",\"contentUrl\":\"https:\/\/akatsukianime.com\/wp-content\/uploads\/2026\/01\/nendoroid-zhongli-genshin-impact.jpg\",\"width\":1000,\"height\":1000,\"caption\":\"nendoroid zhongli genshin impact\"},{\"@type\":\"BreadcrumbList\",\"@id\":\"https:\/\/akatsukianime.com\/product\/genshin-impact-nendoroid-no-2582-zhongli\/#breadcrumb\",\"itemListElement\":[{\"@type\":\"ListItem\",\"position\":1,\"name\":\"Portada\",\"item\":\"https:\/\/akatsukianime.com\/\"},{\"@type\":\"ListItem\",\"position\":2,\"name\":\"Tienda\",\"item\":\"https:\/\/akatsukianime.com\/tienda\/\"},{\"@type\":\"ListItem\",\"position\":3,\"name\":\"Genshin Impact Nendoroid No.2582 Zhongli\"}]},{\"@type\":\"WebSite\",\"@id\":\"https:\/\/akatsukianime.com\/#website\",\"url\":\"https:\/\/akatsukianime.com\/\",\"name\":\"Akatsuki anime store\",\"description\":\"\",\"potentialAction\":[{\"@type\":\"SearchAction\",\"target\":{\"@type\":\"EntryPoint\",\"urlTemplate\":\"https:\/\/akatsukianime.com\/?s={search_term_string}\"},\"query-input\":{\"@type\":\"PropertyValueSpecification\",\"valueRequired\":true,\"valueName\":\"search_term_string\"}}],\"inLanguage\":\"en-US\"}]}<\/script>\n<!-- \/ Yoast SEO plugin. -->","yoast_head_json":{"title":"Genshin Impact Nendoroid No.2582 Zhongli - Akatsuki anime store","description":"Figura Nendoroid Zhongli de Genshin Impact con accesorios ic\u00f3nicos y gran detalle. Imprescindible para fans y coleccionistas.","robots":{"index":"index","follow":"follow","max-snippet":"max-snippet:-1","max-image-preview":"max-image-preview:large","max-video-preview":"max-video-preview:-1"},"canonical":"https:\/\/akatsukianime.com\/en\/product\/genshin-impact-nendoroid-no-2582-zhongli\/","og_locale":"en_US","og_type":"article","og_title":"Genshin Impact Nendoroid No.2582 Zhongli - Akatsuki anime store","og_description":"Figura Nendoroid Zhongli de Genshin Impact con accesorios ic\u00f3nicos y gran detalle. Imprescindible para fans y coleccionistas.","og_url":"https:\/\/akatsukianime.com\/en\/product\/genshin-impact-nendoroid-no-2582-zhongli\/","og_site_name":"Akatsuki anime store","article_modified_time":"2026-01-14T18:03:24+00:00","og_image":[{"width":1000,"height":1000,"url":"https:\/\/akatsukianime.com\/wp-content\/uploads\/2026\/01\/nendoroid-zhongli-genshin-impact.jpg","type":"image\/jpeg"}],"twitter_card":"summary_large_image","twitter_misc":{"Est. reading time":"2 minutes"},"schema":{"@context":"https:\/\/schema.org","@graph":[{"@type":["WebPage","ItemPage"],"@id":"https:\/\/akatsukianime.com\/product\/genshin-impact-nendoroid-no-2582-zhongli\/","url":"https:\/\/akatsukianime.com\/product\/genshin-impact-nendoroid-no-2582-zhongli\/","name":"Genshin Impact Nendoroid No.2582 Zhongli - Akatsuki anime store","isPartOf":{"@id":"https:\/\/akatsukianime.com\/#website"},"primaryImageOfPage":{"@id":"https:\/\/akatsukianime.com\/product\/genshin-impact-nendoroid-no-2582-zhongli\/#primaryimage"},"image":{"@id":"https:\/\/akatsukianime.com\/product\/genshin-impact-nendoroid-no-2582-zhongli\/#primaryimage"},"thumbnailUrl":"https:\/\/akatsukianime.com\/wp-content\/uploads\/2026\/01\/nendoroid-zhongli-genshin-impact.jpg","datePublished":"2026-01-14T18:02:49+00:00","dateModified":"2026-01-14T18:03:24+00:00","description":"Figura Nendoroid Zhongli de Genshin Impact con accesorios ic\u00f3nicos y gran detalle. Imprescindible para fans y coleccionistas.","breadcrumb":{"@id":"https:\/\/akatsukianime.com\/product\/genshin-impact-nendoroid-no-2582-zhongli\/#breadcrumb"},"inLanguage":"en-US","potentialAction":[{"@type":"ReadAction","target":["https:\/\/akatsukianime.com\/product\/genshin-impact-nendoroid-no-2582-zhongli\/"]}]},{"@type":"ImageObject","inLanguage":"en-US","@id":"https:\/\/akatsukianime.com\/product\/genshin-impact-nendoroid-no-2582-zhongli\/#primaryimage","url":"https:\/\/akatsukianime.com\/wp-content\/uploads\/2026\/01\/nendoroid-zhongli-genshin-impact.jpg","contentUrl":"https:\/\/akatsukianime.com\/wp-content\/uploads\/2026\/01\/nendoroid-zhongli-genshin-impact.jpg","width":1000,"height":1000,"caption":"nendoroid zhongli genshin impact"},{"@type":"BreadcrumbList","@id":"https:\/\/akatsukianime.com\/product\/genshin-impact-nendoroid-no-2582-zhongli\/#breadcrumb","itemListElement":[{"@type":"ListItem","position":1,"name":"Portada","item":"https:\/\/akatsukianime.com\/"},{"@type":"ListItem","position":2,"name":"Tienda","item":"https:\/\/akatsukianime.com\/tienda\/"},{"@type":"ListItem","position":3,"name":"Genshin Impact Nendoroid No.2582 Zhongli"}]},{"@type":"WebSite","@id":"https:\/\/akatsukianime.com\/#website","url":"https:\/\/akatsukianime.com\/","name":"Akatsuki anime store","description":"","potentialAction":[{"@type":"SearchAction","target":{"@type":"EntryPoint","urlTemplate":"https:\/\/akatsukianime.com\/?s={search_term_string}"},"query-input":{"@type":"PropertyValueSpecification","valueRequired":true,"valueName":"search_term_string"}}],"inLanguage":"en-US"}]}},"jetpack_sharing_enabled":true,"_links":{"self":[{"href":"https:\/\/akatsukianime.com\/en\/wp-json\/wp\/v2\/product\/6889","targetHints":{"allow":["GET"]}}],"collection":[{"href":"https:\/\/akatsukianime.com\/en\/wp-json\/wp\/v2\/product"}],"about":[{"href":"https:\/\/akatsukianime.com\/en\/wp-json\/wp\/v2\/types\/product"}],"version-history":[{"count":2,"href":"https:\/\/akatsukianime.com\/en\/wp-json\/wp\/v2\/product\/6889\/revisions"}],"predecessor-version":[{"id":6900,"href":"https:\/\/akatsukianime.com\/en\/wp-json\/wp\/v2\/product\/6889\/revisions\/6900"}],"wp:featuredmedia":[{"embeddable":true,"href":"https:\/\/akatsukianime.com\/en\/wp-json\/wp\/v2\/media\/6898"}],"wp:attachment":[{"href":"https:\/\/akatsukianime.com\/en\/wp-json\/wp\/v2\/media?parent=6889"}],"wp:term":[{"taxonomy":"product_cat","embeddable":true,"href":"https:\/\/akatsukianime.com\/en\/wp-json\/wp\/v2\/product_cat?post=6889"},{"taxonomy":"product_tag","embeddable":true,"href":"https:\/\/akatsukianime.com\/en\/wp-json\/wp\/v2\/product_tag?post=6889"}],"curies":[{"name":"wp","href":"https:\/\/api.w.org\/{rel}","templated":true}]}}