{"id":6903,"date":"2026-01-15T12:11:11","date_gmt":"2026-01-15T11:11:11","guid":{"rendered":"https:\/\/akatsukianime.com\/?post_type=product&#038;p=6903"},"modified":"2026-01-15T12:11:12","modified_gmt":"2026-01-15T11:11:12","slug":"figura-frieren-frieren-beyond-journeys-end-amp","status":"publish","type":"product","link":"https:\/\/akatsukianime.com\/en\/product\/figura-frieren-frieren-beyond-journeys-end-amp\/","title":{"rendered":"Figura Frieren &#8211; Frieren: Beyond Journey&#8217;s End AMP+"},"content":{"rendered":"<h3 data-start=\"163\" data-end=\"197\"><strong data-start=\"167\" data-end=\"195\">Product description<\/strong><\/h3>\n<p data-start=\"198\" data-end=\"529\">\u2728 Desde el aclamado anime <strong data-start=\"226\" data-end=\"259\">Frieren: Beyond Journey&#039;s End<\/strong> llega esta impresionante figura <strong data-start=\"292\" data-end=\"311\">AMP+ de Frieren<\/strong>, producida por <strong data-start=\"327\" data-end=\"336\">Taito<\/strong>. Con una altura superior a los 21 cm, esta pieza captura a la poderosa maga \u00e9lfica en plena acci\u00f3n, lanzando un hechizo con una pose din\u00e1mica que transmite elegancia y fuerza a partes iguales.<\/p>\n<p data-start=\"531\" data-end=\"908\">La figura presenta un <strong data-start=\"553\" data-end=\"603\">esculpido detallado y acabados de alta calidad<\/strong>, recreando fielmente el atuendo cl\u00e1sico de Frieren tal como aparece en la serie. Su composici\u00f3n y efectos visuales la convierten en una pieza ideal para destacar en cualquier vitrina, siendo perfecta tanto para coleccionistas como para fans del anime que buscan una figura impactante y de gran presencia.<\/p>\n<p data-start=\"910\" data-end=\"1017\">No dejes pasar la oportunidad de a\u00f1adir a Frieren a tu colecci\u00f3n y revive la magia de su inolvidable viaje.<\/p>\n<hr data-start=\"1019\" data-end=\"1022\" \/>\n<h3 data-start=\"1024\" data-end=\"1060\"><strong data-start=\"1028\" data-end=\"1060\">Product Features<\/strong><\/h3>\n<ul data-start=\"1061\" data-end=\"1275\">\n<li data-start=\"1061\" data-end=\"1094\">\n<p data-start=\"1063\" data-end=\"1094\">Approximate height: <strong data-start=\"1082\" data-end=\"1094\">21,33 cm<\/strong><\/p>\n<\/li>\n<li data-start=\"1095\" data-end=\"1120\">\n<p data-start=\"1097\" data-end=\"1120\">Material: <strong data-start=\"1107\" data-end=\"1120\">ABS and PVC<\/strong><\/p>\n<\/li>\n<li data-start=\"1121\" data-end=\"1175\">\n<p data-start=\"1123\" data-end=\"1175\">Based on the anime <strong data-start=\"1142\" data-end=\"1175\">Frieren: Beyond Journey&#039;s End<\/strong><\/p>\n<\/li>\n<li data-start=\"1176\" data-end=\"1200\">\n<p data-start=\"1178\" data-end=\"1200\">Line: <strong data-start=\"1185\" data-end=\"1200\">AMP+ Figure<\/strong><\/p>\n<\/li>\n<li data-start=\"1201\" data-end=\"1224\">\n<p data-start=\"1203\" data-end=\"1224\">Alto nivel de detalle<\/p>\n<\/li>\n<li data-start=\"1225\" data-end=\"1251\">\n<p data-start=\"1227\" data-end=\"1251\">Figure <strong data-start=\"1234\" data-end=\"1251\">no articulada<\/strong><\/p>\n<\/li>\n<li data-start=\"1252\" data-end=\"1275\">\n<p data-start=\"1254\" data-end=\"1275\">Ideal para exhibici\u00f3n<\/p>\n<\/li>\n<\/ul>\n<h3 data-start=\"1277\" data-end=\"1305\"><strong data-start=\"1281\" data-end=\"1305\">Box contents<\/strong><\/h3>\n<ul data-start=\"1306\" data-end=\"1329\">\n<li data-start=\"1306\" data-end=\"1329\">\n<p data-start=\"1308\" data-end=\"1329\">Figure of <strong data-start=\"1318\" data-end=\"1329\">Fried<\/strong><\/p>\n<\/li>\n<\/ul>","protected":false},"excerpt":{"rendered":"<p>Descripci\u00f3n del producto \u2728 Desde el aclamado anime Frieren: Beyond Journey&#8217;s End llega esta impresionante figura AMP+ de Frieren, producida<\/p>","protected":false},"featured_media":6904,"template":"","meta":[],"product_cat":[327,102,65,61],"product_tag":[121,337,303,304,122],"class_list":{"0":"post-6903","1":"product","2":"type-product","3":"status-publish","4":"has-post-thumbnail","6":"product_cat-sousou-no-frieren","7":"product_cat-taito","8":"product_cat-figuras","9":"product_cat-novedades","10":"product_tag-amp","11":"product_tag-figura","12":"product_tag-frieren","13":"product_tag-sousou-no-frieren","14":"product_tag-taito","16":"first","17":"instock","18":"sold-individually","19":"taxable","20":"shipping-taxable","21":"purchasable","22":"product-type-simple"},"yoast_head":"<!-- This site is optimized with the Yoast SEO plugin v24.2 - https:\/\/yoast.com\/wordpress\/plugins\/seo\/ -->\n<title>Figura Frieren - Frieren: Beyond Journey&#039;s End AMP+ - Akatsuki anime store<\/title>\n<meta name=\"description\" content=\"Ya a la venta la figura AMP+ Frieren de Taito. Gran tama\u00f1o, pose din\u00e1mica y detalles premium. Una pieza imprescindible para fans de Frieren.\" \/>\n<meta name=\"robots\" content=\"index, follow, max-snippet:-1, max-image-preview:large, max-video-preview:-1\" \/>\n<link rel=\"canonical\" href=\"https:\/\/akatsukianime.com\/en\/product\/figura-frieren-frieren-beyond-journeys-end-amp\/\" \/>\n<meta property=\"og:locale\" content=\"en_US\" \/>\n<meta property=\"og:type\" content=\"article\" \/>\n<meta property=\"og:title\" content=\"Figura Frieren - Frieren: Beyond Journey&#039;s End AMP+ - Akatsuki anime store\" \/>\n<meta property=\"og:description\" content=\"Ya a la venta la figura AMP+ Frieren de Taito. Gran tama\u00f1o, pose din\u00e1mica y detalles premium. Una pieza imprescindible para fans de Frieren.\" \/>\n<meta property=\"og:url\" content=\"https:\/\/akatsukianime.com\/en\/product\/figura-frieren-frieren-beyond-journeys-end-amp\/\" \/>\n<meta property=\"og:site_name\" content=\"Akatsuki anime store\" \/>\n<meta property=\"article:modified_time\" content=\"2026-01-15T11:11:12+00:00\" \/>\n<meta property=\"og:image\" content=\"https:\/\/akatsukianime.com\/wp-content\/uploads\/2026\/01\/figura-frieren-taito-amp.jpg\" \/>\n\t<meta property=\"og:image:width\" content=\"1000\" \/>\n\t<meta property=\"og:image:height\" content=\"1000\" \/>\n\t<meta property=\"og:image:type\" content=\"image\/jpeg\" \/>\n<meta name=\"twitter:card\" content=\"summary_large_image\" \/>\n<meta name=\"twitter:label1\" content=\"Est. reading time\" \/>\n\t<meta name=\"twitter:data1\" content=\"1 minute\" \/>\n<script type=\"application\/ld+json\" class=\"yoast-schema-graph\">{\"@context\":\"https:\/\/schema.org\",\"@graph\":[{\"@type\":[\"WebPage\",\"ItemPage\"],\"@id\":\"https:\/\/akatsukianime.com\/product\/figura-frieren-frieren-beyond-journeys-end-amp\/\",\"url\":\"https:\/\/akatsukianime.com\/product\/figura-frieren-frieren-beyond-journeys-end-amp\/\",\"name\":\"Figura Frieren - Frieren: Beyond Journey's End AMP+ - Akatsuki anime store\",\"isPartOf\":{\"@id\":\"https:\/\/akatsukianime.com\/#website\"},\"primaryImageOfPage\":{\"@id\":\"https:\/\/akatsukianime.com\/product\/figura-frieren-frieren-beyond-journeys-end-amp\/#primaryimage\"},\"image\":{\"@id\":\"https:\/\/akatsukianime.com\/product\/figura-frieren-frieren-beyond-journeys-end-amp\/#primaryimage\"},\"thumbnailUrl\":\"https:\/\/akatsukianime.com\/wp-content\/uploads\/2026\/01\/figura-frieren-taito-amp.jpg\",\"datePublished\":\"2026-01-15T11:11:11+00:00\",\"dateModified\":\"2026-01-15T11:11:12+00:00\",\"description\":\"Ya a la venta la figura AMP+ Frieren de Taito. Gran tama\u00f1o, pose din\u00e1mica y detalles premium. Una pieza imprescindible para fans de Frieren.\",\"breadcrumb\":{\"@id\":\"https:\/\/akatsukianime.com\/product\/figura-frieren-frieren-beyond-journeys-end-amp\/#breadcrumb\"},\"inLanguage\":\"en-US\",\"potentialAction\":[{\"@type\":\"ReadAction\",\"target\":[\"https:\/\/akatsukianime.com\/product\/figura-frieren-frieren-beyond-journeys-end-amp\/\"]}]},{\"@type\":\"ImageObject\",\"inLanguage\":\"en-US\",\"@id\":\"https:\/\/akatsukianime.com\/product\/figura-frieren-frieren-beyond-journeys-end-amp\/#primaryimage\",\"url\":\"https:\/\/akatsukianime.com\/wp-content\/uploads\/2026\/01\/figura-frieren-taito-amp.jpg\",\"contentUrl\":\"https:\/\/akatsukianime.com\/wp-content\/uploads\/2026\/01\/figura-frieren-taito-amp.jpg\",\"width\":1000,\"height\":1000,\"caption\":\"figura frieren taito amp+\"},{\"@type\":\"BreadcrumbList\",\"@id\":\"https:\/\/akatsukianime.com\/product\/figura-frieren-frieren-beyond-journeys-end-amp\/#breadcrumb\",\"itemListElement\":[{\"@type\":\"ListItem\",\"position\":1,\"name\":\"Portada\",\"item\":\"https:\/\/akatsukianime.com\/\"},{\"@type\":\"ListItem\",\"position\":2,\"name\":\"Tienda\",\"item\":\"https:\/\/akatsukianime.com\/tienda\/\"},{\"@type\":\"ListItem\",\"position\":3,\"name\":\"Figura Frieren &#8211; Frieren: Beyond Journey&#8217;s End AMP+\"}]},{\"@type\":\"WebSite\",\"@id\":\"https:\/\/akatsukianime.com\/#website\",\"url\":\"https:\/\/akatsukianime.com\/\",\"name\":\"Akatsuki anime store\",\"description\":\"\",\"potentialAction\":[{\"@type\":\"SearchAction\",\"target\":{\"@type\":\"EntryPoint\",\"urlTemplate\":\"https:\/\/akatsukianime.com\/?s={search_term_string}\"},\"query-input\":{\"@type\":\"PropertyValueSpecification\",\"valueRequired\":true,\"valueName\":\"search_term_string\"}}],\"inLanguage\":\"en-US\"}]}<\/script>\n<!-- \/ Yoast SEO plugin. -->","yoast_head_json":{"title":"Figura Frieren - Frieren: Beyond Journey's End AMP+ - Akatsuki anime store","description":"Ya a la venta la figura AMP+ Frieren de Taito. Gran tama\u00f1o, pose din\u00e1mica y detalles premium. Una pieza imprescindible para fans de Frieren.","robots":{"index":"index","follow":"follow","max-snippet":"max-snippet:-1","max-image-preview":"max-image-preview:large","max-video-preview":"max-video-preview:-1"},"canonical":"https:\/\/akatsukianime.com\/en\/product\/figura-frieren-frieren-beyond-journeys-end-amp\/","og_locale":"en_US","og_type":"article","og_title":"Figura Frieren - Frieren: Beyond Journey's End AMP+ - Akatsuki anime store","og_description":"Ya a la venta la figura AMP+ Frieren de Taito. Gran tama\u00f1o, pose din\u00e1mica y detalles premium. Una pieza imprescindible para fans de Frieren.","og_url":"https:\/\/akatsukianime.com\/en\/product\/figura-frieren-frieren-beyond-journeys-end-amp\/","og_site_name":"Akatsuki anime store","article_modified_time":"2026-01-15T11:11:12+00:00","og_image":[{"width":1000,"height":1000,"url":"https:\/\/akatsukianime.com\/wp-content\/uploads\/2026\/01\/figura-frieren-taito-amp.jpg","type":"image\/jpeg"}],"twitter_card":"summary_large_image","twitter_misc":{"Est. reading time":"1 minute"},"schema":{"@context":"https:\/\/schema.org","@graph":[{"@type":["WebPage","ItemPage"],"@id":"https:\/\/akatsukianime.com\/product\/figura-frieren-frieren-beyond-journeys-end-amp\/","url":"https:\/\/akatsukianime.com\/product\/figura-frieren-frieren-beyond-journeys-end-amp\/","name":"Figura Frieren - Frieren: Beyond Journey's End AMP+ - Akatsuki anime store","isPartOf":{"@id":"https:\/\/akatsukianime.com\/#website"},"primaryImageOfPage":{"@id":"https:\/\/akatsukianime.com\/product\/figura-frieren-frieren-beyond-journeys-end-amp\/#primaryimage"},"image":{"@id":"https:\/\/akatsukianime.com\/product\/figura-frieren-frieren-beyond-journeys-end-amp\/#primaryimage"},"thumbnailUrl":"https:\/\/akatsukianime.com\/wp-content\/uploads\/2026\/01\/figura-frieren-taito-amp.jpg","datePublished":"2026-01-15T11:11:11+00:00","dateModified":"2026-01-15T11:11:12+00:00","description":"Ya a la venta la figura AMP+ Frieren de Taito. Gran tama\u00f1o, pose din\u00e1mica y detalles premium. Una pieza imprescindible para fans de Frieren.","breadcrumb":{"@id":"https:\/\/akatsukianime.com\/product\/figura-frieren-frieren-beyond-journeys-end-amp\/#breadcrumb"},"inLanguage":"en-US","potentialAction":[{"@type":"ReadAction","target":["https:\/\/akatsukianime.com\/product\/figura-frieren-frieren-beyond-journeys-end-amp\/"]}]},{"@type":"ImageObject","inLanguage":"en-US","@id":"https:\/\/akatsukianime.com\/product\/figura-frieren-frieren-beyond-journeys-end-amp\/#primaryimage","url":"https:\/\/akatsukianime.com\/wp-content\/uploads\/2026\/01\/figura-frieren-taito-amp.jpg","contentUrl":"https:\/\/akatsukianime.com\/wp-content\/uploads\/2026\/01\/figura-frieren-taito-amp.jpg","width":1000,"height":1000,"caption":"figura frieren taito amp+"},{"@type":"BreadcrumbList","@id":"https:\/\/akatsukianime.com\/product\/figura-frieren-frieren-beyond-journeys-end-amp\/#breadcrumb","itemListElement":[{"@type":"ListItem","position":1,"name":"Portada","item":"https:\/\/akatsukianime.com\/"},{"@type":"ListItem","position":2,"name":"Tienda","item":"https:\/\/akatsukianime.com\/tienda\/"},{"@type":"ListItem","position":3,"name":"Figura Frieren &#8211; Frieren: Beyond Journey&#8217;s End AMP+"}]},{"@type":"WebSite","@id":"https:\/\/akatsukianime.com\/#website","url":"https:\/\/akatsukianime.com\/","name":"Akatsuki anime store","description":"","potentialAction":[{"@type":"SearchAction","target":{"@type":"EntryPoint","urlTemplate":"https:\/\/akatsukianime.com\/?s={search_term_string}"},"query-input":{"@type":"PropertyValueSpecification","valueRequired":true,"valueName":"search_term_string"}}],"inLanguage":"en-US"}]}},"jetpack_sharing_enabled":true,"_links":{"self":[{"href":"https:\/\/akatsukianime.com\/en\/wp-json\/wp\/v2\/product\/6903","targetHints":{"allow":["GET"]}}],"collection":[{"href":"https:\/\/akatsukianime.com\/en\/wp-json\/wp\/v2\/product"}],"about":[{"href":"https:\/\/akatsukianime.com\/en\/wp-json\/wp\/v2\/types\/product"}],"version-history":[{"count":1,"href":"https:\/\/akatsukianime.com\/en\/wp-json\/wp\/v2\/product\/6903\/revisions"}],"predecessor-version":[{"id":6917,"href":"https:\/\/akatsukianime.com\/en\/wp-json\/wp\/v2\/product\/6903\/revisions\/6917"}],"wp:featuredmedia":[{"embeddable":true,"href":"https:\/\/akatsukianime.com\/en\/wp-json\/wp\/v2\/media\/6904"}],"wp:attachment":[{"href":"https:\/\/akatsukianime.com\/en\/wp-json\/wp\/v2\/media?parent=6903"}],"wp:term":[{"taxonomy":"product_cat","embeddable":true,"href":"https:\/\/akatsukianime.com\/en\/wp-json\/wp\/v2\/product_cat?post=6903"},{"taxonomy":"product_tag","embeddable":true,"href":"https:\/\/akatsukianime.com\/en\/wp-json\/wp\/v2\/product_tag?post=6903"}],"curies":[{"name":"wp","href":"https:\/\/api.w.org\/{rel}","templated":true}]}}