{"id":6963,"date":"2026-01-15T13:13:35","date_gmt":"2026-01-15T12:13:35","guid":{"rendered":"https:\/\/akatsukianime.com\/?post_type=product&#038;p=6963"},"modified":"2026-01-15T13:13:35","modified_gmt":"2026-01-15T12:13:35","slug":"figura-frieren-frieren-beyond-journeys-end-glasscape","status":"publish","type":"product","link":"https:\/\/akatsukianime.com\/en\/product\/figura-frieren-frieren-beyond-journeys-end-glasscape\/","title":{"rendered":"Figura Frieren Frieren: Beyond Journey&#8217;s End Glasscape"},"content":{"rendered":"<h3 data-start=\"160\" data-end=\"194\"><strong data-start=\"164\" data-end=\"192\">Product description<\/strong><\/h3>\n<p data-start=\"195\" data-end=\"476\">\ud83c\udf38\u2728 Banpresto se complace en presentar una nueva joya dentro de su elegante l\u00ednea <strong data-start=\"277\" data-end=\"290\">Glasscape<\/strong>, inspirada en el exitoso anime <strong data-start=\"322\" data-end=\"355\">Frieren: Beyond Journey&#039;s End<\/strong>. La enigm\u00e1tica maga elfa <strong data-start=\"381\" data-end=\"392\">Fried<\/strong> hace su debut en esta colecci\u00f3n con una figura que transmite serenidad y nostalgia.<\/p>\n<p data-start=\"478\" data-end=\"904\">Representada en su atuendo caracter\u00edstico, Frieren aparece en un instante de profunda reflexi\u00f3n sobre su extensa vida, mientras un delicado c\u00edrculo de cristal con la silueta de sus antiguos compa\u00f1eros se alza detr\u00e1s de ella, aportando un fuerte valor simb\u00f3lico y visual a la pieza. Su cuidada escultura y acabado detallado convierten a esta figura en un complemento imprescindible para cualquier fan o coleccionista del anime.<\/p>\n<p data-start=\"906\" data-end=\"1013\">Una figura compacta, elegante y cargada de emoci\u00f3n, perfecta para exhibir y enriquecer cualquier colecci\u00f3n.<\/p>\n<hr data-start=\"1015\" data-end=\"1018\" \/>\n<h3 data-start=\"1020\" data-end=\"1056\"><strong data-start=\"1024\" data-end=\"1056\">Product Features<\/strong><\/h3>\n<ul data-start=\"1057\" data-end=\"1265\">\n<li data-start=\"1057\" data-end=\"1087\">\n<p data-start=\"1059\" data-end=\"1087\">Approximate height: <strong data-start=\"1078\" data-end=\"1087\">15 cm<\/strong><\/p>\n<\/li>\n<li data-start=\"1088\" data-end=\"1112\">\n<p data-start=\"1090\" data-end=\"1112\">Material: <strong data-start=\"1100\" data-end=\"1112\">Pl\u00e1stico<\/strong><\/p>\n<\/li>\n<li data-start=\"1113\" data-end=\"1167\">\n<p data-start=\"1115\" data-end=\"1167\">Based on the anime <strong data-start=\"1134\" data-end=\"1167\">Frieren: Beyond Journey&#039;s End<\/strong><\/p>\n<\/li>\n<li data-start=\"1168\" data-end=\"1190\">\n<p data-start=\"1170\" data-end=\"1190\">Line: <strong data-start=\"1177\" data-end=\"1190\">Glasscape<\/strong><\/p>\n<\/li>\n<li data-start=\"1191\" data-end=\"1214\">\n<p data-start=\"1193\" data-end=\"1214\">Gran nivel de detalle<\/p>\n<\/li>\n<li data-start=\"1215\" data-end=\"1241\">\n<p data-start=\"1217\" data-end=\"1241\">Figure <strong data-start=\"1224\" data-end=\"1241\">no articulada<\/strong><\/p>\n<\/li>\n<li data-start=\"1242\" data-end=\"1265\">\n<p data-start=\"1244\" data-end=\"1265\">Ideal para exhibici\u00f3n<\/p>\n<\/li>\n<\/ul>\n<h3 data-start=\"1267\" data-end=\"1295\"><strong data-start=\"1271\" data-end=\"1295\">Box contents<\/strong><\/h3>\n<ul data-start=\"1296\" data-end=\"1319\">\n<li data-start=\"1296\" data-end=\"1319\">\n<p data-start=\"1298\" data-end=\"1319\">Figure of <strong data-start=\"1308\" data-end=\"1319\">Fried<\/strong><\/p>\n<\/li>\n<\/ul>","protected":false},"excerpt":{"rendered":"<p>Descripci\u00f3n del producto \ud83c\udf38\u2728 Banpresto se complace en presentar una nueva joya dentro de su elegante l\u00ednea Glasscape, inspirada en<\/p>","protected":false},"featured_media":6969,"template":"","meta":[],"product_cat":[327,95,65,61],"product_tag":[157,337,303,304],"class_list":{"0":"post-6963","1":"product","2":"type-product","3":"status-publish","4":"has-post-thumbnail","6":"product_cat-sousou-no-frieren","7":"product_cat-banpresto","8":"product_cat-figuras","9":"product_cat-novedades","10":"product_tag-banpresto","11":"product_tag-figura","12":"product_tag-frieren","13":"product_tag-sousou-no-frieren","15":"first","16":"instock","17":"sold-individually","18":"taxable","19":"shipping-taxable","20":"purchasable","21":"product-type-simple"},"yoast_head":"<!-- This site is optimized with the Yoast SEO plugin v24.2 - https:\/\/yoast.com\/wordpress\/plugins\/seo\/ -->\n<title>Figura Frieren Frieren: Beyond Journey&#039;s End Glasscape - Akatsuki anime store<\/title>\n<meta name=\"description\" content=\"Figura Frieren Glasscape de Banpresto con dise\u00f1o elegante y fondo de cristal. Ideal para coleccionistas del anime Frieren.\" \/>\n<meta name=\"robots\" content=\"index, follow, max-snippet:-1, max-image-preview:large, max-video-preview:-1\" \/>\n<link rel=\"canonical\" href=\"https:\/\/akatsukianime.com\/en\/product\/figura-frieren-frieren-beyond-journeys-end-glasscape\/\" \/>\n<meta property=\"og:locale\" content=\"en_US\" \/>\n<meta property=\"og:type\" content=\"article\" \/>\n<meta property=\"og:title\" content=\"Figura Frieren Frieren: Beyond Journey&#039;s End Glasscape - Akatsuki anime store\" \/>\n<meta property=\"og:description\" content=\"Figura Frieren Glasscape de Banpresto con dise\u00f1o elegante y fondo de cristal. Ideal para coleccionistas del anime Frieren.\" \/>\n<meta property=\"og:url\" content=\"https:\/\/akatsukianime.com\/en\/product\/figura-frieren-frieren-beyond-journeys-end-glasscape\/\" \/>\n<meta property=\"og:site_name\" content=\"Akatsuki anime store\" \/>\n<meta property=\"og:image\" content=\"https:\/\/akatsukianime.com\/wp-content\/uploads\/2026\/01\/figura-frieren-glasscape-banpresto.jpg\" \/>\n\t<meta property=\"og:image:width\" content=\"1000\" \/>\n\t<meta property=\"og:image:height\" content=\"1000\" \/>\n\t<meta property=\"og:image:type\" content=\"image\/jpeg\" \/>\n<meta name=\"twitter:card\" content=\"summary_large_image\" \/>\n<meta name=\"twitter:label1\" content=\"Est. reading time\" \/>\n\t<meta name=\"twitter:data1\" content=\"1 minute\" \/>\n<script type=\"application\/ld+json\" class=\"yoast-schema-graph\">{\"@context\":\"https:\/\/schema.org\",\"@graph\":[{\"@type\":[\"WebPage\",\"ItemPage\"],\"@id\":\"https:\/\/akatsukianime.com\/product\/figura-frieren-frieren-beyond-journeys-end-glasscape\/\",\"url\":\"https:\/\/akatsukianime.com\/product\/figura-frieren-frieren-beyond-journeys-end-glasscape\/\",\"name\":\"Figura Frieren Frieren: Beyond Journey's End Glasscape - Akatsuki anime store\",\"isPartOf\":{\"@id\":\"https:\/\/akatsukianime.com\/#website\"},\"primaryImageOfPage\":{\"@id\":\"https:\/\/akatsukianime.com\/product\/figura-frieren-frieren-beyond-journeys-end-glasscape\/#primaryimage\"},\"image\":{\"@id\":\"https:\/\/akatsukianime.com\/product\/figura-frieren-frieren-beyond-journeys-end-glasscape\/#primaryimage\"},\"thumbnailUrl\":\"https:\/\/akatsukianime.com\/wp-content\/uploads\/2026\/01\/figura-frieren-glasscape-banpresto.jpg\",\"datePublished\":\"2026-01-15T12:13:35+00:00\",\"dateModified\":\"2026-01-15T12:13:35+00:00\",\"description\":\"Figura Frieren Glasscape de Banpresto con dise\u00f1o elegante y fondo de cristal. Ideal para coleccionistas del anime Frieren.\",\"breadcrumb\":{\"@id\":\"https:\/\/akatsukianime.com\/product\/figura-frieren-frieren-beyond-journeys-end-glasscape\/#breadcrumb\"},\"inLanguage\":\"en-US\",\"potentialAction\":[{\"@type\":\"ReadAction\",\"target\":[\"https:\/\/akatsukianime.com\/product\/figura-frieren-frieren-beyond-journeys-end-glasscape\/\"]}]},{\"@type\":\"ImageObject\",\"inLanguage\":\"en-US\",\"@id\":\"https:\/\/akatsukianime.com\/product\/figura-frieren-frieren-beyond-journeys-end-glasscape\/#primaryimage\",\"url\":\"https:\/\/akatsukianime.com\/wp-content\/uploads\/2026\/01\/figura-frieren-glasscape-banpresto.jpg\",\"contentUrl\":\"https:\/\/akatsukianime.com\/wp-content\/uploads\/2026\/01\/figura-frieren-glasscape-banpresto.jpg\",\"width\":1000,\"height\":1000,\"caption\":\"figura frieren glasscape banpresto\"},{\"@type\":\"BreadcrumbList\",\"@id\":\"https:\/\/akatsukianime.com\/product\/figura-frieren-frieren-beyond-journeys-end-glasscape\/#breadcrumb\",\"itemListElement\":[{\"@type\":\"ListItem\",\"position\":1,\"name\":\"Portada\",\"item\":\"https:\/\/akatsukianime.com\/\"},{\"@type\":\"ListItem\",\"position\":2,\"name\":\"Tienda\",\"item\":\"https:\/\/akatsukianime.com\/tienda\/\"},{\"@type\":\"ListItem\",\"position\":3,\"name\":\"Figura Frieren Frieren: Beyond Journey&#8217;s End Glasscape\"}]},{\"@type\":\"WebSite\",\"@id\":\"https:\/\/akatsukianime.com\/#website\",\"url\":\"https:\/\/akatsukianime.com\/\",\"name\":\"Akatsuki anime store\",\"description\":\"\",\"potentialAction\":[{\"@type\":\"SearchAction\",\"target\":{\"@type\":\"EntryPoint\",\"urlTemplate\":\"https:\/\/akatsukianime.com\/?s={search_term_string}\"},\"query-input\":{\"@type\":\"PropertyValueSpecification\",\"valueRequired\":true,\"valueName\":\"search_term_string\"}}],\"inLanguage\":\"en-US\"}]}<\/script>\n<!-- \/ Yoast SEO plugin. -->","yoast_head_json":{"title":"Figura Frieren Frieren: Beyond Journey's End Glasscape - Akatsuki anime store","description":"Figura Frieren Glasscape de Banpresto con dise\u00f1o elegante y fondo de cristal. Ideal para coleccionistas del anime Frieren.","robots":{"index":"index","follow":"follow","max-snippet":"max-snippet:-1","max-image-preview":"max-image-preview:large","max-video-preview":"max-video-preview:-1"},"canonical":"https:\/\/akatsukianime.com\/en\/product\/figura-frieren-frieren-beyond-journeys-end-glasscape\/","og_locale":"en_US","og_type":"article","og_title":"Figura Frieren Frieren: Beyond Journey's End Glasscape - Akatsuki anime store","og_description":"Figura Frieren Glasscape de Banpresto con dise\u00f1o elegante y fondo de cristal. Ideal para coleccionistas del anime Frieren.","og_url":"https:\/\/akatsukianime.com\/en\/product\/figura-frieren-frieren-beyond-journeys-end-glasscape\/","og_site_name":"Akatsuki anime store","og_image":[{"width":1000,"height":1000,"url":"https:\/\/akatsukianime.com\/wp-content\/uploads\/2026\/01\/figura-frieren-glasscape-banpresto.jpg","type":"image\/jpeg"}],"twitter_card":"summary_large_image","twitter_misc":{"Est. reading time":"1 minute"},"schema":{"@context":"https:\/\/schema.org","@graph":[{"@type":["WebPage","ItemPage"],"@id":"https:\/\/akatsukianime.com\/product\/figura-frieren-frieren-beyond-journeys-end-glasscape\/","url":"https:\/\/akatsukianime.com\/product\/figura-frieren-frieren-beyond-journeys-end-glasscape\/","name":"Figura Frieren Frieren: Beyond Journey's End Glasscape - Akatsuki anime store","isPartOf":{"@id":"https:\/\/akatsukianime.com\/#website"},"primaryImageOfPage":{"@id":"https:\/\/akatsukianime.com\/product\/figura-frieren-frieren-beyond-journeys-end-glasscape\/#primaryimage"},"image":{"@id":"https:\/\/akatsukianime.com\/product\/figura-frieren-frieren-beyond-journeys-end-glasscape\/#primaryimage"},"thumbnailUrl":"https:\/\/akatsukianime.com\/wp-content\/uploads\/2026\/01\/figura-frieren-glasscape-banpresto.jpg","datePublished":"2026-01-15T12:13:35+00:00","dateModified":"2026-01-15T12:13:35+00:00","description":"Figura Frieren Glasscape de Banpresto con dise\u00f1o elegante y fondo de cristal. Ideal para coleccionistas del anime Frieren.","breadcrumb":{"@id":"https:\/\/akatsukianime.com\/product\/figura-frieren-frieren-beyond-journeys-end-glasscape\/#breadcrumb"},"inLanguage":"en-US","potentialAction":[{"@type":"ReadAction","target":["https:\/\/akatsukianime.com\/product\/figura-frieren-frieren-beyond-journeys-end-glasscape\/"]}]},{"@type":"ImageObject","inLanguage":"en-US","@id":"https:\/\/akatsukianime.com\/product\/figura-frieren-frieren-beyond-journeys-end-glasscape\/#primaryimage","url":"https:\/\/akatsukianime.com\/wp-content\/uploads\/2026\/01\/figura-frieren-glasscape-banpresto.jpg","contentUrl":"https:\/\/akatsukianime.com\/wp-content\/uploads\/2026\/01\/figura-frieren-glasscape-banpresto.jpg","width":1000,"height":1000,"caption":"figura frieren glasscape banpresto"},{"@type":"BreadcrumbList","@id":"https:\/\/akatsukianime.com\/product\/figura-frieren-frieren-beyond-journeys-end-glasscape\/#breadcrumb","itemListElement":[{"@type":"ListItem","position":1,"name":"Portada","item":"https:\/\/akatsukianime.com\/"},{"@type":"ListItem","position":2,"name":"Tienda","item":"https:\/\/akatsukianime.com\/tienda\/"},{"@type":"ListItem","position":3,"name":"Figura Frieren Frieren: Beyond Journey&#8217;s End Glasscape"}]},{"@type":"WebSite","@id":"https:\/\/akatsukianime.com\/#website","url":"https:\/\/akatsukianime.com\/","name":"Akatsuki anime store","description":"","potentialAction":[{"@type":"SearchAction","target":{"@type":"EntryPoint","urlTemplate":"https:\/\/akatsukianime.com\/?s={search_term_string}"},"query-input":{"@type":"PropertyValueSpecification","valueRequired":true,"valueName":"search_term_string"}}],"inLanguage":"en-US"}]}},"jetpack_sharing_enabled":true,"_links":{"self":[{"href":"https:\/\/akatsukianime.com\/en\/wp-json\/wp\/v2\/product\/6963","targetHints":{"allow":["GET"]}}],"collection":[{"href":"https:\/\/akatsukianime.com\/en\/wp-json\/wp\/v2\/product"}],"about":[{"href":"https:\/\/akatsukianime.com\/en\/wp-json\/wp\/v2\/types\/product"}],"version-history":[{"count":1,"href":"https:\/\/akatsukianime.com\/en\/wp-json\/wp\/v2\/product\/6963\/revisions"}],"predecessor-version":[{"id":6970,"href":"https:\/\/akatsukianime.com\/en\/wp-json\/wp\/v2\/product\/6963\/revisions\/6970"}],"wp:featuredmedia":[{"embeddable":true,"href":"https:\/\/akatsukianime.com\/en\/wp-json\/wp\/v2\/media\/6969"}],"wp:attachment":[{"href":"https:\/\/akatsukianime.com\/en\/wp-json\/wp\/v2\/media?parent=6963"}],"wp:term":[{"taxonomy":"product_cat","embeddable":true,"href":"https:\/\/akatsukianime.com\/en\/wp-json\/wp\/v2\/product_cat?post=6963"},{"taxonomy":"product_tag","embeddable":true,"href":"https:\/\/akatsukianime.com\/en\/wp-json\/wp\/v2\/product_tag?post=6963"}],"curies":[{"name":"wp","href":"https:\/\/api.w.org\/{rel}","templated":true}]}}