{"id":6971,"date":"2026-01-15T17:26:18","date_gmt":"2026-01-15T16:26:18","guid":{"rendered":"https:\/\/akatsukianime.com\/?post_type=product&#038;p=6971"},"modified":"2026-01-18T19:20:01","modified_gmt":"2026-01-18T18:20:01","slug":"figura-satoru-gojo-extermination-jujutsu-kaisen-luminasta","status":"publish","type":"product","link":"https:\/\/akatsukianime.com\/en\/product\/figura-satoru-gojo-extermination-jujutsu-kaisen-luminasta\/","title":{"rendered":"Figura Satoru Gojo (Extermination) Jujutsu Kaisen Luminasta"},"content":{"rendered":"<h3 data-start=\"161\" data-end=\"195\"><strong data-start=\"165\" data-end=\"193\">Product description<\/strong><\/h3>\n<p data-start=\"196\" data-end=\"398\">\ud83d\udd25\u2728 Desde el aclamado anime <strong data-start=\"224\" data-end=\"242\">Jujutsu Kaisen<\/strong>, Sega presenta la impresionante figura <strong data-start=\"282\" data-end=\"323\">Luminasta Satoru Gojo (Extermination)<\/strong>, una pieza que captura toda la presencia y poder del hechicero m\u00e1s fuerte.<\/p>\n<p data-start=\"400\" data-end=\"730\">Satoru Gojo es representado con su ic\u00f3nica vestimenta, adoptando una postura imponente que transmite absoluta confianza y dominio en combate. Con una altura superior a los 26 cm, esta figura destaca por su tama\u00f1o, su esculpido detallado y su acabado de alta calidad, convirti\u00e9ndose en un punto focal dentro de cualquier colecci\u00f3n.<\/p>\n<p data-start=\"732\" data-end=\"951\">Ideal para fans del anime y coleccionistas exigentes, esta figura Luminasta combina impacto visual y fidelidad al personaje, siendo una adici\u00f3n imprescindible para quienes buscan piezas destacadas de <strong data-start=\"932\" data-end=\"950\">Jujutsu Kaisen<\/strong>.<\/p>\n<h3 data-start=\"958\" data-end=\"994\"><strong data-start=\"962\" data-end=\"994\">Product Features<\/strong><\/h3>\n<ul data-start=\"995\" data-end=\"1191\">\n<li data-start=\"995\" data-end=\"1025\">\n<p data-start=\"997\" data-end=\"1025\">Approximate height: <strong data-start=\"1016\" data-end=\"1025\">26 cm<\/strong><\/p>\n<\/li>\n<li data-start=\"1026\" data-end=\"1050\">\n<p data-start=\"1028\" data-end=\"1050\">Material: <strong data-start=\"1038\" data-end=\"1050\">Pl\u00e1stico<\/strong><\/p>\n<\/li>\n<li data-start=\"1051\" data-end=\"1090\">\n<p data-start=\"1053\" data-end=\"1090\">Based on the anime <strong data-start=\"1072\" data-end=\"1090\">Jujutsu Kaisen<\/strong><\/p>\n<\/li>\n<li data-start=\"1091\" data-end=\"1113\">\n<p data-start=\"1093\" data-end=\"1113\">Line: <strong data-start=\"1100\" data-end=\"1113\">Luminast<\/strong><\/p>\n<\/li>\n<li data-start=\"1114\" data-end=\"1137\">\n<p data-start=\"1116\" data-end=\"1137\">Alto nivel de detalle<\/p>\n<\/li>\n<li data-start=\"1138\" data-end=\"1164\">\n<p data-start=\"1140\" data-end=\"1164\">Figure <strong data-start=\"1147\" data-end=\"1164\">no articulada<\/strong><\/p>\n<\/li>\n<li data-start=\"1165\" data-end=\"1191\">\n<p data-start=\"1167\" data-end=\"1191\">Perfecta para exhibici\u00f3n<\/p>\n<\/li>\n<\/ul>\n<h3 data-start=\"1193\" data-end=\"1221\"><strong data-start=\"1197\" data-end=\"1221\">Box contents<\/strong><\/h3>\n<ul data-start=\"1222\" data-end=\"1249\">\n<li data-start=\"1222\" data-end=\"1249\">\n<p data-start=\"1224\" data-end=\"1249\">Figure of <strong data-start=\"1234\" data-end=\"1249\">Satoru Gojo<\/strong><\/p>\n<\/li>\n<\/ul>\n<h3 data-start=\"1256\" data-end=\"1293\"><\/h3>\n<p data-start=\"1294\" data-end=\"1326\">","protected":false},"excerpt":{"rendered":"<p>Descripci\u00f3n del producto \ud83d\udd25\u2728 Desde el aclamado anime Jujutsu Kaisen, Sega presenta la impresionante figura Luminasta Satoru Gojo (Extermination), una<\/p>","protected":false},"featured_media":6972,"template":"","meta":[],"product_cat":[101,65,61,48],"product_tag":[337,200,218,428,171],"class_list":{"0":"post-6971","1":"product","2":"type-product","3":"status-publish","4":"has-post-thumbnail","6":"product_cat-elige-sega-goods-sega-goods","7":"product_cat-figuras","8":"product_cat-novedades","9":"product_cat-jujutsu-kaisen","10":"product_tag-figura","11":"product_tag-jujutsu-kaisen","12":"product_tag-luminasta","13":"product_tag-satoru-gojo","14":"product_tag-sega","16":"first","17":"instock","18":"sold-individually","19":"taxable","20":"shipping-taxable","21":"purchasable","22":"product-type-simple"},"yoast_head":"<!-- This site is optimized with the Yoast SEO plugin v24.2 - https:\/\/yoast.com\/wordpress\/plugins\/seo\/ -->\n<title>Figura Satoru Gojo (Extermination) Jujutsu Kaisen Luminasta - Akatsuki anime store<\/title>\n<meta name=\"description\" content=\"Figura Satoru Gojo Luminasta de Jujutsu Kaisen por Sega. Gran tama\u00f1o, alto detalle y dise\u00f1o imponente para coleccionistas.\" \/>\n<meta name=\"robots\" content=\"index, follow, max-snippet:-1, max-image-preview:large, max-video-preview:-1\" \/>\n<link rel=\"canonical\" href=\"https:\/\/akatsukianime.com\/en\/product\/figura-satoru-gojo-extermination-jujutsu-kaisen-luminasta\/\" \/>\n<meta property=\"og:locale\" content=\"en_US\" \/>\n<meta property=\"og:type\" content=\"article\" \/>\n<meta property=\"og:title\" content=\"Figura Satoru Gojo (Extermination) Jujutsu Kaisen Luminasta - Akatsuki anime store\" \/>\n<meta property=\"og:description\" content=\"Figura Satoru Gojo Luminasta de Jujutsu Kaisen por Sega. Gran tama\u00f1o, alto detalle y dise\u00f1o imponente para coleccionistas.\" \/>\n<meta property=\"og:url\" content=\"https:\/\/akatsukianime.com\/en\/product\/figura-satoru-gojo-extermination-jujutsu-kaisen-luminasta\/\" \/>\n<meta property=\"og:site_name\" content=\"Akatsuki anime store\" \/>\n<meta property=\"article:modified_time\" content=\"2026-01-18T18:20:01+00:00\" \/>\n<meta property=\"og:image\" content=\"https:\/\/akatsukianime.com\/wp-content\/uploads\/2026\/01\/Figura-Gojo-satoru-Luminasta.jpg\" \/>\n\t<meta property=\"og:image:width\" content=\"1000\" \/>\n\t<meta property=\"og:image:height\" content=\"1000\" \/>\n\t<meta property=\"og:image:type\" content=\"image\/jpeg\" \/>\n<meta name=\"twitter:card\" content=\"summary_large_image\" \/>\n<meta name=\"twitter:label1\" content=\"Est. reading time\" \/>\n\t<meta name=\"twitter:data1\" content=\"1 minute\" \/>\n<script type=\"application\/ld+json\" class=\"yoast-schema-graph\">{\"@context\":\"https:\/\/schema.org\",\"@graph\":[{\"@type\":[\"WebPage\",\"ItemPage\"],\"@id\":\"https:\/\/akatsukianime.com\/product\/figura-satoru-gojo-extermination-jujutsu-kaisen-luminasta\/\",\"url\":\"https:\/\/akatsukianime.com\/product\/figura-satoru-gojo-extermination-jujutsu-kaisen-luminasta\/\",\"name\":\"Figura Satoru Gojo (Extermination) Jujutsu Kaisen Luminasta - Akatsuki anime store\",\"isPartOf\":{\"@id\":\"https:\/\/akatsukianime.com\/#website\"},\"primaryImageOfPage\":{\"@id\":\"https:\/\/akatsukianime.com\/product\/figura-satoru-gojo-extermination-jujutsu-kaisen-luminasta\/#primaryimage\"},\"image\":{\"@id\":\"https:\/\/akatsukianime.com\/product\/figura-satoru-gojo-extermination-jujutsu-kaisen-luminasta\/#primaryimage\"},\"thumbnailUrl\":\"https:\/\/akatsukianime.com\/wp-content\/uploads\/2026\/01\/Figura-Gojo-satoru-Luminasta.jpg\",\"datePublished\":\"2026-01-15T16:26:18+00:00\",\"dateModified\":\"2026-01-18T18:20:01+00:00\",\"description\":\"Figura Satoru Gojo Luminasta de Jujutsu Kaisen por Sega. Gran tama\u00f1o, alto detalle y dise\u00f1o imponente para coleccionistas.\",\"breadcrumb\":{\"@id\":\"https:\/\/akatsukianime.com\/product\/figura-satoru-gojo-extermination-jujutsu-kaisen-luminasta\/#breadcrumb\"},\"inLanguage\":\"en-US\",\"potentialAction\":[{\"@type\":\"ReadAction\",\"target\":[\"https:\/\/akatsukianime.com\/product\/figura-satoru-gojo-extermination-jujutsu-kaisen-luminasta\/\"]}]},{\"@type\":\"ImageObject\",\"inLanguage\":\"en-US\",\"@id\":\"https:\/\/akatsukianime.com\/product\/figura-satoru-gojo-extermination-jujutsu-kaisen-luminasta\/#primaryimage\",\"url\":\"https:\/\/akatsukianime.com\/wp-content\/uploads\/2026\/01\/Figura-Gojo-satoru-Luminasta.jpg\",\"contentUrl\":\"https:\/\/akatsukianime.com\/wp-content\/uploads\/2026\/01\/Figura-Gojo-satoru-Luminasta.jpg\",\"width\":1000,\"height\":1000,\"caption\":\"Figura Gojo satoru Luminasta\"},{\"@type\":\"BreadcrumbList\",\"@id\":\"https:\/\/akatsukianime.com\/product\/figura-satoru-gojo-extermination-jujutsu-kaisen-luminasta\/#breadcrumb\",\"itemListElement\":[{\"@type\":\"ListItem\",\"position\":1,\"name\":\"Portada\",\"item\":\"https:\/\/akatsukianime.com\/\"},{\"@type\":\"ListItem\",\"position\":2,\"name\":\"Tienda\",\"item\":\"https:\/\/akatsukianime.com\/tienda\/\"},{\"@type\":\"ListItem\",\"position\":3,\"name\":\"Figura Satoru Gojo (Extermination) Jujutsu Kaisen Luminasta\"}]},{\"@type\":\"WebSite\",\"@id\":\"https:\/\/akatsukianime.com\/#website\",\"url\":\"https:\/\/akatsukianime.com\/\",\"name\":\"Akatsuki anime store\",\"description\":\"\",\"potentialAction\":[{\"@type\":\"SearchAction\",\"target\":{\"@type\":\"EntryPoint\",\"urlTemplate\":\"https:\/\/akatsukianime.com\/?s={search_term_string}\"},\"query-input\":{\"@type\":\"PropertyValueSpecification\",\"valueRequired\":true,\"valueName\":\"search_term_string\"}}],\"inLanguage\":\"en-US\"}]}<\/script>\n<!-- \/ Yoast SEO plugin. -->","yoast_head_json":{"title":"Figura Satoru Gojo (Extermination) Jujutsu Kaisen Luminasta - Akatsuki anime store","description":"Figura Satoru Gojo Luminasta de Jujutsu Kaisen por Sega. Gran tama\u00f1o, alto detalle y dise\u00f1o imponente para coleccionistas.","robots":{"index":"index","follow":"follow","max-snippet":"max-snippet:-1","max-image-preview":"max-image-preview:large","max-video-preview":"max-video-preview:-1"},"canonical":"https:\/\/akatsukianime.com\/en\/product\/figura-satoru-gojo-extermination-jujutsu-kaisen-luminasta\/","og_locale":"en_US","og_type":"article","og_title":"Figura Satoru Gojo (Extermination) Jujutsu Kaisen Luminasta - Akatsuki anime store","og_description":"Figura Satoru Gojo Luminasta de Jujutsu Kaisen por Sega. Gran tama\u00f1o, alto detalle y dise\u00f1o imponente para coleccionistas.","og_url":"https:\/\/akatsukianime.com\/en\/product\/figura-satoru-gojo-extermination-jujutsu-kaisen-luminasta\/","og_site_name":"Akatsuki anime store","article_modified_time":"2026-01-18T18:20:01+00:00","og_image":[{"width":1000,"height":1000,"url":"https:\/\/akatsukianime.com\/wp-content\/uploads\/2026\/01\/Figura-Gojo-satoru-Luminasta.jpg","type":"image\/jpeg"}],"twitter_card":"summary_large_image","twitter_misc":{"Est. reading time":"1 minute"},"schema":{"@context":"https:\/\/schema.org","@graph":[{"@type":["WebPage","ItemPage"],"@id":"https:\/\/akatsukianime.com\/product\/figura-satoru-gojo-extermination-jujutsu-kaisen-luminasta\/","url":"https:\/\/akatsukianime.com\/product\/figura-satoru-gojo-extermination-jujutsu-kaisen-luminasta\/","name":"Figura Satoru Gojo (Extermination) Jujutsu Kaisen Luminasta - Akatsuki anime store","isPartOf":{"@id":"https:\/\/akatsukianime.com\/#website"},"primaryImageOfPage":{"@id":"https:\/\/akatsukianime.com\/product\/figura-satoru-gojo-extermination-jujutsu-kaisen-luminasta\/#primaryimage"},"image":{"@id":"https:\/\/akatsukianime.com\/product\/figura-satoru-gojo-extermination-jujutsu-kaisen-luminasta\/#primaryimage"},"thumbnailUrl":"https:\/\/akatsukianime.com\/wp-content\/uploads\/2026\/01\/Figura-Gojo-satoru-Luminasta.jpg","datePublished":"2026-01-15T16:26:18+00:00","dateModified":"2026-01-18T18:20:01+00:00","description":"Figura Satoru Gojo Luminasta de Jujutsu Kaisen por Sega. Gran tama\u00f1o, alto detalle y dise\u00f1o imponente para coleccionistas.","breadcrumb":{"@id":"https:\/\/akatsukianime.com\/product\/figura-satoru-gojo-extermination-jujutsu-kaisen-luminasta\/#breadcrumb"},"inLanguage":"en-US","potentialAction":[{"@type":"ReadAction","target":["https:\/\/akatsukianime.com\/product\/figura-satoru-gojo-extermination-jujutsu-kaisen-luminasta\/"]}]},{"@type":"ImageObject","inLanguage":"en-US","@id":"https:\/\/akatsukianime.com\/product\/figura-satoru-gojo-extermination-jujutsu-kaisen-luminasta\/#primaryimage","url":"https:\/\/akatsukianime.com\/wp-content\/uploads\/2026\/01\/Figura-Gojo-satoru-Luminasta.jpg","contentUrl":"https:\/\/akatsukianime.com\/wp-content\/uploads\/2026\/01\/Figura-Gojo-satoru-Luminasta.jpg","width":1000,"height":1000,"caption":"Figura Gojo satoru Luminasta"},{"@type":"BreadcrumbList","@id":"https:\/\/akatsukianime.com\/product\/figura-satoru-gojo-extermination-jujutsu-kaisen-luminasta\/#breadcrumb","itemListElement":[{"@type":"ListItem","position":1,"name":"Portada","item":"https:\/\/akatsukianime.com\/"},{"@type":"ListItem","position":2,"name":"Tienda","item":"https:\/\/akatsukianime.com\/tienda\/"},{"@type":"ListItem","position":3,"name":"Figura Satoru Gojo (Extermination) Jujutsu Kaisen Luminasta"}]},{"@type":"WebSite","@id":"https:\/\/akatsukianime.com\/#website","url":"https:\/\/akatsukianime.com\/","name":"Akatsuki anime store","description":"","potentialAction":[{"@type":"SearchAction","target":{"@type":"EntryPoint","urlTemplate":"https:\/\/akatsukianime.com\/?s={search_term_string}"},"query-input":{"@type":"PropertyValueSpecification","valueRequired":true,"valueName":"search_term_string"}}],"inLanguage":"en-US"}]}},"jetpack_sharing_enabled":true,"_links":{"self":[{"href":"https:\/\/akatsukianime.com\/en\/wp-json\/wp\/v2\/product\/6971","targetHints":{"allow":["GET"]}}],"collection":[{"href":"https:\/\/akatsukianime.com\/en\/wp-json\/wp\/v2\/product"}],"about":[{"href":"https:\/\/akatsukianime.com\/en\/wp-json\/wp\/v2\/types\/product"}],"version-history":[{"count":1,"href":"https:\/\/akatsukianime.com\/en\/wp-json\/wp\/v2\/product\/6971\/revisions"}],"predecessor-version":[{"id":6979,"href":"https:\/\/akatsukianime.com\/en\/wp-json\/wp\/v2\/product\/6971\/revisions\/6979"}],"wp:featuredmedia":[{"embeddable":true,"href":"https:\/\/akatsukianime.com\/en\/wp-json\/wp\/v2\/media\/6972"}],"wp:attachment":[{"href":"https:\/\/akatsukianime.com\/en\/wp-json\/wp\/v2\/media?parent=6971"}],"wp:term":[{"taxonomy":"product_cat","embeddable":true,"href":"https:\/\/akatsukianime.com\/en\/wp-json\/wp\/v2\/product_cat?post=6971"},{"taxonomy":"product_tag","embeddable":true,"href":"https:\/\/akatsukianime.com\/en\/wp-json\/wp\/v2\/product_tag?post=6971"}],"curies":[{"name":"wp","href":"https:\/\/api.w.org\/{rel}","templated":true}]}}