{"id":6992,"date":"2026-01-16T13:19:12","date_gmt":"2026-01-16T12:19:12","guid":{"rendered":"https:\/\/akatsukianime.com\/?post_type=product&#038;p=6992"},"modified":"2026-01-16T13:19:12","modified_gmt":"2026-01-16T12:19:12","slug":"figura-fern-frieren-beyond-journeys-end-glasscape","status":"publish","type":"product","link":"https:\/\/akatsukianime.com\/en\/product\/figura-fern-frieren-beyond-journeys-end-glasscape\/","title":{"rendered":"Figura Fern Frieren: Beyond Journey&#8217;s End Glasscape"},"content":{"rendered":"<h3 data-start=\"151\" data-end=\"185\"><strong data-start=\"155\" data-end=\"183\">Product description<\/strong><\/h3>\n<p data-start=\"186\" data-end=\"462\">\ud83c\udf3f\u2728 Banpresto presenta con orgullo una nueva incorporaci\u00f3n a su elegante l\u00ednea <strong data-start=\"265\" data-end=\"278\">Glasscape<\/strong>, inspirada en el exitoso anime <strong data-start=\"310\" data-end=\"343\">Frieren: Beyond Journey&#039;s End<\/strong>. La joven maga aprendiz <strong data-start=\"368\" data-end=\"376\">Fern<\/strong> hace su debut en una figura que transmite serenidad, madurez y profundidad emocional.<\/p>\n<p data-start=\"464\" data-end=\"815\">Representada en su atuendo caracter\u00edstico, Fern aparece en un momento de reflexi\u00f3n, mientras un delicado c\u00edrculo de cristal con las siluetas de sus seres queridos descansa detr\u00e1s de ella, simbolizando los lazos que han marcado su viaje. El cuidado en los detalles y la composici\u00f3n art\u00edstica hacen de esta figura una pieza \u00fanica y llena de significado.<\/p>\n<p data-start=\"817\" data-end=\"948\">Una elecci\u00f3n imprescindible para fans del anime y coleccionistas que buscan figuras con narrativa visual y gran presencia est\u00e9tica.<\/p>\n<hr data-start=\"950\" data-end=\"953\" \/>\n<h3 data-start=\"955\" data-end=\"991\"><strong data-start=\"959\" data-end=\"991\">Product Features<\/strong><\/h3>\n<ul data-start=\"992\" data-end=\"1203\">\n<li data-start=\"992\" data-end=\"1025\">\n<p data-start=\"994\" data-end=\"1025\">Approximate height: <strong data-start=\"1013\" data-end=\"1025\">14.98 cm<\/strong><\/p>\n<\/li>\n<li data-start=\"1026\" data-end=\"1050\">\n<p data-start=\"1028\" data-end=\"1050\">Material: <strong data-start=\"1038\" data-end=\"1050\">Pl\u00e1stico<\/strong><\/p>\n<\/li>\n<li data-start=\"1051\" data-end=\"1105\">\n<p data-start=\"1053\" data-end=\"1105\">Based on the anime <strong data-start=\"1072\" data-end=\"1105\">Frieren: Beyond Journey&#039;s End<\/strong><\/p>\n<\/li>\n<li data-start=\"1106\" data-end=\"1128\">\n<p data-start=\"1108\" data-end=\"1128\">Line: <strong data-start=\"1115\" data-end=\"1128\">Glasscape<\/strong><\/p>\n<\/li>\n<li data-start=\"1129\" data-end=\"1152\">\n<p data-start=\"1131\" data-end=\"1152\">Alto nivel de detalle<\/p>\n<\/li>\n<li data-start=\"1153\" data-end=\"1179\">\n<p data-start=\"1155\" data-end=\"1179\">Figure <strong data-start=\"1162\" data-end=\"1179\">no articulada<\/strong><\/p>\n<\/li>\n<li data-start=\"1180\" data-end=\"1203\">\n<p data-start=\"1182\" data-end=\"1203\">Ideal para exhibici\u00f3n<\/p>\n<\/li>\n<\/ul>\n<h3 data-start=\"1205\" data-end=\"1233\"><strong data-start=\"1209\" data-end=\"1233\">Box contents<\/strong><\/h3>\n<ul data-start=\"1234\" data-end=\"1254\">\n<li data-start=\"1234\" data-end=\"1254\">\n<p data-start=\"1236\" data-end=\"1254\">Figure of <strong data-start=\"1246\" data-end=\"1254\">Fern<\/strong><\/p>\n<\/li>\n<\/ul>","protected":false},"excerpt":{"rendered":"<p>Descripci\u00f3n del producto \ud83c\udf3f\u2728 Banpresto presenta con orgullo una nueva incorporaci\u00f3n a su elegante l\u00ednea Glasscape, inspirada en el exitoso<\/p>","protected":false},"featured_media":6993,"template":"","meta":[],"product_cat":[327,95,65],"product_tag":[157,328,337,429,304],"class_list":{"0":"post-6992","1":"product","2":"type-product","3":"status-publish","4":"has-post-thumbnail","6":"product_cat-sousou-no-frieren","7":"product_cat-banpresto","8":"product_cat-figuras","9":"product_tag-banpresto","10":"product_tag-fern","11":"product_tag-figura","12":"product_tag-glasscope","13":"product_tag-sousou-no-frieren","15":"first","16":"instock","17":"sold-individually","18":"taxable","19":"shipping-taxable","20":"purchasable","21":"product-type-simple"},"yoast_head":"<!-- This site is optimized with the Yoast SEO plugin v24.2 - https:\/\/yoast.com\/wordpress\/plugins\/seo\/ -->\n<title>Figura Fern Frieren: Beyond Journey&#039;s End Glasscape - Akatsuki anime store<\/title>\n<meta name=\"description\" content=\"Figura Fern Glasscape de Frieren Beyond Journey\u2019s End. Dise\u00f1o elegante, gran detalle y una presentaci\u00f3n art\u00edstica ideal para coleccionistas.\" \/>\n<meta name=\"robots\" content=\"index, follow, max-snippet:-1, max-image-preview:large, max-video-preview:-1\" \/>\n<link rel=\"canonical\" href=\"https:\/\/akatsukianime.com\/en\/product\/figura-fern-frieren-beyond-journeys-end-glasscape\/\" \/>\n<meta property=\"og:locale\" content=\"en_US\" \/>\n<meta property=\"og:type\" content=\"article\" \/>\n<meta property=\"og:title\" content=\"Figura Fern Frieren: Beyond Journey&#039;s End Glasscape - Akatsuki anime store\" \/>\n<meta property=\"og:description\" content=\"Figura Fern Glasscape de Frieren Beyond Journey\u2019s End. Dise\u00f1o elegante, gran detalle y una presentaci\u00f3n art\u00edstica ideal para coleccionistas.\" \/>\n<meta property=\"og:url\" content=\"https:\/\/akatsukianime.com\/en\/product\/figura-fern-frieren-beyond-journeys-end-glasscape\/\" \/>\n<meta property=\"og:site_name\" content=\"Akatsuki anime store\" \/>\n<meta property=\"og:image\" content=\"https:\/\/akatsukianime.com\/wp-content\/uploads\/2026\/01\/figura-fern-frieren-glasscape.jpg\" \/>\n\t<meta property=\"og:image:width\" content=\"1000\" \/>\n\t<meta property=\"og:image:height\" content=\"1000\" \/>\n\t<meta property=\"og:image:type\" content=\"image\/jpeg\" \/>\n<meta name=\"twitter:card\" content=\"summary_large_image\" \/>\n<meta name=\"twitter:label1\" content=\"Est. reading time\" \/>\n\t<meta name=\"twitter:data1\" content=\"1 minute\" \/>\n<script type=\"application\/ld+json\" class=\"yoast-schema-graph\">{\"@context\":\"https:\/\/schema.org\",\"@graph\":[{\"@type\":[\"WebPage\",\"ItemPage\"],\"@id\":\"https:\/\/akatsukianime.com\/product\/figura-fern-frieren-beyond-journeys-end-glasscape\/\",\"url\":\"https:\/\/akatsukianime.com\/product\/figura-fern-frieren-beyond-journeys-end-glasscape\/\",\"name\":\"Figura Fern Frieren: Beyond Journey's End Glasscape - Akatsuki anime store\",\"isPartOf\":{\"@id\":\"https:\/\/akatsukianime.com\/#website\"},\"primaryImageOfPage\":{\"@id\":\"https:\/\/akatsukianime.com\/product\/figura-fern-frieren-beyond-journeys-end-glasscape\/#primaryimage\"},\"image\":{\"@id\":\"https:\/\/akatsukianime.com\/product\/figura-fern-frieren-beyond-journeys-end-glasscape\/#primaryimage\"},\"thumbnailUrl\":\"https:\/\/akatsukianime.com\/wp-content\/uploads\/2026\/01\/figura-fern-frieren-glasscape.jpg\",\"datePublished\":\"2026-01-16T12:19:12+00:00\",\"dateModified\":\"2026-01-16T12:19:12+00:00\",\"description\":\"Figura Fern Glasscape de Frieren Beyond Journey\u2019s End. Dise\u00f1o elegante, gran detalle y una presentaci\u00f3n art\u00edstica ideal para coleccionistas.\",\"breadcrumb\":{\"@id\":\"https:\/\/akatsukianime.com\/product\/figura-fern-frieren-beyond-journeys-end-glasscape\/#breadcrumb\"},\"inLanguage\":\"en-US\",\"potentialAction\":[{\"@type\":\"ReadAction\",\"target\":[\"https:\/\/akatsukianime.com\/product\/figura-fern-frieren-beyond-journeys-end-glasscape\/\"]}]},{\"@type\":\"ImageObject\",\"inLanguage\":\"en-US\",\"@id\":\"https:\/\/akatsukianime.com\/product\/figura-fern-frieren-beyond-journeys-end-glasscape\/#primaryimage\",\"url\":\"https:\/\/akatsukianime.com\/wp-content\/uploads\/2026\/01\/figura-fern-frieren-glasscape.jpg\",\"contentUrl\":\"https:\/\/akatsukianime.com\/wp-content\/uploads\/2026\/01\/figura-fern-frieren-glasscape.jpg\",\"width\":1000,\"height\":1000,\"caption\":\"figura fern frieren glasscape\"},{\"@type\":\"BreadcrumbList\",\"@id\":\"https:\/\/akatsukianime.com\/product\/figura-fern-frieren-beyond-journeys-end-glasscape\/#breadcrumb\",\"itemListElement\":[{\"@type\":\"ListItem\",\"position\":1,\"name\":\"Portada\",\"item\":\"https:\/\/akatsukianime.com\/\"},{\"@type\":\"ListItem\",\"position\":2,\"name\":\"Tienda\",\"item\":\"https:\/\/akatsukianime.com\/tienda\/\"},{\"@type\":\"ListItem\",\"position\":3,\"name\":\"Figura Fern Frieren: Beyond Journey&#8217;s End Glasscape\"}]},{\"@type\":\"WebSite\",\"@id\":\"https:\/\/akatsukianime.com\/#website\",\"url\":\"https:\/\/akatsukianime.com\/\",\"name\":\"Akatsuki anime store\",\"description\":\"\",\"potentialAction\":[{\"@type\":\"SearchAction\",\"target\":{\"@type\":\"EntryPoint\",\"urlTemplate\":\"https:\/\/akatsukianime.com\/?s={search_term_string}\"},\"query-input\":{\"@type\":\"PropertyValueSpecification\",\"valueRequired\":true,\"valueName\":\"search_term_string\"}}],\"inLanguage\":\"en-US\"}]}<\/script>\n<!-- \/ Yoast SEO plugin. -->","yoast_head_json":{"title":"Figura Fern Frieren: Beyond Journey's End Glasscape - Akatsuki anime store","description":"Figura Fern Glasscape de Frieren Beyond Journey\u2019s End. Dise\u00f1o elegante, gran detalle y una presentaci\u00f3n art\u00edstica ideal para coleccionistas.","robots":{"index":"index","follow":"follow","max-snippet":"max-snippet:-1","max-image-preview":"max-image-preview:large","max-video-preview":"max-video-preview:-1"},"canonical":"https:\/\/akatsukianime.com\/en\/product\/figura-fern-frieren-beyond-journeys-end-glasscape\/","og_locale":"en_US","og_type":"article","og_title":"Figura Fern Frieren: Beyond Journey's End Glasscape - Akatsuki anime store","og_description":"Figura Fern Glasscape de Frieren Beyond Journey\u2019s End. Dise\u00f1o elegante, gran detalle y una presentaci\u00f3n art\u00edstica ideal para coleccionistas.","og_url":"https:\/\/akatsukianime.com\/en\/product\/figura-fern-frieren-beyond-journeys-end-glasscape\/","og_site_name":"Akatsuki anime store","og_image":[{"width":1000,"height":1000,"url":"https:\/\/akatsukianime.com\/wp-content\/uploads\/2026\/01\/figura-fern-frieren-glasscape.jpg","type":"image\/jpeg"}],"twitter_card":"summary_large_image","twitter_misc":{"Est. reading time":"1 minute"},"schema":{"@context":"https:\/\/schema.org","@graph":[{"@type":["WebPage","ItemPage"],"@id":"https:\/\/akatsukianime.com\/product\/figura-fern-frieren-beyond-journeys-end-glasscape\/","url":"https:\/\/akatsukianime.com\/product\/figura-fern-frieren-beyond-journeys-end-glasscape\/","name":"Figura Fern Frieren: Beyond Journey's End Glasscape - Akatsuki anime store","isPartOf":{"@id":"https:\/\/akatsukianime.com\/#website"},"primaryImageOfPage":{"@id":"https:\/\/akatsukianime.com\/product\/figura-fern-frieren-beyond-journeys-end-glasscape\/#primaryimage"},"image":{"@id":"https:\/\/akatsukianime.com\/product\/figura-fern-frieren-beyond-journeys-end-glasscape\/#primaryimage"},"thumbnailUrl":"https:\/\/akatsukianime.com\/wp-content\/uploads\/2026\/01\/figura-fern-frieren-glasscape.jpg","datePublished":"2026-01-16T12:19:12+00:00","dateModified":"2026-01-16T12:19:12+00:00","description":"Figura Fern Glasscape de Frieren Beyond Journey\u2019s End. Dise\u00f1o elegante, gran detalle y una presentaci\u00f3n art\u00edstica ideal para coleccionistas.","breadcrumb":{"@id":"https:\/\/akatsukianime.com\/product\/figura-fern-frieren-beyond-journeys-end-glasscape\/#breadcrumb"},"inLanguage":"en-US","potentialAction":[{"@type":"ReadAction","target":["https:\/\/akatsukianime.com\/product\/figura-fern-frieren-beyond-journeys-end-glasscape\/"]}]},{"@type":"ImageObject","inLanguage":"en-US","@id":"https:\/\/akatsukianime.com\/product\/figura-fern-frieren-beyond-journeys-end-glasscape\/#primaryimage","url":"https:\/\/akatsukianime.com\/wp-content\/uploads\/2026\/01\/figura-fern-frieren-glasscape.jpg","contentUrl":"https:\/\/akatsukianime.com\/wp-content\/uploads\/2026\/01\/figura-fern-frieren-glasscape.jpg","width":1000,"height":1000,"caption":"figura fern frieren glasscape"},{"@type":"BreadcrumbList","@id":"https:\/\/akatsukianime.com\/product\/figura-fern-frieren-beyond-journeys-end-glasscape\/#breadcrumb","itemListElement":[{"@type":"ListItem","position":1,"name":"Portada","item":"https:\/\/akatsukianime.com\/"},{"@type":"ListItem","position":2,"name":"Tienda","item":"https:\/\/akatsukianime.com\/tienda\/"},{"@type":"ListItem","position":3,"name":"Figura Fern Frieren: Beyond Journey&#8217;s End Glasscape"}]},{"@type":"WebSite","@id":"https:\/\/akatsukianime.com\/#website","url":"https:\/\/akatsukianime.com\/","name":"Akatsuki anime store","description":"","potentialAction":[{"@type":"SearchAction","target":{"@type":"EntryPoint","urlTemplate":"https:\/\/akatsukianime.com\/?s={search_term_string}"},"query-input":{"@type":"PropertyValueSpecification","valueRequired":true,"valueName":"search_term_string"}}],"inLanguage":"en-US"}]}},"jetpack_sharing_enabled":true,"_links":{"self":[{"href":"https:\/\/akatsukianime.com\/en\/wp-json\/wp\/v2\/product\/6992","targetHints":{"allow":["GET"]}}],"collection":[{"href":"https:\/\/akatsukianime.com\/en\/wp-json\/wp\/v2\/product"}],"about":[{"href":"https:\/\/akatsukianime.com\/en\/wp-json\/wp\/v2\/types\/product"}],"version-history":[{"count":1,"href":"https:\/\/akatsukianime.com\/en\/wp-json\/wp\/v2\/product\/6992\/revisions"}],"predecessor-version":[{"id":6999,"href":"https:\/\/akatsukianime.com\/en\/wp-json\/wp\/v2\/product\/6992\/revisions\/6999"}],"wp:featuredmedia":[{"embeddable":true,"href":"https:\/\/akatsukianime.com\/en\/wp-json\/wp\/v2\/media\/6993"}],"wp:attachment":[{"href":"https:\/\/akatsukianime.com\/en\/wp-json\/wp\/v2\/media?parent=6992"}],"wp:term":[{"taxonomy":"product_cat","embeddable":true,"href":"https:\/\/akatsukianime.com\/en\/wp-json\/wp\/v2\/product_cat?post=6992"},{"taxonomy":"product_tag","embeddable":true,"href":"https:\/\/akatsukianime.com\/en\/wp-json\/wp\/v2\/product_tag?post=6992"}],"curies":[{"name":"wp","href":"https:\/\/api.w.org\/{rel}","templated":true}]}}