{"id":7000,"date":"2026-01-16T13:35:54","date_gmt":"2026-01-16T12:35:54","guid":{"rendered":"https:\/\/akatsukianime.com\/?post_type=product&#038;p=7000"},"modified":"2026-01-16T13:39:24","modified_gmt":"2026-01-16T12:39:24","slug":"figura-yuta-okkotsu-jujutsu-kaisen-0-maximatic","status":"publish","type":"product","link":"https:\/\/akatsukianime.com\/en\/product\/figura-yuta-okkotsu-jujutsu-kaisen-0-maximatic\/","title":{"rendered":"Figura Yuta Okkotsu Jujutsu Kaisen 0 Maximatic"},"content":{"rendered":"<h3 data-start=\"169\" data-end=\"203\"><strong data-start=\"173\" data-end=\"201\">Product description<\/strong><\/h3>\n<p data-start=\"204\" data-end=\"478\">\u2694\ufe0f\u2728 Banpresto ampl\u00eda su prestigiosa l\u00ednea <strong data-start=\"246\" data-end=\"259\">Maximatic<\/strong> con la imponente figura de <strong data-start=\"287\" data-end=\"303\">Yuta Okkotsu<\/strong>, inspirada en la pel\u00edcula anime <strong data-start=\"336\" data-end=\"356\">Jujutsu Kaisen 0<\/strong>. Con una altura aproximada de 24 cm, esta pieza captura a la perfecci\u00f3n la presencia y determinaci\u00f3n del joven hechicero.<\/p>\n<p data-start=\"480\" data-end=\"827\">Cuidadosamente esculpida y pintada, la figura destaca por su modelado preciso, colores vibrantes y una pose din\u00e1mica que transmite toda la intensidad del personaje. Cada detalle ha sido trabajado con esmero para reflejar fielmente el dise\u00f1o original del anime, convirti\u00e9ndola en una pieza ideal para exhibir en vitrinas, estanter\u00edas o escritorios.<\/p>\n<p data-start=\"829\" data-end=\"970\">Una figura imprescindible para coleccionistas y fans de <em data-start=\"885\" data-end=\"901\">Jujutsu Kaisen<\/em> que buscan calidad, impacto visual y autenticidad en una sola pieza.<\/p>\n<hr data-start=\"972\" data-end=\"975\" \/>\n<h3 data-start=\"977\" data-end=\"1013\"><strong data-start=\"981\" data-end=\"1013\">Product Features<\/strong><\/h3>\n<ul data-start=\"1014\" data-end=\"1197\">\n<li data-start=\"1014\" data-end=\"1033\">\n<p data-start=\"1016\" data-end=\"1033\">Height: <strong data-start=\"1024\" data-end=\"1033\">24 cm<\/strong><\/p>\n<\/li>\n<li data-start=\"1034\" data-end=\"1058\">\n<p data-start=\"1036\" data-end=\"1058\">Material: <strong data-start=\"1046\" data-end=\"1058\">Pl\u00e1stico<\/strong><\/p>\n<\/li>\n<li data-start=\"1059\" data-end=\"1109\">\n<p data-start=\"1061\" data-end=\"1109\">Basada en la pel\u00edcula anime <strong data-start=\"1089\" data-end=\"1109\">Jujutsu Kaisen 0<\/strong><\/p>\n<\/li>\n<li data-start=\"1110\" data-end=\"1132\">\n<p data-start=\"1112\" data-end=\"1132\">Line: <strong data-start=\"1119\" data-end=\"1132\">Maximatic<\/strong><\/p>\n<\/li>\n<li data-start=\"1133\" data-end=\"1170\">\n<p data-start=\"1135\" data-end=\"1170\">Esculpido y pintura de alta calidad<\/p>\n<\/li>\n<li data-start=\"1171\" data-end=\"1197\">\n<p data-start=\"1173\" data-end=\"1197\">Figure <strong data-start=\"1180\" data-end=\"1197\">no articulada<\/strong><\/p>\n<\/li>\n<\/ul>\n<h3 data-start=\"1199\" data-end=\"1227\"><strong data-start=\"1203\" data-end=\"1227\">Box contents<\/strong><\/h3>\n<ul data-start=\"1228\" data-end=\"1256\">\n<li data-start=\"1228\" data-end=\"1256\">\n<p data-start=\"1230\" data-end=\"1256\">Figure of <strong data-start=\"1240\" data-end=\"1256\">Yuta Okkotsu<\/strong><\/p>\n<\/li>\n<\/ul>","protected":false},"excerpt":{"rendered":"<p>Descripci\u00f3n del producto \u2694\ufe0f\u2728 Banpresto ampl\u00eda su prestigiosa l\u00ednea Maximatic con la imponente figura de Yuta Okkotsu, inspirada en la<\/p>","protected":false},"featured_media":7001,"template":"","meta":[],"product_cat":[95,61,48],"product_tag":[157,337,200,431,430],"class_list":{"0":"post-7000","1":"product","2":"type-product","3":"status-publish","4":"has-post-thumbnail","6":"product_cat-banpresto","7":"product_cat-novedades","8":"product_cat-jujutsu-kaisen","9":"product_tag-banpresto","10":"product_tag-figura","11":"product_tag-jujutsu-kaisen","12":"product_tag-maximatic","13":"product_tag-yuta-okkotsu","15":"first","16":"instock","17":"sold-individually","18":"taxable","19":"shipping-taxable","20":"purchasable","21":"product-type-simple"},"yoast_head":"<!-- This site is optimized with the Yoast SEO plugin v24.2 - https:\/\/yoast.com\/wordpress\/plugins\/seo\/ -->\n<title>Figura Yuta Okkotsu Jujutsu Kaisen 0 Maximatic - Akatsuki anime store<\/title>\n<meta name=\"robots\" content=\"index, follow, max-snippet:-1, max-image-preview:large, max-video-preview:-1\" \/>\n<link rel=\"canonical\" href=\"https:\/\/akatsukianime.com\/en\/product\/figura-yuta-okkotsu-jujutsu-kaisen-0-maximatic\/\" \/>\n<meta property=\"og:locale\" content=\"en_US\" \/>\n<meta property=\"og:type\" content=\"article\" \/>\n<meta property=\"og:title\" content=\"Figura Yuta Okkotsu Jujutsu Kaisen 0 Maximatic - Akatsuki anime store\" \/>\n<meta property=\"og:description\" content=\"Descripci\u00f3n del producto \u2694\ufe0f\u2728 Banpresto ampl\u00eda su prestigiosa l\u00ednea Maximatic con la imponente figura de Yuta Okkotsu, inspirada en la\" \/>\n<meta property=\"og:url\" content=\"https:\/\/akatsukianime.com\/en\/product\/figura-yuta-okkotsu-jujutsu-kaisen-0-maximatic\/\" \/>\n<meta property=\"og:site_name\" content=\"Akatsuki anime store\" \/>\n<meta property=\"article:modified_time\" content=\"2026-01-16T12:39:24+00:00\" \/>\n<meta property=\"og:image\" content=\"https:\/\/akatsukianime.com\/wp-content\/uploads\/2026\/01\/figura-yuta-okkotsu-maximatic.jpg\" \/>\n\t<meta property=\"og:image:width\" content=\"1000\" \/>\n\t<meta property=\"og:image:height\" content=\"1000\" \/>\n\t<meta property=\"og:image:type\" content=\"image\/jpeg\" \/>\n<meta name=\"twitter:card\" content=\"summary_large_image\" \/>\n<meta name=\"twitter:label1\" content=\"Est. reading time\" \/>\n\t<meta name=\"twitter:data1\" content=\"1 minute\" \/>\n<script type=\"application\/ld+json\" class=\"yoast-schema-graph\">{\"@context\":\"https:\/\/schema.org\",\"@graph\":[{\"@type\":[\"WebPage\",\"ItemPage\"],\"@id\":\"https:\/\/akatsukianime.com\/product\/figura-yuta-okkotsu-jujutsu-kaisen-0-maximatic\/\",\"url\":\"https:\/\/akatsukianime.com\/product\/figura-yuta-okkotsu-jujutsu-kaisen-0-maximatic\/\",\"name\":\"Figura Yuta Okkotsu Jujutsu Kaisen 0 Maximatic - Akatsuki anime store\",\"isPartOf\":{\"@id\":\"https:\/\/akatsukianime.com\/#website\"},\"primaryImageOfPage\":{\"@id\":\"https:\/\/akatsukianime.com\/product\/figura-yuta-okkotsu-jujutsu-kaisen-0-maximatic\/#primaryimage\"},\"image\":{\"@id\":\"https:\/\/akatsukianime.com\/product\/figura-yuta-okkotsu-jujutsu-kaisen-0-maximatic\/#primaryimage\"},\"thumbnailUrl\":\"https:\/\/akatsukianime.com\/wp-content\/uploads\/2026\/01\/figura-yuta-okkotsu-maximatic.jpg\",\"datePublished\":\"2026-01-16T12:35:54+00:00\",\"dateModified\":\"2026-01-16T12:39:24+00:00\",\"breadcrumb\":{\"@id\":\"https:\/\/akatsukianime.com\/product\/figura-yuta-okkotsu-jujutsu-kaisen-0-maximatic\/#breadcrumb\"},\"inLanguage\":\"en-US\",\"potentialAction\":[{\"@type\":\"ReadAction\",\"target\":[\"https:\/\/akatsukianime.com\/product\/figura-yuta-okkotsu-jujutsu-kaisen-0-maximatic\/\"]}]},{\"@type\":\"ImageObject\",\"inLanguage\":\"en-US\",\"@id\":\"https:\/\/akatsukianime.com\/product\/figura-yuta-okkotsu-jujutsu-kaisen-0-maximatic\/#primaryimage\",\"url\":\"https:\/\/akatsukianime.com\/wp-content\/uploads\/2026\/01\/figura-yuta-okkotsu-maximatic.jpg\",\"contentUrl\":\"https:\/\/akatsukianime.com\/wp-content\/uploads\/2026\/01\/figura-yuta-okkotsu-maximatic.jpg\",\"width\":1000,\"height\":1000,\"caption\":\"figura yuta okkotsu maximatic\"},{\"@type\":\"BreadcrumbList\",\"@id\":\"https:\/\/akatsukianime.com\/product\/figura-yuta-okkotsu-jujutsu-kaisen-0-maximatic\/#breadcrumb\",\"itemListElement\":[{\"@type\":\"ListItem\",\"position\":1,\"name\":\"Portada\",\"item\":\"https:\/\/akatsukianime.com\/\"},{\"@type\":\"ListItem\",\"position\":2,\"name\":\"Tienda\",\"item\":\"https:\/\/akatsukianime.com\/tienda\/\"},{\"@type\":\"ListItem\",\"position\":3,\"name\":\"Figura Yuta Okkotsu Jujutsu Kaisen 0 Maximatic\"}]},{\"@type\":\"WebSite\",\"@id\":\"https:\/\/akatsukianime.com\/#website\",\"url\":\"https:\/\/akatsukianime.com\/\",\"name\":\"Akatsuki anime store\",\"description\":\"\",\"potentialAction\":[{\"@type\":\"SearchAction\",\"target\":{\"@type\":\"EntryPoint\",\"urlTemplate\":\"https:\/\/akatsukianime.com\/?s={search_term_string}\"},\"query-input\":{\"@type\":\"PropertyValueSpecification\",\"valueRequired\":true,\"valueName\":\"search_term_string\"}}],\"inLanguage\":\"en-US\"}]}<\/script>\n<!-- \/ Yoast SEO plugin. -->","yoast_head_json":{"title":"Figura Yuta Okkotsu Jujutsu Kaisen 0 Maximatic - Akatsuki anime store","robots":{"index":"index","follow":"follow","max-snippet":"max-snippet:-1","max-image-preview":"max-image-preview:large","max-video-preview":"max-video-preview:-1"},"canonical":"https:\/\/akatsukianime.com\/en\/product\/figura-yuta-okkotsu-jujutsu-kaisen-0-maximatic\/","og_locale":"en_US","og_type":"article","og_title":"Figura Yuta Okkotsu Jujutsu Kaisen 0 Maximatic - Akatsuki anime store","og_description":"Descripci\u00f3n del producto \u2694\ufe0f\u2728 Banpresto ampl\u00eda su prestigiosa l\u00ednea Maximatic con la imponente figura de Yuta Okkotsu, inspirada en la","og_url":"https:\/\/akatsukianime.com\/en\/product\/figura-yuta-okkotsu-jujutsu-kaisen-0-maximatic\/","og_site_name":"Akatsuki anime store","article_modified_time":"2026-01-16T12:39:24+00:00","og_image":[{"width":1000,"height":1000,"url":"https:\/\/akatsukianime.com\/wp-content\/uploads\/2026\/01\/figura-yuta-okkotsu-maximatic.jpg","type":"image\/jpeg"}],"twitter_card":"summary_large_image","twitter_misc":{"Est. reading time":"1 minute"},"schema":{"@context":"https:\/\/schema.org","@graph":[{"@type":["WebPage","ItemPage"],"@id":"https:\/\/akatsukianime.com\/product\/figura-yuta-okkotsu-jujutsu-kaisen-0-maximatic\/","url":"https:\/\/akatsukianime.com\/product\/figura-yuta-okkotsu-jujutsu-kaisen-0-maximatic\/","name":"Figura Yuta Okkotsu Jujutsu Kaisen 0 Maximatic - Akatsuki anime store","isPartOf":{"@id":"https:\/\/akatsukianime.com\/#website"},"primaryImageOfPage":{"@id":"https:\/\/akatsukianime.com\/product\/figura-yuta-okkotsu-jujutsu-kaisen-0-maximatic\/#primaryimage"},"image":{"@id":"https:\/\/akatsukianime.com\/product\/figura-yuta-okkotsu-jujutsu-kaisen-0-maximatic\/#primaryimage"},"thumbnailUrl":"https:\/\/akatsukianime.com\/wp-content\/uploads\/2026\/01\/figura-yuta-okkotsu-maximatic.jpg","datePublished":"2026-01-16T12:35:54+00:00","dateModified":"2026-01-16T12:39:24+00:00","breadcrumb":{"@id":"https:\/\/akatsukianime.com\/product\/figura-yuta-okkotsu-jujutsu-kaisen-0-maximatic\/#breadcrumb"},"inLanguage":"en-US","potentialAction":[{"@type":"ReadAction","target":["https:\/\/akatsukianime.com\/product\/figura-yuta-okkotsu-jujutsu-kaisen-0-maximatic\/"]}]},{"@type":"ImageObject","inLanguage":"en-US","@id":"https:\/\/akatsukianime.com\/product\/figura-yuta-okkotsu-jujutsu-kaisen-0-maximatic\/#primaryimage","url":"https:\/\/akatsukianime.com\/wp-content\/uploads\/2026\/01\/figura-yuta-okkotsu-maximatic.jpg","contentUrl":"https:\/\/akatsukianime.com\/wp-content\/uploads\/2026\/01\/figura-yuta-okkotsu-maximatic.jpg","width":1000,"height":1000,"caption":"figura yuta okkotsu maximatic"},{"@type":"BreadcrumbList","@id":"https:\/\/akatsukianime.com\/product\/figura-yuta-okkotsu-jujutsu-kaisen-0-maximatic\/#breadcrumb","itemListElement":[{"@type":"ListItem","position":1,"name":"Portada","item":"https:\/\/akatsukianime.com\/"},{"@type":"ListItem","position":2,"name":"Tienda","item":"https:\/\/akatsukianime.com\/tienda\/"},{"@type":"ListItem","position":3,"name":"Figura Yuta Okkotsu Jujutsu Kaisen 0 Maximatic"}]},{"@type":"WebSite","@id":"https:\/\/akatsukianime.com\/#website","url":"https:\/\/akatsukianime.com\/","name":"Akatsuki anime store","description":"","potentialAction":[{"@type":"SearchAction","target":{"@type":"EntryPoint","urlTemplate":"https:\/\/akatsukianime.com\/?s={search_term_string}"},"query-input":{"@type":"PropertyValueSpecification","valueRequired":true,"valueName":"search_term_string"}}],"inLanguage":"en-US"}]}},"jetpack_sharing_enabled":true,"_links":{"self":[{"href":"https:\/\/akatsukianime.com\/en\/wp-json\/wp\/v2\/product\/7000","targetHints":{"allow":["GET"]}}],"collection":[{"href":"https:\/\/akatsukianime.com\/en\/wp-json\/wp\/v2\/product"}],"about":[{"href":"https:\/\/akatsukianime.com\/en\/wp-json\/wp\/v2\/types\/product"}],"version-history":[{"count":1,"href":"https:\/\/akatsukianime.com\/en\/wp-json\/wp\/v2\/product\/7000\/revisions"}],"predecessor-version":[{"id":7008,"href":"https:\/\/akatsukianime.com\/en\/wp-json\/wp\/v2\/product\/7000\/revisions\/7008"}],"wp:featuredmedia":[{"embeddable":true,"href":"https:\/\/akatsukianime.com\/en\/wp-json\/wp\/v2\/media\/7001"}],"wp:attachment":[{"href":"https:\/\/akatsukianime.com\/en\/wp-json\/wp\/v2\/media?parent=7000"}],"wp:term":[{"taxonomy":"product_cat","embeddable":true,"href":"https:\/\/akatsukianime.com\/en\/wp-json\/wp\/v2\/product_cat?post=7000"},{"taxonomy":"product_tag","embeddable":true,"href":"https:\/\/akatsukianime.com\/en\/wp-json\/wp\/v2\/product_tag?post=7000"}],"curies":[{"name":"wp","href":"https:\/\/api.w.org\/{rel}","templated":true}]}}