{"id":7078,"date":"2026-01-19T16:42:26","date_gmt":"2026-01-19T15:42:26","guid":{"rendered":"https:\/\/akatsukianime.com\/?post_type=product&#038;p=7078"},"modified":"2026-01-21T02:15:20","modified_gmt":"2026-01-21T01:15:20","slug":"figura-inosuke-hashibira-noodle-stopper-demon-slayer-kimetsu-no-yaiba","status":"publish","type":"product","link":"https:\/\/akatsukianime.com\/en\/product\/figura-inosuke-hashibira-noodle-stopper-demon-slayer-kimetsu-no-yaiba\/","title":{"rendered":"Figura Inosuke Hashibira Noodle Stopper Demon Slayer: Kimetsu no Yaiba"},"content":{"rendered":"<h3 data-start=\"211\" data-end=\"245\"><strong data-start=\"215\" data-end=\"243\">Product description<\/strong><\/h3>\n<p data-start=\"246\" data-end=\"419\">\ud83d\udc17 FuRyu presenta una nueva incorporaci\u00f3n a su popular l\u00ednea <strong data-start=\"307\" data-end=\"332\">Noodle Stopper Figure<\/strong>: <strong data-start=\"334\" data-end=\"355\">Inosuke Hashibira<\/strong>, el indomable espadach\u00edn de <strong data-start=\"384\" data-end=\"418\">Demon Slayer: Kimetsu no Yaiba<\/strong>.<\/p>\n<p data-start=\"421\" data-end=\"777\">Con su ic\u00f3nica m\u00e1scara de jabal\u00ed y su actitud salvaje, esta figura captura a la perfecci\u00f3n la energ\u00eda y personalidad de Inosuke. Con una altura aproximada de <strong data-start=\"579\" data-end=\"588\">10 cm<\/strong>, su dise\u00f1o compacto y detallado la convierte en una pieza ideal tanto para exhibici\u00f3n como para uso funcional, ya que puede sostener la tapa de tus fideos instant\u00e1neos mientras se cocinan.<\/p>\n<p data-start=\"779\" data-end=\"951\">Perfecta para coleccionistas y fans del anime, esta figura combina car\u00e1cter, dinamismo y practicidad, siendo una excelente adici\u00f3n para vitrinas, escritorios o estanter\u00edas.<\/p>\n<h3 data-start=\"958\" data-end=\"994\"><strong data-start=\"962\" data-end=\"994\">Product Features<\/strong><\/h3>\n<ul data-start=\"995\" data-end=\"1209\">\n<li data-start=\"995\" data-end=\"1025\">\n<p data-start=\"997\" data-end=\"1025\">Approximate height: <strong data-start=\"1016\" data-end=\"1025\">10 cm<\/strong><\/p>\n<\/li>\n<li data-start=\"1026\" data-end=\"1050\">\n<p data-start=\"1028\" data-end=\"1050\">Material: <strong data-start=\"1038\" data-end=\"1050\">ATBC-PVC<\/strong><\/p>\n<\/li>\n<li data-start=\"1051\" data-end=\"1104\">\n<p data-start=\"1053\" data-end=\"1104\">Based on the anime <em data-start=\"1072\" data-end=\"1104\">Demon Slayer: Kimetsu no Yaiba<\/em><\/p>\n<\/li>\n<li data-start=\"1105\" data-end=\"1139\">\n<p data-start=\"1107\" data-end=\"1139\">Line: <strong data-start=\"1114\" data-end=\"1139\">Noodle Stopper Figure<\/strong><\/p>\n<\/li>\n<li data-start=\"1140\" data-end=\"1162\">\n<p data-start=\"1142\" data-end=\"1162\">Non-articulated figure<\/p>\n<\/li>\n<li data-start=\"1163\" data-end=\"1209\">\n<p data-start=\"1165\" data-end=\"1209\">Modelado detallado y acabado de alta calidad<\/p>\n<\/li>\n<\/ul>\n<h3 data-start=\"1216\" data-end=\"1244\"><strong data-start=\"1220\" data-end=\"1244\">Box contents<\/strong><\/h3>\n<ul data-start=\"1245\" data-end=\"1278\">\n<li data-start=\"1245\" data-end=\"1278\">\n<p data-start=\"1247\" data-end=\"1278\">Figure of <strong data-start=\"1257\" data-end=\"1278\">Inosuke Hashibira<\/strong><\/p>\n<\/li>\n<\/ul>","protected":false},"excerpt":{"rendered":"<p>Descripci\u00f3n del producto \ud83d\udc17 FuRyu presenta una nueva incorporaci\u00f3n a su popular l\u00ednea Noodle Stopper Figure: Inosuke Hashibira, el indomable<\/p>","protected":false},"featured_media":7079,"template":"","meta":[],"product_cat":[61,60],"product_tag":[],"class_list":{"0":"post-7078","1":"product","2":"type-product","3":"status-publish","4":"has-post-thumbnail","6":"product_cat-novedades","7":"product_cat-otros","9":"first","10":"instock","11":"sold-individually","12":"taxable","13":"shipping-taxable","14":"purchasable","15":"product-type-simple"},"yoast_head":"<!-- This site is optimized with the Yoast SEO plugin v24.2 - https:\/\/yoast.com\/wordpress\/plugins\/seo\/ -->\n<title>Figura Inosuke Hashibira Noodle Stopper Demon Slayer: Kimetsu no Yaiba - Akatsuki anime store<\/title>\n<meta name=\"description\" content=\"Figura Noodle Stopper de Inosuke Hashibira Demon Slayer. Funcional, detallada y perfecta para fans y coleccionistas del anime.\" \/>\n<meta name=\"robots\" content=\"index, follow, max-snippet:-1, max-image-preview:large, max-video-preview:-1\" \/>\n<link rel=\"canonical\" href=\"https:\/\/akatsukianime.com\/en\/product\/figura-inosuke-hashibira-noodle-stopper-demon-slayer-kimetsu-no-yaiba\/\" \/>\n<meta property=\"og:locale\" content=\"en_US\" \/>\n<meta property=\"og:type\" content=\"article\" \/>\n<meta property=\"og:title\" content=\"Figura Inosuke Hashibira Noodle Stopper Demon Slayer: Kimetsu no Yaiba - Akatsuki anime store\" \/>\n<meta property=\"og:description\" content=\"Figura Noodle Stopper de Inosuke Hashibira Demon Slayer. Funcional, detallada y perfecta para fans y coleccionistas del anime.\" \/>\n<meta property=\"og:url\" content=\"https:\/\/akatsukianime.com\/en\/product\/figura-inosuke-hashibira-noodle-stopper-demon-slayer-kimetsu-no-yaiba\/\" \/>\n<meta property=\"og:site_name\" content=\"Akatsuki anime store\" \/>\n<meta property=\"article:modified_time\" content=\"2026-01-21T01:15:20+00:00\" \/>\n<meta property=\"og:image\" content=\"https:\/\/akatsukianime.com\/wp-content\/uploads\/2026\/01\/figura-inosuke-noodle-stopper.jpg\" \/>\n\t<meta property=\"og:image:width\" content=\"1000\" \/>\n\t<meta property=\"og:image:height\" content=\"1000\" \/>\n\t<meta property=\"og:image:type\" content=\"image\/jpeg\" \/>\n<meta name=\"twitter:card\" content=\"summary_large_image\" \/>\n<meta name=\"twitter:label1\" content=\"Est. reading time\" \/>\n\t<meta name=\"twitter:data1\" content=\"1 minute\" \/>\n<script type=\"application\/ld+json\" class=\"yoast-schema-graph\">{\"@context\":\"https:\/\/schema.org\",\"@graph\":[{\"@type\":[\"WebPage\",\"ItemPage\"],\"@id\":\"https:\/\/akatsukianime.com\/product\/figura-inosuke-hashibira-noodle-stopper-demon-slayer-kimetsu-no-yaiba\/\",\"url\":\"https:\/\/akatsukianime.com\/product\/figura-inosuke-hashibira-noodle-stopper-demon-slayer-kimetsu-no-yaiba\/\",\"name\":\"Figura Inosuke Hashibira Noodle Stopper Demon Slayer: Kimetsu no Yaiba - Akatsuki anime store\",\"isPartOf\":{\"@id\":\"https:\/\/akatsukianime.com\/#website\"},\"primaryImageOfPage\":{\"@id\":\"https:\/\/akatsukianime.com\/product\/figura-inosuke-hashibira-noodle-stopper-demon-slayer-kimetsu-no-yaiba\/#primaryimage\"},\"image\":{\"@id\":\"https:\/\/akatsukianime.com\/product\/figura-inosuke-hashibira-noodle-stopper-demon-slayer-kimetsu-no-yaiba\/#primaryimage\"},\"thumbnailUrl\":\"https:\/\/akatsukianime.com\/wp-content\/uploads\/2026\/01\/figura-inosuke-noodle-stopper.jpg\",\"datePublished\":\"2026-01-19T15:42:26+00:00\",\"dateModified\":\"2026-01-21T01:15:20+00:00\",\"description\":\"Figura Noodle Stopper de Inosuke Hashibira Demon Slayer. Funcional, detallada y perfecta para fans y coleccionistas del anime.\",\"breadcrumb\":{\"@id\":\"https:\/\/akatsukianime.com\/product\/figura-inosuke-hashibira-noodle-stopper-demon-slayer-kimetsu-no-yaiba\/#breadcrumb\"},\"inLanguage\":\"en-US\",\"potentialAction\":[{\"@type\":\"ReadAction\",\"target\":[\"https:\/\/akatsukianime.com\/product\/figura-inosuke-hashibira-noodle-stopper-demon-slayer-kimetsu-no-yaiba\/\"]}]},{\"@type\":\"ImageObject\",\"inLanguage\":\"en-US\",\"@id\":\"https:\/\/akatsukianime.com\/product\/figura-inosuke-hashibira-noodle-stopper-demon-slayer-kimetsu-no-yaiba\/#primaryimage\",\"url\":\"https:\/\/akatsukianime.com\/wp-content\/uploads\/2026\/01\/figura-inosuke-noodle-stopper.jpg\",\"contentUrl\":\"https:\/\/akatsukianime.com\/wp-content\/uploads\/2026\/01\/figura-inosuke-noodle-stopper.jpg\",\"width\":1000,\"height\":1000,\"caption\":\"figura inosuke noodle stopper\"},{\"@type\":\"BreadcrumbList\",\"@id\":\"https:\/\/akatsukianime.com\/product\/figura-inosuke-hashibira-noodle-stopper-demon-slayer-kimetsu-no-yaiba\/#breadcrumb\",\"itemListElement\":[{\"@type\":\"ListItem\",\"position\":1,\"name\":\"Portada\",\"item\":\"https:\/\/akatsukianime.com\/\"},{\"@type\":\"ListItem\",\"position\":2,\"name\":\"Tienda\",\"item\":\"https:\/\/akatsukianime.com\/tienda\/\"},{\"@type\":\"ListItem\",\"position\":3,\"name\":\"Figura Inosuke Hashibira Noodle Stopper Demon Slayer: Kimetsu no Yaiba\"}]},{\"@type\":\"WebSite\",\"@id\":\"https:\/\/akatsukianime.com\/#website\",\"url\":\"https:\/\/akatsukianime.com\/\",\"name\":\"Akatsuki anime store\",\"description\":\"\",\"potentialAction\":[{\"@type\":\"SearchAction\",\"target\":{\"@type\":\"EntryPoint\",\"urlTemplate\":\"https:\/\/akatsukianime.com\/?s={search_term_string}\"},\"query-input\":{\"@type\":\"PropertyValueSpecification\",\"valueRequired\":true,\"valueName\":\"search_term_string\"}}],\"inLanguage\":\"en-US\"}]}<\/script>\n<!-- \/ Yoast SEO plugin. -->","yoast_head_json":{"title":"Figura Inosuke Hashibira Noodle Stopper Demon Slayer: Kimetsu no Yaiba - Akatsuki anime store","description":"Figura Noodle Stopper de Inosuke Hashibira Demon Slayer. Funcional, detallada y perfecta para fans y coleccionistas del anime.","robots":{"index":"index","follow":"follow","max-snippet":"max-snippet:-1","max-image-preview":"max-image-preview:large","max-video-preview":"max-video-preview:-1"},"canonical":"https:\/\/akatsukianime.com\/en\/product\/figura-inosuke-hashibira-noodle-stopper-demon-slayer-kimetsu-no-yaiba\/","og_locale":"en_US","og_type":"article","og_title":"Figura Inosuke Hashibira Noodle Stopper Demon Slayer: Kimetsu no Yaiba - Akatsuki anime store","og_description":"Figura Noodle Stopper de Inosuke Hashibira Demon Slayer. Funcional, detallada y perfecta para fans y coleccionistas del anime.","og_url":"https:\/\/akatsukianime.com\/en\/product\/figura-inosuke-hashibira-noodle-stopper-demon-slayer-kimetsu-no-yaiba\/","og_site_name":"Akatsuki anime store","article_modified_time":"2026-01-21T01:15:20+00:00","og_image":[{"width":1000,"height":1000,"url":"https:\/\/akatsukianime.com\/wp-content\/uploads\/2026\/01\/figura-inosuke-noodle-stopper.jpg","type":"image\/jpeg"}],"twitter_card":"summary_large_image","twitter_misc":{"Est. reading time":"1 minute"},"schema":{"@context":"https:\/\/schema.org","@graph":[{"@type":["WebPage","ItemPage"],"@id":"https:\/\/akatsukianime.com\/product\/figura-inosuke-hashibira-noodle-stopper-demon-slayer-kimetsu-no-yaiba\/","url":"https:\/\/akatsukianime.com\/product\/figura-inosuke-hashibira-noodle-stopper-demon-slayer-kimetsu-no-yaiba\/","name":"Figura Inosuke Hashibira Noodle Stopper Demon Slayer: Kimetsu no Yaiba - Akatsuki anime store","isPartOf":{"@id":"https:\/\/akatsukianime.com\/#website"},"primaryImageOfPage":{"@id":"https:\/\/akatsukianime.com\/product\/figura-inosuke-hashibira-noodle-stopper-demon-slayer-kimetsu-no-yaiba\/#primaryimage"},"image":{"@id":"https:\/\/akatsukianime.com\/product\/figura-inosuke-hashibira-noodle-stopper-demon-slayer-kimetsu-no-yaiba\/#primaryimage"},"thumbnailUrl":"https:\/\/akatsukianime.com\/wp-content\/uploads\/2026\/01\/figura-inosuke-noodle-stopper.jpg","datePublished":"2026-01-19T15:42:26+00:00","dateModified":"2026-01-21T01:15:20+00:00","description":"Figura Noodle Stopper de Inosuke Hashibira Demon Slayer. Funcional, detallada y perfecta para fans y coleccionistas del anime.","breadcrumb":{"@id":"https:\/\/akatsukianime.com\/product\/figura-inosuke-hashibira-noodle-stopper-demon-slayer-kimetsu-no-yaiba\/#breadcrumb"},"inLanguage":"en-US","potentialAction":[{"@type":"ReadAction","target":["https:\/\/akatsukianime.com\/product\/figura-inosuke-hashibira-noodle-stopper-demon-slayer-kimetsu-no-yaiba\/"]}]},{"@type":"ImageObject","inLanguage":"en-US","@id":"https:\/\/akatsukianime.com\/product\/figura-inosuke-hashibira-noodle-stopper-demon-slayer-kimetsu-no-yaiba\/#primaryimage","url":"https:\/\/akatsukianime.com\/wp-content\/uploads\/2026\/01\/figura-inosuke-noodle-stopper.jpg","contentUrl":"https:\/\/akatsukianime.com\/wp-content\/uploads\/2026\/01\/figura-inosuke-noodle-stopper.jpg","width":1000,"height":1000,"caption":"figura inosuke noodle stopper"},{"@type":"BreadcrumbList","@id":"https:\/\/akatsukianime.com\/product\/figura-inosuke-hashibira-noodle-stopper-demon-slayer-kimetsu-no-yaiba\/#breadcrumb","itemListElement":[{"@type":"ListItem","position":1,"name":"Portada","item":"https:\/\/akatsukianime.com\/"},{"@type":"ListItem","position":2,"name":"Tienda","item":"https:\/\/akatsukianime.com\/tienda\/"},{"@type":"ListItem","position":3,"name":"Figura Inosuke Hashibira Noodle Stopper Demon Slayer: Kimetsu no Yaiba"}]},{"@type":"WebSite","@id":"https:\/\/akatsukianime.com\/#website","url":"https:\/\/akatsukianime.com\/","name":"Akatsuki anime store","description":"","potentialAction":[{"@type":"SearchAction","target":{"@type":"EntryPoint","urlTemplate":"https:\/\/akatsukianime.com\/?s={search_term_string}"},"query-input":{"@type":"PropertyValueSpecification","valueRequired":true,"valueName":"search_term_string"}}],"inLanguage":"en-US"}]}},"jetpack_sharing_enabled":true,"_links":{"self":[{"href":"https:\/\/akatsukianime.com\/en\/wp-json\/wp\/v2\/product\/7078","targetHints":{"allow":["GET"]}}],"collection":[{"href":"https:\/\/akatsukianime.com\/en\/wp-json\/wp\/v2\/product"}],"about":[{"href":"https:\/\/akatsukianime.com\/en\/wp-json\/wp\/v2\/types\/product"}],"version-history":[{"count":1,"href":"https:\/\/akatsukianime.com\/en\/wp-json\/wp\/v2\/product\/7078\/revisions"}],"predecessor-version":[{"id":7088,"href":"https:\/\/akatsukianime.com\/en\/wp-json\/wp\/v2\/product\/7078\/revisions\/7088"}],"wp:featuredmedia":[{"embeddable":true,"href":"https:\/\/akatsukianime.com\/en\/wp-json\/wp\/v2\/media\/7079"}],"wp:attachment":[{"href":"https:\/\/akatsukianime.com\/en\/wp-json\/wp\/v2\/media?parent=7078"}],"wp:term":[{"taxonomy":"product_cat","embeddable":true,"href":"https:\/\/akatsukianime.com\/en\/wp-json\/wp\/v2\/product_cat?post=7078"},{"taxonomy":"product_tag","embeddable":true,"href":"https:\/\/akatsukianime.com\/en\/wp-json\/wp\/v2\/product_tag?post=7078"}],"curies":[{"name":"wp","href":"https:\/\/api.w.org\/{rel}","templated":true}]}}