{"id":7140,"date":"2026-01-22T13:41:46","date_gmt":"2026-01-22T12:41:46","guid":{"rendered":"https:\/\/akatsukianime.com\/?post_type=product&#038;p=7140"},"modified":"2026-01-26T16:29:08","modified_gmt":"2026-01-26T15:29:08","slug":"figura-jean-pierre-polnareff-jojos-bizarre-adventure-stardust-crusaders-masterlise-ichibansho","status":"publish","type":"product","link":"https:\/\/akatsukianime.com\/en\/product\/figura-jean-pierre-polnareff-jojos-bizarre-adventure-stardust-crusaders-masterlise-ichibansho\/","title":{"rendered":"Figura Jean Pierre Polnareff JoJo&#8217;s Bizarre Adventure (Stardust Crusaders) Masterlise Ichibansho"},"content":{"rendered":"<h3 data-start=\"177\" data-end=\"211\"><strong data-start=\"181\" data-end=\"209\">Product description<\/strong><\/h3>\n<p data-start=\"212\" data-end=\"415\">\ud83d\udd25 <strong data-start=\"215\" data-end=\"244\">Bandai Spirits Ichibansho<\/strong> trae de regreso a uno de los personajes m\u00e1s queridos de <em data-start=\"301\" data-end=\"347\">JoJo\u2019s Bizarre Adventure: Stardust Crusaders<\/em>: <strong data-start=\"349\" data-end=\"374\">Jean Pierre Polnareff<\/strong>, en la prestigiosa l\u00ednea <strong data-start=\"400\" data-end=\"414\">Masterlise<\/strong>.<\/p>\n<p data-start=\"417\" data-end=\"795\">Con una imponente altura de <strong data-start=\"445\" data-end=\"456\">25,9 cm<\/strong>, esta figura captura a la perfecci\u00f3n al carism\u00e1tico usuario de Stand franc\u00e9s en un momento ic\u00f3nico del combate, se\u00f1alando con seguridad el error fatal de su oponente. Su pose din\u00e1mica, junto con un esculpido preciso y acabados de alta calidad, transmite toda la intensidad y personalidad que hicieron de Polnareff un favorito de los fans.<\/p>\n<p data-start=\"797\" data-end=\"1037\">The line <strong data-start=\"806\" data-end=\"820\">Masterlise<\/strong> se distingue por ofrecer figuras de mayor tama\u00f1o y un nivel de detalle superior, convirti\u00e9ndose en aut\u00e9nticas piezas de exhibici\u00f3n. Una incorporaci\u00f3n imprescindible para coleccionistas y seguidores del universo JoJo.<\/p>\n<h3 data-start=\"1044\" data-end=\"1080\"><strong data-start=\"1048\" data-end=\"1080\">Product Features<\/strong><\/h3>\n<ul data-start=\"1081\" data-end=\"1285\">\n<li data-start=\"1081\" data-end=\"1113\">\n<p data-start=\"1083\" data-end=\"1113\">Approximate height: <strong data-start=\"1102\" data-end=\"1113\">25,9 cm<\/strong><\/p>\n<\/li>\n<li data-start=\"1114\" data-end=\"1138\">\n<p data-start=\"1116\" data-end=\"1138\">Material: <strong data-start=\"1126\" data-end=\"1138\">plastic<\/strong><\/p>\n<\/li>\n<li data-start=\"1139\" data-end=\"1186\">\n<p data-start=\"1141\" data-end=\"1186\">Based on the anime <em data-start=\"1160\" data-end=\"1186\">JoJo\u2019s Bizarre Adventure<\/em><\/p>\n<\/li>\n<li data-start=\"1187\" data-end=\"1224\">\n<p data-start=\"1189\" data-end=\"1224\">L\u00edneas: <strong data-start=\"1197\" data-end=\"1224\">Ichibansho \/ Masterlise<\/strong><\/p>\n<\/li>\n<li data-start=\"1225\" data-end=\"1247\">\n<p data-start=\"1227\" data-end=\"1247\">Non-articulated figure<\/p>\n<\/li>\n<li data-start=\"1248\" data-end=\"1285\">\n<p data-start=\"1250\" data-end=\"1285\">Esculpido y pintura de alta calidad<\/p>\n<\/li>\n<\/ul>\n<h3 data-start=\"1292\" data-end=\"1320\"><strong data-start=\"1296\" data-end=\"1320\">Box contents<\/strong><\/h3>\n<ul data-start=\"1321\" data-end=\"1358\">\n<li data-start=\"1321\" data-end=\"1358\">\n<p data-start=\"1323\" data-end=\"1358\">Figure of <strong data-start=\"1333\" data-end=\"1358\">Jean Pierre Polnareff<\/strong><\/p>\n<\/li>\n<\/ul>","protected":false},"excerpt":{"rendered":"<p>Descripci\u00f3n del producto \ud83d\udd25 Bandai Spirits Ichibansho trae de regreso a uno de los personajes m\u00e1s queridos de JoJo\u2019s Bizarre<\/p>","protected":false},"featured_media":7145,"template":"","meta":[],"product_cat":[442,95,99,65,71,61],"product_tag":[157,337,158,446,439,160],"class_list":{"0":"post-7140","1":"product","2":"type-product","3":"status-publish","4":"has-post-thumbnail","6":"product_cat-jojos-bizarre-adventure","7":"product_cat-banpresto","8":"product_cat-ichiban-kuji","9":"product_cat-figuras","10":"product_cat-ichiban","11":"product_cat-novedades","12":"product_tag-banpresto","13":"product_tag-figura","14":"product_tag-ichiban-sho","15":"product_tag-jean-pierre-polnareff","16":"product_tag-jojo","17":"product_tag-masterlise","19":"first","20":"instock","21":"sold-individually","22":"taxable","23":"shipping-taxable","24":"purchasable","25":"product-type-simple"},"yoast_head":"<!-- This site is optimized with the Yoast SEO plugin v24.2 - https:\/\/yoast.com\/wordpress\/plugins\/seo\/ -->\n<title>Figura Jean Pierre Polnareff JoJo&#039;s Bizarre Adventure (Stardust Crusaders) Masterlise Ichibansho - Akatsuki anime store<\/title>\n<meta name=\"description\" content=\"Figura Jean Pierre Polnareff Masterlise de JoJo\u2019s Bizarre Adventure. Gran tama\u00f1o y detalle premium, ideal para coleccionistas.\" \/>\n<meta name=\"robots\" content=\"index, follow, max-snippet:-1, max-image-preview:large, max-video-preview:-1\" \/>\n<link rel=\"canonical\" href=\"https:\/\/akatsukianime.com\/en\/product\/figura-jean-pierre-polnareff-jojos-bizarre-adventure-stardust-crusaders-masterlise-ichibansho\/\" \/>\n<meta property=\"og:locale\" content=\"en_US\" \/>\n<meta property=\"og:type\" content=\"article\" \/>\n<meta property=\"og:title\" content=\"Figura Jean Pierre Polnareff JoJo&#039;s Bizarre Adventure (Stardust Crusaders) Masterlise Ichibansho - Akatsuki anime store\" \/>\n<meta property=\"og:description\" content=\"Figura Jean Pierre Polnareff Masterlise de JoJo\u2019s Bizarre Adventure. Gran tama\u00f1o y detalle premium, ideal para coleccionistas.\" \/>\n<meta property=\"og:url\" content=\"https:\/\/akatsukianime.com\/en\/product\/figura-jean-pierre-polnareff-jojos-bizarre-adventure-stardust-crusaders-masterlise-ichibansho\/\" \/>\n<meta property=\"og:site_name\" content=\"Akatsuki anime store\" \/>\n<meta property=\"article:modified_time\" content=\"2026-01-26T15:29:08+00:00\" \/>\n<meta property=\"og:image\" content=\"https:\/\/akatsukianime.com\/wp-content\/uploads\/2026\/01\/figura-polnareff-jojo-masterlise.jpg\" \/>\n\t<meta property=\"og:image:width\" content=\"1000\" \/>\n\t<meta property=\"og:image:height\" content=\"1000\" \/>\n\t<meta property=\"og:image:type\" content=\"image\/jpeg\" \/>\n<meta name=\"twitter:card\" content=\"summary_large_image\" \/>\n<meta name=\"twitter:label1\" content=\"Est. reading time\" \/>\n\t<meta name=\"twitter:data1\" content=\"1 minute\" \/>\n<script type=\"application\/ld+json\" class=\"yoast-schema-graph\">{\"@context\":\"https:\/\/schema.org\",\"@graph\":[{\"@type\":[\"WebPage\",\"ItemPage\"],\"@id\":\"https:\/\/akatsukianime.com\/product\/figura-jean-pierre-polnareff-jojos-bizarre-adventure-stardust-crusaders-masterlise-ichibansho\/\",\"url\":\"https:\/\/akatsukianime.com\/product\/figura-jean-pierre-polnareff-jojos-bizarre-adventure-stardust-crusaders-masterlise-ichibansho\/\",\"name\":\"Figura Jean Pierre Polnareff JoJo's Bizarre Adventure (Stardust Crusaders) Masterlise Ichibansho - Akatsuki anime store\",\"isPartOf\":{\"@id\":\"https:\/\/akatsukianime.com\/#website\"},\"primaryImageOfPage\":{\"@id\":\"https:\/\/akatsukianime.com\/product\/figura-jean-pierre-polnareff-jojos-bizarre-adventure-stardust-crusaders-masterlise-ichibansho\/#primaryimage\"},\"image\":{\"@id\":\"https:\/\/akatsukianime.com\/product\/figura-jean-pierre-polnareff-jojos-bizarre-adventure-stardust-crusaders-masterlise-ichibansho\/#primaryimage\"},\"thumbnailUrl\":\"https:\/\/akatsukianime.com\/wp-content\/uploads\/2026\/01\/figura-polnareff-jojo-masterlise.jpg\",\"datePublished\":\"2026-01-22T12:41:46+00:00\",\"dateModified\":\"2026-01-26T15:29:08+00:00\",\"description\":\"Figura Jean Pierre Polnareff Masterlise de JoJo\u2019s Bizarre Adventure. Gran tama\u00f1o y detalle premium, ideal para coleccionistas.\",\"breadcrumb\":{\"@id\":\"https:\/\/akatsukianime.com\/product\/figura-jean-pierre-polnareff-jojos-bizarre-adventure-stardust-crusaders-masterlise-ichibansho\/#breadcrumb\"},\"inLanguage\":\"en-US\",\"potentialAction\":[{\"@type\":\"ReadAction\",\"target\":[\"https:\/\/akatsukianime.com\/product\/figura-jean-pierre-polnareff-jojos-bizarre-adventure-stardust-crusaders-masterlise-ichibansho\/\"]}]},{\"@type\":\"ImageObject\",\"inLanguage\":\"en-US\",\"@id\":\"https:\/\/akatsukianime.com\/product\/figura-jean-pierre-polnareff-jojos-bizarre-adventure-stardust-crusaders-masterlise-ichibansho\/#primaryimage\",\"url\":\"https:\/\/akatsukianime.com\/wp-content\/uploads\/2026\/01\/figura-polnareff-jojo-masterlise.jpg\",\"contentUrl\":\"https:\/\/akatsukianime.com\/wp-content\/uploads\/2026\/01\/figura-polnareff-jojo-masterlise.jpg\",\"width\":1000,\"height\":1000,\"caption\":\"figura polnareff jojo masterlise\"},{\"@type\":\"BreadcrumbList\",\"@id\":\"https:\/\/akatsukianime.com\/product\/figura-jean-pierre-polnareff-jojos-bizarre-adventure-stardust-crusaders-masterlise-ichibansho\/#breadcrumb\",\"itemListElement\":[{\"@type\":\"ListItem\",\"position\":1,\"name\":\"Portada\",\"item\":\"https:\/\/akatsukianime.com\/\"},{\"@type\":\"ListItem\",\"position\":2,\"name\":\"Tienda\",\"item\":\"https:\/\/akatsukianime.com\/tienda\/\"},{\"@type\":\"ListItem\",\"position\":3,\"name\":\"Figura Jean Pierre Polnareff JoJo&#8217;s Bizarre Adventure (Stardust Crusaders) Masterlise Ichibansho\"}]},{\"@type\":\"WebSite\",\"@id\":\"https:\/\/akatsukianime.com\/#website\",\"url\":\"https:\/\/akatsukianime.com\/\",\"name\":\"Akatsuki anime store\",\"description\":\"\",\"potentialAction\":[{\"@type\":\"SearchAction\",\"target\":{\"@type\":\"EntryPoint\",\"urlTemplate\":\"https:\/\/akatsukianime.com\/?s={search_term_string}\"},\"query-input\":{\"@type\":\"PropertyValueSpecification\",\"valueRequired\":true,\"valueName\":\"search_term_string\"}}],\"inLanguage\":\"en-US\"}]}<\/script>\n<!-- \/ Yoast SEO plugin. -->","yoast_head_json":{"title":"Figura Jean Pierre Polnareff JoJo's Bizarre Adventure (Stardust Crusaders) Masterlise Ichibansho - Akatsuki anime store","description":"Figura Jean Pierre Polnareff Masterlise de JoJo\u2019s Bizarre Adventure. Gran tama\u00f1o y detalle premium, ideal para coleccionistas.","robots":{"index":"index","follow":"follow","max-snippet":"max-snippet:-1","max-image-preview":"max-image-preview:large","max-video-preview":"max-video-preview:-1"},"canonical":"https:\/\/akatsukianime.com\/en\/product\/figura-jean-pierre-polnareff-jojos-bizarre-adventure-stardust-crusaders-masterlise-ichibansho\/","og_locale":"en_US","og_type":"article","og_title":"Figura Jean Pierre Polnareff JoJo's Bizarre Adventure (Stardust Crusaders) Masterlise Ichibansho - Akatsuki anime store","og_description":"Figura Jean Pierre Polnareff Masterlise de JoJo\u2019s Bizarre Adventure. Gran tama\u00f1o y detalle premium, ideal para coleccionistas.","og_url":"https:\/\/akatsukianime.com\/en\/product\/figura-jean-pierre-polnareff-jojos-bizarre-adventure-stardust-crusaders-masterlise-ichibansho\/","og_site_name":"Akatsuki anime store","article_modified_time":"2026-01-26T15:29:08+00:00","og_image":[{"width":1000,"height":1000,"url":"https:\/\/akatsukianime.com\/wp-content\/uploads\/2026\/01\/figura-polnareff-jojo-masterlise.jpg","type":"image\/jpeg"}],"twitter_card":"summary_large_image","twitter_misc":{"Est. reading time":"1 minute"},"schema":{"@context":"https:\/\/schema.org","@graph":[{"@type":["WebPage","ItemPage"],"@id":"https:\/\/akatsukianime.com\/product\/figura-jean-pierre-polnareff-jojos-bizarre-adventure-stardust-crusaders-masterlise-ichibansho\/","url":"https:\/\/akatsukianime.com\/product\/figura-jean-pierre-polnareff-jojos-bizarre-adventure-stardust-crusaders-masterlise-ichibansho\/","name":"Figura Jean Pierre Polnareff JoJo's Bizarre Adventure (Stardust Crusaders) Masterlise Ichibansho - Akatsuki anime store","isPartOf":{"@id":"https:\/\/akatsukianime.com\/#website"},"primaryImageOfPage":{"@id":"https:\/\/akatsukianime.com\/product\/figura-jean-pierre-polnareff-jojos-bizarre-adventure-stardust-crusaders-masterlise-ichibansho\/#primaryimage"},"image":{"@id":"https:\/\/akatsukianime.com\/product\/figura-jean-pierre-polnareff-jojos-bizarre-adventure-stardust-crusaders-masterlise-ichibansho\/#primaryimage"},"thumbnailUrl":"https:\/\/akatsukianime.com\/wp-content\/uploads\/2026\/01\/figura-polnareff-jojo-masterlise.jpg","datePublished":"2026-01-22T12:41:46+00:00","dateModified":"2026-01-26T15:29:08+00:00","description":"Figura Jean Pierre Polnareff Masterlise de JoJo\u2019s Bizarre Adventure. Gran tama\u00f1o y detalle premium, ideal para coleccionistas.","breadcrumb":{"@id":"https:\/\/akatsukianime.com\/product\/figura-jean-pierre-polnareff-jojos-bizarre-adventure-stardust-crusaders-masterlise-ichibansho\/#breadcrumb"},"inLanguage":"en-US","potentialAction":[{"@type":"ReadAction","target":["https:\/\/akatsukianime.com\/product\/figura-jean-pierre-polnareff-jojos-bizarre-adventure-stardust-crusaders-masterlise-ichibansho\/"]}]},{"@type":"ImageObject","inLanguage":"en-US","@id":"https:\/\/akatsukianime.com\/product\/figura-jean-pierre-polnareff-jojos-bizarre-adventure-stardust-crusaders-masterlise-ichibansho\/#primaryimage","url":"https:\/\/akatsukianime.com\/wp-content\/uploads\/2026\/01\/figura-polnareff-jojo-masterlise.jpg","contentUrl":"https:\/\/akatsukianime.com\/wp-content\/uploads\/2026\/01\/figura-polnareff-jojo-masterlise.jpg","width":1000,"height":1000,"caption":"figura polnareff jojo masterlise"},{"@type":"BreadcrumbList","@id":"https:\/\/akatsukianime.com\/product\/figura-jean-pierre-polnareff-jojos-bizarre-adventure-stardust-crusaders-masterlise-ichibansho\/#breadcrumb","itemListElement":[{"@type":"ListItem","position":1,"name":"Portada","item":"https:\/\/akatsukianime.com\/"},{"@type":"ListItem","position":2,"name":"Tienda","item":"https:\/\/akatsukianime.com\/tienda\/"},{"@type":"ListItem","position":3,"name":"Figura Jean Pierre Polnareff JoJo&#8217;s Bizarre Adventure (Stardust Crusaders) Masterlise Ichibansho"}]},{"@type":"WebSite","@id":"https:\/\/akatsukianime.com\/#website","url":"https:\/\/akatsukianime.com\/","name":"Akatsuki anime store","description":"","potentialAction":[{"@type":"SearchAction","target":{"@type":"EntryPoint","urlTemplate":"https:\/\/akatsukianime.com\/?s={search_term_string}"},"query-input":{"@type":"PropertyValueSpecification","valueRequired":true,"valueName":"search_term_string"}}],"inLanguage":"en-US"}]}},"jetpack_sharing_enabled":true,"_links":{"self":[{"href":"https:\/\/akatsukianime.com\/en\/wp-json\/wp\/v2\/product\/7140","targetHints":{"allow":["GET"]}}],"collection":[{"href":"https:\/\/akatsukianime.com\/en\/wp-json\/wp\/v2\/product"}],"about":[{"href":"https:\/\/akatsukianime.com\/en\/wp-json\/wp\/v2\/types\/product"}],"version-history":[{"count":2,"href":"https:\/\/akatsukianime.com\/en\/wp-json\/wp\/v2\/product\/7140\/revisions"}],"predecessor-version":[{"id":7147,"href":"https:\/\/akatsukianime.com\/en\/wp-json\/wp\/v2\/product\/7140\/revisions\/7147"}],"wp:featuredmedia":[{"embeddable":true,"href":"https:\/\/akatsukianime.com\/en\/wp-json\/wp\/v2\/media\/7145"}],"wp:attachment":[{"href":"https:\/\/akatsukianime.com\/en\/wp-json\/wp\/v2\/media?parent=7140"}],"wp:term":[{"taxonomy":"product_cat","embeddable":true,"href":"https:\/\/akatsukianime.com\/en\/wp-json\/wp\/v2\/product_cat?post=7140"},{"taxonomy":"product_tag","embeddable":true,"href":"https:\/\/akatsukianime.com\/en\/wp-json\/wp\/v2\/product_tag?post=7140"}],"curies":[{"name":"wp","href":"https:\/\/api.w.org\/{rel}","templated":true}]}}