{"id":7148,"date":"2026-01-22T13:49:37","date_gmt":"2026-01-22T12:49:37","guid":{"rendered":"https:\/\/akatsukianime.com\/?post_type=product&#038;p=7148"},"modified":"2026-01-26T16:28:27","modified_gmt":"2026-01-26T15:28:27","slug":"figura-noriaki-kakyoin-jojos-bizarre-adventure-stardust-crusaders-masterlise-ichibansho","status":"publish","type":"product","link":"https:\/\/akatsukianime.com\/en\/product\/figura-noriaki-kakyoin-jojos-bizarre-adventure-stardust-crusaders-masterlise-ichibansho\/","title":{"rendered":"Figura Noriaki Kakyoin JoJo&#8217;s Bizarre Adventure (Stardust Crusaders)  Masterlise Ichibansho"},"content":{"rendered":"<h3 data-start=\"161\" data-end=\"195\"><strong data-start=\"165\" data-end=\"193\">Product description<\/strong><\/h3>\n<p data-start=\"196\" data-end=\"396\">\u2728 <strong data-start=\"198\" data-end=\"227\">Bandai Spirits Ichibansho<\/strong> presenta el regreso de otro personaje imprescindible de <em data-start=\"284\" data-end=\"330\">JoJo\u2019s Bizarre Adventure: Stardust Crusaders<\/em>: <strong data-start=\"332\" data-end=\"351\">Noriaki Kakyoin<\/strong>, dentro de la aclamada l\u00ednea <strong data-start=\"381\" data-end=\"395\">Masterlise<\/strong>.<\/p>\n<p data-start=\"398\" data-end=\"709\">Con una altura aproximada de <strong data-start=\"427\" data-end=\"438\">24,9 cm<\/strong>, esta figura representa a Kakyoin en un momento estrat\u00e9gico, ideando un plan maestro para apoyar a Jotaro y al resto del grupo en su peligrosa confrontaci\u00f3n contra Dio. La pose transmite inteligencia, calma y determinaci\u00f3n, capturando fielmente la esencia del personaje.<\/p>\n<p data-start=\"711\" data-end=\"970\">The line <strong data-start=\"720\" data-end=\"734\">Masterlise<\/strong> es reconocida por su mayor tama\u00f1o y su sobresaliente nivel de detalle, ofreciendo figuras con acabados premium ideales para exhibici\u00f3n. Una pieza esencial para cualquier coleccionista que desee completar su colecci\u00f3n del universo JoJo.<\/p>\n<h3 data-start=\"977\" data-end=\"1013\"><strong data-start=\"981\" data-end=\"1013\">Product Features<\/strong><\/h3>\n<ul data-start=\"1014\" data-end=\"1226\">\n<li data-start=\"1014\" data-end=\"1047\">\n<p data-start=\"1016\" data-end=\"1047\">Approximate height: <strong data-start=\"1035\" data-end=\"1047\">24,89 cm<\/strong><\/p>\n<\/li>\n<li data-start=\"1048\" data-end=\"1072\">\n<p data-start=\"1050\" data-end=\"1072\">Material: <strong data-start=\"1060\" data-end=\"1072\">plastic<\/strong><\/p>\n<\/li>\n<li data-start=\"1073\" data-end=\"1120\">\n<p data-start=\"1075\" data-end=\"1120\">Based on the anime <em data-start=\"1094\" data-end=\"1120\">JoJo\u2019s Bizarre Adventure<\/em><\/p>\n<\/li>\n<li data-start=\"1121\" data-end=\"1158\">\n<p data-start=\"1123\" data-end=\"1158\">L\u00edneas: <strong data-start=\"1131\" data-end=\"1158\">Ichibansho \/ Masterlise<\/strong><\/p>\n<\/li>\n<li data-start=\"1159\" data-end=\"1181\">\n<p data-start=\"1161\" data-end=\"1181\">Non-articulated figure<\/p>\n<\/li>\n<li data-start=\"1182\" data-end=\"1226\">\n<p data-start=\"1184\" data-end=\"1226\">Alto nivel de detalle y calidad de acabado<\/p>\n<\/li>\n<\/ul>\n<h3 data-start=\"1233\" data-end=\"1261\"><strong data-start=\"1237\" data-end=\"1261\">Box contents<\/strong><\/h3>\n<ul data-start=\"1262\" data-end=\"1293\">\n<li data-start=\"1262\" data-end=\"1293\">\n<p data-start=\"1264\" data-end=\"1293\">Figure of <strong data-start=\"1274\" data-end=\"1293\">Noriaki Kakyoin<\/strong><\/p>\n<\/li>\n<\/ul>","protected":false},"excerpt":{"rendered":"<p>Descripci\u00f3n del producto \u2728 Bandai Spirits Ichibansho presenta el regreso de otro personaje imprescindible de JoJo\u2019s Bizarre Adventure: Stardust Crusaders:<\/p>","protected":false},"featured_media":7153,"template":"","meta":[],"product_cat":[442,95,99,65,71,61],"product_tag":[157,337,158,439,160,447],"class_list":{"0":"post-7148","1":"product","2":"type-product","3":"status-publish","4":"has-post-thumbnail","6":"product_cat-jojos-bizarre-adventure","7":"product_cat-banpresto","8":"product_cat-ichiban-kuji","9":"product_cat-figuras","10":"product_cat-ichiban","11":"product_cat-novedades","12":"product_tag-banpresto","13":"product_tag-figura","14":"product_tag-ichiban-sho","15":"product_tag-jojo","16":"product_tag-masterlise","17":"product_tag-noriaki-kakyoin","19":"first","20":"instock","21":"sold-individually","22":"taxable","23":"shipping-taxable","24":"purchasable","25":"product-type-simple"},"yoast_head":"<!-- This site is optimized with the Yoast SEO plugin v24.2 - https:\/\/yoast.com\/wordpress\/plugins\/seo\/ -->\n<title>Figura Noriaki Kakyoin JoJo&#039;s Bizarre Adventure (Stardust Crusaders) Masterlise Ichibansho - Akatsuki anime store<\/title>\n<meta name=\"description\" content=\"Figura Noriaki Kakyoin Masterlise de JoJo\u2019s Bizarre Adventure. Gran tama\u00f1o, detalles premium y perfecta para coleccionistas.\" \/>\n<meta name=\"robots\" content=\"index, follow, max-snippet:-1, max-image-preview:large, max-video-preview:-1\" \/>\n<link rel=\"canonical\" href=\"https:\/\/akatsukianime.com\/en\/product\/figura-noriaki-kakyoin-jojos-bizarre-adventure-stardust-crusaders-masterlise-ichibansho\/\" \/>\n<meta property=\"og:locale\" content=\"en_US\" \/>\n<meta property=\"og:type\" content=\"article\" \/>\n<meta property=\"og:title\" content=\"Figura Noriaki Kakyoin JoJo&#039;s Bizarre Adventure (Stardust Crusaders) Masterlise Ichibansho - Akatsuki anime store\" \/>\n<meta property=\"og:description\" content=\"Figura Noriaki Kakyoin Masterlise de JoJo\u2019s Bizarre Adventure. Gran tama\u00f1o, detalles premium y perfecta para coleccionistas.\" \/>\n<meta property=\"og:url\" content=\"https:\/\/akatsukianime.com\/en\/product\/figura-noriaki-kakyoin-jojos-bizarre-adventure-stardust-crusaders-masterlise-ichibansho\/\" \/>\n<meta property=\"og:site_name\" content=\"Akatsuki anime store\" \/>\n<meta property=\"article:modified_time\" content=\"2026-01-26T15:28:27+00:00\" \/>\n<meta property=\"og:image\" content=\"https:\/\/akatsukianime.com\/wp-content\/uploads\/2026\/01\/figura-kakyoin-jojo-masterlise.jpg\" \/>\n\t<meta property=\"og:image:width\" content=\"1000\" \/>\n\t<meta property=\"og:image:height\" content=\"1000\" \/>\n\t<meta property=\"og:image:type\" content=\"image\/jpeg\" \/>\n<meta name=\"twitter:card\" content=\"summary_large_image\" \/>\n<meta name=\"twitter:label1\" content=\"Est. reading time\" \/>\n\t<meta name=\"twitter:data1\" content=\"1 minute\" \/>\n<script type=\"application\/ld+json\" class=\"yoast-schema-graph\">{\"@context\":\"https:\/\/schema.org\",\"@graph\":[{\"@type\":[\"WebPage\",\"ItemPage\"],\"@id\":\"https:\/\/akatsukianime.com\/product\/figura-noriaki-kakyoin-jojos-bizarre-adventure-stardust-crusaders-masterlise-ichibansho\/\",\"url\":\"https:\/\/akatsukianime.com\/product\/figura-noriaki-kakyoin-jojos-bizarre-adventure-stardust-crusaders-masterlise-ichibansho\/\",\"name\":\"Figura Noriaki Kakyoin JoJo's Bizarre Adventure (Stardust Crusaders) Masterlise Ichibansho - Akatsuki anime store\",\"isPartOf\":{\"@id\":\"https:\/\/akatsukianime.com\/#website\"},\"primaryImageOfPage\":{\"@id\":\"https:\/\/akatsukianime.com\/product\/figura-noriaki-kakyoin-jojos-bizarre-adventure-stardust-crusaders-masterlise-ichibansho\/#primaryimage\"},\"image\":{\"@id\":\"https:\/\/akatsukianime.com\/product\/figura-noriaki-kakyoin-jojos-bizarre-adventure-stardust-crusaders-masterlise-ichibansho\/#primaryimage\"},\"thumbnailUrl\":\"https:\/\/akatsukianime.com\/wp-content\/uploads\/2026\/01\/figura-kakyoin-jojo-masterlise.jpg\",\"datePublished\":\"2026-01-22T12:49:37+00:00\",\"dateModified\":\"2026-01-26T15:28:27+00:00\",\"description\":\"Figura Noriaki Kakyoin Masterlise de JoJo\u2019s Bizarre Adventure. Gran tama\u00f1o, detalles premium y perfecta para coleccionistas.\",\"breadcrumb\":{\"@id\":\"https:\/\/akatsukianime.com\/product\/figura-noriaki-kakyoin-jojos-bizarre-adventure-stardust-crusaders-masterlise-ichibansho\/#breadcrumb\"},\"inLanguage\":\"en-US\",\"potentialAction\":[{\"@type\":\"ReadAction\",\"target\":[\"https:\/\/akatsukianime.com\/product\/figura-noriaki-kakyoin-jojos-bizarre-adventure-stardust-crusaders-masterlise-ichibansho\/\"]}]},{\"@type\":\"ImageObject\",\"inLanguage\":\"en-US\",\"@id\":\"https:\/\/akatsukianime.com\/product\/figura-noriaki-kakyoin-jojos-bizarre-adventure-stardust-crusaders-masterlise-ichibansho\/#primaryimage\",\"url\":\"https:\/\/akatsukianime.com\/wp-content\/uploads\/2026\/01\/figura-kakyoin-jojo-masterlise.jpg\",\"contentUrl\":\"https:\/\/akatsukianime.com\/wp-content\/uploads\/2026\/01\/figura-kakyoin-jojo-masterlise.jpg\",\"width\":1000,\"height\":1000,\"caption\":\"figura kakyoin jojo masterlise\"},{\"@type\":\"BreadcrumbList\",\"@id\":\"https:\/\/akatsukianime.com\/product\/figura-noriaki-kakyoin-jojos-bizarre-adventure-stardust-crusaders-masterlise-ichibansho\/#breadcrumb\",\"itemListElement\":[{\"@type\":\"ListItem\",\"position\":1,\"name\":\"Portada\",\"item\":\"https:\/\/akatsukianime.com\/\"},{\"@type\":\"ListItem\",\"position\":2,\"name\":\"Tienda\",\"item\":\"https:\/\/akatsukianime.com\/tienda\/\"},{\"@type\":\"ListItem\",\"position\":3,\"name\":\"Figura Noriaki Kakyoin JoJo&#8217;s Bizarre Adventure (Stardust Crusaders) Masterlise Ichibansho\"}]},{\"@type\":\"WebSite\",\"@id\":\"https:\/\/akatsukianime.com\/#website\",\"url\":\"https:\/\/akatsukianime.com\/\",\"name\":\"Akatsuki anime store\",\"description\":\"\",\"potentialAction\":[{\"@type\":\"SearchAction\",\"target\":{\"@type\":\"EntryPoint\",\"urlTemplate\":\"https:\/\/akatsukianime.com\/?s={search_term_string}\"},\"query-input\":{\"@type\":\"PropertyValueSpecification\",\"valueRequired\":true,\"valueName\":\"search_term_string\"}}],\"inLanguage\":\"en-US\"}]}<\/script>\n<!-- \/ Yoast SEO plugin. -->","yoast_head_json":{"title":"Figura Noriaki Kakyoin JoJo's Bizarre Adventure (Stardust Crusaders) Masterlise Ichibansho - Akatsuki anime store","description":"Figura Noriaki Kakyoin Masterlise de JoJo\u2019s Bizarre Adventure. Gran tama\u00f1o, detalles premium y perfecta para coleccionistas.","robots":{"index":"index","follow":"follow","max-snippet":"max-snippet:-1","max-image-preview":"max-image-preview:large","max-video-preview":"max-video-preview:-1"},"canonical":"https:\/\/akatsukianime.com\/en\/product\/figura-noriaki-kakyoin-jojos-bizarre-adventure-stardust-crusaders-masterlise-ichibansho\/","og_locale":"en_US","og_type":"article","og_title":"Figura Noriaki Kakyoin JoJo's Bizarre Adventure (Stardust Crusaders) Masterlise Ichibansho - Akatsuki anime store","og_description":"Figura Noriaki Kakyoin Masterlise de JoJo\u2019s Bizarre Adventure. Gran tama\u00f1o, detalles premium y perfecta para coleccionistas.","og_url":"https:\/\/akatsukianime.com\/en\/product\/figura-noriaki-kakyoin-jojos-bizarre-adventure-stardust-crusaders-masterlise-ichibansho\/","og_site_name":"Akatsuki anime store","article_modified_time":"2026-01-26T15:28:27+00:00","og_image":[{"width":1000,"height":1000,"url":"https:\/\/akatsukianime.com\/wp-content\/uploads\/2026\/01\/figura-kakyoin-jojo-masterlise.jpg","type":"image\/jpeg"}],"twitter_card":"summary_large_image","twitter_misc":{"Est. reading time":"1 minute"},"schema":{"@context":"https:\/\/schema.org","@graph":[{"@type":["WebPage","ItemPage"],"@id":"https:\/\/akatsukianime.com\/product\/figura-noriaki-kakyoin-jojos-bizarre-adventure-stardust-crusaders-masterlise-ichibansho\/","url":"https:\/\/akatsukianime.com\/product\/figura-noriaki-kakyoin-jojos-bizarre-adventure-stardust-crusaders-masterlise-ichibansho\/","name":"Figura Noriaki Kakyoin JoJo's Bizarre Adventure (Stardust Crusaders) Masterlise Ichibansho - Akatsuki anime store","isPartOf":{"@id":"https:\/\/akatsukianime.com\/#website"},"primaryImageOfPage":{"@id":"https:\/\/akatsukianime.com\/product\/figura-noriaki-kakyoin-jojos-bizarre-adventure-stardust-crusaders-masterlise-ichibansho\/#primaryimage"},"image":{"@id":"https:\/\/akatsukianime.com\/product\/figura-noriaki-kakyoin-jojos-bizarre-adventure-stardust-crusaders-masterlise-ichibansho\/#primaryimage"},"thumbnailUrl":"https:\/\/akatsukianime.com\/wp-content\/uploads\/2026\/01\/figura-kakyoin-jojo-masterlise.jpg","datePublished":"2026-01-22T12:49:37+00:00","dateModified":"2026-01-26T15:28:27+00:00","description":"Figura Noriaki Kakyoin Masterlise de JoJo\u2019s Bizarre Adventure. Gran tama\u00f1o, detalles premium y perfecta para coleccionistas.","breadcrumb":{"@id":"https:\/\/akatsukianime.com\/product\/figura-noriaki-kakyoin-jojos-bizarre-adventure-stardust-crusaders-masterlise-ichibansho\/#breadcrumb"},"inLanguage":"en-US","potentialAction":[{"@type":"ReadAction","target":["https:\/\/akatsukianime.com\/product\/figura-noriaki-kakyoin-jojos-bizarre-adventure-stardust-crusaders-masterlise-ichibansho\/"]}]},{"@type":"ImageObject","inLanguage":"en-US","@id":"https:\/\/akatsukianime.com\/product\/figura-noriaki-kakyoin-jojos-bizarre-adventure-stardust-crusaders-masterlise-ichibansho\/#primaryimage","url":"https:\/\/akatsukianime.com\/wp-content\/uploads\/2026\/01\/figura-kakyoin-jojo-masterlise.jpg","contentUrl":"https:\/\/akatsukianime.com\/wp-content\/uploads\/2026\/01\/figura-kakyoin-jojo-masterlise.jpg","width":1000,"height":1000,"caption":"figura kakyoin jojo masterlise"},{"@type":"BreadcrumbList","@id":"https:\/\/akatsukianime.com\/product\/figura-noriaki-kakyoin-jojos-bizarre-adventure-stardust-crusaders-masterlise-ichibansho\/#breadcrumb","itemListElement":[{"@type":"ListItem","position":1,"name":"Portada","item":"https:\/\/akatsukianime.com\/"},{"@type":"ListItem","position":2,"name":"Tienda","item":"https:\/\/akatsukianime.com\/tienda\/"},{"@type":"ListItem","position":3,"name":"Figura Noriaki Kakyoin JoJo&#8217;s Bizarre Adventure (Stardust Crusaders) Masterlise Ichibansho"}]},{"@type":"WebSite","@id":"https:\/\/akatsukianime.com\/#website","url":"https:\/\/akatsukianime.com\/","name":"Akatsuki anime store","description":"","potentialAction":[{"@type":"SearchAction","target":{"@type":"EntryPoint","urlTemplate":"https:\/\/akatsukianime.com\/?s={search_term_string}"},"query-input":{"@type":"PropertyValueSpecification","valueRequired":true,"valueName":"search_term_string"}}],"inLanguage":"en-US"}]}},"jetpack_sharing_enabled":true,"_links":{"self":[{"href":"https:\/\/akatsukianime.com\/en\/wp-json\/wp\/v2\/product\/7148","targetHints":{"allow":["GET"]}}],"collection":[{"href":"https:\/\/akatsukianime.com\/en\/wp-json\/wp\/v2\/product"}],"about":[{"href":"https:\/\/akatsukianime.com\/en\/wp-json\/wp\/v2\/types\/product"}],"version-history":[{"count":1,"href":"https:\/\/akatsukianime.com\/en\/wp-json\/wp\/v2\/product\/7148\/revisions"}],"predecessor-version":[{"id":7154,"href":"https:\/\/akatsukianime.com\/en\/wp-json\/wp\/v2\/product\/7148\/revisions\/7154"}],"wp:featuredmedia":[{"embeddable":true,"href":"https:\/\/akatsukianime.com\/en\/wp-json\/wp\/v2\/media\/7153"}],"wp:attachment":[{"href":"https:\/\/akatsukianime.com\/en\/wp-json\/wp\/v2\/media?parent=7148"}],"wp:term":[{"taxonomy":"product_cat","embeddable":true,"href":"https:\/\/akatsukianime.com\/en\/wp-json\/wp\/v2\/product_cat?post=7148"},{"taxonomy":"product_tag","embeddable":true,"href":"https:\/\/akatsukianime.com\/en\/wp-json\/wp\/v2\/product_tag?post=7148"}],"curies":[{"name":"wp","href":"https:\/\/api.w.org\/{rel}","templated":true}]}}