{"id":7155,"date":"2026-01-22T14:03:38","date_gmt":"2026-01-22T13:03:38","guid":{"rendered":"https:\/\/akatsukianime.com\/?post_type=product&#038;p=7155"},"modified":"2026-01-26T16:28:27","modified_gmt":"2026-01-26T15:28:27","slug":"figura-jotaro-kujo-jojos-bizarre-adventure-stardust-crusaders-masterlise-ichibansho","status":"publish","type":"product","link":"https:\/\/akatsukianime.com\/en\/product\/figura-jotaro-kujo-jojos-bizarre-adventure-stardust-crusaders-masterlise-ichibansho\/","title":{"rendered":"Figura Jotaro Kujo JoJo&#8217;s Bizarre Adventure (Stardust Crusaders) Masterlise Ichibansho"},"content":{"rendered":"<h3 data-start=\"198\" data-end=\"232\"><strong data-start=\"202\" data-end=\"230\">Product description<\/strong><\/h3>\n<p data-start=\"233\" data-end=\"437\">\u2b50 <strong data-start=\"235\" data-end=\"264\">Bandai Spirits Ichibansho<\/strong> presenta el regreso de uno de los personajes m\u00e1s ic\u00f3nicos de <em data-start=\"326\" data-end=\"372\">JoJo\u2019s Bizarre Adventure: Stardust Crusaders<\/em>: <strong data-start=\"374\" data-end=\"389\">Jotaro Kujo<\/strong>, dentro de la prestigiosa l\u00ednea <strong data-start=\"422\" data-end=\"436\">Masterlise<\/strong>.<\/p>\n<p data-start=\"439\" data-end=\"787\">Con una imponente altura aproximada de <strong data-start=\"478\" data-end=\"489\">26,9 cm<\/strong>, esta figura muestra a Jotaro en una firme y confiada pose de combate, listo para enfrentarse a otro usuario de Stand. Su expresi\u00f3n decidida y postura dominante capturan a la perfecci\u00f3n la fuerza, el car\u00e1cter y la presencia que lo convirtieron en uno de los protagonistas m\u00e1s memorables del anime.<\/p>\n<p data-start=\"789\" data-end=\"1054\">The figures <strong data-start=\"801\" data-end=\"815\">Masterlise<\/strong> destacan por su mayor escala y su excepcional nivel de detalle, ofreciendo acabados de alta calidad ideales para exhibici\u00f3n. Una pieza imprescindible para coleccionistas y fans que buscan una representaci\u00f3n fiel y poderosa de Jotaro Kujo.<\/p>\n<h3 data-start=\"1061\" data-end=\"1097\"><strong data-start=\"1065\" data-end=\"1097\">Product Features<\/strong><\/h3>\n<ul data-start=\"1098\" data-end=\"1303\">\n<li data-start=\"1098\" data-end=\"1131\">\n<p data-start=\"1100\" data-end=\"1131\">Approximate height: <strong data-start=\"1119\" data-end=\"1131\">26,92 cm<\/strong><\/p>\n<\/li>\n<li data-start=\"1132\" data-end=\"1156\">\n<p data-start=\"1134\" data-end=\"1156\">Material: <strong data-start=\"1144\" data-end=\"1156\">plastic<\/strong><\/p>\n<\/li>\n<li data-start=\"1157\" data-end=\"1204\">\n<p data-start=\"1159\" data-end=\"1204\">Based on the anime <em data-start=\"1178\" data-end=\"1204\">JoJo\u2019s Bizarre Adventure<\/em><\/p>\n<\/li>\n<li data-start=\"1205\" data-end=\"1242\">\n<p data-start=\"1207\" data-end=\"1242\">L\u00edneas: <strong data-start=\"1215\" data-end=\"1242\">Ichibansho \/ Masterlise<\/strong><\/p>\n<\/li>\n<li data-start=\"1243\" data-end=\"1265\">\n<p data-start=\"1245\" data-end=\"1265\">Non-articulated figure<\/p>\n<\/li>\n<li data-start=\"1266\" data-end=\"1303\">\n<p data-start=\"1268\" data-end=\"1303\">Escultura y pintura de alta calidad<\/p>\n<\/li>\n<\/ul>\n<h3 data-start=\"1310\" data-end=\"1338\"><strong data-start=\"1314\" data-end=\"1338\">Box contents<\/strong><\/h3>\n<ul data-start=\"1339\" data-end=\"1366\">\n<li data-start=\"1339\" data-end=\"1366\">\n<p data-start=\"1341\" data-end=\"1366\">Figure of <strong data-start=\"1351\" data-end=\"1366\">Jotaro Kujo<\/strong><\/p>\n<\/li>\n<\/ul>","protected":false},"excerpt":{"rendered":"<p>Descripci\u00f3n del producto \u2b50 Bandai Spirits Ichibansho presenta el regreso de uno de los personajes m\u00e1s ic\u00f3nicos de JoJo\u2019s Bizarre<\/p>","protected":false},"featured_media":7161,"template":"","meta":[],"product_cat":[442,95,99,65,71,61],"product_tag":[157,337,158,439,448,160],"class_list":{"0":"post-7155","1":"product","2":"type-product","3":"status-publish","4":"has-post-thumbnail","6":"product_cat-jojos-bizarre-adventure","7":"product_cat-banpresto","8":"product_cat-ichiban-kuji","9":"product_cat-figuras","10":"product_cat-ichiban","11":"product_cat-novedades","12":"product_tag-banpresto","13":"product_tag-figura","14":"product_tag-ichiban-sho","15":"product_tag-jojo","16":"product_tag-jotaro-kujo","17":"product_tag-masterlise","19":"first","20":"instock","21":"taxable","22":"shipping-taxable","23":"purchasable","24":"product-type-simple"},"yoast_head":"<!-- This site is optimized with the Yoast SEO plugin v24.2 - https:\/\/yoast.com\/wordpress\/plugins\/seo\/ -->\n<title>Figura Jotaro Kujo JoJo&#039;s Bizarre Adventure (Stardust Crusaders) Masterlise Ichibansho - Akatsuki anime store<\/title>\n<meta name=\"description\" content=\"Figura Jotaro Kujo Masterlise de JoJo\u2019s Bizarre Adventure. Gran tama\u00f1o, detalles premium y una pose de combate imponente.\" \/>\n<meta name=\"robots\" content=\"index, follow, max-snippet:-1, max-image-preview:large, max-video-preview:-1\" \/>\n<link rel=\"canonical\" href=\"https:\/\/akatsukianime.com\/en\/product\/figura-jotaro-kujo-jojos-bizarre-adventure-stardust-crusaders-masterlise-ichibansho\/\" \/>\n<meta property=\"og:locale\" content=\"en_US\" \/>\n<meta property=\"og:type\" content=\"article\" \/>\n<meta property=\"og:title\" content=\"Figura Jotaro Kujo JoJo&#039;s Bizarre Adventure (Stardust Crusaders) Masterlise Ichibansho - Akatsuki anime store\" \/>\n<meta property=\"og:description\" content=\"Figura Jotaro Kujo Masterlise de JoJo\u2019s Bizarre Adventure. Gran tama\u00f1o, detalles premium y una pose de combate imponente.\" \/>\n<meta property=\"og:url\" content=\"https:\/\/akatsukianime.com\/en\/product\/figura-jotaro-kujo-jojos-bizarre-adventure-stardust-crusaders-masterlise-ichibansho\/\" \/>\n<meta property=\"og:site_name\" content=\"Akatsuki anime store\" \/>\n<meta property=\"article:modified_time\" content=\"2026-01-26T15:28:27+00:00\" \/>\n<meta property=\"og:image\" content=\"https:\/\/akatsukianime.com\/wp-content\/uploads\/2026\/01\/figura-jotaro-kujo-masterlise.jpg\" \/>\n\t<meta property=\"og:image:width\" content=\"1000\" \/>\n\t<meta property=\"og:image:height\" content=\"1000\" \/>\n\t<meta property=\"og:image:type\" content=\"image\/jpeg\" \/>\n<meta name=\"twitter:card\" content=\"summary_large_image\" \/>\n<meta name=\"twitter:label1\" content=\"Est. reading time\" \/>\n\t<meta name=\"twitter:data1\" content=\"1 minute\" \/>\n<script type=\"application\/ld+json\" class=\"yoast-schema-graph\">{\"@context\":\"https:\/\/schema.org\",\"@graph\":[{\"@type\":[\"WebPage\",\"ItemPage\"],\"@id\":\"https:\/\/akatsukianime.com\/product\/figura-jotaro-kujo-jojos-bizarre-adventure-stardust-crusaders-masterlise-ichibansho\/\",\"url\":\"https:\/\/akatsukianime.com\/product\/figura-jotaro-kujo-jojos-bizarre-adventure-stardust-crusaders-masterlise-ichibansho\/\",\"name\":\"Figura Jotaro Kujo JoJo's Bizarre Adventure (Stardust Crusaders) Masterlise Ichibansho - Akatsuki anime store\",\"isPartOf\":{\"@id\":\"https:\/\/akatsukianime.com\/#website\"},\"primaryImageOfPage\":{\"@id\":\"https:\/\/akatsukianime.com\/product\/figura-jotaro-kujo-jojos-bizarre-adventure-stardust-crusaders-masterlise-ichibansho\/#primaryimage\"},\"image\":{\"@id\":\"https:\/\/akatsukianime.com\/product\/figura-jotaro-kujo-jojos-bizarre-adventure-stardust-crusaders-masterlise-ichibansho\/#primaryimage\"},\"thumbnailUrl\":\"https:\/\/akatsukianime.com\/wp-content\/uploads\/2026\/01\/figura-jotaro-kujo-masterlise.jpg\",\"datePublished\":\"2026-01-22T13:03:38+00:00\",\"dateModified\":\"2026-01-26T15:28:27+00:00\",\"description\":\"Figura Jotaro Kujo Masterlise de JoJo\u2019s Bizarre Adventure. Gran tama\u00f1o, detalles premium y una pose de combate imponente.\",\"breadcrumb\":{\"@id\":\"https:\/\/akatsukianime.com\/product\/figura-jotaro-kujo-jojos-bizarre-adventure-stardust-crusaders-masterlise-ichibansho\/#breadcrumb\"},\"inLanguage\":\"en-US\",\"potentialAction\":[{\"@type\":\"ReadAction\",\"target\":[\"https:\/\/akatsukianime.com\/product\/figura-jotaro-kujo-jojos-bizarre-adventure-stardust-crusaders-masterlise-ichibansho\/\"]}]},{\"@type\":\"ImageObject\",\"inLanguage\":\"en-US\",\"@id\":\"https:\/\/akatsukianime.com\/product\/figura-jotaro-kujo-jojos-bizarre-adventure-stardust-crusaders-masterlise-ichibansho\/#primaryimage\",\"url\":\"https:\/\/akatsukianime.com\/wp-content\/uploads\/2026\/01\/figura-jotaro-kujo-masterlise.jpg\",\"contentUrl\":\"https:\/\/akatsukianime.com\/wp-content\/uploads\/2026\/01\/figura-jotaro-kujo-masterlise.jpg\",\"width\":1000,\"height\":1000,\"caption\":\"figura jotaro kujo masterlise\"},{\"@type\":\"BreadcrumbList\",\"@id\":\"https:\/\/akatsukianime.com\/product\/figura-jotaro-kujo-jojos-bizarre-adventure-stardust-crusaders-masterlise-ichibansho\/#breadcrumb\",\"itemListElement\":[{\"@type\":\"ListItem\",\"position\":1,\"name\":\"Portada\",\"item\":\"https:\/\/akatsukianime.com\/\"},{\"@type\":\"ListItem\",\"position\":2,\"name\":\"Tienda\",\"item\":\"https:\/\/akatsukianime.com\/tienda\/\"},{\"@type\":\"ListItem\",\"position\":3,\"name\":\"Figura Jotaro Kujo JoJo&#8217;s Bizarre Adventure (Stardust Crusaders) Masterlise Ichibansho\"}]},{\"@type\":\"WebSite\",\"@id\":\"https:\/\/akatsukianime.com\/#website\",\"url\":\"https:\/\/akatsukianime.com\/\",\"name\":\"Akatsuki anime store\",\"description\":\"\",\"potentialAction\":[{\"@type\":\"SearchAction\",\"target\":{\"@type\":\"EntryPoint\",\"urlTemplate\":\"https:\/\/akatsukianime.com\/?s={search_term_string}\"},\"query-input\":{\"@type\":\"PropertyValueSpecification\",\"valueRequired\":true,\"valueName\":\"search_term_string\"}}],\"inLanguage\":\"en-US\"}]}<\/script>\n<!-- \/ Yoast SEO plugin. -->","yoast_head_json":{"title":"Figura Jotaro Kujo JoJo's Bizarre Adventure (Stardust Crusaders) Masterlise Ichibansho - Akatsuki anime store","description":"Figura Jotaro Kujo Masterlise de JoJo\u2019s Bizarre Adventure. Gran tama\u00f1o, detalles premium y una pose de combate imponente.","robots":{"index":"index","follow":"follow","max-snippet":"max-snippet:-1","max-image-preview":"max-image-preview:large","max-video-preview":"max-video-preview:-1"},"canonical":"https:\/\/akatsukianime.com\/en\/product\/figura-jotaro-kujo-jojos-bizarre-adventure-stardust-crusaders-masterlise-ichibansho\/","og_locale":"en_US","og_type":"article","og_title":"Figura Jotaro Kujo JoJo's Bizarre Adventure (Stardust Crusaders) Masterlise Ichibansho - Akatsuki anime store","og_description":"Figura Jotaro Kujo Masterlise de JoJo\u2019s Bizarre Adventure. Gran tama\u00f1o, detalles premium y una pose de combate imponente.","og_url":"https:\/\/akatsukianime.com\/en\/product\/figura-jotaro-kujo-jojos-bizarre-adventure-stardust-crusaders-masterlise-ichibansho\/","og_site_name":"Akatsuki anime store","article_modified_time":"2026-01-26T15:28:27+00:00","og_image":[{"width":1000,"height":1000,"url":"https:\/\/akatsukianime.com\/wp-content\/uploads\/2026\/01\/figura-jotaro-kujo-masterlise.jpg","type":"image\/jpeg"}],"twitter_card":"summary_large_image","twitter_misc":{"Est. reading time":"1 minute"},"schema":{"@context":"https:\/\/schema.org","@graph":[{"@type":["WebPage","ItemPage"],"@id":"https:\/\/akatsukianime.com\/product\/figura-jotaro-kujo-jojos-bizarre-adventure-stardust-crusaders-masterlise-ichibansho\/","url":"https:\/\/akatsukianime.com\/product\/figura-jotaro-kujo-jojos-bizarre-adventure-stardust-crusaders-masterlise-ichibansho\/","name":"Figura Jotaro Kujo JoJo's Bizarre Adventure (Stardust Crusaders) Masterlise Ichibansho - Akatsuki anime store","isPartOf":{"@id":"https:\/\/akatsukianime.com\/#website"},"primaryImageOfPage":{"@id":"https:\/\/akatsukianime.com\/product\/figura-jotaro-kujo-jojos-bizarre-adventure-stardust-crusaders-masterlise-ichibansho\/#primaryimage"},"image":{"@id":"https:\/\/akatsukianime.com\/product\/figura-jotaro-kujo-jojos-bizarre-adventure-stardust-crusaders-masterlise-ichibansho\/#primaryimage"},"thumbnailUrl":"https:\/\/akatsukianime.com\/wp-content\/uploads\/2026\/01\/figura-jotaro-kujo-masterlise.jpg","datePublished":"2026-01-22T13:03:38+00:00","dateModified":"2026-01-26T15:28:27+00:00","description":"Figura Jotaro Kujo Masterlise de JoJo\u2019s Bizarre Adventure. Gran tama\u00f1o, detalles premium y una pose de combate imponente.","breadcrumb":{"@id":"https:\/\/akatsukianime.com\/product\/figura-jotaro-kujo-jojos-bizarre-adventure-stardust-crusaders-masterlise-ichibansho\/#breadcrumb"},"inLanguage":"en-US","potentialAction":[{"@type":"ReadAction","target":["https:\/\/akatsukianime.com\/product\/figura-jotaro-kujo-jojos-bizarre-adventure-stardust-crusaders-masterlise-ichibansho\/"]}]},{"@type":"ImageObject","inLanguage":"en-US","@id":"https:\/\/akatsukianime.com\/product\/figura-jotaro-kujo-jojos-bizarre-adventure-stardust-crusaders-masterlise-ichibansho\/#primaryimage","url":"https:\/\/akatsukianime.com\/wp-content\/uploads\/2026\/01\/figura-jotaro-kujo-masterlise.jpg","contentUrl":"https:\/\/akatsukianime.com\/wp-content\/uploads\/2026\/01\/figura-jotaro-kujo-masterlise.jpg","width":1000,"height":1000,"caption":"figura jotaro kujo masterlise"},{"@type":"BreadcrumbList","@id":"https:\/\/akatsukianime.com\/product\/figura-jotaro-kujo-jojos-bizarre-adventure-stardust-crusaders-masterlise-ichibansho\/#breadcrumb","itemListElement":[{"@type":"ListItem","position":1,"name":"Portada","item":"https:\/\/akatsukianime.com\/"},{"@type":"ListItem","position":2,"name":"Tienda","item":"https:\/\/akatsukianime.com\/tienda\/"},{"@type":"ListItem","position":3,"name":"Figura Jotaro Kujo JoJo&#8217;s Bizarre Adventure (Stardust Crusaders) Masterlise Ichibansho"}]},{"@type":"WebSite","@id":"https:\/\/akatsukianime.com\/#website","url":"https:\/\/akatsukianime.com\/","name":"Akatsuki anime store","description":"","potentialAction":[{"@type":"SearchAction","target":{"@type":"EntryPoint","urlTemplate":"https:\/\/akatsukianime.com\/?s={search_term_string}"},"query-input":{"@type":"PropertyValueSpecification","valueRequired":true,"valueName":"search_term_string"}}],"inLanguage":"en-US"}]}},"jetpack_sharing_enabled":true,"_links":{"self":[{"href":"https:\/\/akatsukianime.com\/en\/wp-json\/wp\/v2\/product\/7155","targetHints":{"allow":["GET"]}}],"collection":[{"href":"https:\/\/akatsukianime.com\/en\/wp-json\/wp\/v2\/product"}],"about":[{"href":"https:\/\/akatsukianime.com\/en\/wp-json\/wp\/v2\/types\/product"}],"version-history":[{"count":1,"href":"https:\/\/akatsukianime.com\/en\/wp-json\/wp\/v2\/product\/7155\/revisions"}],"predecessor-version":[{"id":7162,"href":"https:\/\/akatsukianime.com\/en\/wp-json\/wp\/v2\/product\/7155\/revisions\/7162"}],"wp:featuredmedia":[{"embeddable":true,"href":"https:\/\/akatsukianime.com\/en\/wp-json\/wp\/v2\/media\/7161"}],"wp:attachment":[{"href":"https:\/\/akatsukianime.com\/en\/wp-json\/wp\/v2\/media?parent=7155"}],"wp:term":[{"taxonomy":"product_cat","embeddable":true,"href":"https:\/\/akatsukianime.com\/en\/wp-json\/wp\/v2\/product_cat?post=7155"},{"taxonomy":"product_tag","embeddable":true,"href":"https:\/\/akatsukianime.com\/en\/wp-json\/wp\/v2\/product_tag?post=7155"}],"curies":[{"name":"wp","href":"https:\/\/api.w.org\/{rel}","templated":true}]}}