{"id":7163,"date":"2026-01-22T16:18:38","date_gmt":"2026-01-22T15:18:38","guid":{"rendered":"https:\/\/akatsukianime.com\/?post_type=product&#038;p=7163"},"modified":"2026-01-23T17:44:30","modified_gmt":"2026-01-23T16:44:30","slug":"figura-dio-brando-jojos-bizarre-adventure-stardust-crusaders-masterlise-ichibansho","status":"publish","type":"product","link":"https:\/\/akatsukianime.com\/en\/product\/figura-dio-brando-jojos-bizarre-adventure-stardust-crusaders-masterlise-ichibansho\/","title":{"rendered":"Figura Dio Brando JoJo&#8217;s Bizarre Adventure (Stardust Crusaders) Masterlise Ichibansho"},"content":{"rendered":"<h3 data-start=\"182\" data-end=\"216\"><strong data-start=\"186\" data-end=\"214\">Product description<\/strong><\/h3>\n<p data-start=\"217\" data-end=\"429\">\u2b50 <strong data-start=\"219\" data-end=\"248\">Bandai Spirits Ichibansho<\/strong> trae de vuelta a uno de los villanos m\u00e1s emblem\u00e1ticos de <em data-start=\"306\" data-end=\"352\">JoJo\u2019s Bizarre Adventure: Stardust Crusaders<\/em>: el imponente <strong data-start=\"367\" data-end=\"381\">Dio Brando<\/strong>, dentro de la prestigiosa l\u00ednea <strong data-start=\"414\" data-end=\"428\">Masterlise<\/strong>.<\/p>\n<p data-start=\"431\" data-end=\"766\">Con una altura aproximada de <strong data-start=\"460\" data-end=\"471\">26,9 cm<\/strong>, esta figura presenta a Dio en una postura arrogante y dominante, reflejando a la perfecci\u00f3n su ambici\u00f3n desmedida mientras trama conquistar el mundo con el poder de su misterioso Stand. Su expresi\u00f3n confiada y su lenguaje corporal transmiten toda la amenaza y carisma que definen al personaje.<\/p>\n<p data-start=\"768\" data-end=\"1044\">The figures <strong data-start=\"780\" data-end=\"794\">Masterlise<\/strong> destacan por su gran tama\u00f1o y su alto nivel de detalle, con una escultura y pintura de calidad premium que las convierten en piezas ideales para exhibici\u00f3n. Una adici\u00f3n imprescindible para cualquier fan o coleccionista de <em data-start=\"1017\" data-end=\"1043\">JoJo\u2019s Bizarre Adventure<\/em>.<\/p>\n<h3 data-start=\"1051\" data-end=\"1087\"><strong data-start=\"1055\" data-end=\"1087\">Product Features<\/strong><\/h3>\n<ul data-start=\"1088\" data-end=\"1293\">\n<li data-start=\"1088\" data-end=\"1121\">\n<p data-start=\"1090\" data-end=\"1121\">Approximate height: <strong data-start=\"1109\" data-end=\"1121\">26,92 cm<\/strong><\/p>\n<\/li>\n<li data-start=\"1122\" data-end=\"1146\">\n<p data-start=\"1124\" data-end=\"1146\">Material: <strong data-start=\"1134\" data-end=\"1146\">plastic<\/strong><\/p>\n<\/li>\n<li data-start=\"1147\" data-end=\"1194\">\n<p data-start=\"1149\" data-end=\"1194\">Based on the anime <em data-start=\"1168\" data-end=\"1194\">JoJo\u2019s Bizarre Adventure<\/em><\/p>\n<\/li>\n<li data-start=\"1195\" data-end=\"1232\">\n<p data-start=\"1197\" data-end=\"1232\">L\u00edneas: <strong data-start=\"1205\" data-end=\"1232\">Ichibansho \/ Masterlise<\/strong><\/p>\n<\/li>\n<li data-start=\"1233\" data-end=\"1255\">\n<p data-start=\"1235\" data-end=\"1255\">Non-articulated figure<\/p>\n<\/li>\n<li data-start=\"1256\" data-end=\"1293\">\n<p data-start=\"1258\" data-end=\"1293\">Acabados y detalles de alta calidad<\/p>\n<\/li>\n<\/ul>\n<h3 data-start=\"1300\" data-end=\"1328\"><strong data-start=\"1304\" data-end=\"1328\">Box contents<\/strong><\/h3>\n<ul data-start=\"1329\" data-end=\"1355\">\n<li data-start=\"1329\" data-end=\"1355\">\n<p data-start=\"1331\" data-end=\"1355\">Figure of <strong data-start=\"1341\" data-end=\"1355\">Dio Brando<\/strong><\/p>\n<\/li>\n<\/ul>","protected":false},"excerpt":{"rendered":"<p>Descripci\u00f3n del producto \u2b50 Bandai Spirits Ichibansho trae de vuelta a uno de los villanos m\u00e1s emblem\u00e1ticos de JoJo\u2019s Bizarre<\/p>","protected":false},"featured_media":7168,"template":"","meta":[],"product_cat":[442,95,99,65,71,61],"product_tag":[157,444,337,158,439,160],"class_list":{"0":"post-7163","1":"product","2":"type-product","3":"status-publish","4":"has-post-thumbnail","6":"product_cat-jojos-bizarre-adventure","7":"product_cat-banpresto","8":"product_cat-ichiban-kuji","9":"product_cat-figuras","10":"product_cat-ichiban","11":"product_cat-novedades","12":"product_tag-banpresto","13":"product_tag-dio-brando","14":"product_tag-figura","15":"product_tag-ichiban-sho","16":"product_tag-jojo","17":"product_tag-masterlise","19":"first","20":"instock","21":"sold-individually","22":"taxable","23":"shipping-taxable","24":"purchasable","25":"product-type-simple"},"yoast_head":"<!-- This site is optimized with the Yoast SEO plugin v24.2 - https:\/\/yoast.com\/wordpress\/plugins\/seo\/ -->\n<title>Figura Dio Brando JoJo&#039;s Bizarre Adventure (Stardust Crusaders) Masterlise Ichibansho - Akatsuki anime store<\/title>\n<meta name=\"description\" content=\"Figura Dio Brando Masterlise de JoJo\u2019s Bizarre Adventure. Excelente tama\u00f1o, detalles premium y una pose arrogante ic\u00f3nica.\" \/>\n<meta name=\"robots\" content=\"index, follow, max-snippet:-1, max-image-preview:large, max-video-preview:-1\" \/>\n<link rel=\"canonical\" href=\"https:\/\/akatsukianime.com\/en\/product\/figura-dio-brando-jojos-bizarre-adventure-stardust-crusaders-masterlise-ichibansho\/\" \/>\n<meta property=\"og:locale\" content=\"en_US\" \/>\n<meta property=\"og:type\" content=\"article\" \/>\n<meta property=\"og:title\" content=\"Figura Dio Brando JoJo&#039;s Bizarre Adventure (Stardust Crusaders) Masterlise Ichibansho - Akatsuki anime store\" \/>\n<meta property=\"og:description\" content=\"Figura Dio Brando Masterlise de JoJo\u2019s Bizarre Adventure. Excelente tama\u00f1o, detalles premium y una pose arrogante ic\u00f3nica.\" \/>\n<meta property=\"og:url\" content=\"https:\/\/akatsukianime.com\/en\/product\/figura-dio-brando-jojos-bizarre-adventure-stardust-crusaders-masterlise-ichibansho\/\" \/>\n<meta property=\"og:site_name\" content=\"Akatsuki anime store\" \/>\n<meta property=\"article:modified_time\" content=\"2026-01-23T16:44:30+00:00\" \/>\n<meta property=\"og:image\" content=\"https:\/\/akatsukianime.com\/wp-content\/uploads\/2026\/01\/figura-dio-brando-masterlise.jpg\" \/>\n\t<meta property=\"og:image:width\" content=\"1000\" \/>\n\t<meta property=\"og:image:height\" content=\"1000\" \/>\n\t<meta property=\"og:image:type\" content=\"image\/jpeg\" \/>\n<meta name=\"twitter:card\" content=\"summary_large_image\" \/>\n<meta name=\"twitter:label1\" content=\"Est. reading time\" \/>\n\t<meta name=\"twitter:data1\" content=\"1 minute\" \/>\n<script type=\"application\/ld+json\" class=\"yoast-schema-graph\">{\"@context\":\"https:\/\/schema.org\",\"@graph\":[{\"@type\":[\"WebPage\",\"ItemPage\"],\"@id\":\"https:\/\/akatsukianime.com\/product\/figura-dio-brando-jojos-bizarre-adventure-stardust-crusaders-masterlise-ichibansho\/\",\"url\":\"https:\/\/akatsukianime.com\/product\/figura-dio-brando-jojos-bizarre-adventure-stardust-crusaders-masterlise-ichibansho\/\",\"name\":\"Figura Dio Brando JoJo's Bizarre Adventure (Stardust Crusaders) Masterlise Ichibansho - Akatsuki anime store\",\"isPartOf\":{\"@id\":\"https:\/\/akatsukianime.com\/#website\"},\"primaryImageOfPage\":{\"@id\":\"https:\/\/akatsukianime.com\/product\/figura-dio-brando-jojos-bizarre-adventure-stardust-crusaders-masterlise-ichibansho\/#primaryimage\"},\"image\":{\"@id\":\"https:\/\/akatsukianime.com\/product\/figura-dio-brando-jojos-bizarre-adventure-stardust-crusaders-masterlise-ichibansho\/#primaryimage\"},\"thumbnailUrl\":\"https:\/\/akatsukianime.com\/wp-content\/uploads\/2026\/01\/figura-dio-brando-masterlise.jpg\",\"datePublished\":\"2026-01-22T15:18:38+00:00\",\"dateModified\":\"2026-01-23T16:44:30+00:00\",\"description\":\"Figura Dio Brando Masterlise de JoJo\u2019s Bizarre Adventure. Excelente tama\u00f1o, detalles premium y una pose arrogante ic\u00f3nica.\",\"breadcrumb\":{\"@id\":\"https:\/\/akatsukianime.com\/product\/figura-dio-brando-jojos-bizarre-adventure-stardust-crusaders-masterlise-ichibansho\/#breadcrumb\"},\"inLanguage\":\"en-US\",\"potentialAction\":[{\"@type\":\"ReadAction\",\"target\":[\"https:\/\/akatsukianime.com\/product\/figura-dio-brando-jojos-bizarre-adventure-stardust-crusaders-masterlise-ichibansho\/\"]}]},{\"@type\":\"ImageObject\",\"inLanguage\":\"en-US\",\"@id\":\"https:\/\/akatsukianime.com\/product\/figura-dio-brando-jojos-bizarre-adventure-stardust-crusaders-masterlise-ichibansho\/#primaryimage\",\"url\":\"https:\/\/akatsukianime.com\/wp-content\/uploads\/2026\/01\/figura-dio-brando-masterlise.jpg\",\"contentUrl\":\"https:\/\/akatsukianime.com\/wp-content\/uploads\/2026\/01\/figura-dio-brando-masterlise.jpg\",\"width\":1000,\"height\":1000,\"caption\":\"figura dio brando masterlise\"},{\"@type\":\"BreadcrumbList\",\"@id\":\"https:\/\/akatsukianime.com\/product\/figura-dio-brando-jojos-bizarre-adventure-stardust-crusaders-masterlise-ichibansho\/#breadcrumb\",\"itemListElement\":[{\"@type\":\"ListItem\",\"position\":1,\"name\":\"Portada\",\"item\":\"https:\/\/akatsukianime.com\/\"},{\"@type\":\"ListItem\",\"position\":2,\"name\":\"Tienda\",\"item\":\"https:\/\/akatsukianime.com\/tienda\/\"},{\"@type\":\"ListItem\",\"position\":3,\"name\":\"Figura Dio Brando JoJo&#8217;s Bizarre Adventure (Stardust Crusaders) Masterlise Ichibansho\"}]},{\"@type\":\"WebSite\",\"@id\":\"https:\/\/akatsukianime.com\/#website\",\"url\":\"https:\/\/akatsukianime.com\/\",\"name\":\"Akatsuki anime store\",\"description\":\"\",\"potentialAction\":[{\"@type\":\"SearchAction\",\"target\":{\"@type\":\"EntryPoint\",\"urlTemplate\":\"https:\/\/akatsukianime.com\/?s={search_term_string}\"},\"query-input\":{\"@type\":\"PropertyValueSpecification\",\"valueRequired\":true,\"valueName\":\"search_term_string\"}}],\"inLanguage\":\"en-US\"}]}<\/script>\n<!-- \/ Yoast SEO plugin. -->","yoast_head_json":{"title":"Figura Dio Brando JoJo's Bizarre Adventure (Stardust Crusaders) Masterlise Ichibansho - Akatsuki anime store","description":"Figura Dio Brando Masterlise de JoJo\u2019s Bizarre Adventure. Excelente tama\u00f1o, detalles premium y una pose arrogante ic\u00f3nica.","robots":{"index":"index","follow":"follow","max-snippet":"max-snippet:-1","max-image-preview":"max-image-preview:large","max-video-preview":"max-video-preview:-1"},"canonical":"https:\/\/akatsukianime.com\/en\/product\/figura-dio-brando-jojos-bizarre-adventure-stardust-crusaders-masterlise-ichibansho\/","og_locale":"en_US","og_type":"article","og_title":"Figura Dio Brando JoJo's Bizarre Adventure (Stardust Crusaders) Masterlise Ichibansho - Akatsuki anime store","og_description":"Figura Dio Brando Masterlise de JoJo\u2019s Bizarre Adventure. Excelente tama\u00f1o, detalles premium y una pose arrogante ic\u00f3nica.","og_url":"https:\/\/akatsukianime.com\/en\/product\/figura-dio-brando-jojos-bizarre-adventure-stardust-crusaders-masterlise-ichibansho\/","og_site_name":"Akatsuki anime store","article_modified_time":"2026-01-23T16:44:30+00:00","og_image":[{"width":1000,"height":1000,"url":"https:\/\/akatsukianime.com\/wp-content\/uploads\/2026\/01\/figura-dio-brando-masterlise.jpg","type":"image\/jpeg"}],"twitter_card":"summary_large_image","twitter_misc":{"Est. reading time":"1 minute"},"schema":{"@context":"https:\/\/schema.org","@graph":[{"@type":["WebPage","ItemPage"],"@id":"https:\/\/akatsukianime.com\/product\/figura-dio-brando-jojos-bizarre-adventure-stardust-crusaders-masterlise-ichibansho\/","url":"https:\/\/akatsukianime.com\/product\/figura-dio-brando-jojos-bizarre-adventure-stardust-crusaders-masterlise-ichibansho\/","name":"Figura Dio Brando JoJo's Bizarre Adventure (Stardust Crusaders) Masterlise Ichibansho - Akatsuki anime store","isPartOf":{"@id":"https:\/\/akatsukianime.com\/#website"},"primaryImageOfPage":{"@id":"https:\/\/akatsukianime.com\/product\/figura-dio-brando-jojos-bizarre-adventure-stardust-crusaders-masterlise-ichibansho\/#primaryimage"},"image":{"@id":"https:\/\/akatsukianime.com\/product\/figura-dio-brando-jojos-bizarre-adventure-stardust-crusaders-masterlise-ichibansho\/#primaryimage"},"thumbnailUrl":"https:\/\/akatsukianime.com\/wp-content\/uploads\/2026\/01\/figura-dio-brando-masterlise.jpg","datePublished":"2026-01-22T15:18:38+00:00","dateModified":"2026-01-23T16:44:30+00:00","description":"Figura Dio Brando Masterlise de JoJo\u2019s Bizarre Adventure. Excelente tama\u00f1o, detalles premium y una pose arrogante ic\u00f3nica.","breadcrumb":{"@id":"https:\/\/akatsukianime.com\/product\/figura-dio-brando-jojos-bizarre-adventure-stardust-crusaders-masterlise-ichibansho\/#breadcrumb"},"inLanguage":"en-US","potentialAction":[{"@type":"ReadAction","target":["https:\/\/akatsukianime.com\/product\/figura-dio-brando-jojos-bizarre-adventure-stardust-crusaders-masterlise-ichibansho\/"]}]},{"@type":"ImageObject","inLanguage":"en-US","@id":"https:\/\/akatsukianime.com\/product\/figura-dio-brando-jojos-bizarre-adventure-stardust-crusaders-masterlise-ichibansho\/#primaryimage","url":"https:\/\/akatsukianime.com\/wp-content\/uploads\/2026\/01\/figura-dio-brando-masterlise.jpg","contentUrl":"https:\/\/akatsukianime.com\/wp-content\/uploads\/2026\/01\/figura-dio-brando-masterlise.jpg","width":1000,"height":1000,"caption":"figura dio brando masterlise"},{"@type":"BreadcrumbList","@id":"https:\/\/akatsukianime.com\/product\/figura-dio-brando-jojos-bizarre-adventure-stardust-crusaders-masterlise-ichibansho\/#breadcrumb","itemListElement":[{"@type":"ListItem","position":1,"name":"Portada","item":"https:\/\/akatsukianime.com\/"},{"@type":"ListItem","position":2,"name":"Tienda","item":"https:\/\/akatsukianime.com\/tienda\/"},{"@type":"ListItem","position":3,"name":"Figura Dio Brando JoJo&#8217;s Bizarre Adventure (Stardust Crusaders) Masterlise Ichibansho"}]},{"@type":"WebSite","@id":"https:\/\/akatsukianime.com\/#website","url":"https:\/\/akatsukianime.com\/","name":"Akatsuki anime store","description":"","potentialAction":[{"@type":"SearchAction","target":{"@type":"EntryPoint","urlTemplate":"https:\/\/akatsukianime.com\/?s={search_term_string}"},"query-input":{"@type":"PropertyValueSpecification","valueRequired":true,"valueName":"search_term_string"}}],"inLanguage":"en-US"}]}},"jetpack_sharing_enabled":true,"_links":{"self":[{"href":"https:\/\/akatsukianime.com\/en\/wp-json\/wp\/v2\/product\/7163","targetHints":{"allow":["GET"]}}],"collection":[{"href":"https:\/\/akatsukianime.com\/en\/wp-json\/wp\/v2\/product"}],"about":[{"href":"https:\/\/akatsukianime.com\/en\/wp-json\/wp\/v2\/types\/product"}],"version-history":[{"count":1,"href":"https:\/\/akatsukianime.com\/en\/wp-json\/wp\/v2\/product\/7163\/revisions"}],"predecessor-version":[{"id":7169,"href":"https:\/\/akatsukianime.com\/en\/wp-json\/wp\/v2\/product\/7163\/revisions\/7169"}],"wp:featuredmedia":[{"embeddable":true,"href":"https:\/\/akatsukianime.com\/en\/wp-json\/wp\/v2\/media\/7168"}],"wp:attachment":[{"href":"https:\/\/akatsukianime.com\/en\/wp-json\/wp\/v2\/media?parent=7163"}],"wp:term":[{"taxonomy":"product_cat","embeddable":true,"href":"https:\/\/akatsukianime.com\/en\/wp-json\/wp\/v2\/product_cat?post=7163"},{"taxonomy":"product_tag","embeddable":true,"href":"https:\/\/akatsukianime.com\/en\/wp-json\/wp\/v2\/product_tag?post=7163"}],"curies":[{"name":"wp","href":"https:\/\/api.w.org\/{rel}","templated":true}]}}