{"id":7170,"date":"2026-01-23T17:15:38","date_gmt":"2026-01-23T16:15:38","guid":{"rendered":"https:\/\/akatsukianime.com\/?post_type=product&#038;p=7170"},"modified":"2026-01-28T18:13:30","modified_gmt":"2026-01-28T17:13:30","slug":"figura-star-platinum-jojos-bizarre-adventure-stardust-crusaders-standoom-ichiban-sho-masterlise","status":"publish","type":"product","link":"https:\/\/akatsukianime.com\/en\/product\/figura-star-platinum-jojos-bizarre-adventure-stardust-crusaders-standoom-ichiban-sho-masterlise\/","title":{"rendered":"Figura Star Platinum Jojo\u2019S Bizarre Adventure Stardust Crusaders Standoom -Ichiban Sho Masterlise"},"content":{"rendered":"<h3 data-start=\"245\" data-end=\"279\"><strong data-start=\"249\" data-end=\"277\">Product description<\/strong><\/h3>\n<p data-start=\"280\" data-end=\"502\">\ud83d\udca5 <strong data-start=\"283\" data-end=\"312\">Bandai Spirits Ichibansho<\/strong> presenta una impactante figura de <strong data-start=\"347\" data-end=\"364\">Star Platinum<\/strong>, el poderoso Stand de Jotaro Kujo, perteneciente al arco <em data-start=\"422\" data-end=\"468\">JoJo\u2019s Bizarre Adventure: Stardust Crusaders<\/em>, dentro de la l\u00ednea <strong data-start=\"489\" data-end=\"501\">Standoom<\/strong>.<\/p>\n<p data-start=\"504\" data-end=\"879\">Esta figura de 27cm captura la fuerza abrumadora y la presencia intimidante de Star Platinum en una pose din\u00e1mica y lista para el combate, transmitiendo toda la velocidad, precisi\u00f3n y poder que caracterizan a uno de los Stands m\u00e1s ic\u00f3nicos del anime. Su escultura musculosa y su acabado detallado convierten esta pieza en un verdadero protagonista dentro de cualquier colecci\u00f3n JoJo.<\/p>\n<p data-start=\"881\" data-end=\"1068\">The line <strong data-start=\"890\" data-end=\"902\">Standoom<\/strong> est\u00e1 dedicada exclusivamente a los Stands, ofreciendo dise\u00f1os imponentes y una calidad excepcional, ideales tanto para exhibici\u00f3n como para coleccionistas exigentes.<\/p>\n<h3 data-start=\"1075\" data-end=\"1111\"><strong data-start=\"1079\" data-end=\"1111\">Product Features<\/strong><\/h3>\n<ul data-start=\"1112\" data-end=\"1329\">\n<li data-start=\"1112\" data-end=\"1141\">\n<p data-start=\"1114\" data-end=\"1141\">Figure of <strong data-start=\"1124\" data-end=\"1141\">Star Platinum 27cm<\/strong><\/p>\n<\/li>\n<li data-start=\"1142\" data-end=\"1166\">\n<p data-start=\"1144\" data-end=\"1166\">Material: <strong data-start=\"1154\" data-end=\"1166\">plastic<\/strong><\/p>\n<\/li>\n<li data-start=\"1167\" data-end=\"1225\">\n<p data-start=\"1169\" data-end=\"1225\">Based on <em data-start=\"1179\" data-end=\"1225\">JoJo\u2019s Bizarre Adventure: Stardust Crusaders<\/em><\/p>\n<\/li>\n<li data-start=\"1226\" data-end=\"1260\">\n<p data-start=\"1228\" data-end=\"1260\">Line: <strong data-start=\"1235\" data-end=\"1260\">Ichibansho \u2013 Standoom<\/strong><\/p>\n<\/li>\n<li data-start=\"1261\" data-end=\"1282\">\n<p data-start=\"1263\" data-end=\"1282\">Highly detailed<\/p>\n<\/li>\n<li data-start=\"1283\" data-end=\"1305\">\n<p data-start=\"1285\" data-end=\"1305\">Non-articulated figure<\/p>\n<\/li>\n<li data-start=\"1306\" data-end=\"1329\">\n<p data-start=\"1308\" data-end=\"1329\">Ideal para exhibici\u00f3n<\/p>\n<\/li>\n<\/ul>\n<h3 data-start=\"1336\" data-end=\"1364\"><strong data-start=\"1340\" data-end=\"1364\">Box contents<\/strong><\/h3>\n<ul data-start=\"1365\" data-end=\"1394\">\n<li data-start=\"1365\" data-end=\"1394\">\n<p data-start=\"1367\" data-end=\"1394\">Figure of <strong data-start=\"1377\" data-end=\"1394\">Star Platinum<\/strong><\/p>\n<\/li>\n<\/ul>","protected":false},"excerpt":{"rendered":"<p>Descripci\u00f3n del producto \ud83d\udca5 Bandai Spirits Ichibansho presenta una impactante figura de Star Platinum, el poderoso Stand de Jotaro Kujo,<\/p>","protected":false},"featured_media":7171,"template":"","meta":[],"product_cat":[442,95,99,65,71,61],"product_tag":[157,337,158,439,160,449],"class_list":{"0":"post-7170","1":"product","2":"type-product","3":"status-publish","4":"has-post-thumbnail","6":"product_cat-jojos-bizarre-adventure","7":"product_cat-banpresto","8":"product_cat-ichiban-kuji","9":"product_cat-figuras","10":"product_cat-ichiban","11":"product_cat-novedades","12":"product_tag-banpresto","13":"product_tag-figura","14":"product_tag-ichiban-sho","15":"product_tag-jojo","16":"product_tag-masterlise","17":"product_tag-star-platinum","19":"first","20":"instock","21":"sale","22":"sold-individually","23":"taxable","24":"shipping-taxable","25":"purchasable","26":"product-type-simple"},"yoast_head":"<!-- This site is optimized with the Yoast SEO plugin v24.2 - https:\/\/yoast.com\/wordpress\/plugins\/seo\/ -->\n<title>Figura Star Platinum Jojo\u2019S Bizarre Adventure Stardust Crusaders Standoom -Ichiban Sho Masterlise - Akatsuki anime store<\/title>\n<meta name=\"description\" content=\"Figura Star Platinum 27 cm, de la colecci\u00f3n Ichibansho Standoom de JoJo Stardust Crusaders. El poderoso Stand con gran detalle y pose de combate.\" \/>\n<meta name=\"robots\" content=\"index, follow, max-snippet:-1, max-image-preview:large, max-video-preview:-1\" \/>\n<link rel=\"canonical\" href=\"https:\/\/akatsukianime.com\/en\/product\/figura-star-platinum-jojos-bizarre-adventure-stardust-crusaders-standoom-ichiban-sho-masterlise\/\" \/>\n<meta property=\"og:locale\" content=\"en_US\" \/>\n<meta property=\"og:type\" content=\"article\" \/>\n<meta property=\"og:title\" content=\"Figura Star Platinum Jojo\u2019S Bizarre Adventure Stardust Crusaders Standoom -Ichiban Sho Masterlise - Akatsuki anime store\" \/>\n<meta property=\"og:description\" content=\"Figura Star Platinum 27 cm, de la colecci\u00f3n Ichibansho Standoom de JoJo Stardust Crusaders. El poderoso Stand con gran detalle y pose de combate.\" \/>\n<meta property=\"og:url\" content=\"https:\/\/akatsukianime.com\/en\/product\/figura-star-platinum-jojos-bizarre-adventure-stardust-crusaders-standoom-ichiban-sho-masterlise\/\" \/>\n<meta property=\"og:site_name\" content=\"Akatsuki anime store\" \/>\n<meta property=\"article:modified_time\" content=\"2026-01-28T17:13:30+00:00\" \/>\n<meta property=\"og:image\" content=\"https:\/\/akatsukianime.com\/wp-content\/uploads\/2026\/01\/figura-star-platinum-jojo.jpg\" \/>\n\t<meta property=\"og:image:width\" content=\"1000\" \/>\n\t<meta property=\"og:image:height\" content=\"1000\" \/>\n\t<meta property=\"og:image:type\" content=\"image\/jpeg\" \/>\n<meta name=\"twitter:card\" content=\"summary_large_image\" \/>\n<meta name=\"twitter:label1\" content=\"Est. reading time\" \/>\n\t<meta name=\"twitter:data1\" content=\"1 minute\" \/>\n<script type=\"application\/ld+json\" class=\"yoast-schema-graph\">{\"@context\":\"https:\/\/schema.org\",\"@graph\":[{\"@type\":[\"WebPage\",\"ItemPage\"],\"@id\":\"https:\/\/akatsukianime.com\/product\/figura-star-platinum-jojos-bizarre-adventure-stardust-crusaders-standoom-ichiban-sho-masterlise\/\",\"url\":\"https:\/\/akatsukianime.com\/product\/figura-star-platinum-jojos-bizarre-adventure-stardust-crusaders-standoom-ichiban-sho-masterlise\/\",\"name\":\"Figura Star Platinum Jojo\u2019S Bizarre Adventure Stardust Crusaders Standoom -Ichiban Sho Masterlise - Akatsuki anime store\",\"isPartOf\":{\"@id\":\"https:\/\/akatsukianime.com\/#website\"},\"primaryImageOfPage\":{\"@id\":\"https:\/\/akatsukianime.com\/product\/figura-star-platinum-jojos-bizarre-adventure-stardust-crusaders-standoom-ichiban-sho-masterlise\/#primaryimage\"},\"image\":{\"@id\":\"https:\/\/akatsukianime.com\/product\/figura-star-platinum-jojos-bizarre-adventure-stardust-crusaders-standoom-ichiban-sho-masterlise\/#primaryimage\"},\"thumbnailUrl\":\"https:\/\/akatsukianime.com\/wp-content\/uploads\/2026\/01\/figura-star-platinum-jojo.jpg\",\"datePublished\":\"2026-01-23T16:15:38+00:00\",\"dateModified\":\"2026-01-28T17:13:30+00:00\",\"description\":\"Figura Star Platinum 27 cm, de la colecci\u00f3n Ichibansho Standoom de JoJo Stardust Crusaders. El poderoso Stand con gran detalle y pose de combate.\",\"breadcrumb\":{\"@id\":\"https:\/\/akatsukianime.com\/product\/figura-star-platinum-jojos-bizarre-adventure-stardust-crusaders-standoom-ichiban-sho-masterlise\/#breadcrumb\"},\"inLanguage\":\"en-US\",\"potentialAction\":[{\"@type\":\"ReadAction\",\"target\":[\"https:\/\/akatsukianime.com\/product\/figura-star-platinum-jojos-bizarre-adventure-stardust-crusaders-standoom-ichiban-sho-masterlise\/\"]}]},{\"@type\":\"ImageObject\",\"inLanguage\":\"en-US\",\"@id\":\"https:\/\/akatsukianime.com\/product\/figura-star-platinum-jojos-bizarre-adventure-stardust-crusaders-standoom-ichiban-sho-masterlise\/#primaryimage\",\"url\":\"https:\/\/akatsukianime.com\/wp-content\/uploads\/2026\/01\/figura-star-platinum-jojo.jpg\",\"contentUrl\":\"https:\/\/akatsukianime.com\/wp-content\/uploads\/2026\/01\/figura-star-platinum-jojo.jpg\",\"width\":1000,\"height\":1000,\"caption\":\"figura star platinum jojo\"},{\"@type\":\"BreadcrumbList\",\"@id\":\"https:\/\/akatsukianime.com\/product\/figura-star-platinum-jojos-bizarre-adventure-stardust-crusaders-standoom-ichiban-sho-masterlise\/#breadcrumb\",\"itemListElement\":[{\"@type\":\"ListItem\",\"position\":1,\"name\":\"Portada\",\"item\":\"https:\/\/akatsukianime.com\/\"},{\"@type\":\"ListItem\",\"position\":2,\"name\":\"Tienda\",\"item\":\"https:\/\/akatsukianime.com\/tienda\/\"},{\"@type\":\"ListItem\",\"position\":3,\"name\":\"Figura Star Platinum Jojo\u2019S Bizarre Adventure Stardust Crusaders Standoom -Ichiban Sho Masterlise\"}]},{\"@type\":\"WebSite\",\"@id\":\"https:\/\/akatsukianime.com\/#website\",\"url\":\"https:\/\/akatsukianime.com\/\",\"name\":\"Akatsuki anime store\",\"description\":\"\",\"potentialAction\":[{\"@type\":\"SearchAction\",\"target\":{\"@type\":\"EntryPoint\",\"urlTemplate\":\"https:\/\/akatsukianime.com\/?s={search_term_string}\"},\"query-input\":{\"@type\":\"PropertyValueSpecification\",\"valueRequired\":true,\"valueName\":\"search_term_string\"}}],\"inLanguage\":\"en-US\"}]}<\/script>\n<!-- \/ Yoast SEO plugin. -->","yoast_head_json":{"title":"Figura Star Platinum Jojo\u2019S Bizarre Adventure Stardust Crusaders Standoom -Ichiban Sho Masterlise - Akatsuki anime store","description":"Figura Star Platinum 27 cm, de la colecci\u00f3n Ichibansho Standoom de JoJo Stardust Crusaders. El poderoso Stand con gran detalle y pose de combate.","robots":{"index":"index","follow":"follow","max-snippet":"max-snippet:-1","max-image-preview":"max-image-preview:large","max-video-preview":"max-video-preview:-1"},"canonical":"https:\/\/akatsukianime.com\/en\/product\/figura-star-platinum-jojos-bizarre-adventure-stardust-crusaders-standoom-ichiban-sho-masterlise\/","og_locale":"en_US","og_type":"article","og_title":"Figura Star Platinum Jojo\u2019S Bizarre Adventure Stardust Crusaders Standoom -Ichiban Sho Masterlise - Akatsuki anime store","og_description":"Figura Star Platinum 27 cm, de la colecci\u00f3n Ichibansho Standoom de JoJo Stardust Crusaders. El poderoso Stand con gran detalle y pose de combate.","og_url":"https:\/\/akatsukianime.com\/en\/product\/figura-star-platinum-jojos-bizarre-adventure-stardust-crusaders-standoom-ichiban-sho-masterlise\/","og_site_name":"Akatsuki anime store","article_modified_time":"2026-01-28T17:13:30+00:00","og_image":[{"width":1000,"height":1000,"url":"https:\/\/akatsukianime.com\/wp-content\/uploads\/2026\/01\/figura-star-platinum-jojo.jpg","type":"image\/jpeg"}],"twitter_card":"summary_large_image","twitter_misc":{"Est. reading time":"1 minute"},"schema":{"@context":"https:\/\/schema.org","@graph":[{"@type":["WebPage","ItemPage"],"@id":"https:\/\/akatsukianime.com\/product\/figura-star-platinum-jojos-bizarre-adventure-stardust-crusaders-standoom-ichiban-sho-masterlise\/","url":"https:\/\/akatsukianime.com\/product\/figura-star-platinum-jojos-bizarre-adventure-stardust-crusaders-standoom-ichiban-sho-masterlise\/","name":"Figura Star Platinum Jojo\u2019S Bizarre Adventure Stardust Crusaders Standoom -Ichiban Sho Masterlise - Akatsuki anime store","isPartOf":{"@id":"https:\/\/akatsukianime.com\/#website"},"primaryImageOfPage":{"@id":"https:\/\/akatsukianime.com\/product\/figura-star-platinum-jojos-bizarre-adventure-stardust-crusaders-standoom-ichiban-sho-masterlise\/#primaryimage"},"image":{"@id":"https:\/\/akatsukianime.com\/product\/figura-star-platinum-jojos-bizarre-adventure-stardust-crusaders-standoom-ichiban-sho-masterlise\/#primaryimage"},"thumbnailUrl":"https:\/\/akatsukianime.com\/wp-content\/uploads\/2026\/01\/figura-star-platinum-jojo.jpg","datePublished":"2026-01-23T16:15:38+00:00","dateModified":"2026-01-28T17:13:30+00:00","description":"Figura Star Platinum 27 cm, de la colecci\u00f3n Ichibansho Standoom de JoJo Stardust Crusaders. El poderoso Stand con gran detalle y pose de combate.","breadcrumb":{"@id":"https:\/\/akatsukianime.com\/product\/figura-star-platinum-jojos-bizarre-adventure-stardust-crusaders-standoom-ichiban-sho-masterlise\/#breadcrumb"},"inLanguage":"en-US","potentialAction":[{"@type":"ReadAction","target":["https:\/\/akatsukianime.com\/product\/figura-star-platinum-jojos-bizarre-adventure-stardust-crusaders-standoom-ichiban-sho-masterlise\/"]}]},{"@type":"ImageObject","inLanguage":"en-US","@id":"https:\/\/akatsukianime.com\/product\/figura-star-platinum-jojos-bizarre-adventure-stardust-crusaders-standoom-ichiban-sho-masterlise\/#primaryimage","url":"https:\/\/akatsukianime.com\/wp-content\/uploads\/2026\/01\/figura-star-platinum-jojo.jpg","contentUrl":"https:\/\/akatsukianime.com\/wp-content\/uploads\/2026\/01\/figura-star-platinum-jojo.jpg","width":1000,"height":1000,"caption":"figura star platinum jojo"},{"@type":"BreadcrumbList","@id":"https:\/\/akatsukianime.com\/product\/figura-star-platinum-jojos-bizarre-adventure-stardust-crusaders-standoom-ichiban-sho-masterlise\/#breadcrumb","itemListElement":[{"@type":"ListItem","position":1,"name":"Portada","item":"https:\/\/akatsukianime.com\/"},{"@type":"ListItem","position":2,"name":"Tienda","item":"https:\/\/akatsukianime.com\/tienda\/"},{"@type":"ListItem","position":3,"name":"Figura Star Platinum Jojo\u2019S Bizarre Adventure Stardust Crusaders Standoom -Ichiban Sho Masterlise"}]},{"@type":"WebSite","@id":"https:\/\/akatsukianime.com\/#website","url":"https:\/\/akatsukianime.com\/","name":"Akatsuki anime store","description":"","potentialAction":[{"@type":"SearchAction","target":{"@type":"EntryPoint","urlTemplate":"https:\/\/akatsukianime.com\/?s={search_term_string}"},"query-input":{"@type":"PropertyValueSpecification","valueRequired":true,"valueName":"search_term_string"}}],"inLanguage":"en-US"}]}},"jetpack_sharing_enabled":true,"_links":{"self":[{"href":"https:\/\/akatsukianime.com\/en\/wp-json\/wp\/v2\/product\/7170","targetHints":{"allow":["GET"]}}],"collection":[{"href":"https:\/\/akatsukianime.com\/en\/wp-json\/wp\/v2\/product"}],"about":[{"href":"https:\/\/akatsukianime.com\/en\/wp-json\/wp\/v2\/types\/product"}],"version-history":[{"count":2,"href":"https:\/\/akatsukianime.com\/en\/wp-json\/wp\/v2\/product\/7170\/revisions"}],"predecessor-version":[{"id":7359,"href":"https:\/\/akatsukianime.com\/en\/wp-json\/wp\/v2\/product\/7170\/revisions\/7359"}],"wp:featuredmedia":[{"embeddable":true,"href":"https:\/\/akatsukianime.com\/en\/wp-json\/wp\/v2\/media\/7171"}],"wp:attachment":[{"href":"https:\/\/akatsukianime.com\/en\/wp-json\/wp\/v2\/media?parent=7170"}],"wp:term":[{"taxonomy":"product_cat","embeddable":true,"href":"https:\/\/akatsukianime.com\/en\/wp-json\/wp\/v2\/product_cat?post=7170"},{"taxonomy":"product_tag","embeddable":true,"href":"https:\/\/akatsukianime.com\/en\/wp-json\/wp\/v2\/product_tag?post=7170"}],"curies":[{"name":"wp","href":"https:\/\/api.w.org\/{rel}","templated":true}]}}