{"id":7178,"date":"2026-01-23T17:31:30","date_gmt":"2026-01-23T16:31:30","guid":{"rendered":"https:\/\/akatsukianime.com\/?post_type=product&#038;p=7178"},"modified":"2026-01-28T18:12:49","modified_gmt":"2026-01-28T17:12:49","slug":"figura-kujo-jotaro-jojos-bizarre-adventure-stardust-crusaders-standoom-ichiban-sho-masterlise","status":"publish","type":"product","link":"https:\/\/akatsukianime.com\/en\/product\/figura-kujo-jotaro-jojos-bizarre-adventure-stardust-crusaders-standoom-ichiban-sho-masterlise\/","title":{"rendered":"Figura Kujo Jotaro Jojo\u2019S Bizarre Adventure Stardust Crusaders Standoom -Ichiban Sho Masterlise"},"content":{"rendered":"<h3 data-start=\"222\" data-end=\"256\"><strong data-start=\"226\" data-end=\"254\">Product description<\/strong><\/h3>\n<p data-start=\"257\" data-end=\"438\">\u2b50 <strong data-start=\"259\" data-end=\"288\">Bandai Spirits Ichibansho<\/strong> presenta a <strong data-start=\"300\" data-end=\"315\">Jotaro Kujo<\/strong>, el ic\u00f3nico protagonista de <em data-start=\"344\" data-end=\"390\">JoJo\u2019s Bizarre Adventure: Stardust Crusaders<\/em>, como parte de la imponente l\u00ednea <strong data-start=\"425\" data-end=\"437\">Standoom<\/strong>.<\/p>\n<p data-start=\"440\" data-end=\"741\">Esta figura retrata a Jotaro en una pose firme y desafiante, reflejando su car\u00e1cter fr\u00edo, seguro y dominante en el campo de batalla. Vestido con su cl\u00e1sico uniforme escolar y gorra caracter\u00edstica, Jotaro transmite autoridad y determinaci\u00f3n, listo para enfrentarse a cualquier enemigo junto a su Stand.<\/p>\n<p data-start=\"743\" data-end=\"1020\">The line <strong data-start=\"752\" data-end=\"764\">Standoom<\/strong> destaca por representar a los personajes principales en conjunto con la poderosa presencia de sus Stands, ofreciendo figuras de gran impacto visual, excelente esculpido y acabados de alta calidad. Una pieza imprescindible para los verdaderos fans de JoJo.<\/p>\n<h3 data-start=\"1027\" data-end=\"1063\"><strong data-start=\"1031\" data-end=\"1063\">Product Features<\/strong><\/h3>\n<ul data-start=\"1064\" data-end=\"1279\">\n<li data-start=\"1064\" data-end=\"1091\">\n<p data-start=\"1066\" data-end=\"1091\">Figure of <strong data-start=\"1076\" data-end=\"1091\">Jotaro Kujo 26cm<\/strong><\/p>\n<\/li>\n<li data-start=\"1092\" data-end=\"1116\">\n<p data-start=\"1094\" data-end=\"1116\">Material: <strong data-start=\"1104\" data-end=\"1116\">plastic<\/strong><\/p>\n<\/li>\n<li data-start=\"1117\" data-end=\"1175\">\n<p data-start=\"1119\" data-end=\"1175\">Based on <em data-start=\"1129\" data-end=\"1175\">JoJo\u2019s Bizarre Adventure: Stardust Crusaders<\/em><\/p>\n<\/li>\n<li data-start=\"1176\" data-end=\"1210\">\n<p data-start=\"1178\" data-end=\"1210\">Line: <strong data-start=\"1185\" data-end=\"1210\">Ichibansho \u2013 Standoom<\/strong><\/p>\n<\/li>\n<li data-start=\"1211\" data-end=\"1232\">\n<p data-start=\"1213\" data-end=\"1232\">Highly detailed<\/p>\n<\/li>\n<li data-start=\"1233\" data-end=\"1255\">\n<p data-start=\"1235\" data-end=\"1255\">Non-articulated figure<\/p>\n<\/li>\n<li data-start=\"1256\" data-end=\"1279\">\n<p data-start=\"1258\" data-end=\"1279\">Ideal para exhibici\u00f3n<\/p>\n<\/li>\n<\/ul>\n<h3 data-start=\"1286\" data-end=\"1314\"><strong data-start=\"1290\" data-end=\"1314\">Box contents<\/strong><\/h3>\n<ul data-start=\"1315\" data-end=\"1342\">\n<li data-start=\"1315\" data-end=\"1342\">\n<p data-start=\"1317\" data-end=\"1342\">Figure of <strong data-start=\"1327\" data-end=\"1342\">Jotaro Kujo<\/strong><\/p>\n<\/li>\n<\/ul>","protected":false},"excerpt":{"rendered":"<p>Descripci\u00f3n del producto \u2b50 Bandai Spirits Ichibansho presenta a Jotaro Kujo, el ic\u00f3nico protagonista de JoJo\u2019s Bizarre Adventure: Stardust Crusaders,<\/p>","protected":false},"featured_media":7184,"template":"","meta":[],"product_cat":[442,95,99,65,71,61],"product_tag":[157,337,158,439,448,160],"class_list":{"0":"post-7178","1":"product","2":"type-product","3":"status-publish","4":"has-post-thumbnail","6":"product_cat-jojos-bizarre-adventure","7":"product_cat-banpresto","8":"product_cat-ichiban-kuji","9":"product_cat-figuras","10":"product_cat-ichiban","11":"product_cat-novedades","12":"product_tag-banpresto","13":"product_tag-figura","14":"product_tag-ichiban-sho","15":"product_tag-jojo","16":"product_tag-jotaro-kujo","17":"product_tag-masterlise","19":"first","20":"instock","21":"sale","22":"sold-individually","23":"taxable","24":"shipping-taxable","25":"purchasable","26":"product-type-simple"},"yoast_head":"<!-- This site is optimized with the Yoast SEO plugin v24.2 - https:\/\/yoast.com\/wordpress\/plugins\/seo\/ -->\n<title>Figura Kujo Jotaro Jojo\u2019S Bizarre Adventure Stardust Crusaders Standoom -Ichiban Sho Masterlise - Akatsuki anime store<\/title>\n<meta name=\"description\" content=\"Figura Jotaro Kujo 26cm de la colecci\u00f3n Ichibansho Standoom de JoJo Stardust Crusaders. Dise\u00f1o ic\u00f3nico, gran detalle y pose imponente.\" \/>\n<meta name=\"robots\" content=\"index, follow, max-snippet:-1, max-image-preview:large, max-video-preview:-1\" \/>\n<link rel=\"canonical\" href=\"https:\/\/akatsukianime.com\/en\/product\/figura-kujo-jotaro-jojos-bizarre-adventure-stardust-crusaders-standoom-ichiban-sho-masterlise\/\" \/>\n<meta property=\"og:locale\" content=\"en_US\" \/>\n<meta property=\"og:type\" content=\"article\" \/>\n<meta property=\"og:title\" content=\"Figura Kujo Jotaro Jojo\u2019S Bizarre Adventure Stardust Crusaders Standoom -Ichiban Sho Masterlise - Akatsuki anime store\" \/>\n<meta property=\"og:description\" content=\"Figura Jotaro Kujo 26cm de la colecci\u00f3n Ichibansho Standoom de JoJo Stardust Crusaders. Dise\u00f1o ic\u00f3nico, gran detalle y pose imponente.\" \/>\n<meta property=\"og:url\" content=\"https:\/\/akatsukianime.com\/en\/product\/figura-kujo-jotaro-jojos-bizarre-adventure-stardust-crusaders-standoom-ichiban-sho-masterlise\/\" \/>\n<meta property=\"og:site_name\" content=\"Akatsuki anime store\" \/>\n<meta property=\"article:modified_time\" content=\"2026-01-28T17:12:49+00:00\" \/>\n<meta property=\"og:image\" content=\"https:\/\/akatsukianime.com\/wp-content\/uploads\/2026\/01\/figura-jotaro-jojo-Ichiban.jpg\" \/>\n\t<meta property=\"og:image:width\" content=\"1000\" \/>\n\t<meta property=\"og:image:height\" content=\"1000\" \/>\n\t<meta property=\"og:image:type\" content=\"image\/jpeg\" \/>\n<meta name=\"twitter:card\" content=\"summary_large_image\" \/>\n<meta name=\"twitter:label1\" content=\"Est. reading time\" \/>\n\t<meta name=\"twitter:data1\" content=\"1 minute\" \/>\n<script type=\"application\/ld+json\" class=\"yoast-schema-graph\">{\"@context\":\"https:\/\/schema.org\",\"@graph\":[{\"@type\":[\"WebPage\",\"ItemPage\"],\"@id\":\"https:\/\/akatsukianime.com\/product\/figura-kujo-jotaro-jojos-bizarre-adventure-stardust-crusaders-standoom-ichiban-sho-masterlise\/\",\"url\":\"https:\/\/akatsukianime.com\/product\/figura-kujo-jotaro-jojos-bizarre-adventure-stardust-crusaders-standoom-ichiban-sho-masterlise\/\",\"name\":\"Figura Kujo Jotaro Jojo\u2019S Bizarre Adventure Stardust Crusaders Standoom -Ichiban Sho Masterlise - Akatsuki anime store\",\"isPartOf\":{\"@id\":\"https:\/\/akatsukianime.com\/#website\"},\"primaryImageOfPage\":{\"@id\":\"https:\/\/akatsukianime.com\/product\/figura-kujo-jotaro-jojos-bizarre-adventure-stardust-crusaders-standoom-ichiban-sho-masterlise\/#primaryimage\"},\"image\":{\"@id\":\"https:\/\/akatsukianime.com\/product\/figura-kujo-jotaro-jojos-bizarre-adventure-stardust-crusaders-standoom-ichiban-sho-masterlise\/#primaryimage\"},\"thumbnailUrl\":\"https:\/\/akatsukianime.com\/wp-content\/uploads\/2026\/01\/figura-jotaro-jojo-Ichiban.jpg\",\"datePublished\":\"2026-01-23T16:31:30+00:00\",\"dateModified\":\"2026-01-28T17:12:49+00:00\",\"description\":\"Figura Jotaro Kujo 26cm de la colecci\u00f3n Ichibansho Standoom de JoJo Stardust Crusaders. Dise\u00f1o ic\u00f3nico, gran detalle y pose imponente.\",\"breadcrumb\":{\"@id\":\"https:\/\/akatsukianime.com\/product\/figura-kujo-jotaro-jojos-bizarre-adventure-stardust-crusaders-standoom-ichiban-sho-masterlise\/#breadcrumb\"},\"inLanguage\":\"en-US\",\"potentialAction\":[{\"@type\":\"ReadAction\",\"target\":[\"https:\/\/akatsukianime.com\/product\/figura-kujo-jotaro-jojos-bizarre-adventure-stardust-crusaders-standoom-ichiban-sho-masterlise\/\"]}]},{\"@type\":\"ImageObject\",\"inLanguage\":\"en-US\",\"@id\":\"https:\/\/akatsukianime.com\/product\/figura-kujo-jotaro-jojos-bizarre-adventure-stardust-crusaders-standoom-ichiban-sho-masterlise\/#primaryimage\",\"url\":\"https:\/\/akatsukianime.com\/wp-content\/uploads\/2026\/01\/figura-jotaro-jojo-Ichiban.jpg\",\"contentUrl\":\"https:\/\/akatsukianime.com\/wp-content\/uploads\/2026\/01\/figura-jotaro-jojo-Ichiban.jpg\",\"width\":1000,\"height\":1000,\"caption\":\"figura jotaro jojo Ichiban\"},{\"@type\":\"BreadcrumbList\",\"@id\":\"https:\/\/akatsukianime.com\/product\/figura-kujo-jotaro-jojos-bizarre-adventure-stardust-crusaders-standoom-ichiban-sho-masterlise\/#breadcrumb\",\"itemListElement\":[{\"@type\":\"ListItem\",\"position\":1,\"name\":\"Portada\",\"item\":\"https:\/\/akatsukianime.com\/\"},{\"@type\":\"ListItem\",\"position\":2,\"name\":\"Tienda\",\"item\":\"https:\/\/akatsukianime.com\/tienda\/\"},{\"@type\":\"ListItem\",\"position\":3,\"name\":\"Figura Kujo Jotaro Jojo\u2019S Bizarre Adventure Stardust Crusaders Standoom -Ichiban Sho Masterlise\"}]},{\"@type\":\"WebSite\",\"@id\":\"https:\/\/akatsukianime.com\/#website\",\"url\":\"https:\/\/akatsukianime.com\/\",\"name\":\"Akatsuki anime store\",\"description\":\"\",\"potentialAction\":[{\"@type\":\"SearchAction\",\"target\":{\"@type\":\"EntryPoint\",\"urlTemplate\":\"https:\/\/akatsukianime.com\/?s={search_term_string}\"},\"query-input\":{\"@type\":\"PropertyValueSpecification\",\"valueRequired\":true,\"valueName\":\"search_term_string\"}}],\"inLanguage\":\"en-US\"}]}<\/script>\n<!-- \/ Yoast SEO plugin. -->","yoast_head_json":{"title":"Figura Kujo Jotaro Jojo\u2019S Bizarre Adventure Stardust Crusaders Standoom -Ichiban Sho Masterlise - Akatsuki anime store","description":"Figura Jotaro Kujo 26cm de la colecci\u00f3n Ichibansho Standoom de JoJo Stardust Crusaders. Dise\u00f1o ic\u00f3nico, gran detalle y pose imponente.","robots":{"index":"index","follow":"follow","max-snippet":"max-snippet:-1","max-image-preview":"max-image-preview:large","max-video-preview":"max-video-preview:-1"},"canonical":"https:\/\/akatsukianime.com\/en\/product\/figura-kujo-jotaro-jojos-bizarre-adventure-stardust-crusaders-standoom-ichiban-sho-masterlise\/","og_locale":"en_US","og_type":"article","og_title":"Figura Kujo Jotaro Jojo\u2019S Bizarre Adventure Stardust Crusaders Standoom -Ichiban Sho Masterlise - Akatsuki anime store","og_description":"Figura Jotaro Kujo 26cm de la colecci\u00f3n Ichibansho Standoom de JoJo Stardust Crusaders. Dise\u00f1o ic\u00f3nico, gran detalle y pose imponente.","og_url":"https:\/\/akatsukianime.com\/en\/product\/figura-kujo-jotaro-jojos-bizarre-adventure-stardust-crusaders-standoom-ichiban-sho-masterlise\/","og_site_name":"Akatsuki anime store","article_modified_time":"2026-01-28T17:12:49+00:00","og_image":[{"width":1000,"height":1000,"url":"https:\/\/akatsukianime.com\/wp-content\/uploads\/2026\/01\/figura-jotaro-jojo-Ichiban.jpg","type":"image\/jpeg"}],"twitter_card":"summary_large_image","twitter_misc":{"Est. reading time":"1 minute"},"schema":{"@context":"https:\/\/schema.org","@graph":[{"@type":["WebPage","ItemPage"],"@id":"https:\/\/akatsukianime.com\/product\/figura-kujo-jotaro-jojos-bizarre-adventure-stardust-crusaders-standoom-ichiban-sho-masterlise\/","url":"https:\/\/akatsukianime.com\/product\/figura-kujo-jotaro-jojos-bizarre-adventure-stardust-crusaders-standoom-ichiban-sho-masterlise\/","name":"Figura Kujo Jotaro Jojo\u2019S Bizarre Adventure Stardust Crusaders Standoom -Ichiban Sho Masterlise - Akatsuki anime store","isPartOf":{"@id":"https:\/\/akatsukianime.com\/#website"},"primaryImageOfPage":{"@id":"https:\/\/akatsukianime.com\/product\/figura-kujo-jotaro-jojos-bizarre-adventure-stardust-crusaders-standoom-ichiban-sho-masterlise\/#primaryimage"},"image":{"@id":"https:\/\/akatsukianime.com\/product\/figura-kujo-jotaro-jojos-bizarre-adventure-stardust-crusaders-standoom-ichiban-sho-masterlise\/#primaryimage"},"thumbnailUrl":"https:\/\/akatsukianime.com\/wp-content\/uploads\/2026\/01\/figura-jotaro-jojo-Ichiban.jpg","datePublished":"2026-01-23T16:31:30+00:00","dateModified":"2026-01-28T17:12:49+00:00","description":"Figura Jotaro Kujo 26cm de la colecci\u00f3n Ichibansho Standoom de JoJo Stardust Crusaders. Dise\u00f1o ic\u00f3nico, gran detalle y pose imponente.","breadcrumb":{"@id":"https:\/\/akatsukianime.com\/product\/figura-kujo-jotaro-jojos-bizarre-adventure-stardust-crusaders-standoom-ichiban-sho-masterlise\/#breadcrumb"},"inLanguage":"en-US","potentialAction":[{"@type":"ReadAction","target":["https:\/\/akatsukianime.com\/product\/figura-kujo-jotaro-jojos-bizarre-adventure-stardust-crusaders-standoom-ichiban-sho-masterlise\/"]}]},{"@type":"ImageObject","inLanguage":"en-US","@id":"https:\/\/akatsukianime.com\/product\/figura-kujo-jotaro-jojos-bizarre-adventure-stardust-crusaders-standoom-ichiban-sho-masterlise\/#primaryimage","url":"https:\/\/akatsukianime.com\/wp-content\/uploads\/2026\/01\/figura-jotaro-jojo-Ichiban.jpg","contentUrl":"https:\/\/akatsukianime.com\/wp-content\/uploads\/2026\/01\/figura-jotaro-jojo-Ichiban.jpg","width":1000,"height":1000,"caption":"figura jotaro jojo Ichiban"},{"@type":"BreadcrumbList","@id":"https:\/\/akatsukianime.com\/product\/figura-kujo-jotaro-jojos-bizarre-adventure-stardust-crusaders-standoom-ichiban-sho-masterlise\/#breadcrumb","itemListElement":[{"@type":"ListItem","position":1,"name":"Portada","item":"https:\/\/akatsukianime.com\/"},{"@type":"ListItem","position":2,"name":"Tienda","item":"https:\/\/akatsukianime.com\/tienda\/"},{"@type":"ListItem","position":3,"name":"Figura Kujo Jotaro Jojo\u2019S Bizarre Adventure Stardust Crusaders Standoom -Ichiban Sho Masterlise"}]},{"@type":"WebSite","@id":"https:\/\/akatsukianime.com\/#website","url":"https:\/\/akatsukianime.com\/","name":"Akatsuki anime store","description":"","potentialAction":[{"@type":"SearchAction","target":{"@type":"EntryPoint","urlTemplate":"https:\/\/akatsukianime.com\/?s={search_term_string}"},"query-input":{"@type":"PropertyValueSpecification","valueRequired":true,"valueName":"search_term_string"}}],"inLanguage":"en-US"}]}},"jetpack_sharing_enabled":true,"_links":{"self":[{"href":"https:\/\/akatsukianime.com\/en\/wp-json\/wp\/v2\/product\/7178","targetHints":{"allow":["GET"]}}],"collection":[{"href":"https:\/\/akatsukianime.com\/en\/wp-json\/wp\/v2\/product"}],"about":[{"href":"https:\/\/akatsukianime.com\/en\/wp-json\/wp\/v2\/types\/product"}],"version-history":[{"count":1,"href":"https:\/\/akatsukianime.com\/en\/wp-json\/wp\/v2\/product\/7178\/revisions"}],"predecessor-version":[{"id":7185,"href":"https:\/\/akatsukianime.com\/en\/wp-json\/wp\/v2\/product\/7178\/revisions\/7185"}],"wp:featuredmedia":[{"embeddable":true,"href":"https:\/\/akatsukianime.com\/en\/wp-json\/wp\/v2\/media\/7184"}],"wp:attachment":[{"href":"https:\/\/akatsukianime.com\/en\/wp-json\/wp\/v2\/media?parent=7178"}],"wp:term":[{"taxonomy":"product_cat","embeddable":true,"href":"https:\/\/akatsukianime.com\/en\/wp-json\/wp\/v2\/product_cat?post=7178"},{"taxonomy":"product_tag","embeddable":true,"href":"https:\/\/akatsukianime.com\/en\/wp-json\/wp\/v2\/product_tag?post=7178"}],"curies":[{"name":"wp","href":"https:\/\/api.w.org\/{rel}","templated":true}]}}