{"id":7186,"date":"2026-01-23T17:42:13","date_gmt":"2026-01-23T16:42:13","guid":{"rendered":"https:\/\/akatsukianime.com\/?post_type=product&#038;p=7186"},"modified":"2026-01-28T18:13:19","modified_gmt":"2026-01-28T17:13:19","slug":"figura-the-world-jojos-bizarre-adventure-stardust-crusaders-standoom-ichiban-sho-masterlise","status":"publish","type":"product","link":"https:\/\/akatsukianime.com\/en\/product\/figura-the-world-jojos-bizarre-adventure-stardust-crusaders-standoom-ichiban-sho-masterlise\/","title":{"rendered":"Figura The World Jojo\u2019S Bizarre Adventure Stardust Crusaders Standoom -Ichiban Sho Masterlise"},"content":{"rendered":"<h3 data-start=\"1644\" data-end=\"1678\"><strong data-start=\"1648\" data-end=\"1676\">Product description<\/strong><\/h3>\n<p data-start=\"1679\" data-end=\"1864\">\u2b50 <strong data-start=\"1681\" data-end=\"1710\">Bandai Spirits Ichibansho<\/strong> presenta a <strong data-start=\"1722\" data-end=\"1735\">The World<\/strong>, el temible Stand de Dio Brando, dentro de la espectacular l\u00ednea <strong data-start=\"1801\" data-end=\"1813\">Standoom<\/strong> of <em data-start=\"1817\" data-end=\"1863\">JoJo\u2019s Bizarre Adventure: Stardust Crusaders<\/em>.<\/p>\n<p data-start=\"1866\" data-end=\"2156\">Esta figura captura a The World en una pose poderosa y amenazante, transmitiendo toda la fuerza y presencia de uno de los Stands m\u00e1s ic\u00f3nicos del anime. Su dise\u00f1o musculoso, expresi\u00f3n feroz y detalles cuidadosamente esculpidos lo convierten en una pieza impactante para cualquier colecci\u00f3n.<\/p>\n<p data-start=\"2158\" data-end=\"2331\">The line <strong data-start=\"2167\" data-end=\"2179\">Standoom<\/strong> est\u00e1 pensada para destacar la grandeza y poder de los Stands, ofreciendo figuras de alto impacto visual y calidad premium, ideales para exhibici\u00f3n.<\/p>\n<h3 data-start=\"2338\" data-end=\"2374\"><strong data-start=\"2342\" data-end=\"2374\">Product Features<\/strong><\/h3>\n<ul data-start=\"2375\" data-end=\"2588\">\n<li data-start=\"2375\" data-end=\"2400\">\n<p data-start=\"2377\" data-end=\"2400\">Figure of <strong data-start=\"2387\" data-end=\"2400\">The World 24cm<\/strong><\/p>\n<\/li>\n<li data-start=\"2401\" data-end=\"2425\">\n<p data-start=\"2403\" data-end=\"2425\">Material: <strong data-start=\"2413\" data-end=\"2425\">plastic<\/strong><\/p>\n<\/li>\n<li data-start=\"2426\" data-end=\"2484\">\n<p data-start=\"2428\" data-end=\"2484\">Based on <em data-start=\"2438\" data-end=\"2484\">JoJo\u2019s Bizarre Adventure: Stardust Crusaders<\/em><\/p>\n<\/li>\n<li data-start=\"2485\" data-end=\"2519\">\n<p data-start=\"2487\" data-end=\"2519\">Line: <strong data-start=\"2494\" data-end=\"2519\">Ichibansho \u2013 Standoom<\/strong><\/p>\n<\/li>\n<li data-start=\"2520\" data-end=\"2541\">\n<p data-start=\"2522\" data-end=\"2541\">Highly detailed<\/p>\n<\/li>\n<li data-start=\"2542\" data-end=\"2564\">\n<p data-start=\"2544\" data-end=\"2564\">Non-articulated figure<\/p>\n<\/li>\n<li data-start=\"2565\" data-end=\"2588\">\n<p data-start=\"2567\" data-end=\"2588\">Ideal para exhibici\u00f3n<\/p>\n<\/li>\n<\/ul>\n<hr data-start=\"2590\" data-end=\"2593\" \/>\n<h3 data-start=\"2595\" data-end=\"2623\"><strong data-start=\"2599\" data-end=\"2623\">Box contents<\/strong><\/h3>\n<ul data-start=\"2624\" data-end=\"2649\">\n<li data-start=\"2624\" data-end=\"2649\">\n<p data-start=\"2626\" data-end=\"2649\">Figure of <strong data-start=\"2636\" data-end=\"2649\">The World<\/strong><\/p>\n<\/li>\n<\/ul>","protected":false},"excerpt":{"rendered":"<p>Descripci\u00f3n del producto \u2b50 Bandai Spirits Ichibansho presenta a The World, el temible Stand de Dio Brando, dentro de la<\/p>","protected":false},"featured_media":7191,"template":"","meta":[],"product_cat":[442,95,99,65,71,61],"product_tag":[157,337,158,439,160,450],"class_list":{"0":"post-7186","1":"product","2":"type-product","3":"status-publish","4":"has-post-thumbnail","6":"product_cat-jojos-bizarre-adventure","7":"product_cat-banpresto","8":"product_cat-ichiban-kuji","9":"product_cat-figuras","10":"product_cat-ichiban","11":"product_cat-novedades","12":"product_tag-banpresto","13":"product_tag-figura","14":"product_tag-ichiban-sho","15":"product_tag-jojo","16":"product_tag-masterlise","17":"product_tag-the-world","19":"first","20":"instock","21":"sale","22":"sold-individually","23":"taxable","24":"shipping-taxable","25":"purchasable","26":"product-type-simple"},"yoast_head":"<!-- This site is optimized with the Yoast SEO plugin v24.2 - https:\/\/yoast.com\/wordpress\/plugins\/seo\/ -->\n<title>Figura The World Jojo\u2019S Bizarre Adventure Stardust Crusaders Standoom -Ichiban Sho Masterlise - Akatsuki anime store<\/title>\n<meta name=\"description\" content=\"Figura The World de 24cm de alto, Ichibansho Standoom de JoJo Stardust Crusaders. Stand ic\u00f3nico con dise\u00f1o imponente y gran detalle.\" \/>\n<meta name=\"robots\" content=\"index, follow, max-snippet:-1, max-image-preview:large, max-video-preview:-1\" \/>\n<link rel=\"canonical\" href=\"https:\/\/akatsukianime.com\/en\/product\/figura-the-world-jojos-bizarre-adventure-stardust-crusaders-standoom-ichiban-sho-masterlise\/\" \/>\n<meta property=\"og:locale\" content=\"en_US\" \/>\n<meta property=\"og:type\" content=\"article\" \/>\n<meta property=\"og:title\" content=\"Figura The World Jojo\u2019S Bizarre Adventure Stardust Crusaders Standoom -Ichiban Sho Masterlise - Akatsuki anime store\" \/>\n<meta property=\"og:description\" content=\"Figura The World de 24cm de alto, Ichibansho Standoom de JoJo Stardust Crusaders. Stand ic\u00f3nico con dise\u00f1o imponente y gran detalle.\" \/>\n<meta property=\"og:url\" content=\"https:\/\/akatsukianime.com\/en\/product\/figura-the-world-jojos-bizarre-adventure-stardust-crusaders-standoom-ichiban-sho-masterlise\/\" \/>\n<meta property=\"og:site_name\" content=\"Akatsuki anime store\" \/>\n<meta property=\"article:modified_time\" content=\"2026-01-28T17:13:19+00:00\" \/>\n<meta property=\"og:image\" content=\"https:\/\/akatsukianime.com\/wp-content\/uploads\/2026\/01\/figura-world-jojo-ichiban.jpg\" \/>\n\t<meta property=\"og:image:width\" content=\"1000\" \/>\n\t<meta property=\"og:image:height\" content=\"1000\" \/>\n\t<meta property=\"og:image:type\" content=\"image\/jpeg\" \/>\n<meta name=\"twitter:card\" content=\"summary_large_image\" \/>\n<meta name=\"twitter:label1\" content=\"Est. reading time\" \/>\n\t<meta name=\"twitter:data1\" content=\"1 minute\" \/>\n<script type=\"application\/ld+json\" class=\"yoast-schema-graph\">{\"@context\":\"https:\/\/schema.org\",\"@graph\":[{\"@type\":[\"WebPage\",\"ItemPage\"],\"@id\":\"https:\/\/akatsukianime.com\/product\/figura-the-world-jojos-bizarre-adventure-stardust-crusaders-standoom-ichiban-sho-masterlise\/\",\"url\":\"https:\/\/akatsukianime.com\/product\/figura-the-world-jojos-bizarre-adventure-stardust-crusaders-standoom-ichiban-sho-masterlise\/\",\"name\":\"Figura The World Jojo\u2019S Bizarre Adventure Stardust Crusaders Standoom -Ichiban Sho Masterlise - Akatsuki anime store\",\"isPartOf\":{\"@id\":\"https:\/\/akatsukianime.com\/#website\"},\"primaryImageOfPage\":{\"@id\":\"https:\/\/akatsukianime.com\/product\/figura-the-world-jojos-bizarre-adventure-stardust-crusaders-standoom-ichiban-sho-masterlise\/#primaryimage\"},\"image\":{\"@id\":\"https:\/\/akatsukianime.com\/product\/figura-the-world-jojos-bizarre-adventure-stardust-crusaders-standoom-ichiban-sho-masterlise\/#primaryimage\"},\"thumbnailUrl\":\"https:\/\/akatsukianime.com\/wp-content\/uploads\/2026\/01\/figura-world-jojo-ichiban.jpg\",\"datePublished\":\"2026-01-23T16:42:13+00:00\",\"dateModified\":\"2026-01-28T17:13:19+00:00\",\"description\":\"Figura The World de 24cm de alto, Ichibansho Standoom de JoJo Stardust Crusaders. Stand ic\u00f3nico con dise\u00f1o imponente y gran detalle.\",\"breadcrumb\":{\"@id\":\"https:\/\/akatsukianime.com\/product\/figura-the-world-jojos-bizarre-adventure-stardust-crusaders-standoom-ichiban-sho-masterlise\/#breadcrumb\"},\"inLanguage\":\"en-US\",\"potentialAction\":[{\"@type\":\"ReadAction\",\"target\":[\"https:\/\/akatsukianime.com\/product\/figura-the-world-jojos-bizarre-adventure-stardust-crusaders-standoom-ichiban-sho-masterlise\/\"]}]},{\"@type\":\"ImageObject\",\"inLanguage\":\"en-US\",\"@id\":\"https:\/\/akatsukianime.com\/product\/figura-the-world-jojos-bizarre-adventure-stardust-crusaders-standoom-ichiban-sho-masterlise\/#primaryimage\",\"url\":\"https:\/\/akatsukianime.com\/wp-content\/uploads\/2026\/01\/figura-world-jojo-ichiban.jpg\",\"contentUrl\":\"https:\/\/akatsukianime.com\/wp-content\/uploads\/2026\/01\/figura-world-jojo-ichiban.jpg\",\"width\":1000,\"height\":1000,\"caption\":\"figura world jojo ichiban\"},{\"@type\":\"BreadcrumbList\",\"@id\":\"https:\/\/akatsukianime.com\/product\/figura-the-world-jojos-bizarre-adventure-stardust-crusaders-standoom-ichiban-sho-masterlise\/#breadcrumb\",\"itemListElement\":[{\"@type\":\"ListItem\",\"position\":1,\"name\":\"Portada\",\"item\":\"https:\/\/akatsukianime.com\/\"},{\"@type\":\"ListItem\",\"position\":2,\"name\":\"Tienda\",\"item\":\"https:\/\/akatsukianime.com\/tienda\/\"},{\"@type\":\"ListItem\",\"position\":3,\"name\":\"Figura The World Jojo\u2019S Bizarre Adventure Stardust Crusaders Standoom -Ichiban Sho Masterlise\"}]},{\"@type\":\"WebSite\",\"@id\":\"https:\/\/akatsukianime.com\/#website\",\"url\":\"https:\/\/akatsukianime.com\/\",\"name\":\"Akatsuki anime store\",\"description\":\"\",\"potentialAction\":[{\"@type\":\"SearchAction\",\"target\":{\"@type\":\"EntryPoint\",\"urlTemplate\":\"https:\/\/akatsukianime.com\/?s={search_term_string}\"},\"query-input\":{\"@type\":\"PropertyValueSpecification\",\"valueRequired\":true,\"valueName\":\"search_term_string\"}}],\"inLanguage\":\"en-US\"}]}<\/script>\n<!-- \/ Yoast SEO plugin. -->","yoast_head_json":{"title":"Figura The World Jojo\u2019S Bizarre Adventure Stardust Crusaders Standoom -Ichiban Sho Masterlise - Akatsuki anime store","description":"Figura The World de 24cm de alto, Ichibansho Standoom de JoJo Stardust Crusaders. Stand ic\u00f3nico con dise\u00f1o imponente y gran detalle.","robots":{"index":"index","follow":"follow","max-snippet":"max-snippet:-1","max-image-preview":"max-image-preview:large","max-video-preview":"max-video-preview:-1"},"canonical":"https:\/\/akatsukianime.com\/en\/product\/figura-the-world-jojos-bizarre-adventure-stardust-crusaders-standoom-ichiban-sho-masterlise\/","og_locale":"en_US","og_type":"article","og_title":"Figura The World Jojo\u2019S Bizarre Adventure Stardust Crusaders Standoom -Ichiban Sho Masterlise - Akatsuki anime store","og_description":"Figura The World de 24cm de alto, Ichibansho Standoom de JoJo Stardust Crusaders. Stand ic\u00f3nico con dise\u00f1o imponente y gran detalle.","og_url":"https:\/\/akatsukianime.com\/en\/product\/figura-the-world-jojos-bizarre-adventure-stardust-crusaders-standoom-ichiban-sho-masterlise\/","og_site_name":"Akatsuki anime store","article_modified_time":"2026-01-28T17:13:19+00:00","og_image":[{"width":1000,"height":1000,"url":"https:\/\/akatsukianime.com\/wp-content\/uploads\/2026\/01\/figura-world-jojo-ichiban.jpg","type":"image\/jpeg"}],"twitter_card":"summary_large_image","twitter_misc":{"Est. reading time":"1 minute"},"schema":{"@context":"https:\/\/schema.org","@graph":[{"@type":["WebPage","ItemPage"],"@id":"https:\/\/akatsukianime.com\/product\/figura-the-world-jojos-bizarre-adventure-stardust-crusaders-standoom-ichiban-sho-masterlise\/","url":"https:\/\/akatsukianime.com\/product\/figura-the-world-jojos-bizarre-adventure-stardust-crusaders-standoom-ichiban-sho-masterlise\/","name":"Figura The World Jojo\u2019S Bizarre Adventure Stardust Crusaders Standoom -Ichiban Sho Masterlise - Akatsuki anime store","isPartOf":{"@id":"https:\/\/akatsukianime.com\/#website"},"primaryImageOfPage":{"@id":"https:\/\/akatsukianime.com\/product\/figura-the-world-jojos-bizarre-adventure-stardust-crusaders-standoom-ichiban-sho-masterlise\/#primaryimage"},"image":{"@id":"https:\/\/akatsukianime.com\/product\/figura-the-world-jojos-bizarre-adventure-stardust-crusaders-standoom-ichiban-sho-masterlise\/#primaryimage"},"thumbnailUrl":"https:\/\/akatsukianime.com\/wp-content\/uploads\/2026\/01\/figura-world-jojo-ichiban.jpg","datePublished":"2026-01-23T16:42:13+00:00","dateModified":"2026-01-28T17:13:19+00:00","description":"Figura The World de 24cm de alto, Ichibansho Standoom de JoJo Stardust Crusaders. Stand ic\u00f3nico con dise\u00f1o imponente y gran detalle.","breadcrumb":{"@id":"https:\/\/akatsukianime.com\/product\/figura-the-world-jojos-bizarre-adventure-stardust-crusaders-standoom-ichiban-sho-masterlise\/#breadcrumb"},"inLanguage":"en-US","potentialAction":[{"@type":"ReadAction","target":["https:\/\/akatsukianime.com\/product\/figura-the-world-jojos-bizarre-adventure-stardust-crusaders-standoom-ichiban-sho-masterlise\/"]}]},{"@type":"ImageObject","inLanguage":"en-US","@id":"https:\/\/akatsukianime.com\/product\/figura-the-world-jojos-bizarre-adventure-stardust-crusaders-standoom-ichiban-sho-masterlise\/#primaryimage","url":"https:\/\/akatsukianime.com\/wp-content\/uploads\/2026\/01\/figura-world-jojo-ichiban.jpg","contentUrl":"https:\/\/akatsukianime.com\/wp-content\/uploads\/2026\/01\/figura-world-jojo-ichiban.jpg","width":1000,"height":1000,"caption":"figura world jojo ichiban"},{"@type":"BreadcrumbList","@id":"https:\/\/akatsukianime.com\/product\/figura-the-world-jojos-bizarre-adventure-stardust-crusaders-standoom-ichiban-sho-masterlise\/#breadcrumb","itemListElement":[{"@type":"ListItem","position":1,"name":"Portada","item":"https:\/\/akatsukianime.com\/"},{"@type":"ListItem","position":2,"name":"Tienda","item":"https:\/\/akatsukianime.com\/tienda\/"},{"@type":"ListItem","position":3,"name":"Figura The World Jojo\u2019S Bizarre Adventure Stardust Crusaders Standoom -Ichiban Sho Masterlise"}]},{"@type":"WebSite","@id":"https:\/\/akatsukianime.com\/#website","url":"https:\/\/akatsukianime.com\/","name":"Akatsuki anime store","description":"","potentialAction":[{"@type":"SearchAction","target":{"@type":"EntryPoint","urlTemplate":"https:\/\/akatsukianime.com\/?s={search_term_string}"},"query-input":{"@type":"PropertyValueSpecification","valueRequired":true,"valueName":"search_term_string"}}],"inLanguage":"en-US"}]}},"jetpack_sharing_enabled":true,"_links":{"self":[{"href":"https:\/\/akatsukianime.com\/en\/wp-json\/wp\/v2\/product\/7186","targetHints":{"allow":["GET"]}}],"collection":[{"href":"https:\/\/akatsukianime.com\/en\/wp-json\/wp\/v2\/product"}],"about":[{"href":"https:\/\/akatsukianime.com\/en\/wp-json\/wp\/v2\/types\/product"}],"version-history":[{"count":2,"href":"https:\/\/akatsukianime.com\/en\/wp-json\/wp\/v2\/product\/7186\/revisions"}],"predecessor-version":[{"id":7358,"href":"https:\/\/akatsukianime.com\/en\/wp-json\/wp\/v2\/product\/7186\/revisions\/7358"}],"wp:featuredmedia":[{"embeddable":true,"href":"https:\/\/akatsukianime.com\/en\/wp-json\/wp\/v2\/media\/7191"}],"wp:attachment":[{"href":"https:\/\/akatsukianime.com\/en\/wp-json\/wp\/v2\/media?parent=7186"}],"wp:term":[{"taxonomy":"product_cat","embeddable":true,"href":"https:\/\/akatsukianime.com\/en\/wp-json\/wp\/v2\/product_cat?post=7186"},{"taxonomy":"product_tag","embeddable":true,"href":"https:\/\/akatsukianime.com\/en\/wp-json\/wp\/v2\/product_tag?post=7186"}],"curies":[{"name":"wp","href":"https:\/\/api.w.org\/{rel}","templated":true}]}}