{"id":7193,"date":"2026-01-23T18:19:20","date_gmt":"2026-01-23T17:19:20","guid":{"rendered":"https:\/\/akatsukianime.com\/?post_type=product&#038;p=7193"},"modified":"2026-01-28T18:11:52","modified_gmt":"2026-01-28T17:11:52","slug":"figura-dio-brando-jojos-bizarre-adventure-stardust-crusaders-standoom-ichiban-sho-masterlise","status":"publish","type":"product","link":"https:\/\/akatsukianime.com\/en\/product\/figura-dio-brando-jojos-bizarre-adventure-stardust-crusaders-standoom-ichiban-sho-masterlise\/","title":{"rendered":"Figura Dio Brando Jojo\u2019S Bizarre Adventure Stardust Crusaders Standoom -Ichiban Sho Masterlise"},"content":{"rendered":"<h3 data-start=\"298\" data-end=\"332\"><strong data-start=\"302\" data-end=\"330\">Product description<\/strong><\/h3>\n<p data-start=\"333\" data-end=\"506\">\u2b50 <strong data-start=\"335\" data-end=\"364\">Bandai Spirits Ichibansho<\/strong> presenta al legendario villano <strong data-start=\"396\" data-end=\"410\">Dio Brando<\/strong> of <em data-start=\"414\" data-end=\"460\">JoJo\u2019s Bizarre Adventure: Stardust Crusaders<\/em> como parte de la poderosa l\u00ednea <strong data-start=\"493\" data-end=\"505\">Standoom<\/strong>.<\/p>\n<p data-start=\"508\" data-end=\"794\">Esta figura muestra a Dio en una pose arrogante y dominante, capturando a la perfecci\u00f3n su personalidad cruel y su ambici\u00f3n desmedida por el poder absoluto. Con su inconfundible vestimenta y expresi\u00f3n desafiante, Dio se presenta como el enemigo definitivo de la saga Stardust Crusaders.<\/p>\n<p data-start=\"796\" data-end=\"995\">The line <strong data-start=\"805\" data-end=\"817\">Standoom<\/strong> destaca por su imponente presencia y alto nivel de detalle, ideal para recrear los enfrentamientos m\u00e1s memorables del anime. Una pieza imprescindible para cualquier fan de JoJo.<\/p>\n<h3 data-start=\"1002\" data-end=\"1038\"><strong data-start=\"1006\" data-end=\"1038\">Product Features<\/strong><\/h3>\n<ul data-start=\"1039\" data-end=\"1253\">\n<li data-start=\"1039\" data-end=\"1065\">\n<p data-start=\"1041\" data-end=\"1065\">Figure of <strong data-start=\"1051\" data-end=\"1065\">Dio Brando 26cm<\/strong><\/p>\n<\/li>\n<li data-start=\"1066\" data-end=\"1090\">\n<p data-start=\"1068\" data-end=\"1090\">Material: <strong data-start=\"1078\" data-end=\"1090\">plastic<\/strong><\/p>\n<\/li>\n<li data-start=\"1091\" data-end=\"1149\">\n<p data-start=\"1093\" data-end=\"1149\">Based on <em data-start=\"1103\" data-end=\"1149\">JoJo\u2019s Bizarre Adventure: Stardust Crusaders<\/em><\/p>\n<\/li>\n<li data-start=\"1150\" data-end=\"1184\">\n<p data-start=\"1152\" data-end=\"1184\">Line: <strong data-start=\"1159\" data-end=\"1184\">Ichibansho \u2013 Standoom<\/strong><\/p>\n<\/li>\n<li data-start=\"1185\" data-end=\"1206\">\n<p data-start=\"1187\" data-end=\"1206\">Highly detailed<\/p>\n<\/li>\n<li data-start=\"1207\" data-end=\"1229\">\n<p data-start=\"1209\" data-end=\"1229\">Non-articulated figure<\/p>\n<\/li>\n<li data-start=\"1230\" data-end=\"1253\">\n<p data-start=\"1232\" data-end=\"1253\">Ideal para exhibici\u00f3n<\/p>\n<\/li>\n<\/ul>\n<h3 data-start=\"1260\" data-end=\"1288\"><strong data-start=\"1264\" data-end=\"1288\">Box contents<\/strong><\/h3>\n<ul data-start=\"1289\" data-end=\"1315\">\n<li data-start=\"1289\" data-end=\"1315\">\n<p data-start=\"1291\" data-end=\"1315\">Figure of <strong data-start=\"1301\" data-end=\"1315\">Dio Brando<\/strong><\/p>\n<\/li>\n<\/ul>","protected":false},"excerpt":{"rendered":"<p>Descripci\u00f3n del producto \u2b50 Bandai Spirits Ichibansho presenta al legendario villano Dio Brando de JoJo\u2019s Bizarre Adventure: Stardust Crusaders como<\/p>","protected":false},"featured_media":7199,"template":"","meta":[],"product_cat":[442,95,99,65,71,61],"product_tag":[157,444,158,439,160],"class_list":{"0":"post-7193","1":"product","2":"type-product","3":"status-publish","4":"has-post-thumbnail","6":"product_cat-jojos-bizarre-adventure","7":"product_cat-banpresto","8":"product_cat-ichiban-kuji","9":"product_cat-figuras","10":"product_cat-ichiban","11":"product_cat-novedades","12":"product_tag-banpresto","13":"product_tag-dio-brando","14":"product_tag-ichiban-sho","15":"product_tag-jojo","16":"product_tag-masterlise","18":"first","19":"instock","20":"sale","21":"sold-individually","22":"taxable","23":"shipping-taxable","24":"purchasable","25":"product-type-simple"},"yoast_head":"<!-- This site is optimized with the Yoast SEO plugin v24.2 - https:\/\/yoast.com\/wordpress\/plugins\/seo\/ -->\n<title>Figura Dio Brando Jojo\u2019S Bizarre Adventure Stardust Crusaders Standoom -Ichiban Sho Masterlise - Akatsuki anime store<\/title>\n<meta name=\"description\" content=\"Figura Dio Brando de 26cm de altura, en colecci\u00f3n Ichibansho Standoom de JoJo Stardust Crusaders. Dise\u00f1o imponente y gran nivel de detalle.\" \/>\n<meta name=\"robots\" content=\"index, follow, max-snippet:-1, max-image-preview:large, max-video-preview:-1\" \/>\n<link rel=\"canonical\" href=\"https:\/\/akatsukianime.com\/en\/product\/figura-dio-brando-jojos-bizarre-adventure-stardust-crusaders-standoom-ichiban-sho-masterlise\/\" \/>\n<meta property=\"og:locale\" content=\"en_US\" \/>\n<meta property=\"og:type\" content=\"article\" \/>\n<meta property=\"og:title\" content=\"Figura Dio Brando Jojo\u2019S Bizarre Adventure Stardust Crusaders Standoom -Ichiban Sho Masterlise - Akatsuki anime store\" \/>\n<meta property=\"og:description\" content=\"Figura Dio Brando de 26cm de altura, en colecci\u00f3n Ichibansho Standoom de JoJo Stardust Crusaders. Dise\u00f1o imponente y gran nivel de detalle.\" \/>\n<meta property=\"og:url\" content=\"https:\/\/akatsukianime.com\/en\/product\/figura-dio-brando-jojos-bizarre-adventure-stardust-crusaders-standoom-ichiban-sho-masterlise\/\" \/>\n<meta property=\"og:site_name\" content=\"Akatsuki anime store\" \/>\n<meta property=\"article:modified_time\" content=\"2026-01-28T17:11:52+00:00\" \/>\n<meta property=\"og:image\" content=\"https:\/\/akatsukianime.com\/wp-content\/uploads\/2026\/01\/figura-dio-brando-jojo.jpg\" \/>\n\t<meta property=\"og:image:width\" content=\"1000\" \/>\n\t<meta property=\"og:image:height\" content=\"1000\" \/>\n\t<meta property=\"og:image:type\" content=\"image\/jpeg\" \/>\n<meta name=\"twitter:card\" content=\"summary_large_image\" \/>\n<meta name=\"twitter:label1\" content=\"Est. reading time\" \/>\n\t<meta name=\"twitter:data1\" content=\"1 minute\" \/>\n<script type=\"application\/ld+json\" class=\"yoast-schema-graph\">{\"@context\":\"https:\/\/schema.org\",\"@graph\":[{\"@type\":[\"WebPage\",\"ItemPage\"],\"@id\":\"https:\/\/akatsukianime.com\/product\/figura-dio-brando-jojos-bizarre-adventure-stardust-crusaders-standoom-ichiban-sho-masterlise\/\",\"url\":\"https:\/\/akatsukianime.com\/product\/figura-dio-brando-jojos-bizarre-adventure-stardust-crusaders-standoom-ichiban-sho-masterlise\/\",\"name\":\"Figura Dio Brando Jojo\u2019S Bizarre Adventure Stardust Crusaders Standoom -Ichiban Sho Masterlise - Akatsuki anime store\",\"isPartOf\":{\"@id\":\"https:\/\/akatsukianime.com\/#website\"},\"primaryImageOfPage\":{\"@id\":\"https:\/\/akatsukianime.com\/product\/figura-dio-brando-jojos-bizarre-adventure-stardust-crusaders-standoom-ichiban-sho-masterlise\/#primaryimage\"},\"image\":{\"@id\":\"https:\/\/akatsukianime.com\/product\/figura-dio-brando-jojos-bizarre-adventure-stardust-crusaders-standoom-ichiban-sho-masterlise\/#primaryimage\"},\"thumbnailUrl\":\"https:\/\/akatsukianime.com\/wp-content\/uploads\/2026\/01\/figura-dio-brando-jojo.jpg\",\"datePublished\":\"2026-01-23T17:19:20+00:00\",\"dateModified\":\"2026-01-28T17:11:52+00:00\",\"description\":\"Figura Dio Brando de 26cm de altura, en colecci\u00f3n Ichibansho Standoom de JoJo Stardust Crusaders. Dise\u00f1o imponente y gran nivel de detalle.\",\"breadcrumb\":{\"@id\":\"https:\/\/akatsukianime.com\/product\/figura-dio-brando-jojos-bizarre-adventure-stardust-crusaders-standoom-ichiban-sho-masterlise\/#breadcrumb\"},\"inLanguage\":\"en-US\",\"potentialAction\":[{\"@type\":\"ReadAction\",\"target\":[\"https:\/\/akatsukianime.com\/product\/figura-dio-brando-jojos-bizarre-adventure-stardust-crusaders-standoom-ichiban-sho-masterlise\/\"]}]},{\"@type\":\"ImageObject\",\"inLanguage\":\"en-US\",\"@id\":\"https:\/\/akatsukianime.com\/product\/figura-dio-brando-jojos-bizarre-adventure-stardust-crusaders-standoom-ichiban-sho-masterlise\/#primaryimage\",\"url\":\"https:\/\/akatsukianime.com\/wp-content\/uploads\/2026\/01\/figura-dio-brando-jojo.jpg\",\"contentUrl\":\"https:\/\/akatsukianime.com\/wp-content\/uploads\/2026\/01\/figura-dio-brando-jojo.jpg\",\"width\":1000,\"height\":1000,\"caption\":\"figura dio brando jojo\"},{\"@type\":\"BreadcrumbList\",\"@id\":\"https:\/\/akatsukianime.com\/product\/figura-dio-brando-jojos-bizarre-adventure-stardust-crusaders-standoom-ichiban-sho-masterlise\/#breadcrumb\",\"itemListElement\":[{\"@type\":\"ListItem\",\"position\":1,\"name\":\"Portada\",\"item\":\"https:\/\/akatsukianime.com\/\"},{\"@type\":\"ListItem\",\"position\":2,\"name\":\"Tienda\",\"item\":\"https:\/\/akatsukianime.com\/tienda\/\"},{\"@type\":\"ListItem\",\"position\":3,\"name\":\"Figura Dio Brando Jojo\u2019S Bizarre Adventure Stardust Crusaders Standoom -Ichiban Sho Masterlise\"}]},{\"@type\":\"WebSite\",\"@id\":\"https:\/\/akatsukianime.com\/#website\",\"url\":\"https:\/\/akatsukianime.com\/\",\"name\":\"Akatsuki anime store\",\"description\":\"\",\"potentialAction\":[{\"@type\":\"SearchAction\",\"target\":{\"@type\":\"EntryPoint\",\"urlTemplate\":\"https:\/\/akatsukianime.com\/?s={search_term_string}\"},\"query-input\":{\"@type\":\"PropertyValueSpecification\",\"valueRequired\":true,\"valueName\":\"search_term_string\"}}],\"inLanguage\":\"en-US\"}]}<\/script>\n<!-- \/ Yoast SEO plugin. -->","yoast_head_json":{"title":"Figura Dio Brando Jojo\u2019S Bizarre Adventure Stardust Crusaders Standoom -Ichiban Sho Masterlise - Akatsuki anime store","description":"Figura Dio Brando de 26cm de altura, en colecci\u00f3n Ichibansho Standoom de JoJo Stardust Crusaders. Dise\u00f1o imponente y gran nivel de detalle.","robots":{"index":"index","follow":"follow","max-snippet":"max-snippet:-1","max-image-preview":"max-image-preview:large","max-video-preview":"max-video-preview:-1"},"canonical":"https:\/\/akatsukianime.com\/en\/product\/figura-dio-brando-jojos-bizarre-adventure-stardust-crusaders-standoom-ichiban-sho-masterlise\/","og_locale":"en_US","og_type":"article","og_title":"Figura Dio Brando Jojo\u2019S Bizarre Adventure Stardust Crusaders Standoom -Ichiban Sho Masterlise - Akatsuki anime store","og_description":"Figura Dio Brando de 26cm de altura, en colecci\u00f3n Ichibansho Standoom de JoJo Stardust Crusaders. Dise\u00f1o imponente y gran nivel de detalle.","og_url":"https:\/\/akatsukianime.com\/en\/product\/figura-dio-brando-jojos-bizarre-adventure-stardust-crusaders-standoom-ichiban-sho-masterlise\/","og_site_name":"Akatsuki anime store","article_modified_time":"2026-01-28T17:11:52+00:00","og_image":[{"width":1000,"height":1000,"url":"https:\/\/akatsukianime.com\/wp-content\/uploads\/2026\/01\/figura-dio-brando-jojo.jpg","type":"image\/jpeg"}],"twitter_card":"summary_large_image","twitter_misc":{"Est. reading time":"1 minute"},"schema":{"@context":"https:\/\/schema.org","@graph":[{"@type":["WebPage","ItemPage"],"@id":"https:\/\/akatsukianime.com\/product\/figura-dio-brando-jojos-bizarre-adventure-stardust-crusaders-standoom-ichiban-sho-masterlise\/","url":"https:\/\/akatsukianime.com\/product\/figura-dio-brando-jojos-bizarre-adventure-stardust-crusaders-standoom-ichiban-sho-masterlise\/","name":"Figura Dio Brando Jojo\u2019S Bizarre Adventure Stardust Crusaders Standoom -Ichiban Sho Masterlise - Akatsuki anime store","isPartOf":{"@id":"https:\/\/akatsukianime.com\/#website"},"primaryImageOfPage":{"@id":"https:\/\/akatsukianime.com\/product\/figura-dio-brando-jojos-bizarre-adventure-stardust-crusaders-standoom-ichiban-sho-masterlise\/#primaryimage"},"image":{"@id":"https:\/\/akatsukianime.com\/product\/figura-dio-brando-jojos-bizarre-adventure-stardust-crusaders-standoom-ichiban-sho-masterlise\/#primaryimage"},"thumbnailUrl":"https:\/\/akatsukianime.com\/wp-content\/uploads\/2026\/01\/figura-dio-brando-jojo.jpg","datePublished":"2026-01-23T17:19:20+00:00","dateModified":"2026-01-28T17:11:52+00:00","description":"Figura Dio Brando de 26cm de altura, en colecci\u00f3n Ichibansho Standoom de JoJo Stardust Crusaders. Dise\u00f1o imponente y gran nivel de detalle.","breadcrumb":{"@id":"https:\/\/akatsukianime.com\/product\/figura-dio-brando-jojos-bizarre-adventure-stardust-crusaders-standoom-ichiban-sho-masterlise\/#breadcrumb"},"inLanguage":"en-US","potentialAction":[{"@type":"ReadAction","target":["https:\/\/akatsukianime.com\/product\/figura-dio-brando-jojos-bizarre-adventure-stardust-crusaders-standoom-ichiban-sho-masterlise\/"]}]},{"@type":"ImageObject","inLanguage":"en-US","@id":"https:\/\/akatsukianime.com\/product\/figura-dio-brando-jojos-bizarre-adventure-stardust-crusaders-standoom-ichiban-sho-masterlise\/#primaryimage","url":"https:\/\/akatsukianime.com\/wp-content\/uploads\/2026\/01\/figura-dio-brando-jojo.jpg","contentUrl":"https:\/\/akatsukianime.com\/wp-content\/uploads\/2026\/01\/figura-dio-brando-jojo.jpg","width":1000,"height":1000,"caption":"figura dio brando jojo"},{"@type":"BreadcrumbList","@id":"https:\/\/akatsukianime.com\/product\/figura-dio-brando-jojos-bizarre-adventure-stardust-crusaders-standoom-ichiban-sho-masterlise\/#breadcrumb","itemListElement":[{"@type":"ListItem","position":1,"name":"Portada","item":"https:\/\/akatsukianime.com\/"},{"@type":"ListItem","position":2,"name":"Tienda","item":"https:\/\/akatsukianime.com\/tienda\/"},{"@type":"ListItem","position":3,"name":"Figura Dio Brando Jojo\u2019S Bizarre Adventure Stardust Crusaders Standoom -Ichiban Sho Masterlise"}]},{"@type":"WebSite","@id":"https:\/\/akatsukianime.com\/#website","url":"https:\/\/akatsukianime.com\/","name":"Akatsuki anime store","description":"","potentialAction":[{"@type":"SearchAction","target":{"@type":"EntryPoint","urlTemplate":"https:\/\/akatsukianime.com\/?s={search_term_string}"},"query-input":{"@type":"PropertyValueSpecification","valueRequired":true,"valueName":"search_term_string"}}],"inLanguage":"en-US"}]}},"jetpack_sharing_enabled":true,"_links":{"self":[{"href":"https:\/\/akatsukianime.com\/en\/wp-json\/wp\/v2\/product\/7193","targetHints":{"allow":["GET"]}}],"collection":[{"href":"https:\/\/akatsukianime.com\/en\/wp-json\/wp\/v2\/product"}],"about":[{"href":"https:\/\/akatsukianime.com\/en\/wp-json\/wp\/v2\/types\/product"}],"version-history":[{"count":1,"href":"https:\/\/akatsukianime.com\/en\/wp-json\/wp\/v2\/product\/7193\/revisions"}],"predecessor-version":[{"id":7200,"href":"https:\/\/akatsukianime.com\/en\/wp-json\/wp\/v2\/product\/7193\/revisions\/7200"}],"wp:featuredmedia":[{"embeddable":true,"href":"https:\/\/akatsukianime.com\/en\/wp-json\/wp\/v2\/media\/7199"}],"wp:attachment":[{"href":"https:\/\/akatsukianime.com\/en\/wp-json\/wp\/v2\/media?parent=7193"}],"wp:term":[{"taxonomy":"product_cat","embeddable":true,"href":"https:\/\/akatsukianime.com\/en\/wp-json\/wp\/v2\/product_cat?post=7193"},{"taxonomy":"product_tag","embeddable":true,"href":"https:\/\/akatsukianime.com\/en\/wp-json\/wp\/v2\/product_tag?post=7193"}],"curies":[{"name":"wp","href":"https:\/\/api.w.org\/{rel}","templated":true}]}}