{"id":7201,"date":"2026-01-23T21:23:04","date_gmt":"2026-01-23T20:23:04","guid":{"rendered":"https:\/\/akatsukianime.com\/?post_type=product&#038;p=7201"},"modified":"2026-01-23T21:23:04","modified_gmt":"2026-01-23T20:23:04","slug":"figura-levi-ackerman-grandista-attack-on-titan","status":"publish","type":"product","link":"https:\/\/akatsukianime.com\/en\/product\/figura-levi-ackerman-grandista-attack-on-titan\/","title":{"rendered":"Figura Levi Ackerman &#8211; Grandista &#8211; Attack on Titan"},"content":{"rendered":"<h3 data-start=\"242\" data-end=\"276\"><strong data-start=\"246\" data-end=\"274\">Product description<\/strong><\/h3>\n<p data-start=\"277\" data-end=\"490\">\ud83d\udd25 <strong data-start=\"280\" data-end=\"293\">Banpresto<\/strong> se une al Cuerpo de Exploraci\u00f3n para presentar una imponente figura de <strong data-start=\"365\" data-end=\"382\">Levi Ackerman<\/strong>, one of the most iconic characters of <em data-start=\"422\" data-end=\"439\">Attack on Titan<\/em>, como parte de la prestigiosa l\u00ednea <strong data-start=\"476\" data-end=\"489\">Grandista<\/strong>.<\/p>\n<p data-start=\"492\" data-end=\"851\">Esta figura muestra a Levi con su uniforme del Cuerpo de Exploraci\u00f3n, mientras su capa ondea al viento, transmitiendo toda la determinaci\u00f3n, elegancia y frialdad que lo caracterizan en combate. Su gran tama\u00f1o y el alto nivel de detalle en el esculpido y la pintura hacen de esta pieza una representaci\u00f3n fiel y poderosa del soldado m\u00e1s fuerte de la humanidad.<\/p>\n<p data-start=\"853\" data-end=\"1036\">The line <strong data-start=\"862\" data-end=\"875\">Grandista<\/strong> se distingue por ofrecer figuras de gran escala y presencia, ideales para exhibici\u00f3n y pensadas para coleccionistas que buscan impacto visual y calidad premium.<\/p>\n<h3 data-start=\"1043\" data-end=\"1079\"><strong data-start=\"1047\" data-end=\"1079\">Product Features<\/strong><\/h3>\n<ul data-start=\"1080\" data-end=\"1301\">\n<li data-start=\"1080\" data-end=\"1109\">\n<p data-start=\"1082\" data-end=\"1109\">Figure of <strong data-start=\"1092\" data-end=\"1109\">Levi Ackerman<\/strong><\/p>\n<\/li>\n<li data-start=\"1110\" data-end=\"1143\">\n<p data-start=\"1112\" data-end=\"1143\">Approximate height: <strong data-start=\"1131\" data-end=\"1143\">26.92 cm<\/strong><\/p>\n<\/li>\n<li data-start=\"1144\" data-end=\"1168\">\n<p data-start=\"1146\" data-end=\"1168\">Material: <strong data-start=\"1156\" data-end=\"1168\">plastic<\/strong><\/p>\n<\/li>\n<li data-start=\"1169\" data-end=\"1207\">\n<p data-start=\"1171\" data-end=\"1207\">Based on the anime <em data-start=\"1190\" data-end=\"1207\">Attack on Titan<\/em><\/p>\n<\/li>\n<li data-start=\"1208\" data-end=\"1230\">\n<p data-start=\"1210\" data-end=\"1230\">Line: <strong data-start=\"1217\" data-end=\"1230\">Grandista<\/strong><\/p>\n<\/li>\n<li data-start=\"1231\" data-end=\"1254\">\n<p data-start=\"1233\" data-end=\"1254\">Gran nivel de detalle<\/p>\n<\/li>\n<li data-start=\"1255\" data-end=\"1277\">\n<p data-start=\"1257\" data-end=\"1277\">Non-articulated figure<\/p>\n<\/li>\n<li data-start=\"1278\" data-end=\"1301\">\n<p data-start=\"1280\" data-end=\"1301\">Ideal para exhibici\u00f3n<\/p>\n<\/li>\n<\/ul>\n<h3 data-start=\"1308\" data-end=\"1336\"><strong data-start=\"1312\" data-end=\"1336\">Box contents<\/strong><\/h3>\n<ul data-start=\"1337\" data-end=\"1366\">\n<li data-start=\"1337\" data-end=\"1366\">\n<p data-start=\"1339\" data-end=\"1366\">Figure of <strong data-start=\"1349\" data-end=\"1366\">Levi Ackerman<\/strong><\/p>\n<\/li>\n<\/ul>","protected":false},"excerpt":{"rendered":"<p>Descripci\u00f3n del producto \ud83d\udd25 Banpresto se une al Cuerpo de Exploraci\u00f3n para presentar una imponente figura de Levi Ackerman, uno<\/p>","protected":false},"featured_media":7202,"template":"","meta":[],"product_cat":[95,65,61,60],"product_tag":[289,157,337,451,290],"class_list":{"0":"post-7201","1":"product","2":"type-product","3":"status-publish","4":"has-post-thumbnail","6":"product_cat-banpresto","7":"product_cat-figuras","8":"product_cat-novedades","9":"product_cat-otros","10":"product_tag-attack-on-titan","11":"product_tag-banpresto","12":"product_tag-figura","13":"product_tag-grandista","14":"product_tag-levi-ackerman","16":"first","17":"instock","18":"sold-individually","19":"taxable","20":"shipping-taxable","21":"purchasable","22":"product-type-simple"},"yoast_head":"<!-- This site is optimized with the Yoast SEO plugin v24.2 - https:\/\/yoast.com\/wordpress\/plugins\/seo\/ -->\n<title>Figura Levi Ackerman - Grandista - Attack on Titan - Akatsuki anime store<\/title>\n<meta name=\"description\" content=\"La nueva figura de 27 cm, Levi Ackerman Grandista de Attack on Titan por Banpresto. Gran tama\u00f1o, alto detalle y dise\u00f1o imponente.\" \/>\n<meta name=\"robots\" content=\"index, follow, max-snippet:-1, max-image-preview:large, max-video-preview:-1\" \/>\n<link rel=\"canonical\" href=\"https:\/\/akatsukianime.com\/en\/product\/figura-levi-ackerman-grandista-attack-on-titan\/\" \/>\n<meta property=\"og:locale\" content=\"en_US\" \/>\n<meta property=\"og:type\" content=\"article\" \/>\n<meta property=\"og:title\" content=\"Figura Levi Ackerman - Grandista - Attack on Titan - Akatsuki anime store\" \/>\n<meta property=\"og:description\" content=\"La nueva figura de 27 cm, Levi Ackerman Grandista de Attack on Titan por Banpresto. Gran tama\u00f1o, alto detalle y dise\u00f1o imponente.\" \/>\n<meta property=\"og:url\" content=\"https:\/\/akatsukianime.com\/en\/product\/figura-levi-ackerman-grandista-attack-on-titan\/\" \/>\n<meta property=\"og:site_name\" content=\"Akatsuki anime store\" \/>\n<meta property=\"og:image\" content=\"https:\/\/akatsukianime.com\/wp-content\/uploads\/2026\/01\/figura-levi-ackerman-grandista.jpg\" \/>\n\t<meta property=\"og:image:width\" content=\"1000\" \/>\n\t<meta property=\"og:image:height\" content=\"1000\" \/>\n\t<meta property=\"og:image:type\" content=\"image\/jpeg\" \/>\n<meta name=\"twitter:card\" content=\"summary_large_image\" \/>\n<meta name=\"twitter:label1\" content=\"Est. reading time\" \/>\n\t<meta name=\"twitter:data1\" content=\"1 minute\" \/>\n<script type=\"application\/ld+json\" class=\"yoast-schema-graph\">{\"@context\":\"https:\/\/schema.org\",\"@graph\":[{\"@type\":[\"WebPage\",\"ItemPage\"],\"@id\":\"https:\/\/akatsukianime.com\/product\/figura-levi-ackerman-grandista-attack-on-titan\/\",\"url\":\"https:\/\/akatsukianime.com\/product\/figura-levi-ackerman-grandista-attack-on-titan\/\",\"name\":\"Figura Levi Ackerman - Grandista - Attack on Titan - Akatsuki anime store\",\"isPartOf\":{\"@id\":\"https:\/\/akatsukianime.com\/#website\"},\"primaryImageOfPage\":{\"@id\":\"https:\/\/akatsukianime.com\/product\/figura-levi-ackerman-grandista-attack-on-titan\/#primaryimage\"},\"image\":{\"@id\":\"https:\/\/akatsukianime.com\/product\/figura-levi-ackerman-grandista-attack-on-titan\/#primaryimage\"},\"thumbnailUrl\":\"https:\/\/akatsukianime.com\/wp-content\/uploads\/2026\/01\/figura-levi-ackerman-grandista.jpg\",\"datePublished\":\"2026-01-23T20:23:04+00:00\",\"dateModified\":\"2026-01-23T20:23:04+00:00\",\"description\":\"La nueva figura de 27 cm, Levi Ackerman Grandista de Attack on Titan por Banpresto. Gran tama\u00f1o, alto detalle y dise\u00f1o imponente.\",\"breadcrumb\":{\"@id\":\"https:\/\/akatsukianime.com\/product\/figura-levi-ackerman-grandista-attack-on-titan\/#breadcrumb\"},\"inLanguage\":\"en-US\",\"potentialAction\":[{\"@type\":\"ReadAction\",\"target\":[\"https:\/\/akatsukianime.com\/product\/figura-levi-ackerman-grandista-attack-on-titan\/\"]}]},{\"@type\":\"ImageObject\",\"inLanguage\":\"en-US\",\"@id\":\"https:\/\/akatsukianime.com\/product\/figura-levi-ackerman-grandista-attack-on-titan\/#primaryimage\",\"url\":\"https:\/\/akatsukianime.com\/wp-content\/uploads\/2026\/01\/figura-levi-ackerman-grandista.jpg\",\"contentUrl\":\"https:\/\/akatsukianime.com\/wp-content\/uploads\/2026\/01\/figura-levi-ackerman-grandista.jpg\",\"width\":1000,\"height\":1000,\"caption\":\"figura levi ackerman grandista\"},{\"@type\":\"BreadcrumbList\",\"@id\":\"https:\/\/akatsukianime.com\/product\/figura-levi-ackerman-grandista-attack-on-titan\/#breadcrumb\",\"itemListElement\":[{\"@type\":\"ListItem\",\"position\":1,\"name\":\"Portada\",\"item\":\"https:\/\/akatsukianime.com\/\"},{\"@type\":\"ListItem\",\"position\":2,\"name\":\"Tienda\",\"item\":\"https:\/\/akatsukianime.com\/tienda\/\"},{\"@type\":\"ListItem\",\"position\":3,\"name\":\"Figura Levi Ackerman &#8211; Grandista &#8211; Attack on Titan\"}]},{\"@type\":\"WebSite\",\"@id\":\"https:\/\/akatsukianime.com\/#website\",\"url\":\"https:\/\/akatsukianime.com\/\",\"name\":\"Akatsuki anime store\",\"description\":\"\",\"potentialAction\":[{\"@type\":\"SearchAction\",\"target\":{\"@type\":\"EntryPoint\",\"urlTemplate\":\"https:\/\/akatsukianime.com\/?s={search_term_string}\"},\"query-input\":{\"@type\":\"PropertyValueSpecification\",\"valueRequired\":true,\"valueName\":\"search_term_string\"}}],\"inLanguage\":\"en-US\"}]}<\/script>\n<!-- \/ Yoast SEO plugin. -->","yoast_head_json":{"title":"Figura Levi Ackerman - Grandista - Attack on Titan - Akatsuki anime store","description":"La nueva figura de 27 cm, Levi Ackerman Grandista de Attack on Titan por Banpresto. Gran tama\u00f1o, alto detalle y dise\u00f1o imponente.","robots":{"index":"index","follow":"follow","max-snippet":"max-snippet:-1","max-image-preview":"max-image-preview:large","max-video-preview":"max-video-preview:-1"},"canonical":"https:\/\/akatsukianime.com\/en\/product\/figura-levi-ackerman-grandista-attack-on-titan\/","og_locale":"en_US","og_type":"article","og_title":"Figura Levi Ackerman - Grandista - Attack on Titan - Akatsuki anime store","og_description":"La nueva figura de 27 cm, Levi Ackerman Grandista de Attack on Titan por Banpresto. Gran tama\u00f1o, alto detalle y dise\u00f1o imponente.","og_url":"https:\/\/akatsukianime.com\/en\/product\/figura-levi-ackerman-grandista-attack-on-titan\/","og_site_name":"Akatsuki anime store","og_image":[{"width":1000,"height":1000,"url":"https:\/\/akatsukianime.com\/wp-content\/uploads\/2026\/01\/figura-levi-ackerman-grandista.jpg","type":"image\/jpeg"}],"twitter_card":"summary_large_image","twitter_misc":{"Est. reading time":"1 minute"},"schema":{"@context":"https:\/\/schema.org","@graph":[{"@type":["WebPage","ItemPage"],"@id":"https:\/\/akatsukianime.com\/product\/figura-levi-ackerman-grandista-attack-on-titan\/","url":"https:\/\/akatsukianime.com\/product\/figura-levi-ackerman-grandista-attack-on-titan\/","name":"Figura Levi Ackerman - Grandista - Attack on Titan - Akatsuki anime store","isPartOf":{"@id":"https:\/\/akatsukianime.com\/#website"},"primaryImageOfPage":{"@id":"https:\/\/akatsukianime.com\/product\/figura-levi-ackerman-grandista-attack-on-titan\/#primaryimage"},"image":{"@id":"https:\/\/akatsukianime.com\/product\/figura-levi-ackerman-grandista-attack-on-titan\/#primaryimage"},"thumbnailUrl":"https:\/\/akatsukianime.com\/wp-content\/uploads\/2026\/01\/figura-levi-ackerman-grandista.jpg","datePublished":"2026-01-23T20:23:04+00:00","dateModified":"2026-01-23T20:23:04+00:00","description":"La nueva figura de 27 cm, Levi Ackerman Grandista de Attack on Titan por Banpresto. Gran tama\u00f1o, alto detalle y dise\u00f1o imponente.","breadcrumb":{"@id":"https:\/\/akatsukianime.com\/product\/figura-levi-ackerman-grandista-attack-on-titan\/#breadcrumb"},"inLanguage":"en-US","potentialAction":[{"@type":"ReadAction","target":["https:\/\/akatsukianime.com\/product\/figura-levi-ackerman-grandista-attack-on-titan\/"]}]},{"@type":"ImageObject","inLanguage":"en-US","@id":"https:\/\/akatsukianime.com\/product\/figura-levi-ackerman-grandista-attack-on-titan\/#primaryimage","url":"https:\/\/akatsukianime.com\/wp-content\/uploads\/2026\/01\/figura-levi-ackerman-grandista.jpg","contentUrl":"https:\/\/akatsukianime.com\/wp-content\/uploads\/2026\/01\/figura-levi-ackerman-grandista.jpg","width":1000,"height":1000,"caption":"figura levi ackerman grandista"},{"@type":"BreadcrumbList","@id":"https:\/\/akatsukianime.com\/product\/figura-levi-ackerman-grandista-attack-on-titan\/#breadcrumb","itemListElement":[{"@type":"ListItem","position":1,"name":"Portada","item":"https:\/\/akatsukianime.com\/"},{"@type":"ListItem","position":2,"name":"Tienda","item":"https:\/\/akatsukianime.com\/tienda\/"},{"@type":"ListItem","position":3,"name":"Figura Levi Ackerman &#8211; Grandista &#8211; Attack on Titan"}]},{"@type":"WebSite","@id":"https:\/\/akatsukianime.com\/#website","url":"https:\/\/akatsukianime.com\/","name":"Akatsuki anime store","description":"","potentialAction":[{"@type":"SearchAction","target":{"@type":"EntryPoint","urlTemplate":"https:\/\/akatsukianime.com\/?s={search_term_string}"},"query-input":{"@type":"PropertyValueSpecification","valueRequired":true,"valueName":"search_term_string"}}],"inLanguage":"en-US"}]}},"jetpack_sharing_enabled":true,"_links":{"self":[{"href":"https:\/\/akatsukianime.com\/en\/wp-json\/wp\/v2\/product\/7201","targetHints":{"allow":["GET"]}}],"collection":[{"href":"https:\/\/akatsukianime.com\/en\/wp-json\/wp\/v2\/product"}],"about":[{"href":"https:\/\/akatsukianime.com\/en\/wp-json\/wp\/v2\/types\/product"}],"version-history":[{"count":1,"href":"https:\/\/akatsukianime.com\/en\/wp-json\/wp\/v2\/product\/7201\/revisions"}],"predecessor-version":[{"id":7208,"href":"https:\/\/akatsukianime.com\/en\/wp-json\/wp\/v2\/product\/7201\/revisions\/7208"}],"wp:featuredmedia":[{"embeddable":true,"href":"https:\/\/akatsukianime.com\/en\/wp-json\/wp\/v2\/media\/7202"}],"wp:attachment":[{"href":"https:\/\/akatsukianime.com\/en\/wp-json\/wp\/v2\/media?parent=7201"}],"wp:term":[{"taxonomy":"product_cat","embeddable":true,"href":"https:\/\/akatsukianime.com\/en\/wp-json\/wp\/v2\/product_cat?post=7201"},{"taxonomy":"product_tag","embeddable":true,"href":"https:\/\/akatsukianime.com\/en\/wp-json\/wp\/v2\/product_tag?post=7201"}],"curies":[{"name":"wp","href":"https:\/\/api.w.org\/{rel}","templated":true}]}}