{"id":7220,"date":"2026-01-24T15:31:37","date_gmt":"2026-01-24T14:31:37","guid":{"rendered":"https:\/\/akatsukianime.com\/?post_type=product&#038;p=7220"},"modified":"2026-03-20T20:54:11","modified_gmt":"2026-03-20T19:54:11","slug":"figura-guts-berserk-armor-figuartszero-touche-metallique-berserk","status":"publish","type":"product","link":"https:\/\/akatsukianime.com\/en\/product\/figura-guts-berserk-armor-figuartszero-touche-metallique-berserk\/","title":{"rendered":"Figura Guts (Berserk Armor)- FiguartsZERO Touche Metallique &#8211; Berserk"},"content":{"rendered":"<h3 data-start=\"293\" data-end=\"327\"><strong data-start=\"297\" data-end=\"325\">Product description<\/strong><\/h3>\n<p data-start=\"328\" data-end=\"382\">\u2014 <em data-start=\"330\" data-end=\"380\">Era demasiado grande para ser llamada una espada<\/em> \u2014<\/p>\n<p data-start=\"384\" data-end=\"609\">Bandai Spirits presenta una imponente figura de <strong data-start=\"432\" data-end=\"440\">Guts<\/strong>, basada en la legendaria <strong data-start=\"466\" data-end=\"500\">Batalla contra el Dios del Mar<\/strong> from the anime <em data-start=\"511\" data-end=\"520\">Berserk<\/em>, esculpida por el reconocido artista <strong data-start=\"558\" data-end=\"571\">Ryu Oyama<\/strong>, especialista en dise\u00f1o de criaturas.<\/p>\n<p data-start=\"611\" data-end=\"962\">Esta espectacular pieza captura a Guts en plena confrontaci\u00f3n, empu\u00f1ando su gigantesca espada <strong data-start=\"705\" data-end=\"722\">Dragon Slayer<\/strong>, representada con un acabado met\u00e1lico parcial que realza su peso y brutalidad. A su alrededor, los detallados tent\u00e1culos del Dios del Mar aportan una sensaci\u00f3n de movimiento, caos y tensi\u00f3n, elevando la figura a una aut\u00e9ntica obra de arte.<\/p>\n<p data-start=\"964\" data-end=\"1186\">The line <strong data-start=\"973\" data-end=\"1008\">Figuarts Zero Touche Metallique<\/strong> se caracteriza por sus acabados premium, uso de efectos met\u00e1licos y composiciones din\u00e1micas, pensadas para coleccionistas que buscan piezas impactantes y de alta calidad visual.<\/p>\n<h3 data-start=\"1193\" data-end=\"1229\"><strong data-start=\"1197\" data-end=\"1229\">Product Features<\/strong><\/h3>\n<ul data-start=\"1230\" data-end=\"1486\">\n<li data-start=\"1230\" data-end=\"1250\">\n<p data-start=\"1232\" data-end=\"1250\">Figure of <strong data-start=\"1242\" data-end=\"1250\">Guts<\/strong><\/p>\n<\/li>\n<li data-start=\"1251\" data-end=\"1284\">\n<p data-start=\"1253\" data-end=\"1284\">Approximate height: <strong data-start=\"1272\" data-end=\"1284\">35.05 cm<\/strong><\/p>\n<\/li>\n<li data-start=\"1285\" data-end=\"1310\">\n<p data-start=\"1287\" data-end=\"1310\">Material: <strong data-start=\"1297\" data-end=\"1310\">PVC y ABS<\/strong><\/p>\n<\/li>\n<li data-start=\"1311\" data-end=\"1341\">\n<p data-start=\"1313\" data-end=\"1341\">Based on the anime <em data-start=\"1332\" data-end=\"1341\">Berserk<\/em><\/p>\n<\/li>\n<li data-start=\"1342\" data-end=\"1386\">\n<p data-start=\"1344\" data-end=\"1386\">Line: <strong data-start=\"1351\" data-end=\"1386\">Figuarts Zero Touche Metallique<\/strong><\/p>\n<\/li>\n<li data-start=\"1387\" data-end=\"1431\">\n<p data-start=\"1389\" data-end=\"1431\">Detallado excepcional y acabados met\u00e1licos<\/p>\n<\/li>\n<li data-start=\"1432\" data-end=\"1454\">\n<p data-start=\"1434\" data-end=\"1454\">Non-articulated figure<\/p>\n<\/li>\n<li data-start=\"1455\" data-end=\"1486\">\n<p data-start=\"1457\" data-end=\"1486\">Ideal para exhibici\u00f3n premium<\/p>\n<\/li>\n<\/ul>\n<h3 data-start=\"1493\" data-end=\"1521\"><strong data-start=\"1497\" data-end=\"1521\">Box contents<\/strong><\/h3>\n<ul data-start=\"1522\" data-end=\"1591\">\n<li data-start=\"1522\" data-end=\"1542\">\n<p data-start=\"1524\" data-end=\"1542\">Figure of <strong data-start=\"1534\" data-end=\"1542\">Guts<\/strong><\/p>\n<\/li>\n<li data-start=\"1543\" data-end=\"1591\">\n<p data-start=\"1545\" data-end=\"1591\">L\u00e1mina del coleccionista (<em data-start=\"1571\" data-end=\"1590\">Collector\u2019s Sheet<\/em>)<\/p>\n<\/li>\n<\/ul>","protected":false},"excerpt":{"rendered":"<p>Descripci\u00f3n del producto \u2014 Era demasiado grande para ser llamada una espada \u2014 Bandai Spirits presenta una imponente figura de<\/p>","protected":false},"featured_media":7221,"template":"","meta":[],"product_cat":[276,91,65,61,51],"product_tag":[143,225,337,144,85],"class_list":{"0":"post-7220","1":"product","2":"type-product","3":"status-publish","4":"has-post-thumbnail","6":"product_cat-figuarts-zero","7":"product_cat-tamashii-nations","8":"product_cat-figuras","9":"product_cat-novedades","10":"product_cat-berserk","11":"product_tag-berserk","12":"product_tag-figuartszero","13":"product_tag-figura","14":"product_tag-guts","15":"product_tag-tamashii-nations","17":"first","18":"instock","19":"sale","20":"sold-individually","21":"taxable","22":"shipping-taxable","23":"purchasable","24":"product-type-simple"},"yoast_head":"<!-- This site is optimized with the Yoast SEO plugin v24.2 - https:\/\/yoast.com\/wordpress\/plugins\/seo\/ -->\n<title>Figura Guts (Berserk Armor)- FiguartsZERO Touche Metallique - Berserk - Akatsuki anime store<\/title>\n<meta name=\"description\" content=\"Figura Guts Figuarts Zero Touche Metallique de Berserk. Estatua premium con Dragon Slayer y diorama del Dios del Mar, ideal para coleccionistas m\u00e1s exigente\" \/>\n<meta name=\"robots\" content=\"index, follow, max-snippet:-1, max-image-preview:large, max-video-preview:-1\" \/>\n<link rel=\"canonical\" href=\"https:\/\/akatsukianime.com\/en\/product\/figura-guts-berserk-armor-figuartszero-touche-metallique-berserk\/\" \/>\n<meta property=\"og:locale\" content=\"en_US\" \/>\n<meta property=\"og:type\" content=\"article\" \/>\n<meta property=\"og:title\" content=\"Figura Guts (Berserk Armor)- FiguartsZERO Touche Metallique - Berserk - Akatsuki anime store\" \/>\n<meta property=\"og:description\" content=\"Figura Guts Figuarts Zero Touche Metallique de Berserk. Estatua premium con Dragon Slayer y diorama del Dios del Mar, ideal para coleccionistas m\u00e1s exigente\" \/>\n<meta property=\"og:url\" content=\"https:\/\/akatsukianime.com\/en\/product\/figura-guts-berserk-armor-figuartszero-touche-metallique-berserk\/\" \/>\n<meta property=\"og:site_name\" content=\"Akatsuki anime store\" \/>\n<meta property=\"article:modified_time\" content=\"2026-03-20T19:54:11+00:00\" \/>\n<meta property=\"og:image\" content=\"https:\/\/akatsukianime.com\/wp-content\/uploads\/2026\/01\/figura-guts-berserk-figuartszero.jpg\" \/>\n\t<meta property=\"og:image:width\" content=\"1000\" \/>\n\t<meta property=\"og:image:height\" content=\"1000\" \/>\n\t<meta property=\"og:image:type\" content=\"image\/jpeg\" \/>\n<meta name=\"twitter:card\" content=\"summary_large_image\" \/>\n<meta name=\"twitter:label1\" content=\"Est. reading time\" \/>\n\t<meta name=\"twitter:data1\" content=\"2 minutes\" \/>\n<script type=\"application\/ld+json\" class=\"yoast-schema-graph\">{\"@context\":\"https:\/\/schema.org\",\"@graph\":[{\"@type\":[\"WebPage\",\"ItemPage\"],\"@id\":\"https:\/\/akatsukianime.com\/product\/figura-guts-berserk-armor-figuartszero-touche-metallique-berserk\/\",\"url\":\"https:\/\/akatsukianime.com\/product\/figura-guts-berserk-armor-figuartszero-touche-metallique-berserk\/\",\"name\":\"Figura Guts (Berserk Armor)- FiguartsZERO Touche Metallique - Berserk - Akatsuki anime store\",\"isPartOf\":{\"@id\":\"https:\/\/akatsukianime.com\/#website\"},\"primaryImageOfPage\":{\"@id\":\"https:\/\/akatsukianime.com\/product\/figura-guts-berserk-armor-figuartszero-touche-metallique-berserk\/#primaryimage\"},\"image\":{\"@id\":\"https:\/\/akatsukianime.com\/product\/figura-guts-berserk-armor-figuartszero-touche-metallique-berserk\/#primaryimage\"},\"thumbnailUrl\":\"https:\/\/akatsukianime.com\/wp-content\/uploads\/2026\/01\/figura-guts-berserk-figuartszero.jpg\",\"datePublished\":\"2026-01-24T14:31:37+00:00\",\"dateModified\":\"2026-03-20T19:54:11+00:00\",\"description\":\"Figura Guts Figuarts Zero Touche Metallique de Berserk. Estatua premium con Dragon Slayer y diorama del Dios del Mar, ideal para coleccionistas m\u00e1s exigente\",\"breadcrumb\":{\"@id\":\"https:\/\/akatsukianime.com\/product\/figura-guts-berserk-armor-figuartszero-touche-metallique-berserk\/#breadcrumb\"},\"inLanguage\":\"en-US\",\"potentialAction\":[{\"@type\":\"ReadAction\",\"target\":[\"https:\/\/akatsukianime.com\/product\/figura-guts-berserk-armor-figuartszero-touche-metallique-berserk\/\"]}]},{\"@type\":\"ImageObject\",\"inLanguage\":\"en-US\",\"@id\":\"https:\/\/akatsukianime.com\/product\/figura-guts-berserk-armor-figuartszero-touche-metallique-berserk\/#primaryimage\",\"url\":\"https:\/\/akatsukianime.com\/wp-content\/uploads\/2026\/01\/figura-guts-berserk-figuartszero.jpg\",\"contentUrl\":\"https:\/\/akatsukianime.com\/wp-content\/uploads\/2026\/01\/figura-guts-berserk-figuartszero.jpg\",\"width\":1000,\"height\":1000,\"caption\":\"figura guts berserk figuartszero\"},{\"@type\":\"BreadcrumbList\",\"@id\":\"https:\/\/akatsukianime.com\/product\/figura-guts-berserk-armor-figuartszero-touche-metallique-berserk\/#breadcrumb\",\"itemListElement\":[{\"@type\":\"ListItem\",\"position\":1,\"name\":\"Portada\",\"item\":\"https:\/\/akatsukianime.com\/\"},{\"@type\":\"ListItem\",\"position\":2,\"name\":\"Tienda\",\"item\":\"https:\/\/akatsukianime.com\/tienda\/\"},{\"@type\":\"ListItem\",\"position\":3,\"name\":\"Figura Guts (Berserk Armor)- FiguartsZERO Touche Metallique &#8211; Berserk\"}]},{\"@type\":\"WebSite\",\"@id\":\"https:\/\/akatsukianime.com\/#website\",\"url\":\"https:\/\/akatsukianime.com\/\",\"name\":\"Akatsuki anime store\",\"description\":\"\",\"potentialAction\":[{\"@type\":\"SearchAction\",\"target\":{\"@type\":\"EntryPoint\",\"urlTemplate\":\"https:\/\/akatsukianime.com\/?s={search_term_string}\"},\"query-input\":{\"@type\":\"PropertyValueSpecification\",\"valueRequired\":true,\"valueName\":\"search_term_string\"}}],\"inLanguage\":\"en-US\"}]}<\/script>\n<!-- \/ Yoast SEO plugin. -->","yoast_head_json":{"title":"Figura Guts (Berserk Armor)- FiguartsZERO Touche Metallique - Berserk - Akatsuki anime store","description":"Figura Guts Figuarts Zero Touche Metallique de Berserk. Estatua premium con Dragon Slayer y diorama del Dios del Mar, ideal para coleccionistas m\u00e1s exigente","robots":{"index":"index","follow":"follow","max-snippet":"max-snippet:-1","max-image-preview":"max-image-preview:large","max-video-preview":"max-video-preview:-1"},"canonical":"https:\/\/akatsukianime.com\/en\/product\/figura-guts-berserk-armor-figuartszero-touche-metallique-berserk\/","og_locale":"en_US","og_type":"article","og_title":"Figura Guts (Berserk Armor)- FiguartsZERO Touche Metallique - Berserk - Akatsuki anime store","og_description":"Figura Guts Figuarts Zero Touche Metallique de Berserk. Estatua premium con Dragon Slayer y diorama del Dios del Mar, ideal para coleccionistas m\u00e1s exigente","og_url":"https:\/\/akatsukianime.com\/en\/product\/figura-guts-berserk-armor-figuartszero-touche-metallique-berserk\/","og_site_name":"Akatsuki anime store","article_modified_time":"2026-03-20T19:54:11+00:00","og_image":[{"width":1000,"height":1000,"url":"https:\/\/akatsukianime.com\/wp-content\/uploads\/2026\/01\/figura-guts-berserk-figuartszero.jpg","type":"image\/jpeg"}],"twitter_card":"summary_large_image","twitter_misc":{"Est. reading time":"2 minutes"},"schema":{"@context":"https:\/\/schema.org","@graph":[{"@type":["WebPage","ItemPage"],"@id":"https:\/\/akatsukianime.com\/product\/figura-guts-berserk-armor-figuartszero-touche-metallique-berserk\/","url":"https:\/\/akatsukianime.com\/product\/figura-guts-berserk-armor-figuartszero-touche-metallique-berserk\/","name":"Figura Guts (Berserk Armor)- FiguartsZERO Touche Metallique - Berserk - Akatsuki anime store","isPartOf":{"@id":"https:\/\/akatsukianime.com\/#website"},"primaryImageOfPage":{"@id":"https:\/\/akatsukianime.com\/product\/figura-guts-berserk-armor-figuartszero-touche-metallique-berserk\/#primaryimage"},"image":{"@id":"https:\/\/akatsukianime.com\/product\/figura-guts-berserk-armor-figuartszero-touche-metallique-berserk\/#primaryimage"},"thumbnailUrl":"https:\/\/akatsukianime.com\/wp-content\/uploads\/2026\/01\/figura-guts-berserk-figuartszero.jpg","datePublished":"2026-01-24T14:31:37+00:00","dateModified":"2026-03-20T19:54:11+00:00","description":"Figura Guts Figuarts Zero Touche Metallique de Berserk. Estatua premium con Dragon Slayer y diorama del Dios del Mar, ideal para coleccionistas m\u00e1s exigente","breadcrumb":{"@id":"https:\/\/akatsukianime.com\/product\/figura-guts-berserk-armor-figuartszero-touche-metallique-berserk\/#breadcrumb"},"inLanguage":"en-US","potentialAction":[{"@type":"ReadAction","target":["https:\/\/akatsukianime.com\/product\/figura-guts-berserk-armor-figuartszero-touche-metallique-berserk\/"]}]},{"@type":"ImageObject","inLanguage":"en-US","@id":"https:\/\/akatsukianime.com\/product\/figura-guts-berserk-armor-figuartszero-touche-metallique-berserk\/#primaryimage","url":"https:\/\/akatsukianime.com\/wp-content\/uploads\/2026\/01\/figura-guts-berserk-figuartszero.jpg","contentUrl":"https:\/\/akatsukianime.com\/wp-content\/uploads\/2026\/01\/figura-guts-berserk-figuartszero.jpg","width":1000,"height":1000,"caption":"figura guts berserk figuartszero"},{"@type":"BreadcrumbList","@id":"https:\/\/akatsukianime.com\/product\/figura-guts-berserk-armor-figuartszero-touche-metallique-berserk\/#breadcrumb","itemListElement":[{"@type":"ListItem","position":1,"name":"Portada","item":"https:\/\/akatsukianime.com\/"},{"@type":"ListItem","position":2,"name":"Tienda","item":"https:\/\/akatsukianime.com\/tienda\/"},{"@type":"ListItem","position":3,"name":"Figura Guts (Berserk Armor)- FiguartsZERO Touche Metallique &#8211; Berserk"}]},{"@type":"WebSite","@id":"https:\/\/akatsukianime.com\/#website","url":"https:\/\/akatsukianime.com\/","name":"Akatsuki anime store","description":"","potentialAction":[{"@type":"SearchAction","target":{"@type":"EntryPoint","urlTemplate":"https:\/\/akatsukianime.com\/?s={search_term_string}"},"query-input":{"@type":"PropertyValueSpecification","valueRequired":true,"valueName":"search_term_string"}}],"inLanguage":"en-US"}]}},"jetpack_sharing_enabled":true,"_links":{"self":[{"href":"https:\/\/akatsukianime.com\/en\/wp-json\/wp\/v2\/product\/7220","targetHints":{"allow":["GET"]}}],"collection":[{"href":"https:\/\/akatsukianime.com\/en\/wp-json\/wp\/v2\/product"}],"about":[{"href":"https:\/\/akatsukianime.com\/en\/wp-json\/wp\/v2\/types\/product"}],"version-history":[{"count":1,"href":"https:\/\/akatsukianime.com\/en\/wp-json\/wp\/v2\/product\/7220\/revisions"}],"predecessor-version":[{"id":7231,"href":"https:\/\/akatsukianime.com\/en\/wp-json\/wp\/v2\/product\/7220\/revisions\/7231"}],"wp:featuredmedia":[{"embeddable":true,"href":"https:\/\/akatsukianime.com\/en\/wp-json\/wp\/v2\/media\/7221"}],"wp:attachment":[{"href":"https:\/\/akatsukianime.com\/en\/wp-json\/wp\/v2\/media?parent=7220"}],"wp:term":[{"taxonomy":"product_cat","embeddable":true,"href":"https:\/\/akatsukianime.com\/en\/wp-json\/wp\/v2\/product_cat?post=7220"},{"taxonomy":"product_tag","embeddable":true,"href":"https:\/\/akatsukianime.com\/en\/wp-json\/wp\/v2\/product_tag?post=7220"}],"curies":[{"name":"wp","href":"https:\/\/api.w.org\/{rel}","templated":true}]}}