{"id":7236,"date":"2026-01-24T16:07:08","date_gmt":"2026-01-24T15:07:08","guid":{"rendered":"https:\/\/akatsukianime.com\/?post_type=product&#038;p=7236"},"modified":"2026-03-15T16:30:52","modified_gmt":"2026-03-15T15:30:52","slug":"figura-guts-pop-up-parade-l-berserk","status":"publish","type":"product","link":"https:\/\/akatsukianime.com\/en\/product\/figura-guts-pop-up-parade-l-berserk\/","title":{"rendered":"Figura Guts &#8211; Pop Up Parade L &#8211; Berserk"},"content":{"rendered":"<h3 data-start=\"269\" data-end=\"303\"><strong data-start=\"273\" data-end=\"301\">Product description<\/strong><\/h3>\n<p data-start=\"304\" data-end=\"361\"><em data-start=\"304\" data-end=\"361\">\u201cEso era demasiado grande para ser llamada una espada.\u201d<\/em><\/p>\n<p data-start=\"363\" data-end=\"514\">Desde el aclamado anime y manga <strong data-start=\"395\" data-end=\"406\">Berserk<\/strong>, llega una nueva incorporaci\u00f3n a la l\u00ednea <strong data-start=\"449\" data-end=\"468\">POP UP PARADE L<\/strong>: el legendario <strong data-start=\"484\" data-end=\"492\">Guts<\/strong>, el Espadach\u00edn Negro.<\/p>\n<p data-start=\"516\" data-end=\"830\">La figura muestra a Guts con su ic\u00f3nico atuendo, cargando sobre el hombro la colosal <strong data-start=\"601\" data-end=\"618\">Dragon Slayer<\/strong> mientras recorre tierras marcadas por la guerra y la oscuridad. Su pose transmite fuerza, determinaci\u00f3n y el esp\u00edritu indomable del personaje, convirti\u00e9ndola en una pieza imprescindible para los fans de la saga.<\/p>\n<p data-start=\"832\" data-end=\"1108\">The line <strong data-start=\"841\" data-end=\"858\">POP UP PARADE<\/strong> se caracteriza por ofrecer figuras f\u00e1ciles de coleccionar, con precios accesibles y lanzamientos r\u00e1pidos, sin sacrificar calidad ni fidelidad al dise\u00f1o original. La versi\u00f3n <strong data-start=\"1032\" data-end=\"1037\">L<\/strong> destaca por su mayor tama\u00f1o, ideal para una exhibici\u00f3n m\u00e1s impactante.<\/p>\n<hr data-start=\"1110\" data-end=\"1113\" \/>\n<h3 data-start=\"1115\" data-end=\"1151\"><strong data-start=\"1119\" data-end=\"1151\">Product Features<\/strong><\/h3>\n<ul data-start=\"1152\" data-end=\"1391\">\n<li data-start=\"1152\" data-end=\"1190\">\n<p data-start=\"1154\" data-end=\"1190\">Figure of <strong data-start=\"1164\" data-end=\"1190\">Guts (Black Swordsman)<\/strong><\/p>\n<\/li>\n<li data-start=\"1191\" data-end=\"1221\">\n<p data-start=\"1193\" data-end=\"1221\">Approximate height: <strong data-start=\"1212\" data-end=\"1221\">22 cm<\/strong><\/p>\n<\/li>\n<li data-start=\"1222\" data-end=\"1246\">\n<p data-start=\"1224\" data-end=\"1246\">Material: <strong data-start=\"1234\" data-end=\"1246\">plastic<\/strong><\/p>\n<\/li>\n<li data-start=\"1247\" data-end=\"1277\">\n<p data-start=\"1249\" data-end=\"1277\">Based on the anime <em data-start=\"1268\" data-end=\"1277\">Berserk<\/em><\/p>\n<\/li>\n<li data-start=\"1278\" data-end=\"1306\">\n<p data-start=\"1280\" data-end=\"1306\">Line: <strong data-start=\"1287\" data-end=\"1306\">POP UP PARADE L<\/strong><\/p>\n<\/li>\n<li data-start=\"1307\" data-end=\"1329\">\n<p data-start=\"1309\" data-end=\"1329\">Non-articulated figure<\/p>\n<\/li>\n<li data-start=\"1330\" data-end=\"1391\">\n<p data-start=\"1332\" data-end=\"1391\">Excelente opci\u00f3n para coleccionistas y fans del anime\/manga<\/p>\n<\/li>\n<\/ul>\n<hr data-start=\"1393\" data-end=\"1396\" \/>\n<h3 data-start=\"1398\" data-end=\"1426\"><strong data-start=\"1402\" data-end=\"1426\">Box contents<\/strong><\/h3>\n<ul data-start=\"1427\" data-end=\"1447\">\n<li data-start=\"1427\" data-end=\"1447\">\n<p data-start=\"1429\" data-end=\"1447\">Figure of <strong data-start=\"1439\" data-end=\"1447\">Guts<\/strong><\/p>\n<\/li>\n<\/ul>","protected":false},"excerpt":{"rendered":"<p>Descripci\u00f3n del producto \u201cEso era demasiado grande para ser llamada una espada.\u201d Desde el aclamado anime y manga Berserk, llega<\/p>","protected":false},"featured_media":7237,"template":"","meta":[],"product_cat":[281,98,65,61,51],"product_tag":[143,337,165,144,164],"class_list":{"0":"post-7236","1":"product","2":"type-product","3":"status-publish","4":"has-post-thumbnail","6":"product_cat-popup-parade","7":"product_cat-good-smile-company","8":"product_cat-figuras","9":"product_cat-novedades","10":"product_cat-berserk","11":"product_tag-berserk","12":"product_tag-figura","13":"product_tag-goodsmile-company","14":"product_tag-guts","15":"product_tag-pop-up-parade","17":"first","18":"instock","19":"sold-individually","20":"taxable","21":"shipping-taxable","22":"purchasable","23":"product-type-simple"},"yoast_head":"<!-- This site is optimized with the Yoast SEO plugin v24.2 - https:\/\/yoast.com\/wordpress\/plugins\/seo\/ -->\n<title>Figura Guts - Pop Up Parade L - Berserk - Akatsuki anime store<\/title>\n<meta name=\"description\" content=\"Figura Guts Black Swordsman Pop Up Parade L de Berserk. Tama\u00f1o grande, dise\u00f1o fiel y perfecta para coleccionistas del anime y manga.\" \/>\n<meta name=\"robots\" content=\"index, follow, max-snippet:-1, max-image-preview:large, max-video-preview:-1\" \/>\n<link rel=\"canonical\" href=\"https:\/\/akatsukianime.com\/en\/product\/figura-guts-pop-up-parade-l-berserk\/\" \/>\n<meta property=\"og:locale\" content=\"en_US\" \/>\n<meta property=\"og:type\" content=\"article\" \/>\n<meta property=\"og:title\" content=\"Figura Guts - Pop Up Parade L - Berserk - Akatsuki anime store\" \/>\n<meta property=\"og:description\" content=\"Figura Guts Black Swordsman Pop Up Parade L de Berserk. Tama\u00f1o grande, dise\u00f1o fiel y perfecta para coleccionistas del anime y manga.\" \/>\n<meta property=\"og:url\" content=\"https:\/\/akatsukianime.com\/en\/product\/figura-guts-pop-up-parade-l-berserk\/\" \/>\n<meta property=\"og:site_name\" content=\"Akatsuki anime store\" \/>\n<meta property=\"article:modified_time\" content=\"2026-03-15T15:30:52+00:00\" \/>\n<meta property=\"og:image\" content=\"https:\/\/akatsukianime.com\/wp-content\/uploads\/2026\/01\/figura-guts-berserk-pop-up-parade.jpg\" \/>\n\t<meta property=\"og:image:width\" content=\"1000\" \/>\n\t<meta property=\"og:image:height\" content=\"1000\" \/>\n\t<meta property=\"og:image:type\" content=\"image\/jpeg\" \/>\n<meta name=\"twitter:card\" content=\"summary_large_image\" \/>\n<meta name=\"twitter:label1\" content=\"Est. reading time\" \/>\n\t<meta name=\"twitter:data1\" content=\"1 minute\" \/>\n<script type=\"application\/ld+json\" class=\"yoast-schema-graph\">{\"@context\":\"https:\/\/schema.org\",\"@graph\":[{\"@type\":[\"WebPage\",\"ItemPage\"],\"@id\":\"https:\/\/akatsukianime.com\/product\/figura-guts-pop-up-parade-l-berserk\/\",\"url\":\"https:\/\/akatsukianime.com\/product\/figura-guts-pop-up-parade-l-berserk\/\",\"name\":\"Figura Guts - Pop Up Parade L - Berserk - Akatsuki anime store\",\"isPartOf\":{\"@id\":\"https:\/\/akatsukianime.com\/#website\"},\"primaryImageOfPage\":{\"@id\":\"https:\/\/akatsukianime.com\/product\/figura-guts-pop-up-parade-l-berserk\/#primaryimage\"},\"image\":{\"@id\":\"https:\/\/akatsukianime.com\/product\/figura-guts-pop-up-parade-l-berserk\/#primaryimage\"},\"thumbnailUrl\":\"https:\/\/akatsukianime.com\/wp-content\/uploads\/2026\/01\/figura-guts-berserk-pop-up-parade.jpg\",\"datePublished\":\"2026-01-24T15:07:08+00:00\",\"dateModified\":\"2026-03-15T15:30:52+00:00\",\"description\":\"Figura Guts Black Swordsman Pop Up Parade L de Berserk. Tama\u00f1o grande, dise\u00f1o fiel y perfecta para coleccionistas del anime y manga.\",\"breadcrumb\":{\"@id\":\"https:\/\/akatsukianime.com\/product\/figura-guts-pop-up-parade-l-berserk\/#breadcrumb\"},\"inLanguage\":\"en-US\",\"potentialAction\":[{\"@type\":\"ReadAction\",\"target\":[\"https:\/\/akatsukianime.com\/product\/figura-guts-pop-up-parade-l-berserk\/\"]}]},{\"@type\":\"ImageObject\",\"inLanguage\":\"en-US\",\"@id\":\"https:\/\/akatsukianime.com\/product\/figura-guts-pop-up-parade-l-berserk\/#primaryimage\",\"url\":\"https:\/\/akatsukianime.com\/wp-content\/uploads\/2026\/01\/figura-guts-berserk-pop-up-parade.jpg\",\"contentUrl\":\"https:\/\/akatsukianime.com\/wp-content\/uploads\/2026\/01\/figura-guts-berserk-pop-up-parade.jpg\",\"width\":1000,\"height\":1000,\"caption\":\"Figura Guts Black Swordsman Pop Up Parade L de Berserk. Tama\u00f1o grande, dise\u00f1o fiel y perfecta para coleccionistas del anime y manga.\"},{\"@type\":\"BreadcrumbList\",\"@id\":\"https:\/\/akatsukianime.com\/product\/figura-guts-pop-up-parade-l-berserk\/#breadcrumb\",\"itemListElement\":[{\"@type\":\"ListItem\",\"position\":1,\"name\":\"Portada\",\"item\":\"https:\/\/akatsukianime.com\/\"},{\"@type\":\"ListItem\",\"position\":2,\"name\":\"Tienda\",\"item\":\"https:\/\/akatsukianime.com\/tienda\/\"},{\"@type\":\"ListItem\",\"position\":3,\"name\":\"Figura Guts &#8211; Pop Up Parade L &#8211; Berserk\"}]},{\"@type\":\"WebSite\",\"@id\":\"https:\/\/akatsukianime.com\/#website\",\"url\":\"https:\/\/akatsukianime.com\/\",\"name\":\"Akatsuki anime store\",\"description\":\"\",\"potentialAction\":[{\"@type\":\"SearchAction\",\"target\":{\"@type\":\"EntryPoint\",\"urlTemplate\":\"https:\/\/akatsukianime.com\/?s={search_term_string}\"},\"query-input\":{\"@type\":\"PropertyValueSpecification\",\"valueRequired\":true,\"valueName\":\"search_term_string\"}}],\"inLanguage\":\"en-US\"}]}<\/script>\n<!-- \/ Yoast SEO plugin. -->","yoast_head_json":{"title":"Figura Guts - Pop Up Parade L - Berserk - Akatsuki anime store","description":"Figura Guts Black Swordsman Pop Up Parade L de Berserk. Tama\u00f1o grande, dise\u00f1o fiel y perfecta para coleccionistas del anime y manga.","robots":{"index":"index","follow":"follow","max-snippet":"max-snippet:-1","max-image-preview":"max-image-preview:large","max-video-preview":"max-video-preview:-1"},"canonical":"https:\/\/akatsukianime.com\/en\/product\/figura-guts-pop-up-parade-l-berserk\/","og_locale":"en_US","og_type":"article","og_title":"Figura Guts - Pop Up Parade L - Berserk - Akatsuki anime store","og_description":"Figura Guts Black Swordsman Pop Up Parade L de Berserk. Tama\u00f1o grande, dise\u00f1o fiel y perfecta para coleccionistas del anime y manga.","og_url":"https:\/\/akatsukianime.com\/en\/product\/figura-guts-pop-up-parade-l-berserk\/","og_site_name":"Akatsuki anime store","article_modified_time":"2026-03-15T15:30:52+00:00","og_image":[{"width":1000,"height":1000,"url":"https:\/\/akatsukianime.com\/wp-content\/uploads\/2026\/01\/figura-guts-berserk-pop-up-parade.jpg","type":"image\/jpeg"}],"twitter_card":"summary_large_image","twitter_misc":{"Est. reading time":"1 minute"},"schema":{"@context":"https:\/\/schema.org","@graph":[{"@type":["WebPage","ItemPage"],"@id":"https:\/\/akatsukianime.com\/product\/figura-guts-pop-up-parade-l-berserk\/","url":"https:\/\/akatsukianime.com\/product\/figura-guts-pop-up-parade-l-berserk\/","name":"Figura Guts - Pop Up Parade L - Berserk - Akatsuki anime store","isPartOf":{"@id":"https:\/\/akatsukianime.com\/#website"},"primaryImageOfPage":{"@id":"https:\/\/akatsukianime.com\/product\/figura-guts-pop-up-parade-l-berserk\/#primaryimage"},"image":{"@id":"https:\/\/akatsukianime.com\/product\/figura-guts-pop-up-parade-l-berserk\/#primaryimage"},"thumbnailUrl":"https:\/\/akatsukianime.com\/wp-content\/uploads\/2026\/01\/figura-guts-berserk-pop-up-parade.jpg","datePublished":"2026-01-24T15:07:08+00:00","dateModified":"2026-03-15T15:30:52+00:00","description":"Figura Guts Black Swordsman Pop Up Parade L de Berserk. Tama\u00f1o grande, dise\u00f1o fiel y perfecta para coleccionistas del anime y manga.","breadcrumb":{"@id":"https:\/\/akatsukianime.com\/product\/figura-guts-pop-up-parade-l-berserk\/#breadcrumb"},"inLanguage":"en-US","potentialAction":[{"@type":"ReadAction","target":["https:\/\/akatsukianime.com\/product\/figura-guts-pop-up-parade-l-berserk\/"]}]},{"@type":"ImageObject","inLanguage":"en-US","@id":"https:\/\/akatsukianime.com\/product\/figura-guts-pop-up-parade-l-berserk\/#primaryimage","url":"https:\/\/akatsukianime.com\/wp-content\/uploads\/2026\/01\/figura-guts-berserk-pop-up-parade.jpg","contentUrl":"https:\/\/akatsukianime.com\/wp-content\/uploads\/2026\/01\/figura-guts-berserk-pop-up-parade.jpg","width":1000,"height":1000,"caption":"Figura Guts Black Swordsman Pop Up Parade L de Berserk. Tama\u00f1o grande, dise\u00f1o fiel y perfecta para coleccionistas del anime y manga."},{"@type":"BreadcrumbList","@id":"https:\/\/akatsukianime.com\/product\/figura-guts-pop-up-parade-l-berserk\/#breadcrumb","itemListElement":[{"@type":"ListItem","position":1,"name":"Portada","item":"https:\/\/akatsukianime.com\/"},{"@type":"ListItem","position":2,"name":"Tienda","item":"https:\/\/akatsukianime.com\/tienda\/"},{"@type":"ListItem","position":3,"name":"Figura Guts &#8211; Pop Up Parade L &#8211; Berserk"}]},{"@type":"WebSite","@id":"https:\/\/akatsukianime.com\/#website","url":"https:\/\/akatsukianime.com\/","name":"Akatsuki anime store","description":"","potentialAction":[{"@type":"SearchAction","target":{"@type":"EntryPoint","urlTemplate":"https:\/\/akatsukianime.com\/?s={search_term_string}"},"query-input":{"@type":"PropertyValueSpecification","valueRequired":true,"valueName":"search_term_string"}}],"inLanguage":"en-US"}]}},"jetpack_sharing_enabled":true,"_links":{"self":[{"href":"https:\/\/akatsukianime.com\/en\/wp-json\/wp\/v2\/product\/7236","targetHints":{"allow":["GET"]}}],"collection":[{"href":"https:\/\/akatsukianime.com\/en\/wp-json\/wp\/v2\/product"}],"about":[{"href":"https:\/\/akatsukianime.com\/en\/wp-json\/wp\/v2\/types\/product"}],"version-history":[{"count":1,"href":"https:\/\/akatsukianime.com\/en\/wp-json\/wp\/v2\/product\/7236\/revisions"}],"predecessor-version":[{"id":7246,"href":"https:\/\/akatsukianime.com\/en\/wp-json\/wp\/v2\/product\/7236\/revisions\/7246"}],"wp:featuredmedia":[{"embeddable":true,"href":"https:\/\/akatsukianime.com\/en\/wp-json\/wp\/v2\/media\/7237"}],"wp:attachment":[{"href":"https:\/\/akatsukianime.com\/en\/wp-json\/wp\/v2\/media?parent=7236"}],"wp:term":[{"taxonomy":"product_cat","embeddable":true,"href":"https:\/\/akatsukianime.com\/en\/wp-json\/wp\/v2\/product_cat?post=7236"},{"taxonomy":"product_tag","embeddable":true,"href":"https:\/\/akatsukianime.com\/en\/wp-json\/wp\/v2\/product_tag?post=7236"}],"curies":[{"name":"wp","href":"https:\/\/api.w.org\/{rel}","templated":true}]}}