{"id":7247,"date":"2026-01-24T17:01:27","date_gmt":"2026-01-24T16:01:27","guid":{"rendered":"https:\/\/akatsukianime.com\/?post_type=product&#038;p=7247"},"modified":"2026-01-24T17:02:04","modified_gmt":"2026-01-24T16:02:04","slug":"figura-madoka-kaname-super-premium-figure-puella-magi-madoka-magica","status":"publish","type":"product","link":"https:\/\/akatsukianime.com\/en\/product\/figura-madoka-kaname-super-premium-figure-puella-magi-madoka-magica\/","title":{"rendered":"Figura Madoka Kaname &#8211; Super Premium Figure &#8211; Puella Magi Madoka Magica"},"content":{"rendered":"<h3 data-start=\"313\" data-end=\"347\"><strong data-start=\"317\" data-end=\"345\">Product description<\/strong><\/h3>\n<p data-start=\"348\" data-end=\"564\">From the anime <strong data-start=\"363\" data-end=\"417\">Magia Record: Puella Magi Madoka Magica Side Story<\/strong>, Sega presenta la figura <strong data-start=\"443\" data-end=\"460\">Super Premium<\/strong> of <strong data-start=\"464\" data-end=\"481\">Madoka Kaname<\/strong>, una pieza que captura a la perfecci\u00f3n la dulzura y carisma del ic\u00f3nico personaje.<\/p>\n<p data-start=\"566\" data-end=\"892\">Con una altura superior a los 24 cm, la figura muestra a Madoka en una elegante pose de pie, luciendo una expresi\u00f3n alegre y serena. Su cuidada escultura y acabados detallados la convierten en una excelente opci\u00f3n tanto para exhibici\u00f3n como para enriquecer cualquier colecci\u00f3n dedicada al universo <em data-start=\"864\" data-end=\"891\">Puella Magi Madoka Magica<\/em>.<\/p>\n<p data-start=\"894\" data-end=\"998\">Ideal para fans del anime y coleccionistas que buscan figuras de gran tama\u00f1o y calidad visual destacada.<\/p>\n<h3 data-start=\"1005\" data-end=\"1041\"><strong data-start=\"1009\" data-end=\"1041\">Product Features<\/strong><\/h3>\n<ul data-start=\"1042\" data-end=\"1243\">\n<li data-start=\"1042\" data-end=\"1072\">\n<p data-start=\"1044\" data-end=\"1072\">Approximate height: <strong data-start=\"1063\" data-end=\"1072\">24 cm<\/strong><\/p>\n<\/li>\n<li data-start=\"1073\" data-end=\"1097\">\n<p data-start=\"1075\" data-end=\"1097\">Material: <strong data-start=\"1085\" data-end=\"1097\">plastic<\/strong><\/p>\n<\/li>\n<li data-start=\"1098\" data-end=\"1162\">\n<p data-start=\"1100\" data-end=\"1162\">Based on <em data-start=\"1110\" data-end=\"1162\">Magia Record: Puella Magi Madoka Magica Side Story<\/em><\/p>\n<\/li>\n<li data-start=\"1163\" data-end=\"1196\">\n<p data-start=\"1165\" data-end=\"1196\">Line: <strong data-start=\"1172\" data-end=\"1196\">Super Premium Figure<\/strong><\/p>\n<\/li>\n<li data-start=\"1197\" data-end=\"1220\">\n<p data-start=\"1199\" data-end=\"1220\">Alto nivel de detalle<\/p>\n<\/li>\n<li data-start=\"1221\" data-end=\"1243\">\n<p data-start=\"1223\" data-end=\"1243\">Non-articulated figure<\/p>\n<\/li>\n<\/ul>\n<h3 data-start=\"1250\" data-end=\"1278\"><strong data-start=\"1254\" data-end=\"1278\">Box contents<\/strong><\/h3>\n<ul data-start=\"1279\" data-end=\"1308\">\n<li data-start=\"1279\" data-end=\"1308\">\n<p data-start=\"1281\" data-end=\"1308\">Figure of <strong data-start=\"1291\" data-end=\"1308\">Madoka Kaname<\/strong><\/p>\n<\/li>\n<\/ul>","protected":false},"excerpt":{"rendered":"<p>Descripci\u00f3n del producto Desde el anime Magia Record: Puella Magi Madoka Magica Side Story, Sega presenta la figura Super Premium<\/p>","protected":false},"featured_media":7248,"template":"","meta":[],"product_cat":[101,65,61,60],"product_tag":[453,420,171],"class_list":{"0":"post-7247","1":"product","2":"type-product","3":"status-publish","4":"has-post-thumbnail","6":"product_cat-elige-sega-goods-sega-goods","7":"product_cat-figuras","8":"product_cat-novedades","9":"product_cat-otros","10":"product_tag-madoka-kaname","11":"product_tag-madoka-magica","12":"product_tag-sega","14":"first","15":"instock","16":"sold-individually","17":"taxable","18":"shipping-taxable","19":"purchasable","20":"product-type-simple"},"yoast_head":"<!-- This site is optimized with the Yoast SEO plugin v24.2 - https:\/\/yoast.com\/wordpress\/plugins\/seo\/ -->\n<title>Figura Madoka Kaname - Super Premium Figure - Puella Magi Madoka Magica - Akatsuki anime store<\/title>\n<meta name=\"description\" content=\"Figura Madoka Kaname Super Premium de Magia Record. Gran tama\u00f1o, dise\u00f1o detallado y perfecta para fans y coleccionistas del anime.\" \/>\n<meta name=\"robots\" content=\"index, follow, max-snippet:-1, max-image-preview:large, max-video-preview:-1\" \/>\n<link rel=\"canonical\" href=\"https:\/\/akatsukianime.com\/en\/product\/figura-madoka-kaname-super-premium-figure-puella-magi-madoka-magica\/\" \/>\n<meta property=\"og:locale\" content=\"en_US\" \/>\n<meta property=\"og:type\" content=\"article\" \/>\n<meta property=\"og:title\" content=\"Figura Madoka Kaname - Super Premium Figure - Puella Magi Madoka Magica - Akatsuki anime store\" \/>\n<meta property=\"og:description\" content=\"Figura Madoka Kaname Super Premium de Magia Record. Gran tama\u00f1o, dise\u00f1o detallado y perfecta para fans y coleccionistas del anime.\" \/>\n<meta property=\"og:url\" content=\"https:\/\/akatsukianime.com\/en\/product\/figura-madoka-kaname-super-premium-figure-puella-magi-madoka-magica\/\" \/>\n<meta property=\"og:site_name\" content=\"Akatsuki anime store\" \/>\n<meta property=\"article:modified_time\" content=\"2026-01-24T16:02:04+00:00\" \/>\n<meta property=\"og:image\" content=\"https:\/\/akatsukianime.com\/wp-content\/uploads\/2026\/01\/figura-madoka-kaname-sega.jpg\" \/>\n\t<meta property=\"og:image:width\" content=\"1000\" \/>\n\t<meta property=\"og:image:height\" content=\"1000\" \/>\n\t<meta property=\"og:image:type\" content=\"image\/jpeg\" \/>\n<meta name=\"twitter:card\" content=\"summary_large_image\" \/>\n<meta name=\"twitter:label1\" content=\"Est. reading time\" \/>\n\t<meta name=\"twitter:data1\" content=\"1 minute\" \/>\n<script type=\"application\/ld+json\" class=\"yoast-schema-graph\">{\"@context\":\"https:\/\/schema.org\",\"@graph\":[{\"@type\":[\"WebPage\",\"ItemPage\"],\"@id\":\"https:\/\/akatsukianime.com\/product\/figura-madoka-kaname-super-premium-figure-puella-magi-madoka-magica\/\",\"url\":\"https:\/\/akatsukianime.com\/product\/figura-madoka-kaname-super-premium-figure-puella-magi-madoka-magica\/\",\"name\":\"Figura Madoka Kaname - Super Premium Figure - Puella Magi Madoka Magica - Akatsuki anime store\",\"isPartOf\":{\"@id\":\"https:\/\/akatsukianime.com\/#website\"},\"primaryImageOfPage\":{\"@id\":\"https:\/\/akatsukianime.com\/product\/figura-madoka-kaname-super-premium-figure-puella-magi-madoka-magica\/#primaryimage\"},\"image\":{\"@id\":\"https:\/\/akatsukianime.com\/product\/figura-madoka-kaname-super-premium-figure-puella-magi-madoka-magica\/#primaryimage\"},\"thumbnailUrl\":\"https:\/\/akatsukianime.com\/wp-content\/uploads\/2026\/01\/figura-madoka-kaname-sega.jpg\",\"datePublished\":\"2026-01-24T16:01:27+00:00\",\"dateModified\":\"2026-01-24T16:02:04+00:00\",\"description\":\"Figura Madoka Kaname Super Premium de Magia Record. Gran tama\u00f1o, dise\u00f1o detallado y perfecta para fans y coleccionistas del anime.\",\"breadcrumb\":{\"@id\":\"https:\/\/akatsukianime.com\/product\/figura-madoka-kaname-super-premium-figure-puella-magi-madoka-magica\/#breadcrumb\"},\"inLanguage\":\"en-US\",\"potentialAction\":[{\"@type\":\"ReadAction\",\"target\":[\"https:\/\/akatsukianime.com\/product\/figura-madoka-kaname-super-premium-figure-puella-magi-madoka-magica\/\"]}]},{\"@type\":\"ImageObject\",\"inLanguage\":\"en-US\",\"@id\":\"https:\/\/akatsukianime.com\/product\/figura-madoka-kaname-super-premium-figure-puella-magi-madoka-magica\/#primaryimage\",\"url\":\"https:\/\/akatsukianime.com\/wp-content\/uploads\/2026\/01\/figura-madoka-kaname-sega.jpg\",\"contentUrl\":\"https:\/\/akatsukianime.com\/wp-content\/uploads\/2026\/01\/figura-madoka-kaname-sega.jpg\",\"width\":1000,\"height\":1000,\"caption\":\"figura madoka kaname sega\"},{\"@type\":\"BreadcrumbList\",\"@id\":\"https:\/\/akatsukianime.com\/product\/figura-madoka-kaname-super-premium-figure-puella-magi-madoka-magica\/#breadcrumb\",\"itemListElement\":[{\"@type\":\"ListItem\",\"position\":1,\"name\":\"Portada\",\"item\":\"https:\/\/akatsukianime.com\/\"},{\"@type\":\"ListItem\",\"position\":2,\"name\":\"Tienda\",\"item\":\"https:\/\/akatsukianime.com\/tienda\/\"},{\"@type\":\"ListItem\",\"position\":3,\"name\":\"Figura Madoka Kaname &#8211; Super Premium Figure &#8211; Puella Magi Madoka Magica\"}]},{\"@type\":\"WebSite\",\"@id\":\"https:\/\/akatsukianime.com\/#website\",\"url\":\"https:\/\/akatsukianime.com\/\",\"name\":\"Akatsuki anime store\",\"description\":\"\",\"potentialAction\":[{\"@type\":\"SearchAction\",\"target\":{\"@type\":\"EntryPoint\",\"urlTemplate\":\"https:\/\/akatsukianime.com\/?s={search_term_string}\"},\"query-input\":{\"@type\":\"PropertyValueSpecification\",\"valueRequired\":true,\"valueName\":\"search_term_string\"}}],\"inLanguage\":\"en-US\"}]}<\/script>\n<!-- \/ Yoast SEO plugin. -->","yoast_head_json":{"title":"Figura Madoka Kaname - Super Premium Figure - Puella Magi Madoka Magica - Akatsuki anime store","description":"Figura Madoka Kaname Super Premium de Magia Record. Gran tama\u00f1o, dise\u00f1o detallado y perfecta para fans y coleccionistas del anime.","robots":{"index":"index","follow":"follow","max-snippet":"max-snippet:-1","max-image-preview":"max-image-preview:large","max-video-preview":"max-video-preview:-1"},"canonical":"https:\/\/akatsukianime.com\/en\/product\/figura-madoka-kaname-super-premium-figure-puella-magi-madoka-magica\/","og_locale":"en_US","og_type":"article","og_title":"Figura Madoka Kaname - Super Premium Figure - Puella Magi Madoka Magica - Akatsuki anime store","og_description":"Figura Madoka Kaname Super Premium de Magia Record. Gran tama\u00f1o, dise\u00f1o detallado y perfecta para fans y coleccionistas del anime.","og_url":"https:\/\/akatsukianime.com\/en\/product\/figura-madoka-kaname-super-premium-figure-puella-magi-madoka-magica\/","og_site_name":"Akatsuki anime store","article_modified_time":"2026-01-24T16:02:04+00:00","og_image":[{"width":1000,"height":1000,"url":"https:\/\/akatsukianime.com\/wp-content\/uploads\/2026\/01\/figura-madoka-kaname-sega.jpg","type":"image\/jpeg"}],"twitter_card":"summary_large_image","twitter_misc":{"Est. reading time":"1 minute"},"schema":{"@context":"https:\/\/schema.org","@graph":[{"@type":["WebPage","ItemPage"],"@id":"https:\/\/akatsukianime.com\/product\/figura-madoka-kaname-super-premium-figure-puella-magi-madoka-magica\/","url":"https:\/\/akatsukianime.com\/product\/figura-madoka-kaname-super-premium-figure-puella-magi-madoka-magica\/","name":"Figura Madoka Kaname - Super Premium Figure - Puella Magi Madoka Magica - Akatsuki anime store","isPartOf":{"@id":"https:\/\/akatsukianime.com\/#website"},"primaryImageOfPage":{"@id":"https:\/\/akatsukianime.com\/product\/figura-madoka-kaname-super-premium-figure-puella-magi-madoka-magica\/#primaryimage"},"image":{"@id":"https:\/\/akatsukianime.com\/product\/figura-madoka-kaname-super-premium-figure-puella-magi-madoka-magica\/#primaryimage"},"thumbnailUrl":"https:\/\/akatsukianime.com\/wp-content\/uploads\/2026\/01\/figura-madoka-kaname-sega.jpg","datePublished":"2026-01-24T16:01:27+00:00","dateModified":"2026-01-24T16:02:04+00:00","description":"Figura Madoka Kaname Super Premium de Magia Record. Gran tama\u00f1o, dise\u00f1o detallado y perfecta para fans y coleccionistas del anime.","breadcrumb":{"@id":"https:\/\/akatsukianime.com\/product\/figura-madoka-kaname-super-premium-figure-puella-magi-madoka-magica\/#breadcrumb"},"inLanguage":"en-US","potentialAction":[{"@type":"ReadAction","target":["https:\/\/akatsukianime.com\/product\/figura-madoka-kaname-super-premium-figure-puella-magi-madoka-magica\/"]}]},{"@type":"ImageObject","inLanguage":"en-US","@id":"https:\/\/akatsukianime.com\/product\/figura-madoka-kaname-super-premium-figure-puella-magi-madoka-magica\/#primaryimage","url":"https:\/\/akatsukianime.com\/wp-content\/uploads\/2026\/01\/figura-madoka-kaname-sega.jpg","contentUrl":"https:\/\/akatsukianime.com\/wp-content\/uploads\/2026\/01\/figura-madoka-kaname-sega.jpg","width":1000,"height":1000,"caption":"figura madoka kaname sega"},{"@type":"BreadcrumbList","@id":"https:\/\/akatsukianime.com\/product\/figura-madoka-kaname-super-premium-figure-puella-magi-madoka-magica\/#breadcrumb","itemListElement":[{"@type":"ListItem","position":1,"name":"Portada","item":"https:\/\/akatsukianime.com\/"},{"@type":"ListItem","position":2,"name":"Tienda","item":"https:\/\/akatsukianime.com\/tienda\/"},{"@type":"ListItem","position":3,"name":"Figura Madoka Kaname &#8211; Super Premium Figure &#8211; Puella Magi Madoka Magica"}]},{"@type":"WebSite","@id":"https:\/\/akatsukianime.com\/#website","url":"https:\/\/akatsukianime.com\/","name":"Akatsuki anime store","description":"","potentialAction":[{"@type":"SearchAction","target":{"@type":"EntryPoint","urlTemplate":"https:\/\/akatsukianime.com\/?s={search_term_string}"},"query-input":{"@type":"PropertyValueSpecification","valueRequired":true,"valueName":"search_term_string"}}],"inLanguage":"en-US"}]}},"jetpack_sharing_enabled":true,"_links":{"self":[{"href":"https:\/\/akatsukianime.com\/en\/wp-json\/wp\/v2\/product\/7247","targetHints":{"allow":["GET"]}}],"collection":[{"href":"https:\/\/akatsukianime.com\/en\/wp-json\/wp\/v2\/product"}],"about":[{"href":"https:\/\/akatsukianime.com\/en\/wp-json\/wp\/v2\/types\/product"}],"version-history":[{"count":1,"href":"https:\/\/akatsukianime.com\/en\/wp-json\/wp\/v2\/product\/7247\/revisions"}],"predecessor-version":[{"id":7256,"href":"https:\/\/akatsukianime.com\/en\/wp-json\/wp\/v2\/product\/7247\/revisions\/7256"}],"wp:featuredmedia":[{"embeddable":true,"href":"https:\/\/akatsukianime.com\/en\/wp-json\/wp\/v2\/media\/7248"}],"wp:attachment":[{"href":"https:\/\/akatsukianime.com\/en\/wp-json\/wp\/v2\/media?parent=7247"}],"wp:term":[{"taxonomy":"product_cat","embeddable":true,"href":"https:\/\/akatsukianime.com\/en\/wp-json\/wp\/v2\/product_cat?post=7247"},{"taxonomy":"product_tag","embeddable":true,"href":"https:\/\/akatsukianime.com\/en\/wp-json\/wp\/v2\/product_tag?post=7247"}],"curies":[{"name":"wp","href":"https:\/\/api.w.org\/{rel}","templated":true}]}}