{"id":7258,"date":"2026-01-26T17:24:50","date_gmt":"2026-01-26T16:24:50","guid":{"rendered":"https:\/\/akatsukianime.com\/?post_type=product&#038;p=7258"},"modified":"2026-01-26T17:24:51","modified_gmt":"2026-01-26T16:24:51","slug":"modelkit-strelitzia-darling-in-the-franxx-moderoid","status":"publish","type":"product","link":"https:\/\/akatsukianime.com\/en\/product\/modelkit-strelitzia-darling-in-the-franxx-moderoid\/","title":{"rendered":"ModelKit Strelitzia &#8211; Darling in the Franxx &#8211; Moderoid"},"content":{"rendered":"<h3 data-start=\"242\" data-end=\"276\"><strong data-start=\"246\" data-end=\"274\">Product description<\/strong><\/h3>\n<p data-start=\"277\" data-end=\"610\">From the hit anime <strong data-start=\"300\" data-end=\"325\">DARLING in the FRANXX<\/strong>, llega el impresionante <strong data-start=\"350\" data-end=\"364\">Strelitzia<\/strong> en forma de <strong data-start=\"377\" data-end=\"399\">model kit MODEROID<\/strong> de Good Smile Company. Este ic\u00f3nico mecha, pilotado por Zero Two y Hiro, es recreado con gran fidelidad, combinando dise\u00f1o estilizado, excelente articulaci\u00f3n y un acabado visual espectacular una vez ensamblado.<\/p>\n<p data-start=\"612\" data-end=\"964\">El modelo presenta proporciones din\u00e1micas, colores precisos y m\u00faltiples puntos de articulaci\u00f3n que permiten recrear poses de acci\u00f3n emblem\u00e1ticas del anime. Gracias al sistema MODEROID, el armado es intuitivo y no requiere pintura para lograr un resultado impactante, aunque ofrece amplias posibilidades de personalizaci\u00f3n para modelistas m\u00e1s avanzados.<\/p>\n<p data-start=\"966\" data-end=\"1068\">Una pieza imprescindible para fans de <em data-start=\"1004\" data-end=\"1027\">DARLING in the FRANXX<\/em> y amantes de los mechas de alta calidad.<\/p>\n<hr data-start=\"1070\" data-end=\"1073\" \/>\n<h3 data-start=\"1075\" data-end=\"1111\"><strong data-start=\"1079\" data-end=\"1111\">Product Features<\/strong><\/h3>\n<ul data-start=\"1112\" data-end=\"1365\">\n<li data-start=\"1112\" data-end=\"1158\">\n<p data-start=\"1114\" data-end=\"1158\">Approximate height: <strong data-start=\"1133\" data-end=\"1145\">15\u201316 cm<\/strong> (ensamblado)<\/p>\n<\/li>\n<li data-start=\"1159\" data-end=\"1191\">\n<p data-start=\"1161\" data-end=\"1191\">Tipo: <strong data-start=\"1167\" data-end=\"1191\">model kit para ensamblar<\/strong><\/p>\n<\/li>\n<li data-start=\"1192\" data-end=\"1216\">\n<p data-start=\"1194\" data-end=\"1216\">Material: <strong data-start=\"1204\" data-end=\"1216\">plastic<\/strong><\/p>\n<\/li>\n<li data-start=\"1217\" data-end=\"1261\">\n<p data-start=\"1219\" data-end=\"1261\">Based on the anime <em data-start=\"1238\" data-end=\"1261\">DARLING in the FRANXX<\/em><\/p>\n<\/li>\n<li data-start=\"1262\" data-end=\"1283\">\n<p data-start=\"1264\" data-end=\"1283\">Line: <strong data-start=\"1271\" data-end=\"1283\">MODEROID<\/strong><\/p>\n<\/li>\n<li data-start=\"1284\" data-end=\"1318\">\n<p data-start=\"1286\" data-end=\"1318\">Multiple points of articulation<\/p>\n<\/li>\n<li data-start=\"1319\" data-end=\"1341\">\n<p data-start=\"1321\" data-end=\"1341\">Piezas precoloreadas<\/p>\n<\/li>\n<li data-start=\"1342\" data-end=\"1365\">\n<p data-start=\"1344\" data-end=\"1365\">No glue required<\/p>\n<\/li>\n<\/ul>\n<h3 data-start=\"1372\" data-end=\"1400\"><strong data-start=\"1376\" data-end=\"1400\">Box contents<\/strong><\/h3>\n<ul data-start=\"1401\" data-end=\"1502\">\n<li data-start=\"1401\" data-end=\"1435\">\n<p data-start=\"1403\" data-end=\"1435\"><strong data-start=\"1421\" data-end=\"1435\">Maqueta para ensamblar: Strelitzia<\/strong><\/p>\n<\/li>\n<li data-start=\"1436\" data-end=\"1472\">\n<p data-start=\"1438\" data-end=\"1472\">Accesorios y manos intercambiables<\/p>\n<\/li>\n<li data-start=\"1473\" data-end=\"1502\">\n<p data-start=\"1475\" data-end=\"1502\">Instrucciones de ensamblado<\/p>\n<\/li>\n<\/ul>","protected":false},"excerpt":{"rendered":"<p>Descripci\u00f3n del producto Desde el exitoso anime DARLING in the FRANXX, llega el impresionante Strelitzia en forma de model kit<\/p>","protected":false},"featured_media":7265,"template":"","meta":[],"product_cat":[98,66,169,61,60],"product_tag":[454,104,317,455],"class_list":{"0":"post-7258","1":"product","2":"type-product","3":"status-publish","4":"has-post-thumbnail","6":"product_cat-good-smile-company","7":"product_cat-model-kit","8":"product_cat-10-otros-model-kit","9":"product_cat-novedades","10":"product_cat-otros","11":"product_tag-darling-in-the-franxx","12":"product_tag-model-kit","13":"product_tag-moderoid","14":"product_tag-strelitzia","16":"first","17":"instock","18":"sold-individually","19":"taxable","20":"shipping-taxable","21":"purchasable","22":"product-type-simple"},"yoast_head":"<!-- This site is optimized with the Yoast SEO plugin v24.2 - https:\/\/yoast.com\/wordpress\/plugins\/seo\/ -->\n<title>ModelKit Strelitzia - Darling in the Franxx - Moderoid - Akatsuki anime store<\/title>\n<meta name=\"description\" content=\"Ensambla tu propia unidad Strelitzia con esta Model kit MODEROID de DARLING in the FRANXX. Mecha articulado, f\u00e1cil de montar y Grandes detalles.\" \/>\n<meta name=\"robots\" content=\"index, follow, max-snippet:-1, max-image-preview:large, max-video-preview:-1\" \/>\n<link rel=\"canonical\" href=\"https:\/\/akatsukianime.com\/en\/product\/modelkit-strelitzia-darling-in-the-franxx-moderoid\/\" \/>\n<meta property=\"og:locale\" content=\"en_US\" \/>\n<meta property=\"og:type\" content=\"article\" \/>\n<meta property=\"og:title\" content=\"ModelKit Strelitzia - Darling in the Franxx - Moderoid - Akatsuki anime store\" \/>\n<meta property=\"og:description\" content=\"Ensambla tu propia unidad Strelitzia con esta Model kit MODEROID de DARLING in the FRANXX. Mecha articulado, f\u00e1cil de montar y Grandes detalles.\" \/>\n<meta property=\"og:url\" content=\"https:\/\/akatsukianime.com\/en\/product\/modelkit-strelitzia-darling-in-the-franxx-moderoid\/\" \/>\n<meta property=\"og:site_name\" content=\"Akatsuki anime store\" \/>\n<meta property=\"article:modified_time\" content=\"2026-01-26T16:24:51+00:00\" \/>\n<meta property=\"og:image\" content=\"https:\/\/akatsukianime.com\/wp-content\/uploads\/2026\/01\/moderoid-strelitzia-darling-franxx.jpg\" \/>\n\t<meta property=\"og:image:width\" content=\"1000\" \/>\n\t<meta property=\"og:image:height\" content=\"1000\" \/>\n\t<meta property=\"og:image:type\" content=\"image\/jpeg\" \/>\n<meta name=\"twitter:card\" content=\"summary_large_image\" \/>\n<meta name=\"twitter:label1\" content=\"Est. reading time\" \/>\n\t<meta name=\"twitter:data1\" content=\"1 minute\" \/>\n<script type=\"application\/ld+json\" class=\"yoast-schema-graph\">{\"@context\":\"https:\/\/schema.org\",\"@graph\":[{\"@type\":[\"WebPage\",\"ItemPage\"],\"@id\":\"https:\/\/akatsukianime.com\/product\/modelkit-strelitzia-darling-in-the-franxx-moderoid\/\",\"url\":\"https:\/\/akatsukianime.com\/product\/modelkit-strelitzia-darling-in-the-franxx-moderoid\/\",\"name\":\"ModelKit Strelitzia - Darling in the Franxx - Moderoid - Akatsuki anime store\",\"isPartOf\":{\"@id\":\"https:\/\/akatsukianime.com\/#website\"},\"primaryImageOfPage\":{\"@id\":\"https:\/\/akatsukianime.com\/product\/modelkit-strelitzia-darling-in-the-franxx-moderoid\/#primaryimage\"},\"image\":{\"@id\":\"https:\/\/akatsukianime.com\/product\/modelkit-strelitzia-darling-in-the-franxx-moderoid\/#primaryimage\"},\"thumbnailUrl\":\"https:\/\/akatsukianime.com\/wp-content\/uploads\/2026\/01\/moderoid-strelitzia-darling-franxx.jpg\",\"datePublished\":\"2026-01-26T16:24:50+00:00\",\"dateModified\":\"2026-01-26T16:24:51+00:00\",\"description\":\"Ensambla tu propia unidad Strelitzia con esta Model kit MODEROID de DARLING in the FRANXX. Mecha articulado, f\u00e1cil de montar y Grandes detalles.\",\"breadcrumb\":{\"@id\":\"https:\/\/akatsukianime.com\/product\/modelkit-strelitzia-darling-in-the-franxx-moderoid\/#breadcrumb\"},\"inLanguage\":\"en-US\",\"potentialAction\":[{\"@type\":\"ReadAction\",\"target\":[\"https:\/\/akatsukianime.com\/product\/modelkit-strelitzia-darling-in-the-franxx-moderoid\/\"]}]},{\"@type\":\"ImageObject\",\"inLanguage\":\"en-US\",\"@id\":\"https:\/\/akatsukianime.com\/product\/modelkit-strelitzia-darling-in-the-franxx-moderoid\/#primaryimage\",\"url\":\"https:\/\/akatsukianime.com\/wp-content\/uploads\/2026\/01\/moderoid-strelitzia-darling-franxx.jpg\",\"contentUrl\":\"https:\/\/akatsukianime.com\/wp-content\/uploads\/2026\/01\/moderoid-strelitzia-darling-franxx.jpg\",\"width\":1000,\"height\":1000,\"caption\":\"moderoid strelitzia darling franxx\"},{\"@type\":\"BreadcrumbList\",\"@id\":\"https:\/\/akatsukianime.com\/product\/modelkit-strelitzia-darling-in-the-franxx-moderoid\/#breadcrumb\",\"itemListElement\":[{\"@type\":\"ListItem\",\"position\":1,\"name\":\"Portada\",\"item\":\"https:\/\/akatsukianime.com\/\"},{\"@type\":\"ListItem\",\"position\":2,\"name\":\"Tienda\",\"item\":\"https:\/\/akatsukianime.com\/tienda\/\"},{\"@type\":\"ListItem\",\"position\":3,\"name\":\"ModelKit Strelitzia &#8211; Darling in the Franxx &#8211; Moderoid\"}]},{\"@type\":\"WebSite\",\"@id\":\"https:\/\/akatsukianime.com\/#website\",\"url\":\"https:\/\/akatsukianime.com\/\",\"name\":\"Akatsuki anime store\",\"description\":\"\",\"potentialAction\":[{\"@type\":\"SearchAction\",\"target\":{\"@type\":\"EntryPoint\",\"urlTemplate\":\"https:\/\/akatsukianime.com\/?s={search_term_string}\"},\"query-input\":{\"@type\":\"PropertyValueSpecification\",\"valueRequired\":true,\"valueName\":\"search_term_string\"}}],\"inLanguage\":\"en-US\"}]}<\/script>\n<!-- \/ Yoast SEO plugin. -->","yoast_head_json":{"title":"ModelKit Strelitzia - Darling in the Franxx - Moderoid - Akatsuki anime store","description":"Ensambla tu propia unidad Strelitzia con esta Model kit MODEROID de DARLING in the FRANXX. Mecha articulado, f\u00e1cil de montar y Grandes detalles.","robots":{"index":"index","follow":"follow","max-snippet":"max-snippet:-1","max-image-preview":"max-image-preview:large","max-video-preview":"max-video-preview:-1"},"canonical":"https:\/\/akatsukianime.com\/en\/product\/modelkit-strelitzia-darling-in-the-franxx-moderoid\/","og_locale":"en_US","og_type":"article","og_title":"ModelKit Strelitzia - Darling in the Franxx - Moderoid - Akatsuki anime store","og_description":"Ensambla tu propia unidad Strelitzia con esta Model kit MODEROID de DARLING in the FRANXX. Mecha articulado, f\u00e1cil de montar y Grandes detalles.","og_url":"https:\/\/akatsukianime.com\/en\/product\/modelkit-strelitzia-darling-in-the-franxx-moderoid\/","og_site_name":"Akatsuki anime store","article_modified_time":"2026-01-26T16:24:51+00:00","og_image":[{"width":1000,"height":1000,"url":"https:\/\/akatsukianime.com\/wp-content\/uploads\/2026\/01\/moderoid-strelitzia-darling-franxx.jpg","type":"image\/jpeg"}],"twitter_card":"summary_large_image","twitter_misc":{"Est. reading time":"1 minute"},"schema":{"@context":"https:\/\/schema.org","@graph":[{"@type":["WebPage","ItemPage"],"@id":"https:\/\/akatsukianime.com\/product\/modelkit-strelitzia-darling-in-the-franxx-moderoid\/","url":"https:\/\/akatsukianime.com\/product\/modelkit-strelitzia-darling-in-the-franxx-moderoid\/","name":"ModelKit Strelitzia - Darling in the Franxx - Moderoid - Akatsuki anime store","isPartOf":{"@id":"https:\/\/akatsukianime.com\/#website"},"primaryImageOfPage":{"@id":"https:\/\/akatsukianime.com\/product\/modelkit-strelitzia-darling-in-the-franxx-moderoid\/#primaryimage"},"image":{"@id":"https:\/\/akatsukianime.com\/product\/modelkit-strelitzia-darling-in-the-franxx-moderoid\/#primaryimage"},"thumbnailUrl":"https:\/\/akatsukianime.com\/wp-content\/uploads\/2026\/01\/moderoid-strelitzia-darling-franxx.jpg","datePublished":"2026-01-26T16:24:50+00:00","dateModified":"2026-01-26T16:24:51+00:00","description":"Ensambla tu propia unidad Strelitzia con esta Model kit MODEROID de DARLING in the FRANXX. Mecha articulado, f\u00e1cil de montar y Grandes detalles.","breadcrumb":{"@id":"https:\/\/akatsukianime.com\/product\/modelkit-strelitzia-darling-in-the-franxx-moderoid\/#breadcrumb"},"inLanguage":"en-US","potentialAction":[{"@type":"ReadAction","target":["https:\/\/akatsukianime.com\/product\/modelkit-strelitzia-darling-in-the-franxx-moderoid\/"]}]},{"@type":"ImageObject","inLanguage":"en-US","@id":"https:\/\/akatsukianime.com\/product\/modelkit-strelitzia-darling-in-the-franxx-moderoid\/#primaryimage","url":"https:\/\/akatsukianime.com\/wp-content\/uploads\/2026\/01\/moderoid-strelitzia-darling-franxx.jpg","contentUrl":"https:\/\/akatsukianime.com\/wp-content\/uploads\/2026\/01\/moderoid-strelitzia-darling-franxx.jpg","width":1000,"height":1000,"caption":"moderoid strelitzia darling franxx"},{"@type":"BreadcrumbList","@id":"https:\/\/akatsukianime.com\/product\/modelkit-strelitzia-darling-in-the-franxx-moderoid\/#breadcrumb","itemListElement":[{"@type":"ListItem","position":1,"name":"Portada","item":"https:\/\/akatsukianime.com\/"},{"@type":"ListItem","position":2,"name":"Tienda","item":"https:\/\/akatsukianime.com\/tienda\/"},{"@type":"ListItem","position":3,"name":"ModelKit Strelitzia &#8211; Darling in the Franxx &#8211; Moderoid"}]},{"@type":"WebSite","@id":"https:\/\/akatsukianime.com\/#website","url":"https:\/\/akatsukianime.com\/","name":"Akatsuki anime store","description":"","potentialAction":[{"@type":"SearchAction","target":{"@type":"EntryPoint","urlTemplate":"https:\/\/akatsukianime.com\/?s={search_term_string}"},"query-input":{"@type":"PropertyValueSpecification","valueRequired":true,"valueName":"search_term_string"}}],"inLanguage":"en-US"}]}},"jetpack_sharing_enabled":true,"_links":{"self":[{"href":"https:\/\/akatsukianime.com\/en\/wp-json\/wp\/v2\/product\/7258","targetHints":{"allow":["GET"]}}],"collection":[{"href":"https:\/\/akatsukianime.com\/en\/wp-json\/wp\/v2\/product"}],"about":[{"href":"https:\/\/akatsukianime.com\/en\/wp-json\/wp\/v2\/types\/product"}],"version-history":[{"count":1,"href":"https:\/\/akatsukianime.com\/en\/wp-json\/wp\/v2\/product\/7258\/revisions"}],"predecessor-version":[{"id":7266,"href":"https:\/\/akatsukianime.com\/en\/wp-json\/wp\/v2\/product\/7258\/revisions\/7266"}],"wp:featuredmedia":[{"embeddable":true,"href":"https:\/\/akatsukianime.com\/en\/wp-json\/wp\/v2\/media\/7265"}],"wp:attachment":[{"href":"https:\/\/akatsukianime.com\/en\/wp-json\/wp\/v2\/media?parent=7258"}],"wp:term":[{"taxonomy":"product_cat","embeddable":true,"href":"https:\/\/akatsukianime.com\/en\/wp-json\/wp\/v2\/product_cat?post=7258"},{"taxonomy":"product_tag","embeddable":true,"href":"https:\/\/akatsukianime.com\/en\/wp-json\/wp\/v2\/product_tag?post=7258"}],"curies":[{"name":"wp","href":"https:\/\/api.w.org\/{rel}","templated":true}]}}