{"id":7267,"date":"2026-01-26T18:21:04","date_gmt":"2026-01-26T17:21:04","guid":{"rendered":"https:\/\/akatsukianime.com\/?post_type=product&#038;p=7267"},"modified":"2026-04-17T22:21:24","modified_gmt":"2026-04-17T20:21:24","slug":"figura-frieren-the-heights-of-magic-frieren-beyond-journeys-end-series-figurizma","status":"publish","type":"product","link":"https:\/\/akatsukianime.com\/en\/product\/figura-frieren-the-heights-of-magic-frieren-beyond-journeys-end-series-figurizma\/","title":{"rendered":"Figura Frieren The Heights of Magic -Frieren: Beyond Journey\u00b4s End Series- FIGURIZMa"},"content":{"rendered":"<h3 data-start=\"225\" data-end=\"259\"><strong data-start=\"229\" data-end=\"257\">Product description<\/strong><\/h3>\n<p data-start=\"260\" data-end=\"630\">From the acclaimed anime <strong data-start=\"284\" data-end=\"317\">Frieren: Beyond Journey&#039;s End<\/strong> llega esta espectacular figura <strong data-start=\"349\" data-end=\"392\">FiGURiZM Frieren (The Heights of Magic)<\/strong> de Sega. Con una presencia imponente y un nivel de detalle sobresaliente, la figura captura a Frieren en pleno despliegue de su inmenso poder m\u00e1gico, representada en una din\u00e1mica pose de acci\u00f3n mientras conjura un hechizo de gran escala.<\/p>\n<p data-start=\"632\" data-end=\"955\">Con una altura cercana a los 25 cm, esta figura destaca por su cuidada escultura, efectos visuales impactantes y una pintura detallada que realza la atm\u00f3sfera m\u00edstica del personaje. Perteneciente a la l\u00ednea <strong data-start=\"839\" data-end=\"851\">FiGURiZM<\/strong>, es una pieza ideal tanto para exhibici\u00f3n como para complementar cualquier colecci\u00f3n dedicada al anime.<\/p>\n<p data-start=\"957\" data-end=\"1068\">Una figura imprescindible para fans de Frieren y coleccionistas que buscan piezas llamativas y de alta calidad.<\/p>\n<h3 data-start=\"1075\" data-end=\"1111\"><strong data-start=\"1079\" data-end=\"1111\">Product Features<\/strong><\/h3>\n<ul data-start=\"1112\" data-end=\"1323\">\n<li data-start=\"1112\" data-end=\"1158\">\n<p data-start=\"1114\" data-end=\"1158\">Approximate height: <strong data-start=\"1133\" data-end=\"1158\">25 cm\u00a0<\/strong><\/p>\n<\/li>\n<li data-start=\"1159\" data-end=\"1183\">\n<p data-start=\"1161\" data-end=\"1183\">Material: <strong data-start=\"1171\" data-end=\"1183\">plastic<\/strong><\/p>\n<\/li>\n<li data-start=\"1184\" data-end=\"1236\">\n<p data-start=\"1186\" data-end=\"1236\">Based on the anime <em data-start=\"1205\" data-end=\"1236\">Frieren: Beyond Journey&#039;s End<\/em><\/p>\n<\/li>\n<li data-start=\"1237\" data-end=\"1258\">\n<p data-start=\"1239\" data-end=\"1258\">Line: <strong data-start=\"1246\" data-end=\"1258\">FiGURiZM<\/strong><\/p>\n<\/li>\n<li data-start=\"1259\" data-end=\"1296\">\n<p data-start=\"1261\" data-end=\"1296\">Escultura y pintura de alta calidad<\/p>\n<\/li>\n<li data-start=\"1297\" data-end=\"1323\">\n<p data-start=\"1299\" data-end=\"1323\">Figure <strong data-start=\"1306\" data-end=\"1323\">no articulada<\/strong><\/p>\n<\/li>\n<\/ul>\n<h3 data-start=\"1330\" data-end=\"1358\"><strong data-start=\"1334\" data-end=\"1358\">Box contents<\/strong><\/h3>\n<ul data-start=\"1359\" data-end=\"1382\">\n<li data-start=\"1359\" data-end=\"1382\">\n<p data-start=\"1361\" data-end=\"1382\">Figure of <strong data-start=\"1371\" data-end=\"1382\">Fried<\/strong><\/p>\n<\/li>\n<\/ul>","protected":false},"excerpt":{"rendered":"<p>Descripci\u00f3n del producto Desde el aclamado anime Frieren: Beyond Journey\u2019s End llega esta espectacular figura FiGURiZM Frieren (The Heights of<\/p>","protected":false},"featured_media":7268,"template":"","meta":[],"product_cat":[327,101,65,61,64],"product_tag":[337,174,303,171,304],"class_list":{"0":"post-7267","1":"product","2":"type-product","3":"status-publish","4":"has-post-thumbnail","6":"product_cat-sousou-no-frieren","7":"product_cat-elige-sega-goods-sega-goods","8":"product_cat-figuras","9":"product_cat-novedades","10":"product_cat-series","11":"product_tag-figura","12":"product_tag-figurizm","13":"product_tag-frieren","14":"product_tag-sega","15":"product_tag-sousou-no-frieren","17":"first","18":"outofstock","19":"taxable","20":"shipping-taxable","21":"purchasable","22":"product-type-simple"},"yoast_head":"<!-- This site is optimized with the Yoast SEO plugin v24.2 - https:\/\/yoast.com\/wordpress\/plugins\/seo\/ -->\n<title>Figura Frieren The Heights of Magic -Frieren: Beyond Journey\u00b4s End Series- FIGURIZMa - Akatsuki anime store<\/title>\n<meta name=\"description\" content=\"Figura FiGURiZM Frieren The Heights of Magic de Sega. 25 cm de altura, gran nivel de detalle y pose de acci\u00f3n impresionante.\" \/>\n<meta name=\"robots\" content=\"index, follow, max-snippet:-1, max-image-preview:large, max-video-preview:-1\" \/>\n<link rel=\"canonical\" href=\"https:\/\/akatsukianime.com\/en\/product\/figura-frieren-the-heights-of-magic-frieren-beyond-journeys-end-series-figurizma\/\" \/>\n<meta property=\"og:locale\" content=\"en_US\" \/>\n<meta property=\"og:type\" content=\"article\" \/>\n<meta property=\"og:title\" content=\"Figura Frieren The Heights of Magic -Frieren: Beyond Journey\u00b4s End Series- FIGURIZMa - Akatsuki anime store\" \/>\n<meta property=\"og:description\" content=\"Figura FiGURiZM Frieren The Heights of Magic de Sega. 25 cm de altura, gran nivel de detalle y pose de acci\u00f3n impresionante.\" \/>\n<meta property=\"og:url\" content=\"https:\/\/akatsukianime.com\/en\/product\/figura-frieren-the-heights-of-magic-frieren-beyond-journeys-end-series-figurizma\/\" \/>\n<meta property=\"og:site_name\" content=\"Akatsuki anime store\" \/>\n<meta property=\"article:modified_time\" content=\"2026-04-17T20:21:24+00:00\" \/>\n<meta property=\"og:image\" content=\"https:\/\/akatsukianime.com\/wp-content\/uploads\/2026\/01\/frieren-figurizm-heights-magic.jpg\" \/>\n\t<meta property=\"og:image:width\" content=\"1000\" \/>\n\t<meta property=\"og:image:height\" content=\"1000\" \/>\n\t<meta property=\"og:image:type\" content=\"image\/jpeg\" \/>\n<meta name=\"twitter:card\" content=\"summary_large_image\" \/>\n<meta name=\"twitter:label1\" content=\"Est. reading time\" \/>\n\t<meta name=\"twitter:data1\" content=\"1 minute\" \/>\n<script type=\"application\/ld+json\" class=\"yoast-schema-graph\">{\"@context\":\"https:\/\/schema.org\",\"@graph\":[{\"@type\":[\"WebPage\",\"ItemPage\"],\"@id\":\"https:\/\/akatsukianime.com\/product\/figura-frieren-the-heights-of-magic-frieren-beyond-journeys-end-series-figurizma\/\",\"url\":\"https:\/\/akatsukianime.com\/product\/figura-frieren-the-heights-of-magic-frieren-beyond-journeys-end-series-figurizma\/\",\"name\":\"Figura Frieren The Heights of Magic -Frieren: Beyond Journey\u00b4s End Series- FIGURIZMa - Akatsuki anime store\",\"isPartOf\":{\"@id\":\"https:\/\/akatsukianime.com\/#website\"},\"primaryImageOfPage\":{\"@id\":\"https:\/\/akatsukianime.com\/product\/figura-frieren-the-heights-of-magic-frieren-beyond-journeys-end-series-figurizma\/#primaryimage\"},\"image\":{\"@id\":\"https:\/\/akatsukianime.com\/product\/figura-frieren-the-heights-of-magic-frieren-beyond-journeys-end-series-figurizma\/#primaryimage\"},\"thumbnailUrl\":\"https:\/\/akatsukianime.com\/wp-content\/uploads\/2026\/01\/frieren-figurizm-heights-magic.jpg\",\"datePublished\":\"2026-01-26T17:21:04+00:00\",\"dateModified\":\"2026-04-17T20:21:24+00:00\",\"description\":\"Figura FiGURiZM Frieren The Heights of Magic de Sega. 25 cm de altura, gran nivel de detalle y pose de acci\u00f3n impresionante.\",\"breadcrumb\":{\"@id\":\"https:\/\/akatsukianime.com\/product\/figura-frieren-the-heights-of-magic-frieren-beyond-journeys-end-series-figurizma\/#breadcrumb\"},\"inLanguage\":\"en-US\",\"potentialAction\":[{\"@type\":\"ReadAction\",\"target\":[\"https:\/\/akatsukianime.com\/product\/figura-frieren-the-heights-of-magic-frieren-beyond-journeys-end-series-figurizma\/\"]}]},{\"@type\":\"ImageObject\",\"inLanguage\":\"en-US\",\"@id\":\"https:\/\/akatsukianime.com\/product\/figura-frieren-the-heights-of-magic-frieren-beyond-journeys-end-series-figurizma\/#primaryimage\",\"url\":\"https:\/\/akatsukianime.com\/wp-content\/uploads\/2026\/01\/frieren-figurizm-heights-magic.jpg\",\"contentUrl\":\"https:\/\/akatsukianime.com\/wp-content\/uploads\/2026\/01\/frieren-figurizm-heights-magic.jpg\",\"width\":1000,\"height\":1000,\"caption\":\"frieren figurizm heights magic\"},{\"@type\":\"BreadcrumbList\",\"@id\":\"https:\/\/akatsukianime.com\/product\/figura-frieren-the-heights-of-magic-frieren-beyond-journeys-end-series-figurizma\/#breadcrumb\",\"itemListElement\":[{\"@type\":\"ListItem\",\"position\":1,\"name\":\"Portada\",\"item\":\"https:\/\/akatsukianime.com\/\"},{\"@type\":\"ListItem\",\"position\":2,\"name\":\"Tienda\",\"item\":\"https:\/\/akatsukianime.com\/tienda\/\"},{\"@type\":\"ListItem\",\"position\":3,\"name\":\"Figura Frieren The Heights of Magic -Frieren: Beyond Journey\u00b4s End Series- FIGURIZMa\"}]},{\"@type\":\"WebSite\",\"@id\":\"https:\/\/akatsukianime.com\/#website\",\"url\":\"https:\/\/akatsukianime.com\/\",\"name\":\"Akatsuki anime store\",\"description\":\"\",\"potentialAction\":[{\"@type\":\"SearchAction\",\"target\":{\"@type\":\"EntryPoint\",\"urlTemplate\":\"https:\/\/akatsukianime.com\/?s={search_term_string}\"},\"query-input\":{\"@type\":\"PropertyValueSpecification\",\"valueRequired\":true,\"valueName\":\"search_term_string\"}}],\"inLanguage\":\"en-US\"}]}<\/script>\n<!-- \/ Yoast SEO plugin. -->","yoast_head_json":{"title":"Figura Frieren The Heights of Magic -Frieren: Beyond Journey\u00b4s End Series- FIGURIZMa - Akatsuki anime store","description":"Figura FiGURiZM Frieren The Heights of Magic de Sega. 25 cm de altura, gran nivel de detalle y pose de acci\u00f3n impresionante.","robots":{"index":"index","follow":"follow","max-snippet":"max-snippet:-1","max-image-preview":"max-image-preview:large","max-video-preview":"max-video-preview:-1"},"canonical":"https:\/\/akatsukianime.com\/en\/product\/figura-frieren-the-heights-of-magic-frieren-beyond-journeys-end-series-figurizma\/","og_locale":"en_US","og_type":"article","og_title":"Figura Frieren The Heights of Magic -Frieren: Beyond Journey\u00b4s End Series- FIGURIZMa - Akatsuki anime store","og_description":"Figura FiGURiZM Frieren The Heights of Magic de Sega. 25 cm de altura, gran nivel de detalle y pose de acci\u00f3n impresionante.","og_url":"https:\/\/akatsukianime.com\/en\/product\/figura-frieren-the-heights-of-magic-frieren-beyond-journeys-end-series-figurizma\/","og_site_name":"Akatsuki anime store","article_modified_time":"2026-04-17T20:21:24+00:00","og_image":[{"width":1000,"height":1000,"url":"https:\/\/akatsukianime.com\/wp-content\/uploads\/2026\/01\/frieren-figurizm-heights-magic.jpg","type":"image\/jpeg"}],"twitter_card":"summary_large_image","twitter_misc":{"Est. reading time":"1 minute"},"schema":{"@context":"https:\/\/schema.org","@graph":[{"@type":["WebPage","ItemPage"],"@id":"https:\/\/akatsukianime.com\/product\/figura-frieren-the-heights-of-magic-frieren-beyond-journeys-end-series-figurizma\/","url":"https:\/\/akatsukianime.com\/product\/figura-frieren-the-heights-of-magic-frieren-beyond-journeys-end-series-figurizma\/","name":"Figura Frieren The Heights of Magic -Frieren: Beyond Journey\u00b4s End Series- FIGURIZMa - Akatsuki anime store","isPartOf":{"@id":"https:\/\/akatsukianime.com\/#website"},"primaryImageOfPage":{"@id":"https:\/\/akatsukianime.com\/product\/figura-frieren-the-heights-of-magic-frieren-beyond-journeys-end-series-figurizma\/#primaryimage"},"image":{"@id":"https:\/\/akatsukianime.com\/product\/figura-frieren-the-heights-of-magic-frieren-beyond-journeys-end-series-figurizma\/#primaryimage"},"thumbnailUrl":"https:\/\/akatsukianime.com\/wp-content\/uploads\/2026\/01\/frieren-figurizm-heights-magic.jpg","datePublished":"2026-01-26T17:21:04+00:00","dateModified":"2026-04-17T20:21:24+00:00","description":"Figura FiGURiZM Frieren The Heights of Magic de Sega. 25 cm de altura, gran nivel de detalle y pose de acci\u00f3n impresionante.","breadcrumb":{"@id":"https:\/\/akatsukianime.com\/product\/figura-frieren-the-heights-of-magic-frieren-beyond-journeys-end-series-figurizma\/#breadcrumb"},"inLanguage":"en-US","potentialAction":[{"@type":"ReadAction","target":["https:\/\/akatsukianime.com\/product\/figura-frieren-the-heights-of-magic-frieren-beyond-journeys-end-series-figurizma\/"]}]},{"@type":"ImageObject","inLanguage":"en-US","@id":"https:\/\/akatsukianime.com\/product\/figura-frieren-the-heights-of-magic-frieren-beyond-journeys-end-series-figurizma\/#primaryimage","url":"https:\/\/akatsukianime.com\/wp-content\/uploads\/2026\/01\/frieren-figurizm-heights-magic.jpg","contentUrl":"https:\/\/akatsukianime.com\/wp-content\/uploads\/2026\/01\/frieren-figurizm-heights-magic.jpg","width":1000,"height":1000,"caption":"frieren figurizm heights magic"},{"@type":"BreadcrumbList","@id":"https:\/\/akatsukianime.com\/product\/figura-frieren-the-heights-of-magic-frieren-beyond-journeys-end-series-figurizma\/#breadcrumb","itemListElement":[{"@type":"ListItem","position":1,"name":"Portada","item":"https:\/\/akatsukianime.com\/"},{"@type":"ListItem","position":2,"name":"Tienda","item":"https:\/\/akatsukianime.com\/tienda\/"},{"@type":"ListItem","position":3,"name":"Figura Frieren The Heights of Magic -Frieren: Beyond Journey\u00b4s End Series- FIGURIZMa"}]},{"@type":"WebSite","@id":"https:\/\/akatsukianime.com\/#website","url":"https:\/\/akatsukianime.com\/","name":"Akatsuki anime store","description":"","potentialAction":[{"@type":"SearchAction","target":{"@type":"EntryPoint","urlTemplate":"https:\/\/akatsukianime.com\/?s={search_term_string}"},"query-input":{"@type":"PropertyValueSpecification","valueRequired":true,"valueName":"search_term_string"}}],"inLanguage":"en-US"}]}},"jetpack_sharing_enabled":true,"_links":{"self":[{"href":"https:\/\/akatsukianime.com\/en\/wp-json\/wp\/v2\/product\/7267","targetHints":{"allow":["GET"]}}],"collection":[{"href":"https:\/\/akatsukianime.com\/en\/wp-json\/wp\/v2\/product"}],"about":[{"href":"https:\/\/akatsukianime.com\/en\/wp-json\/wp\/v2\/types\/product"}],"version-history":[{"count":1,"href":"https:\/\/akatsukianime.com\/en\/wp-json\/wp\/v2\/product\/7267\/revisions"}],"predecessor-version":[{"id":7276,"href":"https:\/\/akatsukianime.com\/en\/wp-json\/wp\/v2\/product\/7267\/revisions\/7276"}],"wp:featuredmedia":[{"embeddable":true,"href":"https:\/\/akatsukianime.com\/en\/wp-json\/wp\/v2\/media\/7268"}],"wp:attachment":[{"href":"https:\/\/akatsukianime.com\/en\/wp-json\/wp\/v2\/media?parent=7267"}],"wp:term":[{"taxonomy":"product_cat","embeddable":true,"href":"https:\/\/akatsukianime.com\/en\/wp-json\/wp\/v2\/product_cat?post=7267"},{"taxonomy":"product_tag","embeddable":true,"href":"https:\/\/akatsukianime.com\/en\/wp-json\/wp\/v2\/product_tag?post=7267"}],"curies":[{"name":"wp","href":"https:\/\/api.w.org\/{rel}","templated":true}]}}