{"id":7304,"date":"2026-01-27T14:53:35","date_gmt":"2026-01-27T13:53:35","guid":{"rendered":"https:\/\/akatsukianime.com\/?post_type=product&#038;p=7304"},"modified":"2026-01-27T14:54:17","modified_gmt":"2026-01-27T13:54:17","slug":"figura-makima-chainsaw-man-bicute-bunnies-red-color-ver","status":"publish","type":"product","link":"https:\/\/akatsukianime.com\/en\/product\/figura-makima-chainsaw-man-bicute-bunnies-red-color-ver\/","title":{"rendered":"Figura Makima Chainsaw Man BiCute Bunnies Red Color Ver."},"content":{"rendered":"<h3 data-start=\"207\" data-end=\"241\"><strong data-start=\"211\" data-end=\"239\">Product description<\/strong><\/h3>\n<p data-start=\"655\" data-end=\"944\">The line <strong data-start=\"664\" data-end=\"682\">BiCute Bunnies<\/strong> presenta a <strong data-start=\"694\" data-end=\"704\">Makima<\/strong>, one of the most iconic characters of <em data-start=\"744\" data-end=\"758\">Chainsaw Man<\/em>, en esta espectacular <strong data-start=\"781\" data-end=\"802\">Red Color Version<\/strong>.<br data-start=\"803\" data-end=\"806\" \/>Esta 30 cms de estatua de PVC destaca por su elegante dise\u00f1o estilo bunny, su postura segura y su excelente nivel de detalle en pintura y escultura.<\/p>\n<p data-start=\"946\" data-end=\"1093\">Perfecta para exhibirse en vitrinas, escritorios o estanter\u00edas, esta figura es una pieza imprescindible para cualquier colecci\u00f3n de <em data-start=\"1078\" data-end=\"1092\">Chainsaw Man<\/em>.<\/p>\n<p data-start=\"1095\" data-end=\"1128\"><strong data-start=\"1095\" data-end=\"1128\">Product Features:<\/strong><\/p>\n<ul>\n<li data-start=\"953\" data-end=\"998\">\n<p data-start=\"955\" data-end=\"998\">Altura aproximada: 30 cm<\/p>\n<\/li>\n<li data-start=\"1129\" data-end=\"1146\">\n<p data-start=\"1131\" data-end=\"1146\">Material: PVC<\/p>\n<\/li>\n<li data-start=\"1129\" data-end=\"1146\">Basada en el personaje Chainsaw Man<\/li>\n<li data-start=\"1147\" data-end=\"1172\">\n<p data-start=\"1149\" data-end=\"1172\">L\u00ednea: BiCute Bunnies<\/p>\n<\/li>\n<li data-start=\"1173\" data-end=\"1200\">\n<p data-start=\"1175\" data-end=\"1200\">Versi\u00f3n: Red Color Ver.<\/p>\n<\/li>\n<li data-start=\"1201\" data-end=\"1225\">\n<p data-start=\"1203\" data-end=\"1225\">Non-articulated figure<\/p>\n<\/li>\n<li data-start=\"1226\" data-end=\"1244\">\n<p data-start=\"1228\" data-end=\"1244\">Producto oficial<\/p>\n<\/li>\n<\/ul>\n<p><strong data-start=\"1095\" data-end=\"1128\">Box contents:<\/strong><\/p>\n<ul>\n<li>Figura de Makima<\/li>\n<\/ul>\n<p>&nbsp;<\/p>","protected":false},"excerpt":{"rendered":"<p>Descripci\u00f3n del producto La l\u00ednea BiCute Bunnies presenta a Makima, uno de los personajes m\u00e1s ic\u00f3nicos de Chainsaw Man, en<\/p>","protected":false},"featured_media":7305,"template":"","meta":[],"product_cat":[97,65,61,50],"product_tag":[355,356,141,337,239,457],"class_list":{"0":"post-7304","1":"product","2":"type-product","3":"status-publish","4":"has-post-thumbnail","6":"product_cat-furyu","7":"product_cat-figuras","8":"product_cat-novedades","9":"product_cat-chainsaw-man","10":"product_tag-bicute","11":"product_tag-bunnies","12":"product_tag-chainsaw-man","13":"product_tag-figura","14":"product_tag-furyu","15":"product_tag-makima","17":"first","18":"instock","19":"sold-individually","20":"taxable","21":"shipping-taxable","22":"purchasable","23":"product-type-simple"},"yoast_head":"<!-- This site is optimized with the Yoast SEO plugin v24.2 - https:\/\/yoast.com\/wordpress\/plugins\/seo\/ -->\n<title>Figura Makima Chainsaw Man BiCute Bunnies Red Color Ver. - Akatsuki anime store<\/title>\n<meta name=\"description\" content=\"Figura Makima Chainsaw Man BiCute Bunnies Red Color Ver. Estatua PVC oficial con gran nivel de detalle, ideal para coleccionistas y fans del anime.\" \/>\n<meta name=\"robots\" content=\"index, follow, max-snippet:-1, max-image-preview:large, max-video-preview:-1\" \/>\n<link rel=\"canonical\" href=\"https:\/\/akatsukianime.com\/en\/product\/figura-makima-chainsaw-man-bicute-bunnies-red-color-ver\/\" \/>\n<meta property=\"og:locale\" content=\"en_US\" \/>\n<meta property=\"og:type\" content=\"article\" \/>\n<meta property=\"og:title\" content=\"Figura Makima Chainsaw Man BiCute Bunnies Red Color Ver. - Akatsuki anime store\" \/>\n<meta property=\"og:description\" content=\"Figura Makima Chainsaw Man BiCute Bunnies Red Color Ver. Estatua PVC oficial con gran nivel de detalle, ideal para coleccionistas y fans del anime.\" \/>\n<meta property=\"og:url\" content=\"https:\/\/akatsukianime.com\/en\/product\/figura-makima-chainsaw-man-bicute-bunnies-red-color-ver\/\" \/>\n<meta property=\"og:site_name\" content=\"Akatsuki anime store\" \/>\n<meta property=\"article:modified_time\" content=\"2026-01-27T13:54:17+00:00\" \/>\n<meta property=\"og:image\" content=\"https:\/\/akatsukianime.com\/wp-content\/uploads\/2026\/01\/figura-makima-bicute-bunnies.jpg\" \/>\n\t<meta property=\"og:image:width\" content=\"1000\" \/>\n\t<meta property=\"og:image:height\" content=\"1000\" \/>\n\t<meta property=\"og:image:type\" content=\"image\/jpeg\" \/>\n<meta name=\"twitter:card\" content=\"summary_large_image\" \/>\n<meta name=\"twitter:label1\" content=\"Est. reading time\" \/>\n\t<meta name=\"twitter:data1\" content=\"1 minute\" \/>\n<script type=\"application\/ld+json\" class=\"yoast-schema-graph\">{\"@context\":\"https:\/\/schema.org\",\"@graph\":[{\"@type\":[\"WebPage\",\"ItemPage\"],\"@id\":\"https:\/\/akatsukianime.com\/product\/figura-makima-chainsaw-man-bicute-bunnies-red-color-ver\/\",\"url\":\"https:\/\/akatsukianime.com\/product\/figura-makima-chainsaw-man-bicute-bunnies-red-color-ver\/\",\"name\":\"Figura Makima Chainsaw Man BiCute Bunnies Red Color Ver. - Akatsuki anime store\",\"isPartOf\":{\"@id\":\"https:\/\/akatsukianime.com\/#website\"},\"primaryImageOfPage\":{\"@id\":\"https:\/\/akatsukianime.com\/product\/figura-makima-chainsaw-man-bicute-bunnies-red-color-ver\/#primaryimage\"},\"image\":{\"@id\":\"https:\/\/akatsukianime.com\/product\/figura-makima-chainsaw-man-bicute-bunnies-red-color-ver\/#primaryimage\"},\"thumbnailUrl\":\"https:\/\/akatsukianime.com\/wp-content\/uploads\/2026\/01\/figura-makima-bicute-bunnies.jpg\",\"datePublished\":\"2026-01-27T13:53:35+00:00\",\"dateModified\":\"2026-01-27T13:54:17+00:00\",\"description\":\"Figura Makima Chainsaw Man BiCute Bunnies Red Color Ver. Estatua PVC oficial con gran nivel de detalle, ideal para coleccionistas y fans del anime.\",\"breadcrumb\":{\"@id\":\"https:\/\/akatsukianime.com\/product\/figura-makima-chainsaw-man-bicute-bunnies-red-color-ver\/#breadcrumb\"},\"inLanguage\":\"en-US\",\"potentialAction\":[{\"@type\":\"ReadAction\",\"target\":[\"https:\/\/akatsukianime.com\/product\/figura-makima-chainsaw-man-bicute-bunnies-red-color-ver\/\"]}]},{\"@type\":\"ImageObject\",\"inLanguage\":\"en-US\",\"@id\":\"https:\/\/akatsukianime.com\/product\/figura-makima-chainsaw-man-bicute-bunnies-red-color-ver\/#primaryimage\",\"url\":\"https:\/\/akatsukianime.com\/wp-content\/uploads\/2026\/01\/figura-makima-bicute-bunnies.jpg\",\"contentUrl\":\"https:\/\/akatsukianime.com\/wp-content\/uploads\/2026\/01\/figura-makima-bicute-bunnies.jpg\",\"width\":1000,\"height\":1000,\"caption\":\"figura makima bicute bunnies\"},{\"@type\":\"BreadcrumbList\",\"@id\":\"https:\/\/akatsukianime.com\/product\/figura-makima-chainsaw-man-bicute-bunnies-red-color-ver\/#breadcrumb\",\"itemListElement\":[{\"@type\":\"ListItem\",\"position\":1,\"name\":\"Portada\",\"item\":\"https:\/\/akatsukianime.com\/\"},{\"@type\":\"ListItem\",\"position\":2,\"name\":\"Tienda\",\"item\":\"https:\/\/akatsukianime.com\/tienda\/\"},{\"@type\":\"ListItem\",\"position\":3,\"name\":\"Figura Makima Chainsaw Man BiCute Bunnies Red Color Ver.\"}]},{\"@type\":\"WebSite\",\"@id\":\"https:\/\/akatsukianime.com\/#website\",\"url\":\"https:\/\/akatsukianime.com\/\",\"name\":\"Akatsuki anime store\",\"description\":\"\",\"potentialAction\":[{\"@type\":\"SearchAction\",\"target\":{\"@type\":\"EntryPoint\",\"urlTemplate\":\"https:\/\/akatsukianime.com\/?s={search_term_string}\"},\"query-input\":{\"@type\":\"PropertyValueSpecification\",\"valueRequired\":true,\"valueName\":\"search_term_string\"}}],\"inLanguage\":\"en-US\"}]}<\/script>\n<!-- \/ Yoast SEO plugin. -->","yoast_head_json":{"title":"Figura Makima Chainsaw Man BiCute Bunnies Red Color Ver. - Akatsuki anime store","description":"Figura Makima Chainsaw Man BiCute Bunnies Red Color Ver. Estatua PVC oficial con gran nivel de detalle, ideal para coleccionistas y fans del anime.","robots":{"index":"index","follow":"follow","max-snippet":"max-snippet:-1","max-image-preview":"max-image-preview:large","max-video-preview":"max-video-preview:-1"},"canonical":"https:\/\/akatsukianime.com\/en\/product\/figura-makima-chainsaw-man-bicute-bunnies-red-color-ver\/","og_locale":"en_US","og_type":"article","og_title":"Figura Makima Chainsaw Man BiCute Bunnies Red Color Ver. - Akatsuki anime store","og_description":"Figura Makima Chainsaw Man BiCute Bunnies Red Color Ver. Estatua PVC oficial con gran nivel de detalle, ideal para coleccionistas y fans del anime.","og_url":"https:\/\/akatsukianime.com\/en\/product\/figura-makima-chainsaw-man-bicute-bunnies-red-color-ver\/","og_site_name":"Akatsuki anime store","article_modified_time":"2026-01-27T13:54:17+00:00","og_image":[{"width":1000,"height":1000,"url":"https:\/\/akatsukianime.com\/wp-content\/uploads\/2026\/01\/figura-makima-bicute-bunnies.jpg","type":"image\/jpeg"}],"twitter_card":"summary_large_image","twitter_misc":{"Est. reading time":"1 minute"},"schema":{"@context":"https:\/\/schema.org","@graph":[{"@type":["WebPage","ItemPage"],"@id":"https:\/\/akatsukianime.com\/product\/figura-makima-chainsaw-man-bicute-bunnies-red-color-ver\/","url":"https:\/\/akatsukianime.com\/product\/figura-makima-chainsaw-man-bicute-bunnies-red-color-ver\/","name":"Figura Makima Chainsaw Man BiCute Bunnies Red Color Ver. - Akatsuki anime store","isPartOf":{"@id":"https:\/\/akatsukianime.com\/#website"},"primaryImageOfPage":{"@id":"https:\/\/akatsukianime.com\/product\/figura-makima-chainsaw-man-bicute-bunnies-red-color-ver\/#primaryimage"},"image":{"@id":"https:\/\/akatsukianime.com\/product\/figura-makima-chainsaw-man-bicute-bunnies-red-color-ver\/#primaryimage"},"thumbnailUrl":"https:\/\/akatsukianime.com\/wp-content\/uploads\/2026\/01\/figura-makima-bicute-bunnies.jpg","datePublished":"2026-01-27T13:53:35+00:00","dateModified":"2026-01-27T13:54:17+00:00","description":"Figura Makima Chainsaw Man BiCute Bunnies Red Color Ver. Estatua PVC oficial con gran nivel de detalle, ideal para coleccionistas y fans del anime.","breadcrumb":{"@id":"https:\/\/akatsukianime.com\/product\/figura-makima-chainsaw-man-bicute-bunnies-red-color-ver\/#breadcrumb"},"inLanguage":"en-US","potentialAction":[{"@type":"ReadAction","target":["https:\/\/akatsukianime.com\/product\/figura-makima-chainsaw-man-bicute-bunnies-red-color-ver\/"]}]},{"@type":"ImageObject","inLanguage":"en-US","@id":"https:\/\/akatsukianime.com\/product\/figura-makima-chainsaw-man-bicute-bunnies-red-color-ver\/#primaryimage","url":"https:\/\/akatsukianime.com\/wp-content\/uploads\/2026\/01\/figura-makima-bicute-bunnies.jpg","contentUrl":"https:\/\/akatsukianime.com\/wp-content\/uploads\/2026\/01\/figura-makima-bicute-bunnies.jpg","width":1000,"height":1000,"caption":"figura makima bicute bunnies"},{"@type":"BreadcrumbList","@id":"https:\/\/akatsukianime.com\/product\/figura-makima-chainsaw-man-bicute-bunnies-red-color-ver\/#breadcrumb","itemListElement":[{"@type":"ListItem","position":1,"name":"Portada","item":"https:\/\/akatsukianime.com\/"},{"@type":"ListItem","position":2,"name":"Tienda","item":"https:\/\/akatsukianime.com\/tienda\/"},{"@type":"ListItem","position":3,"name":"Figura Makima Chainsaw Man BiCute Bunnies Red Color Ver."}]},{"@type":"WebSite","@id":"https:\/\/akatsukianime.com\/#website","url":"https:\/\/akatsukianime.com\/","name":"Akatsuki anime store","description":"","potentialAction":[{"@type":"SearchAction","target":{"@type":"EntryPoint","urlTemplate":"https:\/\/akatsukianime.com\/?s={search_term_string}"},"query-input":{"@type":"PropertyValueSpecification","valueRequired":true,"valueName":"search_term_string"}}],"inLanguage":"en-US"}]}},"jetpack_sharing_enabled":true,"_links":{"self":[{"href":"https:\/\/akatsukianime.com\/en\/wp-json\/wp\/v2\/product\/7304","targetHints":{"allow":["GET"]}}],"collection":[{"href":"https:\/\/akatsukianime.com\/en\/wp-json\/wp\/v2\/product"}],"about":[{"href":"https:\/\/akatsukianime.com\/en\/wp-json\/wp\/v2\/types\/product"}],"version-history":[{"count":2,"href":"https:\/\/akatsukianime.com\/en\/wp-json\/wp\/v2\/product\/7304\/revisions"}],"predecessor-version":[{"id":7312,"href":"https:\/\/akatsukianime.com\/en\/wp-json\/wp\/v2\/product\/7304\/revisions\/7312"}],"wp:featuredmedia":[{"embeddable":true,"href":"https:\/\/akatsukianime.com\/en\/wp-json\/wp\/v2\/media\/7305"}],"wp:attachment":[{"href":"https:\/\/akatsukianime.com\/en\/wp-json\/wp\/v2\/media?parent=7304"}],"wp:term":[{"taxonomy":"product_cat","embeddable":true,"href":"https:\/\/akatsukianime.com\/en\/wp-json\/wp\/v2\/product_cat?post=7304"},{"taxonomy":"product_tag","embeddable":true,"href":"https:\/\/akatsukianime.com\/en\/wp-json\/wp\/v2\/product_tag?post=7304"}],"curies":[{"name":"wp","href":"https:\/\/api.w.org\/{rel}","templated":true}]}}