{"id":7321,"date":"2026-01-27T16:53:43","date_gmt":"2026-01-27T15:53:43","guid":{"rendered":"https:\/\/akatsukianime.com\/?post_type=product&#038;p=7321"},"modified":"2026-01-27T16:54:41","modified_gmt":"2026-01-27T15:54:41","slug":"figura-hatsune-miku-flower-fairy-cosmos-purple-color-ver-noodle-stopper","status":"publish","type":"product","link":"https:\/\/akatsukianime.com\/en\/product\/figura-hatsune-miku-flower-fairy-cosmos-purple-color-ver-noodle-stopper\/","title":{"rendered":"Figura Hatsune Miku \u2013 Flower Fairy Cosmos Purple Color Ver &#8211; Noodle Stopper"},"content":{"rendered":"<h2 data-start=\"142\" data-end=\"182\">\u00a0Product description<\/h2>\n<p data-start=\"184\" data-end=\"562\">Basada en el popular personaje Vocaloid, llega la figura <strong data-start=\"241\" data-end=\"312\">Hatsune Miku Noodle Stopper \u2013 Flower Fairy Cosmos Purple Color Ver.<\/strong> of <strong data-start=\"316\" data-end=\"325\">FuRyu<\/strong>. Esta encantadora figura mide aproximadamente <strong data-start=\"372\" data-end=\"391\">14 cm de altura<\/strong> y presenta a Hatsune Miku con un vibrante atuendo <strong data-start=\"442\" data-end=\"460\">\u201cFlower Fairy\u201d<\/strong>, sentada en una pose ic\u00f3nica y adorable. Una pieza imprescindible para cualquier fan o coleccionista.<\/p>\n<p data-start=\"564\" data-end=\"943\">The line <strong data-start=\"573\" data-end=\"598\">Noodle Stopper Figure<\/strong>, desarrollada originalmente por FuRyu, combina exhibici\u00f3n y funcionalidad, ya que estas figuras est\u00e1n dise\u00f1adas para sostener la tapa de los vasos de fideos instant\u00e1neos. La colecci\u00f3n incluye personajes populares y reconocidos de diversos medios.<br data-start=\"845\" data-end=\"848\" \/>\u00a1A\u00f1ade a tu colecci\u00f3n esta edici\u00f3n especial de <strong data-start=\"895\" data-end=\"932\">Hatsune Miku A\u00f1o Nuevo Chino 2025<\/strong> hoy mismo!<\/p>\n<h2 data-start=\"950\" data-end=\"983\">\u2b50 Caracter\u00edsticas del producto<\/h2>\n<ul data-start=\"984\" data-end=\"1140\">\n<li data-start=\"984\" data-end=\"1003\">\n<p data-start=\"986\" data-end=\"1003\">Height: <strong data-start=\"994\" data-end=\"1003\">14 cm<\/strong><\/p>\n<\/li>\n<li data-start=\"1004\" data-end=\"1029\">\n<p data-start=\"1006\" data-end=\"1029\">Material: <strong data-start=\"1016\" data-end=\"1029\">ABS and PVC<\/strong><\/p>\n<\/li>\n<li data-start=\"1030\" data-end=\"1067\">\n<p data-start=\"1032\" data-end=\"1067\">Basada en el personaje <strong data-start=\"1055\" data-end=\"1067\">Vocaloid<\/strong><\/p>\n<\/li>\n<li data-start=\"1068\" data-end=\"1113\">\n<p data-start=\"1070\" data-end=\"1113\">Part of the series <strong data-start=\"1088\" data-end=\"1113\">Noodle Stopper Figure<\/strong><\/p>\n<\/li>\n<li data-start=\"1114\" data-end=\"1140\">\n<p data-start=\"1116\" data-end=\"1140\">Figure <strong data-start=\"1123\" data-end=\"1140\">no articulada<\/strong><\/p>\n<\/li>\n<\/ul>\n<h2 data-start=\"1147\" data-end=\"1173\">\ud83d\udce6 Box contents<\/h2>\n<ul data-start=\"1174\" data-end=\"1202\">\n<li data-start=\"1174\" data-end=\"1202\">\n<p data-start=\"1176\" data-end=\"1202\">Figure of <strong data-start=\"1186\" data-end=\"1202\">Hatsune Miku<\/strong><\/p>\n<\/li>\n<\/ul>","protected":false},"excerpt":{"rendered":"<p>\u00a0Descripci\u00f3n del producto Basada en el popular personaje Vocaloid, llega la figura Hatsune Miku Noodle Stopper \u2013 Flower Fairy Cosmos<\/p>","protected":false},"featured_media":7322,"template":"","meta":[],"product_cat":[97,65,61,49],"product_tag":[337,456,239,233,329],"class_list":{"0":"post-7321","1":"product","2":"type-product","3":"status-publish","4":"has-post-thumbnail","6":"product_cat-furyu","7":"product_cat-figuras","8":"product_cat-novedades","9":"product_cat-hatsune-miku","10":"product_tag-figura","11":"product_tag-flower-fairy","12":"product_tag-furyu","13":"product_tag-hatsune-miku","14":"product_tag-noodle-stopper","16":"first","17":"instock","18":"sold-individually","19":"taxable","20":"shipping-taxable","21":"purchasable","22":"product-type-simple"},"yoast_head":"<!-- This site is optimized with the Yoast SEO plugin v24.2 - https:\/\/yoast.com\/wordpress\/plugins\/seo\/ -->\n<title>Figura Hatsune Miku \u2013 Flower Fairy Cosmos Purple Color Ver - Noodle Stopper - Akatsuki anime store<\/title>\n<meta name=\"description\" content=\"Figura Hatsune Miku Noodle Stopper Flower Fairy de FuRyu. Edici\u00f3n especial, ideal para coleccionistas y fans de Vocaloid.\" \/>\n<meta name=\"robots\" content=\"index, follow, max-snippet:-1, max-image-preview:large, max-video-preview:-1\" \/>\n<link rel=\"canonical\" href=\"https:\/\/akatsukianime.com\/en\/product\/figura-hatsune-miku-flower-fairy-cosmos-purple-color-ver-noodle-stopper\/\" \/>\n<meta property=\"og:locale\" content=\"en_US\" \/>\n<meta property=\"og:type\" content=\"article\" \/>\n<meta property=\"og:title\" content=\"Figura Hatsune Miku \u2013 Flower Fairy Cosmos Purple Color Ver - Noodle Stopper - Akatsuki anime store\" \/>\n<meta property=\"og:description\" content=\"Figura Hatsune Miku Noodle Stopper Flower Fairy de FuRyu. Edici\u00f3n especial, ideal para coleccionistas y fans de Vocaloid.\" \/>\n<meta property=\"og:url\" content=\"https:\/\/akatsukianime.com\/en\/product\/figura-hatsune-miku-flower-fairy-cosmos-purple-color-ver-noodle-stopper\/\" \/>\n<meta property=\"og:site_name\" content=\"Akatsuki anime store\" \/>\n<meta property=\"article:modified_time\" content=\"2026-01-27T15:54:41+00:00\" \/>\n<meta property=\"og:image\" content=\"https:\/\/akatsukianime.com\/wp-content\/uploads\/2026\/01\/figura-hatsune-Miku-Noodle.jpg\" \/>\n\t<meta property=\"og:image:width\" content=\"1000\" \/>\n\t<meta property=\"og:image:height\" content=\"1000\" \/>\n\t<meta property=\"og:image:type\" content=\"image\/jpeg\" \/>\n<meta name=\"twitter:card\" content=\"summary_large_image\" \/>\n<meta name=\"twitter:label1\" content=\"Est. reading time\" \/>\n\t<meta name=\"twitter:data1\" content=\"1 minute\" \/>\n<script type=\"application\/ld+json\" class=\"yoast-schema-graph\">{\"@context\":\"https:\/\/schema.org\",\"@graph\":[{\"@type\":[\"WebPage\",\"ItemPage\"],\"@id\":\"https:\/\/akatsukianime.com\/product\/figura-hatsune-miku-flower-fairy-cosmos-purple-color-ver-noodle-stopper\/\",\"url\":\"https:\/\/akatsukianime.com\/product\/figura-hatsune-miku-flower-fairy-cosmos-purple-color-ver-noodle-stopper\/\",\"name\":\"Figura Hatsune Miku \u2013 Flower Fairy Cosmos Purple Color Ver - Noodle Stopper - Akatsuki anime store\",\"isPartOf\":{\"@id\":\"https:\/\/akatsukianime.com\/#website\"},\"primaryImageOfPage\":{\"@id\":\"https:\/\/akatsukianime.com\/product\/figura-hatsune-miku-flower-fairy-cosmos-purple-color-ver-noodle-stopper\/#primaryimage\"},\"image\":{\"@id\":\"https:\/\/akatsukianime.com\/product\/figura-hatsune-miku-flower-fairy-cosmos-purple-color-ver-noodle-stopper\/#primaryimage\"},\"thumbnailUrl\":\"https:\/\/akatsukianime.com\/wp-content\/uploads\/2026\/01\/figura-hatsune-Miku-Noodle.jpg\",\"datePublished\":\"2026-01-27T15:53:43+00:00\",\"dateModified\":\"2026-01-27T15:54:41+00:00\",\"description\":\"Figura Hatsune Miku Noodle Stopper Flower Fairy de FuRyu. Edici\u00f3n especial, ideal para coleccionistas y fans de Vocaloid.\",\"breadcrumb\":{\"@id\":\"https:\/\/akatsukianime.com\/product\/figura-hatsune-miku-flower-fairy-cosmos-purple-color-ver-noodle-stopper\/#breadcrumb\"},\"inLanguage\":\"en-US\",\"potentialAction\":[{\"@type\":\"ReadAction\",\"target\":[\"https:\/\/akatsukianime.com\/product\/figura-hatsune-miku-flower-fairy-cosmos-purple-color-ver-noodle-stopper\/\"]}]},{\"@type\":\"ImageObject\",\"inLanguage\":\"en-US\",\"@id\":\"https:\/\/akatsukianime.com\/product\/figura-hatsune-miku-flower-fairy-cosmos-purple-color-ver-noodle-stopper\/#primaryimage\",\"url\":\"https:\/\/akatsukianime.com\/wp-content\/uploads\/2026\/01\/figura-hatsune-Miku-Noodle.jpg\",\"contentUrl\":\"https:\/\/akatsukianime.com\/wp-content\/uploads\/2026\/01\/figura-hatsune-Miku-Noodle.jpg\",\"width\":1000,\"height\":1000,\"caption\":\"figura hatsune Miku Noodle\"},{\"@type\":\"BreadcrumbList\",\"@id\":\"https:\/\/akatsukianime.com\/product\/figura-hatsune-miku-flower-fairy-cosmos-purple-color-ver-noodle-stopper\/#breadcrumb\",\"itemListElement\":[{\"@type\":\"ListItem\",\"position\":1,\"name\":\"Portada\",\"item\":\"https:\/\/akatsukianime.com\/\"},{\"@type\":\"ListItem\",\"position\":2,\"name\":\"Tienda\",\"item\":\"https:\/\/akatsukianime.com\/tienda\/\"},{\"@type\":\"ListItem\",\"position\":3,\"name\":\"Figura Hatsune Miku \u2013 Flower Fairy Cosmos Purple Color Ver &#8211; Noodle Stopper\"}]},{\"@type\":\"WebSite\",\"@id\":\"https:\/\/akatsukianime.com\/#website\",\"url\":\"https:\/\/akatsukianime.com\/\",\"name\":\"Akatsuki anime store\",\"description\":\"\",\"potentialAction\":[{\"@type\":\"SearchAction\",\"target\":{\"@type\":\"EntryPoint\",\"urlTemplate\":\"https:\/\/akatsukianime.com\/?s={search_term_string}\"},\"query-input\":{\"@type\":\"PropertyValueSpecification\",\"valueRequired\":true,\"valueName\":\"search_term_string\"}}],\"inLanguage\":\"en-US\"}]}<\/script>\n<!-- \/ Yoast SEO plugin. -->","yoast_head_json":{"title":"Figura Hatsune Miku \u2013 Flower Fairy Cosmos Purple Color Ver - Noodle Stopper - Akatsuki anime store","description":"Figura Hatsune Miku Noodle Stopper Flower Fairy de FuRyu. Edici\u00f3n especial, ideal para coleccionistas y fans de Vocaloid.","robots":{"index":"index","follow":"follow","max-snippet":"max-snippet:-1","max-image-preview":"max-image-preview:large","max-video-preview":"max-video-preview:-1"},"canonical":"https:\/\/akatsukianime.com\/en\/product\/figura-hatsune-miku-flower-fairy-cosmos-purple-color-ver-noodle-stopper\/","og_locale":"en_US","og_type":"article","og_title":"Figura Hatsune Miku \u2013 Flower Fairy Cosmos Purple Color Ver - Noodle Stopper - Akatsuki anime store","og_description":"Figura Hatsune Miku Noodle Stopper Flower Fairy de FuRyu. Edici\u00f3n especial, ideal para coleccionistas y fans de Vocaloid.","og_url":"https:\/\/akatsukianime.com\/en\/product\/figura-hatsune-miku-flower-fairy-cosmos-purple-color-ver-noodle-stopper\/","og_site_name":"Akatsuki anime store","article_modified_time":"2026-01-27T15:54:41+00:00","og_image":[{"width":1000,"height":1000,"url":"https:\/\/akatsukianime.com\/wp-content\/uploads\/2026\/01\/figura-hatsune-Miku-Noodle.jpg","type":"image\/jpeg"}],"twitter_card":"summary_large_image","twitter_misc":{"Est. reading time":"1 minute"},"schema":{"@context":"https:\/\/schema.org","@graph":[{"@type":["WebPage","ItemPage"],"@id":"https:\/\/akatsukianime.com\/product\/figura-hatsune-miku-flower-fairy-cosmos-purple-color-ver-noodle-stopper\/","url":"https:\/\/akatsukianime.com\/product\/figura-hatsune-miku-flower-fairy-cosmos-purple-color-ver-noodle-stopper\/","name":"Figura Hatsune Miku \u2013 Flower Fairy Cosmos Purple Color Ver - Noodle Stopper - Akatsuki anime store","isPartOf":{"@id":"https:\/\/akatsukianime.com\/#website"},"primaryImageOfPage":{"@id":"https:\/\/akatsukianime.com\/product\/figura-hatsune-miku-flower-fairy-cosmos-purple-color-ver-noodle-stopper\/#primaryimage"},"image":{"@id":"https:\/\/akatsukianime.com\/product\/figura-hatsune-miku-flower-fairy-cosmos-purple-color-ver-noodle-stopper\/#primaryimage"},"thumbnailUrl":"https:\/\/akatsukianime.com\/wp-content\/uploads\/2026\/01\/figura-hatsune-Miku-Noodle.jpg","datePublished":"2026-01-27T15:53:43+00:00","dateModified":"2026-01-27T15:54:41+00:00","description":"Figura Hatsune Miku Noodle Stopper Flower Fairy de FuRyu. Edici\u00f3n especial, ideal para coleccionistas y fans de Vocaloid.","breadcrumb":{"@id":"https:\/\/akatsukianime.com\/product\/figura-hatsune-miku-flower-fairy-cosmos-purple-color-ver-noodle-stopper\/#breadcrumb"},"inLanguage":"en-US","potentialAction":[{"@type":"ReadAction","target":["https:\/\/akatsukianime.com\/product\/figura-hatsune-miku-flower-fairy-cosmos-purple-color-ver-noodle-stopper\/"]}]},{"@type":"ImageObject","inLanguage":"en-US","@id":"https:\/\/akatsukianime.com\/product\/figura-hatsune-miku-flower-fairy-cosmos-purple-color-ver-noodle-stopper\/#primaryimage","url":"https:\/\/akatsukianime.com\/wp-content\/uploads\/2026\/01\/figura-hatsune-Miku-Noodle.jpg","contentUrl":"https:\/\/akatsukianime.com\/wp-content\/uploads\/2026\/01\/figura-hatsune-Miku-Noodle.jpg","width":1000,"height":1000,"caption":"figura hatsune Miku Noodle"},{"@type":"BreadcrumbList","@id":"https:\/\/akatsukianime.com\/product\/figura-hatsune-miku-flower-fairy-cosmos-purple-color-ver-noodle-stopper\/#breadcrumb","itemListElement":[{"@type":"ListItem","position":1,"name":"Portada","item":"https:\/\/akatsukianime.com\/"},{"@type":"ListItem","position":2,"name":"Tienda","item":"https:\/\/akatsukianime.com\/tienda\/"},{"@type":"ListItem","position":3,"name":"Figura Hatsune Miku \u2013 Flower Fairy Cosmos Purple Color Ver &#8211; Noodle Stopper"}]},{"@type":"WebSite","@id":"https:\/\/akatsukianime.com\/#website","url":"https:\/\/akatsukianime.com\/","name":"Akatsuki anime store","description":"","potentialAction":[{"@type":"SearchAction","target":{"@type":"EntryPoint","urlTemplate":"https:\/\/akatsukianime.com\/?s={search_term_string}"},"query-input":{"@type":"PropertyValueSpecification","valueRequired":true,"valueName":"search_term_string"}}],"inLanguage":"en-US"}]}},"jetpack_sharing_enabled":true,"_links":{"self":[{"href":"https:\/\/akatsukianime.com\/en\/wp-json\/wp\/v2\/product\/7321","targetHints":{"allow":["GET"]}}],"collection":[{"href":"https:\/\/akatsukianime.com\/en\/wp-json\/wp\/v2\/product"}],"about":[{"href":"https:\/\/akatsukianime.com\/en\/wp-json\/wp\/v2\/types\/product"}],"version-history":[{"count":2,"href":"https:\/\/akatsukianime.com\/en\/wp-json\/wp\/v2\/product\/7321\/revisions"}],"predecessor-version":[{"id":7330,"href":"https:\/\/akatsukianime.com\/en\/wp-json\/wp\/v2\/product\/7321\/revisions\/7330"}],"wp:featuredmedia":[{"embeddable":true,"href":"https:\/\/akatsukianime.com\/en\/wp-json\/wp\/v2\/media\/7322"}],"wp:attachment":[{"href":"https:\/\/akatsukianime.com\/en\/wp-json\/wp\/v2\/media?parent=7321"}],"wp:term":[{"taxonomy":"product_cat","embeddable":true,"href":"https:\/\/akatsukianime.com\/en\/wp-json\/wp\/v2\/product_cat?post=7321"},{"taxonomy":"product_tag","embeddable":true,"href":"https:\/\/akatsukianime.com\/en\/wp-json\/wp\/v2\/product_tag?post=7321"}],"curies":[{"name":"wp","href":"https:\/\/api.w.org\/{rel}","templated":true}]}}