{"id":7329,"date":"2026-01-27T19:49:28","date_gmt":"2026-01-27T18:49:28","guid":{"rendered":"https:\/\/akatsukianime.com\/?post_type=product&#038;p=7329"},"modified":"2026-01-27T19:52:38","modified_gmt":"2026-01-27T18:52:38","slug":"figura-bulmas-capsule-no-9-motorcycle-s-h-figuarts-dragon-ball","status":"publish","type":"product","link":"https:\/\/akatsukianime.com\/en\/product\/figura-bulmas-capsule-no-9-motorcycle-s-h-figuarts-dragon-ball\/","title":{"rendered":"Figura Bulma\u2019s Capsule No. 9 Motorcycle &#8211; S.H.Figuarts &#8211; Dragon Ball"},"content":{"rendered":"<h2 data-start=\"159\" data-end=\"199\">\ud83d\udce6 Descripci\u00f3n del producto<\/h2>\n<p data-start=\"201\" data-end=\"567\">Desde el <strong data-start=\"210\" data-end=\"246\">primer episodio de <em data-start=\"231\" data-end=\"244\">Dragon Ball<\/em><\/strong>, la ic\u00f3nica <strong data-start=\"259\" data-end=\"293\">motocicleta que Bulma conduc\u00eda<\/strong> llega en una espectacular versi\u00f3n de <strong data-start=\"331\" data-end=\"347\">SHFiguarts<\/strong>. Este modelo reproduce con gran fidelidad cada detalle: el panel del techo, los intermitentes y las luces delantera y trasera est\u00e1n moldeados en <strong data-start=\"493\" data-end=\"517\">pl\u00e1stico transl\u00facido<\/strong>, aportando un acabado realista y de alta calidad.<\/p>\n<p data-start=\"569\" data-end=\"921\">El chasis, la horquilla delantera, el escape y los reposapi\u00e9s est\u00e1n fabricados en <strong data-start=\"651\" data-end=\"668\">metal diecast<\/strong>, lo que le otorga un peso s\u00f3lido y una sensaci\u00f3n premium al sostenerla. Incluye una <strong data-start=\"753\" data-end=\"808\">base de exhibici\u00f3n con el logotipo de Capsule Corp.<\/strong>, que permite colocar la moto en posici\u00f3n est\u00e1tica, en postura de conducci\u00f3n o incluso haciendo un <strong data-start=\"907\" data-end=\"920\">caballito<\/strong>.<\/p>\n<p data-start=\"923\" data-end=\"1122\">In addition, the set includes a <strong data-start=\"950\" data-end=\"977\">figura de Goku a escala<\/strong>, perfecta para recrear escenas cl\u00e1sicas del anime. Una pieza imprescindible para los fans de <em data-start=\"1071\" data-end=\"1084\">Dragon Ball<\/em> y los coleccionistas de S.H.Figuarts.<\/p>\n<p data-start=\"1124\" data-end=\"1211\">\u26a0\ufe0f <em data-start=\"1127\" data-end=\"1211\">La figura S.H.Figuarts de Bulma mostrada no est\u00e1 incluida (se vende por separado).\u00a0 <\/em><\/p>\n<p data-start=\"1124\" data-end=\"1211\"><em data-start=\"1127\" data-end=\"1211\">Aqui: <\/em><a href=\"https:\/\/akatsukianime.com\/en\/product\/dragon-ball-s-h-figuarts-bulma-adventure-begins\/\">S.H. Figuarts Bulma DragonBall<\/a><\/p>\n<hr data-start=\"1213\" data-end=\"1216\" \/>\n<h2 data-start=\"1218\" data-end=\"1251\">\u2b50 Caracter\u00edsticas del producto<\/h2>\n<ul data-start=\"1252\" data-end=\"1438\">\n<li data-start=\"1252\" data-end=\"1285\">\n<p data-start=\"1254\" data-end=\"1285\">Tama\u00f1o aproximado: <strong data-start=\"1273\" data-end=\"1285\">17,52 cm<\/strong><\/p>\n<\/li>\n<li data-start=\"1286\" data-end=\"1328\">\n<p data-start=\"1288\" data-end=\"1328\">Materiales: <strong data-start=\"1300\" data-end=\"1328\">ABS, PVC y metal diecast<\/strong><\/p>\n<\/li>\n<li data-start=\"1329\" data-end=\"1365\">\n<p data-start=\"1331\" data-end=\"1365\">Based on the anime <strong data-start=\"1350\" data-end=\"1365\">Dragon Ball<\/strong><\/p>\n<\/li>\n<li data-start=\"1366\" data-end=\"1402\">\n<p data-start=\"1368\" data-end=\"1402\">Part of the line <strong data-start=\"1386\" data-end=\"1402\">SHFiguarts<\/strong><\/p>\n<\/li>\n<li data-start=\"1403\" data-end=\"1438\">\n<p data-start=\"1405\" data-end=\"1438\">Acabados <strong data-start=\"1414\" data-end=\"1438\">altamente detallados<\/strong><\/p>\n<\/li>\n<\/ul>\n<hr data-start=\"1440\" data-end=\"1443\" \/>\n<h2 data-start=\"1445\" data-end=\"1471\">\ud83d\udce6 Box contents<\/h2>\n<ul data-start=\"1472\" data-end=\"1747\">\n<li data-start=\"1472\" data-end=\"1509\">\n<p data-start=\"1474\" data-end=\"1509\">Motocicleta <strong data-start=\"1486\" data-end=\"1509\">HoiPoi Capsule No.9<\/strong><\/p>\n<\/li>\n<li data-start=\"1510\" data-end=\"1537\">\n<p data-start=\"1512\" data-end=\"1537\">Set de base de exhibici\u00f3n<\/p>\n<\/li>\n<li data-start=\"1538\" data-end=\"1627\">\n<p data-start=\"1540\" data-end=\"1627\">Falda opcional para <strong data-start=\"1560\" data-end=\"1601\">S.H.Figuarts Bulma (Adventure Begins)<\/strong> <em data-start=\"1602\" data-end=\"1627\">(se vende por separado)<\/em><\/p>\n<\/li>\n<li data-start=\"1628\" data-end=\"1726\">\n<p data-start=\"1630\" data-end=\"1726\">Par de manos opcionales para <strong data-start=\"1659\" data-end=\"1700\">S.H.Figuarts Bulma (Adventure Begins)<\/strong> <em data-start=\"1701\" data-end=\"1726\">(se vende por separado)<\/em><\/p>\n<\/li>\n<li data-start=\"1727\" data-end=\"1747\">\n<p data-start=\"1729\" data-end=\"1747\">Figure of <strong data-start=\"1739\" data-end=\"1747\">Goku<\/strong><\/p>\n<\/li>\n<\/ul>","protected":false},"excerpt":{"rendered":"<p>\ud83d\udce6 Descripci\u00f3n del producto Desde el primer episodio de Dragon Ball, la ic\u00f3nica motocicleta que Bulma conduc\u00eda llega en una<\/p>","protected":false},"featured_media":7331,"template":"","meta":[],"product_cat":[275,91,65,61,44],"product_tag":[176,458,337,123,85],"class_list":{"0":"post-7329","1":"product","2":"type-product","3":"status-publish","4":"has-post-thumbnail","6":"product_cat-s-h-figuarts","7":"product_cat-tamashii-nations","8":"product_cat-figuras","9":"product_cat-novedades","10":"product_cat-dragon-ball","11":"product_tag-bulma","12":"product_tag-dragonball","13":"product_tag-figura","14":"product_tag-sh-figuarts","15":"product_tag-tamashii-nations","17":"first","18":"instock","19":"sold-individually","20":"taxable","21":"shipping-taxable","22":"purchasable","23":"product-type-simple"},"yoast_head":"<!-- This site is optimized with the Yoast SEO plugin v24.2 - https:\/\/yoast.com\/wordpress\/plugins\/seo\/ -->\n<title>Figura Bulma\u2019s Capsule No. 9 Motorcycle - S.H.Figuarts - Dragon Ball - Akatsuki anime store<\/title>\n<meta name=\"description\" content=\"La ic\u00f3nica motocicleta Bulma Dragon Ball S.H.Figuarts con Goku incluido. Modelo diecast altamente detallado con base Capsule Corp.\" \/>\n<meta name=\"robots\" content=\"index, follow, max-snippet:-1, max-image-preview:large, max-video-preview:-1\" \/>\n<link rel=\"canonical\" href=\"https:\/\/akatsukianime.com\/en\/product\/figura-bulmas-capsule-no-9-motorcycle-s-h-figuarts-dragon-ball\/\" \/>\n<meta property=\"og:locale\" content=\"en_US\" \/>\n<meta property=\"og:type\" content=\"article\" \/>\n<meta property=\"og:title\" content=\"Figura Bulma\u2019s Capsule No. 9 Motorcycle - S.H.Figuarts - Dragon Ball - Akatsuki anime store\" \/>\n<meta property=\"og:description\" content=\"La ic\u00f3nica motocicleta Bulma Dragon Ball S.H.Figuarts con Goku incluido. Modelo diecast altamente detallado con base Capsule Corp.\" \/>\n<meta property=\"og:url\" content=\"https:\/\/akatsukianime.com\/en\/product\/figura-bulmas-capsule-no-9-motorcycle-s-h-figuarts-dragon-ball\/\" \/>\n<meta property=\"og:site_name\" content=\"Akatsuki anime store\" \/>\n<meta property=\"article:modified_time\" content=\"2026-01-27T18:52:38+00:00\" \/>\n<meta property=\"og:image\" content=\"https:\/\/akatsukianime.com\/wp-content\/uploads\/2026\/01\/motocicleta-Bulma-Dragon-Ball.jpg\" \/>\n\t<meta property=\"og:image:width\" content=\"1000\" \/>\n\t<meta property=\"og:image:height\" content=\"1000\" \/>\n\t<meta property=\"og:image:type\" content=\"image\/jpeg\" \/>\n<meta name=\"twitter:card\" content=\"summary_large_image\" \/>\n<meta name=\"twitter:label1\" content=\"Est. reading time\" \/>\n\t<meta name=\"twitter:data1\" content=\"2 minutes\" \/>\n<script type=\"application\/ld+json\" class=\"yoast-schema-graph\">{\"@context\":\"https:\/\/schema.org\",\"@graph\":[{\"@type\":[\"WebPage\",\"ItemPage\"],\"@id\":\"https:\/\/akatsukianime.com\/product\/figura-bulmas-capsule-no-9-motorcycle-s-h-figuarts-dragon-ball\/\",\"url\":\"https:\/\/akatsukianime.com\/product\/figura-bulmas-capsule-no-9-motorcycle-s-h-figuarts-dragon-ball\/\",\"name\":\"Figura Bulma\u2019s Capsule No. 9 Motorcycle - S.H.Figuarts - Dragon Ball - Akatsuki anime store\",\"isPartOf\":{\"@id\":\"https:\/\/akatsukianime.com\/#website\"},\"primaryImageOfPage\":{\"@id\":\"https:\/\/akatsukianime.com\/product\/figura-bulmas-capsule-no-9-motorcycle-s-h-figuarts-dragon-ball\/#primaryimage\"},\"image\":{\"@id\":\"https:\/\/akatsukianime.com\/product\/figura-bulmas-capsule-no-9-motorcycle-s-h-figuarts-dragon-ball\/#primaryimage\"},\"thumbnailUrl\":\"https:\/\/akatsukianime.com\/wp-content\/uploads\/2026\/01\/motocicleta-Bulma-Dragon-Ball.jpg\",\"datePublished\":\"2026-01-27T18:49:28+00:00\",\"dateModified\":\"2026-01-27T18:52:38+00:00\",\"description\":\"La ic\u00f3nica motocicleta Bulma Dragon Ball S.H.Figuarts con Goku incluido. Modelo diecast altamente detallado con base Capsule Corp.\",\"breadcrumb\":{\"@id\":\"https:\/\/akatsukianime.com\/product\/figura-bulmas-capsule-no-9-motorcycle-s-h-figuarts-dragon-ball\/#breadcrumb\"},\"inLanguage\":\"en-US\",\"potentialAction\":[{\"@type\":\"ReadAction\",\"target\":[\"https:\/\/akatsukianime.com\/product\/figura-bulmas-capsule-no-9-motorcycle-s-h-figuarts-dragon-ball\/\"]}]},{\"@type\":\"ImageObject\",\"inLanguage\":\"en-US\",\"@id\":\"https:\/\/akatsukianime.com\/product\/figura-bulmas-capsule-no-9-motorcycle-s-h-figuarts-dragon-ball\/#primaryimage\",\"url\":\"https:\/\/akatsukianime.com\/wp-content\/uploads\/2026\/01\/motocicleta-Bulma-Dragon-Ball.jpg\",\"contentUrl\":\"https:\/\/akatsukianime.com\/wp-content\/uploads\/2026\/01\/motocicleta-Bulma-Dragon-Ball.jpg\",\"width\":1000,\"height\":1000,\"caption\":\"motocicleta Bulma Dragon Ball\"},{\"@type\":\"BreadcrumbList\",\"@id\":\"https:\/\/akatsukianime.com\/product\/figura-bulmas-capsule-no-9-motorcycle-s-h-figuarts-dragon-ball\/#breadcrumb\",\"itemListElement\":[{\"@type\":\"ListItem\",\"position\":1,\"name\":\"Portada\",\"item\":\"https:\/\/akatsukianime.com\/\"},{\"@type\":\"ListItem\",\"position\":2,\"name\":\"Tienda\",\"item\":\"https:\/\/akatsukianime.com\/tienda\/\"},{\"@type\":\"ListItem\",\"position\":3,\"name\":\"Figura Bulma\u2019s Capsule No. 9 Motorcycle &#8211; S.H.Figuarts &#8211; Dragon Ball\"}]},{\"@type\":\"WebSite\",\"@id\":\"https:\/\/akatsukianime.com\/#website\",\"url\":\"https:\/\/akatsukianime.com\/\",\"name\":\"Akatsuki anime store\",\"description\":\"\",\"potentialAction\":[{\"@type\":\"SearchAction\",\"target\":{\"@type\":\"EntryPoint\",\"urlTemplate\":\"https:\/\/akatsukianime.com\/?s={search_term_string}\"},\"query-input\":{\"@type\":\"PropertyValueSpecification\",\"valueRequired\":true,\"valueName\":\"search_term_string\"}}],\"inLanguage\":\"en-US\"}]}<\/script>\n<!-- \/ Yoast SEO plugin. -->","yoast_head_json":{"title":"Figura Bulma\u2019s Capsule No. 9 Motorcycle - S.H.Figuarts - Dragon Ball - Akatsuki anime store","description":"La ic\u00f3nica motocicleta Bulma Dragon Ball S.H.Figuarts con Goku incluido. Modelo diecast altamente detallado con base Capsule Corp.","robots":{"index":"index","follow":"follow","max-snippet":"max-snippet:-1","max-image-preview":"max-image-preview:large","max-video-preview":"max-video-preview:-1"},"canonical":"https:\/\/akatsukianime.com\/en\/product\/figura-bulmas-capsule-no-9-motorcycle-s-h-figuarts-dragon-ball\/","og_locale":"en_US","og_type":"article","og_title":"Figura Bulma\u2019s Capsule No. 9 Motorcycle - S.H.Figuarts - Dragon Ball - Akatsuki anime store","og_description":"La ic\u00f3nica motocicleta Bulma Dragon Ball S.H.Figuarts con Goku incluido. Modelo diecast altamente detallado con base Capsule Corp.","og_url":"https:\/\/akatsukianime.com\/en\/product\/figura-bulmas-capsule-no-9-motorcycle-s-h-figuarts-dragon-ball\/","og_site_name":"Akatsuki anime store","article_modified_time":"2026-01-27T18:52:38+00:00","og_image":[{"width":1000,"height":1000,"url":"https:\/\/akatsukianime.com\/wp-content\/uploads\/2026\/01\/motocicleta-Bulma-Dragon-Ball.jpg","type":"image\/jpeg"}],"twitter_card":"summary_large_image","twitter_misc":{"Est. reading time":"2 minutes"},"schema":{"@context":"https:\/\/schema.org","@graph":[{"@type":["WebPage","ItemPage"],"@id":"https:\/\/akatsukianime.com\/product\/figura-bulmas-capsule-no-9-motorcycle-s-h-figuarts-dragon-ball\/","url":"https:\/\/akatsukianime.com\/product\/figura-bulmas-capsule-no-9-motorcycle-s-h-figuarts-dragon-ball\/","name":"Figura Bulma\u2019s Capsule No. 9 Motorcycle - S.H.Figuarts - Dragon Ball - Akatsuki anime store","isPartOf":{"@id":"https:\/\/akatsukianime.com\/#website"},"primaryImageOfPage":{"@id":"https:\/\/akatsukianime.com\/product\/figura-bulmas-capsule-no-9-motorcycle-s-h-figuarts-dragon-ball\/#primaryimage"},"image":{"@id":"https:\/\/akatsukianime.com\/product\/figura-bulmas-capsule-no-9-motorcycle-s-h-figuarts-dragon-ball\/#primaryimage"},"thumbnailUrl":"https:\/\/akatsukianime.com\/wp-content\/uploads\/2026\/01\/motocicleta-Bulma-Dragon-Ball.jpg","datePublished":"2026-01-27T18:49:28+00:00","dateModified":"2026-01-27T18:52:38+00:00","description":"La ic\u00f3nica motocicleta Bulma Dragon Ball S.H.Figuarts con Goku incluido. Modelo diecast altamente detallado con base Capsule Corp.","breadcrumb":{"@id":"https:\/\/akatsukianime.com\/product\/figura-bulmas-capsule-no-9-motorcycle-s-h-figuarts-dragon-ball\/#breadcrumb"},"inLanguage":"en-US","potentialAction":[{"@type":"ReadAction","target":["https:\/\/akatsukianime.com\/product\/figura-bulmas-capsule-no-9-motorcycle-s-h-figuarts-dragon-ball\/"]}]},{"@type":"ImageObject","inLanguage":"en-US","@id":"https:\/\/akatsukianime.com\/product\/figura-bulmas-capsule-no-9-motorcycle-s-h-figuarts-dragon-ball\/#primaryimage","url":"https:\/\/akatsukianime.com\/wp-content\/uploads\/2026\/01\/motocicleta-Bulma-Dragon-Ball.jpg","contentUrl":"https:\/\/akatsukianime.com\/wp-content\/uploads\/2026\/01\/motocicleta-Bulma-Dragon-Ball.jpg","width":1000,"height":1000,"caption":"motocicleta Bulma Dragon Ball"},{"@type":"BreadcrumbList","@id":"https:\/\/akatsukianime.com\/product\/figura-bulmas-capsule-no-9-motorcycle-s-h-figuarts-dragon-ball\/#breadcrumb","itemListElement":[{"@type":"ListItem","position":1,"name":"Portada","item":"https:\/\/akatsukianime.com\/"},{"@type":"ListItem","position":2,"name":"Tienda","item":"https:\/\/akatsukianime.com\/tienda\/"},{"@type":"ListItem","position":3,"name":"Figura Bulma\u2019s Capsule No. 9 Motorcycle &#8211; S.H.Figuarts &#8211; Dragon Ball"}]},{"@type":"WebSite","@id":"https:\/\/akatsukianime.com\/#website","url":"https:\/\/akatsukianime.com\/","name":"Akatsuki anime store","description":"","potentialAction":[{"@type":"SearchAction","target":{"@type":"EntryPoint","urlTemplate":"https:\/\/akatsukianime.com\/?s={search_term_string}"},"query-input":{"@type":"PropertyValueSpecification","valueRequired":true,"valueName":"search_term_string"}}],"inLanguage":"en-US"}]}},"jetpack_sharing_enabled":true,"_links":{"self":[{"href":"https:\/\/akatsukianime.com\/en\/wp-json\/wp\/v2\/product\/7329","targetHints":{"allow":["GET"]}}],"collection":[{"href":"https:\/\/akatsukianime.com\/en\/wp-json\/wp\/v2\/product"}],"about":[{"href":"https:\/\/akatsukianime.com\/en\/wp-json\/wp\/v2\/types\/product"}],"version-history":[{"count":2,"href":"https:\/\/akatsukianime.com\/en\/wp-json\/wp\/v2\/product\/7329\/revisions"}],"predecessor-version":[{"id":7339,"href":"https:\/\/akatsukianime.com\/en\/wp-json\/wp\/v2\/product\/7329\/revisions\/7339"}],"wp:featuredmedia":[{"embeddable":true,"href":"https:\/\/akatsukianime.com\/en\/wp-json\/wp\/v2\/media\/7331"}],"wp:attachment":[{"href":"https:\/\/akatsukianime.com\/en\/wp-json\/wp\/v2\/media?parent=7329"}],"wp:term":[{"taxonomy":"product_cat","embeddable":true,"href":"https:\/\/akatsukianime.com\/en\/wp-json\/wp\/v2\/product_cat?post=7329"},{"taxonomy":"product_tag","embeddable":true,"href":"https:\/\/akatsukianime.com\/en\/wp-json\/wp\/v2\/product_tag?post=7329"}],"curies":[{"name":"wp","href":"https:\/\/api.w.org\/{rel}","templated":true}]}}