{"id":7388,"date":"2026-01-29T17:41:15","date_gmt":"2026-01-29T16:41:15","guid":{"rendered":"https:\/\/akatsukianime.com\/?post_type=product&#038;p=7388"},"modified":"2026-01-29T17:41:15","modified_gmt":"2026-01-29T16:41:15","slug":"figura-kurumi-tokisaki-zafkiel-amp-date-a-live-iv","status":"publish","type":"product","link":"https:\/\/akatsukianime.com\/en\/product\/figura-kurumi-tokisaki-zafkiel-amp-date-a-live-iv\/","title":{"rendered":"Figura Kurumi Tokisaki (Zafkiel) \u2013 AMP+ \u2013 Date A Live IV"},"content":{"rendered":"<h2 data-start=\"188\" data-end=\"228\">\ud83d\udce6 Descripci\u00f3n del producto<\/h2>\n<p data-start=\"230\" data-end=\"604\">Desde la serie de anime <strong data-start=\"254\" data-end=\"272\">Date A Live IV<\/strong>, llega la figura <strong data-start=\"290\" data-end=\"324\">AMP+ Kurumi Tokisaki (Zafkiel)<\/strong> of <strong data-start=\"328\" data-end=\"337\">Taito<\/strong>. Con una altura aproximada de <strong data-start=\"368\" data-end=\"380\">20,06 cm<\/strong>, esta impresionante figura presenta a <strong data-start=\"419\" data-end=\"438\">Kurumi Tokisaki<\/strong> luciendo su ic\u00f3nico atuendo mientras empu\u00f1a la poderosa <strong data-start=\"495\" data-end=\"506\">Zafkiel<\/strong>, recreando una pose popular que captura a la perfecci\u00f3n su carism\u00e1tica y enigm\u00e1tica personalidad.<\/p>\n<p data-start=\"606\" data-end=\"842\">Gracias a su alto nivel de detalle y acabados de calidad, esta pieza de la l\u00ednea <strong data-start=\"687\" data-end=\"695\">AMP+<\/strong> es imprescindible para los fans de <em data-start=\"731\" data-end=\"744\">Date A Live<\/em> y coleccionistas de figuras japonesas. Una adici\u00f3n destacada que no puede faltar en tu colecci\u00f3n.<\/p>\n<hr data-start=\"844\" data-end=\"847\" \/>\n<h2 data-start=\"849\" data-end=\"882\">\u2b50 Caracter\u00edsticas del producto<\/h2>\n<ul data-start=\"883\" data-end=\"1058\">\n<li data-start=\"883\" data-end=\"916\">\n<p data-start=\"885\" data-end=\"916\">Approximate height: <strong data-start=\"904\" data-end=\"916\">20,06 cm<\/strong><\/p>\n<\/li>\n<li data-start=\"917\" data-end=\"936\">\n<p data-start=\"919\" data-end=\"936\">Material: <strong data-start=\"929\" data-end=\"936\">PVC<\/strong><\/p>\n<\/li>\n<li data-start=\"937\" data-end=\"976\">\n<p data-start=\"939\" data-end=\"976\">Based on the anime <strong data-start=\"958\" data-end=\"976\">Date A Live IV<\/strong><\/p>\n<\/li>\n<li data-start=\"977\" data-end=\"1005\">\n<p data-start=\"979\" data-end=\"1005\">Part of the line <strong data-start=\"997\" data-end=\"1005\">AMP+<\/strong><\/p>\n<\/li>\n<li data-start=\"1006\" data-end=\"1038\">\n<p data-start=\"1008\" data-end=\"1038\">Figure <strong data-start=\"1015\" data-end=\"1038\">altamente detallada<\/strong><\/p>\n<\/li>\n<li data-start=\"1039\" data-end=\"1058\">\n<p data-start=\"1041\" data-end=\"1058\"><strong data-start=\"1041\" data-end=\"1058\">Not articulated<\/strong><\/p>\n<\/li>\n<\/ul>\n<hr data-start=\"1060\" data-end=\"1063\" \/>\n<h2 data-start=\"1065\" data-end=\"1091\">\ud83d\udce6 Box contents<\/h2>\n<ul data-start=\"1092\" data-end=\"1123\">\n<li data-start=\"1092\" data-end=\"1123\">\n<p data-start=\"1094\" data-end=\"1123\">Figure of <strong data-start=\"1104\" data-end=\"1123\">Kurumi Tokisaki<\/strong><\/p>\n<\/li>\n<\/ul>","protected":false},"excerpt":{"rendered":"<p>\ud83d\udce6 Descripci\u00f3n del producto Desde la serie de anime Date A Live IV, llega la figura AMP+ Kurumi Tokisaki (Zafkiel)<\/p>","protected":false},"featured_media":7389,"template":"","meta":[],"product_cat":[102,65,61,60],"product_tag":[121,407,337,461,122],"class_list":{"0":"post-7388","1":"product","2":"type-product","3":"status-publish","4":"has-post-thumbnail","6":"product_cat-taito","7":"product_cat-figuras","8":"product_cat-novedades","9":"product_cat-otros","10":"product_tag-amp","11":"product_tag-date-a-live","12":"product_tag-figura","13":"product_tag-kurumi-tokisaki","14":"product_tag-taito","16":"first","17":"instock","18":"sold-individually","19":"taxable","20":"shipping-taxable","21":"purchasable","22":"product-type-simple"},"yoast_head":"<!-- This site is optimized with the Yoast SEO plugin v24.2 - https:\/\/yoast.com\/wordpress\/plugins\/seo\/ -->\n<title>Figura Kurumi Tokisaki (Zafkiel) \u2013 AMP+ \u2013 Date A Live IV - Akatsuki anime store<\/title>\n<meta name=\"description\" content=\"Figura 20cm de Kurumi Tokisaki AMP+ Zafkiel de Date A Live IV. Cuenta con eetalles premium y pose ic\u00f3nica para coleccionistas.\" \/>\n<meta name=\"robots\" content=\"index, follow, max-snippet:-1, max-image-preview:large, max-video-preview:-1\" \/>\n<link rel=\"canonical\" href=\"https:\/\/akatsukianime.com\/en\/product\/figura-kurumi-tokisaki-zafkiel-amp-date-a-live-iv\/\" \/>\n<meta property=\"og:locale\" content=\"en_US\" \/>\n<meta property=\"og:type\" content=\"article\" \/>\n<meta property=\"og:title\" content=\"Figura Kurumi Tokisaki (Zafkiel) \u2013 AMP+ \u2013 Date A Live IV - Akatsuki anime store\" \/>\n<meta property=\"og:description\" content=\"Figura 20cm de Kurumi Tokisaki AMP+ Zafkiel de Date A Live IV. Cuenta con eetalles premium y pose ic\u00f3nica para coleccionistas.\" \/>\n<meta property=\"og:url\" content=\"https:\/\/akatsukianime.com\/en\/product\/figura-kurumi-tokisaki-zafkiel-amp-date-a-live-iv\/\" \/>\n<meta property=\"og:site_name\" content=\"Akatsuki anime store\" \/>\n<meta property=\"og:image\" content=\"https:\/\/akatsukianime.com\/wp-content\/uploads\/2026\/01\/figura-Kurumi-Tokisaki-AMP.jpg\" \/>\n\t<meta property=\"og:image:width\" content=\"1000\" \/>\n\t<meta property=\"og:image:height\" content=\"1000\" \/>\n\t<meta property=\"og:image:type\" content=\"image\/jpeg\" \/>\n<meta name=\"twitter:card\" content=\"summary_large_image\" \/>\n<meta name=\"twitter:label1\" content=\"Est. reading time\" \/>\n\t<meta name=\"twitter:data1\" content=\"1 minute\" \/>\n<script type=\"application\/ld+json\" class=\"yoast-schema-graph\">{\"@context\":\"https:\/\/schema.org\",\"@graph\":[{\"@type\":[\"WebPage\",\"ItemPage\"],\"@id\":\"https:\/\/akatsukianime.com\/product\/figura-kurumi-tokisaki-zafkiel-amp-date-a-live-iv\/\",\"url\":\"https:\/\/akatsukianime.com\/product\/figura-kurumi-tokisaki-zafkiel-amp-date-a-live-iv\/\",\"name\":\"Figura Kurumi Tokisaki (Zafkiel) \u2013 AMP+ \u2013 Date A Live IV - Akatsuki anime store\",\"isPartOf\":{\"@id\":\"https:\/\/akatsukianime.com\/#website\"},\"primaryImageOfPage\":{\"@id\":\"https:\/\/akatsukianime.com\/product\/figura-kurumi-tokisaki-zafkiel-amp-date-a-live-iv\/#primaryimage\"},\"image\":{\"@id\":\"https:\/\/akatsukianime.com\/product\/figura-kurumi-tokisaki-zafkiel-amp-date-a-live-iv\/#primaryimage\"},\"thumbnailUrl\":\"https:\/\/akatsukianime.com\/wp-content\/uploads\/2026\/01\/figura-Kurumi-Tokisaki-AMP.jpg\",\"datePublished\":\"2026-01-29T16:41:15+00:00\",\"dateModified\":\"2026-01-29T16:41:15+00:00\",\"description\":\"Figura 20cm de Kurumi Tokisaki AMP+ Zafkiel de Date A Live IV. Cuenta con eetalles premium y pose ic\u00f3nica para coleccionistas.\",\"breadcrumb\":{\"@id\":\"https:\/\/akatsukianime.com\/product\/figura-kurumi-tokisaki-zafkiel-amp-date-a-live-iv\/#breadcrumb\"},\"inLanguage\":\"en-US\",\"potentialAction\":[{\"@type\":\"ReadAction\",\"target\":[\"https:\/\/akatsukianime.com\/product\/figura-kurumi-tokisaki-zafkiel-amp-date-a-live-iv\/\"]}]},{\"@type\":\"ImageObject\",\"inLanguage\":\"en-US\",\"@id\":\"https:\/\/akatsukianime.com\/product\/figura-kurumi-tokisaki-zafkiel-amp-date-a-live-iv\/#primaryimage\",\"url\":\"https:\/\/akatsukianime.com\/wp-content\/uploads\/2026\/01\/figura-Kurumi-Tokisaki-AMP.jpg\",\"contentUrl\":\"https:\/\/akatsukianime.com\/wp-content\/uploads\/2026\/01\/figura-Kurumi-Tokisaki-AMP.jpg\",\"width\":1000,\"height\":1000,\"caption\":\"840342403400\"},{\"@type\":\"BreadcrumbList\",\"@id\":\"https:\/\/akatsukianime.com\/product\/figura-kurumi-tokisaki-zafkiel-amp-date-a-live-iv\/#breadcrumb\",\"itemListElement\":[{\"@type\":\"ListItem\",\"position\":1,\"name\":\"Portada\",\"item\":\"https:\/\/akatsukianime.com\/\"},{\"@type\":\"ListItem\",\"position\":2,\"name\":\"Tienda\",\"item\":\"https:\/\/akatsukianime.com\/tienda\/\"},{\"@type\":\"ListItem\",\"position\":3,\"name\":\"Figura Kurumi Tokisaki (Zafkiel) \u2013 AMP+ \u2013 Date A Live IV\"}]},{\"@type\":\"WebSite\",\"@id\":\"https:\/\/akatsukianime.com\/#website\",\"url\":\"https:\/\/akatsukianime.com\/\",\"name\":\"Akatsuki anime store\",\"description\":\"\",\"potentialAction\":[{\"@type\":\"SearchAction\",\"target\":{\"@type\":\"EntryPoint\",\"urlTemplate\":\"https:\/\/akatsukianime.com\/?s={search_term_string}\"},\"query-input\":{\"@type\":\"PropertyValueSpecification\",\"valueRequired\":true,\"valueName\":\"search_term_string\"}}],\"inLanguage\":\"en-US\"}]}<\/script>\n<!-- \/ Yoast SEO plugin. -->","yoast_head_json":{"title":"Figura Kurumi Tokisaki (Zafkiel) \u2013 AMP+ \u2013 Date A Live IV - Akatsuki anime store","description":"Figura 20cm de Kurumi Tokisaki AMP+ Zafkiel de Date A Live IV. Cuenta con eetalles premium y pose ic\u00f3nica para coleccionistas.","robots":{"index":"index","follow":"follow","max-snippet":"max-snippet:-1","max-image-preview":"max-image-preview:large","max-video-preview":"max-video-preview:-1"},"canonical":"https:\/\/akatsukianime.com\/en\/product\/figura-kurumi-tokisaki-zafkiel-amp-date-a-live-iv\/","og_locale":"en_US","og_type":"article","og_title":"Figura Kurumi Tokisaki (Zafkiel) \u2013 AMP+ \u2013 Date A Live IV - Akatsuki anime store","og_description":"Figura 20cm de Kurumi Tokisaki AMP+ Zafkiel de Date A Live IV. Cuenta con eetalles premium y pose ic\u00f3nica para coleccionistas.","og_url":"https:\/\/akatsukianime.com\/en\/product\/figura-kurumi-tokisaki-zafkiel-amp-date-a-live-iv\/","og_site_name":"Akatsuki anime store","og_image":[{"width":1000,"height":1000,"url":"https:\/\/akatsukianime.com\/wp-content\/uploads\/2026\/01\/figura-Kurumi-Tokisaki-AMP.jpg","type":"image\/jpeg"}],"twitter_card":"summary_large_image","twitter_misc":{"Est. reading time":"1 minute"},"schema":{"@context":"https:\/\/schema.org","@graph":[{"@type":["WebPage","ItemPage"],"@id":"https:\/\/akatsukianime.com\/product\/figura-kurumi-tokisaki-zafkiel-amp-date-a-live-iv\/","url":"https:\/\/akatsukianime.com\/product\/figura-kurumi-tokisaki-zafkiel-amp-date-a-live-iv\/","name":"Figura Kurumi Tokisaki (Zafkiel) \u2013 AMP+ \u2013 Date A Live IV - Akatsuki anime store","isPartOf":{"@id":"https:\/\/akatsukianime.com\/#website"},"primaryImageOfPage":{"@id":"https:\/\/akatsukianime.com\/product\/figura-kurumi-tokisaki-zafkiel-amp-date-a-live-iv\/#primaryimage"},"image":{"@id":"https:\/\/akatsukianime.com\/product\/figura-kurumi-tokisaki-zafkiel-amp-date-a-live-iv\/#primaryimage"},"thumbnailUrl":"https:\/\/akatsukianime.com\/wp-content\/uploads\/2026\/01\/figura-Kurumi-Tokisaki-AMP.jpg","datePublished":"2026-01-29T16:41:15+00:00","dateModified":"2026-01-29T16:41:15+00:00","description":"Figura 20cm de Kurumi Tokisaki AMP+ Zafkiel de Date A Live IV. Cuenta con eetalles premium y pose ic\u00f3nica para coleccionistas.","breadcrumb":{"@id":"https:\/\/akatsukianime.com\/product\/figura-kurumi-tokisaki-zafkiel-amp-date-a-live-iv\/#breadcrumb"},"inLanguage":"en-US","potentialAction":[{"@type":"ReadAction","target":["https:\/\/akatsukianime.com\/product\/figura-kurumi-tokisaki-zafkiel-amp-date-a-live-iv\/"]}]},{"@type":"ImageObject","inLanguage":"en-US","@id":"https:\/\/akatsukianime.com\/product\/figura-kurumi-tokisaki-zafkiel-amp-date-a-live-iv\/#primaryimage","url":"https:\/\/akatsukianime.com\/wp-content\/uploads\/2026\/01\/figura-Kurumi-Tokisaki-AMP.jpg","contentUrl":"https:\/\/akatsukianime.com\/wp-content\/uploads\/2026\/01\/figura-Kurumi-Tokisaki-AMP.jpg","width":1000,"height":1000,"caption":"840342403400"},{"@type":"BreadcrumbList","@id":"https:\/\/akatsukianime.com\/product\/figura-kurumi-tokisaki-zafkiel-amp-date-a-live-iv\/#breadcrumb","itemListElement":[{"@type":"ListItem","position":1,"name":"Portada","item":"https:\/\/akatsukianime.com\/"},{"@type":"ListItem","position":2,"name":"Tienda","item":"https:\/\/akatsukianime.com\/tienda\/"},{"@type":"ListItem","position":3,"name":"Figura Kurumi Tokisaki (Zafkiel) \u2013 AMP+ \u2013 Date A Live IV"}]},{"@type":"WebSite","@id":"https:\/\/akatsukianime.com\/#website","url":"https:\/\/akatsukianime.com\/","name":"Akatsuki anime store","description":"","potentialAction":[{"@type":"SearchAction","target":{"@type":"EntryPoint","urlTemplate":"https:\/\/akatsukianime.com\/?s={search_term_string}"},"query-input":{"@type":"PropertyValueSpecification","valueRequired":true,"valueName":"search_term_string"}}],"inLanguage":"en-US"}]}},"jetpack_sharing_enabled":true,"_links":{"self":[{"href":"https:\/\/akatsukianime.com\/en\/wp-json\/wp\/v2\/product\/7388","targetHints":{"allow":["GET"]}}],"collection":[{"href":"https:\/\/akatsukianime.com\/en\/wp-json\/wp\/v2\/product"}],"about":[{"href":"https:\/\/akatsukianime.com\/en\/wp-json\/wp\/v2\/types\/product"}],"version-history":[{"count":1,"href":"https:\/\/akatsukianime.com\/en\/wp-json\/wp\/v2\/product\/7388\/revisions"}],"predecessor-version":[{"id":7402,"href":"https:\/\/akatsukianime.com\/en\/wp-json\/wp\/v2\/product\/7388\/revisions\/7402"}],"wp:featuredmedia":[{"embeddable":true,"href":"https:\/\/akatsukianime.com\/en\/wp-json\/wp\/v2\/media\/7389"}],"wp:attachment":[{"href":"https:\/\/akatsukianime.com\/en\/wp-json\/wp\/v2\/media?parent=7388"}],"wp:term":[{"taxonomy":"product_cat","embeddable":true,"href":"https:\/\/akatsukianime.com\/en\/wp-json\/wp\/v2\/product_cat?post=7388"},{"taxonomy":"product_tag","embeddable":true,"href":"https:\/\/akatsukianime.com\/en\/wp-json\/wp\/v2\/product_tag?post=7388"}],"curies":[{"name":"wp","href":"https:\/\/api.w.org\/{rel}","templated":true}]}}