{"id":7403,"date":"2026-01-29T17:55:17","date_gmt":"2026-01-29T16:55:17","guid":{"rendered":"https:\/\/akatsukianime.com\/?post_type=product&#038;p=7403"},"modified":"2026-01-29T17:55:17","modified_gmt":"2026-01-29T16:55:17","slug":"figura-king-cold-exclusive-s-h-figuarts-dragon-ball-z","status":"publish","type":"product","link":"https:\/\/akatsukianime.com\/en\/product\/figura-king-cold-exclusive-s-h-figuarts-dragon-ball-z\/","title":{"rendered":"Figura King Cold Exclusive &#8211; S.H.Figuarts &#8211; Dragon Ball Z"},"content":{"rendered":"<h2 data-start=\"179\" data-end=\"219\">\ud83d\udce6 Descripci\u00f3n del producto (Espa\u00f1ol)<\/h2>\n<p data-start=\"221\" data-end=\"539\">Desde el legendario anime <strong data-start=\"247\" data-end=\"264\">Dragon Ball Z<\/strong>, llega una nueva e imponente incorporaci\u00f3n a la aclamada l\u00ednea <strong data-start=\"328\" data-end=\"344\">SHFiguarts<\/strong> of <strong data-start=\"348\" data-end=\"358\">Bandai<\/strong>: el padre de <strong data-start=\"372\" data-end=\"383\">Freezer<\/strong> and <strong data-start=\"386\" data-end=\"396\">Cooler<\/strong>, el diab\u00f3lico <strong data-start=\"411\" data-end=\"424\">King Cold<\/strong>. Con una altura superior a <strong data-start=\"452\" data-end=\"461\">22 cm<\/strong>, esta figura destaca por su presencia dominante y su acabado de alta calidad.<\/p>\n<p data-start=\"541\" data-end=\"860\">Equipada con <strong data-start=\"554\" data-end=\"578\">articulaci\u00f3n premium<\/strong> y una amplia variedad de accesorios, esta figura te permite recrear escenas memorables del anime o dar vida a tus propias batallas \u00e9picas. \u00bfTe unir\u00e1s a los Guerreros Z para intentar detener al temible King Cold? Una pieza imprescindible para cualquier colecci\u00f3n de <em data-start=\"844\" data-end=\"859\">Dragon Ball Z<\/em>.<\/p>\n<hr data-start=\"862\" data-end=\"865\" \/>\n<h2 data-start=\"867\" data-end=\"900\">\u2b50 Caracter\u00edsticas del producto<\/h2>\n<ul data-start=\"901\" data-end=\"1071\">\n<li data-start=\"901\" data-end=\"931\">\n<p data-start=\"903\" data-end=\"931\">Approximate height: <strong data-start=\"922\" data-end=\"931\">22 cm<\/strong><\/p>\n<\/li>\n<li data-start=\"932\" data-end=\"957\">\n<p data-start=\"934\" data-end=\"957\">Material: <strong data-start=\"944\" data-end=\"957\">ABS and PVC<\/strong><\/p>\n<\/li>\n<li data-start=\"958\" data-end=\"996\">\n<p data-start=\"960\" data-end=\"996\">Based on the anime <strong data-start=\"979\" data-end=\"996\">Dragon Ball Z<\/strong><\/p>\n<\/li>\n<li data-start=\"997\" data-end=\"1033\">\n<p data-start=\"999\" data-end=\"1033\">Part of the series <strong data-start=\"1017\" data-end=\"1033\">SHFiguarts<\/strong><\/p>\n<\/li>\n<li data-start=\"1034\" data-end=\"1071\">\n<p data-start=\"1036\" data-end=\"1071\">Cuenta con <strong data-start=\"1047\" data-end=\"1071\">articulaci\u00f3n premium<\/strong><\/p>\n<\/li>\n<\/ul>\n<hr data-start=\"1073\" data-end=\"1076\" \/>\n<h2 data-start=\"1078\" data-end=\"1104\">\ud83d\udce6 Box contents<\/h2>\n<ul data-start=\"1105\" data-end=\"1373\">\n<li data-start=\"1105\" data-end=\"1130\">\n<p data-start=\"1107\" data-end=\"1130\">Figure of <strong data-start=\"1117\" data-end=\"1130\">King Cold<\/strong><\/p>\n<\/li>\n<li data-start=\"1131\" data-end=\"1242\">\n<p data-start=\"1133\" data-end=\"1163\">3 expresiones intercambiables:<\/p>\n<ul data-start=\"1166\" data-end=\"1242\">\n<li data-start=\"1166\" data-end=\"1185\">\n<p data-start=\"1168\" data-end=\"1185\">Screaming Face<\/p>\n<\/li>\n<li data-start=\"1188\" data-end=\"1209\">\n<p data-start=\"1190\" data-end=\"1209\">Rostro de tensi\u00f3n<\/p>\n<\/li>\n<li data-start=\"1212\" data-end=\"1242\">\n<p data-start=\"1214\" data-end=\"1242\">Rostro con sonrisa maliciosa<\/p>\n<\/li>\n<\/ul>\n<\/li>\n<li data-start=\"1243\" data-end=\"1277\">\n<p data-start=\"1245\" data-end=\"1277\">3 pairs of interchangeable hands<\/p>\n<\/li>\n<li data-start=\"1278\" data-end=\"1301\">\n<p data-start=\"1280\" data-end=\"1301\">Cabeza intercambiable<\/p>\n<\/li>\n<li data-start=\"1302\" data-end=\"1321\">\n<p data-start=\"1304\" data-end=\"1321\">Brazos opcionales<\/p>\n<\/li>\n<li data-start=\"1322\" data-end=\"1344\">\n<p data-start=\"1324\" data-end=\"1344\"><strong data-start=\"1324\" data-end=\"1344\">Espada de Trunks<\/strong><\/p>\n<\/li>\n<li data-start=\"1345\" data-end=\"1361\">\n<p data-start=\"1347\" data-end=\"1361\">Partes de capa<\/p>\n<\/li>\n<li data-start=\"1362\" data-end=\"1373\">\n<p data-start=\"1364\" data-end=\"1373\"><strong data-start=\"1364\" data-end=\"1373\">Silla<\/strong><\/p>\n<\/li>\n<\/ul>","protected":false},"excerpt":{"rendered":"<p>\ud83d\udce6 Descripci\u00f3n del producto (Espa\u00f1ol) Desde el legendario anime Dragon Ball Z, llega una nueva e imponente incorporaci\u00f3n a la<\/p>","protected":false},"featured_media":7404,"template":"","meta":[],"product_cat":[275,91,65,62,44],"product_tag":[162,337,462,360,85],"class_list":{"0":"post-7403","1":"product","2":"type-product","3":"status-publish","4":"has-post-thumbnail","6":"product_cat-s-h-figuarts","7":"product_cat-tamashii-nations","8":"product_cat-figuras","9":"product_cat-ofertas","10":"product_cat-dragon-ball","11":"product_tag-dragonball-z","12":"product_tag-figura","13":"product_tag-king-cold","14":"product_tag-s-h-figuarts","15":"product_tag-tamashii-nations","17":"first","18":"instock","19":"sale","20":"taxable","21":"shipping-taxable","22":"purchasable","23":"product-type-simple"},"yoast_head":"<!-- This site is optimized with the Yoast SEO plugin v24.2 - https:\/\/yoast.com\/wordpress\/plugins\/seo\/ -->\n<title>Figura King Cold Exclusive - S.H.Figuarts - Dragon Ball Z - Akatsuki anime store<\/title>\n<meta name=\"description\" content=\"Figura exclusiva de King Cold S.H.Figuarts Dragon Ball Z con accesorios y articulaci\u00f3n premium. Imprescindible para coleccionistas.\" \/>\n<meta name=\"robots\" content=\"index, follow, max-snippet:-1, max-image-preview:large, max-video-preview:-1\" \/>\n<link rel=\"canonical\" href=\"https:\/\/akatsukianime.com\/en\/product\/figura-king-cold-exclusive-s-h-figuarts-dragon-ball-z\/\" \/>\n<meta property=\"og:locale\" content=\"en_US\" \/>\n<meta property=\"og:type\" content=\"article\" \/>\n<meta property=\"og:title\" content=\"Figura King Cold Exclusive - S.H.Figuarts - Dragon Ball Z - Akatsuki anime store\" \/>\n<meta property=\"og:description\" content=\"Figura exclusiva de King Cold S.H.Figuarts Dragon Ball Z con accesorios y articulaci\u00f3n premium. Imprescindible para coleccionistas.\" \/>\n<meta property=\"og:url\" content=\"https:\/\/akatsukianime.com\/en\/product\/figura-king-cold-exclusive-s-h-figuarts-dragon-ball-z\/\" \/>\n<meta property=\"og:site_name\" content=\"Akatsuki anime store\" \/>\n<meta property=\"og:image\" content=\"https:\/\/akatsukianime.com\/wp-content\/uploads\/2026\/01\/figura-King-Cold-S.H.Figuarts.jpg\" \/>\n\t<meta property=\"og:image:width\" content=\"1000\" \/>\n\t<meta property=\"og:image:height\" content=\"1000\" \/>\n\t<meta property=\"og:image:type\" content=\"image\/jpeg\" \/>\n<meta name=\"twitter:card\" content=\"summary_large_image\" \/>\n<meta name=\"twitter:label1\" content=\"Est. reading time\" \/>\n\t<meta name=\"twitter:data1\" content=\"1 minute\" \/>\n<script type=\"application\/ld+json\" class=\"yoast-schema-graph\">{\"@context\":\"https:\/\/schema.org\",\"@graph\":[{\"@type\":[\"WebPage\",\"ItemPage\"],\"@id\":\"https:\/\/akatsukianime.com\/product\/figura-king-cold-exclusive-s-h-figuarts-dragon-ball-z\/\",\"url\":\"https:\/\/akatsukianime.com\/product\/figura-king-cold-exclusive-s-h-figuarts-dragon-ball-z\/\",\"name\":\"Figura King Cold Exclusive - S.H.Figuarts - Dragon Ball Z - Akatsuki anime store\",\"isPartOf\":{\"@id\":\"https:\/\/akatsukianime.com\/#website\"},\"primaryImageOfPage\":{\"@id\":\"https:\/\/akatsukianime.com\/product\/figura-king-cold-exclusive-s-h-figuarts-dragon-ball-z\/#primaryimage\"},\"image\":{\"@id\":\"https:\/\/akatsukianime.com\/product\/figura-king-cold-exclusive-s-h-figuarts-dragon-ball-z\/#primaryimage\"},\"thumbnailUrl\":\"https:\/\/akatsukianime.com\/wp-content\/uploads\/2026\/01\/figura-King-Cold-S.H.Figuarts.jpg\",\"datePublished\":\"2026-01-29T16:55:17+00:00\",\"dateModified\":\"2026-01-29T16:55:17+00:00\",\"description\":\"Figura exclusiva de King Cold S.H.Figuarts Dragon Ball Z con accesorios y articulaci\u00f3n premium. Imprescindible para coleccionistas.\",\"breadcrumb\":{\"@id\":\"https:\/\/akatsukianime.com\/product\/figura-king-cold-exclusive-s-h-figuarts-dragon-ball-z\/#breadcrumb\"},\"inLanguage\":\"en-US\",\"potentialAction\":[{\"@type\":\"ReadAction\",\"target\":[\"https:\/\/akatsukianime.com\/product\/figura-king-cold-exclusive-s-h-figuarts-dragon-ball-z\/\"]}]},{\"@type\":\"ImageObject\",\"inLanguage\":\"en-US\",\"@id\":\"https:\/\/akatsukianime.com\/product\/figura-king-cold-exclusive-s-h-figuarts-dragon-ball-z\/#primaryimage\",\"url\":\"https:\/\/akatsukianime.com\/wp-content\/uploads\/2026\/01\/figura-King-Cold-S.H.Figuarts.jpg\",\"contentUrl\":\"https:\/\/akatsukianime.com\/wp-content\/uploads\/2026\/01\/figura-King-Cold-S.H.Figuarts.jpg\",\"width\":1000,\"height\":1000,\"caption\":\"figura King Cold S.H.Figuarts\"},{\"@type\":\"BreadcrumbList\",\"@id\":\"https:\/\/akatsukianime.com\/product\/figura-king-cold-exclusive-s-h-figuarts-dragon-ball-z\/#breadcrumb\",\"itemListElement\":[{\"@type\":\"ListItem\",\"position\":1,\"name\":\"Portada\",\"item\":\"https:\/\/akatsukianime.com\/\"},{\"@type\":\"ListItem\",\"position\":2,\"name\":\"Tienda\",\"item\":\"https:\/\/akatsukianime.com\/tienda\/\"},{\"@type\":\"ListItem\",\"position\":3,\"name\":\"Figura King Cold Exclusive &#8211; S.H.Figuarts &#8211; Dragon Ball Z\"}]},{\"@type\":\"WebSite\",\"@id\":\"https:\/\/akatsukianime.com\/#website\",\"url\":\"https:\/\/akatsukianime.com\/\",\"name\":\"Akatsuki anime store\",\"description\":\"\",\"potentialAction\":[{\"@type\":\"SearchAction\",\"target\":{\"@type\":\"EntryPoint\",\"urlTemplate\":\"https:\/\/akatsukianime.com\/?s={search_term_string}\"},\"query-input\":{\"@type\":\"PropertyValueSpecification\",\"valueRequired\":true,\"valueName\":\"search_term_string\"}}],\"inLanguage\":\"en-US\"}]}<\/script>\n<!-- \/ Yoast SEO plugin. -->","yoast_head_json":{"title":"Figura King Cold Exclusive - S.H.Figuarts - Dragon Ball Z - Akatsuki anime store","description":"Figura exclusiva de King Cold S.H.Figuarts Dragon Ball Z con accesorios y articulaci\u00f3n premium. Imprescindible para coleccionistas.","robots":{"index":"index","follow":"follow","max-snippet":"max-snippet:-1","max-image-preview":"max-image-preview:large","max-video-preview":"max-video-preview:-1"},"canonical":"https:\/\/akatsukianime.com\/en\/product\/figura-king-cold-exclusive-s-h-figuarts-dragon-ball-z\/","og_locale":"en_US","og_type":"article","og_title":"Figura King Cold Exclusive - S.H.Figuarts - Dragon Ball Z - Akatsuki anime store","og_description":"Figura exclusiva de King Cold S.H.Figuarts Dragon Ball Z con accesorios y articulaci\u00f3n premium. Imprescindible para coleccionistas.","og_url":"https:\/\/akatsukianime.com\/en\/product\/figura-king-cold-exclusive-s-h-figuarts-dragon-ball-z\/","og_site_name":"Akatsuki anime store","og_image":[{"width":1000,"height":1000,"url":"https:\/\/akatsukianime.com\/wp-content\/uploads\/2026\/01\/figura-King-Cold-S.H.Figuarts.jpg","type":"image\/jpeg"}],"twitter_card":"summary_large_image","twitter_misc":{"Est. reading time":"1 minute"},"schema":{"@context":"https:\/\/schema.org","@graph":[{"@type":["WebPage","ItemPage"],"@id":"https:\/\/akatsukianime.com\/product\/figura-king-cold-exclusive-s-h-figuarts-dragon-ball-z\/","url":"https:\/\/akatsukianime.com\/product\/figura-king-cold-exclusive-s-h-figuarts-dragon-ball-z\/","name":"Figura King Cold Exclusive - S.H.Figuarts - Dragon Ball Z - Akatsuki anime store","isPartOf":{"@id":"https:\/\/akatsukianime.com\/#website"},"primaryImageOfPage":{"@id":"https:\/\/akatsukianime.com\/product\/figura-king-cold-exclusive-s-h-figuarts-dragon-ball-z\/#primaryimage"},"image":{"@id":"https:\/\/akatsukianime.com\/product\/figura-king-cold-exclusive-s-h-figuarts-dragon-ball-z\/#primaryimage"},"thumbnailUrl":"https:\/\/akatsukianime.com\/wp-content\/uploads\/2026\/01\/figura-King-Cold-S.H.Figuarts.jpg","datePublished":"2026-01-29T16:55:17+00:00","dateModified":"2026-01-29T16:55:17+00:00","description":"Figura exclusiva de King Cold S.H.Figuarts Dragon Ball Z con accesorios y articulaci\u00f3n premium. Imprescindible para coleccionistas.","breadcrumb":{"@id":"https:\/\/akatsukianime.com\/product\/figura-king-cold-exclusive-s-h-figuarts-dragon-ball-z\/#breadcrumb"},"inLanguage":"en-US","potentialAction":[{"@type":"ReadAction","target":["https:\/\/akatsukianime.com\/product\/figura-king-cold-exclusive-s-h-figuarts-dragon-ball-z\/"]}]},{"@type":"ImageObject","inLanguage":"en-US","@id":"https:\/\/akatsukianime.com\/product\/figura-king-cold-exclusive-s-h-figuarts-dragon-ball-z\/#primaryimage","url":"https:\/\/akatsukianime.com\/wp-content\/uploads\/2026\/01\/figura-King-Cold-S.H.Figuarts.jpg","contentUrl":"https:\/\/akatsukianime.com\/wp-content\/uploads\/2026\/01\/figura-King-Cold-S.H.Figuarts.jpg","width":1000,"height":1000,"caption":"figura King Cold S.H.Figuarts"},{"@type":"BreadcrumbList","@id":"https:\/\/akatsukianime.com\/product\/figura-king-cold-exclusive-s-h-figuarts-dragon-ball-z\/#breadcrumb","itemListElement":[{"@type":"ListItem","position":1,"name":"Portada","item":"https:\/\/akatsukianime.com\/"},{"@type":"ListItem","position":2,"name":"Tienda","item":"https:\/\/akatsukianime.com\/tienda\/"},{"@type":"ListItem","position":3,"name":"Figura King Cold Exclusive &#8211; S.H.Figuarts &#8211; Dragon Ball Z"}]},{"@type":"WebSite","@id":"https:\/\/akatsukianime.com\/#website","url":"https:\/\/akatsukianime.com\/","name":"Akatsuki anime store","description":"","potentialAction":[{"@type":"SearchAction","target":{"@type":"EntryPoint","urlTemplate":"https:\/\/akatsukianime.com\/?s={search_term_string}"},"query-input":{"@type":"PropertyValueSpecification","valueRequired":true,"valueName":"search_term_string"}}],"inLanguage":"en-US"}]}},"jetpack_sharing_enabled":true,"_links":{"self":[{"href":"https:\/\/akatsukianime.com\/en\/wp-json\/wp\/v2\/product\/7403","targetHints":{"allow":["GET"]}}],"collection":[{"href":"https:\/\/akatsukianime.com\/en\/wp-json\/wp\/v2\/product"}],"about":[{"href":"https:\/\/akatsukianime.com\/en\/wp-json\/wp\/v2\/types\/product"}],"version-history":[{"count":1,"href":"https:\/\/akatsukianime.com\/en\/wp-json\/wp\/v2\/product\/7403\/revisions"}],"predecessor-version":[{"id":7410,"href":"https:\/\/akatsukianime.com\/en\/wp-json\/wp\/v2\/product\/7403\/revisions\/7410"}],"wp:featuredmedia":[{"embeddable":true,"href":"https:\/\/akatsukianime.com\/en\/wp-json\/wp\/v2\/media\/7404"}],"wp:attachment":[{"href":"https:\/\/akatsukianime.com\/en\/wp-json\/wp\/v2\/media?parent=7403"}],"wp:term":[{"taxonomy":"product_cat","embeddable":true,"href":"https:\/\/akatsukianime.com\/en\/wp-json\/wp\/v2\/product_cat?post=7403"},{"taxonomy":"product_tag","embeddable":true,"href":"https:\/\/akatsukianime.com\/en\/wp-json\/wp\/v2\/product_tag?post=7403"}],"curies":[{"name":"wp","href":"https:\/\/api.w.org\/{rel}","templated":true}]}}