{"id":7436,"date":"2026-01-30T16:33:48","date_gmt":"2026-01-30T15:33:48","guid":{"rendered":"https:\/\/akatsukianime.com\/?post_type=product&#038;p=7436"},"modified":"2026-04-30T13:29:27","modified_gmt":"2026-04-30T11:29:27","slug":"figura-chun-li-street-fighter-6-premium-perching-figure","status":"publish","type":"product","link":"https:\/\/akatsukianime.com\/en\/product\/figura-chun-li-street-fighter-6-premium-perching-figure\/","title":{"rendered":"Figura Chun-Li Street Fighter 6 Premium Perching Figure"},"content":{"rendered":"<h2 data-start=\"207\" data-end=\"247\">\ud83d\udce6 Descripci\u00f3n del producto<\/h2>\n<p data-start=\"249\" data-end=\"488\">The line <strong data-start=\"258\" data-end=\"285\">Premium Perching Figure<\/strong> of <strong data-start=\"289\" data-end=\"297\">SEGA<\/strong> presenta una amplia variedad de personajes de distintos universos, dise\u00f1ados para \u201cposarse\u201d en estanter\u00edas, repisas y bordes, generalmente en una elegante pose sentada ideal para exhibici\u00f3n.<\/p>\n<p data-start=\"490\" data-end=\"789\">En esta ocasi\u00f3n, <strong data-start=\"507\" data-end=\"518\">Chun-Li<\/strong>, del videojuego <strong data-start=\"535\" data-end=\"555\">Street Fighter 6<\/strong>, llega como una destacada incorporaci\u00f3n a la serie <strong data-start=\"607\" data-end=\"622\">PM Perching<\/strong>. Esta figura ha sido esculpida con gran fidelidad al dise\u00f1o original del personaje, capturando a la perfecci\u00f3n su estilo, fuerza y carisma tal como se ve en el juego.<\/p>\n<h2 data-start=\"796\" data-end=\"829\">\u2b50 Caracter\u00edsticas del producto<\/h2>\n<ul data-start=\"830\" data-end=\"1007\">\n<li data-start=\"830\" data-end=\"860\">\n<p data-start=\"832\" data-end=\"860\">Approximate height: <strong data-start=\"851\" data-end=\"860\">14 cm<\/strong><\/p>\n<\/li>\n<li data-start=\"861\" data-end=\"885\">\n<p data-start=\"863\" data-end=\"885\">Material: <strong data-start=\"873\" data-end=\"885\">Pl\u00e1stico<\/strong><\/p>\n<\/li>\n<li data-start=\"886\" data-end=\"932\">\n<p data-start=\"888\" data-end=\"932\">Based on the video game <strong data-start=\"912\" data-end=\"932\">Street Fighter 6<\/strong><\/p>\n<\/li>\n<li data-start=\"933\" data-end=\"980\">\n<p data-start=\"935\" data-end=\"980\">Part of the series <strong data-start=\"953\" data-end=\"980\">Premium Perching Figure<\/strong><\/p>\n<\/li>\n<li data-start=\"981\" data-end=\"1007\">\n<p data-start=\"983\" data-end=\"1007\">Figure <strong data-start=\"990\" data-end=\"1007\">no articulada<\/strong><\/p>\n<\/li>\n<\/ul>\n<h2 data-start=\"1014\" data-end=\"1040\">\ud83d\udce6 Box contents<\/h2>\n<ul data-start=\"1041\" data-end=\"1064\">\n<li data-start=\"1041\" data-end=\"1064\">\n<p data-start=\"1043\" data-end=\"1064\">Figure of <strong data-start=\"1053\" data-end=\"1064\">Chun-Li<\/strong><\/p>\n<\/li>\n<\/ul>","protected":false},"excerpt":{"rendered":"<p>\ud83d\udce6 Descripci\u00f3n del producto La l\u00ednea Premium Perching Figure de SEGA presenta una amplia variedad de personajes de distintos universos,<\/p>","protected":false},"featured_media":7437,"template":"","meta":[],"product_cat":[101,65,61,60],"product_tag":[470,337,465,468,171,469],"class_list":{"0":"post-7436","1":"product","2":"type-product","3":"status-publish","4":"has-post-thumbnail","6":"product_cat-elige-sega-goods-sega-goods","7":"product_cat-figuras","8":"product_cat-novedades","9":"product_cat-otros","10":"product_tag-chun-li","11":"product_tag-figura","12":"product_tag-game","13":"product_tag-pm-perching","14":"product_tag-sega","15":"product_tag-street-fighter","17":"first","18":"instock","19":"sold-individually","20":"taxable","21":"shipping-taxable","22":"purchasable","23":"product-type-simple"},"yoast_head":"<!-- This site is optimized with the Yoast SEO plugin v24.2 - https:\/\/yoast.com\/wordpress\/plugins\/seo\/ -->\n<title>Figura Chun-Li Street Fighter 6 Premium Perching Figure - Akatsuki anime store<\/title>\n<meta name=\"description\" content=\"Figura de la ic\u00f3nica personaje Chun-Li PM Perching de Street Fighter 6 por SEGA. Dise\u00f1o fiel y pose sentada ideal para exhibici\u00f3n.\" \/>\n<meta name=\"robots\" content=\"index, follow, max-snippet:-1, max-image-preview:large, max-video-preview:-1\" \/>\n<link rel=\"canonical\" href=\"https:\/\/akatsukianime.com\/en\/product\/figura-chun-li-street-fighter-6-premium-perching-figure\/\" \/>\n<meta property=\"og:locale\" content=\"en_US\" \/>\n<meta property=\"og:type\" content=\"article\" \/>\n<meta property=\"og:title\" content=\"Figura Chun-Li Street Fighter 6 Premium Perching Figure - Akatsuki anime store\" \/>\n<meta property=\"og:description\" content=\"Figura de la ic\u00f3nica personaje Chun-Li PM Perching de Street Fighter 6 por SEGA. Dise\u00f1o fiel y pose sentada ideal para exhibici\u00f3n.\" \/>\n<meta property=\"og:url\" content=\"https:\/\/akatsukianime.com\/en\/product\/figura-chun-li-street-fighter-6-premium-perching-figure\/\" \/>\n<meta property=\"og:site_name\" content=\"Akatsuki anime store\" \/>\n<meta property=\"article:modified_time\" content=\"2026-04-30T11:29:27+00:00\" \/>\n<meta property=\"og:image\" content=\"https:\/\/akatsukianime.com\/wp-content\/uploads\/2026\/01\/figura-Chun-Li-Street-Fighter.jpg\" \/>\n\t<meta property=\"og:image:width\" content=\"1000\" \/>\n\t<meta property=\"og:image:height\" content=\"1000\" \/>\n\t<meta property=\"og:image:type\" content=\"image\/jpeg\" \/>\n<meta name=\"twitter:card\" content=\"summary_large_image\" \/>\n<meta name=\"twitter:label1\" content=\"Est. reading time\" \/>\n\t<meta name=\"twitter:data1\" content=\"1 minute\" \/>\n<script type=\"application\/ld+json\" class=\"yoast-schema-graph\">{\"@context\":\"https:\/\/schema.org\",\"@graph\":[{\"@type\":[\"WebPage\",\"ItemPage\"],\"@id\":\"https:\/\/akatsukianime.com\/product\/figura-chun-li-street-fighter-6-premium-perching-figure\/\",\"url\":\"https:\/\/akatsukianime.com\/product\/figura-chun-li-street-fighter-6-premium-perching-figure\/\",\"name\":\"Figura Chun-Li Street Fighter 6 Premium Perching Figure - Akatsuki anime store\",\"isPartOf\":{\"@id\":\"https:\/\/akatsukianime.com\/#website\"},\"primaryImageOfPage\":{\"@id\":\"https:\/\/akatsukianime.com\/product\/figura-chun-li-street-fighter-6-premium-perching-figure\/#primaryimage\"},\"image\":{\"@id\":\"https:\/\/akatsukianime.com\/product\/figura-chun-li-street-fighter-6-premium-perching-figure\/#primaryimage\"},\"thumbnailUrl\":\"https:\/\/akatsukianime.com\/wp-content\/uploads\/2026\/01\/figura-Chun-Li-Street-Fighter.jpg\",\"datePublished\":\"2026-01-30T15:33:48+00:00\",\"dateModified\":\"2026-04-30T11:29:27+00:00\",\"description\":\"Figura de la ic\u00f3nica personaje Chun-Li PM Perching de Street Fighter 6 por SEGA. Dise\u00f1o fiel y pose sentada ideal para exhibici\u00f3n.\",\"breadcrumb\":{\"@id\":\"https:\/\/akatsukianime.com\/product\/figura-chun-li-street-fighter-6-premium-perching-figure\/#breadcrumb\"},\"inLanguage\":\"en-US\",\"potentialAction\":[{\"@type\":\"ReadAction\",\"target\":[\"https:\/\/akatsukianime.com\/product\/figura-chun-li-street-fighter-6-premium-perching-figure\/\"]}]},{\"@type\":\"ImageObject\",\"inLanguage\":\"en-US\",\"@id\":\"https:\/\/akatsukianime.com\/product\/figura-chun-li-street-fighter-6-premium-perching-figure\/#primaryimage\",\"url\":\"https:\/\/akatsukianime.com\/wp-content\/uploads\/2026\/01\/figura-Chun-Li-Street-Fighter.jpg\",\"contentUrl\":\"https:\/\/akatsukianime.com\/wp-content\/uploads\/2026\/01\/figura-Chun-Li-Street-Fighter.jpg\",\"width\":1000,\"height\":1000,\"caption\":\"figura Chun-Li Street Fighter\"},{\"@type\":\"BreadcrumbList\",\"@id\":\"https:\/\/akatsukianime.com\/product\/figura-chun-li-street-fighter-6-premium-perching-figure\/#breadcrumb\",\"itemListElement\":[{\"@type\":\"ListItem\",\"position\":1,\"name\":\"Portada\",\"item\":\"https:\/\/akatsukianime.com\/\"},{\"@type\":\"ListItem\",\"position\":2,\"name\":\"Tienda\",\"item\":\"https:\/\/akatsukianime.com\/tienda\/\"},{\"@type\":\"ListItem\",\"position\":3,\"name\":\"Figura Chun-Li Street Fighter 6 Premium Perching Figure\"}]},{\"@type\":\"WebSite\",\"@id\":\"https:\/\/akatsukianime.com\/#website\",\"url\":\"https:\/\/akatsukianime.com\/\",\"name\":\"Akatsuki anime store\",\"description\":\"\",\"potentialAction\":[{\"@type\":\"SearchAction\",\"target\":{\"@type\":\"EntryPoint\",\"urlTemplate\":\"https:\/\/akatsukianime.com\/?s={search_term_string}\"},\"query-input\":{\"@type\":\"PropertyValueSpecification\",\"valueRequired\":true,\"valueName\":\"search_term_string\"}}],\"inLanguage\":\"en-US\"}]}<\/script>\n<!-- \/ Yoast SEO plugin. -->","yoast_head_json":{"title":"Figura Chun-Li Street Fighter 6 Premium Perching Figure - Akatsuki anime store","description":"Figura de la ic\u00f3nica personaje Chun-Li PM Perching de Street Fighter 6 por SEGA. Dise\u00f1o fiel y pose sentada ideal para exhibici\u00f3n.","robots":{"index":"index","follow":"follow","max-snippet":"max-snippet:-1","max-image-preview":"max-image-preview:large","max-video-preview":"max-video-preview:-1"},"canonical":"https:\/\/akatsukianime.com\/en\/product\/figura-chun-li-street-fighter-6-premium-perching-figure\/","og_locale":"en_US","og_type":"article","og_title":"Figura Chun-Li Street Fighter 6 Premium Perching Figure - Akatsuki anime store","og_description":"Figura de la ic\u00f3nica personaje Chun-Li PM Perching de Street Fighter 6 por SEGA. Dise\u00f1o fiel y pose sentada ideal para exhibici\u00f3n.","og_url":"https:\/\/akatsukianime.com\/en\/product\/figura-chun-li-street-fighter-6-premium-perching-figure\/","og_site_name":"Akatsuki anime store","article_modified_time":"2026-04-30T11:29:27+00:00","og_image":[{"width":1000,"height":1000,"url":"https:\/\/akatsukianime.com\/wp-content\/uploads\/2026\/01\/figura-Chun-Li-Street-Fighter.jpg","type":"image\/jpeg"}],"twitter_card":"summary_large_image","twitter_misc":{"Est. reading time":"1 minute"},"schema":{"@context":"https:\/\/schema.org","@graph":[{"@type":["WebPage","ItemPage"],"@id":"https:\/\/akatsukianime.com\/product\/figura-chun-li-street-fighter-6-premium-perching-figure\/","url":"https:\/\/akatsukianime.com\/product\/figura-chun-li-street-fighter-6-premium-perching-figure\/","name":"Figura Chun-Li Street Fighter 6 Premium Perching Figure - Akatsuki anime store","isPartOf":{"@id":"https:\/\/akatsukianime.com\/#website"},"primaryImageOfPage":{"@id":"https:\/\/akatsukianime.com\/product\/figura-chun-li-street-fighter-6-premium-perching-figure\/#primaryimage"},"image":{"@id":"https:\/\/akatsukianime.com\/product\/figura-chun-li-street-fighter-6-premium-perching-figure\/#primaryimage"},"thumbnailUrl":"https:\/\/akatsukianime.com\/wp-content\/uploads\/2026\/01\/figura-Chun-Li-Street-Fighter.jpg","datePublished":"2026-01-30T15:33:48+00:00","dateModified":"2026-04-30T11:29:27+00:00","description":"Figura de la ic\u00f3nica personaje Chun-Li PM Perching de Street Fighter 6 por SEGA. Dise\u00f1o fiel y pose sentada ideal para exhibici\u00f3n.","breadcrumb":{"@id":"https:\/\/akatsukianime.com\/product\/figura-chun-li-street-fighter-6-premium-perching-figure\/#breadcrumb"},"inLanguage":"en-US","potentialAction":[{"@type":"ReadAction","target":["https:\/\/akatsukianime.com\/product\/figura-chun-li-street-fighter-6-premium-perching-figure\/"]}]},{"@type":"ImageObject","inLanguage":"en-US","@id":"https:\/\/akatsukianime.com\/product\/figura-chun-li-street-fighter-6-premium-perching-figure\/#primaryimage","url":"https:\/\/akatsukianime.com\/wp-content\/uploads\/2026\/01\/figura-Chun-Li-Street-Fighter.jpg","contentUrl":"https:\/\/akatsukianime.com\/wp-content\/uploads\/2026\/01\/figura-Chun-Li-Street-Fighter.jpg","width":1000,"height":1000,"caption":"figura Chun-Li Street Fighter"},{"@type":"BreadcrumbList","@id":"https:\/\/akatsukianime.com\/product\/figura-chun-li-street-fighter-6-premium-perching-figure\/#breadcrumb","itemListElement":[{"@type":"ListItem","position":1,"name":"Portada","item":"https:\/\/akatsukianime.com\/"},{"@type":"ListItem","position":2,"name":"Tienda","item":"https:\/\/akatsukianime.com\/tienda\/"},{"@type":"ListItem","position":3,"name":"Figura Chun-Li Street Fighter 6 Premium Perching Figure"}]},{"@type":"WebSite","@id":"https:\/\/akatsukianime.com\/#website","url":"https:\/\/akatsukianime.com\/","name":"Akatsuki anime store","description":"","potentialAction":[{"@type":"SearchAction","target":{"@type":"EntryPoint","urlTemplate":"https:\/\/akatsukianime.com\/?s={search_term_string}"},"query-input":{"@type":"PropertyValueSpecification","valueRequired":true,"valueName":"search_term_string"}}],"inLanguage":"en-US"}]}},"jetpack_sharing_enabled":true,"_links":{"self":[{"href":"https:\/\/akatsukianime.com\/en\/wp-json\/wp\/v2\/product\/7436","targetHints":{"allow":["GET"]}}],"collection":[{"href":"https:\/\/akatsukianime.com\/en\/wp-json\/wp\/v2\/product"}],"about":[{"href":"https:\/\/akatsukianime.com\/en\/wp-json\/wp\/v2\/types\/product"}],"version-history":[{"count":1,"href":"https:\/\/akatsukianime.com\/en\/wp-json\/wp\/v2\/product\/7436\/revisions"}],"predecessor-version":[{"id":7444,"href":"https:\/\/akatsukianime.com\/en\/wp-json\/wp\/v2\/product\/7436\/revisions\/7444"}],"wp:featuredmedia":[{"embeddable":true,"href":"https:\/\/akatsukianime.com\/en\/wp-json\/wp\/v2\/media\/7437"}],"wp:attachment":[{"href":"https:\/\/akatsukianime.com\/en\/wp-json\/wp\/v2\/media?parent=7436"}],"wp:term":[{"taxonomy":"product_cat","embeddable":true,"href":"https:\/\/akatsukianime.com\/en\/wp-json\/wp\/v2\/product_cat?post=7436"},{"taxonomy":"product_tag","embeddable":true,"href":"https:\/\/akatsukianime.com\/en\/wp-json\/wp\/v2\/product_tag?post=7436"}],"curies":[{"name":"wp","href":"https:\/\/api.w.org\/{rel}","templated":true}]}}