{"id":7453,"date":"2026-01-30T18:34:41","date_gmt":"2026-01-30T17:34:41","guid":{"rendered":"https:\/\/akatsukianime.com\/?post_type=product&#038;p=7453"},"modified":"2026-02-01T18:41:08","modified_gmt":"2026-02-01T17:41:08","slug":"figura-1-7-hu-tao-fragrance-in-thaw-ver-bonus-genshin-im3pact","status":"publish","type":"product","link":"https:\/\/akatsukianime.com\/en\/product\/figura-1-7-hu-tao-fragrance-in-thaw-ver-bonus-genshin-im3pact\/","title":{"rendered":"Figura 1\/7 Hu Tao &#8211; Fragrance in Thaw Ver. (Bonus) &#8211; Genshin Impact"},"content":{"rendered":"<h2 data-start=\"189\" data-end=\"229\">\ud83d\udce6 Descripci\u00f3n del producto<\/h2>\n<p data-start=\"231\" data-end=\"603\">Desde el exitoso videojuego <strong data-start=\"259\" data-end=\"277\">Genshin Impact<\/strong>, llega una nueva e impresionante figura de <strong data-start=\"321\" data-end=\"331\">Hu Tao<\/strong>, la directora de la <strong data-start=\"352\" data-end=\"375\">Funeraria Wangsheng<\/strong> y personaje <strong data-start=\"388\" data-end=\"408\">Pyro 5 estrellas<\/strong>, fabricada por <strong data-start=\"424\" data-end=\"432\">Apex<\/strong>. Esta figura a <strong data-start=\"448\" data-end=\"462\">escala 1\/7<\/strong> muestra a Hu Tao con su ic\u00f3nico atuendo del juego, adoptando una pose din\u00e1mica mientras empu\u00f1a su arma caracter\u00edstica, la <strong data-start=\"585\" data-end=\"602\">Lanza de Homa<\/strong>.<\/p>\n<p data-start=\"605\" data-end=\"1043\">La figura incluye una <strong data-start=\"627\" data-end=\"644\">base tem\u00e1tica<\/strong> con elementos inspirados directamente en el universo del juego, que realzan su presencia visual y la convierten en una pieza ideal para exhibici\u00f3n. Con un nivel de detalle sobresaliente y una imponente altura de <strong data-start=\"857\" data-end=\"866\">27 cm<\/strong>, esta figura es imprescindible para cualquier fan y coleccionista de <em data-start=\"936\" data-end=\"952\">Genshin Impact<\/em>.<br data-start=\"953\" data-end=\"956\" \/>\u00a1No te conviertas en uno de sus \u201cclientes\u201d todav\u00eda y agr\u00e9gala hoy mismo a tu colecci\u00f3n!<\/p>\n<h2 data-start=\"1050\" data-end=\"1083\">\u2b50 Caracter\u00edsticas del producto<\/h2>\n<ul data-start=\"1084\" data-end=\"1257\">\n<li data-start=\"1084\" data-end=\"1114\">\n<p data-start=\"1086\" data-end=\"1114\">Approximate height: <strong data-start=\"1105\" data-end=\"1114\">27 cm<\/strong><\/p>\n<\/li>\n<li data-start=\"1115\" data-end=\"1131\">\n<p data-start=\"1117\" data-end=\"1131\">Scale <strong data-start=\"1124\" data-end=\"1131\">1\/7<\/strong><\/p>\n<\/li>\n<li data-start=\"1132\" data-end=\"1159\">\n<p data-start=\"1134\" data-end=\"1159\">Materiales: <strong data-start=\"1146\" data-end=\"1159\">ABS and PVC<\/strong><\/p>\n<\/li>\n<li data-start=\"1160\" data-end=\"1204\">\n<p data-start=\"1162\" data-end=\"1204\">Based on the video game <strong data-start=\"1186\" data-end=\"1204\">Genshin Impact<\/strong><\/p>\n<\/li>\n<li data-start=\"1205\" data-end=\"1237\">\n<p data-start=\"1207\" data-end=\"1237\">Figure <strong data-start=\"1214\" data-end=\"1237\">altamente detallada<\/strong><\/p>\n<\/li>\n<li data-start=\"1238\" data-end=\"1257\">\n<p data-start=\"1240\" data-end=\"1257\"><strong data-start=\"1240\" data-end=\"1257\">Not articulated<\/strong><\/p>\n<\/li>\n<\/ul>\n<h2 data-start=\"1264\" data-end=\"1290\">\ud83d\udce6 Box contents<\/h2>\n<ul data-start=\"1291\" data-end=\"1364\">\n<li data-start=\"1291\" data-end=\"1313\">\n<p data-start=\"1293\" data-end=\"1313\">Figure of <strong data-start=\"1303\" data-end=\"1313\">Hu Tao<\/strong><\/p>\n<\/li>\n<li data-start=\"1314\" data-end=\"1329\">\n<p data-start=\"1316\" data-end=\"1329\">Base tem\u00e1tica<\/p>\n<\/li>\n<li data-start=\"1330\" data-end=\"1364\">\n<p data-start=\"1332\" data-end=\"1364\"><strong data-start=\"1332\" data-end=\"1346\">Clear file<\/strong> de Hu Tao (bonus)<\/p>\n<\/li>\n<\/ul>","protected":false},"excerpt":{"rendered":"<p>\ud83d\udce6 Descripci\u00f3n del producto Desde el exitoso videojuego Genshin Impact, llega una nueva e impresionante figura de Hu Tao, la<\/p>","protected":false},"featured_media":7454,"template":"","meta":[],"product_cat":[65,61,54],"product_tag":[473,337,149,472],"class_list":{"0":"post-7453","1":"product","2":"type-product","3":"status-publish","4":"has-post-thumbnail","6":"product_cat-figuras","7":"product_cat-novedades","8":"product_cat-genshin-impact","9":"product_tag-1-7","10":"product_tag-figura","11":"product_tag-genshin-impact","12":"product_tag-hu-tao","14":"first","15":"instock","16":"sale","17":"sold-individually","18":"taxable","19":"shipping-taxable","20":"purchasable","21":"product-type-simple"},"yoast_head":"<!-- This site is optimized with the Yoast SEO plugin v24.2 - https:\/\/yoast.com\/wordpress\/plugins\/seo\/ -->\n<title>Figura 1\/7 Hu Tao - Fragrance in Thaw Ver. (Bonus) - Genshin Impact - Akatsuki anime store<\/title>\n<meta name=\"description\" content=\"Figura Premium de la popular personaje Genshin Impact de Hu Tao a escala 1\/7 por Apex. Incluye base tem\u00e1tica y bonus. Ideal para coleccionistas.\" \/>\n<meta name=\"robots\" content=\"index, follow, max-snippet:-1, max-image-preview:large, max-video-preview:-1\" \/>\n<link rel=\"canonical\" href=\"https:\/\/akatsukianime.com\/en\/product\/figura-1-7-hu-tao-fragrance-in-thaw-ver-bonus-genshin-im3pact\/\" \/>\n<meta property=\"og:locale\" content=\"en_US\" \/>\n<meta property=\"og:type\" content=\"article\" \/>\n<meta property=\"og:title\" content=\"Figura 1\/7 Hu Tao - Fragrance in Thaw Ver. (Bonus) - Genshin Impact - Akatsuki anime store\" \/>\n<meta property=\"og:description\" content=\"Figura Premium de la popular personaje Genshin Impact de Hu Tao a escala 1\/7 por Apex. Incluye base tem\u00e1tica y bonus. Ideal para coleccionistas.\" \/>\n<meta property=\"og:url\" content=\"https:\/\/akatsukianime.com\/en\/product\/figura-1-7-hu-tao-fragrance-in-thaw-ver-bonus-genshin-im3pact\/\" \/>\n<meta property=\"og:site_name\" content=\"Akatsuki anime store\" \/>\n<meta property=\"article:modified_time\" content=\"2026-02-01T17:41:08+00:00\" \/>\n<meta property=\"og:image\" content=\"https:\/\/akatsukianime.com\/wp-content\/uploads\/2026\/01\/figura-Hu-Tao-Genshin-Impact.jpg\" \/>\n\t<meta property=\"og:image:width\" content=\"1000\" \/>\n\t<meta property=\"og:image:height\" content=\"1000\" \/>\n\t<meta property=\"og:image:type\" content=\"image\/jpeg\" \/>\n<meta name=\"twitter:card\" content=\"summary_large_image\" \/>\n<meta name=\"twitter:label1\" content=\"Est. reading time\" \/>\n\t<meta name=\"twitter:data1\" content=\"1 minute\" \/>\n<script type=\"application\/ld+json\" class=\"yoast-schema-graph\">{\"@context\":\"https:\/\/schema.org\",\"@graph\":[{\"@type\":[\"WebPage\",\"ItemPage\"],\"@id\":\"https:\/\/akatsukianime.com\/product\/figura-1-7-hu-tao-fragrance-in-thaw-ver-bonus-genshin-im3pact\/\",\"url\":\"https:\/\/akatsukianime.com\/product\/figura-1-7-hu-tao-fragrance-in-thaw-ver-bonus-genshin-im3pact\/\",\"name\":\"Figura 1\/7 Hu Tao - Fragrance in Thaw Ver. (Bonus) - Genshin Impact - Akatsuki anime store\",\"isPartOf\":{\"@id\":\"https:\/\/akatsukianime.com\/#website\"},\"primaryImageOfPage\":{\"@id\":\"https:\/\/akatsukianime.com\/product\/figura-1-7-hu-tao-fragrance-in-thaw-ver-bonus-genshin-im3pact\/#primaryimage\"},\"image\":{\"@id\":\"https:\/\/akatsukianime.com\/product\/figura-1-7-hu-tao-fragrance-in-thaw-ver-bonus-genshin-im3pact\/#primaryimage\"},\"thumbnailUrl\":\"https:\/\/akatsukianime.com\/wp-content\/uploads\/2026\/01\/figura-Hu-Tao-Genshin-Impact.jpg\",\"datePublished\":\"2026-01-30T17:34:41+00:00\",\"dateModified\":\"2026-02-01T17:41:08+00:00\",\"description\":\"Figura Premium de la popular personaje Genshin Impact de Hu Tao a escala 1\/7 por Apex. Incluye base tem\u00e1tica y bonus. Ideal para coleccionistas.\",\"breadcrumb\":{\"@id\":\"https:\/\/akatsukianime.com\/product\/figura-1-7-hu-tao-fragrance-in-thaw-ver-bonus-genshin-im3pact\/#breadcrumb\"},\"inLanguage\":\"en-US\",\"potentialAction\":[{\"@type\":\"ReadAction\",\"target\":[\"https:\/\/akatsukianime.com\/product\/figura-1-7-hu-tao-fragrance-in-thaw-ver-bonus-genshin-im3pact\/\"]}]},{\"@type\":\"ImageObject\",\"inLanguage\":\"en-US\",\"@id\":\"https:\/\/akatsukianime.com\/product\/figura-1-7-hu-tao-fragrance-in-thaw-ver-bonus-genshin-im3pact\/#primaryimage\",\"url\":\"https:\/\/akatsukianime.com\/wp-content\/uploads\/2026\/01\/figura-Hu-Tao-Genshin-Impact.jpg\",\"contentUrl\":\"https:\/\/akatsukianime.com\/wp-content\/uploads\/2026\/01\/figura-Hu-Tao-Genshin-Impact.jpg\",\"width\":1000,\"height\":1000,\"caption\":\"figura Hu Tao Genshin Impact\"},{\"@type\":\"BreadcrumbList\",\"@id\":\"https:\/\/akatsukianime.com\/product\/figura-1-7-hu-tao-fragrance-in-thaw-ver-bonus-genshin-im3pact\/#breadcrumb\",\"itemListElement\":[{\"@type\":\"ListItem\",\"position\":1,\"name\":\"Portada\",\"item\":\"https:\/\/akatsukianime.com\/\"},{\"@type\":\"ListItem\",\"position\":2,\"name\":\"Tienda\",\"item\":\"https:\/\/akatsukianime.com\/tienda\/\"},{\"@type\":\"ListItem\",\"position\":3,\"name\":\"Figura 1\/7 Hu Tao &#8211; Fragrance in Thaw Ver. (Bonus) &#8211; Genshin Impact\"}]},{\"@type\":\"WebSite\",\"@id\":\"https:\/\/akatsukianime.com\/#website\",\"url\":\"https:\/\/akatsukianime.com\/\",\"name\":\"Akatsuki anime store\",\"description\":\"\",\"potentialAction\":[{\"@type\":\"SearchAction\",\"target\":{\"@type\":\"EntryPoint\",\"urlTemplate\":\"https:\/\/akatsukianime.com\/?s={search_term_string}\"},\"query-input\":{\"@type\":\"PropertyValueSpecification\",\"valueRequired\":true,\"valueName\":\"search_term_string\"}}],\"inLanguage\":\"en-US\"}]}<\/script>\n<!-- \/ Yoast SEO plugin. -->","yoast_head_json":{"title":"Figura 1\/7 Hu Tao - Fragrance in Thaw Ver. (Bonus) - Genshin Impact - Akatsuki anime store","description":"Figura Premium de la popular personaje Genshin Impact de Hu Tao a escala 1\/7 por Apex. Incluye base tem\u00e1tica y bonus. Ideal para coleccionistas.","robots":{"index":"index","follow":"follow","max-snippet":"max-snippet:-1","max-image-preview":"max-image-preview:large","max-video-preview":"max-video-preview:-1"},"canonical":"https:\/\/akatsukianime.com\/en\/product\/figura-1-7-hu-tao-fragrance-in-thaw-ver-bonus-genshin-im3pact\/","og_locale":"en_US","og_type":"article","og_title":"Figura 1\/7 Hu Tao - Fragrance in Thaw Ver. (Bonus) - Genshin Impact - Akatsuki anime store","og_description":"Figura Premium de la popular personaje Genshin Impact de Hu Tao a escala 1\/7 por Apex. Incluye base tem\u00e1tica y bonus. Ideal para coleccionistas.","og_url":"https:\/\/akatsukianime.com\/en\/product\/figura-1-7-hu-tao-fragrance-in-thaw-ver-bonus-genshin-im3pact\/","og_site_name":"Akatsuki anime store","article_modified_time":"2026-02-01T17:41:08+00:00","og_image":[{"width":1000,"height":1000,"url":"https:\/\/akatsukianime.com\/wp-content\/uploads\/2026\/01\/figura-Hu-Tao-Genshin-Impact.jpg","type":"image\/jpeg"}],"twitter_card":"summary_large_image","twitter_misc":{"Est. reading time":"1 minute"},"schema":{"@context":"https:\/\/schema.org","@graph":[{"@type":["WebPage","ItemPage"],"@id":"https:\/\/akatsukianime.com\/product\/figura-1-7-hu-tao-fragrance-in-thaw-ver-bonus-genshin-im3pact\/","url":"https:\/\/akatsukianime.com\/product\/figura-1-7-hu-tao-fragrance-in-thaw-ver-bonus-genshin-im3pact\/","name":"Figura 1\/7 Hu Tao - Fragrance in Thaw Ver. (Bonus) - Genshin Impact - Akatsuki anime store","isPartOf":{"@id":"https:\/\/akatsukianime.com\/#website"},"primaryImageOfPage":{"@id":"https:\/\/akatsukianime.com\/product\/figura-1-7-hu-tao-fragrance-in-thaw-ver-bonus-genshin-im3pact\/#primaryimage"},"image":{"@id":"https:\/\/akatsukianime.com\/product\/figura-1-7-hu-tao-fragrance-in-thaw-ver-bonus-genshin-im3pact\/#primaryimage"},"thumbnailUrl":"https:\/\/akatsukianime.com\/wp-content\/uploads\/2026\/01\/figura-Hu-Tao-Genshin-Impact.jpg","datePublished":"2026-01-30T17:34:41+00:00","dateModified":"2026-02-01T17:41:08+00:00","description":"Figura Premium de la popular personaje Genshin Impact de Hu Tao a escala 1\/7 por Apex. Incluye base tem\u00e1tica y bonus. Ideal para coleccionistas.","breadcrumb":{"@id":"https:\/\/akatsukianime.com\/product\/figura-1-7-hu-tao-fragrance-in-thaw-ver-bonus-genshin-im3pact\/#breadcrumb"},"inLanguage":"en-US","potentialAction":[{"@type":"ReadAction","target":["https:\/\/akatsukianime.com\/product\/figura-1-7-hu-tao-fragrance-in-thaw-ver-bonus-genshin-im3pact\/"]}]},{"@type":"ImageObject","inLanguage":"en-US","@id":"https:\/\/akatsukianime.com\/product\/figura-1-7-hu-tao-fragrance-in-thaw-ver-bonus-genshin-im3pact\/#primaryimage","url":"https:\/\/akatsukianime.com\/wp-content\/uploads\/2026\/01\/figura-Hu-Tao-Genshin-Impact.jpg","contentUrl":"https:\/\/akatsukianime.com\/wp-content\/uploads\/2026\/01\/figura-Hu-Tao-Genshin-Impact.jpg","width":1000,"height":1000,"caption":"figura Hu Tao Genshin Impact"},{"@type":"BreadcrumbList","@id":"https:\/\/akatsukianime.com\/product\/figura-1-7-hu-tao-fragrance-in-thaw-ver-bonus-genshin-im3pact\/#breadcrumb","itemListElement":[{"@type":"ListItem","position":1,"name":"Portada","item":"https:\/\/akatsukianime.com\/"},{"@type":"ListItem","position":2,"name":"Tienda","item":"https:\/\/akatsukianime.com\/tienda\/"},{"@type":"ListItem","position":3,"name":"Figura 1\/7 Hu Tao &#8211; Fragrance in Thaw Ver. (Bonus) &#8211; Genshin Impact"}]},{"@type":"WebSite","@id":"https:\/\/akatsukianime.com\/#website","url":"https:\/\/akatsukianime.com\/","name":"Akatsuki anime store","description":"","potentialAction":[{"@type":"SearchAction","target":{"@type":"EntryPoint","urlTemplate":"https:\/\/akatsukianime.com\/?s={search_term_string}"},"query-input":{"@type":"PropertyValueSpecification","valueRequired":true,"valueName":"search_term_string"}}],"inLanguage":"en-US"}]}},"jetpack_sharing_enabled":true,"_links":{"self":[{"href":"https:\/\/akatsukianime.com\/en\/wp-json\/wp\/v2\/product\/7453","targetHints":{"allow":["GET"]}}],"collection":[{"href":"https:\/\/akatsukianime.com\/en\/wp-json\/wp\/v2\/product"}],"about":[{"href":"https:\/\/akatsukianime.com\/en\/wp-json\/wp\/v2\/types\/product"}],"version-history":[{"count":2,"href":"https:\/\/akatsukianime.com\/en\/wp-json\/wp\/v2\/product\/7453\/revisions"}],"predecessor-version":[{"id":7469,"href":"https:\/\/akatsukianime.com\/en\/wp-json\/wp\/v2\/product\/7453\/revisions\/7469"}],"wp:featuredmedia":[{"embeddable":true,"href":"https:\/\/akatsukianime.com\/en\/wp-json\/wp\/v2\/media\/7454"}],"wp:attachment":[{"href":"https:\/\/akatsukianime.com\/en\/wp-json\/wp\/v2\/media?parent=7453"}],"wp:term":[{"taxonomy":"product_cat","embeddable":true,"href":"https:\/\/akatsukianime.com\/en\/wp-json\/wp\/v2\/product_cat?post=7453"},{"taxonomy":"product_tag","embeddable":true,"href":"https:\/\/akatsukianime.com\/en\/wp-json\/wp\/v2\/product_tag?post=7453"}],"curies":[{"name":"wp","href":"https:\/\/api.w.org\/{rel}","templated":true}]}}