{"id":7486,"date":"2026-02-02T14:31:00","date_gmt":"2026-02-02T13:31:00","guid":{"rendered":"https:\/\/akatsukianime.com\/?post_type=product&#038;p=7486"},"modified":"2026-03-19T11:10:22","modified_gmt":"2026-03-19T10:10:22","slug":"figura-hatsune-miku-birthday-party-2025-ver-amp-vocaloid","status":"publish","type":"product","link":"https:\/\/akatsukianime.com\/en\/product\/figura-hatsune-miku-birthday-party-2025-ver-amp-vocaloid\/","title":{"rendered":"Figura Hatsune Miku (Birthday Party 2025 Ver.) &#8211; AMP+ &#8211; Vocaloid"},"content":{"rendered":"<h2 data-start=\"185\" data-end=\"225\">\ud83d\udce6 Descripci\u00f3n del producto<\/h2>\n<p data-start=\"227\" data-end=\"538\">\u00a1<strong data-start=\"228\" data-end=\"262\">Taito est\u00e1 listo para celebrar<\/strong>! La l\u00ednea <strong data-start=\"273\" data-end=\"281\">AMP+<\/strong> presenta una nueva y encantadora versi\u00f3n de la superestrella virtual internacional <strong data-start=\"365\" data-end=\"381\">Hatsune Miku<\/strong>. Vestida con un adorable <strong data-start=\"407\" data-end=\"428\">vestido de fiesta<\/strong> para celebrar su cumplea\u00f1os, Miku luce una expresi\u00f3n alegre mientras comienza a cantar rodeada de sus amigos.<\/p>\n<p data-start=\"540\" data-end=\"875\">Con una altura aproximada de <strong data-start=\"569\" data-end=\"578\">21 cm<\/strong> y un alto nivel de detalle, esta figura captura a la perfecci\u00f3n la energ\u00eda y el carisma de Hatsune Miku en un momento festivo \u00fanico. Una pieza ideal para fans de <strong data-start=\"741\" data-end=\"753\">Vocaloid<\/strong> y coleccionistas que buscan una figura llena de color y alegr\u00eda. \u00a1No te pierdas la celebraci\u00f3n y agr\u00e9gala a tu colecci\u00f3n!<\/p>\n<h2 data-start=\"882\" data-end=\"915\">\u2b50 Caracter\u00edsticas del producto<\/h2>\n<ul data-start=\"916\" data-end=\"1098\">\n<li data-start=\"916\" data-end=\"946\">\n<p data-start=\"918\" data-end=\"946\">Approximate height: <strong data-start=\"937\" data-end=\"946\">21 cm<\/strong><\/p>\n<\/li>\n<li data-start=\"947\" data-end=\"971\">\n<p data-start=\"949\" data-end=\"971\">Material: <strong data-start=\"959\" data-end=\"971\">Pl\u00e1stico<\/strong><\/p>\n<\/li>\n<li data-start=\"972\" data-end=\"1016\">\n<p data-start=\"974\" data-end=\"1016\">Basada en la estrella virtual <strong data-start=\"1004\" data-end=\"1016\">Vocaloid<\/strong><\/p>\n<\/li>\n<li data-start=\"1017\" data-end=\"1045\">\n<p data-start=\"1019\" data-end=\"1045\">Part of the line <strong data-start=\"1037\" data-end=\"1045\">AMP+<\/strong><\/p>\n<\/li>\n<li data-start=\"1046\" data-end=\"1078\">\n<p data-start=\"1048\" data-end=\"1078\">Figure <strong data-start=\"1055\" data-end=\"1078\">altamente detallada<\/strong><\/p>\n<\/li>\n<li data-start=\"1079\" data-end=\"1098\">\n<p data-start=\"1081\" data-end=\"1098\"><strong data-start=\"1081\" data-end=\"1098\">Not articulated<\/strong><\/p>\n<\/li>\n<\/ul>\n<h2 data-start=\"1105\" data-end=\"1131\">\ud83d\udce6 Box contents<\/h2>\n<ul data-start=\"1132\" data-end=\"1160\">\n<li data-start=\"1132\" data-end=\"1160\">\n<p data-start=\"1134\" data-end=\"1160\">Figure of <strong data-start=\"1144\" data-end=\"1160\">Hatsune Miku<\/strong><\/p>\n<\/li>\n<\/ul>","protected":false},"excerpt":{"rendered":"<p>\ud83d\udce6 Descripci\u00f3n del producto \u00a1Taito est\u00e1 listo para celebrar! La l\u00ednea AMP+ presenta una nueva y encantadora versi\u00f3n de la<\/p>","protected":false},"featured_media":7494,"template":"","meta":[],"product_cat":[102,65,61,49],"product_tag":[121,337,233,122,139],"class_list":{"0":"post-7486","1":"product","2":"type-product","3":"status-publish","4":"has-post-thumbnail","6":"product_cat-taito","7":"product_cat-figuras","8":"product_cat-novedades","9":"product_cat-hatsune-miku","10":"product_tag-amp","11":"product_tag-figura","12":"product_tag-hatsune-miku","13":"product_tag-taito","14":"product_tag-vocaloid","16":"first","17":"instock","18":"sold-individually","19":"taxable","20":"shipping-taxable","21":"purchasable","22":"product-type-simple"},"yoast_head":"<!-- This site is optimized with the Yoast SEO plugin v24.2 - https:\/\/yoast.com\/wordpress\/plugins\/seo\/ -->\n<title>Figura Hatsune Miku (Birthday Party 2025 Ver.) - AMP+ - Vocaloid - Akatsuki anime store<\/title>\n<meta name=\"description\" content=\"Figura Hatsune Miku AMP+ de Taito con vestido de celebracion 2025. Dise\u00f1o fabuloso llenos de detalles y estilo alegre para coleccionistas.\" \/>\n<meta name=\"robots\" content=\"index, follow, max-snippet:-1, max-image-preview:large, max-video-preview:-1\" \/>\n<link rel=\"canonical\" href=\"https:\/\/akatsukianime.com\/en\/product\/figura-hatsune-miku-birthday-party-2025-ver-amp-vocaloid\/\" \/>\n<meta property=\"og:locale\" content=\"en_US\" \/>\n<meta property=\"og:type\" content=\"article\" \/>\n<meta property=\"og:title\" content=\"Figura Hatsune Miku (Birthday Party 2025 Ver.) - AMP+ - Vocaloid - Akatsuki anime store\" \/>\n<meta property=\"og:description\" content=\"Figura Hatsune Miku AMP+ de Taito con vestido de celebracion 2025. Dise\u00f1o fabuloso llenos de detalles y estilo alegre para coleccionistas.\" \/>\n<meta property=\"og:url\" content=\"https:\/\/akatsukianime.com\/en\/product\/figura-hatsune-miku-birthday-party-2025-ver-amp-vocaloid\/\" \/>\n<meta property=\"og:site_name\" content=\"Akatsuki anime store\" \/>\n<meta property=\"article:modified_time\" content=\"2026-03-19T10:10:22+00:00\" \/>\n<meta property=\"og:image\" content=\"https:\/\/akatsukianime.com\/wp-content\/uploads\/2026\/02\/figura-Hatsune-Miku-AMP.jpg\" \/>\n\t<meta property=\"og:image:width\" content=\"1000\" \/>\n\t<meta property=\"og:image:height\" content=\"1000\" \/>\n\t<meta property=\"og:image:type\" content=\"image\/jpeg\" \/>\n<meta name=\"twitter:card\" content=\"summary_large_image\" \/>\n<meta name=\"twitter:label1\" content=\"Est. reading time\" \/>\n\t<meta name=\"twitter:data1\" content=\"1 minute\" \/>\n<script type=\"application\/ld+json\" class=\"yoast-schema-graph\">{\"@context\":\"https:\/\/schema.org\",\"@graph\":[{\"@type\":[\"WebPage\",\"ItemPage\"],\"@id\":\"https:\/\/akatsukianime.com\/product\/figura-hatsune-miku-birthday-party-2025-ver-amp-vocaloid\/\",\"url\":\"https:\/\/akatsukianime.com\/product\/figura-hatsune-miku-birthday-party-2025-ver-amp-vocaloid\/\",\"name\":\"Figura Hatsune Miku (Birthday Party 2025 Ver.) - AMP+ - Vocaloid - Akatsuki anime store\",\"isPartOf\":{\"@id\":\"https:\/\/akatsukianime.com\/#website\"},\"primaryImageOfPage\":{\"@id\":\"https:\/\/akatsukianime.com\/product\/figura-hatsune-miku-birthday-party-2025-ver-amp-vocaloid\/#primaryimage\"},\"image\":{\"@id\":\"https:\/\/akatsukianime.com\/product\/figura-hatsune-miku-birthday-party-2025-ver-amp-vocaloid\/#primaryimage\"},\"thumbnailUrl\":\"https:\/\/akatsukianime.com\/wp-content\/uploads\/2026\/02\/figura-Hatsune-Miku-AMP.jpg\",\"datePublished\":\"2026-02-02T13:31:00+00:00\",\"dateModified\":\"2026-03-19T10:10:22+00:00\",\"description\":\"Figura Hatsune Miku AMP+ de Taito con vestido de celebracion 2025. Dise\u00f1o fabuloso llenos de detalles y estilo alegre para coleccionistas.\",\"breadcrumb\":{\"@id\":\"https:\/\/akatsukianime.com\/product\/figura-hatsune-miku-birthday-party-2025-ver-amp-vocaloid\/#breadcrumb\"},\"inLanguage\":\"en-US\",\"potentialAction\":[{\"@type\":\"ReadAction\",\"target\":[\"https:\/\/akatsukianime.com\/product\/figura-hatsune-miku-birthday-party-2025-ver-amp-vocaloid\/\"]}]},{\"@type\":\"ImageObject\",\"inLanguage\":\"en-US\",\"@id\":\"https:\/\/akatsukianime.com\/product\/figura-hatsune-miku-birthday-party-2025-ver-amp-vocaloid\/#primaryimage\",\"url\":\"https:\/\/akatsukianime.com\/wp-content\/uploads\/2026\/02\/figura-Hatsune-Miku-AMP.jpg\",\"contentUrl\":\"https:\/\/akatsukianime.com\/wp-content\/uploads\/2026\/02\/figura-Hatsune-Miku-AMP.jpg\",\"width\":1000,\"height\":1000,\"caption\":\"figura Hatsune Miku AMP+\"},{\"@type\":\"BreadcrumbList\",\"@id\":\"https:\/\/akatsukianime.com\/product\/figura-hatsune-miku-birthday-party-2025-ver-amp-vocaloid\/#breadcrumb\",\"itemListElement\":[{\"@type\":\"ListItem\",\"position\":1,\"name\":\"Portada\",\"item\":\"https:\/\/akatsukianime.com\/\"},{\"@type\":\"ListItem\",\"position\":2,\"name\":\"Tienda\",\"item\":\"https:\/\/akatsukianime.com\/tienda\/\"},{\"@type\":\"ListItem\",\"position\":3,\"name\":\"Figura Hatsune Miku (Birthday Party 2025 Ver.) &#8211; AMP+ &#8211; Vocaloid\"}]},{\"@type\":\"WebSite\",\"@id\":\"https:\/\/akatsukianime.com\/#website\",\"url\":\"https:\/\/akatsukianime.com\/\",\"name\":\"Akatsuki anime store\",\"description\":\"\",\"potentialAction\":[{\"@type\":\"SearchAction\",\"target\":{\"@type\":\"EntryPoint\",\"urlTemplate\":\"https:\/\/akatsukianime.com\/?s={search_term_string}\"},\"query-input\":{\"@type\":\"PropertyValueSpecification\",\"valueRequired\":true,\"valueName\":\"search_term_string\"}}],\"inLanguage\":\"en-US\"}]}<\/script>\n<!-- \/ Yoast SEO plugin. -->","yoast_head_json":{"title":"Figura Hatsune Miku (Birthday Party 2025 Ver.) - AMP+ - Vocaloid - Akatsuki anime store","description":"Figura Hatsune Miku AMP+ de Taito con vestido de celebracion 2025. Dise\u00f1o fabuloso llenos de detalles y estilo alegre para coleccionistas.","robots":{"index":"index","follow":"follow","max-snippet":"max-snippet:-1","max-image-preview":"max-image-preview:large","max-video-preview":"max-video-preview:-1"},"canonical":"https:\/\/akatsukianime.com\/en\/product\/figura-hatsune-miku-birthday-party-2025-ver-amp-vocaloid\/","og_locale":"en_US","og_type":"article","og_title":"Figura Hatsune Miku (Birthday Party 2025 Ver.) - AMP+ - Vocaloid - Akatsuki anime store","og_description":"Figura Hatsune Miku AMP+ de Taito con vestido de celebracion 2025. Dise\u00f1o fabuloso llenos de detalles y estilo alegre para coleccionistas.","og_url":"https:\/\/akatsukianime.com\/en\/product\/figura-hatsune-miku-birthday-party-2025-ver-amp-vocaloid\/","og_site_name":"Akatsuki anime store","article_modified_time":"2026-03-19T10:10:22+00:00","og_image":[{"width":1000,"height":1000,"url":"https:\/\/akatsukianime.com\/wp-content\/uploads\/2026\/02\/figura-Hatsune-Miku-AMP.jpg","type":"image\/jpeg"}],"twitter_card":"summary_large_image","twitter_misc":{"Est. reading time":"1 minute"},"schema":{"@context":"https:\/\/schema.org","@graph":[{"@type":["WebPage","ItemPage"],"@id":"https:\/\/akatsukianime.com\/product\/figura-hatsune-miku-birthday-party-2025-ver-amp-vocaloid\/","url":"https:\/\/akatsukianime.com\/product\/figura-hatsune-miku-birthday-party-2025-ver-amp-vocaloid\/","name":"Figura Hatsune Miku (Birthday Party 2025 Ver.) - AMP+ - Vocaloid - Akatsuki anime store","isPartOf":{"@id":"https:\/\/akatsukianime.com\/#website"},"primaryImageOfPage":{"@id":"https:\/\/akatsukianime.com\/product\/figura-hatsune-miku-birthday-party-2025-ver-amp-vocaloid\/#primaryimage"},"image":{"@id":"https:\/\/akatsukianime.com\/product\/figura-hatsune-miku-birthday-party-2025-ver-amp-vocaloid\/#primaryimage"},"thumbnailUrl":"https:\/\/akatsukianime.com\/wp-content\/uploads\/2026\/02\/figura-Hatsune-Miku-AMP.jpg","datePublished":"2026-02-02T13:31:00+00:00","dateModified":"2026-03-19T10:10:22+00:00","description":"Figura Hatsune Miku AMP+ de Taito con vestido de celebracion 2025. Dise\u00f1o fabuloso llenos de detalles y estilo alegre para coleccionistas.","breadcrumb":{"@id":"https:\/\/akatsukianime.com\/product\/figura-hatsune-miku-birthday-party-2025-ver-amp-vocaloid\/#breadcrumb"},"inLanguage":"en-US","potentialAction":[{"@type":"ReadAction","target":["https:\/\/akatsukianime.com\/product\/figura-hatsune-miku-birthday-party-2025-ver-amp-vocaloid\/"]}]},{"@type":"ImageObject","inLanguage":"en-US","@id":"https:\/\/akatsukianime.com\/product\/figura-hatsune-miku-birthday-party-2025-ver-amp-vocaloid\/#primaryimage","url":"https:\/\/akatsukianime.com\/wp-content\/uploads\/2026\/02\/figura-Hatsune-Miku-AMP.jpg","contentUrl":"https:\/\/akatsukianime.com\/wp-content\/uploads\/2026\/02\/figura-Hatsune-Miku-AMP.jpg","width":1000,"height":1000,"caption":"figura Hatsune Miku AMP+"},{"@type":"BreadcrumbList","@id":"https:\/\/akatsukianime.com\/product\/figura-hatsune-miku-birthday-party-2025-ver-amp-vocaloid\/#breadcrumb","itemListElement":[{"@type":"ListItem","position":1,"name":"Portada","item":"https:\/\/akatsukianime.com\/"},{"@type":"ListItem","position":2,"name":"Tienda","item":"https:\/\/akatsukianime.com\/tienda\/"},{"@type":"ListItem","position":3,"name":"Figura Hatsune Miku (Birthday Party 2025 Ver.) &#8211; AMP+ &#8211; Vocaloid"}]},{"@type":"WebSite","@id":"https:\/\/akatsukianime.com\/#website","url":"https:\/\/akatsukianime.com\/","name":"Akatsuki anime store","description":"","potentialAction":[{"@type":"SearchAction","target":{"@type":"EntryPoint","urlTemplate":"https:\/\/akatsukianime.com\/?s={search_term_string}"},"query-input":{"@type":"PropertyValueSpecification","valueRequired":true,"valueName":"search_term_string"}}],"inLanguage":"en-US"}]}},"jetpack_sharing_enabled":true,"_links":{"self":[{"href":"https:\/\/akatsukianime.com\/en\/wp-json\/wp\/v2\/product\/7486","targetHints":{"allow":["GET"]}}],"collection":[{"href":"https:\/\/akatsukianime.com\/en\/wp-json\/wp\/v2\/product"}],"about":[{"href":"https:\/\/akatsukianime.com\/en\/wp-json\/wp\/v2\/types\/product"}],"version-history":[{"count":1,"href":"https:\/\/akatsukianime.com\/en\/wp-json\/wp\/v2\/product\/7486\/revisions"}],"predecessor-version":[{"id":7500,"href":"https:\/\/akatsukianime.com\/en\/wp-json\/wp\/v2\/product\/7486\/revisions\/7500"}],"wp:featuredmedia":[{"embeddable":true,"href":"https:\/\/akatsukianime.com\/en\/wp-json\/wp\/v2\/media\/7494"}],"wp:attachment":[{"href":"https:\/\/akatsukianime.com\/en\/wp-json\/wp\/v2\/media?parent=7486"}],"wp:term":[{"taxonomy":"product_cat","embeddable":true,"href":"https:\/\/akatsukianime.com\/en\/wp-json\/wp\/v2\/product_cat?post=7486"},{"taxonomy":"product_tag","embeddable":true,"href":"https:\/\/akatsukianime.com\/en\/wp-json\/wp\/v2\/product_tag?post=7486"}],"curies":[{"name":"wp","href":"https:\/\/api.w.org\/{rel}","templated":true}]}}